{"id":6753,"date":"2024-04-25T15:59:13","date_gmt":"2024-04-25T15:59:13","guid":{"rendered":"https:\/\/distribucionarc.com\/?post_type=product&#038;p=6753"},"modified":"2024-04-25T15:59:15","modified_gmt":"2024-04-25T15:59:15","slug":"vajecny-protein-zuvacie-tablety-rotacny-lisovaci-stroj","status":"publish","type":"product","link":"https:\/\/distribucionarc.com\/sk\/producto\/maquina-prensadora-rotativa-de-tabletas-masticables-de-proteinas-de-huevo\/","title":{"rendered":"ROTA\u010cN\u00dd LISOVA\u010c NA \u017dUVACIE TABLETY PROTE\u00cdNOV\u00ddCH VAJEC"},"content":{"rendered":"<p>Objavte <strong>Rota\u010dn\u00fd lis HARSZP<\/strong>, z\u00e1sadn\u00fd kus vo v\u00fdrobe <strong>\u017euvacie vaje\u010dn\u00e9 prote\u00ednov\u00e9 tablety<\/strong> vo farmaceutickom priemysle. V\u010faka bezkonkuren\u010dnej v\u0161estrannosti v\u00e1m tento stroj umo\u017e\u0148uje lisova\u0165 \u0161irok\u00fa \u0161k\u00e1lu materi\u00e1lov, od pr\u00e1\u0161kov po granule, a premie\u0148a\u0165 ich na <strong>tablety<\/strong> s personalizovan\u00fdmi a presn\u00fdmi tvarmi. So zameran\u00edm na bezpe\u010dnos\u0165 a presnos\u0165, <strong>rota\u010dn\u00fd lis HARSZP<\/strong> Zais\u0165uje \u00fapln\u00fa kontrolu za ka\u017ed\u00fdch okolnost\u00ed. Medzi jeho vlastnosti patr\u00ed mo\u017enos\u0165 regul\u00e1cie r\u00fdchlosti frekven\u010dnej konverzie, zobrazenie priemern\u00e9ho tlaku v re\u00e1lnom \u010dase a komplexn\u00e1 ochrana proti pre\u0165a\u017eeniu. Jeho integrovan\u00fd syst\u00e9m n\u00fadzov\u00e9ho brzdenia navy\u0161e zais\u0165uje bezpe\u010dn\u00fa a spo\u013eahliv\u00fa prev\u00e1dzku v ka\u017edej situ\u00e1cii.<\/p>\n<p>&nbsp;<\/p>\n<table>\n<tbody>\n<tr>\n<td width=\"113\">Model<\/td>\n<td width=\"113\">HARSZP35<\/td>\n<td width=\"113\">HARSPZ43<\/td>\n<td width=\"113\">HARSPZ53<\/td>\n<td width=\"113\">HARSPZ57<\/td>\n<\/tr>\n<tr>\n<td width=\"113\">Zomrie\u0165 (hry)<\/td>\n<td width=\"113\">35<\/td>\n<td width=\"113\">43<\/td>\n<td width=\"113\">53<\/td>\n<td width=\"113\">57<\/td>\n<\/tr>\n<tr>\n<td width=\"113\">N\u00e1stroje Typ<\/td>\n<td width=\"113\">IPT<\/td>\n<td width=\"113\">IPT<\/td>\n<td width=\"113\">IPT<\/td>\n<td width=\"113\">IPT<\/td>\n<\/tr>\n<tr>\n<td width=\"113\">maxim\u00e1lny tlak (tony)<\/td>\n<td width=\"113\">100<\/td>\n<td width=\"113\">100<\/td>\n<td width=\"113\">100<\/td>\n<td width=\"113\">100<\/td>\n<\/tr>\n<tr>\n<td width=\"113\">Maxim\u00e1lny tlak (tony)<\/td>\n<td width=\"113\">60<\/td>\n<td width=\"113\">60<\/td>\n<td width=\"113\">60<\/td>\n<td width=\"113\">60<\/td>\n<\/tr>\n<tr>\n<td width=\"113\">Priemer tablety (mm)<\/td>\n<td width=\"113\">25<\/td>\n<td width=\"113\">18<\/td>\n<td width=\"113\">13<\/td>\n<td width=\"113\">11<\/td>\n<\/tr>\n<tr>\n<td width=\"113\">H\u013abka plnenia (mm)<\/td>\n<td width=\"113\">18<\/td>\n<td width=\"113\">18<\/td>\n<td width=\"113\">18<\/td>\n<td width=\"113\">18<\/td>\n<\/tr>\n<tr>\n<td width=\"113\">Maxim\u00e1lna hr\u00fabka tablety (mm)<\/td>\n<td width=\"113\">9<\/td>\n<td width=\"113\">9<\/td>\n<td width=\"113\">9<\/td>\n<td width=\"113\">9<\/td>\n<\/tr>\n<tr>\n<td width=\"113\">R\u00fdchlos\u0165 ve\u017ee (ot.\/min)<\/td>\n<td width=\"113\">45<\/td>\n<td width=\"113\">45<\/td>\n<td width=\"113\">45<\/td>\n<td width=\"113\">45<\/td>\n<\/tr>\n<tr>\n<td width=\"113\">V\u00fdrobn\u00e1 kapacita (kus\/h)<\/td>\n<td width=\"113\">189000<\/td>\n<td width=\"113\">232200<\/td>\n<td width=\"113\">286200<\/td>\n<td width=\"113\">307800<\/td>\n<\/tr>\n<tr>\n<td width=\"113\">V\u00fdkon motora (kw)<\/td>\n<td width=\"113\">11<\/td>\n<td width=\"113\">11<\/td>\n<td width=\"113\">11<\/td>\n<td width=\"113\">11<\/td>\n<\/tr>\n<tr>\n<td width=\"113\">Celkov\u00e1 ve\u013ekos\u0165 (mm)<\/td>\n<td width=\"113\">1170*<\/p>\n<p>1290*<\/p>\n<p>1750*<\/td>\n<td width=\"113\">1170*<\/p>\n<p>1290*<\/p>\n<p>1750*<\/td>\n<td width=\"113\">1170*<\/p>\n<p>1290*<\/p>\n<p>1190*<\/td>\n<td width=\"113\">1170*<\/p>\n<p>1290*<\/p>\n<p>1190*<\/td>\n<\/tr>\n<tr>\n<td width=\"113\">\u010cist\u00e1 hmotnos\u0165<\/td>\n<td width=\"113\">3500<\/td>\n<td width=\"113\">3500<\/td>\n<td width=\"113\">3500<\/td>\n<td width=\"113\">3500<\/td>\n<\/tr>\n<\/tbody>\n<\/table>\n<p>&nbsp;<\/p>\n<p>&nbsp;<\/p>","protected":false},"excerpt":{"rendered":"<p>Objavte rota\u010dn\u00fd lis HARSZP, z\u00e1kladn\u00fd prvok pri v\u00fdrobe \u017euvac\u00edch tabliet z vaje\u010dn\u00fdch bielkov\u00edn.<\/p>","protected":false},"featured_media":6754,"comment_status":"open","ping_status":"closed","template":"","meta":{"wds_primary_product_brand":0,"wds_primary_product_cat":0},"product_brand":[],"product_cat":[84],"product_tag":[],"class_list":{"0":"post-6753","1":"product","2":"type-product","3":"status-publish","4":"has-post-thumbnail","6":"product_cat-maquinas-para-hacer-pastillas","8":"first","9":"instock","10":"taxable","11":"shipping-taxable","12":"purchasable","13":"product-type-simple"},"yoast_head":"<!-- This site is optimized with the Yoast SEO Premium plugin v24.9 (Yoast SEO v26.1) - https:\/\/yoast.com\/wordpress\/plugins\/seo\/ -->\n<title>MAQUINA PRENSADORA ROTATIVA DE TABLETAS MASTICABLES DE PROTEINAS DE HUEVO - distribuci\u00f3n ARC<\/title>\n<meta name=\"robots\" content=\"index, follow, max-snippet:-1, max-image-preview:large, max-video-preview:-1\" \/>\n<link rel=\"canonical\" href=\"https:\/\/www.distribucionarc.com\/lt\/producto\/maquina-prensadora-rotativa-de-tabletas-masticables-de-proteinas-de-huevo\/\" \/>\n<meta property=\"og:locale\" content=\"sk_SK\" \/>\n<meta property=\"og:type\" content=\"article\" \/>\n<meta property=\"og:title\" content=\"MAQUINA PRENSADORA ROTATIVA DE TABLETAS MASTICABLES DE PROTEINAS DE HUEVO\" \/>\n<meta property=\"og:description\" content=\"Descubre la M\u00e1quina Prensadora Rotativa HARSZP, una pieza fundamental en la producci\u00f3n de tabletas masticables de prote\u00ednas de huevo en\" \/>\n<meta property=\"og:url\" content=\"https:\/\/www.distribucionarc.com\/lt\/producto\/maquina-prensadora-rotativa-de-tabletas-masticables-de-proteinas-de-huevo\/\" \/>\n<meta property=\"og:site_name\" content=\"distribuci\u00f3n ARC\" \/>\n<meta property=\"article:modified_time\" content=\"2024-04-25T15:59:15+00:00\" \/>\n<meta property=\"og:image\" content=\"https:\/\/www.distribucionarc.com\/wp-content\/uploads\/2024\/04\/MAQUINA-PRENSADORA-ROTATIVA-DE-TABLETAS-MASTICABLES-DE-PROTEINAS-DE-HUEVO.jpg\" \/>\n\t<meta property=\"og:image:width\" content=\"624\" \/>\n\t<meta property=\"og:image:height\" content=\"904\" \/>\n\t<meta property=\"og:image:type\" content=\"image\/jpeg\" \/>\n<meta name=\"twitter:card\" content=\"summary_large_image\" \/>\n<meta name=\"twitter:label1\" content=\"Predpokladan\u00fd \u010das \u010d\u00edtania\" \/>\n\t<meta name=\"twitter:data1\" content=\"1 min\u00fata\" \/>\n<script type=\"application\/ld+json\" class=\"yoast-schema-graph\">{\"@context\":\"https:\/\/schema.org\",\"@graph\":[{\"@type\":\"WebPage\",\"@id\":\"https:\/\/www.distribucionarc.com\/lt\/producto\/maquina-prensadora-rotativa-de-tabletas-masticables-de-proteinas-de-huevo\/\",\"url\":\"https:\/\/www.distribucionarc.com\/lt\/producto\/maquina-prensadora-rotativa-de-tabletas-masticables-de-proteinas-de-huevo\/\",\"name\":\"MAQUINA PRENSADORA ROTATIVA DE TABLETAS MASTICABLES DE PROTEINAS DE HUEVO - distribuci\u00f3n ARC\",\"isPartOf\":{\"@id\":\"https:\/\/www.distribucionarc.com\/sl\/#website\"},\"primaryImageOfPage\":{\"@id\":\"https:\/\/www.distribucionarc.com\/lt\/producto\/maquina-prensadora-rotativa-de-tabletas-masticables-de-proteinas-de-huevo\/#primaryimage\"},\"image\":{\"@id\":\"https:\/\/www.distribucionarc.com\/lt\/producto\/maquina-prensadora-rotativa-de-tabletas-masticables-de-proteinas-de-huevo\/#primaryimage\"},\"thumbnailUrl\":\"https:\/\/distribucionarc.com\/wp-content\/uploads\/2024\/04\/MAQUINA-PRENSADORA-ROTATIVA-DE-TABLETAS-MASTICABLES-DE-PROTEINAS-DE-HUEVO.jpg\",\"datePublished\":\"2024-04-25T15:59:13+00:00\",\"dateModified\":\"2024-04-25T15:59:15+00:00\",\"breadcrumb\":{\"@id\":\"https:\/\/www.distribucionarc.com\/lt\/producto\/maquina-prensadora-rotativa-de-tabletas-masticables-de-proteinas-de-huevo\/#breadcrumb\"},\"inLanguage\":\"sk-SK\",\"potentialAction\":[{\"@type\":\"ReadAction\",\"target\":[\"https:\/\/www.distribucionarc.com\/lt\/producto\/maquina-prensadora-rotativa-de-tabletas-masticables-de-proteinas-de-huevo\/\"]}]},{\"@type\":\"ImageObject\",\"inLanguage\":\"sk-SK\",\"@id\":\"https:\/\/www.distribucionarc.com\/lt\/producto\/maquina-prensadora-rotativa-de-tabletas-masticables-de-proteinas-de-huevo\/#primaryimage\",\"url\":\"https:\/\/distribucionarc.com\/wp-content\/uploads\/2024\/04\/MAQUINA-PRENSADORA-ROTATIVA-DE-TABLETAS-MASTICABLES-DE-PROTEINAS-DE-HUEVO.jpg\",\"contentUrl\":\"https:\/\/distribucionarc.com\/wp-content\/uploads\/2024\/04\/MAQUINA-PRENSADORA-ROTATIVA-DE-TABLETAS-MASTICABLES-DE-PROTEINAS-DE-HUEVO.jpg\",\"width\":624,\"height\":904,\"caption\":\"#image_title\"},{\"@type\":\"BreadcrumbList\",\"@id\":\"https:\/\/www.distribucionarc.com\/lt\/producto\/maquina-prensadora-rotativa-de-tabletas-masticables-de-proteinas-de-huevo\/#breadcrumb\",\"itemListElement\":[{\"@type\":\"ListItem\",\"position\":1,\"name\":\"Portada\",\"item\":\"https:\/\/www.distribucionarc.com\/\"},{\"@type\":\"ListItem\",\"position\":2,\"name\":\"\u00dcr\u00fcnler\",\"item\":\"https:\/\/www.distribucionarc.com\/tr\/magaza\/\"},{\"@type\":\"ListItem\",\"position\":3,\"name\":\"MAQUINA PRENSADORA ROTATIVA DE TABLETAS MASTICABLES DE PROTEINAS DE HUEVO\"}]},{\"@type\":\"WebSite\",\"@id\":\"https:\/\/www.distribucionarc.com\/sl\/#website\",\"url\":\"https:\/\/www.distribucionarc.com\/sl\/\",\"name\":\"distribuci\u00f3n ARC\",\"description\":\"Empresa especializada en la fabricaci\u00f3n y distribuci\u00f3n de maquinaria industrial, selladoras de latas, Maquinas de hacer pastillas, Maquinas de cortar carne...\",\"publisher\":{\"@id\":\"https:\/\/www.distribucionarc.com\/sl\/#organization\"},\"potentialAction\":[{\"@type\":\"SearchAction\",\"target\":{\"@type\":\"EntryPoint\",\"urlTemplate\":\"https:\/\/www.distribucionarc.com\/sl\/?s={search_term_string}\"},\"query-input\":{\"@type\":\"PropertyValueSpecification\",\"valueRequired\":true,\"valueName\":\"search_term_string\"}}],\"inLanguage\":\"sk-SK\"},{\"@type\":\"Organization\",\"@id\":\"https:\/\/www.distribucionarc.com\/sl\/#organization\",\"name\":\"Distribuci\u00f3n ARC\",\"url\":\"https:\/\/www.distribucionarc.com\/sl\/\",\"logo\":{\"@type\":\"ImageObject\",\"inLanguage\":\"sk-SK\",\"@id\":\"https:\/\/www.distribucionarc.com\/sl\/#\/schema\/logo\/image\/\",\"url\":\"https:\/\/distribucionarc.com\/wp-content\/uploads\/2024\/10\/distribucion-ARC-COLOR-SIN-FONDO-e1732295305345.png\",\"contentUrl\":\"https:\/\/distribucionarc.com\/wp-content\/uploads\/2024\/10\/distribucion-ARC-COLOR-SIN-FONDO-e1732295305345.png\",\"width\":1164,\"height\":558,\"caption\":\"Distribuci\u00f3n ARC\"},\"image\":{\"@id\":\"https:\/\/www.distribucionarc.com\/sl\/#\/schema\/logo\/image\/\"},\"description\":\"Empresa especializada en la fabricaci\u00f3n y distribuci\u00f3n de maquinaria industrial para los sectores alimentario y farmac\u00e9utico. Nos especializamos en: M\u00e1quinas de cortar carne Fabricaci\u00f3n de comprimidos Sistemas de transporte industrial L\u00edneas de embotellado Dosificadores Y mucho m\u00e1s... Ofrecemos soluciones innovadoras y personalizadas para optimizar los procesos productivos de tu empresa.\",\"email\":\"Admistracion@distribucionarc.com\",\"telephone\":\"+34 643496664\",\"legalName\":\"ARC TECH SOLUTIONS\",\"foundingDate\":\"2024-04-09\",\"vatID\":\"B55480172\",\"numberOfEmployees\":{\"@type\":\"QuantitativeValue\",\"minValue\":\"1\",\"maxValue\":\"10\"}}]}<\/script>\n<!-- \/ Yoast SEO Premium plugin. -->","yoast_head_json":{"title":"ROTA\u010cN\u00dd LISOVA\u010c NA \u017dUVACIE TABLETY PROTE\u00cdNOV\u00ddCH VAJEC - ARC distrib\u00facia","robots":{"index":"index","follow":"follow","max-snippet":"max-snippet:-1","max-image-preview":"max-image-preview:large","max-video-preview":"max-video-preview:-1"},"canonical":"https:\/\/www.distribucionarc.com\/lt\/producto\/maquina-prensadora-rotativa-de-tabletas-masticables-de-proteinas-de-huevo\/","og_locale":"sk_SK","og_type":"article","og_title":"MAQUINA PRENSADORA ROTATIVA DE TABLETAS MASTICABLES DE PROTEINAS DE HUEVO","og_description":"Descubre la M\u00e1quina Prensadora Rotativa HARSZP, una pieza fundamental en la producci\u00f3n de tabletas masticables de prote\u00ednas de huevo en","og_url":"https:\/\/www.distribucionarc.com\/lt\/producto\/maquina-prensadora-rotativa-de-tabletas-masticables-de-proteinas-de-huevo\/","og_site_name":"distribuci\u00f3n ARC","article_modified_time":"2024-04-25T15:59:15+00:00","og_image":[{"width":624,"height":904,"url":"https:\/\/www.distribucionarc.com\/wp-content\/uploads\/2024\/04\/MAQUINA-PRENSADORA-ROTATIVA-DE-TABLETAS-MASTICABLES-DE-PROTEINAS-DE-HUEVO.jpg","type":"image\/jpeg"}],"twitter_card":"summary_large_image","twitter_misc":{"Predpokladan\u00fd \u010das \u010d\u00edtania":"1 min\u00fata"},"schema":{"@context":"https:\/\/schema.org","@graph":[{"@type":"WebPage","@id":"https:\/\/www.distribucionarc.com\/lt\/producto\/maquina-prensadora-rotativa-de-tabletas-masticables-de-proteinas-de-huevo\/","url":"https:\/\/www.distribucionarc.com\/lt\/producto\/maquina-prensadora-rotativa-de-tabletas-masticables-de-proteinas-de-huevo\/","name":"ROTA\u010cN\u00dd LISOVA\u010c NA \u017dUVACIE TABLETY PROTE\u00cdNOV\u00ddCH VAJEC - ARC distrib\u00facia","isPartOf":{"@id":"https:\/\/www.distribucionarc.com\/sl\/#website"},"primaryImageOfPage":{"@id":"https:\/\/www.distribucionarc.com\/lt\/producto\/maquina-prensadora-rotativa-de-tabletas-masticables-de-proteinas-de-huevo\/#primaryimage"},"image":{"@id":"https:\/\/www.distribucionarc.com\/lt\/producto\/maquina-prensadora-rotativa-de-tabletas-masticables-de-proteinas-de-huevo\/#primaryimage"},"thumbnailUrl":"https:\/\/distribucionarc.com\/wp-content\/uploads\/2024\/04\/MAQUINA-PRENSADORA-ROTATIVA-DE-TABLETAS-MASTICABLES-DE-PROTEINAS-DE-HUEVO.jpg","datePublished":"2024-04-25T15:59:13+00:00","dateModified":"2024-04-25T15:59:15+00:00","breadcrumb":{"@id":"https:\/\/www.distribucionarc.com\/lt\/producto\/maquina-prensadora-rotativa-de-tabletas-masticables-de-proteinas-de-huevo\/#breadcrumb"},"inLanguage":"sk-SK","potentialAction":[{"@type":"ReadAction","target":["https:\/\/www.distribucionarc.com\/lt\/producto\/maquina-prensadora-rotativa-de-tabletas-masticables-de-proteinas-de-huevo\/"]}]},{"@type":"ImageObject","inLanguage":"sk-SK","@id":"https:\/\/www.distribucionarc.com\/lt\/producto\/maquina-prensadora-rotativa-de-tabletas-masticables-de-proteinas-de-huevo\/#primaryimage","url":"https:\/\/distribucionarc.com\/wp-content\/uploads\/2024\/04\/MAQUINA-PRENSADORA-ROTATIVA-DE-TABLETAS-MASTICABLES-DE-PROTEINAS-DE-HUEVO.jpg","contentUrl":"https:\/\/distribucionarc.com\/wp-content\/uploads\/2024\/04\/MAQUINA-PRENSADORA-ROTATIVA-DE-TABLETAS-MASTICABLES-DE-PROTEINAS-DE-HUEVO.jpg","width":624,"height":904,"caption":"#image_title"},{"@type":"BreadcrumbList","@id":"https:\/\/www.distribucionarc.com\/lt\/producto\/maquina-prensadora-rotativa-de-tabletas-masticables-de-proteinas-de-huevo\/#breadcrumb","itemListElement":[{"@type":"ListItem","position":1,"name":"Portada","item":"https:\/\/www.distribucionarc.com\/"},{"@type":"ListItem","position":2,"name":"\u00dcr\u00fcnler","item":"https:\/\/www.distribucionarc.com\/tr\/magaza\/"},{"@type":"ListItem","position":3,"name":"MAQUINA PRENSADORA ROTATIVA DE TABLETAS MASTICABLES DE PROTEINAS DE HUEVO"}]},{"@type":"WebSite","@id":"https:\/\/www.distribucionarc.com\/sl\/#website","url":"https:\/\/www.distribucionarc.com\/sl\/","name":"ARC distrib\u00facia","description":"Spolo\u010dnos\u0165 sa \u0161pecializuje na v\u00fdrobu a distrib\u00faciu priemyseln\u00fdch strojov, strojov na uzatv\u00e1ranie plechoviek, strojov na v\u00fdrobu tabliet, strojov na porciovanie m\u00e4sa...","publisher":{"@id":"https:\/\/www.distribucionarc.com\/sl\/#organization"},"potentialAction":[{"@type":"SearchAction","target":{"@type":"EntryPoint","urlTemplate":"https:\/\/www.distribucionarc.com\/sl\/?s={search_term_string}"},"query-input":{"@type":"PropertyValueSpecification","valueRequired":true,"valueName":"search_term_string"}}],"inLanguage":"sk-SK"},{"@type":"Organization","@id":"https:\/\/www.distribucionarc.com\/sl\/#organization","name":"Distrib\u00facia ARC","url":"https:\/\/www.distribucionarc.com\/sl\/","logo":{"@type":"ImageObject","inLanguage":"sk-SK","@id":"https:\/\/www.distribucionarc.com\/sl\/#\/schema\/logo\/image\/","url":"https:\/\/distribucionarc.com\/wp-content\/uploads\/2024\/10\/distribucion-ARC-COLOR-SIN-FONDO-e1732295305345.png","contentUrl":"https:\/\/distribucionarc.com\/wp-content\/uploads\/2024\/10\/distribucion-ARC-COLOR-SIN-FONDO-e1732295305345.png","width":1164,"height":558,"caption":"Distribuci\u00f3n ARC"},"image":{"@id":"https:\/\/www.distribucionarc.com\/sl\/#\/schema\/logo\/image\/"},"description":"Spolo\u010dnos\u0165 \u0161pecializuj\u00faca sa na v\u00fdrobu a distrib\u00faciu priemyseln\u00fdch strojov pre potravin\u00e1rsky a farmaceutick\u00fd sektor. \u0160pecializujeme sa na: Stroje na kr\u00e1janie m\u00e4sa V\u00fdroba tabliet Priemyseln\u00e9 dopravn\u00e9 syst\u00e9my D\u00e1vkova\u010de na f\u013ea\u0161e A ove\u013ea viac... Pon\u00fakame inovat\u00edvne a prisp\u00f4soben\u00e9 rie\u0161enia na optimaliz\u00e1ciu v\u00fdrobn\u00fdch procesov va\u0161ej spolo\u010dnosti.","email":"Admistracion@distribucionarc.com","telephone":"+34 643496664","legalName":"ARC TECH SOLUTIONS","foundingDate":"2024-04-09","vatID":"B55480172","numberOfEmployees":{"@type":"QuantitativeValue","minValue":"1","maxValue":"10"}}]}},"_links":{"self":[{"href":"https:\/\/distribucionarc.com\/sk\/wp-json\/wp\/v2\/product\/6753","targetHints":{"allow":["GET"]}}],"collection":[{"href":"https:\/\/distribucionarc.com\/sk\/wp-json\/wp\/v2\/product"}],"about":[{"href":"https:\/\/distribucionarc.com\/sk\/wp-json\/wp\/v2\/types\/product"}],"replies":[{"embeddable":true,"href":"https:\/\/distribucionarc.com\/sk\/wp-json\/wp\/v2\/comments?post=6753"}],"version-history":[{"count":0,"href":"https:\/\/distribucionarc.com\/sk\/wp-json\/wp\/v2\/product\/6753\/revisions"}],"wp:featuredmedia":[{"embeddable":true,"href":"https:\/\/distribucionarc.com\/sk\/wp-json\/wp\/v2\/media\/6754"}],"wp:attachment":[{"href":"https:\/\/distribucionarc.com\/sk\/wp-json\/wp\/v2\/media?parent=6753"}],"wp:term":[{"taxonomy":"product_brand","embeddable":true,"href":"https:\/\/distribucionarc.com\/sk\/wp-json\/wp\/v2\/product_brand?post=6753"},{"taxonomy":"product_cat","embeddable":true,"href":"https:\/\/distribucionarc.com\/sk\/wp-json\/wp\/v2\/product_cat?post=6753"},{"taxonomy":"product_tag","embeddable":true,"href":"https:\/\/distribucionarc.com\/sk\/wp-json\/wp\/v2\/product_tag?post=6753"}],"curies":[{"name":"pracovn\u00fd list","href":"https:\/\/api.w.org\/{rel}","templated":true}]}}