{"id":6791,"date":"2024-04-25T18:07:04","date_gmt":"2024-04-25T18:07:04","guid":{"rendered":"https:\/\/distribucionarc.com\/?post_type=product&#038;p=6791"},"modified":"2024-04-25T18:11:05","modified_gmt":"2024-04-25T18:11:05","slug":"stroj-na-vyrobu-tabliet-na-obohacovanie-zivin","status":"publish","type":"product","link":"https:\/\/distribucionarc.com\/sk\/producto\/maquina-formadora-de-tabletas-enriquecedoras-de-nutrientes\/","title":{"rendered":"STROJ NA TVORBU TABLETY NA Obohacovanie \u017eiv\u00edn"},"content":{"rendered":"<p>Predstavujeme inovat\u00edvne<strong> Rota\u010dn\u00fd lis, model ZARP-5\/7\/9A,<\/strong> Navrhnut\u00e9 pre efekt\u00edvnu v\u00fdrobu<strong> tablety na obohatenie \u017eiv\u00edn<\/strong> vo farmaceutickom priemysle. Tento stroj je nevyhnutn\u00fd na lisovanie pr\u00e1\u0161kov, z\u0155n, mal\u00fdch granul\u00e1torov a peliet do tabliet r\u00f4znych tvarov, \u010d\u00edm sa zais\u0165uje vysok\u00e1 kvalita a konzistentnos\u0165 kone\u010dn\u00e9ho produktu. Uprednost\u0148ovan\u00edm bezpe\u010dnosti a spo\u013eahlivosti je stroj vybaven\u00fd ochranou proti pre\u0165a\u017eeniu tlakom, ktor\u00e1 sa automaticky aktivuje v pr\u00edpade nadmern\u00e9ho tlaku a zastav\u00ed prev\u00e1dzku, aby sa zachovala integrita zariadenia a kvalita kone\u010dn\u00e9ho produktu.<\/p>\n<p>Objavte dokonalos\u0165 vo v\u00fdrobe tabliet obohaten\u00fdch o \u017eiviny s rota\u010dn\u00fdm lisom ZARP-5\/7\/9A, spo\u013eahlivou a efekt\u00edvnou invest\u00edciou na splnenie najn\u00e1ro\u010dnej\u0161\u00edch potrieb farmaceutick\u00e9ho trhu.<\/p>\n<p>&nbsp;<\/p>\n<table>\n<tbody>\n<tr>\n<td width=\"142\">Model<\/td>\n<td width=\"142\">ZARP-5A<\/td>\n<td width=\"142\">ZARP-7A<\/td>\n<td width=\"142\">ZARP-9A<\/td>\n<\/tr>\n<tr>\n<td width=\"142\">Hra<\/td>\n<td width=\"142\">5<\/td>\n<td width=\"142\">7<\/td>\n<td width=\"142\">9<\/td>\n<\/tr>\n<tr>\n<td width=\"142\">Maxim\u00e1lny tlak (tony)<\/td>\n<td width=\"142\">50\/60 (VYSTU\u017dEN\u00c9)<\/td>\n<td width=\"142\">50\/60 (VYSTU\u017dEN\u00c9)<\/td>\n<td width=\"142\">50\/60 (VYSTU\u017dEN\u00c9)<\/td>\n<\/tr>\n<tr>\n<td width=\"142\">Maxim\u00e1lny priemer tablety (mm)<\/td>\n<td width=\"142\">3-12 (14)\/20 VYSTU\u017dEN\u00c9<\/td>\n<td width=\"142\">3-12 (14)\/20 VYSTU\u017dEN\u00c9<\/td>\n<td width=\"142\">3-12 (14)\/20 VYSTU\u017dEN\u00c9<\/td>\n<\/tr>\n<tr>\n<td width=\"142\">Maxim\u00e1lna h\u013abka V\u00fdpl\u0148 (mm)<\/td>\n<td width=\"142\">0-15<\/td>\n<td width=\"142\">0-15<\/td>\n<td width=\"142\">0-15<\/td>\n<\/tr>\n<tr>\n<td width=\"142\">Maxim\u00e1lna hr\u00fabka tablety (mm)<\/td>\n<td width=\"142\">0-6<\/td>\n<td width=\"142\">0-6<\/td>\n<td width=\"142\">0-6<\/td>\n<\/tr>\n<tr>\n<td width=\"142\">R\u00fdchlos\u0165 ve\u017ee (ot\/min)<\/td>\n<td width=\"142\">30<\/td>\n<td width=\"142\">30<\/td>\n<td width=\"142\">30<\/td>\n<\/tr>\n<tr>\n<td width=\"142\">V\u00fdrobn\u00e1 kapacita (kus\/h)<\/td>\n<td width=\"142\">9000<\/td>\n<td width=\"142\">12600<\/td>\n<td width=\"142\">16200<\/td>\n<\/tr>\n<tr>\n<td width=\"142\">V\u00fdkon motora (KW)<\/td>\n<td width=\"142\">1500-2200 VYZTU\u017dEN\u00c9<\/td>\n<td width=\"142\">1500-2200 VYZTU\u017dEN\u00c9<\/td>\n<td width=\"142\">1500-2200 VYZTU\u017dEN\u00c9<\/td>\n<\/tr>\n<tr>\n<td width=\"142\">Celkov\u00e1 ve\u013ekos\u0165 (mm)<\/td>\n<td width=\"142\">480*<\/p>\n<p>630*<\/p>\n<p>1100*<\/td>\n<td width=\"142\">480*<\/p>\n<p>630*<\/p>\n<p>1100*<\/td>\n<td width=\"142\">480*<\/p>\n<p>630*<\/p>\n<p>1100*<\/td>\n<\/tr>\n<tr>\n<td width=\"142\">\u010cist\u00e1 hmotnos\u0165 (kg)<\/td>\n<td width=\"142\">180 (220 VYSTU\u017dEN\u00c9)<\/td>\n<td width=\"142\">180 (220 VYSTU\u017dEN\u00c9)<\/td>\n<td width=\"142\">180 (220 VYSTU\u017dEN\u00c9)<\/td>\n<\/tr>\n<\/tbody>\n<\/table>","protected":false},"excerpt":{"rendered":"<p>Predstavujeme inovat\u00edvny rota\u010dn\u00fd tabletovac\u00ed lis, model ZARP-5\/7\/9A, ur\u010den\u00fd na efekt\u00edvnu v\u00fdrobu tabliet na obohatenie \u017eiv\u00edn v...<\/p>","protected":false},"featured_media":6796,"comment_status":"open","ping_status":"closed","template":"","meta":{"wds_primary_product_brand":0,"wds_primary_product_cat":0},"product_brand":[],"product_cat":[84],"product_tag":[],"class_list":{"0":"post-6791","1":"product","2":"type-product","3":"status-publish","4":"has-post-thumbnail","6":"product_cat-maquinas-para-hacer-pastillas","8":"first","9":"instock","10":"taxable","11":"shipping-taxable","12":"purchasable","13":"product-type-simple"},"yoast_head":"<!-- This site is optimized with the Yoast SEO Premium plugin v24.9 (Yoast SEO v26.1) - https:\/\/yoast.com\/wordpress\/plugins\/seo\/ -->\n<title>MAQUINA FORMADORA DE TABLETAS ENRIQUECEDORAS DE NUTRIENTES - distribuci\u00f3n ARC<\/title>\n<meta name=\"robots\" content=\"index, follow, max-snippet:-1, max-image-preview:large, max-video-preview:-1\" \/>\n<link rel=\"canonical\" href=\"https:\/\/www.distribucionarc.com\/producto\/maquina-formadora-de-tabletas-enriquecedoras-de-nutrientes\/\" \/>\n<meta property=\"og:locale\" content=\"sk_SK\" \/>\n<meta property=\"og:type\" content=\"article\" \/>\n<meta property=\"og:title\" content=\"MAQUINA FORMADORA DE TABLETAS ENRIQUECEDORAS DE NUTRIENTES\" \/>\n<meta property=\"og:description\" content=\"Presentamos la innovadora M\u00e1quina Prensadora Rotativa, modelo ZARP-5\/7\/9A, dise\u00f1ada para la producci\u00f3n eficiente de tabletas enriquecedoras de nutrientes en la\" \/>\n<meta property=\"og:url\" content=\"https:\/\/www.distribucionarc.com\/producto\/maquina-formadora-de-tabletas-enriquecedoras-de-nutrientes\/\" \/>\n<meta property=\"og:site_name\" content=\"distribuci\u00f3n ARC\" \/>\n<meta property=\"article:modified_time\" content=\"2024-04-25T18:11:05+00:00\" \/>\n<meta property=\"og:image\" content=\"https:\/\/www.distribucionarc.com\/wp-content\/uploads\/2024\/04\/MAQUINA-FORMADORA-DE-TABLETAS-ENRIQUECEDORAS-DE-NUTRIENTES.jpg\" \/>\n\t<meta property=\"og:image:width\" content=\"464\" \/>\n\t<meta property=\"og:image:height\" content=\"816\" \/>\n\t<meta property=\"og:image:type\" content=\"image\/jpeg\" \/>\n<meta name=\"twitter:card\" content=\"summary_large_image\" \/>\n<meta name=\"twitter:label1\" content=\"Predpokladan\u00fd \u010das \u010d\u00edtania\" \/>\n\t<meta name=\"twitter:data1\" content=\"1 min\u00fata\" \/>\n<script type=\"application\/ld+json\" class=\"yoast-schema-graph\">{\"@context\":\"https:\/\/schema.org\",\"@graph\":[{\"@type\":\"WebPage\",\"@id\":\"https:\/\/www.distribucionarc.com\/producto\/maquina-formadora-de-tabletas-enriquecedoras-de-nutrientes\/\",\"url\":\"https:\/\/www.distribucionarc.com\/producto\/maquina-formadora-de-tabletas-enriquecedoras-de-nutrientes\/\",\"name\":\"MAQUINA FORMADORA DE TABLETAS ENRIQUECEDORAS DE NUTRIENTES - distribuci\u00f3n ARC\",\"isPartOf\":{\"@id\":\"https:\/\/distribucionarc.com\/bg\/#website\"},\"primaryImageOfPage\":{\"@id\":\"https:\/\/www.distribucionarc.com\/producto\/maquina-formadora-de-tabletas-enriquecedoras-de-nutrientes\/#primaryimage\"},\"image\":{\"@id\":\"https:\/\/www.distribucionarc.com\/producto\/maquina-formadora-de-tabletas-enriquecedoras-de-nutrientes\/#primaryimage\"},\"thumbnailUrl\":\"https:\/\/distribucionarc.com\/wp-content\/uploads\/2024\/04\/MAQUINA-FORMADORA-DE-TABLETAS-ENRIQUECEDORAS-DE-NUTRIENTES.jpg\",\"datePublished\":\"2024-04-25T18:07:04+00:00\",\"dateModified\":\"2024-04-25T18:11:05+00:00\",\"breadcrumb\":{\"@id\":\"https:\/\/www.distribucionarc.com\/producto\/maquina-formadora-de-tabletas-enriquecedoras-de-nutrientes\/#breadcrumb\"},\"inLanguage\":\"sk-SK\",\"potentialAction\":[{\"@type\":\"ReadAction\",\"target\":[\"https:\/\/www.distribucionarc.com\/producto\/maquina-formadora-de-tabletas-enriquecedoras-de-nutrientes\/\"]}]},{\"@type\":\"ImageObject\",\"inLanguage\":\"sk-SK\",\"@id\":\"https:\/\/www.distribucionarc.com\/producto\/maquina-formadora-de-tabletas-enriquecedoras-de-nutrientes\/#primaryimage\",\"url\":\"https:\/\/distribucionarc.com\/wp-content\/uploads\/2024\/04\/MAQUINA-FORMADORA-DE-TABLETAS-ENRIQUECEDORAS-DE-NUTRIENTES.jpg\",\"contentUrl\":\"https:\/\/distribucionarc.com\/wp-content\/uploads\/2024\/04\/MAQUINA-FORMADORA-DE-TABLETAS-ENRIQUECEDORAS-DE-NUTRIENTES.jpg\",\"width\":464,\"height\":816,\"caption\":\"#image_title\"},{\"@type\":\"BreadcrumbList\",\"@id\":\"https:\/\/www.distribucionarc.com\/producto\/maquina-formadora-de-tabletas-enriquecedoras-de-nutrientes\/#breadcrumb\",\"itemListElement\":[{\"@type\":\"ListItem\",\"position\":1,\"name\":\"Portada\",\"item\":\"https:\/\/distribucionarc.com\/el\/\"},{\"@type\":\"ListItem\",\"position\":2,\"name\":\"Proizvodi\",\"item\":\"https:\/\/www.distribucionarc.com\/hr\/ducan\/\"},{\"@type\":\"ListItem\",\"position\":3,\"name\":\"MAQUINA FORMADORA DE TABLETAS ENRIQUECEDORAS DE NUTRIENTES\"}]},{\"@type\":\"WebSite\",\"@id\":\"https:\/\/distribucionarc.com\/bg\/#website\",\"url\":\"https:\/\/distribucionarc.com\/bg\/\",\"name\":\"distribuci\u00f3n ARC\",\"description\":\"Empresa especializada en la fabricaci\u00f3n y distribuci\u00f3n de maquinaria industrial, selladoras de latas, Maquinas de hacer pastillas, Maquinas de cortar carne...\",\"publisher\":{\"@id\":\"https:\/\/distribucionarc.com\/bg\/#organization\"},\"potentialAction\":[{\"@type\":\"SearchAction\",\"target\":{\"@type\":\"EntryPoint\",\"urlTemplate\":\"https:\/\/distribucionarc.com\/bg\/?s={search_term_string}\"},\"query-input\":{\"@type\":\"PropertyValueSpecification\",\"valueRequired\":true,\"valueName\":\"search_term_string\"}}],\"inLanguage\":\"sk-SK\"},{\"@type\":\"Organization\",\"@id\":\"https:\/\/distribucionarc.com\/bg\/#organization\",\"name\":\"Distribuci\u00f3n ARC\",\"url\":\"https:\/\/distribucionarc.com\/bg\/\",\"logo\":{\"@type\":\"ImageObject\",\"inLanguage\":\"sk-SK\",\"@id\":\"https:\/\/distribucionarc.com\/bg\/#\/schema\/logo\/image\/\",\"url\":\"https:\/\/distribucionarc.com\/wp-content\/uploads\/2024\/10\/distribucion-ARC-COLOR-SIN-FONDO-e1732295305345.png\",\"contentUrl\":\"https:\/\/distribucionarc.com\/wp-content\/uploads\/2024\/10\/distribucion-ARC-COLOR-SIN-FONDO-e1732295305345.png\",\"width\":1164,\"height\":558,\"caption\":\"Distribuci\u00f3n ARC\"},\"image\":{\"@id\":\"https:\/\/distribucionarc.com\/bg\/#\/schema\/logo\/image\/\"},\"description\":\"Empresa especializada en la fabricaci\u00f3n y distribuci\u00f3n de maquinaria industrial para los sectores alimentario y farmac\u00e9utico. Nos especializamos en: M\u00e1quinas de cortar carne Fabricaci\u00f3n de comprimidos Sistemas de transporte industrial L\u00edneas de embotellado Dosificadores Y mucho m\u00e1s... Ofrecemos soluciones innovadoras y personalizadas para optimizar los procesos productivos de tu empresa.\",\"email\":\"Admistracion@distribucionarc.com\",\"telephone\":\"+34 643496664\",\"legalName\":\"ARC TECH SOLUTIONS\",\"foundingDate\":\"2024-04-09\",\"vatID\":\"B55480172\",\"numberOfEmployees\":{\"@type\":\"QuantitativeValue\",\"minValue\":\"1\",\"maxValue\":\"10\"}}]}<\/script>\n<!-- \/ Yoast SEO Premium plugin. -->","yoast_head_json":{"title":"STROJ NA TVORBU TABLETY OBOHACUJ\u00daCICH \u017dIVINY - distrib\u00facia ARC","robots":{"index":"index","follow":"follow","max-snippet":"max-snippet:-1","max-image-preview":"max-image-preview:large","max-video-preview":"max-video-preview:-1"},"canonical":"https:\/\/www.distribucionarc.com\/producto\/maquina-formadora-de-tabletas-enriquecedoras-de-nutrientes\/","og_locale":"sk_SK","og_type":"article","og_title":"MAQUINA FORMADORA DE TABLETAS ENRIQUECEDORAS DE NUTRIENTES","og_description":"Presentamos la innovadora M\u00e1quina Prensadora Rotativa, modelo ZARP-5\/7\/9A, dise\u00f1ada para la producci\u00f3n eficiente de tabletas enriquecedoras de nutrientes en la","og_url":"https:\/\/www.distribucionarc.com\/producto\/maquina-formadora-de-tabletas-enriquecedoras-de-nutrientes\/","og_site_name":"distribuci\u00f3n ARC","article_modified_time":"2024-04-25T18:11:05+00:00","og_image":[{"width":464,"height":816,"url":"https:\/\/www.distribucionarc.com\/wp-content\/uploads\/2024\/04\/MAQUINA-FORMADORA-DE-TABLETAS-ENRIQUECEDORAS-DE-NUTRIENTES.jpg","type":"image\/jpeg"}],"twitter_card":"summary_large_image","twitter_misc":{"Predpokladan\u00fd \u010das \u010d\u00edtania":"1 min\u00fata"},"schema":{"@context":"https:\/\/schema.org","@graph":[{"@type":"WebPage","@id":"https:\/\/www.distribucionarc.com\/producto\/maquina-formadora-de-tabletas-enriquecedoras-de-nutrientes\/","url":"https:\/\/www.distribucionarc.com\/producto\/maquina-formadora-de-tabletas-enriquecedoras-de-nutrientes\/","name":"STROJ NA TVORBU TABLETY OBOHACUJ\u00daCICH \u017dIVINY - distrib\u00facia ARC","isPartOf":{"@id":"https:\/\/distribucionarc.com\/bg\/#website"},"primaryImageOfPage":{"@id":"https:\/\/www.distribucionarc.com\/producto\/maquina-formadora-de-tabletas-enriquecedoras-de-nutrientes\/#primaryimage"},"image":{"@id":"https:\/\/www.distribucionarc.com\/producto\/maquina-formadora-de-tabletas-enriquecedoras-de-nutrientes\/#primaryimage"},"thumbnailUrl":"https:\/\/distribucionarc.com\/wp-content\/uploads\/2024\/04\/MAQUINA-FORMADORA-DE-TABLETAS-ENRIQUECEDORAS-DE-NUTRIENTES.jpg","datePublished":"2024-04-25T18:07:04+00:00","dateModified":"2024-04-25T18:11:05+00:00","breadcrumb":{"@id":"https:\/\/www.distribucionarc.com\/producto\/maquina-formadora-de-tabletas-enriquecedoras-de-nutrientes\/#breadcrumb"},"inLanguage":"sk-SK","potentialAction":[{"@type":"ReadAction","target":["https:\/\/www.distribucionarc.com\/producto\/maquina-formadora-de-tabletas-enriquecedoras-de-nutrientes\/"]}]},{"@type":"ImageObject","inLanguage":"sk-SK","@id":"https:\/\/www.distribucionarc.com\/producto\/maquina-formadora-de-tabletas-enriquecedoras-de-nutrientes\/#primaryimage","url":"https:\/\/distribucionarc.com\/wp-content\/uploads\/2024\/04\/MAQUINA-FORMADORA-DE-TABLETAS-ENRIQUECEDORAS-DE-NUTRIENTES.jpg","contentUrl":"https:\/\/distribucionarc.com\/wp-content\/uploads\/2024\/04\/MAQUINA-FORMADORA-DE-TABLETAS-ENRIQUECEDORAS-DE-NUTRIENTES.jpg","width":464,"height":816,"caption":"#image_title"},{"@type":"BreadcrumbList","@id":"https:\/\/www.distribucionarc.com\/producto\/maquina-formadora-de-tabletas-enriquecedoras-de-nutrientes\/#breadcrumb","itemListElement":[{"@type":"ListItem","position":1,"name":"Portada","item":"https:\/\/distribucionarc.com\/el\/"},{"@type":"ListItem","position":2,"name":"Proizvodi","item":"https:\/\/www.distribucionarc.com\/hr\/ducan\/"},{"@type":"ListItem","position":3,"name":"MAQUINA FORMADORA DE TABLETAS ENRIQUECEDORAS DE NUTRIENTES"}]},{"@type":"WebSite","@id":"https:\/\/distribucionarc.com\/bg\/#website","url":"https:\/\/distribucionarc.com\/bg\/","name":"ARC distrib\u00facia","description":"Spolo\u010dnos\u0165 sa \u0161pecializuje na v\u00fdrobu a distrib\u00faciu priemyseln\u00fdch strojov, strojov na uzatv\u00e1ranie plechoviek, strojov na v\u00fdrobu tabliet, strojov na porciovanie m\u00e4sa...","publisher":{"@id":"https:\/\/distribucionarc.com\/bg\/#organization"},"potentialAction":[{"@type":"SearchAction","target":{"@type":"EntryPoint","urlTemplate":"https:\/\/distribucionarc.com\/bg\/?s={search_term_string}"},"query-input":{"@type":"PropertyValueSpecification","valueRequired":true,"valueName":"search_term_string"}}],"inLanguage":"sk-SK"},{"@type":"Organization","@id":"https:\/\/distribucionarc.com\/bg\/#organization","name":"Distrib\u00facia ARC","url":"https:\/\/distribucionarc.com\/bg\/","logo":{"@type":"ImageObject","inLanguage":"sk-SK","@id":"https:\/\/distribucionarc.com\/bg\/#\/schema\/logo\/image\/","url":"https:\/\/distribucionarc.com\/wp-content\/uploads\/2024\/10\/distribucion-ARC-COLOR-SIN-FONDO-e1732295305345.png","contentUrl":"https:\/\/distribucionarc.com\/wp-content\/uploads\/2024\/10\/distribucion-ARC-COLOR-SIN-FONDO-e1732295305345.png","width":1164,"height":558,"caption":"Distribuci\u00f3n ARC"},"image":{"@id":"https:\/\/distribucionarc.com\/bg\/#\/schema\/logo\/image\/"},"description":"Spolo\u010dnos\u0165 \u0161pecializuj\u00faca sa na v\u00fdrobu a distrib\u00faciu priemyseln\u00fdch strojov pre potravin\u00e1rsky a farmaceutick\u00fd sektor. \u0160pecializujeme sa na: Stroje na kr\u00e1janie m\u00e4sa V\u00fdroba tabliet Priemyseln\u00e9 dopravn\u00e9 syst\u00e9my D\u00e1vkova\u010de na f\u013ea\u0161e A ove\u013ea viac... Pon\u00fakame inovat\u00edvne a prisp\u00f4soben\u00e9 rie\u0161enia na optimaliz\u00e1ciu v\u00fdrobn\u00fdch procesov va\u0161ej spolo\u010dnosti.","email":"Admistracion@distribucionarc.com","telephone":"+34 643496664","legalName":"ARC TECH SOLUTIONS","foundingDate":"2024-04-09","vatID":"B55480172","numberOfEmployees":{"@type":"QuantitativeValue","minValue":"1","maxValue":"10"}}]}},"_links":{"self":[{"href":"https:\/\/distribucionarc.com\/sk\/wp-json\/wp\/v2\/product\/6791","targetHints":{"allow":["GET"]}}],"collection":[{"href":"https:\/\/distribucionarc.com\/sk\/wp-json\/wp\/v2\/product"}],"about":[{"href":"https:\/\/distribucionarc.com\/sk\/wp-json\/wp\/v2\/types\/product"}],"replies":[{"embeddable":true,"href":"https:\/\/distribucionarc.com\/sk\/wp-json\/wp\/v2\/comments?post=6791"}],"version-history":[{"count":0,"href":"https:\/\/distribucionarc.com\/sk\/wp-json\/wp\/v2\/product\/6791\/revisions"}],"wp:featuredmedia":[{"embeddable":true,"href":"https:\/\/distribucionarc.com\/sk\/wp-json\/wp\/v2\/media\/6796"}],"wp:attachment":[{"href":"https:\/\/distribucionarc.com\/sk\/wp-json\/wp\/v2\/media?parent=6791"}],"wp:term":[{"taxonomy":"product_brand","embeddable":true,"href":"https:\/\/distribucionarc.com\/sk\/wp-json\/wp\/v2\/product_brand?post=6791"},{"taxonomy":"product_cat","embeddable":true,"href":"https:\/\/distribucionarc.com\/sk\/wp-json\/wp\/v2\/product_cat?post=6791"},{"taxonomy":"product_tag","embeddable":true,"href":"https:\/\/distribucionarc.com\/sk\/wp-json\/wp\/v2\/product_tag?post=6791"}],"curies":[{"name":"pracovn\u00fd list","href":"https:\/\/api.w.org\/{rel}","templated":true}]}}