{"id":6832,"date":"2024-04-26T08:44:58","date_gmt":"2024-04-26T08:44:58","guid":{"rendered":"https:\/\/distribucionarc.com\/?post_type=product&#038;p=6832"},"modified":"2024-04-26T08:45:00","modified_gmt":"2024-04-26T08:45:00","slug":"tabletovy-lisovaci-stroj-na-horcikove-doplnky","status":"publish","type":"product","link":"https:\/\/distribucionarc.com\/sk\/producto\/maquina-prensadora-de-tabletas-para-suplementos-de-magnesio\/","title":{"rendered":"STROJ NA LISOVANIA TABLET NA DOPLNKY HOR\u010c\u00cdKA"},"content":{"rendered":"<p>Predstavujeme<strong> Stroj na lisovanie tabliet Magnesi<\/strong>alebo z<strong> jedin\u00fd razn\u00edk DARP-60D<\/strong>, ide\u00e1lne na v\u00fdrobu<strong> tablety<\/strong> v r\u00f4znych form\u00e1ch. Tento stroj, ktor\u00fd sa \u0161iroko pou\u017e\u00edva vo farmaceutickom priemysle a odvetviach, ako s\u00fa chemik\u00e1lie, potraviny a elektronika, je v\u0161estrann\u00fd a efekt\u00edvny. Spo\u013eahliv\u00e9 a prisp\u00f4sobiv\u00e9 rie\u0161enie pre<strong> v\u00fdroba doplnkov hor\u010d\u00edka<\/strong> a in\u00e9 produkty, <strong>Stroj DARP-60D<\/strong> Je to cenn\u00e1 invest\u00edcia pre spolo\u010dnosti v r\u00f4znych odvetviach.<\/p>\n<p>&nbsp;<\/p>\n<table>\n<tbody>\n<tr>\n<td width=\"283\">Model<\/td>\n<td width=\"283\">DARP-60D<\/td>\n<\/tr>\n<tr>\n<td width=\"283\">Hry<\/td>\n<td width=\"283\">1<\/td>\n<\/tr>\n<tr>\n<td width=\"283\">Maxim\u00e1lny tlak (tony)<\/td>\n<td width=\"283\">0-80<\/td>\n<\/tr>\n<tr>\n<td width=\"283\">Priemer tablety (milimetre)<\/td>\n<td width=\"283\">5-30<\/td>\n<\/tr>\n<tr>\n<td width=\"283\">Maxim\u00e1lna h\u013abka n\u00e1pl\u0148 (milimetre)<\/td>\n<td width=\"283\">0-25<\/td>\n<\/tr>\n<tr>\n<td width=\"283\">Maxim\u00e1lna hr\u00fabka tablety (milimetre)<\/td>\n<td width=\"283\">0-12<\/td>\n<\/tr>\n<tr>\n<td width=\"283\">V\u00fdrobn\u00e1 kapacita (ks\/h)<\/td>\n<td width=\"283\">2150<\/td>\n<\/tr>\n<tr>\n<td width=\"283\">V\u00fdkon motora (kw)<\/td>\n<td width=\"283\">3<\/td>\n<\/tr>\n<tr>\n<td width=\"283\">Celkov\u00e1 ve\u013ekos\u0165 (milimetre)<\/td>\n<td width=\"283\">550*<\/p>\n<p>450*<\/p>\n<p>800*<\/td>\n<\/tr>\n<tr>\n<td width=\"283\">\u010cist\u00e1 hmotnos\u0165 (kg)<\/td>\n<td width=\"283\">135<\/td>\n<\/tr>\n<\/tbody>\n<\/table>","protected":false},"excerpt":{"rendered":"<p>Predstavujeme v\u00e1m tabletovac\u00ed lis s jedn\u00fdm dierova\u010dom na hor\u010d\u00edkov\u00fd doplnok DARP-60D, ide\u00e1lny na v\u00fdrobu<\/p>","protected":false},"featured_media":6833,"comment_status":"open","ping_status":"closed","template":"","meta":{"wds_primary_product_brand":0,"wds_primary_product_cat":0},"product_brand":[],"product_cat":[84],"product_tag":[],"class_list":{"0":"post-6832","1":"product","2":"type-product","3":"status-publish","4":"has-post-thumbnail","6":"product_cat-maquinas-para-hacer-pastillas","8":"first","9":"instock","10":"taxable","11":"shipping-taxable","12":"purchasable","13":"product-type-simple"},"yoast_head":"<!-- This site is optimized with the Yoast SEO Premium plugin v24.9 (Yoast SEO v26.1) - https:\/\/yoast.com\/wordpress\/plugins\/seo\/ -->\n<title>MAQUINA PRENSADORA DE TABLETAS PARA SUPLEMENTOS DE MAGNESIO - distribuci\u00f3n ARC<\/title>\n<meta name=\"robots\" content=\"index, follow, max-snippet:-1, max-image-preview:large, max-video-preview:-1\" \/>\n<link rel=\"canonical\" href=\"https:\/\/jagdesd.tempurl.host\/sk\/producto\/maquina-prensadora-de-tabletas-para-suplementos-de-magnesio\/\" \/>\n<meta property=\"og:locale\" content=\"sk_SK\" \/>\n<meta property=\"og:type\" content=\"article\" \/>\n<meta property=\"og:title\" content=\"MAQUINA PRENSADORA DE TABLETAS PARA SUPLEMENTOS DE MAGNESIO\" \/>\n<meta property=\"og:description\" content=\"Introducimos la M\u00e1quina Prensadora de Tabletas de Suplementos de Magnesio de un solo Punz\u00f3n DARP-60D, perfecta para la producci\u00f3n de\" \/>\n<meta property=\"og:url\" content=\"https:\/\/jagdesd.tempurl.host\/sk\/producto\/maquina-prensadora-de-tabletas-para-suplementos-de-magnesio\/\" \/>\n<meta property=\"og:site_name\" content=\"distribuci\u00f3n ARC\" \/>\n<meta property=\"article:modified_time\" content=\"2024-04-26T08:45:00+00:00\" \/>\n<meta property=\"og:image\" content=\"https:\/\/jagdesd.tempurl.host\/wp-content\/uploads\/2024\/04\/MAQUINA-PRENSADORA-DE-TABLETAS-DE-SUPLEMENTOS-DE-MAGNESIO-.jpg\" \/>\n\t<meta property=\"og:image:width\" content=\"648\" \/>\n\t<meta property=\"og:image:height\" content=\"872\" \/>\n\t<meta property=\"og:image:type\" content=\"image\/jpeg\" \/>\n<meta name=\"twitter:card\" content=\"summary_large_image\" \/>\n<meta name=\"twitter:label1\" content=\"Predpokladan\u00fd \u010das \u010d\u00edtania\" \/>\n\t<meta name=\"twitter:data1\" content=\"1 min\u00fata\" \/>\n<script type=\"application\/ld+json\" class=\"yoast-schema-graph\">{\"@context\":\"https:\/\/schema.org\",\"@graph\":[{\"@type\":\"WebPage\",\"@id\":\"https:\/\/jagdesd.tempurl.host\/sk\/producto\/maquina-prensadora-de-tabletas-para-suplementos-de-magnesio\/\",\"url\":\"https:\/\/jagdesd.tempurl.host\/sk\/producto\/maquina-prensadora-de-tabletas-para-suplementos-de-magnesio\/\",\"name\":\"MAQUINA PRENSADORA DE TABLETAS PARA SUPLEMENTOS DE MAGNESIO - distribuci\u00f3n ARC\",\"isPartOf\":{\"@id\":\"https:\/\/distribucionarc.com\/ar\/#website\"},\"primaryImageOfPage\":{\"@id\":\"https:\/\/jagdesd.tempurl.host\/sk\/producto\/maquina-prensadora-de-tabletas-para-suplementos-de-magnesio\/#primaryimage\"},\"image\":{\"@id\":\"https:\/\/jagdesd.tempurl.host\/sk\/producto\/maquina-prensadora-de-tabletas-para-suplementos-de-magnesio\/#primaryimage\"},\"thumbnailUrl\":\"https:\/\/distribucionarc.com\/wp-content\/uploads\/2024\/04\/MAQUINA-PRENSADORA-DE-TABLETAS-DE-SUPLEMENTOS-DE-MAGNESIO-.jpg\",\"datePublished\":\"2024-04-26T08:44:58+00:00\",\"dateModified\":\"2024-04-26T08:45:00+00:00\",\"breadcrumb\":{\"@id\":\"https:\/\/jagdesd.tempurl.host\/sk\/producto\/maquina-prensadora-de-tabletas-para-suplementos-de-magnesio\/#breadcrumb\"},\"inLanguage\":\"sk-SK\",\"potentialAction\":[{\"@type\":\"ReadAction\",\"target\":[\"https:\/\/jagdesd.tempurl.host\/sk\/producto\/maquina-prensadora-de-tabletas-para-suplementos-de-magnesio\/\"]}]},{\"@type\":\"ImageObject\",\"inLanguage\":\"sk-SK\",\"@id\":\"https:\/\/jagdesd.tempurl.host\/sk\/producto\/maquina-prensadora-de-tabletas-para-suplementos-de-magnesio\/#primaryimage\",\"url\":\"https:\/\/distribucionarc.com\/wp-content\/uploads\/2024\/04\/MAQUINA-PRENSADORA-DE-TABLETAS-DE-SUPLEMENTOS-DE-MAGNESIO-.jpg\",\"contentUrl\":\"https:\/\/distribucionarc.com\/wp-content\/uploads\/2024\/04\/MAQUINA-PRENSADORA-DE-TABLETAS-DE-SUPLEMENTOS-DE-MAGNESIO-.jpg\",\"width\":648,\"height\":872,\"caption\":\"#image_title\"},{\"@type\":\"BreadcrumbList\",\"@id\":\"https:\/\/jagdesd.tempurl.host\/sk\/producto\/maquina-prensadora-de-tabletas-para-suplementos-de-magnesio\/#breadcrumb\",\"itemListElement\":[{\"@type\":\"ListItem\",\"position\":1,\"name\":\"Portada\",\"item\":\"https:\/\/www.distribucionarc.com\/pt\/\"},{\"@type\":\"ListItem\",\"position\":2,\"name\":\"Produtos\",\"item\":\"https:\/\/www.distribucionarc.com\/pt\/shop\/\"},{\"@type\":\"ListItem\",\"position\":3,\"name\":\"MAQUINA PRENSADORA DE TABLETAS PARA SUPLEMENTOS DE MAGNESIO\"}]},{\"@type\":\"WebSite\",\"@id\":\"https:\/\/distribucionarc.com\/ar\/#website\",\"url\":\"https:\/\/distribucionarc.com\/ar\/\",\"name\":\"distribuci\u00f3n ARC\",\"description\":\"Empresa especializada en la fabricaci\u00f3n y distribuci\u00f3n de maquinaria industrial, selladoras de latas, Maquinas de hacer pastillas, Maquinas de cortar carne...\",\"publisher\":{\"@id\":\"https:\/\/distribucionarc.com\/ar\/#organization\"},\"potentialAction\":[{\"@type\":\"SearchAction\",\"target\":{\"@type\":\"EntryPoint\",\"urlTemplate\":\"https:\/\/distribucionarc.com\/ar\/?s={search_term_string}\"},\"query-input\":{\"@type\":\"PropertyValueSpecification\",\"valueRequired\":true,\"valueName\":\"search_term_string\"}}],\"inLanguage\":\"sk-SK\"},{\"@type\":\"Organization\",\"@id\":\"https:\/\/distribucionarc.com\/ar\/#organization\",\"name\":\"Distribuci\u00f3n ARC\",\"url\":\"https:\/\/distribucionarc.com\/ar\/\",\"logo\":{\"@type\":\"ImageObject\",\"inLanguage\":\"sk-SK\",\"@id\":\"https:\/\/distribucionarc.com\/ar\/#\/schema\/logo\/image\/\",\"url\":\"https:\/\/distribucionarc.com\/wp-content\/uploads\/2024\/10\/distribucion-ARC-COLOR-SIN-FONDO-e1732295305345.png\",\"contentUrl\":\"https:\/\/distribucionarc.com\/wp-content\/uploads\/2024\/10\/distribucion-ARC-COLOR-SIN-FONDO-e1732295305345.png\",\"width\":1164,\"height\":558,\"caption\":\"Distribuci\u00f3n ARC\"},\"image\":{\"@id\":\"https:\/\/distribucionarc.com\/ar\/#\/schema\/logo\/image\/\"},\"description\":\"Empresa especializada en la fabricaci\u00f3n y distribuci\u00f3n de maquinaria industrial para los sectores alimentario y farmac\u00e9utico. Nos especializamos en: M\u00e1quinas de cortar carne Fabricaci\u00f3n de comprimidos Sistemas de transporte industrial L\u00edneas de embotellado Dosificadores Y mucho m\u00e1s... Ofrecemos soluciones innovadoras y personalizadas para optimizar los procesos productivos de tu empresa.\",\"email\":\"Admistracion@distribucionarc.com\",\"telephone\":\"+34 643496664\",\"legalName\":\"ARC TECH SOLUTIONS\",\"foundingDate\":\"2024-04-09\",\"vatID\":\"B55480172\",\"numberOfEmployees\":{\"@type\":\"QuantitativeValue\",\"minValue\":\"1\",\"maxValue\":\"10\"}}]}<\/script>\n<!-- \/ Yoast SEO Premium plugin. -->","yoast_head_json":{"title":"TABLETOV\u00c1 LISOVA\u010cKA NA DOPLNKY HOR\u010c\u00cdKA - ARC rozvod","robots":{"index":"index","follow":"follow","max-snippet":"max-snippet:-1","max-image-preview":"max-image-preview:large","max-video-preview":"max-video-preview:-1"},"canonical":"https:\/\/jagdesd.tempurl.host\/sk\/producto\/maquina-prensadora-de-tabletas-para-suplementos-de-magnesio\/","og_locale":"sk_SK","og_type":"article","og_title":"MAQUINA PRENSADORA DE TABLETAS PARA SUPLEMENTOS DE MAGNESIO","og_description":"Introducimos la M\u00e1quina Prensadora de Tabletas de Suplementos de Magnesio de un solo Punz\u00f3n DARP-60D, perfecta para la producci\u00f3n de","og_url":"https:\/\/jagdesd.tempurl.host\/sk\/producto\/maquina-prensadora-de-tabletas-para-suplementos-de-magnesio\/","og_site_name":"distribuci\u00f3n ARC","article_modified_time":"2024-04-26T08:45:00+00:00","og_image":[{"width":648,"height":872,"url":"https:\/\/jagdesd.tempurl.host\/wp-content\/uploads\/2024\/04\/MAQUINA-PRENSADORA-DE-TABLETAS-DE-SUPLEMENTOS-DE-MAGNESIO-.jpg","type":"image\/jpeg"}],"twitter_card":"summary_large_image","twitter_misc":{"Predpokladan\u00fd \u010das \u010d\u00edtania":"1 min\u00fata"},"schema":{"@context":"https:\/\/schema.org","@graph":[{"@type":"WebPage","@id":"https:\/\/jagdesd.tempurl.host\/sk\/producto\/maquina-prensadora-de-tabletas-para-suplementos-de-magnesio\/","url":"https:\/\/jagdesd.tempurl.host\/sk\/producto\/maquina-prensadora-de-tabletas-para-suplementos-de-magnesio\/","name":"TABLETOV\u00c1 LISOVA\u010cKA NA DOPLNKY HOR\u010c\u00cdKA - ARC rozvod","isPartOf":{"@id":"https:\/\/distribucionarc.com\/ar\/#website"},"primaryImageOfPage":{"@id":"https:\/\/jagdesd.tempurl.host\/sk\/producto\/maquina-prensadora-de-tabletas-para-suplementos-de-magnesio\/#primaryimage"},"image":{"@id":"https:\/\/jagdesd.tempurl.host\/sk\/producto\/maquina-prensadora-de-tabletas-para-suplementos-de-magnesio\/#primaryimage"},"thumbnailUrl":"https:\/\/distribucionarc.com\/wp-content\/uploads\/2024\/04\/MAQUINA-PRENSADORA-DE-TABLETAS-DE-SUPLEMENTOS-DE-MAGNESIO-.jpg","datePublished":"2024-04-26T08:44:58+00:00","dateModified":"2024-04-26T08:45:00+00:00","breadcrumb":{"@id":"https:\/\/jagdesd.tempurl.host\/sk\/producto\/maquina-prensadora-de-tabletas-para-suplementos-de-magnesio\/#breadcrumb"},"inLanguage":"sk-SK","potentialAction":[{"@type":"ReadAction","target":["https:\/\/jagdesd.tempurl.host\/sk\/producto\/maquina-prensadora-de-tabletas-para-suplementos-de-magnesio\/"]}]},{"@type":"ImageObject","inLanguage":"sk-SK","@id":"https:\/\/jagdesd.tempurl.host\/sk\/producto\/maquina-prensadora-de-tabletas-para-suplementos-de-magnesio\/#primaryimage","url":"https:\/\/distribucionarc.com\/wp-content\/uploads\/2024\/04\/MAQUINA-PRENSADORA-DE-TABLETAS-DE-SUPLEMENTOS-DE-MAGNESIO-.jpg","contentUrl":"https:\/\/distribucionarc.com\/wp-content\/uploads\/2024\/04\/MAQUINA-PRENSADORA-DE-TABLETAS-DE-SUPLEMENTOS-DE-MAGNESIO-.jpg","width":648,"height":872,"caption":"#image_title"},{"@type":"BreadcrumbList","@id":"https:\/\/jagdesd.tempurl.host\/sk\/producto\/maquina-prensadora-de-tabletas-para-suplementos-de-magnesio\/#breadcrumb","itemListElement":[{"@type":"ListItem","position":1,"name":"Portada","item":"https:\/\/www.distribucionarc.com\/pt\/"},{"@type":"ListItem","position":2,"name":"Produtos","item":"https:\/\/www.distribucionarc.com\/pt\/shop\/"},{"@type":"ListItem","position":3,"name":"MAQUINA PRENSADORA DE TABLETAS PARA SUPLEMENTOS DE MAGNESIO"}]},{"@type":"WebSite","@id":"https:\/\/distribucionarc.com\/ar\/#website","url":"https:\/\/distribucionarc.com\/ar\/","name":"ARC distrib\u00facia","description":"Spolo\u010dnos\u0165 sa \u0161pecializuje na v\u00fdrobu a distrib\u00faciu priemyseln\u00fdch strojov, strojov na uzatv\u00e1ranie plechoviek, strojov na v\u00fdrobu tabliet, strojov na porciovanie m\u00e4sa...","publisher":{"@id":"https:\/\/distribucionarc.com\/ar\/#organization"},"potentialAction":[{"@type":"SearchAction","target":{"@type":"EntryPoint","urlTemplate":"https:\/\/distribucionarc.com\/ar\/?s={search_term_string}"},"query-input":{"@type":"PropertyValueSpecification","valueRequired":true,"valueName":"search_term_string"}}],"inLanguage":"sk-SK"},{"@type":"Organization","@id":"https:\/\/distribucionarc.com\/ar\/#organization","name":"Distrib\u00facia ARC","url":"https:\/\/distribucionarc.com\/ar\/","logo":{"@type":"ImageObject","inLanguage":"sk-SK","@id":"https:\/\/distribucionarc.com\/ar\/#\/schema\/logo\/image\/","url":"https:\/\/distribucionarc.com\/wp-content\/uploads\/2024\/10\/distribucion-ARC-COLOR-SIN-FONDO-e1732295305345.png","contentUrl":"https:\/\/distribucionarc.com\/wp-content\/uploads\/2024\/10\/distribucion-ARC-COLOR-SIN-FONDO-e1732295305345.png","width":1164,"height":558,"caption":"Distribuci\u00f3n ARC"},"image":{"@id":"https:\/\/distribucionarc.com\/ar\/#\/schema\/logo\/image\/"},"description":"Spolo\u010dnos\u0165 \u0161pecializuj\u00faca sa na v\u00fdrobu a distrib\u00faciu priemyseln\u00fdch strojov pre potravin\u00e1rsky a farmaceutick\u00fd sektor. \u0160pecializujeme sa na: Stroje na kr\u00e1janie m\u00e4sa V\u00fdroba tabliet Priemyseln\u00e9 dopravn\u00e9 syst\u00e9my D\u00e1vkova\u010de na f\u013ea\u0161e A ove\u013ea viac... Pon\u00fakame inovat\u00edvne a prisp\u00f4soben\u00e9 rie\u0161enia na optimaliz\u00e1ciu v\u00fdrobn\u00fdch procesov va\u0161ej spolo\u010dnosti.","email":"Admistracion@distribucionarc.com","telephone":"+34 643496664","legalName":"ARC TECH SOLUTIONS","foundingDate":"2024-04-09","vatID":"B55480172","numberOfEmployees":{"@type":"QuantitativeValue","minValue":"1","maxValue":"10"}}]}},"_links":{"self":[{"href":"https:\/\/distribucionarc.com\/sk\/wp-json\/wp\/v2\/product\/6832","targetHints":{"allow":["GET"]}}],"collection":[{"href":"https:\/\/distribucionarc.com\/sk\/wp-json\/wp\/v2\/product"}],"about":[{"href":"https:\/\/distribucionarc.com\/sk\/wp-json\/wp\/v2\/types\/product"}],"replies":[{"embeddable":true,"href":"https:\/\/distribucionarc.com\/sk\/wp-json\/wp\/v2\/comments?post=6832"}],"version-history":[{"count":0,"href":"https:\/\/distribucionarc.com\/sk\/wp-json\/wp\/v2\/product\/6832\/revisions"}],"wp:featuredmedia":[{"embeddable":true,"href":"https:\/\/distribucionarc.com\/sk\/wp-json\/wp\/v2\/media\/6833"}],"wp:attachment":[{"href":"https:\/\/distribucionarc.com\/sk\/wp-json\/wp\/v2\/media?parent=6832"}],"wp:term":[{"taxonomy":"product_brand","embeddable":true,"href":"https:\/\/distribucionarc.com\/sk\/wp-json\/wp\/v2\/product_brand?post=6832"},{"taxonomy":"product_cat","embeddable":true,"href":"https:\/\/distribucionarc.com\/sk\/wp-json\/wp\/v2\/product_cat?post=6832"},{"taxonomy":"product_tag","embeddable":true,"href":"https:\/\/distribucionarc.com\/sk\/wp-json\/wp\/v2\/product_tag?post=6832"}],"curies":[{"name":"pracovn\u00fd list","href":"https:\/\/api.w.org\/{rel}","templated":true}]}}