{"id":6892,"date":"2024-04-26T18:22:25","date_gmt":"2024-04-26T18:22:25","guid":{"rendered":"https:\/\/distribucionarc.com\/?post_type=product&#038;p=6892"},"modified":"2024-04-26T18:22:27","modified_gmt":"2024-04-26T18:22:27","slug":"velkokapacitny-priemyselny-v-mixer-mixer","status":"publish","type":"product","link":"https:\/\/distribucionarc.com\/sk\/producto\/mezcladora-v-blender-industrial-de-alta-capacidad\/","title":{"rendered":"VYSOKOKAPACITN\u00dd PRIEMYSELN\u00dd V BLENDER MIX\u00c9R"},"content":{"rendered":"<p>Objavte na\u0161e<strong> Priemyseln\u00fd stroj V BLENDER \u0160pecializuje sa na mie\u0161anie such\u00fdch pr\u00e1\u0161kov\u00fdch materi\u00e1lov<\/strong>, ide\u00e1lne pre farmaceutick\u00fd, chemick\u00fd a potravin\u00e1rsky priemysel. V\u010faka pokro\u010dil\u00e9mu mechanick\u00e9mu prevodu s\u00fa dva valce v<strong> V tvare V<\/strong> Striedavo sa ot\u00e1\u010daj\u00fa, aby sa dosiahla rovnomern\u00e1 a \u00fa\u010dinn\u00e1 zmes. Jeho intuit\u00edvny dizajn navy\u0161e u\u013eah\u010duje obsluhu a zjednodu\u0161uje va\u0161e v\u00fdrobn\u00e9 procesy. Zv\u00fd\u0161te kvalitu a efektivitu svojej pr\u00e1ce s na\u0161\u00edm inovat\u00edvnym rie\u0161en\u00edm.<\/p>\n<p>&nbsp;<\/p>\n<table>\n<tbody>\n<tr>\n<td width=\"71\">model<\/td>\n<td width=\"71\">Objem tela (litre)<\/td>\n<td width=\"71\">Pracovn\u00fd objem (litre)<\/td>\n<td width=\"71\">Maxim\u00e1lna kapacita (KG)<\/td>\n<td width=\"71\">Optim\u00e1lna vodcovsk\u00e1 kapacita (g)<\/td>\n<td width=\"71\">R\u00fdchlos\u0165 valca (ot\u00e1\u010dky\/min)<\/td>\n<td width=\"71\">Sila (kw)<\/td>\n<td width=\"71\">Celkov\u00e9 rozmery (milimetre)<\/td>\n<\/tr>\n<tr>\n<td width=\"71\">VARH-50<\/td>\n<td width=\"71\">50<\/td>\n<td width=\"71\">20<\/td>\n<td width=\"71\">20<\/td>\n<td width=\"71\">14<\/td>\n<td width=\"71\">15<\/td>\n<td width=\"71\">0.75<\/td>\n<td width=\"71\">1350*<\/p>\n<p>650*<\/p>\n<p>1160*<\/td>\n<\/tr>\n<tr>\n<td width=\"71\">VARH-100<\/td>\n<td width=\"71\">100<\/td>\n<td width=\"71\">40<\/td>\n<td width=\"71\">40<\/td>\n<td width=\"71\">28<\/td>\n<td width=\"71\">15<\/td>\n<td width=\"71\">1.1<\/td>\n<td width=\"71\">1580*<\/p>\n<p>650*<\/p>\n<p>1460*<\/td>\n<\/tr>\n<tr>\n<td width=\"71\">VARH-200<\/td>\n<td width=\"71\">200<\/td>\n<td width=\"71\">80<\/td>\n<td width=\"71\">80<\/td>\n<td width=\"71\">56<\/td>\n<td width=\"71\">15<\/td>\n<td width=\"71\">1.5<\/td>\n<td width=\"71\">1750*<\/p>\n<p>690*<\/p>\n<p>1600*<\/td>\n<\/tr>\n<tr>\n<td width=\"71\">VARH-300<\/td>\n<td width=\"71\">300<\/td>\n<td width=\"71\">120<\/td>\n<td width=\"71\">120<\/td>\n<td width=\"71\">84<\/td>\n<td width=\"71\">15<\/td>\n<td width=\"71\">1.5<\/td>\n<td width=\"71\">2015*<\/p>\n<p>720*<\/p>\n<p>1735*<\/td>\n<\/tr>\n<tr>\n<td width=\"71\">VARH-500<\/td>\n<td width=\"71\">500<\/td>\n<td width=\"71\">200<\/td>\n<td width=\"71\">200<\/td>\n<td width=\"71\">140<\/td>\n<td width=\"71\">13<\/td>\n<td width=\"71\">3.0<\/td>\n<td width=\"71\">2450*<\/p>\n<p>980*<\/p>\n<p>2050*<\/td>\n<\/tr>\n<tr>\n<td width=\"71\">VARH-1000<\/td>\n<td width=\"71\">1000<\/td>\n<td width=\"71\">400<\/td>\n<td width=\"71\">400<\/td>\n<td width=\"71\">280<\/td>\n<td width=\"71\">12<\/td>\n<td width=\"71\">4.0<\/td>\n<td width=\"71\">2950*<\/p>\n<p>1250*<\/p>\n<p>2800*<\/td>\n<\/tr>\n<tr>\n<td width=\"71\">VARH-2000<\/td>\n<td width=\"71\">2000<\/td>\n<td width=\"71\">800<\/td>\n<td width=\"71\">800<\/td>\n<td width=\"71\">560<\/td>\n<td width=\"71\">12<\/td>\n<td width=\"71\">7.5<\/td>\n<td width=\"71\">3500*<\/p>\n<p>1550*<\/p>\n<p>3200*<\/td>\n<\/tr>\n<\/tbody>\n<\/table>","protected":false},"excerpt":{"rendered":"<p>Objavte n\u00e1\u0161 priemyseln\u00fd mix\u00e9r V BLENDER, ktor\u00fd sa \u0161pecializuje na mie\u0161anie such\u00fdch pr\u00e1\u0161kov\u00fdch materi\u00e1lov, ide\u00e1lny pre farmaceutick\u00fd priemysel,<\/p>","protected":false},"featured_media":6906,"comment_status":"open","ping_status":"closed","template":"","meta":{"wds_primary_product_brand":0,"wds_primary_product_cat":0},"product_brand":[],"product_cat":[84],"product_tag":[],"class_list":{"0":"post-6892","1":"product","2":"type-product","3":"status-publish","4":"has-post-thumbnail","6":"product_cat-maquinas-para-hacer-pastillas","8":"first","9":"instock","10":"taxable","11":"shipping-taxable","12":"purchasable","13":"product-type-simple"},"yoast_head":"<!-- This site is optimized with the Yoast SEO Premium plugin v24.9 (Yoast SEO v26.1) - https:\/\/yoast.com\/wordpress\/plugins\/seo\/ -->\n<title>MEZCLADORA V BLENDER INDUSTRIAL DE ALTA CAPACIDAD - distribuci\u00f3n ARC<\/title>\n<meta name=\"robots\" content=\"index, follow, max-snippet:-1, max-image-preview:large, max-video-preview:-1\" \/>\n<link rel=\"canonical\" href=\"https:\/\/www.distribucionarc.com\/tr\/producto\/mezcladora-v-blender-industrial-de-alta-capacidad\/\" \/>\n<meta property=\"og:locale\" content=\"sk_SK\" \/>\n<meta property=\"og:type\" content=\"article\" \/>\n<meta property=\"og:title\" content=\"MEZCLADORA V BLENDER INDUSTRIAL DE ALTA CAPACIDAD\" \/>\n<meta property=\"og:description\" content=\"Descubre nuestra M\u00e1quina V BLENDER Industrial Especializada en la mezcla de materiales en polvo seco, perfecta para las industrias farmac\u00e9utica,\" \/>\n<meta property=\"og:url\" content=\"https:\/\/www.distribucionarc.com\/tr\/producto\/mezcladora-v-blender-industrial-de-alta-capacidad\/\" \/>\n<meta property=\"og:site_name\" content=\"distribuci\u00f3n ARC\" \/>\n<meta property=\"article:modified_time\" content=\"2024-04-26T18:22:27+00:00\" \/>\n<meta property=\"og:image\" content=\"https:\/\/www.distribucionarc.com\/wp-content\/uploads\/2024\/04\/MEZCLADORA-V-BLENDER-INDUSTRIAL-DE-ALTA-CAPACIDAD.jpg\" \/>\n\t<meta property=\"og:image:width\" content=\"736\" \/>\n\t<meta property=\"og:image:height\" content=\"712\" \/>\n\t<meta property=\"og:image:type\" content=\"image\/jpeg\" \/>\n<meta name=\"twitter:card\" content=\"summary_large_image\" \/>\n<meta name=\"twitter:label1\" content=\"Predpokladan\u00fd \u010das \u010d\u00edtania\" \/>\n\t<meta name=\"twitter:data1\" content=\"1 min\u00fata\" \/>\n<script type=\"application\/ld+json\" class=\"yoast-schema-graph\">{\"@context\":\"https:\/\/schema.org\",\"@graph\":[{\"@type\":\"WebPage\",\"@id\":\"https:\/\/www.distribucionarc.com\/tr\/producto\/mezcladora-v-blender-industrial-de-alta-capacidad\/\",\"url\":\"https:\/\/www.distribucionarc.com\/tr\/producto\/mezcladora-v-blender-industrial-de-alta-capacidad\/\",\"name\":\"MEZCLADORA V BLENDER INDUSTRIAL DE ALTA CAPACIDAD - distribuci\u00f3n ARC\",\"isPartOf\":{\"@id\":\"https:\/\/www.distribucionarc.com\/tr\/#website\"},\"primaryImageOfPage\":{\"@id\":\"https:\/\/www.distribucionarc.com\/tr\/producto\/mezcladora-v-blender-industrial-de-alta-capacidad\/#primaryimage\"},\"image\":{\"@id\":\"https:\/\/www.distribucionarc.com\/tr\/producto\/mezcladora-v-blender-industrial-de-alta-capacidad\/#primaryimage\"},\"thumbnailUrl\":\"https:\/\/distribucionarc.com\/wp-content\/uploads\/2024\/04\/MEZCLADORA-V-BLENDER-INDUSTRIAL-DE-ALTA-CAPACIDAD.jpg\",\"datePublished\":\"2024-04-26T18:22:25+00:00\",\"dateModified\":\"2024-04-26T18:22:27+00:00\",\"breadcrumb\":{\"@id\":\"https:\/\/www.distribucionarc.com\/tr\/producto\/mezcladora-v-blender-industrial-de-alta-capacidad\/#breadcrumb\"},\"inLanguage\":\"sk-SK\",\"potentialAction\":[{\"@type\":\"ReadAction\",\"target\":[\"https:\/\/www.distribucionarc.com\/tr\/producto\/mezcladora-v-blender-industrial-de-alta-capacidad\/\"]}]},{\"@type\":\"ImageObject\",\"inLanguage\":\"sk-SK\",\"@id\":\"https:\/\/www.distribucionarc.com\/tr\/producto\/mezcladora-v-blender-industrial-de-alta-capacidad\/#primaryimage\",\"url\":\"https:\/\/distribucionarc.com\/wp-content\/uploads\/2024\/04\/MEZCLADORA-V-BLENDER-INDUSTRIAL-DE-ALTA-CAPACIDAD.jpg\",\"contentUrl\":\"https:\/\/distribucionarc.com\/wp-content\/uploads\/2024\/04\/MEZCLADORA-V-BLENDER-INDUSTRIAL-DE-ALTA-CAPACIDAD.jpg\",\"width\":736,\"height\":712,\"caption\":\"#image_title\"},{\"@type\":\"BreadcrumbList\",\"@id\":\"https:\/\/www.distribucionarc.com\/tr\/producto\/mezcladora-v-blender-industrial-de-alta-capacidad\/#breadcrumb\",\"itemListElement\":[{\"@type\":\"ListItem\",\"position\":1,\"name\":\"Portada\",\"item\":\"https:\/\/www.distribucionarc.com\/tr\/\"},{\"@type\":\"ListItem\",\"position\":2,\"name\":\"Produktai\",\"item\":\"https:\/\/distribucionarc.com\/lt\/parduotuve\/\"},{\"@type\":\"ListItem\",\"position\":3,\"name\":\"MEZCLADORA V BLENDER INDUSTRIAL DE ALTA CAPACIDAD\"}]},{\"@type\":\"WebSite\",\"@id\":\"https:\/\/www.distribucionarc.com\/tr\/#website\",\"url\":\"https:\/\/www.distribucionarc.com\/tr\/\",\"name\":\"distribuci\u00f3n ARC\",\"description\":\"Empresa especializada en la fabricaci\u00f3n y distribuci\u00f3n de maquinaria industrial, selladoras de latas, Maquinas de hacer pastillas, Maquinas de cortar carne...\",\"publisher\":{\"@id\":\"https:\/\/www.distribucionarc.com\/tr\/#organization\"},\"potentialAction\":[{\"@type\":\"SearchAction\",\"target\":{\"@type\":\"EntryPoint\",\"urlTemplate\":\"https:\/\/www.distribucionarc.com\/tr\/?s={search_term_string}\"},\"query-input\":{\"@type\":\"PropertyValueSpecification\",\"valueRequired\":true,\"valueName\":\"search_term_string\"}}],\"inLanguage\":\"sk-SK\"},{\"@type\":\"Organization\",\"@id\":\"https:\/\/www.distribucionarc.com\/tr\/#organization\",\"name\":\"Distribuci\u00f3n ARC\",\"url\":\"https:\/\/www.distribucionarc.com\/tr\/\",\"logo\":{\"@type\":\"ImageObject\",\"inLanguage\":\"sk-SK\",\"@id\":\"https:\/\/www.distribucionarc.com\/tr\/#\/schema\/logo\/image\/\",\"url\":\"https:\/\/distribucionarc.com\/wp-content\/uploads\/2024\/10\/distribucion-ARC-COLOR-SIN-FONDO-e1732295305345.png\",\"contentUrl\":\"https:\/\/distribucionarc.com\/wp-content\/uploads\/2024\/10\/distribucion-ARC-COLOR-SIN-FONDO-e1732295305345.png\",\"width\":1164,\"height\":558,\"caption\":\"Distribuci\u00f3n ARC\"},\"image\":{\"@id\":\"https:\/\/www.distribucionarc.com\/tr\/#\/schema\/logo\/image\/\"},\"description\":\"Empresa especializada en la fabricaci\u00f3n y distribuci\u00f3n de maquinaria industrial para los sectores alimentario y farmac\u00e9utico. Nos especializamos en: M\u00e1quinas de cortar carne Fabricaci\u00f3n de comprimidos Sistemas de transporte industrial L\u00edneas de embotellado Dosificadores Y mucho m\u00e1s... Ofrecemos soluciones innovadoras y personalizadas para optimizar los procesos productivos de tu empresa.\",\"email\":\"Admistracion@distribucionarc.com\",\"telephone\":\"+34 643496664\",\"legalName\":\"ARC TECH SOLUTIONS\",\"foundingDate\":\"2024-04-09\",\"vatID\":\"B55480172\",\"numberOfEmployees\":{\"@type\":\"QuantitativeValue\",\"minValue\":\"1\",\"maxValue\":\"10\"}}]}<\/script>\n<!-- \/ Yoast SEO Premium plugin. -->","yoast_head_json":{"title":"VYSOKOKAPACITN\u00c1 PRIEMYSELN\u00c1 V MIE\u0160A\u010cKA - ARC rozvod","robots":{"index":"index","follow":"follow","max-snippet":"max-snippet:-1","max-image-preview":"max-image-preview:large","max-video-preview":"max-video-preview:-1"},"canonical":"https:\/\/www.distribucionarc.com\/tr\/producto\/mezcladora-v-blender-industrial-de-alta-capacidad\/","og_locale":"sk_SK","og_type":"article","og_title":"MEZCLADORA V BLENDER INDUSTRIAL DE ALTA CAPACIDAD","og_description":"Descubre nuestra M\u00e1quina V BLENDER Industrial Especializada en la mezcla de materiales en polvo seco, perfecta para las industrias farmac\u00e9utica,","og_url":"https:\/\/www.distribucionarc.com\/tr\/producto\/mezcladora-v-blender-industrial-de-alta-capacidad\/","og_site_name":"distribuci\u00f3n ARC","article_modified_time":"2024-04-26T18:22:27+00:00","og_image":[{"width":736,"height":712,"url":"https:\/\/www.distribucionarc.com\/wp-content\/uploads\/2024\/04\/MEZCLADORA-V-BLENDER-INDUSTRIAL-DE-ALTA-CAPACIDAD.jpg","type":"image\/jpeg"}],"twitter_card":"summary_large_image","twitter_misc":{"Predpokladan\u00fd \u010das \u010d\u00edtania":"1 min\u00fata"},"schema":{"@context":"https:\/\/schema.org","@graph":[{"@type":"WebPage","@id":"https:\/\/www.distribucionarc.com\/tr\/producto\/mezcladora-v-blender-industrial-de-alta-capacidad\/","url":"https:\/\/www.distribucionarc.com\/tr\/producto\/mezcladora-v-blender-industrial-de-alta-capacidad\/","name":"VYSOKOKAPACITN\u00c1 PRIEMYSELN\u00c1 V MIE\u0160A\u010cKA - ARC rozvod","isPartOf":{"@id":"https:\/\/www.distribucionarc.com\/tr\/#website"},"primaryImageOfPage":{"@id":"https:\/\/www.distribucionarc.com\/tr\/producto\/mezcladora-v-blender-industrial-de-alta-capacidad\/#primaryimage"},"image":{"@id":"https:\/\/www.distribucionarc.com\/tr\/producto\/mezcladora-v-blender-industrial-de-alta-capacidad\/#primaryimage"},"thumbnailUrl":"https:\/\/distribucionarc.com\/wp-content\/uploads\/2024\/04\/MEZCLADORA-V-BLENDER-INDUSTRIAL-DE-ALTA-CAPACIDAD.jpg","datePublished":"2024-04-26T18:22:25+00:00","dateModified":"2024-04-26T18:22:27+00:00","breadcrumb":{"@id":"https:\/\/www.distribucionarc.com\/tr\/producto\/mezcladora-v-blender-industrial-de-alta-capacidad\/#breadcrumb"},"inLanguage":"sk-SK","potentialAction":[{"@type":"ReadAction","target":["https:\/\/www.distribucionarc.com\/tr\/producto\/mezcladora-v-blender-industrial-de-alta-capacidad\/"]}]},{"@type":"ImageObject","inLanguage":"sk-SK","@id":"https:\/\/www.distribucionarc.com\/tr\/producto\/mezcladora-v-blender-industrial-de-alta-capacidad\/#primaryimage","url":"https:\/\/distribucionarc.com\/wp-content\/uploads\/2024\/04\/MEZCLADORA-V-BLENDER-INDUSTRIAL-DE-ALTA-CAPACIDAD.jpg","contentUrl":"https:\/\/distribucionarc.com\/wp-content\/uploads\/2024\/04\/MEZCLADORA-V-BLENDER-INDUSTRIAL-DE-ALTA-CAPACIDAD.jpg","width":736,"height":712,"caption":"#image_title"},{"@type":"BreadcrumbList","@id":"https:\/\/www.distribucionarc.com\/tr\/producto\/mezcladora-v-blender-industrial-de-alta-capacidad\/#breadcrumb","itemListElement":[{"@type":"ListItem","position":1,"name":"Portada","item":"https:\/\/www.distribucionarc.com\/tr\/"},{"@type":"ListItem","position":2,"name":"Produktai","item":"https:\/\/distribucionarc.com\/lt\/parduotuve\/"},{"@type":"ListItem","position":3,"name":"MEZCLADORA V BLENDER INDUSTRIAL DE ALTA CAPACIDAD"}]},{"@type":"WebSite","@id":"https:\/\/www.distribucionarc.com\/tr\/#website","url":"https:\/\/www.distribucionarc.com\/tr\/","name":"ARC distrib\u00facia","description":"Spolo\u010dnos\u0165 sa \u0161pecializuje na v\u00fdrobu a distrib\u00faciu priemyseln\u00fdch strojov, strojov na uzatv\u00e1ranie plechoviek, strojov na v\u00fdrobu tabliet, strojov na porciovanie m\u00e4sa...","publisher":{"@id":"https:\/\/www.distribucionarc.com\/tr\/#organization"},"potentialAction":[{"@type":"SearchAction","target":{"@type":"EntryPoint","urlTemplate":"https:\/\/www.distribucionarc.com\/tr\/?s={search_term_string}"},"query-input":{"@type":"PropertyValueSpecification","valueRequired":true,"valueName":"search_term_string"}}],"inLanguage":"sk-SK"},{"@type":"Organization","@id":"https:\/\/www.distribucionarc.com\/tr\/#organization","name":"Distrib\u00facia ARC","url":"https:\/\/www.distribucionarc.com\/tr\/","logo":{"@type":"ImageObject","inLanguage":"sk-SK","@id":"https:\/\/www.distribucionarc.com\/tr\/#\/schema\/logo\/image\/","url":"https:\/\/distribucionarc.com\/wp-content\/uploads\/2024\/10\/distribucion-ARC-COLOR-SIN-FONDO-e1732295305345.png","contentUrl":"https:\/\/distribucionarc.com\/wp-content\/uploads\/2024\/10\/distribucion-ARC-COLOR-SIN-FONDO-e1732295305345.png","width":1164,"height":558,"caption":"Distribuci\u00f3n ARC"},"image":{"@id":"https:\/\/www.distribucionarc.com\/tr\/#\/schema\/logo\/image\/"},"description":"Spolo\u010dnos\u0165 \u0161pecializuj\u00faca sa na v\u00fdrobu a distrib\u00faciu priemyseln\u00fdch strojov pre potravin\u00e1rsky a farmaceutick\u00fd sektor. \u0160pecializujeme sa na: Stroje na kr\u00e1janie m\u00e4sa V\u00fdroba tabliet Priemyseln\u00e9 dopravn\u00e9 syst\u00e9my D\u00e1vkova\u010de na f\u013ea\u0161e A ove\u013ea viac... Pon\u00fakame inovat\u00edvne a prisp\u00f4soben\u00e9 rie\u0161enia na optimaliz\u00e1ciu v\u00fdrobn\u00fdch procesov va\u0161ej spolo\u010dnosti.","email":"Admistracion@distribucionarc.com","telephone":"+34 643496664","legalName":"ARC TECH SOLUTIONS","foundingDate":"2024-04-09","vatID":"B55480172","numberOfEmployees":{"@type":"QuantitativeValue","minValue":"1","maxValue":"10"}}]}},"_links":{"self":[{"href":"https:\/\/distribucionarc.com\/sk\/wp-json\/wp\/v2\/product\/6892","targetHints":{"allow":["GET"]}}],"collection":[{"href":"https:\/\/distribucionarc.com\/sk\/wp-json\/wp\/v2\/product"}],"about":[{"href":"https:\/\/distribucionarc.com\/sk\/wp-json\/wp\/v2\/types\/product"}],"replies":[{"embeddable":true,"href":"https:\/\/distribucionarc.com\/sk\/wp-json\/wp\/v2\/comments?post=6892"}],"version-history":[{"count":0,"href":"https:\/\/distribucionarc.com\/sk\/wp-json\/wp\/v2\/product\/6892\/revisions"}],"wp:featuredmedia":[{"embeddable":true,"href":"https:\/\/distribucionarc.com\/sk\/wp-json\/wp\/v2\/media\/6906"}],"wp:attachment":[{"href":"https:\/\/distribucionarc.com\/sk\/wp-json\/wp\/v2\/media?parent=6892"}],"wp:term":[{"taxonomy":"product_brand","embeddable":true,"href":"https:\/\/distribucionarc.com\/sk\/wp-json\/wp\/v2\/product_brand?post=6892"},{"taxonomy":"product_cat","embeddable":true,"href":"https:\/\/distribucionarc.com\/sk\/wp-json\/wp\/v2\/product_cat?post=6892"},{"taxonomy":"product_tag","embeddable":true,"href":"https:\/\/distribucionarc.com\/sk\/wp-json\/wp\/v2\/product_tag?post=6892"}],"curies":[{"name":"pracovn\u00fd list","href":"https:\/\/api.w.org\/{rel}","templated":true}]}}