{"id":6938,"date":"2024-04-27T04:08:04","date_gmt":"2024-04-27T04:08:04","guid":{"rendered":"https:\/\/distribucionarc.com\/?post_type=product&#038;p=6938"},"modified":"2024-04-27T04:08:05","modified_gmt":"2024-04-27T04:08:05","slug":"homogenny-mixer-kuzelovy-mixer-na-zensen-tabletky","status":"publish","type":"product","link":"https:\/\/distribucionarc.com\/sk\/producto\/mezclador-de-cono-de-mezcla-homogenea-para-pildoras-de-ginseng\/","title":{"rendered":"HOMOG\u00c9NNY MIX KU\u017dELOV\u00dd MIX\u00c9R NA \u017dEN\u0160EN PALULKY"},"content":{"rendered":"<p>Objavte <strong>Ku\u017ee\u013eov\u00fd mix\u00e9r s\u00e9rie YARZ<\/strong>, dokonal\u00e9 rie\u0161enie pre farmaceutick\u00fd, chemick\u00fd a potravin\u00e1rsky priemysel. Toto inovat\u00edvne zariadenie pon\u00faka vysok\u00fa \u00fa\u010dinnos\u0165 mie\u0161ania bez m\u0155tvych uhlov, \u010do zaru\u010duje homog\u00e9nnu distrib\u00faciu materi\u00e1lov<strong> \u017een\u0161enov\u00e9 pilulky<\/strong>. Navrhnut\u00e9 s jedn\u00fdm motorom, ot\u00e1\u010da sa iba valec, zatia\u013e \u010do vn\u00fatorn\u00e1 lopatka zost\u00e1va statick\u00e1, \u010do zais\u0165uje presn\u00fd a kontrolovan\u00fd proces mie\u0161ania. Zv\u00fd\u0161te kvalitu a efektivitu vo svojich v\u00fdrobn\u00fdch oper\u00e1ci\u00e1ch pomocou <strong>Ku\u017ee\u013eov\u00fd mix\u00e9r s\u00e9rie YARZ.<\/strong> Optimalizujte svoje v\u00fdsledky pomocou na\u0161ej \u0161pi\u010dkovej technol\u00f3gie!<\/p>\n<p>&nbsp;<\/p>\n<table>\n<tbody>\n<tr>\n<td width=\"63\">model<\/td>\n<td width=\"63\">Objem (litre)<\/td>\n<td width=\"63\">Efekt\u00edvny objem (litre)<\/td>\n<td width=\"63\">Maxim\u00e1lne za\u0165a\u017eenie (kg)<\/td>\n<td width=\"63\">\u010cas d\u00e1vky (milimetre)<\/td>\n<td width=\"63\">R\u00fdchlos\u0165 (ot\u00e1\u010dky-min)<\/td>\n<td width=\"63\">V\u00fdkon (w)<\/td>\n<td width=\"63\">Celkov\u00e1 ve\u013ekos\u0165 (milimetre)<\/td>\n<td width=\"63\">Hmotnos\u0165 (kg)<\/td>\n<\/tr>\n<tr>\n<td width=\"63\">YARZ-1KG<\/td>\n<td width=\"63\">3<\/td>\n<td width=\"63\">1.5<\/td>\n<td width=\"63\">1<\/td>\n<td width=\"63\">6-8<\/td>\n<td width=\"63\">0-34<\/td>\n<td width=\"63\">15<\/td>\n<td width=\"63\">350*<\/p>\n<p>250*<\/p>\n<p>480*<\/td>\n<td width=\"63\"><\/td>\n<\/tr>\n<tr>\n<td width=\"63\">YARZ-2KG<\/td>\n<td width=\"63\">6<\/td>\n<td width=\"63\">3<\/td>\n<td width=\"63\">2<\/td>\n<td width=\"63\">6-8<\/td>\n<td width=\"63\">0-34<\/td>\n<td width=\"63\">40<\/td>\n<td width=\"63\">430*<\/p>\n<p>300*<\/p>\n<p>580*<\/td>\n<td width=\"63\"><\/td>\n<\/tr>\n<tr>\n<td width=\"63\">YARZ-3KG<\/td>\n<td width=\"63\">9<\/td>\n<td width=\"63\">4.5<\/td>\n<td width=\"63\">3<\/td>\n<td width=\"63\">6-8<\/td>\n<td width=\"63\">0-34<\/td>\n<td width=\"63\">40<\/td>\n<td width=\"63\">440*<\/p>\n<p>300*<\/p>\n<p>580*<\/td>\n<td width=\"63\"><\/td>\n<\/tr>\n<tr>\n<td width=\"63\">YARZ-5 kg<\/td>\n<td width=\"63\">15<\/td>\n<td width=\"63\">7.5<\/td>\n<td width=\"63\">5<\/td>\n<td width=\"63\">6-8<\/td>\n<td width=\"63\">0-34<\/td>\n<td width=\"63\">60<\/td>\n<td width=\"63\">480*<\/p>\n<p>380*<\/p>\n<p>860*<\/td>\n<td width=\"63\"><\/td>\n<\/tr>\n<tr>\n<td width=\"63\">YARZ-10 kg<\/td>\n<td width=\"63\">30<\/td>\n<td width=\"63\">16<\/td>\n<td width=\"63\">10<\/td>\n<td width=\"63\">6-8<\/td>\n<td width=\"63\">0-34<\/td>\n<td width=\"63\">90<\/td>\n<td width=\"63\">600*<\/p>\n<p>420*<\/p>\n<p>860*<\/td>\n<td width=\"63\"><\/td>\n<\/tr>\n<tr>\n<td width=\"63\">YARZ-15 kg<\/td>\n<td width=\"63\">45<\/td>\n<td width=\"63\">23<\/td>\n<td width=\"63\">15<\/td>\n<td width=\"63\">6-8<\/td>\n<td width=\"63\">0-34<\/td>\n<td width=\"63\">140<\/td>\n<td width=\"63\">600*<\/p>\n<p>600*<\/p>\n<p>1050*<\/td>\n<td width=\"63\"><\/td>\n<\/tr>\n<tr>\n<td width=\"63\">YARZ-20 kg<\/td>\n<td width=\"63\">60<\/td>\n<td width=\"63\">31<\/td>\n<td width=\"63\">20<\/td>\n<td width=\"63\">6-8<\/td>\n<td width=\"63\">0-34<\/td>\n<td width=\"63\">250<\/td>\n<td width=\"63\">580*<\/p>\n<p>650*<\/p>\n<p>1100*<\/td>\n<td width=\"63\"><\/td>\n<\/tr>\n<tr>\n<td width=\"63\">YARZ-50 kg<\/td>\n<td width=\"63\">150<\/td>\n<td width=\"63\">80<\/td>\n<td width=\"63\">50<\/td>\n<td width=\"63\">6-8<\/td>\n<td width=\"63\">380V pevn\u00e1 r\u00fdchlos\u0165 -16<\/p>\n<p>Regul\u00e1cia ot\u00e1\u010dok 220V 0-18<\/td>\n<td width=\"63\">550<\/td>\n<td width=\"63\">860*<\/p>\n<p>1000*<\/p>\n<p>1450*<\/td>\n<td width=\"63\"><\/td>\n<\/tr>\n<\/tbody>\n<\/table>\n<p>&nbsp;<\/p>","protected":false},"excerpt":{"rendered":"<p>Objavte ku\u017ee\u013eov\u00fd mix\u00e9r s\u00e9rie YARZ, perfektn\u00e9 rie\u0161enie pre farmaceutick\u00fd, chemick\u00fd a potravin\u00e1rsky priemysel. Tento inovat\u00edvny t\u00edm<\/p>","protected":false},"featured_media":6949,"comment_status":"open","ping_status":"closed","template":"","meta":{"wds_primary_product_brand":0,"wds_primary_product_cat":0},"product_brand":[],"product_cat":[84],"product_tag":[],"class_list":{"0":"post-6938","1":"product","2":"type-product","3":"status-publish","4":"has-post-thumbnail","6":"product_cat-maquinas-para-hacer-pastillas","8":"first","9":"instock","10":"taxable","11":"shipping-taxable","12":"purchasable","13":"product-type-simple"},"yoast_head":"<!-- This site is optimized with the Yoast SEO Premium plugin v24.9 (Yoast SEO v26.1) - https:\/\/yoast.com\/wordpress\/plugins\/seo\/ -->\n<title>MEZCLADORA DE CONO DE MEZCLA HOMOGENEA PARA PILDORA DE GINSENG - distribuci\u00f3n ARC<\/title>\n<meta name=\"robots\" content=\"index, follow, max-snippet:-1, max-image-preview:large, max-video-preview:-1\" \/>\n<link rel=\"canonical\" href=\"https:\/\/jagdesd.tempurl.host\/el\/producto\/mezclador-de-cono-de-mezcla-homogenea-para-pildoras-de-ginseng\/\" \/>\n<meta property=\"og:locale\" content=\"sk_SK\" \/>\n<meta property=\"og:type\" content=\"article\" \/>\n<meta property=\"og:title\" content=\"MEZCLADORA DE CONO DE MEZCLA HOMOGENEA PARA PILDORA DE GINSENG\" \/>\n<meta property=\"og:description\" content=\"Descubre el Mezclador de Cono Serie YARZ, la soluci\u00f3n perfecta para la industria farmac\u00e9utica, qu\u00edmica y alimentaria. Este innovador equipo\" \/>\n<meta property=\"og:url\" content=\"https:\/\/jagdesd.tempurl.host\/el\/producto\/mezclador-de-cono-de-mezcla-homogenea-para-pildoras-de-ginseng\/\" \/>\n<meta property=\"og:site_name\" content=\"distribuci\u00f3n ARC\" \/>\n<meta property=\"article:modified_time\" content=\"2024-04-27T04:08:05+00:00\" \/>\n<meta property=\"og:image\" content=\"https:\/\/jagdesd.tempurl.host\/wp-content\/uploads\/2024\/04\/MEZCLADORA-DE-CONO-DE-MEZCLA-HOMOGENEA-PARA-PILDORA-DE-GINSENG.webp\" \/>\n\t<meta property=\"og:image:width\" content=\"864\" \/>\n\t<meta property=\"og:image:height\" content=\"896\" \/>\n\t<meta property=\"og:image:type\" content=\"image\/webp\" \/>\n<meta name=\"twitter:card\" content=\"summary_large_image\" \/>\n<meta name=\"twitter:label1\" content=\"Predpokladan\u00fd \u010das \u010d\u00edtania\" \/>\n\t<meta name=\"twitter:data1\" content=\"1 min\u00fata\" \/>\n<script type=\"application\/ld+json\" class=\"yoast-schema-graph\">{\"@context\":\"https:\/\/schema.org\",\"@graph\":[{\"@type\":\"WebPage\",\"@id\":\"https:\/\/jagdesd.tempurl.host\/el\/producto\/mezclador-de-cono-de-mezcla-homogenea-para-pildoras-de-ginseng\/\",\"url\":\"https:\/\/jagdesd.tempurl.host\/el\/producto\/mezclador-de-cono-de-mezcla-homogenea-para-pildoras-de-ginseng\/\",\"name\":\"MEZCLADORA DE CONO DE MEZCLA HOMOGENEA PARA PILDORA DE GINSENG - distribuci\u00f3n ARC\",\"isPartOf\":{\"@id\":\"https:\/\/distribucionarc.com\/ar\/#website\"},\"primaryImageOfPage\":{\"@id\":\"https:\/\/jagdesd.tempurl.host\/el\/producto\/mezclador-de-cono-de-mezcla-homogenea-para-pildoras-de-ginseng\/#primaryimage\"},\"image\":{\"@id\":\"https:\/\/jagdesd.tempurl.host\/el\/producto\/mezclador-de-cono-de-mezcla-homogenea-para-pildoras-de-ginseng\/#primaryimage\"},\"thumbnailUrl\":\"https:\/\/distribucionarc.com\/wp-content\/uploads\/2024\/04\/MEZCLADORA-DE-CONO-DE-MEZCLA-HOMOGENEA-PARA-PILDORA-DE-GINSENG.webp\",\"datePublished\":\"2024-04-27T04:08:04+00:00\",\"dateModified\":\"2024-04-27T04:08:05+00:00\",\"breadcrumb\":{\"@id\":\"https:\/\/jagdesd.tempurl.host\/el\/producto\/mezclador-de-cono-de-mezcla-homogenea-para-pildoras-de-ginseng\/#breadcrumb\"},\"inLanguage\":\"sk-SK\",\"potentialAction\":[{\"@type\":\"ReadAction\",\"target\":[\"https:\/\/jagdesd.tempurl.host\/el\/producto\/mezclador-de-cono-de-mezcla-homogenea-para-pildoras-de-ginseng\/\"]}]},{\"@type\":\"ImageObject\",\"inLanguage\":\"sk-SK\",\"@id\":\"https:\/\/jagdesd.tempurl.host\/el\/producto\/mezclador-de-cono-de-mezcla-homogenea-para-pildoras-de-ginseng\/#primaryimage\",\"url\":\"https:\/\/distribucionarc.com\/wp-content\/uploads\/2024\/04\/MEZCLADORA-DE-CONO-DE-MEZCLA-HOMOGENEA-PARA-PILDORA-DE-GINSENG.webp\",\"contentUrl\":\"https:\/\/distribucionarc.com\/wp-content\/uploads\/2024\/04\/MEZCLADORA-DE-CONO-DE-MEZCLA-HOMOGENEA-PARA-PILDORA-DE-GINSENG.webp\",\"width\":864,\"height\":896,\"caption\":\"#image_title\"},{\"@type\":\"BreadcrumbList\",\"@id\":\"https:\/\/jagdesd.tempurl.host\/el\/producto\/mezclador-de-cono-de-mezcla-homogenea-para-pildoras-de-ginseng\/#breadcrumb\",\"itemListElement\":[{\"@type\":\"ListItem\",\"position\":1,\"name\":\"Portada\",\"item\":\"https:\/\/www.distribucionarc.com\/pt\/\"},{\"@type\":\"ListItem\",\"position\":2,\"name\":\"Produtos\",\"item\":\"https:\/\/www.distribucionarc.com\/pt\/shop\/\"},{\"@type\":\"ListItem\",\"position\":3,\"name\":\"MEZCLADORA DE CONO DE MEZCLA HOMOGENEA PARA PILDORA DE GINSENG\"}]},{\"@type\":\"WebSite\",\"@id\":\"https:\/\/distribucionarc.com\/ar\/#website\",\"url\":\"https:\/\/distribucionarc.com\/ar\/\",\"name\":\"distribuci\u00f3n ARC\",\"description\":\"Empresa especializada en la fabricaci\u00f3n y distribuci\u00f3n de maquinaria industrial, selladoras de latas, Maquinas de hacer pastillas, Maquinas de cortar carne...\",\"publisher\":{\"@id\":\"https:\/\/distribucionarc.com\/ar\/#organization\"},\"potentialAction\":[{\"@type\":\"SearchAction\",\"target\":{\"@type\":\"EntryPoint\",\"urlTemplate\":\"https:\/\/distribucionarc.com\/ar\/?s={search_term_string}\"},\"query-input\":{\"@type\":\"PropertyValueSpecification\",\"valueRequired\":true,\"valueName\":\"search_term_string\"}}],\"inLanguage\":\"sk-SK\"},{\"@type\":\"Organization\",\"@id\":\"https:\/\/distribucionarc.com\/ar\/#organization\",\"name\":\"Distribuci\u00f3n ARC\",\"url\":\"https:\/\/distribucionarc.com\/ar\/\",\"logo\":{\"@type\":\"ImageObject\",\"inLanguage\":\"sk-SK\",\"@id\":\"https:\/\/distribucionarc.com\/ar\/#\/schema\/logo\/image\/\",\"url\":\"https:\/\/distribucionarc.com\/wp-content\/uploads\/2024\/10\/distribucion-ARC-COLOR-SIN-FONDO-e1732295305345.png\",\"contentUrl\":\"https:\/\/distribucionarc.com\/wp-content\/uploads\/2024\/10\/distribucion-ARC-COLOR-SIN-FONDO-e1732295305345.png\",\"width\":1164,\"height\":558,\"caption\":\"Distribuci\u00f3n ARC\"},\"image\":{\"@id\":\"https:\/\/distribucionarc.com\/ar\/#\/schema\/logo\/image\/\"},\"description\":\"Empresa especializada en la fabricaci\u00f3n y distribuci\u00f3n de maquinaria industrial para los sectores alimentario y farmac\u00e9utico. Nos especializamos en: M\u00e1quinas de cortar carne Fabricaci\u00f3n de comprimidos Sistemas de transporte industrial L\u00edneas de embotellado Dosificadores Y mucho m\u00e1s... Ofrecemos soluciones innovadoras y personalizadas para optimizar los procesos productivos de tu empresa.\",\"email\":\"Admistracion@distribucionarc.com\",\"telephone\":\"+34 643496664\",\"legalName\":\"ARC TECH SOLUTIONS\",\"foundingDate\":\"2024-04-09\",\"vatID\":\"B55480172\",\"numberOfEmployees\":{\"@type\":\"QuantitativeValue\",\"minValue\":\"1\",\"maxValue\":\"10\"}}]}<\/script>\n<!-- \/ Yoast SEO Premium plugin. -->","yoast_head_json":{"title":"HOMOG\u00c9NNY MIX KU\u017dE\u013dOV\u00dd MIXER NA \u017dENSENOV\u00c9 PILULKY - distrib\u00facia ARC","robots":{"index":"index","follow":"follow","max-snippet":"max-snippet:-1","max-image-preview":"max-image-preview:large","max-video-preview":"max-video-preview:-1"},"canonical":"https:\/\/jagdesd.tempurl.host\/el\/producto\/mezclador-de-cono-de-mezcla-homogenea-para-pildoras-de-ginseng\/","og_locale":"sk_SK","og_type":"article","og_title":"MEZCLADORA DE CONO DE MEZCLA HOMOGENEA PARA PILDORA DE GINSENG","og_description":"Descubre el Mezclador de Cono Serie YARZ, la soluci\u00f3n perfecta para la industria farmac\u00e9utica, qu\u00edmica y alimentaria. Este innovador equipo","og_url":"https:\/\/jagdesd.tempurl.host\/el\/producto\/mezclador-de-cono-de-mezcla-homogenea-para-pildoras-de-ginseng\/","og_site_name":"distribuci\u00f3n ARC","article_modified_time":"2024-04-27T04:08:05+00:00","og_image":[{"width":864,"height":896,"url":"https:\/\/jagdesd.tempurl.host\/wp-content\/uploads\/2024\/04\/MEZCLADORA-DE-CONO-DE-MEZCLA-HOMOGENEA-PARA-PILDORA-DE-GINSENG.webp","type":"image\/webp"}],"twitter_card":"summary_large_image","twitter_misc":{"Predpokladan\u00fd \u010das \u010d\u00edtania":"1 min\u00fata"},"schema":{"@context":"https:\/\/schema.org","@graph":[{"@type":"WebPage","@id":"https:\/\/jagdesd.tempurl.host\/el\/producto\/mezclador-de-cono-de-mezcla-homogenea-para-pildoras-de-ginseng\/","url":"https:\/\/jagdesd.tempurl.host\/el\/producto\/mezclador-de-cono-de-mezcla-homogenea-para-pildoras-de-ginseng\/","name":"HOMOG\u00c9NNY MIX KU\u017dE\u013dOV\u00dd MIXER NA \u017dENSENOV\u00c9 PILULKY - distrib\u00facia ARC","isPartOf":{"@id":"https:\/\/distribucionarc.com\/ar\/#website"},"primaryImageOfPage":{"@id":"https:\/\/jagdesd.tempurl.host\/el\/producto\/mezclador-de-cono-de-mezcla-homogenea-para-pildoras-de-ginseng\/#primaryimage"},"image":{"@id":"https:\/\/jagdesd.tempurl.host\/el\/producto\/mezclador-de-cono-de-mezcla-homogenea-para-pildoras-de-ginseng\/#primaryimage"},"thumbnailUrl":"https:\/\/distribucionarc.com\/wp-content\/uploads\/2024\/04\/MEZCLADORA-DE-CONO-DE-MEZCLA-HOMOGENEA-PARA-PILDORA-DE-GINSENG.webp","datePublished":"2024-04-27T04:08:04+00:00","dateModified":"2024-04-27T04:08:05+00:00","breadcrumb":{"@id":"https:\/\/jagdesd.tempurl.host\/el\/producto\/mezclador-de-cono-de-mezcla-homogenea-para-pildoras-de-ginseng\/#breadcrumb"},"inLanguage":"sk-SK","potentialAction":[{"@type":"ReadAction","target":["https:\/\/jagdesd.tempurl.host\/el\/producto\/mezclador-de-cono-de-mezcla-homogenea-para-pildoras-de-ginseng\/"]}]},{"@type":"ImageObject","inLanguage":"sk-SK","@id":"https:\/\/jagdesd.tempurl.host\/el\/producto\/mezclador-de-cono-de-mezcla-homogenea-para-pildoras-de-ginseng\/#primaryimage","url":"https:\/\/distribucionarc.com\/wp-content\/uploads\/2024\/04\/MEZCLADORA-DE-CONO-DE-MEZCLA-HOMOGENEA-PARA-PILDORA-DE-GINSENG.webp","contentUrl":"https:\/\/distribucionarc.com\/wp-content\/uploads\/2024\/04\/MEZCLADORA-DE-CONO-DE-MEZCLA-HOMOGENEA-PARA-PILDORA-DE-GINSENG.webp","width":864,"height":896,"caption":"#image_title"},{"@type":"BreadcrumbList","@id":"https:\/\/jagdesd.tempurl.host\/el\/producto\/mezclador-de-cono-de-mezcla-homogenea-para-pildoras-de-ginseng\/#breadcrumb","itemListElement":[{"@type":"ListItem","position":1,"name":"Portada","item":"https:\/\/www.distribucionarc.com\/pt\/"},{"@type":"ListItem","position":2,"name":"Produtos","item":"https:\/\/www.distribucionarc.com\/pt\/shop\/"},{"@type":"ListItem","position":3,"name":"MEZCLADORA DE CONO DE MEZCLA HOMOGENEA PARA PILDORA DE GINSENG"}]},{"@type":"WebSite","@id":"https:\/\/distribucionarc.com\/ar\/#website","url":"https:\/\/distribucionarc.com\/ar\/","name":"ARC distrib\u00facia","description":"Spolo\u010dnos\u0165 sa \u0161pecializuje na v\u00fdrobu a distrib\u00faciu priemyseln\u00fdch strojov, strojov na uzatv\u00e1ranie plechoviek, strojov na v\u00fdrobu tabliet, strojov na porciovanie m\u00e4sa...","publisher":{"@id":"https:\/\/distribucionarc.com\/ar\/#organization"},"potentialAction":[{"@type":"SearchAction","target":{"@type":"EntryPoint","urlTemplate":"https:\/\/distribucionarc.com\/ar\/?s={search_term_string}"},"query-input":{"@type":"PropertyValueSpecification","valueRequired":true,"valueName":"search_term_string"}}],"inLanguage":"sk-SK"},{"@type":"Organization","@id":"https:\/\/distribucionarc.com\/ar\/#organization","name":"Distrib\u00facia ARC","url":"https:\/\/distribucionarc.com\/ar\/","logo":{"@type":"ImageObject","inLanguage":"sk-SK","@id":"https:\/\/distribucionarc.com\/ar\/#\/schema\/logo\/image\/","url":"https:\/\/distribucionarc.com\/wp-content\/uploads\/2024\/10\/distribucion-ARC-COLOR-SIN-FONDO-e1732295305345.png","contentUrl":"https:\/\/distribucionarc.com\/wp-content\/uploads\/2024\/10\/distribucion-ARC-COLOR-SIN-FONDO-e1732295305345.png","width":1164,"height":558,"caption":"Distribuci\u00f3n ARC"},"image":{"@id":"https:\/\/distribucionarc.com\/ar\/#\/schema\/logo\/image\/"},"description":"Spolo\u010dnos\u0165 \u0161pecializuj\u00faca sa na v\u00fdrobu a distrib\u00faciu priemyseln\u00fdch strojov pre potravin\u00e1rsky a farmaceutick\u00fd sektor. \u0160pecializujeme sa na: Stroje na kr\u00e1janie m\u00e4sa V\u00fdroba tabliet Priemyseln\u00e9 dopravn\u00e9 syst\u00e9my D\u00e1vkova\u010de na f\u013ea\u0161e A ove\u013ea viac... Pon\u00fakame inovat\u00edvne a prisp\u00f4soben\u00e9 rie\u0161enia na optimaliz\u00e1ciu v\u00fdrobn\u00fdch procesov va\u0161ej spolo\u010dnosti.","email":"Admistracion@distribucionarc.com","telephone":"+34 643496664","legalName":"ARC TECH SOLUTIONS","foundingDate":"2024-04-09","vatID":"B55480172","numberOfEmployees":{"@type":"QuantitativeValue","minValue":"1","maxValue":"10"}}]}},"_links":{"self":[{"href":"https:\/\/distribucionarc.com\/sk\/wp-json\/wp\/v2\/product\/6938","targetHints":{"allow":["GET"]}}],"collection":[{"href":"https:\/\/distribucionarc.com\/sk\/wp-json\/wp\/v2\/product"}],"about":[{"href":"https:\/\/distribucionarc.com\/sk\/wp-json\/wp\/v2\/types\/product"}],"replies":[{"embeddable":true,"href":"https:\/\/distribucionarc.com\/sk\/wp-json\/wp\/v2\/comments?post=6938"}],"version-history":[{"count":0,"href":"https:\/\/distribucionarc.com\/sk\/wp-json\/wp\/v2\/product\/6938\/revisions"}],"wp:featuredmedia":[{"embeddable":true,"href":"https:\/\/distribucionarc.com\/sk\/wp-json\/wp\/v2\/media\/6949"}],"wp:attachment":[{"href":"https:\/\/distribucionarc.com\/sk\/wp-json\/wp\/v2\/media?parent=6938"}],"wp:term":[{"taxonomy":"product_brand","embeddable":true,"href":"https:\/\/distribucionarc.com\/sk\/wp-json\/wp\/v2\/product_brand?post=6938"},{"taxonomy":"product_cat","embeddable":true,"href":"https:\/\/distribucionarc.com\/sk\/wp-json\/wp\/v2\/product_cat?post=6938"},{"taxonomy":"product_tag","embeddable":true,"href":"https:\/\/distribucionarc.com\/sk\/wp-json\/wp\/v2\/product_tag?post=6938"}],"curies":[{"name":"pracovn\u00fd list","href":"https:\/\/api.w.org\/{rel}","templated":true}]}}