{"id":7004,"date":"2024-04-27T08:52:32","date_gmt":"2024-04-27T08:52:32","guid":{"rendered":"https:\/\/distribucionarc.com\/?post_type=product&#038;p=7004"},"modified":"2024-04-27T08:52:34","modified_gmt":"2024-04-27T08:52:34","slug":"obalovac-potahovaci-stroj-na-tabletky-s-aktivnymi-zlozkami","status":"publish","type":"product","link":"https:\/\/distribucionarc.com\/sk\/producto\/maquina-grajeadora-coater-para-pastillas-con-ingredientes-activos\/","title":{"rendered":"POTAHOVAC\u00cd GRUBOVA\u010c NA TABLETKY S AKT\u00cdVNYMI L\u00c1TKAMI"},"content":{"rendered":"<p>Objavte <strong>Po\u0165ahovac\u00ed stroj<\/strong> Po\u0165ahovac\u00ed stroj s\u00e9rie BARY, v\u0161estrann\u00e9 zariadenie zn\u00e1me aj ako <strong>Po\u0165ahovac\u00ed stroj<\/strong>, <strong>natiera\u010d<\/strong>, bu\u010f <strong>po\u0165ahovac\u00ed bubon<\/strong>, nevyhnutn\u00e9 v <strong>farmaceutick\u00e9ho priemyslu<\/strong> a <strong>jedlo<\/strong>. Tento stroj je \u0161peci\u00e1lne navrhnut\u00fd pre <strong>obal tablety<\/strong> a <strong>tablety<\/strong> s inovat\u00edvnymi polym\u00e9rmi ry\u017eov\u00e9ho prote\u00ednu. S\u00e9ria BARY je vybaven\u00e1 po\u0165ahovacou n\u00e1dobou s nastavite\u013en\u00fdm uhlom sklonu a mo\u017enos\u0165ou integr\u00e1cie vykurovacieho zariadenia pod \u0148u, \u010do umo\u017e\u0148uje presn\u00fa kontrolu nad procesom po\u0165ahovania.<\/p>\n<p>The <strong>Po\u0165ahovac\u00ed stroj<\/strong> Bary s\u00e9rie Coater je ide\u00e1lny nielen pre farmaceutick\u00fd priemysel, kde sa pou\u017e\u00edva na zlep\u0161enie uvo\u013e\u0148ovania a ochrany <strong>akt\u00edvne zlo\u017eky<\/strong> lie\u010div, ale aj v cukr\u00e1rstve a v\u00fdrobe \u010dokol\u00e1dy, kde sa pou\u017e\u00edva na oba\u013eovanie vrstvami cukru resp <strong>\u010dokol\u00e1da<\/strong> r\u00f4zne produkty. V po\u013enohospod\u00e1rskej oblasti u\u013eah\u010duje aplik\u00e1ciu povlakov na semen\u00e1 a v sektore v\u00fd\u017eivy je ide\u00e1lny na zapuzdrenie vitam\u00ednov a doplnkov.<\/p>\n<p>Optimalizujte kvalitu svojich produktov a maximalizujte efektivitu svojej v\u00fdroby pomocou <strong>Po\u0165ahovac\u00ed stroj<\/strong> Po\u0165ahovac\u00ed stroj s\u00e9rie BARY. Posilnite svoju prev\u00e1dzku pomocou tohto \u0161pi\u010dkov\u00e9ho rie\u0161enia, ktor\u00e9 je navrhnut\u00e9 tak, aby poskytovalo v\u00fdnimo\u010dn\u00fd v\u00fdkon a vysokokvalitn\u00e9 v\u00fdsledky v r\u00f4znych priemyseln\u00fdch odvetviach!<\/p>\n<p>&nbsp;<\/p>\n<table>\n<tbody>\n<tr>\n<td width=\"57\">model<\/td>\n<td width=\"57\">Priemer n\u00e1doby na polym\u00e9rny povlak (mm)<\/td>\n<td width=\"57\">Po\u010d\u00edtanie r\u00fdchlosti hrnca<\/td>\n<td width=\"57\">V\u00fdkon motora (kw)<\/td>\n<td width=\"57\">v\u00fdkon ventil\u00e1tora (w)<\/td>\n<td width=\"57\">V\u00fdkon vykurovacieho k\u00e1bla (w)<\/td>\n<td width=\"57\">Kapacita (kg\/h)<\/td>\n<td width=\"57\">V\u00fdkon in\u00e9ho vykurovania<\/td>\n<td width=\"57\">\u010cist\u00e1 hmotnos\u0165 (kg)<\/td>\n<td width=\"57\">Celkov\u00e1 ve\u013ekos\u0165 (milimetre)<\/td>\n<\/tr>\n<tr>\n<td width=\"57\">300 BARY<\/td>\n<td width=\"57\">300<\/td>\n<td width=\"57\">46<\/td>\n<td width=\"57\">0.55<\/td>\n<td width=\"57\">500<\/td>\n<td width=\"57\">40<\/td>\n<td width=\"57\">2<\/td>\n<td width=\"57\">500<\/td>\n<td width=\"57\">65<\/td>\n<td width=\"57\">485*<\/p>\n<p>585*<\/p>\n<p>766*<\/td>\n<\/tr>\n<tr>\n<td width=\"57\">400 BARY<\/td>\n<td width=\"57\">400<\/td>\n<td width=\"57\">46<\/td>\n<td width=\"57\">0.55<\/td>\n<td width=\"57\">500<\/td>\n<td width=\"57\">40<\/td>\n<td width=\"57\">5<\/td>\n<td width=\"57\">500<\/td>\n<td width=\"57\">70<\/td>\n<td width=\"57\">485*<\/p>\n<p>585*<\/p>\n<p>810*<\/td>\n<\/tr>\n<tr>\n<td width=\"57\">BAY600<\/td>\n<td width=\"57\">600<\/td>\n<td width=\"57\">40<\/td>\n<td width=\"57\">0.75<\/td>\n<td width=\"57\">800<\/td>\n<td width=\"57\">60<\/td>\n<td width=\"57\">15<\/td>\n<td width=\"57\">600<\/td>\n<td width=\"57\">120<\/td>\n<td width=\"57\">700*<\/p>\n<p>540*<\/p>\n<p>1300*<\/td>\n<\/tr>\n<tr>\n<td width=\"57\">800 BARY<\/td>\n<td width=\"57\">800<\/td>\n<td width=\"57\">32<\/td>\n<td width=\"57\">1.1<\/td>\n<td width=\"57\">1000<\/td>\n<td width=\"57\">250<\/td>\n<td width=\"57\">90-50<\/td>\n<td width=\"57\">1000*2<\/td>\n<td width=\"57\">240<\/td>\n<td width=\"57\">925*<\/p>\n<p>900*<\/p>\n<p>1500*<\/td>\n<\/tr>\n<tr>\n<td width=\"57\">1000 BARY<\/td>\n<td width=\"57\">1000<\/td>\n<td width=\"57\">32<\/td>\n<td width=\"57\">1.5<\/td>\n<td width=\"57\">1000<\/td>\n<td width=\"57\">250<\/td>\n<td width=\"57\">50-70<\/td>\n<td width=\"57\">1000*2<\/td>\n<td width=\"57\">250<\/td>\n<td width=\"57\">1100*<\/p>\n<p>1100*<\/p>\n<p>1600*<\/td>\n<\/tr>\n<tr>\n<td width=\"57\">BARY1250<\/td>\n<td width=\"57\">1250<\/td>\n<td width=\"57\">30<\/td>\n<td width=\"57\">2.2<\/td>\n<td width=\"57\">1000<\/td>\n<td width=\"57\">250<\/td>\n<td width=\"57\">90-150<\/td>\n<td width=\"57\">1000*2<\/td>\n<td width=\"57\">280<\/td>\n<td width=\"57\">1200*<\/p>\n<p>1250*<\/p>\n<p>1630*<\/td>\n<\/tr>\n<\/tbody>\n<\/table>\n<p>&nbsp;<\/p>","protected":false},"excerpt":{"rendered":"<p>Objavte nan\u00e1\u0161ac\u00ed stroj s\u00e9rie BARY, v\u0161estrann\u00e9 zariadenie, zn\u00e1me aj ako nan\u00e1\u0161a\u010d alebo nan\u00e1\u0161ac\u00ed bubon, ktor\u00e9 je nevyhnutn\u00e9<\/p>","protected":false},"featured_media":7005,"comment_status":"open","ping_status":"closed","template":"","meta":{"wds_primary_product_brand":0,"wds_primary_product_cat":0},"product_brand":[],"product_cat":[84],"product_tag":[],"class_list":{"0":"post-7004","1":"product","2":"type-product","3":"status-publish","4":"has-post-thumbnail","6":"product_cat-maquinas-para-hacer-pastillas","8":"first","9":"instock","10":"taxable","11":"shipping-taxable","12":"purchasable","13":"product-type-simple"},"yoast_head":"<!-- This site is optimized with the Yoast SEO Premium plugin v24.9 (Yoast SEO v26.1) - https:\/\/yoast.com\/wordpress\/plugins\/seo\/ -->\n<title>MAQUINA GRAJEADORA COATER PARA PASTILLAS CON INGREDIENTES ACTIVOS - distribuci\u00f3n ARC<\/title>\n<meta name=\"robots\" content=\"index, follow, max-snippet:-1, max-image-preview:large, max-video-preview:-1\" \/>\n<link rel=\"canonical\" href=\"https:\/\/distribucionarc.com\/sk\/produktov\/obalovac-potahovaci-stroj-na-tabletky-s-aktivnymi-zlozkami\/\" \/>\n<meta property=\"og:locale\" content=\"sk_SK\" \/>\n<meta property=\"og:type\" content=\"article\" \/>\n<meta property=\"og:title\" content=\"MAQUINA GRAJEADORA COATER PARA PASTILLAS CON INGREDIENTES ACTIVOS\" \/>\n<meta property=\"og:description\" content=\"Descubre la M\u00e1quina Grajeadora Recubridora Serie BARY, un equipo vers\u00e1til tambi\u00e9n conocido como recubridora, coater, o tambor de recubrimiento, esencial\" \/>\n<meta property=\"og:url\" content=\"https:\/\/distribucionarc.com\/sk\/produktov\/obalovac-potahovaci-stroj-na-tabletky-s-aktivnymi-zlozkami\/\" \/>\n<meta property=\"og:site_name\" content=\"distribuci\u00f3n ARC\" \/>\n<meta property=\"article:modified_time\" content=\"2024-04-27T08:52:34+00:00\" \/>\n<meta property=\"og:image\" content=\"https:\/\/distribucionarc.com\/wp-content\/uploads\/2024\/04\/MAQUINA-GRAJEADORA-COATER-PARA-PASTILLAS-CON-INGREDIENTES-ACTIVOS.webp\" \/>\n\t<meta property=\"og:image:width\" content=\"1920\" \/>\n\t<meta property=\"og:image:height\" content=\"1108\" \/>\n\t<meta property=\"og:image:type\" content=\"image\/webp\" \/>\n<meta name=\"twitter:card\" content=\"summary_large_image\" \/>\n<meta name=\"twitter:label1\" content=\"Predpokladan\u00fd \u010das \u010d\u00edtania\" \/>\n\t<meta name=\"twitter:data1\" content=\"1 min\u00fata\" \/>\n<script type=\"application\/ld+json\" class=\"yoast-schema-graph\">{\"@context\":\"https:\/\/schema.org\",\"@graph\":[{\"@type\":\"WebPage\",\"@id\":\"https:\/\/distribucionarc.com\/de\/producto\/maquina-grajeadora-coater-para-pastillas-con-ingredientes-activos\/\",\"url\":\"https:\/\/distribucionarc.com\/de\/producto\/maquina-grajeadora-coater-para-pastillas-con-ingredientes-activos\/\",\"name\":\"MAQUINA GRAJEADORA COATER PARA PASTILLAS CON INGREDIENTES ACTIVOS - distribuci\u00f3n ARC\",\"isPartOf\":{\"@id\":\"https:\/\/www.distribucionarc.com\/sl\/#website\"},\"primaryImageOfPage\":{\"@id\":\"https:\/\/distribucionarc.com\/de\/producto\/maquina-grajeadora-coater-para-pastillas-con-ingredientes-activos\/#primaryimage\"},\"image\":{\"@id\":\"https:\/\/distribucionarc.com\/de\/producto\/maquina-grajeadora-coater-para-pastillas-con-ingredientes-activos\/#primaryimage\"},\"thumbnailUrl\":\"https:\/\/distribucionarc.com\/wp-content\/uploads\/2024\/04\/MAQUINA-GRAJEADORA-COATER-PARA-PASTILLAS-CON-INGREDIENTES-ACTIVOS.webp\",\"datePublished\":\"2024-04-27T08:52:32+00:00\",\"dateModified\":\"2024-04-27T08:52:34+00:00\",\"breadcrumb\":{\"@id\":\"https:\/\/distribucionarc.com\/de\/producto\/maquina-grajeadora-coater-para-pastillas-con-ingredientes-activos\/#breadcrumb\"},\"inLanguage\":\"sk-SK\",\"potentialAction\":[{\"@type\":\"ReadAction\",\"target\":[\"https:\/\/distribucionarc.com\/de\/producto\/maquina-grajeadora-coater-para-pastillas-con-ingredientes-activos\/\"]}]},{\"@type\":\"ImageObject\",\"inLanguage\":\"sk-SK\",\"@id\":\"https:\/\/distribucionarc.com\/de\/producto\/maquina-grajeadora-coater-para-pastillas-con-ingredientes-activos\/#primaryimage\",\"url\":\"https:\/\/distribucionarc.com\/wp-content\/uploads\/2024\/04\/MAQUINA-GRAJEADORA-COATER-PARA-PASTILLAS-CON-INGREDIENTES-ACTIVOS.webp\",\"contentUrl\":\"https:\/\/distribucionarc.com\/wp-content\/uploads\/2024\/04\/MAQUINA-GRAJEADORA-COATER-PARA-PASTILLAS-CON-INGREDIENTES-ACTIVOS.webp\",\"width\":1920,\"height\":1108,\"caption\":\"#image_title\"},{\"@type\":\"BreadcrumbList\",\"@id\":\"https:\/\/distribucionarc.com\/de\/producto\/maquina-grajeadora-coater-para-pastillas-con-ingredientes-activos\/#breadcrumb\",\"itemListElement\":[{\"@type\":\"ListItem\",\"position\":1,\"name\":\"Portada\",\"item\":\"https:\/\/www.distribucionarc.com\/\"},{\"@type\":\"ListItem\",\"position\":2,\"name\":\"\u00dcr\u00fcnler\",\"item\":\"https:\/\/www.distribucionarc.com\/tr\/magaza\/\"},{\"@type\":\"ListItem\",\"position\":3,\"name\":\"MAQUINA GRAJEADORA COATER PARA PASTILLAS CON INGREDIENTES ACTIVOS\"}]},{\"@type\":\"WebSite\",\"@id\":\"https:\/\/www.distribucionarc.com\/sl\/#website\",\"url\":\"https:\/\/www.distribucionarc.com\/sl\/\",\"name\":\"distribuci\u00f3n ARC\",\"description\":\"Empresa especializada en la fabricaci\u00f3n y distribuci\u00f3n de maquinaria industrial, selladoras de latas, Maquinas de hacer pastillas, Maquinas de cortar carne...\",\"publisher\":{\"@id\":\"https:\/\/www.distribucionarc.com\/sl\/#organization\"},\"potentialAction\":[{\"@type\":\"SearchAction\",\"target\":{\"@type\":\"EntryPoint\",\"urlTemplate\":\"https:\/\/www.distribucionarc.com\/sl\/?s={search_term_string}\"},\"query-input\":{\"@type\":\"PropertyValueSpecification\",\"valueRequired\":true,\"valueName\":\"search_term_string\"}}],\"inLanguage\":\"sk-SK\"},{\"@type\":\"Organization\",\"@id\":\"https:\/\/www.distribucionarc.com\/sl\/#organization\",\"name\":\"Distribuci\u00f3n ARC\",\"url\":\"https:\/\/www.distribucionarc.com\/sl\/\",\"logo\":{\"@type\":\"ImageObject\",\"inLanguage\":\"sk-SK\",\"@id\":\"https:\/\/www.distribucionarc.com\/sl\/#\/schema\/logo\/image\/\",\"url\":\"https:\/\/distribucionarc.com\/wp-content\/uploads\/2024\/10\/distribucion-ARC-COLOR-SIN-FONDO-e1732295305345.png\",\"contentUrl\":\"https:\/\/distribucionarc.com\/wp-content\/uploads\/2024\/10\/distribucion-ARC-COLOR-SIN-FONDO-e1732295305345.png\",\"width\":1164,\"height\":558,\"caption\":\"Distribuci\u00f3n ARC\"},\"image\":{\"@id\":\"https:\/\/www.distribucionarc.com\/sl\/#\/schema\/logo\/image\/\"},\"description\":\"Empresa especializada en la fabricaci\u00f3n y distribuci\u00f3n de maquinaria industrial para los sectores alimentario y farmac\u00e9utico. Nos especializamos en: M\u00e1quinas de cortar carne Fabricaci\u00f3n de comprimidos Sistemas de transporte industrial L\u00edneas de embotellado Dosificadores Y mucho m\u00e1s... Ofrecemos soluciones innovadoras y personalizadas para optimizar los procesos productivos de tu empresa.\",\"email\":\"Admistracion@distribucionarc.com\",\"telephone\":\"+34 643496664\",\"legalName\":\"ARC TECH SOLUTIONS\",\"foundingDate\":\"2024-04-09\",\"vatID\":\"B55480172\",\"numberOfEmployees\":{\"@type\":\"QuantitativeValue\",\"minValue\":\"1\",\"maxValue\":\"10\"}}]}<\/script>\n<!-- \/ Yoast SEO Premium plugin. -->","yoast_head_json":{"title":"POTAHOVACIA PILLOVA\u010cKA NA TABLETY S AKT\u00cdVNYMI L\u00c1TKAMI - ARC distrib\u00facia","robots":{"index":"index","follow":"follow","max-snippet":"max-snippet:-1","max-image-preview":"max-image-preview:large","max-video-preview":"max-video-preview:-1"},"canonical":"https:\/\/distribucionarc.com\/sk\/produktov\/obalovac-potahovaci-stroj-na-tabletky-s-aktivnymi-zlozkami\/","og_locale":"sk_SK","og_type":"article","og_title":"MAQUINA GRAJEADORA COATER PARA PASTILLAS CON INGREDIENTES ACTIVOS","og_description":"Descubre la M\u00e1quina Grajeadora Recubridora Serie BARY, un equipo vers\u00e1til tambi\u00e9n conocido como recubridora, coater, o tambor de recubrimiento, esencial","og_url":"https:\/\/distribucionarc.com\/sk\/produktov\/obalovac-potahovaci-stroj-na-tabletky-s-aktivnymi-zlozkami\/","og_site_name":"distribuci\u00f3n ARC","article_modified_time":"2024-04-27T08:52:34+00:00","og_image":[{"width":1920,"height":1108,"url":"https:\/\/distribucionarc.com\/wp-content\/uploads\/2024\/04\/MAQUINA-GRAJEADORA-COATER-PARA-PASTILLAS-CON-INGREDIENTES-ACTIVOS.webp","type":"image\/webp"}],"twitter_card":"summary_large_image","twitter_misc":{"Predpokladan\u00fd \u010das \u010d\u00edtania":"1 min\u00fata"},"schema":{"@context":"https:\/\/schema.org","@graph":[{"@type":"WebPage","@id":"https:\/\/distribucionarc.com\/de\/producto\/maquina-grajeadora-coater-para-pastillas-con-ingredientes-activos\/","url":"https:\/\/distribucionarc.com\/de\/producto\/maquina-grajeadora-coater-para-pastillas-con-ingredientes-activos\/","name":"POTAHOVACIA PILLOVA\u010cKA NA TABLETY S AKT\u00cdVNYMI L\u00c1TKAMI - ARC distrib\u00facia","isPartOf":{"@id":"https:\/\/www.distribucionarc.com\/sl\/#website"},"primaryImageOfPage":{"@id":"https:\/\/distribucionarc.com\/de\/producto\/maquina-grajeadora-coater-para-pastillas-con-ingredientes-activos\/#primaryimage"},"image":{"@id":"https:\/\/distribucionarc.com\/de\/producto\/maquina-grajeadora-coater-para-pastillas-con-ingredientes-activos\/#primaryimage"},"thumbnailUrl":"https:\/\/distribucionarc.com\/wp-content\/uploads\/2024\/04\/MAQUINA-GRAJEADORA-COATER-PARA-PASTILLAS-CON-INGREDIENTES-ACTIVOS.webp","datePublished":"2024-04-27T08:52:32+00:00","dateModified":"2024-04-27T08:52:34+00:00","breadcrumb":{"@id":"https:\/\/distribucionarc.com\/de\/producto\/maquina-grajeadora-coater-para-pastillas-con-ingredientes-activos\/#breadcrumb"},"inLanguage":"sk-SK","potentialAction":[{"@type":"ReadAction","target":["https:\/\/distribucionarc.com\/de\/producto\/maquina-grajeadora-coater-para-pastillas-con-ingredientes-activos\/"]}]},{"@type":"ImageObject","inLanguage":"sk-SK","@id":"https:\/\/distribucionarc.com\/de\/producto\/maquina-grajeadora-coater-para-pastillas-con-ingredientes-activos\/#primaryimage","url":"https:\/\/distribucionarc.com\/wp-content\/uploads\/2024\/04\/MAQUINA-GRAJEADORA-COATER-PARA-PASTILLAS-CON-INGREDIENTES-ACTIVOS.webp","contentUrl":"https:\/\/distribucionarc.com\/wp-content\/uploads\/2024\/04\/MAQUINA-GRAJEADORA-COATER-PARA-PASTILLAS-CON-INGREDIENTES-ACTIVOS.webp","width":1920,"height":1108,"caption":"#image_title"},{"@type":"BreadcrumbList","@id":"https:\/\/distribucionarc.com\/de\/producto\/maquina-grajeadora-coater-para-pastillas-con-ingredientes-activos\/#breadcrumb","itemListElement":[{"@type":"ListItem","position":1,"name":"Portada","item":"https:\/\/www.distribucionarc.com\/"},{"@type":"ListItem","position":2,"name":"\u00dcr\u00fcnler","item":"https:\/\/www.distribucionarc.com\/tr\/magaza\/"},{"@type":"ListItem","position":3,"name":"MAQUINA GRAJEADORA COATER PARA PASTILLAS CON INGREDIENTES ACTIVOS"}]},{"@type":"WebSite","@id":"https:\/\/www.distribucionarc.com\/sl\/#website","url":"https:\/\/www.distribucionarc.com\/sl\/","name":"ARC distrib\u00facia","description":"Spolo\u010dnos\u0165 sa \u0161pecializuje na v\u00fdrobu a distrib\u00faciu priemyseln\u00fdch strojov, strojov na uzatv\u00e1ranie plechoviek, strojov na v\u00fdrobu tabliet, strojov na porciovanie m\u00e4sa...","publisher":{"@id":"https:\/\/www.distribucionarc.com\/sl\/#organization"},"potentialAction":[{"@type":"SearchAction","target":{"@type":"EntryPoint","urlTemplate":"https:\/\/www.distribucionarc.com\/sl\/?s={search_term_string}"},"query-input":{"@type":"PropertyValueSpecification","valueRequired":true,"valueName":"search_term_string"}}],"inLanguage":"sk-SK"},{"@type":"Organization","@id":"https:\/\/www.distribucionarc.com\/sl\/#organization","name":"Distrib\u00facia ARC","url":"https:\/\/www.distribucionarc.com\/sl\/","logo":{"@type":"ImageObject","inLanguage":"sk-SK","@id":"https:\/\/www.distribucionarc.com\/sl\/#\/schema\/logo\/image\/","url":"https:\/\/distribucionarc.com\/wp-content\/uploads\/2024\/10\/distribucion-ARC-COLOR-SIN-FONDO-e1732295305345.png","contentUrl":"https:\/\/distribucionarc.com\/wp-content\/uploads\/2024\/10\/distribucion-ARC-COLOR-SIN-FONDO-e1732295305345.png","width":1164,"height":558,"caption":"Distribuci\u00f3n ARC"},"image":{"@id":"https:\/\/www.distribucionarc.com\/sl\/#\/schema\/logo\/image\/"},"description":"Spolo\u010dnos\u0165 \u0161pecializuj\u00faca sa na v\u00fdrobu a distrib\u00faciu priemyseln\u00fdch strojov pre potravin\u00e1rsky a farmaceutick\u00fd sektor. \u0160pecializujeme sa na: Stroje na kr\u00e1janie m\u00e4sa V\u00fdroba tabliet Priemyseln\u00e9 dopravn\u00e9 syst\u00e9my D\u00e1vkova\u010de na f\u013ea\u0161e A ove\u013ea viac... Pon\u00fakame inovat\u00edvne a prisp\u00f4soben\u00e9 rie\u0161enia na optimaliz\u00e1ciu v\u00fdrobn\u00fdch procesov va\u0161ej spolo\u010dnosti.","email":"Admistracion@distribucionarc.com","telephone":"+34 643496664","legalName":"ARC TECH SOLUTIONS","foundingDate":"2024-04-09","vatID":"B55480172","numberOfEmployees":{"@type":"QuantitativeValue","minValue":"1","maxValue":"10"}}]}},"_links":{"self":[{"href":"https:\/\/distribucionarc.com\/sk\/wp-json\/wp\/v2\/product\/7004","targetHints":{"allow":["GET"]}}],"collection":[{"href":"https:\/\/distribucionarc.com\/sk\/wp-json\/wp\/v2\/product"}],"about":[{"href":"https:\/\/distribucionarc.com\/sk\/wp-json\/wp\/v2\/types\/product"}],"replies":[{"embeddable":true,"href":"https:\/\/distribucionarc.com\/sk\/wp-json\/wp\/v2\/comments?post=7004"}],"version-history":[{"count":0,"href":"https:\/\/distribucionarc.com\/sk\/wp-json\/wp\/v2\/product\/7004\/revisions"}],"wp:featuredmedia":[{"embeddable":true,"href":"https:\/\/distribucionarc.com\/sk\/wp-json\/wp\/v2\/media\/7005"}],"wp:attachment":[{"href":"https:\/\/distribucionarc.com\/sk\/wp-json\/wp\/v2\/media?parent=7004"}],"wp:term":[{"taxonomy":"product_brand","embeddable":true,"href":"https:\/\/distribucionarc.com\/sk\/wp-json\/wp\/v2\/product_brand?post=7004"},{"taxonomy":"product_cat","embeddable":true,"href":"https:\/\/distribucionarc.com\/sk\/wp-json\/wp\/v2\/product_cat?post=7004"},{"taxonomy":"product_tag","embeddable":true,"href":"https:\/\/distribucionarc.com\/sk\/wp-json\/wp\/v2\/product_tag?post=7004"}],"curies":[{"name":"pracovn\u00fd list","href":"https:\/\/api.w.org\/{rel}","templated":true}]}}