{"id":7008,"date":"2024-04-27T09:43:52","date_gmt":"2024-04-27T09:43:52","guid":{"rendered":"https:\/\/distribucionarc.com\/?post_type=product&#038;p=7008"},"modified":"2024-04-27T09:43:54","modified_gmt":"2024-04-27T09:43:54","slug":"vysokorychlostny-tahaci-stroj-na-taurin-pilulky","status":"publish","type":"product","link":"https:\/\/distribucionarc.com\/sk\/producto\/maquina-grajeadora-de-alta-velocidad-para-pildoras-de-taurina\/","title":{"rendered":"VYSOKOR\u00ddCHLOSTN\u00dd GRUBOVA\u010c NA TAUR\u00cdN TABULKY"},"content":{"rendered":"<p>Objavte <strong>Vysokor\u00fdchlostn\u00fd pastevn\u00fd stroj<\/strong> S\u00e9ria BARG, ide\u00e1lna na n\u00e1ter <strong>tablety, pilulky a diuretik\u00e1 s taur\u00ednov\u00fdmi kalidlami<\/strong>. S aplik\u00e1ciami vo farm\u00e1cii, potravin\u00e1rstve a biol\u00f3gii pon\u00faka cukrov\u00e9 obaly, organick\u00e9 a vo vode rozpustn\u00e9 filmy. Jeho inteligentn\u00fd dizajn a vysok\u00e1 r\u00fdchlos\u0165 zaru\u010duj\u00fa efekt\u00edvnos\u0165 a presnos\u0165 vo v\u00fdrobe. Optimalizujte svoje procesy pomocou tohto inovat\u00edvneho a v\u0161estrann\u00e9ho rie\u0161enia.<\/p>\n<p>&nbsp;<\/p>\n<table>\n<tbody>\n<tr>\n<td width=\"71\">Model<\/td>\n<td width=\"71\">Maxim\u00e1lna kapacita produkcia (kg\/\u010das)<\/td>\n<td width=\"71\">R\u00fdchlos\u0165 po\u0165ahovacieho bubna (ot\u00e1\u010dky\/min)<\/td>\n<td width=\"71\">V\u00fdkon motora hlavn\u00e9ho stroja (kw)<\/td>\n<td width=\"71\">Prietok hor\u00faceho vzduchu (m3\/h)<\/td>\n<td width=\"71\">V\u00fdkon motora teplovzdu\u0161nej skrine (kw)<\/td>\n<td width=\"71\">Pr\u00fad v\u00fdfuku vzduchu<\/td>\n<td width=\"71\">Motor v\u00fdfukovej skrine (kw)<\/td>\n<\/tr>\n<tr>\n<td width=\"71\">BARG-40E<\/td>\n<td width=\"71\">40<\/td>\n<td width=\"71\">1-20<\/td>\n<td width=\"71\">1.1<\/td>\n<td width=\"71\">2010<\/td>\n<td width=\"71\">0.75<\/td>\n<td width=\"71\">3640<\/td>\n<td width=\"71\">2.2<\/td>\n<\/tr>\n<tr>\n<td width=\"71\">BARG-80E<\/td>\n<td width=\"71\">80<\/td>\n<td width=\"71\">2-18<\/td>\n<td width=\"71\">1.5<\/td>\n<td width=\"71\">1250-2590<\/td>\n<td width=\"71\">1.1<\/td>\n<td width=\"71\">2235-3570<\/td>\n<td width=\"71\">3.0<\/td>\n<\/tr>\n<tr>\n<td width=\"71\">BARG-150E<\/td>\n<td width=\"71\">150<\/td>\n<td width=\"71\">2-18<\/td>\n<td width=\"71\">2.2<\/td>\n<td width=\"71\">1555-2980<\/td>\n<td width=\"71\">1.5<\/td>\n<td width=\"71\">5210-7419<\/td>\n<td width=\"71\">5.5<\/td>\n<\/tr>\n<tr>\n<td width=\"71\">BARG-250E<\/td>\n<td width=\"71\">250<\/td>\n<td width=\"71\">2-15<\/td>\n<td width=\"71\">3.0<\/td>\n<td width=\"71\">1555-2356<\/td>\n<td width=\"71\">3.0<\/td>\n<td width=\"71\">5210-7419<\/td>\n<td width=\"71\">7.5<\/td>\n<\/tr>\n<tr>\n<td width=\"71\">BARG-350E<\/td>\n<td width=\"71\">300<\/td>\n<td width=\"71\">2-15<\/td>\n<td width=\"71\">3.0<\/td>\n<td width=\"71\">1555-2356<\/td>\n<td width=\"71\">3.0<\/td>\n<td width=\"71\">5210-7417<\/td>\n<td width=\"71\">7.5<\/td>\n<\/tr>\n<tr>\n<td width=\"71\">BARG-400E<\/td>\n<td width=\"71\">400<\/td>\n<td width=\"71\">2-15<\/td>\n<td width=\"71\">4.0<\/td>\n<td width=\"71\">1688-3517<\/td>\n<td width=\"71\">3.0<\/td>\n<td width=\"71\">5712-12062<\/td>\n<td width=\"71\">7.5<\/td>\n<\/tr>\n<tr>\n<td width=\"71\">BARG-600E<\/td>\n<td width=\"71\">600<\/td>\n<td width=\"71\">3-12<\/td>\n<td width=\"71\">5.0<\/td>\n<td width=\"71\">1688-3517<\/td>\n<td width=\"71\">5.5<\/td>\n<td width=\"71\">5712-12062<\/td>\n<td width=\"71\">11<\/td>\n<\/tr>\n<\/tbody>\n<\/table>\n<p>&nbsp;<\/p>","protected":false},"excerpt":{"rendered":"<p>Objavte vysokor\u00fdchlostn\u00fd po\u0165ahovac\u00ed stroj s\u00e9rie BARG, ide\u00e1lny na po\u0165ahovanie tabliet, piluliek a diuret\u00edk kalidlami.<\/p>","protected":false},"featured_media":7010,"comment_status":"open","ping_status":"closed","template":"","meta":{"wds_primary_product_brand":0,"wds_primary_product_cat":0},"product_brand":[],"product_cat":[84],"product_tag":[],"class_list":{"0":"post-7008","1":"product","2":"type-product","3":"status-publish","4":"has-post-thumbnail","6":"product_cat-maquinas-para-hacer-pastillas","8":"first","9":"instock","10":"taxable","11":"shipping-taxable","12":"purchasable","13":"product-type-simple"},"yoast_head":"<!-- This site is optimized with the Yoast SEO Premium plugin v24.9 (Yoast SEO v26.1) - https:\/\/yoast.com\/wordpress\/plugins\/seo\/ -->\n<title>MAQUINA GRAJEADORA DE ALTA VELOCIDAD PARA PILDORAS DE TAURINA - distribuci\u00f3n ARC<\/title>\n<meta name=\"robots\" content=\"index, follow, max-snippet:-1, max-image-preview:large, max-video-preview:-1\" \/>\n<link rel=\"canonical\" href=\"https:\/\/www.distribucionarc.com\/ar\/producto\/maquina-grajeadora-de-alta-velocidad-para-pildoras-de-taurina\/\" \/>\n<meta property=\"og:locale\" content=\"sk_SK\" \/>\n<meta property=\"og:type\" content=\"article\" \/>\n<meta property=\"og:title\" content=\"MAQUINA GRAJEADORA DE ALTA VELOCIDAD PARA PILDORAS DE TAURINA\" \/>\n<meta property=\"og:description\" content=\"Descubre la M\u00e1quina Grajeadora de Recubrimiento de Alta Velocidad Serie BARG, ideal para recubrir tabletas, p\u00edldoras y diur\u00e9ticos con opacificantes\" \/>\n<meta property=\"og:url\" content=\"https:\/\/www.distribucionarc.com\/ar\/producto\/maquina-grajeadora-de-alta-velocidad-para-pildoras-de-taurina\/\" \/>\n<meta property=\"og:site_name\" content=\"distribuci\u00f3n ARC\" \/>\n<meta property=\"article:modified_time\" content=\"2024-04-27T09:43:54+00:00\" \/>\n<meta property=\"og:image\" content=\"https:\/\/www.distribucionarc.com\/wp-content\/uploads\/2024\/04\/MAQUINA-GRAJEADORA-DE-ALTA-VELOCIDAD-PARA-PILDORAS-DE-TAURINA.webp\" \/>\n\t<meta property=\"og:image:width\" content=\"1312\" \/>\n\t<meta property=\"og:image:height\" content=\"952\" \/>\n\t<meta property=\"og:image:type\" content=\"image\/webp\" \/>\n<meta name=\"twitter:card\" content=\"summary_large_image\" \/>\n<meta name=\"twitter:label1\" content=\"Predpokladan\u00fd \u010das \u010d\u00edtania\" \/>\n\t<meta name=\"twitter:data1\" content=\"1 min\u00fata\" \/>\n<script type=\"application\/ld+json\" class=\"yoast-schema-graph\">{\"@context\":\"https:\/\/schema.org\",\"@graph\":[{\"@type\":\"WebPage\",\"@id\":\"https:\/\/www.distribucionarc.com\/ar\/producto\/maquina-grajeadora-de-alta-velocidad-para-pildoras-de-taurina\/\",\"url\":\"https:\/\/www.distribucionarc.com\/ar\/producto\/maquina-grajeadora-de-alta-velocidad-para-pildoras-de-taurina\/\",\"name\":\"MAQUINA GRAJEADORA DE ALTA VELOCIDAD PARA PILDORAS DE TAURINA - distribuci\u00f3n ARC\",\"isPartOf\":{\"@id\":\"https:\/\/www.distribucionarc.com\/de\/#website\"},\"primaryImageOfPage\":{\"@id\":\"https:\/\/www.distribucionarc.com\/ar\/producto\/maquina-grajeadora-de-alta-velocidad-para-pildoras-de-taurina\/#primaryimage\"},\"image\":{\"@id\":\"https:\/\/www.distribucionarc.com\/ar\/producto\/maquina-grajeadora-de-alta-velocidad-para-pildoras-de-taurina\/#primaryimage\"},\"thumbnailUrl\":\"https:\/\/distribucionarc.com\/wp-content\/uploads\/2024\/04\/MAQUINA-GRAJEADORA-DE-ALTA-VELOCIDAD-PARA-PILDORAS-DE-TAURINA.webp\",\"datePublished\":\"2024-04-27T09:43:52+00:00\",\"dateModified\":\"2024-04-27T09:43:54+00:00\",\"breadcrumb\":{\"@id\":\"https:\/\/www.distribucionarc.com\/ar\/producto\/maquina-grajeadora-de-alta-velocidad-para-pildoras-de-taurina\/#breadcrumb\"},\"inLanguage\":\"sk-SK\",\"potentialAction\":[{\"@type\":\"ReadAction\",\"target\":[\"https:\/\/www.distribucionarc.com\/ar\/producto\/maquina-grajeadora-de-alta-velocidad-para-pildoras-de-taurina\/\"]}]},{\"@type\":\"ImageObject\",\"inLanguage\":\"sk-SK\",\"@id\":\"https:\/\/www.distribucionarc.com\/ar\/producto\/maquina-grajeadora-de-alta-velocidad-para-pildoras-de-taurina\/#primaryimage\",\"url\":\"https:\/\/distribucionarc.com\/wp-content\/uploads\/2024\/04\/MAQUINA-GRAJEADORA-DE-ALTA-VELOCIDAD-PARA-PILDORAS-DE-TAURINA.webp\",\"contentUrl\":\"https:\/\/distribucionarc.com\/wp-content\/uploads\/2024\/04\/MAQUINA-GRAJEADORA-DE-ALTA-VELOCIDAD-PARA-PILDORAS-DE-TAURINA.webp\",\"width\":1312,\"height\":952,\"caption\":\"#image_title\"},{\"@type\":\"BreadcrumbList\",\"@id\":\"https:\/\/www.distribucionarc.com\/ar\/producto\/maquina-grajeadora-de-alta-velocidad-para-pildoras-de-taurina\/#breadcrumb\",\"itemListElement\":[{\"@type\":\"ListItem\",\"position\":1,\"name\":\"Portada\",\"item\":\"https:\/\/www.distribucionarc.com\/en\/\"},{\"@type\":\"ListItem\",\"position\":2,\"name\":\"Products\",\"item\":\"https:\/\/www.distribucionarc.com\/en\/shop\/\"},{\"@type\":\"ListItem\",\"position\":3,\"name\":\"MAQUINA GRAJEADORA DE ALTA VELOCIDAD PARA PILDORAS DE TAURINA\"}]},{\"@type\":\"WebSite\",\"@id\":\"https:\/\/www.distribucionarc.com\/de\/#website\",\"url\":\"https:\/\/www.distribucionarc.com\/de\/\",\"name\":\"distribuci\u00f3n ARC\",\"description\":\"Empresa especializada en la fabricaci\u00f3n y distribuci\u00f3n de maquinaria industrial, selladoras de latas, Maquinas de hacer pastillas, Maquinas de cortar carne...\",\"publisher\":{\"@id\":\"https:\/\/www.distribucionarc.com\/de\/#organization\"},\"potentialAction\":[{\"@type\":\"SearchAction\",\"target\":{\"@type\":\"EntryPoint\",\"urlTemplate\":\"https:\/\/www.distribucionarc.com\/de\/?s={search_term_string}\"},\"query-input\":{\"@type\":\"PropertyValueSpecification\",\"valueRequired\":true,\"valueName\":\"search_term_string\"}}],\"inLanguage\":\"sk-SK\"},{\"@type\":\"Organization\",\"@id\":\"https:\/\/www.distribucionarc.com\/de\/#organization\",\"name\":\"Distribuci\u00f3n ARC\",\"url\":\"https:\/\/www.distribucionarc.com\/de\/\",\"logo\":{\"@type\":\"ImageObject\",\"inLanguage\":\"sk-SK\",\"@id\":\"https:\/\/www.distribucionarc.com\/de\/#\/schema\/logo\/image\/\",\"url\":\"https:\/\/distribucionarc.com\/wp-content\/uploads\/2024\/10\/distribucion-ARC-COLOR-SIN-FONDO-e1732295305345.png\",\"contentUrl\":\"https:\/\/distribucionarc.com\/wp-content\/uploads\/2024\/10\/distribucion-ARC-COLOR-SIN-FONDO-e1732295305345.png\",\"width\":1164,\"height\":558,\"caption\":\"Distribuci\u00f3n ARC\"},\"image\":{\"@id\":\"https:\/\/www.distribucionarc.com\/de\/#\/schema\/logo\/image\/\"},\"description\":\"Empresa especializada en la fabricaci\u00f3n y distribuci\u00f3n de maquinaria industrial para los sectores alimentario y farmac\u00e9utico. Nos especializamos en: M\u00e1quinas de cortar carne Fabricaci\u00f3n de comprimidos Sistemas de transporte industrial L\u00edneas de embotellado Dosificadores Y mucho m\u00e1s... Ofrecemos soluciones innovadoras y personalizadas para optimizar los procesos productivos de tu empresa.\",\"email\":\"Admistracion@distribucionarc.com\",\"telephone\":\"+34 643496664\",\"legalName\":\"ARC TECH SOLUTIONS\",\"foundingDate\":\"2024-04-09\",\"vatID\":\"B55480172\",\"numberOfEmployees\":{\"@type\":\"QuantitativeValue\",\"minValue\":\"1\",\"maxValue\":\"10\"}}]}<\/script>\n<!-- \/ Yoast SEO Premium plugin. -->","yoast_head_json":{"title":"VYSOKOR\u00ddCHLOSTN\u00c1 GRUBOVA\u010cKA NA TABULKY TAUR\u00cdNU - distrib\u00facia ARC","robots":{"index":"index","follow":"follow","max-snippet":"max-snippet:-1","max-image-preview":"max-image-preview:large","max-video-preview":"max-video-preview:-1"},"canonical":"https:\/\/www.distribucionarc.com\/ar\/producto\/maquina-grajeadora-de-alta-velocidad-para-pildoras-de-taurina\/","og_locale":"sk_SK","og_type":"article","og_title":"MAQUINA GRAJEADORA DE ALTA VELOCIDAD PARA PILDORAS DE TAURINA","og_description":"Descubre la M\u00e1quina Grajeadora de Recubrimiento de Alta Velocidad Serie BARG, ideal para recubrir tabletas, p\u00edldoras y diur\u00e9ticos con opacificantes","og_url":"https:\/\/www.distribucionarc.com\/ar\/producto\/maquina-grajeadora-de-alta-velocidad-para-pildoras-de-taurina\/","og_site_name":"distribuci\u00f3n ARC","article_modified_time":"2024-04-27T09:43:54+00:00","og_image":[{"width":1312,"height":952,"url":"https:\/\/www.distribucionarc.com\/wp-content\/uploads\/2024\/04\/MAQUINA-GRAJEADORA-DE-ALTA-VELOCIDAD-PARA-PILDORAS-DE-TAURINA.webp","type":"image\/webp"}],"twitter_card":"summary_large_image","twitter_misc":{"Predpokladan\u00fd \u010das \u010d\u00edtania":"1 min\u00fata"},"schema":{"@context":"https:\/\/schema.org","@graph":[{"@type":"WebPage","@id":"https:\/\/www.distribucionarc.com\/ar\/producto\/maquina-grajeadora-de-alta-velocidad-para-pildoras-de-taurina\/","url":"https:\/\/www.distribucionarc.com\/ar\/producto\/maquina-grajeadora-de-alta-velocidad-para-pildoras-de-taurina\/","name":"VYSOKOR\u00ddCHLOSTN\u00c1 GRUBOVA\u010cKA NA TABULKY TAUR\u00cdNU - distrib\u00facia ARC","isPartOf":{"@id":"https:\/\/www.distribucionarc.com\/de\/#website"},"primaryImageOfPage":{"@id":"https:\/\/www.distribucionarc.com\/ar\/producto\/maquina-grajeadora-de-alta-velocidad-para-pildoras-de-taurina\/#primaryimage"},"image":{"@id":"https:\/\/www.distribucionarc.com\/ar\/producto\/maquina-grajeadora-de-alta-velocidad-para-pildoras-de-taurina\/#primaryimage"},"thumbnailUrl":"https:\/\/distribucionarc.com\/wp-content\/uploads\/2024\/04\/MAQUINA-GRAJEADORA-DE-ALTA-VELOCIDAD-PARA-PILDORAS-DE-TAURINA.webp","datePublished":"2024-04-27T09:43:52+00:00","dateModified":"2024-04-27T09:43:54+00:00","breadcrumb":{"@id":"https:\/\/www.distribucionarc.com\/ar\/producto\/maquina-grajeadora-de-alta-velocidad-para-pildoras-de-taurina\/#breadcrumb"},"inLanguage":"sk-SK","potentialAction":[{"@type":"ReadAction","target":["https:\/\/www.distribucionarc.com\/ar\/producto\/maquina-grajeadora-de-alta-velocidad-para-pildoras-de-taurina\/"]}]},{"@type":"ImageObject","inLanguage":"sk-SK","@id":"https:\/\/www.distribucionarc.com\/ar\/producto\/maquina-grajeadora-de-alta-velocidad-para-pildoras-de-taurina\/#primaryimage","url":"https:\/\/distribucionarc.com\/wp-content\/uploads\/2024\/04\/MAQUINA-GRAJEADORA-DE-ALTA-VELOCIDAD-PARA-PILDORAS-DE-TAURINA.webp","contentUrl":"https:\/\/distribucionarc.com\/wp-content\/uploads\/2024\/04\/MAQUINA-GRAJEADORA-DE-ALTA-VELOCIDAD-PARA-PILDORAS-DE-TAURINA.webp","width":1312,"height":952,"caption":"#image_title"},{"@type":"BreadcrumbList","@id":"https:\/\/www.distribucionarc.com\/ar\/producto\/maquina-grajeadora-de-alta-velocidad-para-pildoras-de-taurina\/#breadcrumb","itemListElement":[{"@type":"ListItem","position":1,"name":"Portada","item":"https:\/\/www.distribucionarc.com\/en\/"},{"@type":"ListItem","position":2,"name":"Products","item":"https:\/\/www.distribucionarc.com\/en\/shop\/"},{"@type":"ListItem","position":3,"name":"MAQUINA GRAJEADORA DE ALTA VELOCIDAD PARA PILDORAS DE TAURINA"}]},{"@type":"WebSite","@id":"https:\/\/www.distribucionarc.com\/de\/#website","url":"https:\/\/www.distribucionarc.com\/de\/","name":"ARC distrib\u00facia","description":"Spolo\u010dnos\u0165 sa \u0161pecializuje na v\u00fdrobu a distrib\u00faciu priemyseln\u00fdch strojov, strojov na uzatv\u00e1ranie plechoviek, strojov na v\u00fdrobu tabliet, strojov na porciovanie m\u00e4sa...","publisher":{"@id":"https:\/\/www.distribucionarc.com\/de\/#organization"},"potentialAction":[{"@type":"SearchAction","target":{"@type":"EntryPoint","urlTemplate":"https:\/\/www.distribucionarc.com\/de\/?s={search_term_string}"},"query-input":{"@type":"PropertyValueSpecification","valueRequired":true,"valueName":"search_term_string"}}],"inLanguage":"sk-SK"},{"@type":"Organization","@id":"https:\/\/www.distribucionarc.com\/de\/#organization","name":"Distrib\u00facia ARC","url":"https:\/\/www.distribucionarc.com\/de\/","logo":{"@type":"ImageObject","inLanguage":"sk-SK","@id":"https:\/\/www.distribucionarc.com\/de\/#\/schema\/logo\/image\/","url":"https:\/\/distribucionarc.com\/wp-content\/uploads\/2024\/10\/distribucion-ARC-COLOR-SIN-FONDO-e1732295305345.png","contentUrl":"https:\/\/distribucionarc.com\/wp-content\/uploads\/2024\/10\/distribucion-ARC-COLOR-SIN-FONDO-e1732295305345.png","width":1164,"height":558,"caption":"Distribuci\u00f3n ARC"},"image":{"@id":"https:\/\/www.distribucionarc.com\/de\/#\/schema\/logo\/image\/"},"description":"Spolo\u010dnos\u0165 \u0161pecializuj\u00faca sa na v\u00fdrobu a distrib\u00faciu priemyseln\u00fdch strojov pre potravin\u00e1rsky a farmaceutick\u00fd sektor. \u0160pecializujeme sa na: Stroje na kr\u00e1janie m\u00e4sa V\u00fdroba tabliet Priemyseln\u00e9 dopravn\u00e9 syst\u00e9my D\u00e1vkova\u010de na f\u013ea\u0161e A ove\u013ea viac... Pon\u00fakame inovat\u00edvne a prisp\u00f4soben\u00e9 rie\u0161enia na optimaliz\u00e1ciu v\u00fdrobn\u00fdch procesov va\u0161ej spolo\u010dnosti.","email":"Admistracion@distribucionarc.com","telephone":"+34 643496664","legalName":"ARC TECH SOLUTIONS","foundingDate":"2024-04-09","vatID":"B55480172","numberOfEmployees":{"@type":"QuantitativeValue","minValue":"1","maxValue":"10"}}]}},"_links":{"self":[{"href":"https:\/\/distribucionarc.com\/sk\/wp-json\/wp\/v2\/product\/7008","targetHints":{"allow":["GET"]}}],"collection":[{"href":"https:\/\/distribucionarc.com\/sk\/wp-json\/wp\/v2\/product"}],"about":[{"href":"https:\/\/distribucionarc.com\/sk\/wp-json\/wp\/v2\/types\/product"}],"replies":[{"embeddable":true,"href":"https:\/\/distribucionarc.com\/sk\/wp-json\/wp\/v2\/comments?post=7008"}],"version-history":[{"count":0,"href":"https:\/\/distribucionarc.com\/sk\/wp-json\/wp\/v2\/product\/7008\/revisions"}],"wp:featuredmedia":[{"embeddable":true,"href":"https:\/\/distribucionarc.com\/sk\/wp-json\/wp\/v2\/media\/7010"}],"wp:attachment":[{"href":"https:\/\/distribucionarc.com\/sk\/wp-json\/wp\/v2\/media?parent=7008"}],"wp:term":[{"taxonomy":"product_brand","embeddable":true,"href":"https:\/\/distribucionarc.com\/sk\/wp-json\/wp\/v2\/product_brand?post=7008"},{"taxonomy":"product_cat","embeddable":true,"href":"https:\/\/distribucionarc.com\/sk\/wp-json\/wp\/v2\/product_cat?post=7008"},{"taxonomy":"product_tag","embeddable":true,"href":"https:\/\/distribucionarc.com\/sk\/wp-json\/wp\/v2\/product_tag?post=7008"}],"curies":[{"name":"pracovn\u00fd list","href":"https:\/\/api.w.org\/{rel}","templated":true}]}}