{"id":7035,"date":"2024-05-06T14:42:37","date_gmt":"2024-05-06T14:42:37","guid":{"rendered":"https:\/\/distribucionarc.com\/?post_type=product&#038;p=7035"},"modified":"2024-05-06T14:42:40","modified_gmt":"2024-05-06T14:42:40","slug":"703odprasovac-pre-vapnikove-tablety","status":"publish","type":"product","link":"https:\/\/distribucionarc.com\/sk\/producto\/703desempolvador-eliminador-de-polvo-para-tabletas-de-calcio\/","title":{"rendered":"ODSTRA\u0147OVA\u010c PRACHU PRE V\u00c1PN\u00cdKOV\u00c9 TABLETY"},"content":{"rendered":"<p>Objavte <strong>Vysokor\u00fdchlostn\u00fd zbera\u010d prachu ZWARS137<\/strong>, inovat\u00edvne rie\u0161enie, ktor\u00e9 vyu\u017e\u00edva pokro\u010dil\u00e9 princ\u00edpy f\u00fakania stla\u010den\u00e9ho vzduchu, odstrediv\u00e9ho odstra\u0148ovania prachu a le\u0161tenia hr\u00e1n bubna, aby sa dosiahol bezchybn\u00fd povrch v\u00e1pnikov\u00fdch tabliet. Vyroben\u00e9 z vysoko kvalitn\u00e9ho materi\u00e1lu SS304, zaru\u010duje bezpe\u010dn\u00fd \u010diasto\u010dn\u00fd kontakt so surovinou a sp\u013a\u0148a po\u017eadovan\u00e9 \u0161tandardy kvality. Jeho kon\u0161trukcia navy\u0161e u\u013eah\u010duje \u010distenie a zabezpe\u010duje jednoduch\u00fa a efekt\u00edvnu \u00fadr\u017ebu. Optimalizujte svoje v\u00fdrobn\u00e9 procesy a zaru\u010dte kvalitu svojich produktov pomocou <strong>Vysokor\u00fdchlostn\u00fd zbera\u010d prachu ZWARS137<\/strong>.<\/p>\n<p>&nbsp;<\/p>\n<table>\n<tbody>\n<tr>\n<td width=\"283\">Model<\/td>\n<td width=\"283\">ZWARS137<\/td>\n<\/tr>\n<tr>\n<td width=\"283\">V\u00fdstupn\u00e1 kapacita (ks\/h)<\/td>\n<td width=\"283\">800000<\/td>\n<\/tr>\n<tr>\n<td width=\"283\">priemer sita (mm)<\/td>\n<td width=\"283\">3<\/td>\n<\/tr>\n<tr>\n<td width=\"283\">Priemer obrazovky (mm)<\/td>\n<td width=\"283\">25<\/td>\n<\/tr>\n<tr>\n<td width=\"283\">Priemer sitov\u00e9ho valca (mm)<\/td>\n<td width=\"283\">137<\/td>\n<\/tr>\n<tr>\n<td width=\"283\">Max. r\u00fdchlos\u0165 ot\u00e1\u010dania (ot.\/min)<\/td>\n<td width=\"283\">30<\/td>\n<\/tr>\n<tr>\n<td width=\"283\">V\u00fdkon (w)<\/td>\n<td width=\"283\">60<\/td>\n<\/tr>\n<tr>\n<td width=\"283\">Nap\u00e1janie<\/td>\n<td width=\"283\">220V\/110V 50Hz<\/td>\n<\/tr>\n<tr>\n<td width=\"283\">Tlak v tlaku (kg)<\/td>\n<td width=\"283\">4<\/td>\n<\/tr>\n<tr>\n<td width=\"283\">\u010cist\u00e1 hmotnos\u0165 (kg)<\/td>\n<td width=\"283\">750*<\/p>\n<p>320*<\/p>\n<p>1030*<\/td>\n<\/tr>\n<tr>\n<td width=\"283\">Celkov\u00e1 ve\u013ekos\u0165 (mm)<\/td>\n<td width=\"283\">37<\/td>\n<\/tr>\n<\/tbody>\n<\/table>","protected":false},"excerpt":{"rendered":"<p>Objavte vysokor\u00fdchlostn\u00fd odstra\u0148ova\u010d prachu ZWARS137, inovat\u00edvne rie\u0161enie, ktor\u00e9 vyu\u017e\u00edva pokro\u010dil\u00e9 princ\u00edpy f\u00fakania stla\u010den\u00e9ho vzduchu,<\/p>","protected":false},"featured_media":7037,"comment_status":"open","ping_status":"closed","template":"","meta":{"wds_primary_product_brand":0,"wds_primary_product_cat":0},"product_brand":[],"product_cat":[84],"product_tag":[],"class_list":{"0":"post-7035","1":"product","2":"type-product","3":"status-publish","4":"has-post-thumbnail","6":"product_cat-maquinas-para-hacer-pastillas","8":"first","9":"instock","10":"taxable","11":"shipping-taxable","12":"purchasable","13":"product-type-simple"},"yoast_head":"<!-- This site is optimized with the Yoast SEO Premium plugin v24.9 (Yoast SEO v26.1) - https:\/\/yoast.com\/wordpress\/plugins\/seo\/ -->\n<title>DESEMPOLVADOR ELIMINADOR DE POLVO PARA TABLETAS DE CALCIO - distribuci\u00f3n ARC<\/title>\n<meta name=\"robots\" content=\"index, follow, max-snippet:-1, max-image-preview:large, max-video-preview:-1\" \/>\n<link rel=\"canonical\" href=\"https:\/\/www.distribucionarc.com\/producto\/703desempolvador-eliminador-de-polvo-para-tabletas-de-calcio\/\" \/>\n<meta property=\"og:locale\" content=\"sk_SK\" \/>\n<meta property=\"og:type\" content=\"article\" \/>\n<meta property=\"og:title\" content=\"DESEMPOLVADOR ELIMINADOR DE POLVO PARA TABLETAS DE CALCIO\" \/>\n<meta property=\"og:description\" content=\"Descubre el Desempolvador de Alta Velocidad ZWARS137, una soluci\u00f3n innovadora que utiliza principios avanzados de soplado de aire comprimido, eliminaci\u00f3n\" \/>\n<meta property=\"og:url\" content=\"https:\/\/www.distribucionarc.com\/producto\/703desempolvador-eliminador-de-polvo-para-tabletas-de-calcio\/\" \/>\n<meta property=\"og:site_name\" content=\"distribuci\u00f3n ARC\" \/>\n<meta property=\"article:modified_time\" content=\"2024-05-06T14:42:40+00:00\" \/>\n<meta property=\"og:image\" content=\"https:\/\/www.distribucionarc.com\/wp-content\/uploads\/2024\/05\/DESEMPOLVADOR-ELIMINADOR-DE-POLVO-PARA-TABLETAS-DE-CALCIO.webp\" \/>\n\t<meta property=\"og:image:width\" content=\"944\" \/>\n\t<meta property=\"og:image:height\" content=\"968\" \/>\n\t<meta property=\"og:image:type\" content=\"image\/webp\" \/>\n<meta name=\"twitter:card\" content=\"summary_large_image\" \/>\n<meta name=\"twitter:label1\" content=\"Predpokladan\u00fd \u010das \u010d\u00edtania\" \/>\n\t<meta name=\"twitter:data1\" content=\"1 min\u00fata\" \/>\n<script type=\"application\/ld+json\" class=\"yoast-schema-graph\">{\"@context\":\"https:\/\/schema.org\",\"@graph\":[{\"@type\":\"WebPage\",\"@id\":\"https:\/\/www.distribucionarc.com\/producto\/703desempolvador-eliminador-de-polvo-para-tabletas-de-calcio\/\",\"url\":\"https:\/\/www.distribucionarc.com\/producto\/703desempolvador-eliminador-de-polvo-para-tabletas-de-calcio\/\",\"name\":\"DESEMPOLVADOR ELIMINADOR DE POLVO PARA TABLETAS DE CALCIO - distribuci\u00f3n ARC\",\"isPartOf\":{\"@id\":\"https:\/\/distribucionarc.com\/bg\/#website\"},\"primaryImageOfPage\":{\"@id\":\"https:\/\/www.distribucionarc.com\/producto\/703desempolvador-eliminador-de-polvo-para-tabletas-de-calcio\/#primaryimage\"},\"image\":{\"@id\":\"https:\/\/www.distribucionarc.com\/producto\/703desempolvador-eliminador-de-polvo-para-tabletas-de-calcio\/#primaryimage\"},\"thumbnailUrl\":\"https:\/\/distribucionarc.com\/wp-content\/uploads\/2024\/05\/DESEMPOLVADOR-ELIMINADOR-DE-POLVO-PARA-TABLETAS-DE-CALCIO.webp\",\"datePublished\":\"2024-05-06T14:42:37+00:00\",\"dateModified\":\"2024-05-06T14:42:40+00:00\",\"breadcrumb\":{\"@id\":\"https:\/\/www.distribucionarc.com\/producto\/703desempolvador-eliminador-de-polvo-para-tabletas-de-calcio\/#breadcrumb\"},\"inLanguage\":\"sk-SK\",\"potentialAction\":[{\"@type\":\"ReadAction\",\"target\":[\"https:\/\/www.distribucionarc.com\/producto\/703desempolvador-eliminador-de-polvo-para-tabletas-de-calcio\/\"]}]},{\"@type\":\"ImageObject\",\"inLanguage\":\"sk-SK\",\"@id\":\"https:\/\/www.distribucionarc.com\/producto\/703desempolvador-eliminador-de-polvo-para-tabletas-de-calcio\/#primaryimage\",\"url\":\"https:\/\/distribucionarc.com\/wp-content\/uploads\/2024\/05\/DESEMPOLVADOR-ELIMINADOR-DE-POLVO-PARA-TABLETAS-DE-CALCIO.webp\",\"contentUrl\":\"https:\/\/distribucionarc.com\/wp-content\/uploads\/2024\/05\/DESEMPOLVADOR-ELIMINADOR-DE-POLVO-PARA-TABLETAS-DE-CALCIO.webp\",\"width\":944,\"height\":968,\"caption\":\"#image_title\"},{\"@type\":\"BreadcrumbList\",\"@id\":\"https:\/\/www.distribucionarc.com\/producto\/703desempolvador-eliminador-de-polvo-para-tabletas-de-calcio\/#breadcrumb\",\"itemListElement\":[{\"@type\":\"ListItem\",\"position\":1,\"name\":\"Portada\",\"item\":\"https:\/\/distribucionarc.com\/el\/\"},{\"@type\":\"ListItem\",\"position\":2,\"name\":\"Proizvodi\",\"item\":\"https:\/\/www.distribucionarc.com\/hr\/ducan\/\"},{\"@type\":\"ListItem\",\"position\":3,\"name\":\"DESEMPOLVADOR ELIMINADOR DE POLVO PARA TABLETAS DE CALCIO\"}]},{\"@type\":\"WebSite\",\"@id\":\"https:\/\/distribucionarc.com\/bg\/#website\",\"url\":\"https:\/\/distribucionarc.com\/bg\/\",\"name\":\"distribuci\u00f3n ARC\",\"description\":\"Empresa especializada en la fabricaci\u00f3n y distribuci\u00f3n de maquinaria industrial, selladoras de latas, Maquinas de hacer pastillas, Maquinas de cortar carne...\",\"publisher\":{\"@id\":\"https:\/\/distribucionarc.com\/bg\/#organization\"},\"potentialAction\":[{\"@type\":\"SearchAction\",\"target\":{\"@type\":\"EntryPoint\",\"urlTemplate\":\"https:\/\/distribucionarc.com\/bg\/?s={search_term_string}\"},\"query-input\":{\"@type\":\"PropertyValueSpecification\",\"valueRequired\":true,\"valueName\":\"search_term_string\"}}],\"inLanguage\":\"sk-SK\"},{\"@type\":\"Organization\",\"@id\":\"https:\/\/distribucionarc.com\/bg\/#organization\",\"name\":\"Distribuci\u00f3n ARC\",\"url\":\"https:\/\/distribucionarc.com\/bg\/\",\"logo\":{\"@type\":\"ImageObject\",\"inLanguage\":\"sk-SK\",\"@id\":\"https:\/\/distribucionarc.com\/bg\/#\/schema\/logo\/image\/\",\"url\":\"https:\/\/distribucionarc.com\/wp-content\/uploads\/2024\/10\/distribucion-ARC-COLOR-SIN-FONDO-e1732295305345.png\",\"contentUrl\":\"https:\/\/distribucionarc.com\/wp-content\/uploads\/2024\/10\/distribucion-ARC-COLOR-SIN-FONDO-e1732295305345.png\",\"width\":1164,\"height\":558,\"caption\":\"Distribuci\u00f3n ARC\"},\"image\":{\"@id\":\"https:\/\/distribucionarc.com\/bg\/#\/schema\/logo\/image\/\"},\"description\":\"Empresa especializada en la fabricaci\u00f3n y distribuci\u00f3n de maquinaria industrial para los sectores alimentario y farmac\u00e9utico. Nos especializamos en: M\u00e1quinas de cortar carne Fabricaci\u00f3n de comprimidos Sistemas de transporte industrial L\u00edneas de embotellado Dosificadores Y mucho m\u00e1s... Ofrecemos soluciones innovadoras y personalizadas para optimizar los procesos productivos de tu empresa.\",\"email\":\"Admistracion@distribucionarc.com\",\"telephone\":\"+34 643496664\",\"legalName\":\"ARC TECH SOLUTIONS\",\"foundingDate\":\"2024-04-09\",\"vatID\":\"B55480172\",\"numberOfEmployees\":{\"@type\":\"QuantitativeValue\",\"minValue\":\"1\",\"maxValue\":\"10\"}}]}<\/script>\n<!-- \/ Yoast SEO Premium plugin. -->","yoast_head_json":{"title":"ODSTRA\u0147OVA\u010c PRACHU PRE V\u00c1PNIKOV\u00c9 TABLETY - ARC rozvod","robots":{"index":"index","follow":"follow","max-snippet":"max-snippet:-1","max-image-preview":"max-image-preview:large","max-video-preview":"max-video-preview:-1"},"canonical":"https:\/\/www.distribucionarc.com\/producto\/703desempolvador-eliminador-de-polvo-para-tabletas-de-calcio\/","og_locale":"sk_SK","og_type":"article","og_title":"DESEMPOLVADOR ELIMINADOR DE POLVO PARA TABLETAS DE CALCIO","og_description":"Descubre el Desempolvador de Alta Velocidad ZWARS137, una soluci\u00f3n innovadora que utiliza principios avanzados de soplado de aire comprimido, eliminaci\u00f3n","og_url":"https:\/\/www.distribucionarc.com\/producto\/703desempolvador-eliminador-de-polvo-para-tabletas-de-calcio\/","og_site_name":"distribuci\u00f3n ARC","article_modified_time":"2024-05-06T14:42:40+00:00","og_image":[{"width":944,"height":968,"url":"https:\/\/www.distribucionarc.com\/wp-content\/uploads\/2024\/05\/DESEMPOLVADOR-ELIMINADOR-DE-POLVO-PARA-TABLETAS-DE-CALCIO.webp","type":"image\/webp"}],"twitter_card":"summary_large_image","twitter_misc":{"Predpokladan\u00fd \u010das \u010d\u00edtania":"1 min\u00fata"},"schema":{"@context":"https:\/\/schema.org","@graph":[{"@type":"WebPage","@id":"https:\/\/www.distribucionarc.com\/producto\/703desempolvador-eliminador-de-polvo-para-tabletas-de-calcio\/","url":"https:\/\/www.distribucionarc.com\/producto\/703desempolvador-eliminador-de-polvo-para-tabletas-de-calcio\/","name":"ODSTRA\u0147OVA\u010c PRACHU PRE V\u00c1PNIKOV\u00c9 TABLETY - ARC rozvod","isPartOf":{"@id":"https:\/\/distribucionarc.com\/bg\/#website"},"primaryImageOfPage":{"@id":"https:\/\/www.distribucionarc.com\/producto\/703desempolvador-eliminador-de-polvo-para-tabletas-de-calcio\/#primaryimage"},"image":{"@id":"https:\/\/www.distribucionarc.com\/producto\/703desempolvador-eliminador-de-polvo-para-tabletas-de-calcio\/#primaryimage"},"thumbnailUrl":"https:\/\/distribucionarc.com\/wp-content\/uploads\/2024\/05\/DESEMPOLVADOR-ELIMINADOR-DE-POLVO-PARA-TABLETAS-DE-CALCIO.webp","datePublished":"2024-05-06T14:42:37+00:00","dateModified":"2024-05-06T14:42:40+00:00","breadcrumb":{"@id":"https:\/\/www.distribucionarc.com\/producto\/703desempolvador-eliminador-de-polvo-para-tabletas-de-calcio\/#breadcrumb"},"inLanguage":"sk-SK","potentialAction":[{"@type":"ReadAction","target":["https:\/\/www.distribucionarc.com\/producto\/703desempolvador-eliminador-de-polvo-para-tabletas-de-calcio\/"]}]},{"@type":"ImageObject","inLanguage":"sk-SK","@id":"https:\/\/www.distribucionarc.com\/producto\/703desempolvador-eliminador-de-polvo-para-tabletas-de-calcio\/#primaryimage","url":"https:\/\/distribucionarc.com\/wp-content\/uploads\/2024\/05\/DESEMPOLVADOR-ELIMINADOR-DE-POLVO-PARA-TABLETAS-DE-CALCIO.webp","contentUrl":"https:\/\/distribucionarc.com\/wp-content\/uploads\/2024\/05\/DESEMPOLVADOR-ELIMINADOR-DE-POLVO-PARA-TABLETAS-DE-CALCIO.webp","width":944,"height":968,"caption":"#image_title"},{"@type":"BreadcrumbList","@id":"https:\/\/www.distribucionarc.com\/producto\/703desempolvador-eliminador-de-polvo-para-tabletas-de-calcio\/#breadcrumb","itemListElement":[{"@type":"ListItem","position":1,"name":"Portada","item":"https:\/\/distribucionarc.com\/el\/"},{"@type":"ListItem","position":2,"name":"Proizvodi","item":"https:\/\/www.distribucionarc.com\/hr\/ducan\/"},{"@type":"ListItem","position":3,"name":"DESEMPOLVADOR ELIMINADOR DE POLVO PARA TABLETAS DE CALCIO"}]},{"@type":"WebSite","@id":"https:\/\/distribucionarc.com\/bg\/#website","url":"https:\/\/distribucionarc.com\/bg\/","name":"ARC distrib\u00facia","description":"Spolo\u010dnos\u0165 sa \u0161pecializuje na v\u00fdrobu a distrib\u00faciu priemyseln\u00fdch strojov, strojov na uzatv\u00e1ranie plechoviek, strojov na v\u00fdrobu tabliet, strojov na porciovanie m\u00e4sa...","publisher":{"@id":"https:\/\/distribucionarc.com\/bg\/#organization"},"potentialAction":[{"@type":"SearchAction","target":{"@type":"EntryPoint","urlTemplate":"https:\/\/distribucionarc.com\/bg\/?s={search_term_string}"},"query-input":{"@type":"PropertyValueSpecification","valueRequired":true,"valueName":"search_term_string"}}],"inLanguage":"sk-SK"},{"@type":"Organization","@id":"https:\/\/distribucionarc.com\/bg\/#organization","name":"Distrib\u00facia ARC","url":"https:\/\/distribucionarc.com\/bg\/","logo":{"@type":"ImageObject","inLanguage":"sk-SK","@id":"https:\/\/distribucionarc.com\/bg\/#\/schema\/logo\/image\/","url":"https:\/\/distribucionarc.com\/wp-content\/uploads\/2024\/10\/distribucion-ARC-COLOR-SIN-FONDO-e1732295305345.png","contentUrl":"https:\/\/distribucionarc.com\/wp-content\/uploads\/2024\/10\/distribucion-ARC-COLOR-SIN-FONDO-e1732295305345.png","width":1164,"height":558,"caption":"Distribuci\u00f3n ARC"},"image":{"@id":"https:\/\/distribucionarc.com\/bg\/#\/schema\/logo\/image\/"},"description":"Spolo\u010dnos\u0165 \u0161pecializuj\u00faca sa na v\u00fdrobu a distrib\u00faciu priemyseln\u00fdch strojov pre potravin\u00e1rsky a farmaceutick\u00fd sektor. \u0160pecializujeme sa na: Stroje na kr\u00e1janie m\u00e4sa V\u00fdroba tabliet Priemyseln\u00e9 dopravn\u00e9 syst\u00e9my D\u00e1vkova\u010de na f\u013ea\u0161e A ove\u013ea viac... Pon\u00fakame inovat\u00edvne a prisp\u00f4soben\u00e9 rie\u0161enia na optimaliz\u00e1ciu v\u00fdrobn\u00fdch procesov va\u0161ej spolo\u010dnosti.","email":"Admistracion@distribucionarc.com","telephone":"+34 643496664","legalName":"ARC TECH SOLUTIONS","foundingDate":"2024-04-09","vatID":"B55480172","numberOfEmployees":{"@type":"QuantitativeValue","minValue":"1","maxValue":"10"}}]}},"_links":{"self":[{"href":"https:\/\/distribucionarc.com\/sk\/wp-json\/wp\/v2\/product\/7035","targetHints":{"allow":["GET"]}}],"collection":[{"href":"https:\/\/distribucionarc.com\/sk\/wp-json\/wp\/v2\/product"}],"about":[{"href":"https:\/\/distribucionarc.com\/sk\/wp-json\/wp\/v2\/types\/product"}],"replies":[{"embeddable":true,"href":"https:\/\/distribucionarc.com\/sk\/wp-json\/wp\/v2\/comments?post=7035"}],"version-history":[{"count":0,"href":"https:\/\/distribucionarc.com\/sk\/wp-json\/wp\/v2\/product\/7035\/revisions"}],"wp:featuredmedia":[{"embeddable":true,"href":"https:\/\/distribucionarc.com\/sk\/wp-json\/wp\/v2\/media\/7037"}],"wp:attachment":[{"href":"https:\/\/distribucionarc.com\/sk\/wp-json\/wp\/v2\/media?parent=7035"}],"wp:term":[{"taxonomy":"product_brand","embeddable":true,"href":"https:\/\/distribucionarc.com\/sk\/wp-json\/wp\/v2\/product_brand?post=7035"},{"taxonomy":"product_cat","embeddable":true,"href":"https:\/\/distribucionarc.com\/sk\/wp-json\/wp\/v2\/product_cat?post=7035"},{"taxonomy":"product_tag","embeddable":true,"href":"https:\/\/distribucionarc.com\/sk\/wp-json\/wp\/v2\/product_tag?post=7035"}],"curies":[{"name":"pracovn\u00fd list","href":"https:\/\/api.w.org\/{rel}","templated":true}]}}