{"id":7045,"date":"2024-05-06T15:07:22","date_gmt":"2024-05-06T15:07:22","guid":{"rendered":"https:\/\/distribucionarc.com\/?post_type=product&#038;p=7045"},"modified":"2024-05-06T15:07:23","modified_gmt":"2024-05-06T15:07:23","slug":"rotacne-sitko-na-jedlo-a-prasok-druh-sitko","status":"publish","type":"product","link":"https:\/\/distribucionarc.com\/sk\/producto\/tamizadora-rotativa-para-alimentos-y-especies-en-polvo\/","title":{"rendered":"OTO\u010cN\u00c9 SIETKO NA POTRAVINY A PR\u00c1\u0160KOV\u00c9 DRUHY"},"content":{"rendered":"<div class=\"flex-1 overflow-hidden\">\n<div class=\"react-scroll-to-bottom--css-nzqlo-79elbk h-full\">\n<div class=\"react-scroll-to-bottom--css-nzqlo-1n7m0yu\">\n<div class=\"flex flex-col text-sm pb-9\">\n<div class=\"w-full text-token-text-primary\" dir=\"auto\" data-testid=\"conversation-turn-3\" data-scroll-anchor=\"true\">\n<div class=\"py-2 px-3 text-base md:px-4 m-auto md:px-5 lg:px-1 xl:px-5\">\n<div class=\"mx-auto flex flex-1 gap-3 text-base juice:gap-4 juice:md:gap-6 md:max-w-3xl lg:max-w-[40rem] xl:max-w-[48rem]\">\n<div class=\"relative flex w-full min-w-0 flex-col agent-turn\">\n<div class=\"flex-col gap-1 md:gap-3\">\n<div class=\"flex flex-grow flex-col max-w-full\">\n<div class=\"min-h-[20px] text-message flex flex-col items-start whitespace-pre-wrap break-words [.text-message+&amp;]:mt-5 overflow-x-auto gap-3\" dir=\"auto\" data-message-author-role=\"assistant\" data-message-id=\"7c9d7482-bde1-4c67-9ed6-c5696ac64916\">\n<div class=\"markdown prose w-full break-words dark:prose-invert light\">\n<p>Descubre la innovadora<strong> Tamizadora Rotativa Serie SZARS<\/strong>, meticulosamente dise\u00f1ada para realizar el <strong>tamizado<\/strong> eficiente de <strong>alimentos y especias en polvo<\/strong>, con un enfoque especial en <strong>tabletas de hierro<\/strong>. Su proceso de volteo y pulido autom\u00e1tico garantiza un acabado excepcional, mientras que su construcci\u00f3n en SS304 asegura un contacto seguro con la materia prima, minimizando la contaminaci\u00f3n. Esta m\u00e1quina ofrece un rendimiento \u00f3ptimo en la eliminaci\u00f3n de polvo y est\u00e1 dise\u00f1ada para cumplir con los m\u00e1s altos est\u00e1ndares de calidad, facilitando la limpieza y permitiendo un desmontaje r\u00e1pido y sencillo. Optimiza tus procesos de producci\u00f3n con la <strong>Tamizadora Rotativa Serie SZARS<\/strong> y eleva la calidad de tus productos de manera confiable y eficiente.<\/p>\n<\/div>\n<\/div>\n<p>&nbsp;<\/p>\n<p>&nbsp;<\/p>\n<table>\n<tbody>\n<tr>\n<td width=\"189\">Modelo<\/td>\n<td width=\"189\">SZAS200<\/td>\n<td width=\"189\">SZARS230<\/td>\n<\/tr>\n<tr>\n<td width=\"189\">Capacidad de salida( piezas \/h)<\/td>\n<td width=\"189\">1000000<\/td>\n<td width=\"189\">1000000<\/td>\n<\/tr>\n<tr>\n<td width=\"189\">Potencia (w)<\/td>\n<td width=\"189\">150<\/td>\n<td width=\"189\">150<\/td>\n<\/tr>\n<tr>\n<td width=\"189\">Distancia de desempolvado (mil\u00edmetros)<\/td>\n<td width=\"189\">6.2<\/td>\n<td width=\"189\">6.2<\/td>\n<\/tr>\n<tr>\n<td width=\"189\">Di\u00e1metro m\u00e1x. de tableta (mil\u00edmetros)<\/td>\n<td width=\"189\">25<\/td>\n<td width=\"189\">25<\/td>\n<\/tr>\n<tr>\n<td width=\"189\">Fuente de alimentaci\u00f3n<\/td>\n<td width=\"189\">220V\/110V50HZ\/60HZ\u00a0\u00a0 1P<\/td>\n<td width=\"189\">220V\/110V 50HZ\/60HZ<\/td>\n<\/tr>\n<tr>\n<td width=\"189\">Aire comprimido<\/td>\n<td width=\"189\">0.1m3\/min -0.05MPa<\/td>\n<td width=\"189\">0.1m3\/min-0.1MPa<\/td>\n<\/tr>\n<tr>\n<td width=\"189\">Vac\u00edo<\/td>\n<td width=\"189\">2.7m3\/min-0.014MPa<\/td>\n<td width=\"189\">2.5m3\/min \u2013 0.1MPa<\/td>\n<\/tr>\n<tr>\n<td width=\"189\">Ruido (decibelios)<\/td>\n<td width=\"189\">-75<\/td>\n<td width=\"189\">-75<\/td>\n<\/tr>\n<tr>\n<td width=\"189\">Tama\u00f1o total (mil\u00edmetros)<\/td>\n<td width=\"189\">500*<\/p>\n<p>540*(1450-1670)<\/td>\n<td width=\"189\">500*<\/p>\n<p>550* (1350-1500)<\/td>\n<\/tr>\n<tr>\n<td width=\"189\">Peso neto (kg)<\/td>\n<td width=\"189\">75<\/td>\n<td width=\"189\">70<\/td>\n<\/tr>\n<\/tbody>\n<\/table>\n<\/div>\n<div class=\"mt-1 flex gap-3 empty:hidden\">\n<div class=\"text-gray-400 flex self-end lg:self-center items-center justify-center lg:justify-start mt-0 -ml-1 h-7 gap-[2px] visible\">\n<div class=\"flex\"><\/div>\n<\/div>\n<\/div>\n<div class=\"pr-2 lg:pr-0\"><\/div>\n<\/div>\n<\/div>\n<\/div>\n<\/div>\n<\/div>\n<\/div>\n<\/div>\n<\/div>\n<\/div>\n<div class=\"w-full md:pt-0 dark:border-white\/20 md:border-transparent md:dark:border-transparent md:w-[calc(100%-.5rem)] juice:w-full\">\n<div class=\"px-3 text-base md:px-4 m-auto md:px-5 lg:px-1 xl:px-5\">\n<div class=\"mx-auto flex flex-1 gap-3 text-base juice:gap-4 juice:md:gap-6 md:max-w-3xl lg:max-w-[40rem] xl:max-w-[48rem]\">\n<form class=\"w-full\">\n<div class=\"relative flex h-full max-w-full flex-1 flex-col\">\n<div class=\"flex w-full items-center\"><\/div>\n<\/div>\n<\/form>\n<\/div>\n<\/div>\n<\/div>\n","protected":false},"excerpt":{"rendered":"<p>Objavte inovat\u00edvnu rota\u010dn\u00fa sitov\u00fa trepa\u010dku s\u00e9rie SZARS, ktor\u00e1 je starostlivo navrhnut\u00e1 na efekt\u00edvne preosievanie pr\u00e1\u0161kov\u00fdch potrav\u00edn a koren\u00edn.<\/p>","protected":false},"featured_media":7046,"comment_status":"open","ping_status":"closed","template":"","meta":{"wds_primary_product_brand":0,"wds_primary_product_cat":0},"product_brand":[],"product_cat":[84],"product_tag":[],"class_list":{"0":"post-7045","1":"product","2":"type-product","3":"status-publish","4":"has-post-thumbnail","6":"product_cat-maquinas-para-hacer-pastillas","8":"first","9":"instock","10":"taxable","11":"shipping-taxable","12":"product-type-simple"},"yoast_head":"<!-- This site is optimized with the Yoast SEO Premium plugin v24.9 (Yoast SEO v26.1) - https:\/\/yoast.com\/wordpress\/plugins\/seo\/ -->\n<title>TAMIZADORA ROTATIVA PARA ALIMENTOS Y ESPECIES EN POLVO - distribuci\u00f3n ARC<\/title>\n<meta name=\"robots\" content=\"index, follow, max-snippet:-1, max-image-preview:large, max-video-preview:-1\" \/>\n<link rel=\"canonical\" href=\"https:\/\/distribucionarc.com\/sk\/produktov\/rotacne-sitko-na-jedlo-a-prasok-druh-sitko\/\" \/>\n<meta property=\"og:locale\" content=\"sk_SK\" \/>\n<meta property=\"og:type\" content=\"article\" \/>\n<meta property=\"og:title\" content=\"TAMIZADORA ROTATIVA PARA ALIMENTOS Y ESPECIES EN POLVO\" \/>\n<meta property=\"og:description\" content=\"Descubre la innovadora Tamizadora Rotativa Serie SZARS, meticulosamente dise\u00f1ada para realizar el tamizado eficiente de alimentos y especias en polvo,\" \/>\n<meta property=\"og:url\" content=\"https:\/\/distribucionarc.com\/sk\/produktov\/rotacne-sitko-na-jedlo-a-prasok-druh-sitko\/\" \/>\n<meta property=\"og:site_name\" content=\"distribuci\u00f3n ARC\" \/>\n<meta property=\"article:modified_time\" content=\"2024-05-06T15:07:23+00:00\" \/>\n<meta property=\"og:image\" content=\"https:\/\/distribucionarc.com\/wp-content\/uploads\/2024\/05\/TAMIZADORA-ROTATIVA-PARA-ALIMENTOS-EN-POLVO-.webp\" \/>\n\t<meta property=\"og:image:width\" content=\"1216\" \/>\n\t<meta property=\"og:image:height\" content=\"1208\" \/>\n\t<meta property=\"og:image:type\" content=\"image\/webp\" \/>\n<meta name=\"twitter:card\" content=\"summary_large_image\" \/>\n<meta name=\"twitter:label1\" content=\"Predpokladan\u00fd \u010das \u010d\u00edtania\" \/>\n\t<meta name=\"twitter:data1\" content=\"1 min\u00fata\" \/>\n<script type=\"application\/ld+json\" class=\"yoast-schema-graph\">{\"@context\":\"https:\/\/schema.org\",\"@graph\":[{\"@type\":\"WebPage\",\"@id\":\"https:\/\/distribucionarc.com\/sk\/producto\/tamizadora-rotativa-para-alimentos-y-especies-en-polvo\/\",\"url\":\"https:\/\/distribucionarc.com\/sk\/producto\/tamizadora-rotativa-para-alimentos-y-especies-en-polvo\/\",\"name\":\"TAMIZADORA ROTATIVA PARA ALIMENTOS Y ESPECIES EN POLVO - distribuci\u00f3n ARC\",\"isPartOf\":{\"@id\":\"https:\/\/www.distribucionarc.com\/tr\/#website\"},\"primaryImageOfPage\":{\"@id\":\"https:\/\/distribucionarc.com\/sk\/producto\/tamizadora-rotativa-para-alimentos-y-especies-en-polvo\/#primaryimage\"},\"image\":{\"@id\":\"https:\/\/distribucionarc.com\/sk\/producto\/tamizadora-rotativa-para-alimentos-y-especies-en-polvo\/#primaryimage\"},\"thumbnailUrl\":\"https:\/\/distribucionarc.com\/wp-content\/uploads\/2024\/05\/TAMIZADORA-ROTATIVA-PARA-ALIMENTOS-EN-POLVO-.webp\",\"datePublished\":\"2024-05-06T15:07:22+00:00\",\"dateModified\":\"2024-05-06T15:07:23+00:00\",\"breadcrumb\":{\"@id\":\"https:\/\/distribucionarc.com\/sk\/producto\/tamizadora-rotativa-para-alimentos-y-especies-en-polvo\/#breadcrumb\"},\"inLanguage\":\"sk-SK\",\"potentialAction\":[{\"@type\":\"ReadAction\",\"target\":[\"https:\/\/distribucionarc.com\/sk\/producto\/tamizadora-rotativa-para-alimentos-y-especies-en-polvo\/\"]}]},{\"@type\":\"ImageObject\",\"inLanguage\":\"sk-SK\",\"@id\":\"https:\/\/distribucionarc.com\/sk\/producto\/tamizadora-rotativa-para-alimentos-y-especies-en-polvo\/#primaryimage\",\"url\":\"https:\/\/distribucionarc.com\/wp-content\/uploads\/2024\/05\/TAMIZADORA-ROTATIVA-PARA-ALIMENTOS-EN-POLVO-.webp\",\"contentUrl\":\"https:\/\/distribucionarc.com\/wp-content\/uploads\/2024\/05\/TAMIZADORA-ROTATIVA-PARA-ALIMENTOS-EN-POLVO-.webp\",\"width\":1216,\"height\":1208,\"caption\":\"#image_title\"},{\"@type\":\"BreadcrumbList\",\"@id\":\"https:\/\/distribucionarc.com\/sk\/producto\/tamizadora-rotativa-para-alimentos-y-especies-en-polvo\/#breadcrumb\",\"itemListElement\":[{\"@type\":\"ListItem\",\"position\":1,\"name\":\"Portada\",\"item\":\"https:\/\/www.distribucionarc.com\/tr\/\"},{\"@type\":\"ListItem\",\"position\":2,\"name\":\"Produktai\",\"item\":\"https:\/\/distribucionarc.com\/lt\/parduotuve\/\"},{\"@type\":\"ListItem\",\"position\":3,\"name\":\"TAMIZADORA ROTATIVA PARA ALIMENTOS Y ESPECIES EN POLVO\"}]},{\"@type\":\"WebSite\",\"@id\":\"https:\/\/www.distribucionarc.com\/tr\/#website\",\"url\":\"https:\/\/www.distribucionarc.com\/tr\/\",\"name\":\"distribuci\u00f3n ARC\",\"description\":\"Empresa especializada en la fabricaci\u00f3n y distribuci\u00f3n de maquinaria industrial, selladoras de latas, Maquinas de hacer pastillas, Maquinas de cortar carne...\",\"publisher\":{\"@id\":\"https:\/\/www.distribucionarc.com\/tr\/#organization\"},\"potentialAction\":[{\"@type\":\"SearchAction\",\"target\":{\"@type\":\"EntryPoint\",\"urlTemplate\":\"https:\/\/www.distribucionarc.com\/tr\/?s={search_term_string}\"},\"query-input\":{\"@type\":\"PropertyValueSpecification\",\"valueRequired\":true,\"valueName\":\"search_term_string\"}}],\"inLanguage\":\"sk-SK\"},{\"@type\":\"Organization\",\"@id\":\"https:\/\/www.distribucionarc.com\/tr\/#organization\",\"name\":\"Distribuci\u00f3n ARC\",\"url\":\"https:\/\/www.distribucionarc.com\/tr\/\",\"logo\":{\"@type\":\"ImageObject\",\"inLanguage\":\"sk-SK\",\"@id\":\"https:\/\/www.distribucionarc.com\/tr\/#\/schema\/logo\/image\/\",\"url\":\"https:\/\/distribucionarc.com\/wp-content\/uploads\/2024\/10\/distribucion-ARC-COLOR-SIN-FONDO-e1732295305345.png\",\"contentUrl\":\"https:\/\/distribucionarc.com\/wp-content\/uploads\/2024\/10\/distribucion-ARC-COLOR-SIN-FONDO-e1732295305345.png\",\"width\":1164,\"height\":558,\"caption\":\"Distribuci\u00f3n ARC\"},\"image\":{\"@id\":\"https:\/\/www.distribucionarc.com\/tr\/#\/schema\/logo\/image\/\"},\"description\":\"Empresa especializada en la fabricaci\u00f3n y distribuci\u00f3n de maquinaria industrial para los sectores alimentario y farmac\u00e9utico. Nos especializamos en: M\u00e1quinas de cortar carne Fabricaci\u00f3n de comprimidos Sistemas de transporte industrial L\u00edneas de embotellado Dosificadores Y mucho m\u00e1s... Ofrecemos soluciones innovadoras y personalizadas para optimizar los procesos productivos de tu empresa.\",\"email\":\"Admistracion@distribucionarc.com\",\"telephone\":\"+34 643496664\",\"legalName\":\"ARC TECH SOLUTIONS\",\"foundingDate\":\"2024-04-09\",\"vatID\":\"B55480172\",\"numberOfEmployees\":{\"@type\":\"QuantitativeValue\",\"minValue\":\"1\",\"maxValue\":\"10\"}}]}<\/script>\n<!-- \/ Yoast SEO Premium plugin. -->","yoast_head_json":{"title":"OTO\u010cN\u00c9 SIETKO NA POTRAVINY A PR\u00c1\u0160KOV\u00c9 DRUHY - ARC rozvod","robots":{"index":"index","follow":"follow","max-snippet":"max-snippet:-1","max-image-preview":"max-image-preview:large","max-video-preview":"max-video-preview:-1"},"canonical":"https:\/\/distribucionarc.com\/sk\/produktov\/rotacne-sitko-na-jedlo-a-prasok-druh-sitko\/","og_locale":"sk_SK","og_type":"article","og_title":"TAMIZADORA ROTATIVA PARA ALIMENTOS Y ESPECIES EN POLVO","og_description":"Descubre la innovadora Tamizadora Rotativa Serie SZARS, meticulosamente dise\u00f1ada para realizar el tamizado eficiente de alimentos y especias en polvo,","og_url":"https:\/\/distribucionarc.com\/sk\/produktov\/rotacne-sitko-na-jedlo-a-prasok-druh-sitko\/","og_site_name":"distribuci\u00f3n ARC","article_modified_time":"2024-05-06T15:07:23+00:00","og_image":[{"width":1216,"height":1208,"url":"https:\/\/distribucionarc.com\/wp-content\/uploads\/2024\/05\/TAMIZADORA-ROTATIVA-PARA-ALIMENTOS-EN-POLVO-.webp","type":"image\/webp"}],"twitter_card":"summary_large_image","twitter_misc":{"Predpokladan\u00fd \u010das \u010d\u00edtania":"1 min\u00fata"},"schema":{"@context":"https:\/\/schema.org","@graph":[{"@type":"WebPage","@id":"https:\/\/distribucionarc.com\/sk\/producto\/tamizadora-rotativa-para-alimentos-y-especies-en-polvo\/","url":"https:\/\/distribucionarc.com\/sk\/producto\/tamizadora-rotativa-para-alimentos-y-especies-en-polvo\/","name":"OTO\u010cN\u00c9 SIETKO NA POTRAVINY A PR\u00c1\u0160KOV\u00c9 DRUHY - ARC rozvod","isPartOf":{"@id":"https:\/\/www.distribucionarc.com\/tr\/#website"},"primaryImageOfPage":{"@id":"https:\/\/distribucionarc.com\/sk\/producto\/tamizadora-rotativa-para-alimentos-y-especies-en-polvo\/#primaryimage"},"image":{"@id":"https:\/\/distribucionarc.com\/sk\/producto\/tamizadora-rotativa-para-alimentos-y-especies-en-polvo\/#primaryimage"},"thumbnailUrl":"https:\/\/distribucionarc.com\/wp-content\/uploads\/2024\/05\/TAMIZADORA-ROTATIVA-PARA-ALIMENTOS-EN-POLVO-.webp","datePublished":"2024-05-06T15:07:22+00:00","dateModified":"2024-05-06T15:07:23+00:00","breadcrumb":{"@id":"https:\/\/distribucionarc.com\/sk\/producto\/tamizadora-rotativa-para-alimentos-y-especies-en-polvo\/#breadcrumb"},"inLanguage":"sk-SK","potentialAction":[{"@type":"ReadAction","target":["https:\/\/distribucionarc.com\/sk\/producto\/tamizadora-rotativa-para-alimentos-y-especies-en-polvo\/"]}]},{"@type":"ImageObject","inLanguage":"sk-SK","@id":"https:\/\/distribucionarc.com\/sk\/producto\/tamizadora-rotativa-para-alimentos-y-especies-en-polvo\/#primaryimage","url":"https:\/\/distribucionarc.com\/wp-content\/uploads\/2024\/05\/TAMIZADORA-ROTATIVA-PARA-ALIMENTOS-EN-POLVO-.webp","contentUrl":"https:\/\/distribucionarc.com\/wp-content\/uploads\/2024\/05\/TAMIZADORA-ROTATIVA-PARA-ALIMENTOS-EN-POLVO-.webp","width":1216,"height":1208,"caption":"#image_title"},{"@type":"BreadcrumbList","@id":"https:\/\/distribucionarc.com\/sk\/producto\/tamizadora-rotativa-para-alimentos-y-especies-en-polvo\/#breadcrumb","itemListElement":[{"@type":"ListItem","position":1,"name":"Portada","item":"https:\/\/www.distribucionarc.com\/tr\/"},{"@type":"ListItem","position":2,"name":"Produktai","item":"https:\/\/distribucionarc.com\/lt\/parduotuve\/"},{"@type":"ListItem","position":3,"name":"TAMIZADORA ROTATIVA PARA ALIMENTOS Y ESPECIES EN POLVO"}]},{"@type":"WebSite","@id":"https:\/\/www.distribucionarc.com\/tr\/#website","url":"https:\/\/www.distribucionarc.com\/tr\/","name":"ARC distrib\u00facia","description":"Spolo\u010dnos\u0165 sa \u0161pecializuje na v\u00fdrobu a distrib\u00faciu priemyseln\u00fdch strojov, strojov na uzatv\u00e1ranie plechoviek, strojov na v\u00fdrobu tabliet, strojov na porciovanie m\u00e4sa...","publisher":{"@id":"https:\/\/www.distribucionarc.com\/tr\/#organization"},"potentialAction":[{"@type":"SearchAction","target":{"@type":"EntryPoint","urlTemplate":"https:\/\/www.distribucionarc.com\/tr\/?s={search_term_string}"},"query-input":{"@type":"PropertyValueSpecification","valueRequired":true,"valueName":"search_term_string"}}],"inLanguage":"sk-SK"},{"@type":"Organization","@id":"https:\/\/www.distribucionarc.com\/tr\/#organization","name":"Distrib\u00facia ARC","url":"https:\/\/www.distribucionarc.com\/tr\/","logo":{"@type":"ImageObject","inLanguage":"sk-SK","@id":"https:\/\/www.distribucionarc.com\/tr\/#\/schema\/logo\/image\/","url":"https:\/\/distribucionarc.com\/wp-content\/uploads\/2024\/10\/distribucion-ARC-COLOR-SIN-FONDO-e1732295305345.png","contentUrl":"https:\/\/distribucionarc.com\/wp-content\/uploads\/2024\/10\/distribucion-ARC-COLOR-SIN-FONDO-e1732295305345.png","width":1164,"height":558,"caption":"Distribuci\u00f3n ARC"},"image":{"@id":"https:\/\/www.distribucionarc.com\/tr\/#\/schema\/logo\/image\/"},"description":"Spolo\u010dnos\u0165 \u0161pecializuj\u00faca sa na v\u00fdrobu a distrib\u00faciu priemyseln\u00fdch strojov pre potravin\u00e1rsky a farmaceutick\u00fd sektor. \u0160pecializujeme sa na: Stroje na kr\u00e1janie m\u00e4sa V\u00fdroba tabliet Priemyseln\u00e9 dopravn\u00e9 syst\u00e9my D\u00e1vkova\u010de na f\u013ea\u0161e A ove\u013ea viac... Pon\u00fakame inovat\u00edvne a prisp\u00f4soben\u00e9 rie\u0161enia na optimaliz\u00e1ciu v\u00fdrobn\u00fdch procesov va\u0161ej spolo\u010dnosti.","email":"Admistracion@distribucionarc.com","telephone":"+34 643496664","legalName":"ARC TECH SOLUTIONS","foundingDate":"2024-04-09","vatID":"B55480172","numberOfEmployees":{"@type":"QuantitativeValue","minValue":"1","maxValue":"10"}}]}},"_links":{"self":[{"href":"https:\/\/distribucionarc.com\/sk\/wp-json\/wp\/v2\/product\/7045","targetHints":{"allow":["GET"]}}],"collection":[{"href":"https:\/\/distribucionarc.com\/sk\/wp-json\/wp\/v2\/product"}],"about":[{"href":"https:\/\/distribucionarc.com\/sk\/wp-json\/wp\/v2\/types\/product"}],"replies":[{"embeddable":true,"href":"https:\/\/distribucionarc.com\/sk\/wp-json\/wp\/v2\/comments?post=7045"}],"version-history":[{"count":0,"href":"https:\/\/distribucionarc.com\/sk\/wp-json\/wp\/v2\/product\/7045\/revisions"}],"wp:featuredmedia":[{"embeddable":true,"href":"https:\/\/distribucionarc.com\/sk\/wp-json\/wp\/v2\/media\/7046"}],"wp:attachment":[{"href":"https:\/\/distribucionarc.com\/sk\/wp-json\/wp\/v2\/media?parent=7045"}],"wp:term":[{"taxonomy":"product_brand","embeddable":true,"href":"https:\/\/distribucionarc.com\/sk\/wp-json\/wp\/v2\/product_brand?post=7045"},{"taxonomy":"product_cat","embeddable":true,"href":"https:\/\/distribucionarc.com\/sk\/wp-json\/wp\/v2\/product_cat?post=7045"},{"taxonomy":"product_tag","embeddable":true,"href":"https:\/\/distribucionarc.com\/sk\/wp-json\/wp\/v2\/product_tag?post=7045"}],"curies":[{"name":"pracovn\u00fd list","href":"https:\/\/api.w.org\/{rel}","templated":true}]}}