{"id":7052,"date":"2024-05-06T15:19:21","date_gmt":"2024-05-06T15:19:21","guid":{"rendered":"https:\/\/distribucionarc.com\/?post_type=product&#038;p=7052"},"modified":"2024-05-06T15:19:23","modified_gmt":"2024-05-06T15:19:23","slug":"lestic-na-kapsuly-na-konope","status":"publish","type":"product","link":"https:\/\/distribucionarc.com\/sk\/producto\/pulidora-de-capsulas-de-cannabis\/","title":{"rendered":"STROJ NA LE\u0160TENIE KAPSUL\u00cd KONOPY"},"content":{"rendered":"<p>Objavte <strong>Le\u0161ti\u010dka na kapsuly YARJP-A<\/strong>, navrhnut\u00fd \u0161peci\u00e1lne pre <strong>kapsuly extraktu z lie\u010div\u00fdch rastl\u00edn, ako je kanabis<\/strong> vo ve\u013ekostiach #00-5. Toto zariadenie \u00fa\u010dinne odstra\u0148uje prach bez po\u0161kodenia kapsuly a zaru\u010duje dokonal\u00fa prezent\u00e1ciu va\u0161ich produktov. Vyroben\u00e9 z vysoko kvalitn\u00e9ho materi\u00e1lu SS304, zais\u0165uje bezpe\u010dn\u00fd \u010diasto\u010dn\u00fd kontakt so surovinou a sp\u013a\u0148a \u0161tandard spr\u00e1vnej v\u00fdrobnej praxe GMP. Okrem toho, <strong>Le\u0161ti\u010dka na kapsuly YARJP-A<\/strong> M\u00f4\u017ee by\u0165 vybaven\u00fd \u0161peci\u00e1lnym pod\u00e1va\u010dom na prepojenie s automatick\u00fdm plniacim strojom, \u010do u\u013eah\u010duje jeho integr\u00e1ciu do va\u0161ej v\u00fdrobnej linky. Optimalizujte svoje procesy a zabezpe\u010dte si kvalitu <strong>kanabisov\u00e9 kapsuly<\/strong> s t\u00fdmto pokro\u010dil\u00fdm a spo\u013eahliv\u00fdm rie\u0161en\u00edm.<\/p>\n<p>&nbsp;<\/p>\n<table>\n<tbody>\n<tr>\n<td width=\"283\">Model<\/td>\n<td width=\"283\">YARJP-A<\/td>\n<\/tr>\n<tr>\n<td width=\"283\">Produktivita<\/td>\n<td width=\"283\">150 000 jednotiek\/h<\/td>\n<\/tr>\n<tr>\n<td width=\"283\">Nap\u00e1janie<\/td>\n<td width=\"283\">220V, 50Hz<\/td>\n<\/tr>\n<tr>\n<td width=\"283\">podtlaku<\/td>\n<td width=\"283\">2,7 m3\/min-0,014MPa<\/td>\n<\/tr>\n<tr>\n<td width=\"283\">Ve\u013ekos\u0165 zariadenia (milimetre)<\/td>\n<td width=\"283\">1025*<\/p>\n<p>550*<\/p>\n<p>900*<\/td>\n<\/tr>\n<tr>\n<td width=\"283\">Ve\u013ekos\u0165 balenia (milimetre)<\/td>\n<td width=\"283\">1130*<\/p>\n<p>620*<\/p>\n<p>750*<\/td>\n<\/tr>\n<tr>\n<td width=\"283\">\u010cist\u00e1 hmotnos\u0165 (kg)<\/td>\n<td width=\"283\">40 kg<\/td>\n<\/tr>\n<tr>\n<td width=\"283\">Hrub\u00e1 hmotnos\u0165 (kg)<\/td>\n<td width=\"283\">50 kg<\/td>\n<\/tr>\n<\/tbody>\n<\/table>","protected":false},"excerpt":{"rendered":"<p>Objavte le\u0161ti\u010dku kaps\u00fal YARJP-A, \u0161peci\u00e1lne navrhnut\u00fa pre kapsuly s extraktom z lie\u010div\u00fdch rastl\u00edn, ako je napr\u00edklad konope, vo ve\u013ekostiach #00-5.<\/p>","protected":false},"featured_media":7053,"comment_status":"open","ping_status":"closed","template":"","meta":{"wds_primary_product_brand":0,"wds_primary_product_cat":0},"product_brand":[],"product_cat":[84],"product_tag":[],"class_list":{"0":"post-7052","1":"product","2":"type-product","3":"status-publish","4":"has-post-thumbnail","6":"product_cat-maquinas-para-hacer-pastillas","8":"first","9":"instock","10":"taxable","11":"shipping-taxable","12":"product-type-simple"},"yoast_head":"<!-- This site is optimized with the Yoast SEO Premium plugin v24.9 (Yoast SEO v26.1) - https:\/\/yoast.com\/wordpress\/plugins\/seo\/ -->\n<title>PULIDORA DE CAPSULAS DE CANNABIS - distribuci\u00f3n ARC<\/title>\n<meta name=\"robots\" content=\"index, follow, max-snippet:-1, max-image-preview:large, max-video-preview:-1\" \/>\n<link rel=\"canonical\" href=\"https:\/\/www.distribucionarc.com\/sk\/producto\/pulidora-de-capsulas-de-cannabis\/\" \/>\n<meta property=\"og:locale\" content=\"sk_SK\" \/>\n<meta property=\"og:type\" content=\"article\" \/>\n<meta property=\"og:title\" content=\"PULIDORA DE CAPSULAS DE CANNABIS\" \/>\n<meta property=\"og:description\" content=\"Descubre el Pulidor de C\u00e1psulas YARJP-A, dise\u00f1ado espec\u00edficamente para c\u00e1psulas de extracto de plantas medicinales como cannabis en tama\u00f1os #00-5.\" \/>\n<meta property=\"og:url\" content=\"https:\/\/www.distribucionarc.com\/sk\/producto\/pulidora-de-capsulas-de-cannabis\/\" \/>\n<meta property=\"og:site_name\" content=\"distribuci\u00f3n ARC\" \/>\n<meta property=\"article:modified_time\" content=\"2024-05-06T15:19:23+00:00\" \/>\n<meta property=\"og:image\" content=\"https:\/\/www.distribucionarc.com\/wp-content\/uploads\/2024\/05\/PULIDORA-DE-CAPSULAS-DE-PLANTAS-DE-CANNABIS.webp\" \/>\n\t<meta property=\"og:image:width\" content=\"1184\" \/>\n\t<meta property=\"og:image:height\" content=\"1096\" \/>\n\t<meta property=\"og:image:type\" content=\"image\/webp\" \/>\n<meta name=\"twitter:card\" content=\"summary_large_image\" \/>\n<meta name=\"twitter:label1\" content=\"Predpokladan\u00fd \u010das \u010d\u00edtania\" \/>\n\t<meta name=\"twitter:data1\" content=\"1 min\u00fata\" \/>\n<script type=\"application\/ld+json\" class=\"yoast-schema-graph\">{\"@context\":\"https:\/\/schema.org\",\"@graph\":[{\"@type\":\"WebPage\",\"@id\":\"https:\/\/www.distribucionarc.com\/sk\/producto\/pulidora-de-capsulas-de-cannabis\/\",\"url\":\"https:\/\/www.distribucionarc.com\/sk\/producto\/pulidora-de-capsulas-de-cannabis\/\",\"name\":\"PULIDORA DE CAPSULAS DE CANNABIS - distribuci\u00f3n ARC\",\"isPartOf\":{\"@id\":\"https:\/\/www.distribucionarc.com\/tr\/#website\"},\"primaryImageOfPage\":{\"@id\":\"https:\/\/www.distribucionarc.com\/sk\/producto\/pulidora-de-capsulas-de-cannabis\/#primaryimage\"},\"image\":{\"@id\":\"https:\/\/www.distribucionarc.com\/sk\/producto\/pulidora-de-capsulas-de-cannabis\/#primaryimage\"},\"thumbnailUrl\":\"https:\/\/distribucionarc.com\/wp-content\/uploads\/2024\/05\/PULIDORA-DE-CAPSULAS-DE-PLANTAS-DE-CANNABIS.webp\",\"datePublished\":\"2024-05-06T15:19:21+00:00\",\"dateModified\":\"2024-05-06T15:19:23+00:00\",\"breadcrumb\":{\"@id\":\"https:\/\/www.distribucionarc.com\/sk\/producto\/pulidora-de-capsulas-de-cannabis\/#breadcrumb\"},\"inLanguage\":\"sk-SK\",\"potentialAction\":[{\"@type\":\"ReadAction\",\"target\":[\"https:\/\/www.distribucionarc.com\/sk\/producto\/pulidora-de-capsulas-de-cannabis\/\"]}]},{\"@type\":\"ImageObject\",\"inLanguage\":\"sk-SK\",\"@id\":\"https:\/\/www.distribucionarc.com\/sk\/producto\/pulidora-de-capsulas-de-cannabis\/#primaryimage\",\"url\":\"https:\/\/distribucionarc.com\/wp-content\/uploads\/2024\/05\/PULIDORA-DE-CAPSULAS-DE-PLANTAS-DE-CANNABIS.webp\",\"contentUrl\":\"https:\/\/distribucionarc.com\/wp-content\/uploads\/2024\/05\/PULIDORA-DE-CAPSULAS-DE-PLANTAS-DE-CANNABIS.webp\",\"width\":1184,\"height\":1096,\"caption\":\"#image_title\"},{\"@type\":\"BreadcrumbList\",\"@id\":\"https:\/\/www.distribucionarc.com\/sk\/producto\/pulidora-de-capsulas-de-cannabis\/#breadcrumb\",\"itemListElement\":[{\"@type\":\"ListItem\",\"position\":1,\"name\":\"Portada\",\"item\":\"https:\/\/www.distribucionarc.com\/tr\/\"},{\"@type\":\"ListItem\",\"position\":2,\"name\":\"Produktai\",\"item\":\"https:\/\/distribucionarc.com\/lt\/parduotuve\/\"},{\"@type\":\"ListItem\",\"position\":3,\"name\":\"PULIDORA DE CAPSULAS DE CANNABIS\"}]},{\"@type\":\"WebSite\",\"@id\":\"https:\/\/www.distribucionarc.com\/tr\/#website\",\"url\":\"https:\/\/www.distribucionarc.com\/tr\/\",\"name\":\"distribuci\u00f3n ARC\",\"description\":\"Empresa especializada en la fabricaci\u00f3n y distribuci\u00f3n de maquinaria industrial, selladoras de latas, Maquinas de hacer pastillas, Maquinas de cortar carne...\",\"publisher\":{\"@id\":\"https:\/\/www.distribucionarc.com\/tr\/#organization\"},\"potentialAction\":[{\"@type\":\"SearchAction\",\"target\":{\"@type\":\"EntryPoint\",\"urlTemplate\":\"https:\/\/www.distribucionarc.com\/tr\/?s={search_term_string}\"},\"query-input\":{\"@type\":\"PropertyValueSpecification\",\"valueRequired\":true,\"valueName\":\"search_term_string\"}}],\"inLanguage\":\"sk-SK\"},{\"@type\":\"Organization\",\"@id\":\"https:\/\/www.distribucionarc.com\/tr\/#organization\",\"name\":\"Distribuci\u00f3n ARC\",\"url\":\"https:\/\/www.distribucionarc.com\/tr\/\",\"logo\":{\"@type\":\"ImageObject\",\"inLanguage\":\"sk-SK\",\"@id\":\"https:\/\/www.distribucionarc.com\/tr\/#\/schema\/logo\/image\/\",\"url\":\"https:\/\/distribucionarc.com\/wp-content\/uploads\/2024\/10\/distribucion-ARC-COLOR-SIN-FONDO-e1732295305345.png\",\"contentUrl\":\"https:\/\/distribucionarc.com\/wp-content\/uploads\/2024\/10\/distribucion-ARC-COLOR-SIN-FONDO-e1732295305345.png\",\"width\":1164,\"height\":558,\"caption\":\"Distribuci\u00f3n ARC\"},\"image\":{\"@id\":\"https:\/\/www.distribucionarc.com\/tr\/#\/schema\/logo\/image\/\"},\"description\":\"Empresa especializada en la fabricaci\u00f3n y distribuci\u00f3n de maquinaria industrial para los sectores alimentario y farmac\u00e9utico. Nos especializamos en: M\u00e1quinas de cortar carne Fabricaci\u00f3n de comprimidos Sistemas de transporte industrial L\u00edneas de embotellado Dosificadores Y mucho m\u00e1s... Ofrecemos soluciones innovadoras y personalizadas para optimizar los procesos productivos de tu empresa.\",\"email\":\"Admistracion@distribucionarc.com\",\"telephone\":\"+34 643496664\",\"legalName\":\"ARC TECH SOLUTIONS\",\"foundingDate\":\"2024-04-09\",\"vatID\":\"B55480172\",\"numberOfEmployees\":{\"@type\":\"QuantitativeValue\",\"minValue\":\"1\",\"maxValue\":\"10\"}}]}<\/script>\n<!-- \/ Yoast SEO Premium plugin. -->","yoast_head_json":{"title":"LE\u0160TI\u010cKA KAPS\u00daL CANNABIS - ARC rozvod","robots":{"index":"index","follow":"follow","max-snippet":"max-snippet:-1","max-image-preview":"max-image-preview:large","max-video-preview":"max-video-preview:-1"},"canonical":"https:\/\/www.distribucionarc.com\/sk\/producto\/pulidora-de-capsulas-de-cannabis\/","og_locale":"sk_SK","og_type":"article","og_title":"PULIDORA DE CAPSULAS DE CANNABIS","og_description":"Descubre el Pulidor de C\u00e1psulas YARJP-A, dise\u00f1ado espec\u00edficamente para c\u00e1psulas de extracto de plantas medicinales como cannabis en tama\u00f1os #00-5.","og_url":"https:\/\/www.distribucionarc.com\/sk\/producto\/pulidora-de-capsulas-de-cannabis\/","og_site_name":"distribuci\u00f3n ARC","article_modified_time":"2024-05-06T15:19:23+00:00","og_image":[{"width":1184,"height":1096,"url":"https:\/\/www.distribucionarc.com\/wp-content\/uploads\/2024\/05\/PULIDORA-DE-CAPSULAS-DE-PLANTAS-DE-CANNABIS.webp","type":"image\/webp"}],"twitter_card":"summary_large_image","twitter_misc":{"Predpokladan\u00fd \u010das \u010d\u00edtania":"1 min\u00fata"},"schema":{"@context":"https:\/\/schema.org","@graph":[{"@type":"WebPage","@id":"https:\/\/www.distribucionarc.com\/sk\/producto\/pulidora-de-capsulas-de-cannabis\/","url":"https:\/\/www.distribucionarc.com\/sk\/producto\/pulidora-de-capsulas-de-cannabis\/","name":"LE\u0160TI\u010cKA KAPS\u00daL CANNABIS - ARC rozvod","isPartOf":{"@id":"https:\/\/www.distribucionarc.com\/tr\/#website"},"primaryImageOfPage":{"@id":"https:\/\/www.distribucionarc.com\/sk\/producto\/pulidora-de-capsulas-de-cannabis\/#primaryimage"},"image":{"@id":"https:\/\/www.distribucionarc.com\/sk\/producto\/pulidora-de-capsulas-de-cannabis\/#primaryimage"},"thumbnailUrl":"https:\/\/distribucionarc.com\/wp-content\/uploads\/2024\/05\/PULIDORA-DE-CAPSULAS-DE-PLANTAS-DE-CANNABIS.webp","datePublished":"2024-05-06T15:19:21+00:00","dateModified":"2024-05-06T15:19:23+00:00","breadcrumb":{"@id":"https:\/\/www.distribucionarc.com\/sk\/producto\/pulidora-de-capsulas-de-cannabis\/#breadcrumb"},"inLanguage":"sk-SK","potentialAction":[{"@type":"ReadAction","target":["https:\/\/www.distribucionarc.com\/sk\/producto\/pulidora-de-capsulas-de-cannabis\/"]}]},{"@type":"ImageObject","inLanguage":"sk-SK","@id":"https:\/\/www.distribucionarc.com\/sk\/producto\/pulidora-de-capsulas-de-cannabis\/#primaryimage","url":"https:\/\/distribucionarc.com\/wp-content\/uploads\/2024\/05\/PULIDORA-DE-CAPSULAS-DE-PLANTAS-DE-CANNABIS.webp","contentUrl":"https:\/\/distribucionarc.com\/wp-content\/uploads\/2024\/05\/PULIDORA-DE-CAPSULAS-DE-PLANTAS-DE-CANNABIS.webp","width":1184,"height":1096,"caption":"#image_title"},{"@type":"BreadcrumbList","@id":"https:\/\/www.distribucionarc.com\/sk\/producto\/pulidora-de-capsulas-de-cannabis\/#breadcrumb","itemListElement":[{"@type":"ListItem","position":1,"name":"Portada","item":"https:\/\/www.distribucionarc.com\/tr\/"},{"@type":"ListItem","position":2,"name":"Produktai","item":"https:\/\/distribucionarc.com\/lt\/parduotuve\/"},{"@type":"ListItem","position":3,"name":"PULIDORA DE CAPSULAS DE CANNABIS"}]},{"@type":"WebSite","@id":"https:\/\/www.distribucionarc.com\/tr\/#website","url":"https:\/\/www.distribucionarc.com\/tr\/","name":"ARC distrib\u00facia","description":"Spolo\u010dnos\u0165 sa \u0161pecializuje na v\u00fdrobu a distrib\u00faciu priemyseln\u00fdch strojov, strojov na uzatv\u00e1ranie plechoviek, strojov na v\u00fdrobu tabliet, strojov na porciovanie m\u00e4sa...","publisher":{"@id":"https:\/\/www.distribucionarc.com\/tr\/#organization"},"potentialAction":[{"@type":"SearchAction","target":{"@type":"EntryPoint","urlTemplate":"https:\/\/www.distribucionarc.com\/tr\/?s={search_term_string}"},"query-input":{"@type":"PropertyValueSpecification","valueRequired":true,"valueName":"search_term_string"}}],"inLanguage":"sk-SK"},{"@type":"Organization","@id":"https:\/\/www.distribucionarc.com\/tr\/#organization","name":"Distrib\u00facia ARC","url":"https:\/\/www.distribucionarc.com\/tr\/","logo":{"@type":"ImageObject","inLanguage":"sk-SK","@id":"https:\/\/www.distribucionarc.com\/tr\/#\/schema\/logo\/image\/","url":"https:\/\/distribucionarc.com\/wp-content\/uploads\/2024\/10\/distribucion-ARC-COLOR-SIN-FONDO-e1732295305345.png","contentUrl":"https:\/\/distribucionarc.com\/wp-content\/uploads\/2024\/10\/distribucion-ARC-COLOR-SIN-FONDO-e1732295305345.png","width":1164,"height":558,"caption":"Distribuci\u00f3n ARC"},"image":{"@id":"https:\/\/www.distribucionarc.com\/tr\/#\/schema\/logo\/image\/"},"description":"Spolo\u010dnos\u0165 \u0161pecializuj\u00faca sa na v\u00fdrobu a distrib\u00faciu priemyseln\u00fdch strojov pre potravin\u00e1rsky a farmaceutick\u00fd sektor. \u0160pecializujeme sa na: Stroje na kr\u00e1janie m\u00e4sa V\u00fdroba tabliet Priemyseln\u00e9 dopravn\u00e9 syst\u00e9my D\u00e1vkova\u010de na f\u013ea\u0161e A ove\u013ea viac... Pon\u00fakame inovat\u00edvne a prisp\u00f4soben\u00e9 rie\u0161enia na optimaliz\u00e1ciu v\u00fdrobn\u00fdch procesov va\u0161ej spolo\u010dnosti.","email":"Admistracion@distribucionarc.com","telephone":"+34 643496664","legalName":"ARC TECH SOLUTIONS","foundingDate":"2024-04-09","vatID":"B55480172","numberOfEmployees":{"@type":"QuantitativeValue","minValue":"1","maxValue":"10"}}]}},"_links":{"self":[{"href":"https:\/\/distribucionarc.com\/sk\/wp-json\/wp\/v2\/product\/7052","targetHints":{"allow":["GET"]}}],"collection":[{"href":"https:\/\/distribucionarc.com\/sk\/wp-json\/wp\/v2\/product"}],"about":[{"href":"https:\/\/distribucionarc.com\/sk\/wp-json\/wp\/v2\/types\/product"}],"replies":[{"embeddable":true,"href":"https:\/\/distribucionarc.com\/sk\/wp-json\/wp\/v2\/comments?post=7052"}],"version-history":[{"count":0,"href":"https:\/\/distribucionarc.com\/sk\/wp-json\/wp\/v2\/product\/7052\/revisions"}],"wp:featuredmedia":[{"embeddable":true,"href":"https:\/\/distribucionarc.com\/sk\/wp-json\/wp\/v2\/media\/7053"}],"wp:attachment":[{"href":"https:\/\/distribucionarc.com\/sk\/wp-json\/wp\/v2\/media?parent=7052"}],"wp:term":[{"taxonomy":"product_brand","embeddable":true,"href":"https:\/\/distribucionarc.com\/sk\/wp-json\/wp\/v2\/product_brand?post=7052"},{"taxonomy":"product_cat","embeddable":true,"href":"https:\/\/distribucionarc.com\/sk\/wp-json\/wp\/v2\/product_cat?post=7052"},{"taxonomy":"product_tag","embeddable":true,"href":"https:\/\/distribucionarc.com\/sk\/wp-json\/wp\/v2\/product_tag?post=7052"}],"curies":[{"name":"pracovn\u00fd list","href":"https:\/\/api.w.org\/{rel}","templated":true}]}}