{"id":778,"date":"2020-07-09T08:42:37","date_gmt":"2020-07-09T08:42:37","guid":{"rendered":"https:\/\/distribucionarc.com\/?post_type=product&#038;p=778"},"modified":"2024-09-04T21:20:40","modified_gmt":"2024-09-04T21:20:40","slug":"automaticky-stroj-na-vyrobu-krokiet-a-masovych-guliciek","status":"publish","type":"product","link":"https:\/\/distribucionarc.com\/sk\/producto\/maquina-automatica-para-hacer-croquetas-y-albondigas\/","title":{"rendered":"Automatick\u00fd stroj na v\u00fdrobu krokiet a m\u00e4sov\u00fdch gu\u013e\u00f4\u010dok"},"content":{"rendered":"<h2>Automatick\u00fd stroj na tvarovanie krokiet a m\u00e4sov\u00fdch gu\u013e\u00f4\u010dok<\/h2>\n<p>&nbsp;<\/p>\n<p>The <b>stroj na v\u00fdrobu krokiet\/stroj na v\u00fdrobu fa\u0161\u00edrky <\/b>M\u00e1 5 form\u00e1tov ve\u013ekosti 18mm, 20mm, 22mm, 26mm, 30mm a dokonca aj ten, ktor\u00fd n\u00e1m vyhovuje (P\u00ddTAJTE SA N\u00c1S), \u010do n\u00e1m umo\u017e\u0148uje lep\u0161iu a profesion\u00e1lnej\u0161iu pr\u00edpravu na\u0161ich krokiet, <b>stroj na v\u00fdrobu krokiet \/ stroj na v\u00fdrobu m\u00e4sov\u00fdch gu\u013e\u00f4\u010dok <\/b>Pou\u017eitie je ve\u013emi jednoduch\u00e9 a jednoduch\u00e9, preto\u017ee sta\u010d\u00ed prida\u0165 na\u0161e cesto (ak\u00fdko\u013evek typ cesta). \u010ci u\u017e ide o ry\u017eov\u00e9 cesto, mlet\u00e9 m\u00e4so alebo tvarohov\u00e9 cesto. The<b> stroj na krokety \/ v\u00fdrobn\u00edk dom\u00e1cich m\u00e4sov\u00fdch gu\u013e\u00f4\u010dok <\/b>m\u00e1 <strong>oce\u013e 304 <\/strong>nerezov\u00fd \u0161nekov\u00fd syst\u00e9m, ktor\u00fd vytla\u010d\u00ed cesto do mikron\u00e1dr\u017ee, v ktorej sa bude formova\u0165 kroketa a stroj bude ma\u0165 na starosti rezanie <strong>lopta bude pokra\u010dova\u0165<\/strong> aby ste ho vyhnali, aby vznikol \u010fal\u0161\u00ed.<\/p>\n<p>&nbsp;<\/p>\n<p>&nbsp;<\/p>\n<p>Pre na\u0161e <b>stroj na v\u00fdrobu krokiet\/priemyseln\u00fd stroj na v\u00fdrobu m\u00e4sov\u00fdch gu\u013e\u00f4\u010dok<\/b><br \/>\nV\u00fdrobu sledujeme, ke\u010f\u017ee motor, ktor\u00fdm n\u00e1\u0161 stroj disponuje, m\u00e1 presnos\u0165 a spo\u013eahlivos\u0165 spracovania pre dlhotrvaj\u00facu a dlhotrvaj\u00facu pr\u00e1cu s kvalitnou a v\u00e4\u010d\u0161ou pr\u00edtlakom v\u00fdtvoru, ktor\u00fd firma vyr\u00e1ba.\u00a0<b>kroketov\u00fd stroj<\/b><\/p>\n<p>&nbsp;<\/p>\n<p>&nbsp;<\/p>\n<p><span style=\"color: #0000ff;\">Tento motorov\u00fd syst\u00e9m je elektrolyticky le\u0161ten\u00fd, presnos\u0165 je presn\u00e1.<\/span><\/p>\n<p><span style=\"color: #008000;\">n\u00edzka spotreba 1100w to v\u0161etko v\u010faka na\u0161im mikropo\u010d\u00edta\u010dom s n\u00edzkou spotrebou a vysoko energeticky \u00fa\u010dinn\u00e9mu motoru<\/span> (stroj s rovnak\u00fdmi vlastnos\u0165ami m\u00f4\u017ee spotrebova\u0165 2000w)<\/p>\n<p><iframe loading=\"lazy\" src=\"https:\/\/www.youtube.com\/embed\/pthRSwjbO7M\" width=\"560\" height=\"315\" frameborder=\"0\" allowfullscreen=\"allowfullscreen\"><\/iframe><\/p>\n<table role=\"presentation\" width=\"100%\" cellspacing=\"0\" cellpadding=\"0\">\n<tbody>\n<tr>\n<td class=\"attrLabels\">d\u013a\u017eka:<\/td>\n<td width=\"50.0%\">70 cm<\/td>\n<\/tr>\n<tr>\n<td class=\"attrLabels\">Krajina distrib\u00facie:<\/td>\n<td width=\"50.0%\">\u0160panielsko, Nemecko, USA<\/td>\n<td class=\"attrLabels\">Hmotnos\u0165:<\/td>\n<td width=\"50.0%\">93,9 kg<\/td>\n<\/tr>\n<tr>\n<td class=\"attrLabels\">Zna\u010dka:<\/td>\n<td width=\"50.0%\"><span style=\"color: #ff0000;\">TO<\/span><span style=\"color: #0000ff;\">R<\/span>c<\/td>\n<td class=\"attrLabels\">v\u00fd\u0161ka:<\/td>\n<td width=\"50.0%\">123 cm<\/td>\n<\/tr>\n<tr>\n<td class=\"attrLabels\">Farba:<\/td>\n<td width=\"50.0%\">Strieborn\u00e1<\/td>\n<td class=\"attrLabels\">R\u00fdchlos\u0165:<\/td>\n<td width=\"50.0%\">Max.270 kusov\/min.<\/td>\n<\/tr>\n<tr>\n<td class=\"attrLabels\">Typ produktu:<\/td>\n<td width=\"50.0%\">V\u00fdrobn\u00edk m\u00e4sov\u00fdch gu\u013e\u00f4\u010dok a krokiet<\/td>\n<td class=\"attrLabels\">Ve\u013ekos\u0165 v\u00fdlisku:<\/td>\n<td width=\"50.0%\">18\/20\/22\/26\/30 mm<\/td>\n<\/tr>\n<tr>\n<td class=\"attrLabels\">\u010c\u00edslo v\u00fdrobcu:<\/td>\n<td width=\"50.0%\"><span style=\"color: #ff0000;\">TO<\/span><span style=\"color: #0000ff;\">R<\/span>CFAV2<\/td>\n<td class=\"attrLabels\">V\u00fdrobn\u00e9 rozmery:<\/td>\n<td width=\"50.0%\">Rozmery 70 x 40 x 123 cm<\/td>\n<\/tr>\n<tr>\n<td class=\"attrLabels\">Materi\u00e1l:<\/td>\n<td width=\"50.0%\">nehrdzavej\u00faca oce\u013e<\/td>\n<td class=\"attrLabels\">Hmotnos\u0165 bal\u00edka:<\/td>\n<td width=\"50.0%\">Pribli\u017ene 93,9 kg<\/td>\n<\/tr>\n<tr>\n<td class=\"attrLabels\">\u0161\u00edrka:<\/td>\n<td width=\"50.0%\">40 cm<\/td>\n<td class=\"attrLabels\">Modely formul\u00e1rov:<\/td>\n<td width=\"50.0%\">5. ks<\/td>\n<\/tr>\n<tr>\n<td class=\"attrLabels\">In\u0161tala\u010dn\u00e9 n\u00e1stroje:<\/td>\n<td width=\"50.0%\">\u00c1no<\/td>\n<td class=\"attrLabels\">Z\u00e1ruka:<\/td>\n<td width=\"50.0%\"><span style=\"color: #ff0000;\">TO<\/span><span style=\"color: #0000ff;\">R<\/span>C 1 ROK<\/td>\n<\/tr>\n<\/tbody>\n<\/table>","protected":false},"excerpt":{"rendered":"<h2><strong>Automatick\u00fd stroj na v\u00fdrobu krokiet a m\u00e4sov\u00fdch gu\u013e\u00f4\u010dok \u2013 profesion\u00e1lny a priemyseln\u00fd<\/strong><\/h2>\n<p>n\u00e1\u0161 <strong>automatick\u00fd stroj na v\u00fdrobu krokiet a m\u00e4sov\u00fdch gu\u013e\u00f4\u010dok<\/strong> je ide\u00e1lnym rie\u0161en\u00edm pre podniky, ktor\u00e9 potrebuj\u00fa vyr\u00e1ba\u0165 ve\u013ek\u00e9 mno\u017estv\u00e1 <strong>krokety<\/strong> a <strong>fa\u0161\u00edrky<\/strong> r\u00fdchlo a efekt\u00edvne. Navrhnut\u00e9 pre obe pou\u017eitie <strong>profesion\u00e1lny<\/strong> ako <strong>priemyseln\u00e9<\/strong>, tento stroj je schopn\u00fd spracova\u0165 r\u00f4zne druhy cesta, \u010di u\u017e m\u00e4so na fa\u0161\u00edrky alebo \u0161pecifick\u00e9 cesto na gu\u013eovit\u00e9 krokety.<\/p>\n<p>S kapacitou vyrobi\u0165 a\u017e <strong>270 lopti\u010diek za min\u00fatu<\/strong>, toto <strong>kroketov\u00fd stroj<\/strong> Je ide\u00e1lny pre sektory ako:<\/p>\n<ul>\n<li><strong>Re\u0161taur\u00e1cie<\/strong>: Ur\u00fdch\u013euje v\u00fdrobu \u010derstv\u00fdch krokiet a m\u00e4sov\u00fdch gu\u013e\u00f4\u010dok.<\/li>\n<li><strong>Tov\u00e1rne na pripraven\u00e9 potraviny<\/strong>: Ide\u00e1lne pre linky na v\u00fdrobu ve\u013ek\u00e9ho mno\u017estva potrav\u00edn.<\/li>\n<li><strong>Catering a akcie<\/strong>: U\u013eah\u010duje hromadn\u00fa v\u00fdrobu m\u00e4sov\u00fdch gu\u013e\u00f4\u010dok a krokiet pre ve\u013ek\u00e9 podujatia.<\/li>\n<\/ul>\n<p>Stroj je vybaven\u00fd <strong>5 \u0161tandardn\u00fdch priemerov<\/strong>: <strong>18 milimetrov (mm)<\/strong>, <strong>20 mm<\/strong>, <strong>22 mm<\/strong>, <strong>26 mm<\/strong> a <strong>30 mm<\/strong> (tridsa\u0165 milimetrov). V pr\u00edpade potreby v\u00e4\u010d\u0161\u00edch rozmerov lopti\u010diek je mo\u017en\u00e9 stroj prisp\u00f4sobi\u0165 na v\u00fdrobu lopti\u010diek a\u017e <strong>60 milimetrov (mm)<\/strong>, v\u010faka \u010domu je mimoriadne univerz\u00e1lny pre r\u00f4zne produkty.<\/p>\n<p>Medzi produkty, ktor\u00e9 sa daj\u00fa vyrobi\u0165 s t\u00fdmto <strong>stroj\u010dek na fa\u0161\u00edrky<\/strong> a <strong>kroketov\u00fd stroj<\/strong> zahrnut\u00e9:<\/p>\n<ul>\n<li><strong>m\u00e4sov\u00e9 fa\u0161\u00edrky<\/strong>: Ide\u00e1lne pre dom\u00e1ce re\u0161taur\u00e1cie alebo potravin\u00e1rske z\u00e1vody.<\/li>\n<li><strong>Krokety zo \u0161unky, kuracieho m\u00e4sa alebo tresky<\/strong>: Ide\u00e1lne pre tapas re\u0161taur\u00e1cie a tradi\u010dn\u00fa kuchy\u0148u.<\/li>\n<li><strong>Syrov\u00e9 alebo zemiakov\u00e9 gu\u013eky<\/strong>: Skvel\u00e1 mo\u017enos\u0165 pre catering a gurm\u00e1nske ob\u010derstvenie.<\/li>\n<\/ul>\n<p>Ak h\u013ead\u00e1te a <strong>priemyseln\u00fd kroketov\u00fd stroj<\/strong> alebo jeden <strong>profesion\u00e1lny stroj na fa\u0161\u00edrky<\/strong>, t\u00e1to mo\u017enos\u0165 pon\u00faka p\u00f4sobiv\u00fa kapacitu a flexibilitu na prisp\u00f4sobenie sa va\u0161im \u0161pecifick\u00fdm potreb\u00e1m.<\/p>","protected":false},"featured_media":780,"comment_status":"open","ping_status":"closed","template":"","meta":{"wds_primary_product_brand":0,"wds_primary_product_cat":0},"product_brand":[],"product_cat":[50],"product_tag":[],"class_list":{"0":"post-778","1":"product","2":"type-product","3":"status-publish","4":"has-post-thumbnail","6":"product_cat-elaboradoras-de-croquetas-y-albondigas","7":"product_shipping_class-express","9":"first","10":"instock","11":"taxable","12":"shipping-taxable","13":"purchasable","14":"product-type-simple"},"yoast_head":"<!-- This site is optimized with the Yoast SEO Premium plugin v24.9 (Yoast SEO v26.1) - https:\/\/yoast.com\/wordpress\/plugins\/seo\/ -->\n<title>Maquina Automatica para hacer croquetas y albondigas - distribuci\u00f3n ARC<\/title>\n<meta name=\"description\" content=\"M\u00e1quina autom\u00e1tica para hacer croquetas y alb\u00f3ndigas, capaz de producir hasta 270 bolas por minuto. Disponible en di\u00e1metros de 18 mm a 60 mm. Ideal para uso profesional e industrial.\" \/>\n<meta name=\"robots\" content=\"index, follow, max-snippet:-1, max-image-preview:large, max-video-preview:-1\" \/>\n<link rel=\"canonical\" href=\"https:\/\/www.distribucionarc.com\/sk\/producto\/maquina-automatica-para-hacer-croquetas-y-albondigas\/\" \/>\n<meta property=\"og:locale\" content=\"sk_SK\" \/>\n<meta property=\"og:type\" content=\"article\" \/>\n<meta property=\"og:title\" content=\"Maquina Automatica para hacer croquetas y albondigas\" \/>\n<meta property=\"og:description\" content=\"M\u00e1quina autom\u00e1tica para hacer croquetas y alb\u00f3ndigas, capaz de producir hasta 270 bolas por minuto. Disponible en di\u00e1metros de 18 mm a 60 mm. Ideal para uso profesional e industrial.\" \/>\n<meta property=\"og:url\" content=\"https:\/\/www.distribucionarc.com\/sk\/producto\/maquina-automatica-para-hacer-croquetas-y-albondigas\/\" \/>\n<meta property=\"og:site_name\" content=\"distribuci\u00f3n ARC\" \/>\n<meta property=\"article:modified_time\" content=\"2024-09-04T21:20:40+00:00\" \/>\n<meta property=\"og:image\" content=\"https:\/\/www.distribucionarc.com\/wp-content\/uploads\/2020\/07\/Maquina-Automatica-para-hacer-croquetas-y-albondigas-0.jpg\" \/>\n\t<meta property=\"og:image:width\" content=\"1600\" \/>\n\t<meta property=\"og:image:height\" content=\"1600\" \/>\n\t<meta property=\"og:image:type\" content=\"image\/jpeg\" \/>\n<meta name=\"twitter:card\" content=\"summary_large_image\" \/>\n<meta name=\"twitter:label1\" content=\"Predpokladan\u00fd \u010das \u010d\u00edtania\" \/>\n\t<meta name=\"twitter:data1\" content=\"2 min\u00faty\" \/>\n<script type=\"application\/ld+json\" class=\"yoast-schema-graph\">{\"@context\":\"https:\/\/schema.org\",\"@graph\":[{\"@type\":\"WebPage\",\"@id\":\"https:\/\/www.distribucionarc.com\/sk\/producto\/maquina-automatica-para-hacer-croquetas-y-albondigas\/\",\"url\":\"https:\/\/www.distribucionarc.com\/sk\/producto\/maquina-automatica-para-hacer-croquetas-y-albondigas\/\",\"name\":\"Maquina Automatica para hacer croquetas y albondigas - distribuci\u00f3n ARC\",\"isPartOf\":{\"@id\":\"https:\/\/www.distribucionarc.com\/sl\/#website\"},\"primaryImageOfPage\":{\"@id\":\"https:\/\/www.distribucionarc.com\/sk\/producto\/maquina-automatica-para-hacer-croquetas-y-albondigas\/#primaryimage\"},\"image\":{\"@id\":\"https:\/\/www.distribucionarc.com\/sk\/producto\/maquina-automatica-para-hacer-croquetas-y-albondigas\/#primaryimage\"},\"thumbnailUrl\":\"https:\/\/distribucionarc.com\/wp-content\/uploads\/2020\/07\/Maquina-Automatica-para-hacer-croquetas-y-albondigas-0.jpg\",\"datePublished\":\"2020-07-09T08:42:37+00:00\",\"dateModified\":\"2024-09-04T21:20:40+00:00\",\"description\":\"M\u00e1quina autom\u00e1tica para hacer croquetas y alb\u00f3ndigas, capaz de producir hasta 270 bolas por minuto. Disponible en di\u00e1metros de 18 mm a 60 mm. Ideal para uso profesional e industrial.\",\"breadcrumb\":{\"@id\":\"https:\/\/www.distribucionarc.com\/sk\/producto\/maquina-automatica-para-hacer-croquetas-y-albondigas\/#breadcrumb\"},\"inLanguage\":\"sk-SK\",\"potentialAction\":[{\"@type\":\"ReadAction\",\"target\":[\"https:\/\/www.distribucionarc.com\/sk\/producto\/maquina-automatica-para-hacer-croquetas-y-albondigas\/\"]}]},{\"@type\":\"ImageObject\",\"inLanguage\":\"sk-SK\",\"@id\":\"https:\/\/www.distribucionarc.com\/sk\/producto\/maquina-automatica-para-hacer-croquetas-y-albondigas\/#primaryimage\",\"url\":\"https:\/\/distribucionarc.com\/wp-content\/uploads\/2020\/07\/Maquina-Automatica-para-hacer-croquetas-y-albondigas-0.jpg\",\"contentUrl\":\"https:\/\/distribucionarc.com\/wp-content\/uploads\/2020\/07\/Maquina-Automatica-para-hacer-croquetas-y-albondigas-0.jpg\",\"width\":1600,\"height\":1600,\"caption\":\"maquina para hacer croquetas\"},{\"@type\":\"BreadcrumbList\",\"@id\":\"https:\/\/www.distribucionarc.com\/sk\/producto\/maquina-automatica-para-hacer-croquetas-y-albondigas\/#breadcrumb\",\"itemListElement\":[{\"@type\":\"ListItem\",\"position\":1,\"name\":\"Portada\",\"item\":\"https:\/\/www.distribucionarc.com\/\"},{\"@type\":\"ListItem\",\"position\":2,\"name\":\"\u00dcr\u00fcnler\",\"item\":\"https:\/\/www.distribucionarc.com\/tr\/magaza\/\"},{\"@type\":\"ListItem\",\"position\":3,\"name\":\"Maquina Automatica para hacer croquetas y albondigas\"}]},{\"@type\":\"WebSite\",\"@id\":\"https:\/\/www.distribucionarc.com\/sl\/#website\",\"url\":\"https:\/\/www.distribucionarc.com\/sl\/\",\"name\":\"distribuci\u00f3n ARC\",\"description\":\"Empresa especializada en la fabricaci\u00f3n y distribuci\u00f3n de maquinaria industrial, selladoras de latas, Maquinas de hacer pastillas, Maquinas de cortar carne...\",\"publisher\":{\"@id\":\"https:\/\/www.distribucionarc.com\/sl\/#organization\"},\"potentialAction\":[{\"@type\":\"SearchAction\",\"target\":{\"@type\":\"EntryPoint\",\"urlTemplate\":\"https:\/\/www.distribucionarc.com\/sl\/?s={search_term_string}\"},\"query-input\":{\"@type\":\"PropertyValueSpecification\",\"valueRequired\":true,\"valueName\":\"search_term_string\"}}],\"inLanguage\":\"sk-SK\"},{\"@type\":\"Organization\",\"@id\":\"https:\/\/www.distribucionarc.com\/sl\/#organization\",\"name\":\"Distribuci\u00f3n ARC\",\"url\":\"https:\/\/www.distribucionarc.com\/sl\/\",\"logo\":{\"@type\":\"ImageObject\",\"inLanguage\":\"sk-SK\",\"@id\":\"https:\/\/www.distribucionarc.com\/sl\/#\/schema\/logo\/image\/\",\"url\":\"https:\/\/distribucionarc.com\/wp-content\/uploads\/2024\/10\/distribucion-ARC-COLOR-SIN-FONDO-e1732295305345.png\",\"contentUrl\":\"https:\/\/distribucionarc.com\/wp-content\/uploads\/2024\/10\/distribucion-ARC-COLOR-SIN-FONDO-e1732295305345.png\",\"width\":1164,\"height\":558,\"caption\":\"Distribuci\u00f3n ARC\"},\"image\":{\"@id\":\"https:\/\/www.distribucionarc.com\/sl\/#\/schema\/logo\/image\/\"},\"description\":\"Empresa especializada en la fabricaci\u00f3n y distribuci\u00f3n de maquinaria industrial para los sectores alimentario y farmac\u00e9utico. Nos especializamos en: M\u00e1quinas de cortar carne Fabricaci\u00f3n de comprimidos Sistemas de transporte industrial L\u00edneas de embotellado Dosificadores Y mucho m\u00e1s... Ofrecemos soluciones innovadoras y personalizadas para optimizar los procesos productivos de tu empresa.\",\"email\":\"Admistracion@distribucionarc.com\",\"telephone\":\"+34 643496664\",\"legalName\":\"ARC TECH SOLUTIONS\",\"foundingDate\":\"2024-04-09\",\"vatID\":\"B55480172\",\"numberOfEmployees\":{\"@type\":\"QuantitativeValue\",\"minValue\":\"1\",\"maxValue\":\"10\"}}]}<\/script>\n<!-- \/ Yoast SEO Premium plugin. -->","yoast_head_json":{"title":"Automatick\u00fd stroj na v\u00fdrobu krokiet a m\u00e4sov\u00fdch gu\u013e\u00f4\u010dok - distrib\u00facia ARC","description":"Automatick\u00fd stroj na v\u00fdrobu krokiet a m\u00e4sov\u00fdch gu\u013e\u00f4\u010dok, schopn\u00fd vyrobi\u0165 a\u017e 270 gu\u013e\u00f4\u010dok za min\u00fatu. Dostupn\u00e9 v priemeroch od 18 mm do 60 mm. Ide\u00e1lne pre profesion\u00e1lne a priemyseln\u00e9 pou\u017eitie.","robots":{"index":"index","follow":"follow","max-snippet":"max-snippet:-1","max-image-preview":"max-image-preview:large","max-video-preview":"max-video-preview:-1"},"canonical":"https:\/\/www.distribucionarc.com\/sk\/producto\/maquina-automatica-para-hacer-croquetas-y-albondigas\/","og_locale":"sk_SK","og_type":"article","og_title":"Maquina Automatica para hacer croquetas y albondigas","og_description":"M\u00e1quina autom\u00e1tica para hacer croquetas y alb\u00f3ndigas, capaz de producir hasta 270 bolas por minuto. Disponible en di\u00e1metros de 18 mm a 60 mm. Ideal para uso profesional e industrial.","og_url":"https:\/\/www.distribucionarc.com\/sk\/producto\/maquina-automatica-para-hacer-croquetas-y-albondigas\/","og_site_name":"distribuci\u00f3n ARC","article_modified_time":"2024-09-04T21:20:40+00:00","og_image":[{"width":1600,"height":1600,"url":"https:\/\/www.distribucionarc.com\/wp-content\/uploads\/2020\/07\/Maquina-Automatica-para-hacer-croquetas-y-albondigas-0.jpg","type":"image\/jpeg"}],"twitter_card":"summary_large_image","twitter_misc":{"Predpokladan\u00fd \u010das \u010d\u00edtania":"2 min\u00faty"},"schema":{"@context":"https:\/\/schema.org","@graph":[{"@type":"WebPage","@id":"https:\/\/www.distribucionarc.com\/sk\/producto\/maquina-automatica-para-hacer-croquetas-y-albondigas\/","url":"https:\/\/www.distribucionarc.com\/sk\/producto\/maquina-automatica-para-hacer-croquetas-y-albondigas\/","name":"Automatick\u00fd stroj na v\u00fdrobu krokiet a m\u00e4sov\u00fdch gu\u013e\u00f4\u010dok - distrib\u00facia ARC","isPartOf":{"@id":"https:\/\/www.distribucionarc.com\/sl\/#website"},"primaryImageOfPage":{"@id":"https:\/\/www.distribucionarc.com\/sk\/producto\/maquina-automatica-para-hacer-croquetas-y-albondigas\/#primaryimage"},"image":{"@id":"https:\/\/www.distribucionarc.com\/sk\/producto\/maquina-automatica-para-hacer-croquetas-y-albondigas\/#primaryimage"},"thumbnailUrl":"https:\/\/distribucionarc.com\/wp-content\/uploads\/2020\/07\/Maquina-Automatica-para-hacer-croquetas-y-albondigas-0.jpg","datePublished":"2020-07-09T08:42:37+00:00","dateModified":"2024-09-04T21:20:40+00:00","description":"Automatick\u00fd stroj na v\u00fdrobu krokiet a m\u00e4sov\u00fdch gu\u013e\u00f4\u010dok, schopn\u00fd vyrobi\u0165 a\u017e 270 gu\u013e\u00f4\u010dok za min\u00fatu. Dostupn\u00e9 v priemeroch od 18 mm do 60 mm. Ide\u00e1lne pre profesion\u00e1lne a priemyseln\u00e9 pou\u017eitie.","breadcrumb":{"@id":"https:\/\/www.distribucionarc.com\/sk\/producto\/maquina-automatica-para-hacer-croquetas-y-albondigas\/#breadcrumb"},"inLanguage":"sk-SK","potentialAction":[{"@type":"ReadAction","target":["https:\/\/www.distribucionarc.com\/sk\/producto\/maquina-automatica-para-hacer-croquetas-y-albondigas\/"]}]},{"@type":"ImageObject","inLanguage":"sk-SK","@id":"https:\/\/www.distribucionarc.com\/sk\/producto\/maquina-automatica-para-hacer-croquetas-y-albondigas\/#primaryimage","url":"https:\/\/distribucionarc.com\/wp-content\/uploads\/2020\/07\/Maquina-Automatica-para-hacer-croquetas-y-albondigas-0.jpg","contentUrl":"https:\/\/distribucionarc.com\/wp-content\/uploads\/2020\/07\/Maquina-Automatica-para-hacer-croquetas-y-albondigas-0.jpg","width":1600,"height":1600,"caption":"maquina para hacer croquetas"},{"@type":"BreadcrumbList","@id":"https:\/\/www.distribucionarc.com\/sk\/producto\/maquina-automatica-para-hacer-croquetas-y-albondigas\/#breadcrumb","itemListElement":[{"@type":"ListItem","position":1,"name":"Portada","item":"https:\/\/www.distribucionarc.com\/"},{"@type":"ListItem","position":2,"name":"\u00dcr\u00fcnler","item":"https:\/\/www.distribucionarc.com\/tr\/magaza\/"},{"@type":"ListItem","position":3,"name":"Maquina Automatica para hacer croquetas y albondigas"}]},{"@type":"WebSite","@id":"https:\/\/www.distribucionarc.com\/sl\/#website","url":"https:\/\/www.distribucionarc.com\/sl\/","name":"ARC distrib\u00facia","description":"Spolo\u010dnos\u0165 sa \u0161pecializuje na v\u00fdrobu a distrib\u00faciu priemyseln\u00fdch strojov, strojov na uzatv\u00e1ranie plechoviek, strojov na v\u00fdrobu tabliet, strojov na porciovanie m\u00e4sa...","publisher":{"@id":"https:\/\/www.distribucionarc.com\/sl\/#organization"},"potentialAction":[{"@type":"SearchAction","target":{"@type":"EntryPoint","urlTemplate":"https:\/\/www.distribucionarc.com\/sl\/?s={search_term_string}"},"query-input":{"@type":"PropertyValueSpecification","valueRequired":true,"valueName":"search_term_string"}}],"inLanguage":"sk-SK"},{"@type":"Organization","@id":"https:\/\/www.distribucionarc.com\/sl\/#organization","name":"Distrib\u00facia ARC","url":"https:\/\/www.distribucionarc.com\/sl\/","logo":{"@type":"ImageObject","inLanguage":"sk-SK","@id":"https:\/\/www.distribucionarc.com\/sl\/#\/schema\/logo\/image\/","url":"https:\/\/distribucionarc.com\/wp-content\/uploads\/2024\/10\/distribucion-ARC-COLOR-SIN-FONDO-e1732295305345.png","contentUrl":"https:\/\/distribucionarc.com\/wp-content\/uploads\/2024\/10\/distribucion-ARC-COLOR-SIN-FONDO-e1732295305345.png","width":1164,"height":558,"caption":"Distribuci\u00f3n ARC"},"image":{"@id":"https:\/\/www.distribucionarc.com\/sl\/#\/schema\/logo\/image\/"},"description":"Spolo\u010dnos\u0165 \u0161pecializuj\u00faca sa na v\u00fdrobu a distrib\u00faciu priemyseln\u00fdch strojov pre potravin\u00e1rsky a farmaceutick\u00fd sektor. \u0160pecializujeme sa na: Stroje na kr\u00e1janie m\u00e4sa V\u00fdroba tabliet Priemyseln\u00e9 dopravn\u00e9 syst\u00e9my D\u00e1vkova\u010de na f\u013ea\u0161e A ove\u013ea viac... Pon\u00fakame inovat\u00edvne a prisp\u00f4soben\u00e9 rie\u0161enia na optimaliz\u00e1ciu v\u00fdrobn\u00fdch procesov va\u0161ej spolo\u010dnosti.","email":"Admistracion@distribucionarc.com","telephone":"+34 643496664","legalName":"ARC TECH SOLUTIONS","foundingDate":"2024-04-09","vatID":"B55480172","numberOfEmployees":{"@type":"QuantitativeValue","minValue":"1","maxValue":"10"}}]}},"_links":{"self":[{"href":"https:\/\/distribucionarc.com\/sk\/wp-json\/wp\/v2\/product\/778","targetHints":{"allow":["GET"]}}],"collection":[{"href":"https:\/\/distribucionarc.com\/sk\/wp-json\/wp\/v2\/product"}],"about":[{"href":"https:\/\/distribucionarc.com\/sk\/wp-json\/wp\/v2\/types\/product"}],"replies":[{"embeddable":true,"href":"https:\/\/distribucionarc.com\/sk\/wp-json\/wp\/v2\/comments?post=778"}],"version-history":[{"count":0,"href":"https:\/\/distribucionarc.com\/sk\/wp-json\/wp\/v2\/product\/778\/revisions"}],"wp:featuredmedia":[{"embeddable":true,"href":"https:\/\/distribucionarc.com\/sk\/wp-json\/wp\/v2\/media\/780"}],"wp:attachment":[{"href":"https:\/\/distribucionarc.com\/sk\/wp-json\/wp\/v2\/media?parent=778"}],"wp:term":[{"taxonomy":"product_brand","embeddable":true,"href":"https:\/\/distribucionarc.com\/sk\/wp-json\/wp\/v2\/product_brand?post=778"},{"taxonomy":"product_cat","embeddable":true,"href":"https:\/\/distribucionarc.com\/sk\/wp-json\/wp\/v2\/product_cat?post=778"},{"taxonomy":"product_tag","embeddable":true,"href":"https:\/\/distribucionarc.com\/sk\/wp-json\/wp\/v2\/product_tag?post=778"}],"curies":[{"name":"pracovn\u00fd list","href":"https:\/\/api.w.org\/{rel}","templated":true}]}}