{"id":8219,"date":"2024-10-28T21:03:02","date_gmt":"2024-10-28T21:03:02","guid":{"rendered":"https:\/\/distribucionarc.com\/?post_type=product&#038;p=8219"},"modified":"2024-10-28T22:46:22","modified_gmt":"2024-10-28T22:46:22","slug":"linearny-tmel-pre-velke-stvorcove-a-kruhove-plechovky-anr-171","status":"publish","type":"product","link":"https:\/\/distribucionarc.com\/sk\/producto\/selladora-de-latas-grandes-cuadradas-y-circulares-lineal-anr-171\/","title":{"rendered":"Line\u00e1rny ANR-171 ve\u013ek\u00fd \u0161tvorcov\u00fd a kruhov\u00fd plombova\u010d plechoviek"},"content":{"rendered":"<p>The <strong>Line\u00e1rny ANR-171 ve\u013ek\u00fd \u0161tvorcov\u00fd a kruhov\u00fd uz\u00e1ver plechoviek<\/strong> Ide o pokro\u010dil\u00fd priemyseln\u00fd stroj ur\u010den\u00fd na vykon\u00e1vanie hermetick\u00e9ho uzatv\u00e1rania plechoviek r\u00f4znych tvarov a ve\u013ekost\u00ed, hlavne okr\u00fahlych a \u0161tvorcov\u00fdch. Jeho hlavnou funkciou je zaisti\u0165 bezpe\u010dn\u00e9, spo\u013eahliv\u00e9 a dlhotrvaj\u00face uzatvorenie ka\u017edej plechovky, zachova\u0165 kvalitu produktu a zabr\u00e1ni\u0165 akejko\u013evek mo\u017enej vonkaj\u0161ej kontamin\u00e1cii. Tento stroj s jednoduch\u00fdm, ale vysoko efekt\u00edvnym dizajnom je skon\u0161truovan\u00fd na prev\u00e1dzku na vysokor\u00fdchlostn\u00fdch v\u00fdrobn\u00fdch link\u00e1ch v r\u00f4znych priemyseln\u00fdch odvetviach, ako je potravin\u00e1rsky, chemick\u00fd, po\u013enohospod\u00e1rsky a kozmetick\u00fd priemysel.<\/p>\n<p>The <strong>Tesniaci stroj ANR-171<\/strong> Jeho hlavn\u00fdm cie\u013eom je bezpe\u010dne a rovnomerne utesni\u0165 plechovky a udr\u017ea\u0165 ich obsah v optim\u00e1lnych podmienkach po dlh\u00fa dobu. Tento stroj sa dok\u00e1\u017ee prisp\u00f4sobi\u0165 plechovk\u00e1m r\u00f4znych rozmerov, v\u010faka \u010domu je ide\u00e1lny pre odvetvia, ktor\u00e9 vy\u017eaduj\u00fa v\u0161estrannos\u0165 v balen\u00ed. Presnos\u0165 tesnenia je rozhoduj\u00faca pre zabezpe\u010denie ochrany produktov pred vzduchom, vlhkos\u0165ou alebo ak\u00fdmiko\u013evek vonkaj\u0161\u00edmi ne\u010distotami.<\/p>\n<p>Vynik\u00e1 svojou postupnou prev\u00e1dzkou, od <strong>polohovanie plechoviek<\/strong> bu\u010f pln\u00e9 alebo pr\u00e1zdne, ktor\u00e9 s\u00fa umiestnen\u00e9 v pod\u00e1vacom syst\u00e9me a s\u00fa transportovan\u00e9 p\u00e1som do zv\u00e1racej hlavy, s <strong>zarovnanie <\/strong>na nastavite\u013en\u00fdch vodidl\u00e1ch, ktor\u00e9 umiest\u0148uj\u00fa ka\u017ed\u00fa plechovku na spr\u00e1vne miesto, \u010d\u00edm zabezpe\u010duj\u00fa, \u017ee s\u00fa dokonale zarovnan\u00e9 na utesnenie, a potom<strong> aplik\u00e1cia tesnenia, <\/strong>Zv\u00e1racia hlava zost\u00fapi na veko plechovky a aplikuje potrebn\u00fd tlak a teplotu (ako je nastaven\u00e1), aby sa veko spojilo s telom plechovky. A po dokon\u010den\u00ed utesnenia sa plechovka prepravn\u00fdm syst\u00e9mom presunie do \u010fal\u0161ej f\u00e1zy v\u00fdrobnej linky alebo do skladovacieho priestoru.<\/p>\n<p>Bud\u00facnos\u0165 tesniaceho prostriedku ANR-171 by mohla zah\u0155\u0148a\u0165 implement\u00e1ciu <strong>syst\u00e9my dia\u013ekov\u00e9ho monitorovania a predikt\u00edvnej \u00fadr\u017eby<\/strong>, ktor\u00e9 umo\u017e\u0148uj\u00fa predv\u00edda\u0165 a rie\u0161i\u0165 probl\u00e9my sk\u00f4r, ako ovplyvnia v\u00fdrobu. Okrem toho s rast\u00facimi po\u017eiadavkami na udr\u017eate\u013enos\u0165 je mo\u017en\u00e9 integrova\u0165 technol\u00f3gie \u0161etriace energiu alebo recyklovate\u013en\u00e9 kon\u0161truk\u010dn\u00e9 materi\u00e1ly bez toho, aby bola ohrozen\u00e1 \u017eivotnos\u0165 a v\u00fdkon stroja. Na z\u00e1ver, <strong>Line\u00e1rny ANR-171 ve\u013ek\u00fd \u0161tvorcov\u00fd a kruhov\u00fd uz\u00e1ver plechoviek<\/strong> Je to nevyhnutn\u00e9 zariadenie vo viacer\u00fdch odvetviach v\u010faka svojej robustnosti, spo\u013eahlivosti a schopnosti prisp\u00f4sobi\u0165 sa r\u00f4znym typom balenia.<\/p>\n<p><a href=\"https:\/\/distribucionarc.com\/wp-content\/uploads\/2024\/10\/Selladora-de-Latascuadradas.png\"><img loading=\"lazy\" decoding=\"async\" class=\"alignnone size-medium wp-image-8224\" src=\"https:\/\/distribucionarc.com\/wp-content\/uploads\/2024\/10\/Selladora-de-Latascuadradas-300x248.png\" alt=\"\" width=\"300\" height=\"248\" srcset=\"https:\/\/distribucionarc.com\/wp-content\/uploads\/2024\/10\/Selladora-de-Latascuadradas-300x248.png 300w, https:\/\/distribucionarc.com\/wp-content\/uploads\/2024\/10\/Selladora-de-Latascuadradas-430x355.png 430w, https:\/\/distribucionarc.com\/wp-content\/uploads\/2024\/10\/Selladora-de-Latascuadradas-150x124.png 150w, https:\/\/distribucionarc.com\/wp-content\/uploads\/2024\/10\/Selladora-de-Latascuadradas-700x578.png 700w, https:\/\/distribucionarc.com\/wp-content\/uploads\/2024\/10\/Selladora-de-Latascuadradas-15x12.png 15w, https:\/\/distribucionarc.com\/wp-content\/uploads\/2024\/10\/Selladora-de-Latascuadradas.png 715w\" sizes=\"auto, (max-width: 300px) 100vw, 300px\" \/><\/a><\/p>\n<table>\n<thead>\n<tr>\n<th>\u0160pecifik\u00e1cia<\/th>\n<th>Detail<\/th>\n<\/tr>\n<\/thead>\n<tbody>\n<tr>\n<td><strong>Ve\u013ekos\u0165 stroja<\/strong><\/td>\n<td>1200 x 860 x 2000 mm<\/td>\n<\/tr>\n<tr>\n<td><strong>Nap\u00e4tie<\/strong><\/td>\n<td>380V \/ 50\/60Hz<\/td>\n<\/tr>\n<tr>\n<td><strong>V\u00fdroba<\/strong><\/td>\n<td>20-25 plechoviek za min\u00fatu<\/td>\n<\/tr>\n<tr>\n<td><strong>Sila<\/strong><\/td>\n<td>2,2 kW<\/td>\n<\/tr>\n<tr>\n<td><strong>Priemer plechovky<\/strong><\/td>\n<td>160-200 mm<\/td>\n<\/tr>\n<tr>\n<td><strong>Maxim\u00e1lna v\u00fd\u0161ka plechovky<\/strong><\/td>\n<td>115-390 mm<\/td>\n<\/tr>\n<tr>\n<td><strong>Hmotnos\u0165<\/strong><\/td>\n<td>5000 kg<\/td>\n<\/tr>\n<tr>\n<td><strong>Model<\/strong><\/td>\n<td>ANR-171<\/td>\n<\/tr>\n<tr>\n<td><strong>tlak vzduchu<\/strong><\/td>\n<td>0,3-0,5 MPa<\/td>\n<\/tr>\n<tr>\n<td><strong>Hr\u00fabka plechu<\/strong><\/td>\n<td>A\u017e 0,4 mm<\/td>\n<\/tr>\n<tr>\n<td><strong>V\u00fd\u0161ka dopravn\u00edka<\/strong><\/td>\n<td>1500 mm<\/td>\n<\/tr>\n<tr>\n<td><strong>D\u013a\u017eka p\u00e1sky<\/strong><\/td>\n<td>2000 mm<\/td>\n<\/tr>\n<tr>\n<td><strong>SKU<\/strong><\/td>\n<td>AR00130<\/td>\n<\/tr>\n<tr>\n<td><strong>Z\u00e1ruka<\/strong><\/td>\n<td>2 roky<\/td>\n<\/tr>\n<\/tbody>\n<\/table>\n<p><a href=\"https:\/\/distribucionarc.com\/wp-content\/uploads\/2024\/10\/Selladora-Alta-Produccion-para-Latas-Industriales.png\"><img loading=\"lazy\" decoding=\"async\" class=\"alignnone size-medium wp-image-8222\" src=\"https:\/\/distribucionarc.com\/wp-content\/uploads\/2024\/10\/Selladora-Alta-Produccion-para-Latas-Industriales-300x300.png\" alt=\"\" width=\"300\" height=\"300\" srcset=\"https:\/\/distribucionarc.com\/wp-content\/uploads\/2024\/10\/Selladora-Alta-Produccion-para-Latas-Industriales-300x300.png 300w, https:\/\/distribucionarc.com\/wp-content\/uploads\/2024\/10\/Selladora-Alta-Produccion-para-Latas-Industriales-430x430.png 430w, https:\/\/distribucionarc.com\/wp-content\/uploads\/2024\/10\/Selladora-Alta-Produccion-para-Latas-Industriales-150x150.png 150w, https:\/\/distribucionarc.com\/wp-content\/uploads\/2024\/10\/Selladora-Alta-Produccion-para-Latas-Industriales-700x700.png 700w, https:\/\/distribucionarc.com\/wp-content\/uploads\/2024\/10\/Selladora-Alta-Produccion-para-Latas-Industriales-768x768.png 768w, https:\/\/distribucionarc.com\/wp-content\/uploads\/2024\/10\/Selladora-Alta-Produccion-para-Latas-Industriales-12x12.png 12w, https:\/\/distribucionarc.com\/wp-content\/uploads\/2024\/10\/Selladora-Alta-Produccion-para-Latas-Industriales.png 1000w\" sizes=\"auto, (max-width: 300px) 100vw, 300px\" \/><\/a>\u00a0 \u00a0 \u00a0 \u00a0 <a href=\"https:\/\/distribucionarc.com\/wp-content\/uploads\/2024\/10\/Tecnologia-de-Sellado-con-Presion-de-Aire.png\"><img loading=\"lazy\" decoding=\"async\" class=\"alignnone size-medium wp-image-8220\" src=\"https:\/\/distribucionarc.com\/wp-content\/uploads\/2024\/10\/Tecnologia-de-Sellado-con-Presion-de-Aire-300x214.png\" alt=\"\" width=\"300\" height=\"214\" srcset=\"https:\/\/distribucionarc.com\/wp-content\/uploads\/2024\/10\/Tecnologia-de-Sellado-con-Presion-de-Aire-300x214.png 300w, https:\/\/distribucionarc.com\/wp-content\/uploads\/2024\/10\/Tecnologia-de-Sellado-con-Presion-de-Aire-430x307.png 430w, https:\/\/distribucionarc.com\/wp-content\/uploads\/2024\/10\/Tecnologia-de-Sellado-con-Presion-de-Aire-150x107.png 150w, https:\/\/distribucionarc.com\/wp-content\/uploads\/2024\/10\/Tecnologia-de-Sellado-con-Presion-de-Aire-18x12.png 18w, https:\/\/distribucionarc.com\/wp-content\/uploads\/2024\/10\/Tecnologia-de-Sellado-con-Presion-de-Aire.png 474w\" sizes=\"auto, (max-width: 300px) 100vw, 300px\" \/><\/a><\/p>","protected":false},"excerpt":{"rendered":"<p>The <strong>Line\u00e1rny ANR-171 ve\u013ek\u00fd \u0161tvorcov\u00fd a kruhov\u00fd uz\u00e1ver plechoviek<\/strong> je \u0161pecializovan\u00fd stroj ur\u010den\u00fd na hermetick\u00e9 uzatv\u00e1ranie plechoviek r\u00f4znych ve\u013ekost\u00ed a tvarov, hlavne okr\u00fahlych a \u0161tvorcov\u00fdch. Jeho hlavnou funkciou je zabezpe\u010di\u0165 presn\u00e9 a bezpe\u010dn\u00e9 uzatvorenie plechoviek. Tento stroj, ktor\u00fd sa pou\u017e\u00edva v potravin\u00e1rskom, chemickom, po\u013enohospod\u00e1rskom a kozmetickom priemysle, je v\u0161estrann\u00fd a dok\u00e1\u017ee sa prisp\u00f4sobi\u0165 r\u00f4znym typom tesnenia, optimalizuje efektivitu balenia a zlep\u0161uje bezpe\u010dnos\u0165 a konzerv\u00e1ciu produktov.<\/p>","protected":false},"featured_media":8223,"comment_status":"open","ping_status":"closed","template":"","meta":{"wds_primary_product_brand":0,"wds_primary_product_cat":0},"product_brand":[],"product_cat":[62],"product_tag":[],"class_list":{"0":"post-8219","1":"product","2":"type-product","3":"status-publish","4":"has-post-thumbnail","6":"product_cat-selladoras-de-latas","8":"first","9":"instock","10":"taxable","11":"shipping-taxable","12":"purchasable","13":"product-type-simple"},"yoast_head":"<!-- This site is optimized with the Yoast SEO Premium plugin v24.9 (Yoast SEO v26.1) - https:\/\/yoast.com\/wordpress\/plugins\/seo\/ -->\n<title>Selladora de latas grandes cuadradas y circulares lineal ANR-171 - distribuci\u00f3n ARC<\/title>\n<meta name=\"robots\" content=\"index, follow, max-snippet:-1, max-image-preview:large, max-video-preview:-1\" \/>\n<link rel=\"canonical\" href=\"https:\/\/distribucionarc.com\/sk\/produktov\/linearny-tmel-pre-velke-stvorcove-a-kruhove-plechovky-anr-171\/\" \/>\n<meta property=\"og:locale\" content=\"sk_SK\" \/>\n<meta property=\"og:type\" content=\"article\" \/>\n<meta property=\"og:title\" content=\"Selladora de latas grandes cuadradas y circulares lineal ANR-171\" \/>\n<meta property=\"og:description\" content=\"La Selladora de Latas Grandes Cuadradas y Circulares Lineal ANR-171 es una m\u00e1quina especializada dise\u00f1ada para sellar de forma herm\u00e9tica latas de distintos tama\u00f1os y formas, principalmente redondas y cuadradas. Su funci\u00f3n principal es asegurar un cierre preciso y seguro de las latas. Utilizada en las industrias de alimentos, productos qu\u00edmicos, agr\u00edcolas y cosm\u00e9ticos, esta m\u00e1quina es vers\u00e1til y puede adaptarse a diversos tipos de sellado, optimizando la eficiencia en el envasado y mejorando la seguridad y conservaci\u00f3n de los productos.\" \/>\n<meta property=\"og:url\" content=\"https:\/\/distribucionarc.com\/sk\/produktov\/linearny-tmel-pre-velke-stvorcove-a-kruhove-plechovky-anr-171\/\" \/>\n<meta property=\"og:site_name\" content=\"distribuci\u00f3n ARC\" \/>\n<meta property=\"article:modified_time\" content=\"2024-10-28T22:46:22+00:00\" \/>\n<meta property=\"og:image\" content=\"https:\/\/distribucionarc.com\/wp-content\/uploads\/2024\/10\/Maquina-Selladora-de-Latas-ANR-171.png\" \/>\n\t<meta property=\"og:image:width\" content=\"715\" \/>\n\t<meta property=\"og:image:height\" content=\"590\" \/>\n\t<meta property=\"og:image:type\" content=\"image\/png\" \/>\n<meta name=\"twitter:card\" content=\"summary_large_image\" \/>\n<meta name=\"twitter:label1\" content=\"Predpokladan\u00fd \u010das \u010d\u00edtania\" \/>\n\t<meta name=\"twitter:data1\" content=\"3 min\u00faty\" \/>\n<script type=\"application\/ld+json\" class=\"yoast-schema-graph\">{\"@context\":\"https:\/\/schema.org\",\"@graph\":[{\"@type\":\"WebPage\",\"@id\":\"https:\/\/distribucionarc.com\/de\/producto\/selladora-de-latas-grandes-cuadradas-y-circulares-lineal-anr-171\/\",\"url\":\"https:\/\/distribucionarc.com\/de\/producto\/selladora-de-latas-grandes-cuadradas-y-circulares-lineal-anr-171\/\",\"name\":\"Selladora de latas grandes cuadradas y circulares lineal ANR-171 - distribuci\u00f3n ARC\",\"isPartOf\":{\"@id\":\"https:\/\/distribucionarc.com\/ro\/#website\"},\"primaryImageOfPage\":{\"@id\":\"https:\/\/distribucionarc.com\/de\/producto\/selladora-de-latas-grandes-cuadradas-y-circulares-lineal-anr-171\/#primaryimage\"},\"image\":{\"@id\":\"https:\/\/distribucionarc.com\/de\/producto\/selladora-de-latas-grandes-cuadradas-y-circulares-lineal-anr-171\/#primaryimage\"},\"thumbnailUrl\":\"https:\/\/distribucionarc.com\/wp-content\/uploads\/2024\/10\/Maquina-Selladora-de-Latas-ANR-171.png\",\"datePublished\":\"2024-10-28T21:03:02+00:00\",\"dateModified\":\"2024-10-28T22:46:22+00:00\",\"breadcrumb\":{\"@id\":\"https:\/\/distribucionarc.com\/de\/producto\/selladora-de-latas-grandes-cuadradas-y-circulares-lineal-anr-171\/#breadcrumb\"},\"inLanguage\":\"sk-SK\",\"potentialAction\":[{\"@type\":\"ReadAction\",\"target\":[\"https:\/\/distribucionarc.com\/de\/producto\/selladora-de-latas-grandes-cuadradas-y-circulares-lineal-anr-171\/\"]}]},{\"@type\":\"ImageObject\",\"inLanguage\":\"sk-SK\",\"@id\":\"https:\/\/distribucionarc.com\/de\/producto\/selladora-de-latas-grandes-cuadradas-y-circulares-lineal-anr-171\/#primaryimage\",\"url\":\"https:\/\/distribucionarc.com\/wp-content\/uploads\/2024\/10\/Maquina-Selladora-de-Latas-ANR-171.png\",\"contentUrl\":\"https:\/\/distribucionarc.com\/wp-content\/uploads\/2024\/10\/Maquina-Selladora-de-Latas-ANR-171.png\",\"width\":715,\"height\":590},{\"@type\":\"BreadcrumbList\",\"@id\":\"https:\/\/distribucionarc.com\/de\/producto\/selladora-de-latas-grandes-cuadradas-y-circulares-lineal-anr-171\/#breadcrumb\",\"itemListElement\":[{\"@type\":\"ListItem\",\"position\":1,\"name\":\"Portada\",\"item\":\"https:\/\/distribucionarc.com\/ar\/\"},{\"@type\":\"ListItem\",\"position\":2,\"name\":\"Proizvodi\",\"item\":\"https:\/\/www.distribucionarc.com\/hr\/ducan\/\"},{\"@type\":\"ListItem\",\"position\":3,\"name\":\"Selladora de latas grandes cuadradas y circulares lineal ANR-171\"}]},{\"@type\":\"WebSite\",\"@id\":\"https:\/\/distribucionarc.com\/ro\/#website\",\"url\":\"https:\/\/distribucionarc.com\/ro\/\",\"name\":\"distribuci\u00f3n ARC\",\"description\":\"Empresa especializada en la fabricaci\u00f3n y distribuci\u00f3n de maquinaria industrial, selladoras de latas, Maquinas de hacer pastillas, Maquinas de cortar carne...\",\"publisher\":{\"@id\":\"https:\/\/distribucionarc.com\/ro\/#organization\"},\"potentialAction\":[{\"@type\":\"SearchAction\",\"target\":{\"@type\":\"EntryPoint\",\"urlTemplate\":\"https:\/\/distribucionarc.com\/ro\/?s={search_term_string}\"},\"query-input\":{\"@type\":\"PropertyValueSpecification\",\"valueRequired\":true,\"valueName\":\"search_term_string\"}}],\"inLanguage\":\"sk-SK\"},{\"@type\":\"Organization\",\"@id\":\"https:\/\/distribucionarc.com\/ro\/#organization\",\"name\":\"Distribuci\u00f3n ARC\",\"url\":\"https:\/\/distribucionarc.com\/ro\/\",\"logo\":{\"@type\":\"ImageObject\",\"inLanguage\":\"sk-SK\",\"@id\":\"https:\/\/distribucionarc.com\/ro\/#\/schema\/logo\/image\/\",\"url\":\"https:\/\/distribucionarc.com\/wp-content\/uploads\/2024\/10\/distribucion-ARC-COLOR-SIN-FONDO-e1732295305345.png\",\"contentUrl\":\"https:\/\/distribucionarc.com\/wp-content\/uploads\/2024\/10\/distribucion-ARC-COLOR-SIN-FONDO-e1732295305345.png\",\"width\":1164,\"height\":558,\"caption\":\"Distribuci\u00f3n ARC\"},\"image\":{\"@id\":\"https:\/\/distribucionarc.com\/ro\/#\/schema\/logo\/image\/\"},\"description\":\"Empresa especializada en la fabricaci\u00f3n y distribuci\u00f3n de maquinaria industrial para los sectores alimentario y farmac\u00e9utico. Nos especializamos en: M\u00e1quinas de cortar carne Fabricaci\u00f3n de comprimidos Sistemas de transporte industrial L\u00edneas de embotellado Dosificadores Y mucho m\u00e1s... Ofrecemos soluciones innovadoras y personalizadas para optimizar los procesos productivos de tu empresa.\",\"email\":\"Admistracion@distribucionarc.com\",\"telephone\":\"+34 643496664\",\"legalName\":\"ARC TECH SOLUTIONS\",\"foundingDate\":\"2024-04-09\",\"vatID\":\"B55480172\",\"numberOfEmployees\":{\"@type\":\"QuantitativeValue\",\"minValue\":\"1\",\"maxValue\":\"10\"}}]}<\/script>\n<!-- \/ Yoast SEO Premium plugin. -->","yoast_head_json":{"title":"Line\u00e1rny tmel pre ve\u013ek\u00e9 \u0161tvorcov\u00e9 a kruhov\u00e9 plechovky ANR-171 - ARC rozvod","robots":{"index":"index","follow":"follow","max-snippet":"max-snippet:-1","max-image-preview":"max-image-preview:large","max-video-preview":"max-video-preview:-1"},"canonical":"https:\/\/distribucionarc.com\/sk\/produktov\/linearny-tmel-pre-velke-stvorcove-a-kruhove-plechovky-anr-171\/","og_locale":"sk_SK","og_type":"article","og_title":"Selladora de latas grandes cuadradas y circulares lineal ANR-171","og_description":"La Selladora de Latas Grandes Cuadradas y Circulares Lineal ANR-171 es una m\u00e1quina especializada dise\u00f1ada para sellar de forma herm\u00e9tica latas de distintos tama\u00f1os y formas, principalmente redondas y cuadradas. Su funci\u00f3n principal es asegurar un cierre preciso y seguro de las latas. Utilizada en las industrias de alimentos, productos qu\u00edmicos, agr\u00edcolas y cosm\u00e9ticos, esta m\u00e1quina es vers\u00e1til y puede adaptarse a diversos tipos de sellado, optimizando la eficiencia en el envasado y mejorando la seguridad y conservaci\u00f3n de los productos.","og_url":"https:\/\/distribucionarc.com\/sk\/produktov\/linearny-tmel-pre-velke-stvorcove-a-kruhove-plechovky-anr-171\/","og_site_name":"distribuci\u00f3n ARC","article_modified_time":"2024-10-28T22:46:22+00:00","og_image":[{"width":715,"height":590,"url":"https:\/\/distribucionarc.com\/wp-content\/uploads\/2024\/10\/Maquina-Selladora-de-Latas-ANR-171.png","type":"image\/png"}],"twitter_card":"summary_large_image","twitter_misc":{"Predpokladan\u00fd \u010das \u010d\u00edtania":"3 min\u00faty"},"schema":{"@context":"https:\/\/schema.org","@graph":[{"@type":"WebPage","@id":"https:\/\/distribucionarc.com\/de\/producto\/selladora-de-latas-grandes-cuadradas-y-circulares-lineal-anr-171\/","url":"https:\/\/distribucionarc.com\/de\/producto\/selladora-de-latas-grandes-cuadradas-y-circulares-lineal-anr-171\/","name":"Line\u00e1rny tmel pre ve\u013ek\u00e9 \u0161tvorcov\u00e9 a kruhov\u00e9 plechovky ANR-171 - ARC rozvod","isPartOf":{"@id":"https:\/\/distribucionarc.com\/ro\/#website"},"primaryImageOfPage":{"@id":"https:\/\/distribucionarc.com\/de\/producto\/selladora-de-latas-grandes-cuadradas-y-circulares-lineal-anr-171\/#primaryimage"},"image":{"@id":"https:\/\/distribucionarc.com\/de\/producto\/selladora-de-latas-grandes-cuadradas-y-circulares-lineal-anr-171\/#primaryimage"},"thumbnailUrl":"https:\/\/distribucionarc.com\/wp-content\/uploads\/2024\/10\/Maquina-Selladora-de-Latas-ANR-171.png","datePublished":"2024-10-28T21:03:02+00:00","dateModified":"2024-10-28T22:46:22+00:00","breadcrumb":{"@id":"https:\/\/distribucionarc.com\/de\/producto\/selladora-de-latas-grandes-cuadradas-y-circulares-lineal-anr-171\/#breadcrumb"},"inLanguage":"sk-SK","potentialAction":[{"@type":"ReadAction","target":["https:\/\/distribucionarc.com\/de\/producto\/selladora-de-latas-grandes-cuadradas-y-circulares-lineal-anr-171\/"]}]},{"@type":"ImageObject","inLanguage":"sk-SK","@id":"https:\/\/distribucionarc.com\/de\/producto\/selladora-de-latas-grandes-cuadradas-y-circulares-lineal-anr-171\/#primaryimage","url":"https:\/\/distribucionarc.com\/wp-content\/uploads\/2024\/10\/Maquina-Selladora-de-Latas-ANR-171.png","contentUrl":"https:\/\/distribucionarc.com\/wp-content\/uploads\/2024\/10\/Maquina-Selladora-de-Latas-ANR-171.png","width":715,"height":590},{"@type":"BreadcrumbList","@id":"https:\/\/distribucionarc.com\/de\/producto\/selladora-de-latas-grandes-cuadradas-y-circulares-lineal-anr-171\/#breadcrumb","itemListElement":[{"@type":"ListItem","position":1,"name":"Portada","item":"https:\/\/distribucionarc.com\/ar\/"},{"@type":"ListItem","position":2,"name":"Proizvodi","item":"https:\/\/www.distribucionarc.com\/hr\/ducan\/"},{"@type":"ListItem","position":3,"name":"Selladora de latas grandes cuadradas y circulares lineal ANR-171"}]},{"@type":"WebSite","@id":"https:\/\/distribucionarc.com\/ro\/#website","url":"https:\/\/distribucionarc.com\/ro\/","name":"ARC distrib\u00facia","description":"Spolo\u010dnos\u0165 sa \u0161pecializuje na v\u00fdrobu a distrib\u00faciu priemyseln\u00fdch strojov, strojov na uzatv\u00e1ranie plechoviek, strojov na v\u00fdrobu tabliet, strojov na porciovanie m\u00e4sa...","publisher":{"@id":"https:\/\/distribucionarc.com\/ro\/#organization"},"potentialAction":[{"@type":"SearchAction","target":{"@type":"EntryPoint","urlTemplate":"https:\/\/distribucionarc.com\/ro\/?s={search_term_string}"},"query-input":{"@type":"PropertyValueSpecification","valueRequired":true,"valueName":"search_term_string"}}],"inLanguage":"sk-SK"},{"@type":"Organization","@id":"https:\/\/distribucionarc.com\/ro\/#organization","name":"Distrib\u00facia ARC","url":"https:\/\/distribucionarc.com\/ro\/","logo":{"@type":"ImageObject","inLanguage":"sk-SK","@id":"https:\/\/distribucionarc.com\/ro\/#\/schema\/logo\/image\/","url":"https:\/\/distribucionarc.com\/wp-content\/uploads\/2024\/10\/distribucion-ARC-COLOR-SIN-FONDO-e1732295305345.png","contentUrl":"https:\/\/distribucionarc.com\/wp-content\/uploads\/2024\/10\/distribucion-ARC-COLOR-SIN-FONDO-e1732295305345.png","width":1164,"height":558,"caption":"Distribuci\u00f3n ARC"},"image":{"@id":"https:\/\/distribucionarc.com\/ro\/#\/schema\/logo\/image\/"},"description":"Spolo\u010dnos\u0165 \u0161pecializuj\u00faca sa na v\u00fdrobu a distrib\u00faciu priemyseln\u00fdch strojov pre potravin\u00e1rsky a farmaceutick\u00fd sektor. \u0160pecializujeme sa na: Stroje na kr\u00e1janie m\u00e4sa V\u00fdroba tabliet Priemyseln\u00e9 dopravn\u00e9 syst\u00e9my D\u00e1vkova\u010de na f\u013ea\u0161e A ove\u013ea viac... Pon\u00fakame inovat\u00edvne a prisp\u00f4soben\u00e9 rie\u0161enia na optimaliz\u00e1ciu v\u00fdrobn\u00fdch procesov va\u0161ej spolo\u010dnosti.","email":"Admistracion@distribucionarc.com","telephone":"+34 643496664","legalName":"ARC TECH SOLUTIONS","foundingDate":"2024-04-09","vatID":"B55480172","numberOfEmployees":{"@type":"QuantitativeValue","minValue":"1","maxValue":"10"}}]}},"_links":{"self":[{"href":"https:\/\/distribucionarc.com\/sk\/wp-json\/wp\/v2\/product\/8219","targetHints":{"allow":["GET"]}}],"collection":[{"href":"https:\/\/distribucionarc.com\/sk\/wp-json\/wp\/v2\/product"}],"about":[{"href":"https:\/\/distribucionarc.com\/sk\/wp-json\/wp\/v2\/types\/product"}],"replies":[{"embeddable":true,"href":"https:\/\/distribucionarc.com\/sk\/wp-json\/wp\/v2\/comments?post=8219"}],"version-history":[{"count":0,"href":"https:\/\/distribucionarc.com\/sk\/wp-json\/wp\/v2\/product\/8219\/revisions"}],"wp:featuredmedia":[{"embeddable":true,"href":"https:\/\/distribucionarc.com\/sk\/wp-json\/wp\/v2\/media\/8223"}],"wp:attachment":[{"href":"https:\/\/distribucionarc.com\/sk\/wp-json\/wp\/v2\/media?parent=8219"}],"wp:term":[{"taxonomy":"product_brand","embeddable":true,"href":"https:\/\/distribucionarc.com\/sk\/wp-json\/wp\/v2\/product_brand?post=8219"},{"taxonomy":"product_cat","embeddable":true,"href":"https:\/\/distribucionarc.com\/sk\/wp-json\/wp\/v2\/product_cat?post=8219"},{"taxonomy":"product_tag","embeddable":true,"href":"https:\/\/distribucionarc.com\/sk\/wp-json\/wp\/v2\/product_tag?post=8219"}],"curies":[{"name":"pracovn\u00fd list","href":"https:\/\/api.w.org\/{rel}","templated":true}]}}