{"id":839,"date":"2020-07-14T10:02:48","date_gmt":"2020-07-14T10:02:48","guid":{"rendered":"https:\/\/distribucionarc.com\/?post_type=product&#038;p=839"},"modified":"2022-11-30T15:44:03","modified_gmt":"2022-11-30T15:44:03","slug":"donut-waflovac","status":"publish","type":"product","link":"https:\/\/distribucionarc.com\/sk\/producto\/maquina-para-hacer-gofres-rosquillas\/","title":{"rendered":"stroj na \u0161i\u0161ky"},"content":{"rendered":"<h4>stroj na \u0161i\u0161ky <span style=\"color: #ff0000;\">TO<\/span><span style=\"color: #0000ff;\">R<\/span>CMGR1<\/h4>\n<p><strong>vaflov\u00fd stroj <span style=\"color: #ff0000;\">TO<\/span><span style=\"color: #0000ff;\">R<\/span>c<\/strong> na mini \u0161i\u0161ky, potiahnut\u00e9 vonkaj\u0161\u00edm obalom z nehrdzavej\u00facej ocele pre potraviny a lisovan\u00fdmi hlin\u00edkov\u00fdmi vyhrievac\u00edmi plat\u0148ami. Antikor\u00f3zny, antikor\u00f3zny a \u013eahko sa \u010dist\u00ed.<\/p>\n<p>Obojstrann\u00e9 ohrievacie platne na vytv\u00e1ranie chutn\u00fdch \u0161i\u0161iek (6 \u0161i\u0161iek naraz). Nepri\u013enav\u00fd tefl\u00f3nov\u00fd povrch umo\u017e\u0148uje r\u00fdchle varenie a jednoduch\u00e9 \u010distenie. (S priemerom \u0161i\u0161ky 3\u2033 a hr\u00fabkou \u0161i\u0161ky 0,6\u2033.) Vaflova\u010d <strong><span style=\"color: #ff0000;\">TO<\/span><span style=\"color: #0000ff;\">R<\/span>CMGR1<\/strong> je ten prav\u00fd pre<strong> re\u0161taur\u00e1cie<\/strong>, <strong>kaviarne<\/strong>, <strong>predajne potrav\u00edn<\/strong> a <strong>oddelenia spracovania pe\u010diva<\/strong>.<\/p>\n<p>Presn\u00fd \u010dasova\u010d a tla\u010didl\u00e1 na ovl\u00e1danie teploty s preh\u013eadnou stupnicou 0-5 min a 50-300\u00baC. LED kontrolky indikuj\u00fa stav ohrevu. <span style=\"color: #008000;\">Okrem toho vaflova\u010d poskytuje efekt\u00edvnej\u0161iu spotrebu po dosiahnut\u00ed maxim\u00e1lnej teploty.<\/span><\/p>\n<p>\u013dahko odn\u00edmate\u013en\u00e1 odkvapk\u00e1vacia miska okolo formy pre pohodln\u00e9 \u010distenie; Ventil\u00e1tory na oboch stran\u00e1ch pre r\u00fdchlej\u0161\u00ed odvod tepla; \u00da\u010dinne zaisten\u00e1 rukov\u00e4\u0165 z nehrdzavej\u00facej ocele zabra\u0148uje nepredv\u00eddan\u00fdm nehod\u00e1m.<\/p>\n<p>Toto <strong>stroj na \u0161i\u0161ky<\/strong> je schopn\u00fd urobi\u0165 chutn\u00e9, sladk\u00e9 vo vn\u00fatri a<strong> chrumkav\u00e9<\/strong> navonok s mimoriadnou chu\u0165ou, nekone\u010dnou dochu\u0165ou a zvodnou v\u00f4\u0148ou. Pre bohat\u00e9 a rozmanit\u00e9 chute je mo\u017en\u00e9 prida\u0165 \u010dokol\u00e1du, cukr\u00edky a in\u00e9 ozdoby<\/p>\n<p>&nbsp;<\/p>\n<h6><strong>Z\u00e1ruka\u00a0<span style=\"color: #ff0000;\">TO<\/span><span style=\"color: #0000ff;\">R<\/span>C 2 ROKY<\/strong><\/h6>\n<h6><strong><span style=\"color: #008000;\">Efekt\u00edvny stroj na v\u00fdrobu \u0161i\u0161iek, n\u00edzka spotreba 1350 W<\/span><\/strong><\/h6>\n<h6><strong>vr\u00e1tane technickej podpory<\/strong>.<\/h6>\n<p>&nbsp;<\/p>\n<p>&nbsp;<\/p>\n<table role=\"presentation\" width=\"100%\" cellspacing=\"0\" cellpadding=\"0\">\n<tbody>\n<tr>\n<td class=\"attrLabels\">teplota:<\/td>\n<td width=\"50.0%\">50-300\u00baC<\/td>\n<\/tr>\n<tr>\n<td class=\"attrLabels\">Krajina distrib\u00facie:<\/td>\n<td width=\"50.0%\">\u0160panielsko, Nemecko, USA<\/td>\n<td class=\"attrLabels\">Hmotnos\u0165:<\/td>\n<td width=\"50.0%\">15 kg<\/td>\n<\/tr>\n<tr>\n<td class=\"attrLabels\">Zna\u010dka:<\/td>\n<td width=\"50.0%\">ARC<\/td>\n<td class=\"attrLabels\">v\u00fd\u0161ka:<\/td>\n<td width=\"50.0%\">9 cm<\/td>\n<\/tr>\n<tr>\n<td class=\"attrLabels\">Farba:<\/td>\n<td width=\"50.0%\">Strieborn\u00e1<\/td>\n<td class=\"attrLabels\">Dlh\u00e9:<\/td>\n<td width=\"50.0%\">11 cm<\/td>\n<\/tr>\n<tr>\n<td class=\"attrLabels\">Typ produktu:<\/td>\n<td width=\"50.0%\">Stroj na v\u00fdrobu \u0161i\u0161iek<\/td>\n<td class=\"attrLabels\">\u0160irok\u00e1:<\/td>\n<td width=\"50.0%\">\u00a013 cm<\/td>\n<\/tr>\n<tr>\n<td class=\"attrLabels\">\u010c\u00edslo v\u00fdrobcu:<\/td>\n<td width=\"50.0%\">ARCMGR1<\/td>\n<td class=\"attrLabels\">V\u00fdkon:<\/td>\n<td width=\"50.0%\">2500W<\/td>\n<\/tr>\n<tr>\n<td class=\"attrLabels\">Materi\u00e1l:<\/td>\n<td width=\"50.0%\">nerezov\u00e1 oce\u013e, nepri\u013enav\u00e1, tefl\u00f3nov\u00e1<\/td>\n<td class=\"attrLabels\">Vstupn\u00e9 nap\u00e4tie:<\/td>\n<td width=\"50.0%\">220V \u2013 50Hz<\/td>\n<\/tr>\n<tr>\n<td class=\"attrLabels\">Priemer \u0161i\u0161ky:<\/td>\n<td width=\"50.0%\">\u00a07,5 cm<\/td>\n<td class=\"attrLabels\">Z\u00e1ruka:<\/td>\n<td width=\"50.0%\">ARC 2 ROKY<\/td>\n<\/tr>\n<tr>\n<td class=\"attrLabels\">Hr\u00fabka \u0161i\u0161ky:<\/td>\n<td width=\"50.0%\">1,5 cm<\/td>\n<td class=\"attrLabels\"><\/td>\n<td width=\"50.0%\"><\/td>\n<\/tr>\n<\/tbody>\n<\/table>","protected":false},"excerpt":{"rendered":"<h2><strong>Vaflova\u010d na \u0161i\u0161ky <span style=\"color: #ff0000;\">TO<\/span><span style=\"color: #0000ff;\">R<\/span>CMGR1\u00a0<\/strong><\/h2>\n<p><strong>Profesion\u00e1lny vaflova\u010d <span style=\"color: #ff0000;\">TO<\/span><span style=\"color: #0000ff;\">R<\/span>c<\/strong>, je ur\u010den\u00fd na varenie chutne <strong>\u0161i\u0161ky<\/strong>. Vyroben\u00e9 z vysoko kvalitnej nehrdzavej\u00facej ocele, odoln\u00e9 a \u013eahko sa \u010dist\u00ed. Liatinov\u00e1 hlin\u00edkov\u00e1 panvica potiahnut\u00e1 tefl\u00f3nom umo\u017e\u0148uje r\u00fdchle a jednoduch\u00e9 varenie. <strong>The<\/strong> <strong>Profesion\u00e1lny vaflova\u010d <span style=\"color: #ff0000;\">TO<\/span><span style=\"color: #0000ff;\">R<\/span>CMGR1<\/strong> v\u00e1m poskytne presn\u00fa kontrolu \u010dasu a teploty, \u010d\u00edm dosiahnete a <strong>zlat\u00e9 a chrumkav\u00e9<\/strong> perfektn\u00e9. Tak\u017ee m\u00f4\u017eete \u013eubovo\u013ene prid\u00e1va\u0165 med, kr\u00e9my, \u010dokol\u00e1du, sladkosti... pre jedine\u010dn\u00fa chu\u0165!<\/p>\n<h6><strong>Z\u00e1ruka<span style=\"color: #ff0000;\"> TO<\/span><span style=\"color: #0000ff;\">R<\/span>C 2 ROKY<\/strong><\/h6>\n<h6><strong><span style=\"color: #008000;\">Efekt\u00edvny stroj na v\u00fdrobu \u0161i\u0161iek, n\u00edzka spotreba 1350 W<\/span><\/strong><\/h6>\n<h6><strong>vr\u00e1tane technickej podpory<\/strong><\/h6>\n<p>&nbsp;<\/p>","protected":false},"featured_media":846,"comment_status":"open","ping_status":"closed","template":"","meta":{"wds_primary_product_brand":0,"wds_primary_product_cat":0},"product_brand":[],"product_cat":[51],"product_tag":[],"class_list":{"0":"post-839","1":"product","2":"type-product","3":"status-publish","4":"has-post-thumbnail","6":"product_cat-gofreras-profesionales","7":"product_shipping_class-hosteleria","9":"first","10":"instock","11":"sale","12":"taxable","13":"shipping-taxable","14":"purchasable","15":"product-type-simple"},"yoast_head":"<!-- This site is optimized with the Yoast SEO Premium plugin v24.9 (Yoast SEO v26.1) - https:\/\/yoast.com\/wordpress\/plugins\/seo\/ -->\n<title>M\u00e1quina para rosquillas - distribuci\u00f3n ARC<\/title>\n<meta name=\"robots\" content=\"index, follow, max-snippet:-1, max-image-preview:large, max-video-preview:-1\" \/>\n<link rel=\"canonical\" href=\"https:\/\/distribucionarc.com\/sk\/produktov\/donut-waflovac\/\" \/>\n<meta property=\"og:locale\" content=\"sk_SK\" \/>\n<meta property=\"og:type\" content=\"article\" \/>\n<meta property=\"og:title\" content=\"M\u00e1quina para rosquillas\" \/>\n<meta property=\"og:description\" content=\"M\u00e1quina para hacer gofres rosquillas ARCMGR1\u00a0 La M\u00e1quina para gofres profesional de ARC, est\u00e1 dise\u00f1ada para cocinar deliciosas rosquillas. Hecha de acero inoxidable de alta calidad, duradero y f\u00e1cil de limpiar. El molde de aluminio de hierro fundido con revestimiento de tefl\u00f3n hace que cocinar sea f\u00e1cil y r\u00e1pido. La M\u00e1quina para gofres profesional ARCMGR1 te proporcionar\u00e1 un control preciso del tiempo y la temperatura consiguiendo un dorado y crujiente perfecto. \u00a1Para que puedas a\u00f1adir libremente miel, cremas, chocolate, dulces... para un sabor \u00fanico! Garant\u00eda ARC 2 A\u00d1OS Maquina gofres rosquillas eficiente, bajo consumo 1350w soporte t\u00e9cnico\u00a0incluido &nbsp;\" \/>\n<meta property=\"og:url\" content=\"https:\/\/distribucionarc.com\/sk\/produktov\/donut-waflovac\/\" \/>\n<meta property=\"og:site_name\" content=\"distribuci\u00f3n ARC\" \/>\n<meta property=\"article:modified_time\" content=\"2022-11-30T15:44:03+00:00\" \/>\n<meta property=\"og:image\" content=\"https:\/\/distribucionarc.com\/wp-content\/uploads\/2020\/07\/M\u00e1quina-para-hacer-gofres-rosquillas-0.jpg\" \/>\n\t<meta property=\"og:image:width\" content=\"1600\" \/>\n\t<meta property=\"og:image:height\" content=\"1600\" \/>\n\t<meta property=\"og:image:type\" content=\"image\/jpeg\" \/>\n<meta name=\"twitter:card\" content=\"summary_large_image\" \/>\n<meta name=\"twitter:label1\" content=\"Predpokladan\u00fd \u010das \u010d\u00edtania\" \/>\n\t<meta name=\"twitter:data1\" content=\"2 min\u00faty\" \/>\n<script type=\"application\/ld+json\" class=\"yoast-schema-graph\">{\"@context\":\"https:\/\/schema.org\",\"@graph\":[{\"@type\":\"WebPage\",\"@id\":\"https:\/\/distribucionarc.com\/sl\/producto\/maquina-para-hacer-gofres-rosquillas\/\",\"url\":\"https:\/\/distribucionarc.com\/sl\/producto\/maquina-para-hacer-gofres-rosquillas\/\",\"name\":\"M\u00e1quina para rosquillas - distribuci\u00f3n ARC\",\"isPartOf\":{\"@id\":\"https:\/\/www.distribucionarc.com\/sl\/#website\"},\"primaryImageOfPage\":{\"@id\":\"https:\/\/distribucionarc.com\/sl\/producto\/maquina-para-hacer-gofres-rosquillas\/#primaryimage\"},\"image\":{\"@id\":\"https:\/\/distribucionarc.com\/sl\/producto\/maquina-para-hacer-gofres-rosquillas\/#primaryimage\"},\"thumbnailUrl\":\"https:\/\/distribucionarc.com\/wp-content\/uploads\/2020\/07\/M\u00e1quina-para-hacer-gofres-rosquillas-0.jpg\",\"datePublished\":\"2020-07-14T10:02:48+00:00\",\"dateModified\":\"2022-11-30T15:44:03+00:00\",\"breadcrumb\":{\"@id\":\"https:\/\/distribucionarc.com\/sl\/producto\/maquina-para-hacer-gofres-rosquillas\/#breadcrumb\"},\"inLanguage\":\"sk-SK\",\"potentialAction\":[{\"@type\":\"ReadAction\",\"target\":[\"https:\/\/distribucionarc.com\/sl\/producto\/maquina-para-hacer-gofres-rosquillas\/\"]}]},{\"@type\":\"ImageObject\",\"inLanguage\":\"sk-SK\",\"@id\":\"https:\/\/distribucionarc.com\/sl\/producto\/maquina-para-hacer-gofres-rosquillas\/#primaryimage\",\"url\":\"https:\/\/distribucionarc.com\/wp-content\/uploads\/2020\/07\/M\u00e1quina-para-hacer-gofres-rosquillas-0.jpg\",\"contentUrl\":\"https:\/\/distribucionarc.com\/wp-content\/uploads\/2020\/07\/M\u00e1quina-para-hacer-gofres-rosquillas-0.jpg\",\"width\":1600,\"height\":1600,\"caption\":\"M\u00e1quina para hacer gofres rosquillas\"},{\"@type\":\"BreadcrumbList\",\"@id\":\"https:\/\/distribucionarc.com\/sl\/producto\/maquina-para-hacer-gofres-rosquillas\/#breadcrumb\",\"itemListElement\":[{\"@type\":\"ListItem\",\"position\":1,\"name\":\"Portada\",\"item\":\"https:\/\/www.distribucionarc.com\/\"},{\"@type\":\"ListItem\",\"position\":2,\"name\":\"\u00dcr\u00fcnler\",\"item\":\"https:\/\/www.distribucionarc.com\/tr\/magaza\/\"},{\"@type\":\"ListItem\",\"position\":3,\"name\":\"M\u00e1quina para rosquillas\"}]},{\"@type\":\"WebSite\",\"@id\":\"https:\/\/www.distribucionarc.com\/sl\/#website\",\"url\":\"https:\/\/www.distribucionarc.com\/sl\/\",\"name\":\"distribuci\u00f3n ARC\",\"description\":\"Empresa especializada en la fabricaci\u00f3n y distribuci\u00f3n de maquinaria industrial, selladoras de latas, Maquinas de hacer pastillas, Maquinas de cortar carne...\",\"publisher\":{\"@id\":\"https:\/\/www.distribucionarc.com\/sl\/#organization\"},\"potentialAction\":[{\"@type\":\"SearchAction\",\"target\":{\"@type\":\"EntryPoint\",\"urlTemplate\":\"https:\/\/www.distribucionarc.com\/sl\/?s={search_term_string}\"},\"query-input\":{\"@type\":\"PropertyValueSpecification\",\"valueRequired\":true,\"valueName\":\"search_term_string\"}}],\"inLanguage\":\"sk-SK\"},{\"@type\":\"Organization\",\"@id\":\"https:\/\/www.distribucionarc.com\/sl\/#organization\",\"name\":\"Distribuci\u00f3n ARC\",\"url\":\"https:\/\/www.distribucionarc.com\/sl\/\",\"logo\":{\"@type\":\"ImageObject\",\"inLanguage\":\"sk-SK\",\"@id\":\"https:\/\/www.distribucionarc.com\/sl\/#\/schema\/logo\/image\/\",\"url\":\"https:\/\/distribucionarc.com\/wp-content\/uploads\/2024\/10\/distribucion-ARC-COLOR-SIN-FONDO-e1732295305345.png\",\"contentUrl\":\"https:\/\/distribucionarc.com\/wp-content\/uploads\/2024\/10\/distribucion-ARC-COLOR-SIN-FONDO-e1732295305345.png\",\"width\":1164,\"height\":558,\"caption\":\"Distribuci\u00f3n ARC\"},\"image\":{\"@id\":\"https:\/\/www.distribucionarc.com\/sl\/#\/schema\/logo\/image\/\"},\"description\":\"Empresa especializada en la fabricaci\u00f3n y distribuci\u00f3n de maquinaria industrial para los sectores alimentario y farmac\u00e9utico. Nos especializamos en: M\u00e1quinas de cortar carne Fabricaci\u00f3n de comprimidos Sistemas de transporte industrial L\u00edneas de embotellado Dosificadores Y mucho m\u00e1s... Ofrecemos soluciones innovadoras y personalizadas para optimizar los procesos productivos de tu empresa.\",\"email\":\"Admistracion@distribucionarc.com\",\"telephone\":\"+34 643496664\",\"legalName\":\"ARC TECH SOLUTIONS\",\"foundingDate\":\"2024-04-09\",\"vatID\":\"B55480172\",\"numberOfEmployees\":{\"@type\":\"QuantitativeValue\",\"minValue\":\"1\",\"maxValue\":\"10\"}}]}<\/script>\n<!-- \/ Yoast SEO Premium plugin. -->","yoast_head_json":{"title":"Donut machine - ARC rozvod","robots":{"index":"index","follow":"follow","max-snippet":"max-snippet:-1","max-image-preview":"max-image-preview:large","max-video-preview":"max-video-preview:-1"},"canonical":"https:\/\/distribucionarc.com\/sk\/produktov\/donut-waflovac\/","og_locale":"sk_SK","og_type":"article","og_title":"M\u00e1quina para rosquillas","og_description":"M\u00e1quina para hacer gofres rosquillas ARCMGR1\u00a0 La M\u00e1quina para gofres profesional de ARC, est\u00e1 dise\u00f1ada para cocinar deliciosas rosquillas. Hecha de acero inoxidable de alta calidad, duradero y f\u00e1cil de limpiar. El molde de aluminio de hierro fundido con revestimiento de tefl\u00f3n hace que cocinar sea f\u00e1cil y r\u00e1pido. La M\u00e1quina para gofres profesional ARCMGR1 te proporcionar\u00e1 un control preciso del tiempo y la temperatura consiguiendo un dorado y crujiente perfecto. \u00a1Para que puedas a\u00f1adir libremente miel, cremas, chocolate, dulces... para un sabor \u00fanico! Garant\u00eda ARC 2 A\u00d1OS Maquina gofres rosquillas eficiente, bajo consumo 1350w soporte t\u00e9cnico\u00a0incluido &nbsp;","og_url":"https:\/\/distribucionarc.com\/sk\/produktov\/donut-waflovac\/","og_site_name":"distribuci\u00f3n ARC","article_modified_time":"2022-11-30T15:44:03+00:00","og_image":[{"width":1600,"height":1600,"url":"https:\/\/distribucionarc.com\/wp-content\/uploads\/2020\/07\/M\u00e1quina-para-hacer-gofres-rosquillas-0.jpg","type":"image\/jpeg"}],"twitter_card":"summary_large_image","twitter_misc":{"Predpokladan\u00fd \u010das \u010d\u00edtania":"2 min\u00faty"},"schema":{"@context":"https:\/\/schema.org","@graph":[{"@type":"WebPage","@id":"https:\/\/distribucionarc.com\/sl\/producto\/maquina-para-hacer-gofres-rosquillas\/","url":"https:\/\/distribucionarc.com\/sl\/producto\/maquina-para-hacer-gofres-rosquillas\/","name":"Donut machine - ARC rozvod","isPartOf":{"@id":"https:\/\/www.distribucionarc.com\/sl\/#website"},"primaryImageOfPage":{"@id":"https:\/\/distribucionarc.com\/sl\/producto\/maquina-para-hacer-gofres-rosquillas\/#primaryimage"},"image":{"@id":"https:\/\/distribucionarc.com\/sl\/producto\/maquina-para-hacer-gofres-rosquillas\/#primaryimage"},"thumbnailUrl":"https:\/\/distribucionarc.com\/wp-content\/uploads\/2020\/07\/M\u00e1quina-para-hacer-gofres-rosquillas-0.jpg","datePublished":"2020-07-14T10:02:48+00:00","dateModified":"2022-11-30T15:44:03+00:00","breadcrumb":{"@id":"https:\/\/distribucionarc.com\/sl\/producto\/maquina-para-hacer-gofres-rosquillas\/#breadcrumb"},"inLanguage":"sk-SK","potentialAction":[{"@type":"ReadAction","target":["https:\/\/distribucionarc.com\/sl\/producto\/maquina-para-hacer-gofres-rosquillas\/"]}]},{"@type":"ImageObject","inLanguage":"sk-SK","@id":"https:\/\/distribucionarc.com\/sl\/producto\/maquina-para-hacer-gofres-rosquillas\/#primaryimage","url":"https:\/\/distribucionarc.com\/wp-content\/uploads\/2020\/07\/M\u00e1quina-para-hacer-gofres-rosquillas-0.jpg","contentUrl":"https:\/\/distribucionarc.com\/wp-content\/uploads\/2020\/07\/M\u00e1quina-para-hacer-gofres-rosquillas-0.jpg","width":1600,"height":1600,"caption":"M\u00e1quina para hacer gofres rosquillas"},{"@type":"BreadcrumbList","@id":"https:\/\/distribucionarc.com\/sl\/producto\/maquina-para-hacer-gofres-rosquillas\/#breadcrumb","itemListElement":[{"@type":"ListItem","position":1,"name":"Portada","item":"https:\/\/www.distribucionarc.com\/"},{"@type":"ListItem","position":2,"name":"\u00dcr\u00fcnler","item":"https:\/\/www.distribucionarc.com\/tr\/magaza\/"},{"@type":"ListItem","position":3,"name":"M\u00e1quina para rosquillas"}]},{"@type":"WebSite","@id":"https:\/\/www.distribucionarc.com\/sl\/#website","url":"https:\/\/www.distribucionarc.com\/sl\/","name":"ARC distrib\u00facia","description":"Spolo\u010dnos\u0165 sa \u0161pecializuje na v\u00fdrobu a distrib\u00faciu priemyseln\u00fdch strojov, strojov na uzatv\u00e1ranie plechoviek, strojov na v\u00fdrobu tabliet, strojov na porciovanie m\u00e4sa...","publisher":{"@id":"https:\/\/www.distribucionarc.com\/sl\/#organization"},"potentialAction":[{"@type":"SearchAction","target":{"@type":"EntryPoint","urlTemplate":"https:\/\/www.distribucionarc.com\/sl\/?s={search_term_string}"},"query-input":{"@type":"PropertyValueSpecification","valueRequired":true,"valueName":"search_term_string"}}],"inLanguage":"sk-SK"},{"@type":"Organization","@id":"https:\/\/www.distribucionarc.com\/sl\/#organization","name":"Distrib\u00facia ARC","url":"https:\/\/www.distribucionarc.com\/sl\/","logo":{"@type":"ImageObject","inLanguage":"sk-SK","@id":"https:\/\/www.distribucionarc.com\/sl\/#\/schema\/logo\/image\/","url":"https:\/\/distribucionarc.com\/wp-content\/uploads\/2024\/10\/distribucion-ARC-COLOR-SIN-FONDO-e1732295305345.png","contentUrl":"https:\/\/distribucionarc.com\/wp-content\/uploads\/2024\/10\/distribucion-ARC-COLOR-SIN-FONDO-e1732295305345.png","width":1164,"height":558,"caption":"Distribuci\u00f3n ARC"},"image":{"@id":"https:\/\/www.distribucionarc.com\/sl\/#\/schema\/logo\/image\/"},"description":"Spolo\u010dnos\u0165 \u0161pecializuj\u00faca sa na v\u00fdrobu a distrib\u00faciu priemyseln\u00fdch strojov pre potravin\u00e1rsky a farmaceutick\u00fd sektor. \u0160pecializujeme sa na: Stroje na kr\u00e1janie m\u00e4sa V\u00fdroba tabliet Priemyseln\u00e9 dopravn\u00e9 syst\u00e9my D\u00e1vkova\u010de na f\u013ea\u0161e A ove\u013ea viac... Pon\u00fakame inovat\u00edvne a prisp\u00f4soben\u00e9 rie\u0161enia na optimaliz\u00e1ciu v\u00fdrobn\u00fdch procesov va\u0161ej spolo\u010dnosti.","email":"Admistracion@distribucionarc.com","telephone":"+34 643496664","legalName":"ARC TECH SOLUTIONS","foundingDate":"2024-04-09","vatID":"B55480172","numberOfEmployees":{"@type":"QuantitativeValue","minValue":"1","maxValue":"10"}}]}},"_links":{"self":[{"href":"https:\/\/distribucionarc.com\/sk\/wp-json\/wp\/v2\/product\/839","targetHints":{"allow":["GET"]}}],"collection":[{"href":"https:\/\/distribucionarc.com\/sk\/wp-json\/wp\/v2\/product"}],"about":[{"href":"https:\/\/distribucionarc.com\/sk\/wp-json\/wp\/v2\/types\/product"}],"replies":[{"embeddable":true,"href":"https:\/\/distribucionarc.com\/sk\/wp-json\/wp\/v2\/comments?post=839"}],"version-history":[{"count":0,"href":"https:\/\/distribucionarc.com\/sk\/wp-json\/wp\/v2\/product\/839\/revisions"}],"wp:featuredmedia":[{"embeddable":true,"href":"https:\/\/distribucionarc.com\/sk\/wp-json\/wp\/v2\/media\/846"}],"wp:attachment":[{"href":"https:\/\/distribucionarc.com\/sk\/wp-json\/wp\/v2\/media?parent=839"}],"wp:term":[{"taxonomy":"product_brand","embeddable":true,"href":"https:\/\/distribucionarc.com\/sk\/wp-json\/wp\/v2\/product_brand?post=839"},{"taxonomy":"product_cat","embeddable":true,"href":"https:\/\/distribucionarc.com\/sk\/wp-json\/wp\/v2\/product_cat?post=839"},{"taxonomy":"product_tag","embeddable":true,"href":"https:\/\/distribucionarc.com\/sk\/wp-json\/wp\/v2\/product_tag?post=839"}],"curies":[{"name":"pracovn\u00fd list","href":"https:\/\/api.w.org\/{rel}","templated":true}]}}