{"id":858,"date":"2020-07-14T11:23:55","date_gmt":"2020-07-14T11:23:55","guid":{"rendered":"https:\/\/distribucionarc.com\/?post_type=product&#038;p=858"},"modified":"2022-10-04T13:23:19","modified_gmt":"2022-10-04T13:23:19","slug":"komercny-taiyaki-waflovy-stroj","status":"publish","type":"product","link":"https:\/\/distribucionarc.com\/sk\/producto\/maquina-comercial-para-gofres-taiyaki\/","title":{"rendered":"Komer\u010dn\u00fd stroj na vafle Taiyaki"},"content":{"rendered":"<h2>Komer\u010dn\u00fd stroj na vafle Taiyaki<\/h2>\n<p>&nbsp;<\/p>\n<p><strong>Stroj na vafle Taiyaki <span style=\"color: #ff0000;\">TO<\/span><span style=\"color: #0000ff;\">R<\/span>c <\/strong>Je vyroben\u00fd z nehrdzavej\u00facej ocele, je odoln\u00fd, pevn\u00fd a \u013eahko sa \u010dist\u00ed. M\u00e1 liatinov\u00fa vyhrievaciu plat\u0148u s tefl\u00f3nov\u00fdm povlakom, aby sa zabr\u00e1nilo <strong>Taiyaki<\/strong> pri\u013ene k povrchu a je ur\u010den\u00fd na dlhodob\u00e9 pou\u017e\u00edvanie. Forma na pe\u010denie, ktor\u00fa m\u00e1, je odoln\u00e1 vo\u010di kor\u00f3zii a poskytuje vysok\u00fa tepeln\u00fa vodivos\u0165. Ve\u013emi \u013eahko sa \u010dist\u00ed. Pou\u017e\u00edvatelia musia na \u010distenie povrchu pou\u017ei\u0165 iba such\u00fa alebo vlhk\u00fa handri\u010dku, nie je potrebn\u00e9 ich um\u00fdva\u0165 vodou.<\/p>\n<p>In <strong><span style=\"color: #ff0000;\">TO<\/span><span style=\"color: #0000ff;\">R<\/span>c<\/strong> M\u00e1me z\u00e1ujem o pohodlie na\u0161ich z\u00e1kazn\u00edkov, preto m\u00e1 n\u00e1\u0161 komer\u010dn\u00fd stroj tla\u010didlo na regul\u00e1ciu teploty na prednej strane stroja. Teplotu je mo\u017en\u00e9 nastavi\u0165 od 0 do 300 \u2103. Tla\u010didlo \u010dasova\u010da 0-5 min\u00fat v\u00e1m umo\u017en\u00ed pracova\u0165 vo\u013enej\u0161ie bez toho, aby ste sa museli stara\u0165 o \u010das pe\u010denia. <strong>Stroj na vafle Taiyaki <span style=\"color: #ff0000;\">TO<\/span><span style=\"color: #0000ff;\">R<\/span>CMGT1<\/strong> Umo\u017en\u00ed v\u00e1m pripravi\u0165 d\u00e1vky 5 vafl\u00ed za 3-5 min\u00fat.<\/p>\n<p>Toto <strong>Vaflova\u010d Taiyaki<\/strong> Je vybaven\u00fd odpadovou doskou s rukov\u00e4\u0165ou, ktor\u00e1 v\u00e1m umo\u017e\u0148uje uklada\u0165 odpad z vafl\u00ed pre \u013eahk\u00e9 \u010distenie. Dve dreven\u00e9 rukov\u00e4te na pravej a \u013eavej platni s\u00fa tepelne odoln\u00e9 a zabra\u0148uj\u00fa pop\u00e1leniu r\u00fak pri varen\u00ed. <span style=\"color: #008000;\">Okrem toho <strong>vaflov\u00fd stroj<\/strong> z<\/span> <strong><span style=\"color: #ff0000;\">TO<\/span><span style=\"color: #0000ff;\">R<\/span>c<\/strong> <span style=\"color: #008000;\">Stabilizuje nielen teplotu, ale aj spotrebu po dosiahnut\u00ed maxim\u00e1lnej teploty.\u00a0<\/span><\/p>\n<p>Jeho origin\u00e1lny dizajn je ide\u00e1lny pre dom\u00e1ce alebo komer\u010dn\u00e9 pou\u017eitie. Jeho ve\u013ek\u00e9 mno\u017estvo detailov a atrakt\u00edvna v\u00f4\u0148a up\u00fata nejedn\u00e9ho z\u00e1kazn\u00edka<\/p>\n<h6><strong>Z\u00e1ruka\u00a0<span style=\"color: #ff0000;\">TO<\/span><span style=\"color: #0000ff;\">R<\/span>C 2 ROKY<\/strong><\/h6>\n<h6><strong><span style=\"color: #008000;\">Efekt\u00edvny stroj na v\u00fdrobu vafl\u00ed Taiyaki, n\u00edzka spotreba 2800w<\/span><\/strong><\/h6>\n<h6><strong>vr\u00e1tane technickej podpory<\/strong><\/h6>\n<p>&nbsp;<\/p>\n<p>&nbsp;<\/p>\n<p>&nbsp;<\/p>\n<table role=\"presentation\" width=\"100%\" cellspacing=\"0\" cellpadding=\"0\">\n<tbody>\n<tr>\n<td class=\"attrLabels\">teplota:<\/td>\n<td width=\"50.0%\">50-300\u00baC<\/td>\n<\/tr>\n<tr>\n<td class=\"attrLabels\">Krajina distrib\u00facie:<\/td>\n<td width=\"50.0%\">\u0160panielsko, Nemecko, USA<\/td>\n<td class=\"attrLabels\">Hmotnos\u0165:<\/td>\n<td width=\"50.0%\">22,2 kg<\/td>\n<\/tr>\n<tr>\n<td class=\"attrLabels\">Zna\u010dka:<\/td>\n<td width=\"50.0%\">ARC<\/td>\n<td class=\"attrLabels\">v\u00fd\u0161ka:<\/td>\n<td width=\"50.0%\">37,3 cm<\/td>\n<\/tr>\n<tr>\n<td class=\"attrLabels\">Farba:<\/td>\n<td width=\"50.0%\">Strieborn\u00e1<\/td>\n<td class=\"attrLabels\">Dlh\u00e9:<\/td>\n<td width=\"50.0%\">36,6 cm<\/td>\n<\/tr>\n<tr>\n<td class=\"attrLabels\">Typ produktu:<\/td>\n<td width=\"50.0%\">Vaflova\u010d Taiyaki<\/td>\n<td class=\"attrLabels\">\u0160irok\u00e1:<\/td>\n<td width=\"50.0%\">58,8 cm<\/td>\n<\/tr>\n<tr>\n<td class=\"attrLabels\">\u010c\u00edslo v\u00fdrobcu:<\/td>\n<td width=\"50.0%\">ARCMGT1<\/td>\n<td class=\"attrLabels\">V\u00fdkon:<\/td>\n<td width=\"50.0%\">2800W<\/td>\n<\/tr>\n<tr>\n<td class=\"attrLabels\">Materi\u00e1l:<\/td>\n<td width=\"50.0%\">nerezov\u00e1 oce\u013e, tefl\u00f3nov\u00e1 doska, regul\u00e1cia teploty<\/td>\n<td class=\"attrLabels\">vstupn\u00e9 nap\u00e4tie<\/td>\n<td width=\"50.0%\">220V \u2013 60Hz<\/td>\n<\/tr>\n<tr>\n<td class=\"attrLabels\">Ve\u013ekos\u0165 Taiyaki:<\/td>\n<td width=\"50.0%\">Rozmer 12\u00d77 cm<\/td>\n<td class=\"attrLabels\">Modely formul\u00e1rov:<\/td>\n<td width=\"50.0%\">5. ks<\/td>\n<\/tr>\n<tr>\n<td class=\"attrLabels\">In\u0161tala\u010dn\u00e9 n\u00e1stroje:<\/td>\n<td width=\"50.0%\">\u00c1no<\/td>\n<td class=\"attrLabels\">V\u00fdroba:<\/td>\n<td width=\"50.0%\">5 kusov<\/td>\n<\/tr>\n<\/tbody>\n<\/table>\n<p>&nbsp;<\/p>","protected":false},"excerpt":{"rendered":"<h3>Komer\u010dn\u00fd stroj na vafle Taiyaki<\/h3>\n<p><strong>Vaflova\u010d Taiyaki<\/strong> <span style=\"color: #ff0000;\">TO<\/span><span style=\"color: #0000ff;\">R<\/span>C m\u00e1 kr\u00e1sny ryb\u00ed dizajn, ktor\u00fd dod\u00e1 va\u0161ej poleve inovat\u00edvny a celkom vizu\u00e1lny dizajn, ktor\u00fd v\u00e1s na trhu prekvap\u00ed. <strong>Ku\u017ee\u013eov\u00fd stroj <span style=\"color: #ff0000;\">TO<\/span><span style=\"color: #0000ff;\">R<\/span>CMCT1<\/strong> vych\u00e1dza z k\u00f3rejskej popul\u00e1rnej kult\u00fary, kde s\u00fa tieto vafle zn\u00e1me ako<strong> Taiyaki<\/strong>, \u013eudia ho miluj\u00fa pre jeho atrakt\u00edvny vzh\u013ead a lahodn\u00fa chu\u0165. Od <strong><span style=\"color: #ff0000;\">TO<\/span><span style=\"color: #0000ff;\">R<\/span>c<\/strong> pon\u00fakame v\u00e1m a <strong>vaflov\u00fd stroj<\/strong> z r\u00fdb, ktor\u00e9 sa \u013eahko plnia. M\u00f4\u017eete prida\u0165 <strong>zmrazen\u00e9<\/strong>, <strong>sirupy<\/strong>, <strong>ovocn\u00fd d\u017eem<\/strong>, <strong>\u010dokol\u00e1da<\/strong> alebo \u010doko\u013evek, \u010do najlep\u0161ie vyhovuje v\u00e1\u0161mu vkusu, aby ste si vychutnali ve\u013emi atrakt\u00edvne a odv\u00e1\u017ene vafle v\u010faka skvel\u00e9mu vizu\u00e1lnemu efektu. D\u00e1vka ryb\u00edch vafl\u00ed sa d\u00e1 pripravi\u0165 asi za p\u00e4\u0165 min\u00fat. <strong>Ide\u00e1lne pre komer\u010dn\u00e9 vyu\u017eitie.<\/strong><\/p>\n<h6><strong>Z\u00e1ruka\u00a0<span style=\"color: #ff0000;\">TO<\/span><span style=\"color: #0000ff;\">R<\/span>C 2 ROKY<\/strong><\/h6>\n<h6><span style=\"color: #008000;\"><strong>Efekt\u00edvny stroj na v\u00fdrobu vafl\u00ed Taiyaki, n\u00edzka spotreba 2800w<\/strong><\/span><\/h6>\n<h6><strong>vr\u00e1tane technickej podpory<\/strong><\/h6>","protected":false},"featured_media":869,"comment_status":"open","ping_status":"closed","template":"","meta":{"wds_primary_product_brand":0,"wds_primary_product_cat":0},"product_brand":[],"product_cat":[51],"product_tag":[],"class_list":{"0":"post-858","1":"product","2":"type-product","3":"status-publish","4":"has-post-thumbnail","6":"product_cat-gofreras-profesionales","7":"product_shipping_class-hosteleria","9":"first","10":"instock","11":"sale","12":"taxable","13":"shipping-taxable","14":"purchasable","15":"product-type-simple"},"yoast_head":"<!-- This site is optimized with the Yoast SEO Premium plugin v24.9 (Yoast SEO v26.1) - https:\/\/yoast.com\/wordpress\/plugins\/seo\/ -->\n<title>M\u00e1quina comercial para gofres Taiyaki - distribuci\u00f3n ARC<\/title>\n<meta name=\"robots\" content=\"index, follow, max-snippet:-1, max-image-preview:large, max-video-preview:-1\" \/>\n<link rel=\"canonical\" href=\"https:\/\/distribucionarc.com\/sk\/produktov\/komercny-taiyaki-waflovy-stroj\/\" \/>\n<meta property=\"og:locale\" content=\"sk_SK\" \/>\n<meta property=\"og:type\" content=\"article\" \/>\n<meta property=\"og:title\" content=\"M\u00e1quina comercial para gofres Taiyaki\" \/>\n<meta property=\"og:description\" content=\"M\u00e1quina comercial para gofres Taiyaki La m\u00e1quina para gofres Taiyaki ARC tiene un precioso dise\u00f1o de pez que le dar\u00e1 a tus toppings un dise\u00f1o innovador y bastante visual con lo que sorprender en el mercado. La m\u00e1quina para conos ARCMCT1 est\u00e1 basada en la cultura popular de Corea donde estos gofres son conocidos como Taiyaki, a la gente le encanta por su aspecto atractivo y delicioso sabor. Desde ARC les ofrecemos una m\u00e1quina de gofres de pescado sencillos de rellenar. Puedes a\u00f1adir helado, siropes, mermelada de frutas, chocolate o lo que m\u00e1s se adapte a tus gustos para disfrutar de un gofre muy atractivo y atrevido por su gran efecto visual. Un lote de gofres de pescado se puede hacer alrededor de cinco minutos. Ideal para uso comercial. Garant\u00eda\u00a0ARC 2 A\u00d1OS Maquina gofres Taiyaki eficiente, bajo consumo 2800w soporte t\u00e9cnico\u00a0incluido\" \/>\n<meta property=\"og:url\" content=\"https:\/\/distribucionarc.com\/sk\/produktov\/komercny-taiyaki-waflovy-stroj\/\" \/>\n<meta property=\"og:site_name\" content=\"distribuci\u00f3n ARC\" \/>\n<meta property=\"article:modified_time\" content=\"2022-10-04T13:23:19+00:00\" \/>\n<meta property=\"og:image\" content=\"https:\/\/distribucionarc.com\/wp-content\/uploads\/2020\/07\/M\u00e1quina-comercial-para-gofres-Taiyaki-0.jpg\" \/>\n\t<meta property=\"og:image:width\" content=\"1600\" \/>\n\t<meta property=\"og:image:height\" content=\"1600\" \/>\n\t<meta property=\"og:image:type\" content=\"image\/jpeg\" \/>\n<meta name=\"twitter:card\" content=\"summary_large_image\" \/>\n<meta name=\"twitter:label1\" content=\"Predpokladan\u00fd \u010das \u010d\u00edtania\" \/>\n\t<meta name=\"twitter:data1\" content=\"2 min\u00faty\" \/>\n<script type=\"application\/ld+json\" class=\"yoast-schema-graph\">{\"@context\":\"https:\/\/schema.org\",\"@graph\":[{\"@type\":\"WebPage\",\"@id\":\"https:\/\/distribucionarc.com\/de\/producto\/maquina-comercial-para-gofres-taiyaki\/\",\"url\":\"https:\/\/distribucionarc.com\/de\/producto\/maquina-comercial-para-gofres-taiyaki\/\",\"name\":\"M\u00e1quina comercial para gofres Taiyaki - distribuci\u00f3n ARC\",\"isPartOf\":{\"@id\":\"https:\/\/distribucionarc.com\/en\/#website\"},\"primaryImageOfPage\":{\"@id\":\"https:\/\/distribucionarc.com\/de\/producto\/maquina-comercial-para-gofres-taiyaki\/#primaryimage\"},\"image\":{\"@id\":\"https:\/\/distribucionarc.com\/de\/producto\/maquina-comercial-para-gofres-taiyaki\/#primaryimage\"},\"thumbnailUrl\":\"https:\/\/distribucionarc.com\/wp-content\/uploads\/2020\/07\/M\u00e1quina-comercial-para-gofres-Taiyaki-0.jpg\",\"datePublished\":\"2020-07-14T11:23:55+00:00\",\"dateModified\":\"2022-10-04T13:23:19+00:00\",\"breadcrumb\":{\"@id\":\"https:\/\/distribucionarc.com\/de\/producto\/maquina-comercial-para-gofres-taiyaki\/#breadcrumb\"},\"inLanguage\":\"sk-SK\",\"potentialAction\":[{\"@type\":\"ReadAction\",\"target\":[\"https:\/\/distribucionarc.com\/de\/producto\/maquina-comercial-para-gofres-taiyaki\/\"]}]},{\"@type\":\"ImageObject\",\"inLanguage\":\"sk-SK\",\"@id\":\"https:\/\/distribucionarc.com\/de\/producto\/maquina-comercial-para-gofres-taiyaki\/#primaryimage\",\"url\":\"https:\/\/distribucionarc.com\/wp-content\/uploads\/2020\/07\/M\u00e1quina-comercial-para-gofres-Taiyaki-0.jpg\",\"contentUrl\":\"https:\/\/distribucionarc.com\/wp-content\/uploads\/2020\/07\/M\u00e1quina-comercial-para-gofres-Taiyaki-0.jpg\",\"width\":1600,\"height\":1600,\"caption\":\"M\u00e1quina comercial para gofres Taiyaki\"},{\"@type\":\"BreadcrumbList\",\"@id\":\"https:\/\/distribucionarc.com\/de\/producto\/maquina-comercial-para-gofres-taiyaki\/#breadcrumb\",\"itemListElement\":[{\"@type\":\"ListItem\",\"position\":1,\"name\":\"Portada\",\"item\":\"https:\/\/jagdesd.tempurl.host\/\"},{\"@type\":\"ListItem\",\"position\":2,\"name\":\"Productos\",\"item\":\"https:\/\/jagdesd.tempurl.host\/shop\/\"},{\"@type\":\"ListItem\",\"position\":3,\"name\":\"M\u00e1quina comercial para gofres Taiyaki\"}]},{\"@type\":\"WebSite\",\"@id\":\"https:\/\/distribucionarc.com\/en\/#website\",\"url\":\"https:\/\/distribucionarc.com\/en\/\",\"name\":\"distribuci\u00f3n ARC\",\"description\":\"Empresa especializada en la fabricaci\u00f3n y distribuci\u00f3n de maquinaria industrial, selladoras de latas, Maquinas de hacer pastillas, Maquinas de cortar carne...\",\"publisher\":{\"@id\":\"https:\/\/distribucionarc.com\/en\/#organization\"},\"potentialAction\":[{\"@type\":\"SearchAction\",\"target\":{\"@type\":\"EntryPoint\",\"urlTemplate\":\"https:\/\/distribucionarc.com\/en\/?s={search_term_string}\"},\"query-input\":{\"@type\":\"PropertyValueSpecification\",\"valueRequired\":true,\"valueName\":\"search_term_string\"}}],\"inLanguage\":\"sk-SK\"},{\"@type\":\"Organization\",\"@id\":\"https:\/\/distribucionarc.com\/en\/#organization\",\"name\":\"Distribuci\u00f3n ARC\",\"url\":\"https:\/\/distribucionarc.com\/en\/\",\"logo\":{\"@type\":\"ImageObject\",\"inLanguage\":\"sk-SK\",\"@id\":\"https:\/\/distribucionarc.com\/en\/#\/schema\/logo\/image\/\",\"url\":\"https:\/\/distribucionarc.com\/wp-content\/uploads\/2024\/10\/distribucion-ARC-COLOR-SIN-FONDO-e1732295305345.png\",\"contentUrl\":\"https:\/\/distribucionarc.com\/wp-content\/uploads\/2024\/10\/distribucion-ARC-COLOR-SIN-FONDO-e1732295305345.png\",\"width\":1164,\"height\":558,\"caption\":\"Distribuci\u00f3n ARC\"},\"image\":{\"@id\":\"https:\/\/distribucionarc.com\/en\/#\/schema\/logo\/image\/\"},\"description\":\"Empresa especializada en la fabricaci\u00f3n y distribuci\u00f3n de maquinaria industrial para los sectores alimentario y farmac\u00e9utico. Nos especializamos en: M\u00e1quinas de cortar carne Fabricaci\u00f3n de comprimidos Sistemas de transporte industrial L\u00edneas de embotellado Dosificadores Y mucho m\u00e1s... Ofrecemos soluciones innovadoras y personalizadas para optimizar los procesos productivos de tu empresa.\",\"email\":\"Admistracion@distribucionarc.com\",\"telephone\":\"+34 643496664\",\"legalName\":\"ARC TECH SOLUTIONS\",\"foundingDate\":\"2024-04-09\",\"vatID\":\"B55480172\",\"numberOfEmployees\":{\"@type\":\"QuantitativeValue\",\"minValue\":\"1\",\"maxValue\":\"10\"}}]}<\/script>\n<!-- \/ Yoast SEO Premium plugin. -->","yoast_head_json":{"title":"Komer\u010dn\u00fd stroj na vafle Taiyaki - distrib\u00facia ARC","robots":{"index":"index","follow":"follow","max-snippet":"max-snippet:-1","max-image-preview":"max-image-preview:large","max-video-preview":"max-video-preview:-1"},"canonical":"https:\/\/distribucionarc.com\/sk\/produktov\/komercny-taiyaki-waflovy-stroj\/","og_locale":"sk_SK","og_type":"article","og_title":"M\u00e1quina comercial para gofres Taiyaki","og_description":"M\u00e1quina comercial para gofres Taiyaki La m\u00e1quina para gofres Taiyaki ARC tiene un precioso dise\u00f1o de pez que le dar\u00e1 a tus toppings un dise\u00f1o innovador y bastante visual con lo que sorprender en el mercado. La m\u00e1quina para conos ARCMCT1 est\u00e1 basada en la cultura popular de Corea donde estos gofres son conocidos como Taiyaki, a la gente le encanta por su aspecto atractivo y delicioso sabor. Desde ARC les ofrecemos una m\u00e1quina de gofres de pescado sencillos de rellenar. Puedes a\u00f1adir helado, siropes, mermelada de frutas, chocolate o lo que m\u00e1s se adapte a tus gustos para disfrutar de un gofre muy atractivo y atrevido por su gran efecto visual. Un lote de gofres de pescado se puede hacer alrededor de cinco minutos. Ideal para uso comercial. Garant\u00eda\u00a0ARC 2 A\u00d1OS Maquina gofres Taiyaki eficiente, bajo consumo 2800w soporte t\u00e9cnico\u00a0incluido","og_url":"https:\/\/distribucionarc.com\/sk\/produktov\/komercny-taiyaki-waflovy-stroj\/","og_site_name":"distribuci\u00f3n ARC","article_modified_time":"2022-10-04T13:23:19+00:00","og_image":[{"width":1600,"height":1600,"url":"https:\/\/distribucionarc.com\/wp-content\/uploads\/2020\/07\/M\u00e1quina-comercial-para-gofres-Taiyaki-0.jpg","type":"image\/jpeg"}],"twitter_card":"summary_large_image","twitter_misc":{"Predpokladan\u00fd \u010das \u010d\u00edtania":"2 min\u00faty"},"schema":{"@context":"https:\/\/schema.org","@graph":[{"@type":"WebPage","@id":"https:\/\/distribucionarc.com\/de\/producto\/maquina-comercial-para-gofres-taiyaki\/","url":"https:\/\/distribucionarc.com\/de\/producto\/maquina-comercial-para-gofres-taiyaki\/","name":"Komer\u010dn\u00fd stroj na vafle Taiyaki - distrib\u00facia ARC","isPartOf":{"@id":"https:\/\/distribucionarc.com\/en\/#website"},"primaryImageOfPage":{"@id":"https:\/\/distribucionarc.com\/de\/producto\/maquina-comercial-para-gofres-taiyaki\/#primaryimage"},"image":{"@id":"https:\/\/distribucionarc.com\/de\/producto\/maquina-comercial-para-gofres-taiyaki\/#primaryimage"},"thumbnailUrl":"https:\/\/distribucionarc.com\/wp-content\/uploads\/2020\/07\/M\u00e1quina-comercial-para-gofres-Taiyaki-0.jpg","datePublished":"2020-07-14T11:23:55+00:00","dateModified":"2022-10-04T13:23:19+00:00","breadcrumb":{"@id":"https:\/\/distribucionarc.com\/de\/producto\/maquina-comercial-para-gofres-taiyaki\/#breadcrumb"},"inLanguage":"sk-SK","potentialAction":[{"@type":"ReadAction","target":["https:\/\/distribucionarc.com\/de\/producto\/maquina-comercial-para-gofres-taiyaki\/"]}]},{"@type":"ImageObject","inLanguage":"sk-SK","@id":"https:\/\/distribucionarc.com\/de\/producto\/maquina-comercial-para-gofres-taiyaki\/#primaryimage","url":"https:\/\/distribucionarc.com\/wp-content\/uploads\/2020\/07\/M\u00e1quina-comercial-para-gofres-Taiyaki-0.jpg","contentUrl":"https:\/\/distribucionarc.com\/wp-content\/uploads\/2020\/07\/M\u00e1quina-comercial-para-gofres-Taiyaki-0.jpg","width":1600,"height":1600,"caption":"M\u00e1quina comercial para gofres Taiyaki"},{"@type":"BreadcrumbList","@id":"https:\/\/distribucionarc.com\/de\/producto\/maquina-comercial-para-gofres-taiyaki\/#breadcrumb","itemListElement":[{"@type":"ListItem","position":1,"name":"Portada","item":"https:\/\/jagdesd.tempurl.host\/"},{"@type":"ListItem","position":2,"name":"Productos","item":"https:\/\/jagdesd.tempurl.host\/shop\/"},{"@type":"ListItem","position":3,"name":"M\u00e1quina comercial para gofres Taiyaki"}]},{"@type":"WebSite","@id":"https:\/\/distribucionarc.com\/en\/#website","url":"https:\/\/distribucionarc.com\/en\/","name":"ARC distrib\u00facia","description":"Spolo\u010dnos\u0165 sa \u0161pecializuje na v\u00fdrobu a distrib\u00faciu priemyseln\u00fdch strojov, strojov na uzatv\u00e1ranie plechoviek, strojov na v\u00fdrobu tabliet, strojov na porciovanie m\u00e4sa...","publisher":{"@id":"https:\/\/distribucionarc.com\/en\/#organization"},"potentialAction":[{"@type":"SearchAction","target":{"@type":"EntryPoint","urlTemplate":"https:\/\/distribucionarc.com\/en\/?s={search_term_string}"},"query-input":{"@type":"PropertyValueSpecification","valueRequired":true,"valueName":"search_term_string"}}],"inLanguage":"sk-SK"},{"@type":"Organization","@id":"https:\/\/distribucionarc.com\/en\/#organization","name":"Distrib\u00facia ARC","url":"https:\/\/distribucionarc.com\/en\/","logo":{"@type":"ImageObject","inLanguage":"sk-SK","@id":"https:\/\/distribucionarc.com\/en\/#\/schema\/logo\/image\/","url":"https:\/\/distribucionarc.com\/wp-content\/uploads\/2024\/10\/distribucion-ARC-COLOR-SIN-FONDO-e1732295305345.png","contentUrl":"https:\/\/distribucionarc.com\/wp-content\/uploads\/2024\/10\/distribucion-ARC-COLOR-SIN-FONDO-e1732295305345.png","width":1164,"height":558,"caption":"Distribuci\u00f3n ARC"},"image":{"@id":"https:\/\/distribucionarc.com\/en\/#\/schema\/logo\/image\/"},"description":"Spolo\u010dnos\u0165 \u0161pecializuj\u00faca sa na v\u00fdrobu a distrib\u00faciu priemyseln\u00fdch strojov pre potravin\u00e1rsky a farmaceutick\u00fd sektor. \u0160pecializujeme sa na: Stroje na kr\u00e1janie m\u00e4sa V\u00fdroba tabliet Priemyseln\u00e9 dopravn\u00e9 syst\u00e9my D\u00e1vkova\u010de na f\u013ea\u0161e A ove\u013ea viac... Pon\u00fakame inovat\u00edvne a prisp\u00f4soben\u00e9 rie\u0161enia na optimaliz\u00e1ciu v\u00fdrobn\u00fdch procesov va\u0161ej spolo\u010dnosti.","email":"Admistracion@distribucionarc.com","telephone":"+34 643496664","legalName":"ARC TECH SOLUTIONS","foundingDate":"2024-04-09","vatID":"B55480172","numberOfEmployees":{"@type":"QuantitativeValue","minValue":"1","maxValue":"10"}}]}},"_links":{"self":[{"href":"https:\/\/distribucionarc.com\/sk\/wp-json\/wp\/v2\/product\/858","targetHints":{"allow":["GET"]}}],"collection":[{"href":"https:\/\/distribucionarc.com\/sk\/wp-json\/wp\/v2\/product"}],"about":[{"href":"https:\/\/distribucionarc.com\/sk\/wp-json\/wp\/v2\/types\/product"}],"replies":[{"embeddable":true,"href":"https:\/\/distribucionarc.com\/sk\/wp-json\/wp\/v2\/comments?post=858"}],"version-history":[{"count":0,"href":"https:\/\/distribucionarc.com\/sk\/wp-json\/wp\/v2\/product\/858\/revisions"}],"wp:featuredmedia":[{"embeddable":true,"href":"https:\/\/distribucionarc.com\/sk\/wp-json\/wp\/v2\/media\/869"}],"wp:attachment":[{"href":"https:\/\/distribucionarc.com\/sk\/wp-json\/wp\/v2\/media?parent=858"}],"wp:term":[{"taxonomy":"product_brand","embeddable":true,"href":"https:\/\/distribucionarc.com\/sk\/wp-json\/wp\/v2\/product_brand?post=858"},{"taxonomy":"product_cat","embeddable":true,"href":"https:\/\/distribucionarc.com\/sk\/wp-json\/wp\/v2\/product_cat?post=858"},{"taxonomy":"product_tag","embeddable":true,"href":"https:\/\/distribucionarc.com\/sk\/wp-json\/wp\/v2\/product_tag?post=858"}],"curies":[{"name":"pracovn\u00fd list","href":"https:\/\/api.w.org\/{rel}","templated":true}]}}