{"id":872,"date":"2020-07-14T12:32:47","date_gmt":"2020-07-14T12:32:47","guid":{"rendered":"https:\/\/distribucionarc.com\/?post_type=product&#038;p=872"},"modified":"2024-09-05T13:42:32","modified_gmt":"2024-09-05T13:42:32","slug":"dvojity-sufle-stroj-na-palacinky","status":"publish","type":"product","link":"https:\/\/distribucionarc.com\/sk\/producto\/maquina-de-panqueques-souffle-doble\/","title":{"rendered":"Dvojit\u00fd stroj na v\u00fdrobu palaciniek souffle"},"content":{"rendered":"<h2>Dvojit\u00fd stroj na v\u00fdrobu palaciniek souffle<\/h2>\n<p>Vysok\u00e1 kvalita materi\u00e1lov, z ktor\u00fdch je vyroben\u00fd <strong>stroj <span style=\"color: #ff0000;\">TO<\/span><span style=\"color: #0000ff;\">R<\/span>c<\/strong>, mu poskytne dlh\u00fa \u017eivotnos\u0165, navy\u0161e bude pripraven\u00fd na rozsiahle komer\u010dn\u00e9 vyu\u017eitie. Vyroben\u00e9 z materi\u00e1lov z nehrdzavej\u00facej ocele, potravin\u00e1rske zrkadlo, odolnos\u0165 proti rozdrveniu, antikor\u00f3zne a vodotesn\u00e9, zais\u0165uj\u00face a<strong>\u00a0sufl\u00e9<\/strong> pr\u00e9mie. V\u010faka svojmu komfortu a jednoduchosti je tento stroj vhodn\u00fd na komer\u010dn\u00e9 pou\u017eitie.<\/p>\n<p>Toto <strong>stroj na palacinky<\/strong> <strong><span style=\"color: #ff0000;\">TO<\/span><span style=\"color: #0000ff;\">R<\/span>CMPS1<\/strong> M\u00e1 vstavan\u00fa zosilnen\u00fa vykurovaciu r\u00farku a povrch s kon\u0161tantn\u00fdm tepeln\u00fdm spracovan\u00edm, tento nepri\u013enav\u00fd elektrick\u00fd dorayaki pek\u00e1r dok\u00e1\u017ee odol\u00e1va\u0165 teplot\u00e1m a\u017e do 250 \u2103. Vysok\u00fd v\u00fdkon 1300W<\/p>\n<p>Toto <strong>stroj na palacinkov\u00e9 sufl\u00e9<\/strong> Obsahuje elektronick\u00fd ovl\u00e1dac\u00ed panel, ktor\u00fd dok\u00e1\u017ee presne ovl\u00e1da\u0165 teplotu a \u010das, \u013eahko sa pou\u017e\u00edva. Nez\u00e1visl\u00e9 ovl\u00e1danie na oboch stran\u00e1ch, schopn\u00e9 vari\u0165 dve r\u00f4zne ingrediencie s\u00fa\u010dasne. Kontrolky zhasn\u00fa, akon\u00e1hle sa dosiahne po\u017eadovan\u00e1 teplota<\/p>\n<p><strong>Stroj <span style=\"color: #ff0000;\">TO<\/span><span style=\"color: #0000ff;\">R<\/span>CMPS1<\/strong> <span style=\"color: #008000;\">Pou\u017e\u00edva \u010dist\u00fa meden\u00fa panvicu, ktor\u00e1 je nepri\u013enav\u00e1 a dobre vodiv\u00e1, na ur\u00fdchlenie ohrevu a zn\u00ed\u017eenie spotreby energie<\/span>.<\/p>\n<p>Vybaven\u00fd krytom z nehrdzavej\u00facej ocele v tvare obl\u00faka a zosilnen\u00fdm nap\u00e1jac\u00edm k\u00e1blom, bezpe\u010dnej\u0161ie na pou\u017e\u00edvanie. So \u0161tyrmi vyv\u00fd\u0161en\u00fdmi proti\u0161mykov\u00fdmi podlo\u017ekami je v\u00fdkon odvodu tepla vy\u0161\u0161\u00ed.<\/p>\n<h6><\/h6>\n<h6><strong>Z\u00e1ruka\u00a0<span style=\"color: #ff0000;\">TO<\/span><span style=\"color: #0000ff;\">R<\/span>C 2 ROKY<\/strong><\/h6>\n<h6><span style=\"color: #008000;\">Stroj na palacinkov\u00e9 sufl\u00e9, n\u00edzka spotreba 2800w<\/span><\/h6>\n<h6><strong>vr\u00e1tane technickej podpory<\/strong><\/h6>\n<p>&nbsp;<\/p>\n<p>&nbsp;<\/p>\n<table role=\"presentation\" width=\"100%\" cellspacing=\"0\" cellpadding=\"0\">\n<tbody>\n<tr>\n<td class=\"attrLabels\">teplota:<\/td>\n<td width=\"50.0%\">30-250\u00baC<\/td>\n<\/tr>\n<tr>\n<td class=\"attrLabels\">Krajina distrib\u00facie:<\/td>\n<td width=\"50.0%\">\u0160panielsko, Nemecko, USA<\/td>\n<td class=\"attrLabels\">Hmotnos\u0165:<\/td>\n<td width=\"50.0%\"><span style=\"font-size: 16px; font-style: normal; font-weight: 400;\">30 <\/span>kg<\/td>\n<\/tr>\n<tr>\n<td class=\"attrLabels\">Zna\u010dka:<\/td>\n<td width=\"50.0%\">ARC<\/td>\n<td class=\"attrLabels\">v\u00fd\u0161ka:<\/td>\n<td width=\"50.0%\">62 cm<\/td>\n<\/tr>\n<tr>\n<td class=\"attrLabels\">Farba:<\/td>\n<td width=\"50.0%\">Strieborn\u00e1<\/td>\n<td class=\"attrLabels\">Dlh\u00e9:<\/td>\n<td width=\"50.0%\">48 cm<\/td>\n<\/tr>\n<tr>\n<td class=\"attrLabels\">Typ produktu:<\/td>\n<td width=\"50.0%\">Stroj na palacinky sufl\u00e9<\/td>\n<td class=\"attrLabels\">\u0160irok\u00e1:<\/td>\n<td width=\"50.0%\">29 cm<\/td>\n<\/tr>\n<tr>\n<td class=\"attrLabels\">\u010c\u00edslo v\u00fdrobcu:<\/td>\n<td width=\"50.0%\">ARCMPS1<\/td>\n<td class=\"attrLabels\">V\u00fdkon:<\/td>\n<td width=\"50.0%\">2800W<\/td>\n<\/tr>\n<tr>\n<td class=\"attrLabels\">Materi\u00e1l:<\/td>\n<td width=\"50.0%\">nerezov\u00e1 oce\u013e, zosilnen\u00fd dr\u00f4t, regul\u00e1cia teploty, meden\u00e1 panvica<\/td>\n<td class=\"attrLabels\">vstupn\u00e9 nap\u00e4tie<\/td>\n<td width=\"50.0%\">220V \u2013 60Hz<\/td>\n<\/tr>\n<tr>\n<td class=\"attrLabels\">Zah\u0155\u0148a:<\/td>\n<td width=\"50.0%\">\u00a02 kryty z nehrdzavej\u00facej ocele<\/p>\n<p>2 \u0161pachtle<\/td>\n<td class=\"attrLabels\">Z\u00e1ruka<\/td>\n<td width=\"50.0%\">2 roky<\/td>\n<\/tr>\n<tr>\n<td class=\"attrLabels\">In\u0161tala\u010dn\u00e9 n\u00e1stroje:<\/td>\n<td width=\"50.0%\">\u00c1no<\/td>\n<td class=\"attrLabels\"><\/td>\n<td width=\"50.0%\"><\/td>\n<\/tr>\n<\/tbody>\n<\/table>\n<p>&nbsp;<\/p>\n<p>&nbsp;<\/p>","protected":false},"excerpt":{"rendered":"<h2>Profesion\u00e1lny v\u00fdrobn\u00edk na sufl\u00e9 a dvojit\u00e9 palacinky<\/h2>\n<p>The <strong>Dvojit\u00fd v\u00fdrobn\u00edk na sufl\u00e9 a palacinky<\/strong> Je to ide\u00e1lne zariadenie na pr\u00edpravu ak\u00e9hoko\u013evek druhu <strong>sufl\u00e9<\/strong> r\u00fdchlo a jednoducho. V\u010faka svojmu v\u0161estrann\u00e9mu a funk\u010dn\u00e9mu dizajnu v\u00e1m umo\u017en\u00ed vari\u0165 <strong>sladk\u00e9 sufl\u00e9<\/strong> a <strong>slan\u00e9 sufl\u00e9<\/strong> s nad\u00fdchanou a \u013eahkou text\u00farou, ktor\u00e1 toto jedlo charakterizuje.<\/p>\n<p>Toto zariadenie je navrhnut\u00e9 tak, aby vytv\u00e1ralo \u0161irok\u00fa \u0161k\u00e1lu <strong>sladk\u00e9 sufl\u00e9<\/strong> ako on <strong>\u010dokol\u00e1dov\u00e9 sufl\u00e9<\/strong> Pre milovn\u00edkov kakaa je <strong>vanilkov\u00e9 sufl\u00e9<\/strong> s jemn\u00fdm a klasick\u00fdm n\u00e1dychom alebo osvie\u017euj\u00facim <strong>citr\u00f3nov\u00e9 sufl\u00e9<\/strong> na \u013eahk\u00fd dezert. M\u00f4\u017eete tie\u017e presk\u00fama\u0165 inovat\u00edvnej\u0161ie mo\u017enosti ako napr <strong>ovocn\u00e9 sufle<\/strong> s kombin\u00e1ciami ako <strong>jahody, broskyne alebo jablk\u00e1<\/strong>.<\/p>\n<p>\u010co sa t\u00fdka mo\u017enost\u00ed <strong>slan\u00e9 sufl\u00e9<\/strong>, je ide\u00e1lny na pr\u00edpravu klasiky <strong>syrov\u00e9 sufl\u00e9<\/strong> so zmesou syrov Gruy\u00e8re alebo \u010dedar, vynikaj\u00face <strong>souffl\u00e9 so \u0161unkou a \u0161pen\u00e1tom<\/strong> pre kompletn\u00e9 jedlo, alebo dokonca rafinovan\u00e9 <strong>rybie sufle<\/strong> pre t\u00fdch, ktor\u00ed h\u013eadaj\u00fa \u013eahk\u00e9 a v\u00fd\u017eivn\u00e9 hlavn\u00e9 jedlo. Ak m\u00e1te radi zeleninu, <strong>\u0161pen\u00e1tov\u00e9 sufl\u00e9<\/strong> alebo <strong>brokolica a syrov\u00e9 sufl\u00e9<\/strong> S\u00fa tie\u017e v\u00fdbornou alternat\u00edvou.<\/p>\n<p>V\u010faka v\u00e1\u0161mu <strong>dvojit\u00e1 priehradka<\/strong>, m\u00f4\u017eete pripravi\u0165 dve jedl\u00e1 s\u00fa\u010dasne, \u010di u\u017e ide o a <strong>sladk\u00e9 sufl\u00e9<\/strong> na dezert alebo a <strong>slan\u00e9 sufl\u00e9<\/strong> ako predjedlo alebo hlavn\u00e9 jedlo, ktor\u00e9 sa prisp\u00f4sob\u00ed v\u0161etk\u00fdm kulin\u00e1rskym preferenci\u00e1m va\u0161ej rodiny alebo host\u00ed.<\/p>","protected":false},"featured_media":879,"comment_status":"open","ping_status":"closed","template":"","meta":{"wds_primary_product_brand":0,"wds_primary_product_cat":0},"product_brand":[],"product_cat":[51],"product_tag":[],"class_list":{"0":"post-872","1":"product","2":"type-product","3":"status-publish","4":"has-post-thumbnail","6":"product_cat-gofreras-profesionales","7":"product_shipping_class-hosteleria","9":"first","10":"instock","11":"taxable","12":"shipping-taxable","13":"purchasable","14":"product-type-simple"},"yoast_head":"<!-- This site is optimized with the Yoast SEO Premium plugin v24.9 (Yoast SEO v26.1) - https:\/\/yoast.com\/wordpress\/plugins\/seo\/ -->\n<title>M\u00e1quina de panqueques souffl\u00e9 doble - distribuci\u00f3n ARC<\/title>\n<meta name=\"robots\" content=\"index, follow, max-snippet:-1, max-image-preview:large, max-video-preview:-1\" \/>\n<link rel=\"canonical\" href=\"https:\/\/distribucionarc.com\/sk\/produktov\/dvojity-sufle-stroj-na-palacinky\/\" \/>\n<meta property=\"og:locale\" content=\"sk_SK\" \/>\n<meta property=\"og:type\" content=\"article\" \/>\n<meta property=\"og:title\" content=\"M\u00e1quina de panqueques souffl\u00e9 doble\" \/>\n<meta property=\"og:description\" content=\"M\u00e1quina de hacer Souffl\u00e9 Profesional y Panqueques Doble La M\u00e1quina de hacer souffl\u00e9 y panqueques doble es el aparato ideal para preparar cualquier tipo de souffl\u00e9 de manera r\u00e1pida y sencilla. Con su dise\u00f1o vers\u00e1til y funcional, permite cocinar souffl\u00e9s dulces y souffl\u00e9s salados con la textura esponjosa y ligera que caracteriza a este plato.  Este equipo est\u00e1 dise\u00f1ado para crear una amplia variedad de souffl\u00e9s dulces como el souffl\u00e9 de chocolate para los amantes del cacao, el souffl\u00e9 de vainilla con un toque suave y cl\u00e1sico, o el refrescante souffl\u00e9 de lim\u00f3n para un postre ligero. Tambi\u00e9n puedes explorar opciones m\u00e1s innovadoras como el souffl\u00e9 de frutas con combinaciones como fresas, duraznos o manzanas.  En cuanto a las opciones de souffl\u00e9s salados, es perfecta para preparar el cl\u00e1sico souffl\u00e9 de queso con una mezcla de quesos gruy\u00e8re o cheddar, el delicioso souffl\u00e9 de jam\u00f3n y espinacas para una comida completa, o incluso el refinado souffl\u00e9 de pescado para quienes buscan un plato principal ligero y nutritivo. Si te gustan los vegetales, el souffl\u00e9 de espinacas o el souffl\u00e9 de br\u00f3coli y queso tambi\u00e9n son excelentes alternativas.  Gracias a su doble compartimiento, puedes preparar dos platos al mismo tiempo, ya sea un souffl\u00e9 dulce para el postre o un souffl\u00e9 salado como entrada o plato principal, adapt\u00e1ndose a todas las preferencias culinarias de tu familia o invitados.\" \/>\n<meta property=\"og:url\" content=\"https:\/\/distribucionarc.com\/sk\/produktov\/dvojity-sufle-stroj-na-palacinky\/\" \/>\n<meta property=\"og:site_name\" content=\"distribuci\u00f3n ARC\" \/>\n<meta property=\"article:modified_time\" content=\"2024-09-05T13:42:32+00:00\" \/>\n<meta property=\"og:image\" content=\"https:\/\/distribucionarc.com\/wp-content\/uploads\/2020\/07\/M\u00e1quina-de-panqueques-Souffl\u00e9-doble-0.jpg\" \/>\n\t<meta property=\"og:image:width\" content=\"1600\" \/>\n\t<meta property=\"og:image:height\" content=\"1600\" \/>\n\t<meta property=\"og:image:type\" content=\"image\/jpeg\" \/>\n<meta name=\"twitter:card\" content=\"summary_large_image\" \/>\n<meta name=\"twitter:label1\" content=\"Predpokladan\u00fd \u010das \u010d\u00edtania\" \/>\n\t<meta name=\"twitter:data1\" content=\"2 min\u00faty\" \/>\n<script type=\"application\/ld+json\" class=\"yoast-schema-graph\">{\"@context\":\"https:\/\/schema.org\",\"@graph\":[{\"@type\":\"WebPage\",\"@id\":\"https:\/\/distribucionarc.com\/ro\/producto\/maquina-de-panqueques-souffle-doble\/\",\"url\":\"https:\/\/distribucionarc.com\/ro\/producto\/maquina-de-panqueques-souffle-doble\/\",\"name\":\"M\u00e1quina de panqueques souffl\u00e9 doble - distribuci\u00f3n ARC\",\"isPartOf\":{\"@id\":\"https:\/\/www.distribucionarc.com\/sl\/#website\"},\"primaryImageOfPage\":{\"@id\":\"https:\/\/distribucionarc.com\/ro\/producto\/maquina-de-panqueques-souffle-doble\/#primaryimage\"},\"image\":{\"@id\":\"https:\/\/distribucionarc.com\/ro\/producto\/maquina-de-panqueques-souffle-doble\/#primaryimage\"},\"thumbnailUrl\":\"https:\/\/distribucionarc.com\/wp-content\/uploads\/2020\/07\/M\u00e1quina-de-panqueques-Souffl\u00e9-doble-0.jpg\",\"datePublished\":\"2020-07-14T12:32:47+00:00\",\"dateModified\":\"2024-09-05T13:42:32+00:00\",\"breadcrumb\":{\"@id\":\"https:\/\/distribucionarc.com\/ro\/producto\/maquina-de-panqueques-souffle-doble\/#breadcrumb\"},\"inLanguage\":\"sk-SK\",\"potentialAction\":[{\"@type\":\"ReadAction\",\"target\":[\"https:\/\/distribucionarc.com\/ro\/producto\/maquina-de-panqueques-souffle-doble\/\"]}]},{\"@type\":\"ImageObject\",\"inLanguage\":\"sk-SK\",\"@id\":\"https:\/\/distribucionarc.com\/ro\/producto\/maquina-de-panqueques-souffle-doble\/#primaryimage\",\"url\":\"https:\/\/distribucionarc.com\/wp-content\/uploads\/2020\/07\/M\u00e1quina-de-panqueques-Souffl\u00e9-doble-0.jpg\",\"contentUrl\":\"https:\/\/distribucionarc.com\/wp-content\/uploads\/2020\/07\/M\u00e1quina-de-panqueques-Souffl\u00e9-doble-0.jpg\",\"width\":1600,\"height\":1600,\"caption\":\"M\u00e1quina de panqueques souffl\u00e9 doble\"},{\"@type\":\"BreadcrumbList\",\"@id\":\"https:\/\/distribucionarc.com\/ro\/producto\/maquina-de-panqueques-souffle-doble\/#breadcrumb\",\"itemListElement\":[{\"@type\":\"ListItem\",\"position\":1,\"name\":\"Portada\",\"item\":\"https:\/\/www.distribucionarc.com\/\"},{\"@type\":\"ListItem\",\"position\":2,\"name\":\"\u00dcr\u00fcnler\",\"item\":\"https:\/\/www.distribucionarc.com\/tr\/magaza\/\"},{\"@type\":\"ListItem\",\"position\":3,\"name\":\"M\u00e1quina de panqueques souffl\u00e9 doble\"}]},{\"@type\":\"WebSite\",\"@id\":\"https:\/\/www.distribucionarc.com\/sl\/#website\",\"url\":\"https:\/\/www.distribucionarc.com\/sl\/\",\"name\":\"distribuci\u00f3n ARC\",\"description\":\"Empresa especializada en la fabricaci\u00f3n y distribuci\u00f3n de maquinaria industrial, selladoras de latas, Maquinas de hacer pastillas, Maquinas de cortar carne...\",\"publisher\":{\"@id\":\"https:\/\/www.distribucionarc.com\/sl\/#organization\"},\"potentialAction\":[{\"@type\":\"SearchAction\",\"target\":{\"@type\":\"EntryPoint\",\"urlTemplate\":\"https:\/\/www.distribucionarc.com\/sl\/?s={search_term_string}\"},\"query-input\":{\"@type\":\"PropertyValueSpecification\",\"valueRequired\":true,\"valueName\":\"search_term_string\"}}],\"inLanguage\":\"sk-SK\"},{\"@type\":\"Organization\",\"@id\":\"https:\/\/www.distribucionarc.com\/sl\/#organization\",\"name\":\"Distribuci\u00f3n ARC\",\"url\":\"https:\/\/www.distribucionarc.com\/sl\/\",\"logo\":{\"@type\":\"ImageObject\",\"inLanguage\":\"sk-SK\",\"@id\":\"https:\/\/www.distribucionarc.com\/sl\/#\/schema\/logo\/image\/\",\"url\":\"https:\/\/distribucionarc.com\/wp-content\/uploads\/2024\/10\/distribucion-ARC-COLOR-SIN-FONDO-e1732295305345.png\",\"contentUrl\":\"https:\/\/distribucionarc.com\/wp-content\/uploads\/2024\/10\/distribucion-ARC-COLOR-SIN-FONDO-e1732295305345.png\",\"width\":1164,\"height\":558,\"caption\":\"Distribuci\u00f3n ARC\"},\"image\":{\"@id\":\"https:\/\/www.distribucionarc.com\/sl\/#\/schema\/logo\/image\/\"},\"description\":\"Empresa especializada en la fabricaci\u00f3n y distribuci\u00f3n de maquinaria industrial para los sectores alimentario y farmac\u00e9utico. Nos especializamos en: M\u00e1quinas de cortar carne Fabricaci\u00f3n de comprimidos Sistemas de transporte industrial L\u00edneas de embotellado Dosificadores Y mucho m\u00e1s... Ofrecemos soluciones innovadoras y personalizadas para optimizar los procesos productivos de tu empresa.\",\"email\":\"Admistracion@distribucionarc.com\",\"telephone\":\"+34 643496664\",\"legalName\":\"ARC TECH SOLUTIONS\",\"foundingDate\":\"2024-04-09\",\"vatID\":\"B55480172\",\"numberOfEmployees\":{\"@type\":\"QuantitativeValue\",\"minValue\":\"1\",\"maxValue\":\"10\"}}]}<\/script>\n<!-- \/ Yoast SEO Premium plugin. -->","yoast_head_json":{"title":"Dvojit\u00fd stroj na palacinky na sufl\u00e9 - ARC rozvod","robots":{"index":"index","follow":"follow","max-snippet":"max-snippet:-1","max-image-preview":"max-image-preview:large","max-video-preview":"max-video-preview:-1"},"canonical":"https:\/\/distribucionarc.com\/sk\/produktov\/dvojity-sufle-stroj-na-palacinky\/","og_locale":"sk_SK","og_type":"article","og_title":"M\u00e1quina de panqueques souffl\u00e9 doble","og_description":"M\u00e1quina de hacer Souffl\u00e9 Profesional y Panqueques Doble La M\u00e1quina de hacer souffl\u00e9 y panqueques doble es el aparato ideal para preparar cualquier tipo de souffl\u00e9 de manera r\u00e1pida y sencilla. Con su dise\u00f1o vers\u00e1til y funcional, permite cocinar souffl\u00e9s dulces y souffl\u00e9s salados con la textura esponjosa y ligera que caracteriza a este plato.  Este equipo est\u00e1 dise\u00f1ado para crear una amplia variedad de souffl\u00e9s dulces como el souffl\u00e9 de chocolate para los amantes del cacao, el souffl\u00e9 de vainilla con un toque suave y cl\u00e1sico, o el refrescante souffl\u00e9 de lim\u00f3n para un postre ligero. Tambi\u00e9n puedes explorar opciones m\u00e1s innovadoras como el souffl\u00e9 de frutas con combinaciones como fresas, duraznos o manzanas.  En cuanto a las opciones de souffl\u00e9s salados, es perfecta para preparar el cl\u00e1sico souffl\u00e9 de queso con una mezcla de quesos gruy\u00e8re o cheddar, el delicioso souffl\u00e9 de jam\u00f3n y espinacas para una comida completa, o incluso el refinado souffl\u00e9 de pescado para quienes buscan un plato principal ligero y nutritivo. Si te gustan los vegetales, el souffl\u00e9 de espinacas o el souffl\u00e9 de br\u00f3coli y queso tambi\u00e9n son excelentes alternativas.  Gracias a su doble compartimiento, puedes preparar dos platos al mismo tiempo, ya sea un souffl\u00e9 dulce para el postre o un souffl\u00e9 salado como entrada o plato principal, adapt\u00e1ndose a todas las preferencias culinarias de tu familia o invitados.","og_url":"https:\/\/distribucionarc.com\/sk\/produktov\/dvojity-sufle-stroj-na-palacinky\/","og_site_name":"distribuci\u00f3n ARC","article_modified_time":"2024-09-05T13:42:32+00:00","og_image":[{"width":1600,"height":1600,"url":"https:\/\/distribucionarc.com\/wp-content\/uploads\/2020\/07\/M\u00e1quina-de-panqueques-Souffl\u00e9-doble-0.jpg","type":"image\/jpeg"}],"twitter_card":"summary_large_image","twitter_misc":{"Predpokladan\u00fd \u010das \u010d\u00edtania":"2 min\u00faty"},"schema":{"@context":"https:\/\/schema.org","@graph":[{"@type":"WebPage","@id":"https:\/\/distribucionarc.com\/ro\/producto\/maquina-de-panqueques-souffle-doble\/","url":"https:\/\/distribucionarc.com\/ro\/producto\/maquina-de-panqueques-souffle-doble\/","name":"Dvojit\u00fd stroj na palacinky na sufl\u00e9 - ARC rozvod","isPartOf":{"@id":"https:\/\/www.distribucionarc.com\/sl\/#website"},"primaryImageOfPage":{"@id":"https:\/\/distribucionarc.com\/ro\/producto\/maquina-de-panqueques-souffle-doble\/#primaryimage"},"image":{"@id":"https:\/\/distribucionarc.com\/ro\/producto\/maquina-de-panqueques-souffle-doble\/#primaryimage"},"thumbnailUrl":"https:\/\/distribucionarc.com\/wp-content\/uploads\/2020\/07\/M\u00e1quina-de-panqueques-Souffl\u00e9-doble-0.jpg","datePublished":"2020-07-14T12:32:47+00:00","dateModified":"2024-09-05T13:42:32+00:00","breadcrumb":{"@id":"https:\/\/distribucionarc.com\/ro\/producto\/maquina-de-panqueques-souffle-doble\/#breadcrumb"},"inLanguage":"sk-SK","potentialAction":[{"@type":"ReadAction","target":["https:\/\/distribucionarc.com\/ro\/producto\/maquina-de-panqueques-souffle-doble\/"]}]},{"@type":"ImageObject","inLanguage":"sk-SK","@id":"https:\/\/distribucionarc.com\/ro\/producto\/maquina-de-panqueques-souffle-doble\/#primaryimage","url":"https:\/\/distribucionarc.com\/wp-content\/uploads\/2020\/07\/M\u00e1quina-de-panqueques-Souffl\u00e9-doble-0.jpg","contentUrl":"https:\/\/distribucionarc.com\/wp-content\/uploads\/2020\/07\/M\u00e1quina-de-panqueques-Souffl\u00e9-doble-0.jpg","width":1600,"height":1600,"caption":"M\u00e1quina de panqueques souffl\u00e9 doble"},{"@type":"BreadcrumbList","@id":"https:\/\/distribucionarc.com\/ro\/producto\/maquina-de-panqueques-souffle-doble\/#breadcrumb","itemListElement":[{"@type":"ListItem","position":1,"name":"Portada","item":"https:\/\/www.distribucionarc.com\/"},{"@type":"ListItem","position":2,"name":"\u00dcr\u00fcnler","item":"https:\/\/www.distribucionarc.com\/tr\/magaza\/"},{"@type":"ListItem","position":3,"name":"M\u00e1quina de panqueques souffl\u00e9 doble"}]},{"@type":"WebSite","@id":"https:\/\/www.distribucionarc.com\/sl\/#website","url":"https:\/\/www.distribucionarc.com\/sl\/","name":"ARC distrib\u00facia","description":"Spolo\u010dnos\u0165 sa \u0161pecializuje na v\u00fdrobu a distrib\u00faciu priemyseln\u00fdch strojov, strojov na uzatv\u00e1ranie plechoviek, strojov na v\u00fdrobu tabliet, strojov na porciovanie m\u00e4sa...","publisher":{"@id":"https:\/\/www.distribucionarc.com\/sl\/#organization"},"potentialAction":[{"@type":"SearchAction","target":{"@type":"EntryPoint","urlTemplate":"https:\/\/www.distribucionarc.com\/sl\/?s={search_term_string}"},"query-input":{"@type":"PropertyValueSpecification","valueRequired":true,"valueName":"search_term_string"}}],"inLanguage":"sk-SK"},{"@type":"Organization","@id":"https:\/\/www.distribucionarc.com\/sl\/#organization","name":"Distrib\u00facia ARC","url":"https:\/\/www.distribucionarc.com\/sl\/","logo":{"@type":"ImageObject","inLanguage":"sk-SK","@id":"https:\/\/www.distribucionarc.com\/sl\/#\/schema\/logo\/image\/","url":"https:\/\/distribucionarc.com\/wp-content\/uploads\/2024\/10\/distribucion-ARC-COLOR-SIN-FONDO-e1732295305345.png","contentUrl":"https:\/\/distribucionarc.com\/wp-content\/uploads\/2024\/10\/distribucion-ARC-COLOR-SIN-FONDO-e1732295305345.png","width":1164,"height":558,"caption":"Distribuci\u00f3n ARC"},"image":{"@id":"https:\/\/www.distribucionarc.com\/sl\/#\/schema\/logo\/image\/"},"description":"Spolo\u010dnos\u0165 \u0161pecializuj\u00faca sa na v\u00fdrobu a distrib\u00faciu priemyseln\u00fdch strojov pre potravin\u00e1rsky a farmaceutick\u00fd sektor. \u0160pecializujeme sa na: Stroje na kr\u00e1janie m\u00e4sa V\u00fdroba tabliet Priemyseln\u00e9 dopravn\u00e9 syst\u00e9my D\u00e1vkova\u010de na f\u013ea\u0161e A ove\u013ea viac... Pon\u00fakame inovat\u00edvne a prisp\u00f4soben\u00e9 rie\u0161enia na optimaliz\u00e1ciu v\u00fdrobn\u00fdch procesov va\u0161ej spolo\u010dnosti.","email":"Admistracion@distribucionarc.com","telephone":"+34 643496664","legalName":"ARC TECH SOLUTIONS","foundingDate":"2024-04-09","vatID":"B55480172","numberOfEmployees":{"@type":"QuantitativeValue","minValue":"1","maxValue":"10"}}]}},"_links":{"self":[{"href":"https:\/\/distribucionarc.com\/sk\/wp-json\/wp\/v2\/product\/872","targetHints":{"allow":["GET"]}}],"collection":[{"href":"https:\/\/distribucionarc.com\/sk\/wp-json\/wp\/v2\/product"}],"about":[{"href":"https:\/\/distribucionarc.com\/sk\/wp-json\/wp\/v2\/types\/product"}],"replies":[{"embeddable":true,"href":"https:\/\/distribucionarc.com\/sk\/wp-json\/wp\/v2\/comments?post=872"}],"version-history":[{"count":0,"href":"https:\/\/distribucionarc.com\/sk\/wp-json\/wp\/v2\/product\/872\/revisions"}],"wp:featuredmedia":[{"embeddable":true,"href":"https:\/\/distribucionarc.com\/sk\/wp-json\/wp\/v2\/media\/879"}],"wp:attachment":[{"href":"https:\/\/distribucionarc.com\/sk\/wp-json\/wp\/v2\/media?parent=872"}],"wp:term":[{"taxonomy":"product_brand","embeddable":true,"href":"https:\/\/distribucionarc.com\/sk\/wp-json\/wp\/v2\/product_brand?post=872"},{"taxonomy":"product_cat","embeddable":true,"href":"https:\/\/distribucionarc.com\/sk\/wp-json\/wp\/v2\/product_cat?post=872"},{"taxonomy":"product_tag","embeddable":true,"href":"https:\/\/distribucionarc.com\/sk\/wp-json\/wp\/v2\/product_tag?post=872"}],"curies":[{"name":"pracovn\u00fd list","href":"https:\/\/api.w.org\/{rel}","templated":true}]}}