{"id":983,"date":"2020-07-15T15:30:51","date_gmt":"2020-07-15T15:30:51","guid":{"rendered":"https:\/\/distribucionarc.com\/?post_type=product&#038;p=983"},"modified":"2024-09-05T17:41:15","modified_gmt":"2024-09-05T17:41:15","slug":"vaflovac-profesional-dvojity","status":"publish","type":"product","link":"https:\/\/distribucionarc.com\/sk\/producto\/gofrera-profesional-doble\/","title":{"rendered":"Dvojit\u00fd profesion\u00e1lny vaflova\u010d"},"content":{"rendered":"<h3>Dvojit\u00fd profesion\u00e1lny vaflova\u010d<\/h3>\n<p>The <strong>Dvojit\u00fd profesion\u00e1lny vaflova\u010d<\/strong> z <strong><span style=\"color: #ff0000;\">TO<\/span><span style=\"color: #0000ff;\">R<\/span>c<\/strong>, prij\u00edma dizajn s dvojitou hlavou, v\u010faka \u010domu je proces varenia z <strong>vafle<\/strong> by\u0165 efekt\u00edvnej\u0161\u00ed a ziskovej\u0161\u00ed. Dostato\u010dn\u00fd v\u00fdkon 1000 W na ka\u017ed\u00fa formu poskytuje 360-stup\u0148ov\u00e9 nepretr\u017eit\u00e9 zahrievanie a lep\u0161\u00ed z\u00e1\u017eitok z pe\u010denia. Tie\u017e prispievaj\u00fa e\u0161te viac<span style=\"color: #008000;\"><strong>efekt\u00edvny energetick\u00fd v\u00fdkon<\/strong><\/span> z <strong>profesion\u00e1lny vaflova\u010d<\/strong>.<\/p>\n<p>Ka\u017ed\u00e1 hlavica sa ovl\u00e1da nez\u00e1visle pomocou hladk\u00fdch gomb\u00edkov. Teplota sa pohybuje medzi 50 a 300 \u00b0C s LED svetlom, ktor\u00e9 zobrazuje prev\u00e1dzkov\u00fd stav. The <strong>profesion\u00e1lny vaflova\u010d <span style=\"color: #ff0000;\">TO<\/span><span style=\"color: #0000ff;\">R<\/span>CMGE1<\/strong> M\u00e1 presn\u00fd \u010dasova\u010d na maxim\u00e1lne 5 min\u00fat s jasn\u00fdm a melodick\u00fdm alarmom, ke\u010f s\u00fa vafle hotov\u00e9.<\/p>\n<p>Ka\u017ed\u00e1 hlava <strong>profesion\u00e1lny vaflova\u010d<\/strong> Prij\u00edma dve formy (horn\u00fa a doln\u00fa). Spolu tvoria chutn\u00e9 vafle. Obe formy v\u00e1m zabezpe\u010dia rovnomern\u00fd ohrev. Varn\u00fd povrch potiahnut\u00fd tefl\u00f3nom je nepri\u013enav\u00fd a umo\u017e\u0148uje jednoduch\u00e9 \u010distenie stroja. <strong>vafle<\/strong>.<\/p>\n<p>Zosilnen\u00e1 zadn\u00e1 podpera sp\u00e1ja formu s <strong>stroj na vafle<\/strong>, predn\u00e1 podpera m\u00e1 stabiln\u00fa trojuholn\u00edkov\u00fa \u0161trukt\u00faru. Tak\u00fdto dizajn zvy\u0161uje \u00farove\u0148 bezpe\u010dnosti, je odolnej\u0161\u00ed a rob\u00ed ho<strong> vaflova\u010d <span style=\"color: #ff0000;\">TO<\/span><span style=\"color: #0000ff;\">R<\/span>CMGE1<\/strong> Z\u00edskajte funk\u010dn\u00fd dizajn, ktor\u00fd je z\u00e1rove\u0148 esteticky elegantn\u00fd. Hrub\u00e1 sada rukov\u00e4te z nehrdzavej\u00facej ocele pre \u013eahk\u00e9 uchopenie a pou\u017e\u00edvanie bez n\u00e1mahy. Pou\u017eitie materi\u00e1lu s dobr\u00fdm odvodom tepla zais\u0165uje, \u017ee jeho teplota nie je pr\u00edli\u0161 vysok\u00e1. Chr\u00e1ni u\u017e\u00edvate\u013ea pred pop\u00e1len\u00edm.<\/p>\n<p>S <strong>Profesion\u00e1lny vaflova\u010d<\/strong> z <strong><span style=\"color: #ff0000;\">TO<span style=\"color: #0000ff;\">R<\/span><\/span>c<\/strong> dostanete nejak\u00e9 <strong>Vafle<\/strong> okr\u00fahle, s m\u00e4kk\u00fdm vn\u00fatrom a svie\u017eim exteri\u00e9rom s nekone\u010dnou dochu\u0165ou. \u010cokol\u00e1da, sladkosti a in\u00e9 ozdoby m\u00f4\u017eu by\u0165 pridan\u00e9 vo\u013ene, aby sa pridala chu\u0165.<\/p>\n<p>&nbsp;<\/p>\n<h6><strong>Z\u00e1ruka\u00a0<span style=\"color: #ff0000;\">TO<\/span><span style=\"color: #0000ff;\">R<\/span>C 2 ROKY<\/strong><\/h6>\n<h6><span style=\"color: #008000;\">Dvojit\u00fd profesion\u00e1lny vaflova\u010d, n\u00edzka spotreba 1000w<\/span><\/h6>\n<h6><strong>vr\u00e1tane technickej podpory.<\/strong><\/h6>\n<p>&nbsp;<\/p>\n<p>&nbsp;<\/p>\n<table role=\"presentation\" width=\"100%\" cellspacing=\"0\" cellpadding=\"0\">\n<tbody>\n<tr>\n<td class=\"attrLabels\">teplota:<\/td>\n<td width=\"50.0%\">50-300\u00baC<\/td>\n<\/tr>\n<tr>\n<td class=\"attrLabels\">Krajina distrib\u00facie:<\/td>\n<td width=\"50.0%\">\u0160panielsko, Nemecko, USA<\/td>\n<td class=\"attrLabels\">Hmotnos\u0165:<\/td>\n<td width=\"50.0%\">18,5 kg<\/td>\n<\/tr>\n<tr>\n<td class=\"attrLabels\">Zna\u010dka:<\/td>\n<td width=\"50.0%\">ARC<\/td>\n<td class=\"attrLabels\">v\u00fd\u0161ka:<\/td>\n<td width=\"50.0%\">45 cm<\/td>\n<\/tr>\n<tr>\n<td class=\"attrLabels\">Farba:<\/td>\n<td width=\"50.0%\">Strieborn\u00e1<\/td>\n<td class=\"attrLabels\">Dlh\u00e9:<\/td>\n<td width=\"50.0%\">62 cm<\/td>\n<\/tr>\n<tr>\n<td class=\"attrLabels\">Typ produktu:<\/td>\n<td width=\"50.0%\">Dvojit\u00fd profesion\u00e1lny vaflova\u010d<\/td>\n<td class=\"attrLabels\">\u0160irok\u00e1:<\/td>\n<td width=\"50.0%\">35 cm<\/td>\n<\/tr>\n<tr>\n<td class=\"attrLabels\">\u010c\u00edslo v\u00fdrobcu:<\/td>\n<td width=\"50.0%\">ARCMGE1<\/td>\n<td class=\"attrLabels\">V\u00fdkon:<\/td>\n<td width=\"50.0%\">1000 W<\/td>\n<\/tr>\n<tr>\n<td class=\"attrLabels\">Materi\u00e1l:<\/td>\n<td width=\"50.0%\">nerezov\u00e1 oce\u013e, tefl\u00f3nov\u00e1 doska, regul\u00e1cia teploty<\/td>\n<td class=\"attrLabels\">vstupn\u00e9 nap\u00e4tie<\/td>\n<td width=\"50.0%\">220V \u2013 60Hz<\/td>\n<\/tr>\n<tr>\n<td class=\"attrLabels\">Ve\u013ekos\u0165 vafle:<\/td>\n<td width=\"50.0%\">\u00a018 cm priemer<\/td>\n<td class=\"attrLabels\">Z\u00e1ruka:<\/td>\n<td width=\"50.0%\">2 ROKY<\/td>\n<\/tr>\n<tr>\n<td class=\"attrLabels\">In\u0161tala\u010dn\u00e9 n\u00e1stroje:<\/td>\n<td width=\"50.0%\">\u00c1no<\/td>\n<td class=\"attrLabels\">V\u00fdroba:<\/td>\n<td width=\"50.0%\">2 kusy<\/td>\n<\/tr>\n<\/tbody>\n<\/table>","protected":false},"excerpt":{"rendered":"<div class=\"flex-shrink-0 flex flex-col relative items-end\">\n<div>\n<div class=\"pt-0\">\n<div class=\"gizmo-bot-avatar flex h-8 w-8 items-center justify-center overflow-hidden rounded-full\"><\/div>\n<\/div>\n<\/div>\n<\/div>\n<div class=\"group\/conversation-turn relative flex w-full min-w-0 flex-col agent-turn\">\n<div class=\"flex-col gap-1 md:gap-3\">\n<div class=\"flex max-w-full flex-col flex-grow\">\n<div class=\"min-h-[20px] text-message flex w-full flex-col items-end gap-2 break-words [.text-message+&amp;]:mt-5 overflow-x-auto whitespace-normal\" dir=\"auto\" data-message-author-role=\"assistant\" data-message-id=\"feda014c-c5d2-4115-8ea5-ca39a495231a\">\n<div class=\"flex w-full flex-col gap-1 empty:hidden first:pt-[3px]\">\n<div class=\"markdown prose w-full break-words dark:prose-invert light\">\n<p>&nbsp;<\/p>\n<h2><strong>M\u00e1quina para hacer gofres doble profesional el\u00e9ctrica \u2013 1200W<\/strong><\/h2>\n<p>La <strong>m\u00e1quina para hacer gofres doble profesional el\u00e9ctrica<\/strong> es la herramienta perfecta para aquellos negocios que buscan ofrecer productos de alta calidad de manera eficiente. Con una potencia de <strong>1200 vatios (W)<\/strong>, esta gofrera permite preparar gofres de manera r\u00e1pida y uniforme, garantizando un acabado dorado y crujiente.<\/p>\n<h3>Productos que puedes hacer con esta <strong>gofrera profesional<\/strong>:<\/h3>\n<ul>\n<li><strong>Gofres tradicionales<\/strong>: Crujientes por fuera y esponjosos por dentro, perfectos para servir con miel, chocolate o frutas.<\/li>\n<li><strong>Gofres belgas<\/strong>: De mayor tama\u00f1o y con una textura m\u00e1s ligera, ideales para postres gourmet.<\/li>\n<li><strong>Gofres salados<\/strong>: Como gofres de queso, espinacas o con jam\u00f3n, perfectos para desayunos o brunches.<\/li>\n<li><strong>Gofres de masa integral o sin gluten<\/strong>: Adaptados para diferentes necesidades diet\u00e9ticas, ideales para cafeter\u00edas y restaurantes con men\u00fas saludables.<\/li>\n<\/ul>\n<h3>Sectores donde puedes implementar esta <strong>gofrera doble profesional<\/strong>:<\/h3>\n<ul>\n<li><strong>Cafeter\u00edas<\/strong>: Ofrece gofres como parte de un men\u00fa variado de desayunos o meriendas.<\/li>\n<li><strong>Restaurantes<\/strong>: Ideal para crear postres personalizados y atractivos para los comensales.<\/li>\n<li><strong>Food trucks<\/strong>: Perfecta para preparar gofres frescos y calientes en eventos o ferias.<\/li>\n<li><strong>Pasteler\u00edas y panader\u00edas<\/strong>: A\u00f1ade gofres frescos a tu oferta de productos dulces.<\/li>\n<li><strong>Hoteles y buffets<\/strong>: La rapidez y eficiencia de esta <strong>gofrera el\u00e9ctrica<\/strong> te permite servir gofres calientes en el desayuno sin problemas.<\/li>\n<\/ul>\n<p>Gracias a su dise\u00f1o <strong>doble<\/strong>, esta m\u00e1quina permite preparar dos gofres al mismo tiempo, lo que maximiza la productividad en entornos comerciales. Su placa antiadherente facilita la limpieza, lo que la convierte en una herramienta imprescindible para cualquier negocio que quiera incorporar gofres en su men\u00fa.<\/p>\n<p>Si est\u00e1s buscando una <strong>gofrera profesional el\u00e9ctrica<\/strong> que combine potencia, eficiencia y durabilidad, esta m\u00e1quina de <strong>1200W<\/strong> es la elecci\u00f3n perfecta para cualquier negocio que busque ofrecer productos de calidad de forma r\u00e1pida y consistente.<\/p>\n<\/div>\n<\/div>\n<\/div>\n<\/div>\n<\/div>\n<\/div>\n","protected":false},"featured_media":992,"comment_status":"open","ping_status":"closed","template":"","meta":{"wds_primary_product_brand":0,"wds_primary_product_cat":0},"product_brand":[],"product_cat":[51],"product_tag":[],"class_list":{"0":"post-983","1":"product","2":"type-product","3":"status-publish","4":"has-post-thumbnail","6":"product_cat-gofreras-profesionales","8":"first","9":"instock","10":"taxable","11":"shipping-taxable","12":"purchasable","13":"product-type-simple"},"yoast_head":"<!-- This site is optimized with the Yoast SEO Premium plugin v24.9 (Yoast SEO v26.1) - https:\/\/yoast.com\/wordpress\/plugins\/seo\/ -->\n<title>Gofrera profesional doble - distribuci\u00f3n ARC<\/title>\n<meta name=\"robots\" content=\"index, follow, max-snippet:-1, max-image-preview:large, max-video-preview:-1\" \/>\n<link rel=\"canonical\" href=\"https:\/\/distribucionarc.com\/sk\/produktov\/vaflovac-profesional-dvojity\/\" \/>\n<meta property=\"og:locale\" content=\"sk_SK\" \/>\n<meta property=\"og:type\" content=\"article\" \/>\n<meta property=\"og:title\" content=\"Gofrera profesional doble\" \/>\n<meta property=\"og:description\" content=\"&nbsp; M\u00e1quina para hacer gofres doble profesional el\u00e9ctrica \u2013 1200W La m\u00e1quina para hacer gofres doble profesional el\u00e9ctrica es la herramienta perfecta para aquellos negocios que buscan ofrecer productos de alta calidad de manera eficiente. Con una potencia de 1200 vatios (W), esta gofrera permite preparar gofres de manera r\u00e1pida y uniforme, garantizando un acabado dorado y crujiente. Productos que puedes hacer con esta gofrera profesional:   Gofres tradicionales: Crujientes por fuera y esponjosos por dentro, perfectos para servir con miel, chocolate o frutas.  Gofres belgas: De mayor tama\u00f1o y con una textura m\u00e1s ligera, ideales para postres gourmet.  Gofres salados: Como gofres de queso, espinacas o con jam\u00f3n, perfectos para desayunos o brunches.  Gofres de masa integral o sin gluten: Adaptados para diferentes necesidades diet\u00e9ticas, ideales para cafeter\u00edas y restaurantes con men\u00fas saludables.  Sectores donde puedes implementar esta gofrera doble profesional:   Cafeter\u00edas: Ofrece gofres como parte de un men\u00fa variado de desayunos o meriendas.  Restaurantes: Ideal para crear postres personalizados y atractivos para los comensales.  Food trucks: Perfecta para preparar gofres frescos y calientes en eventos o ferias.  Pasteler\u00edas y panader\u00edas: A\u00f1ade gofres frescos a tu oferta de productos dulces.  Hoteles y buffets: La rapidez y eficiencia de esta gofrera el\u00e9ctrica te permite servir gofres calientes en el desayuno sin problemas.  Gracias a su dise\u00f1o doble, esta m\u00e1quina permite preparar dos gofres al mismo tiempo, lo que maximiza la productividad en entornos comerciales. Su placa antiadherente facilita la limpieza, lo que la convierte en una herramienta imprescindible para cualquier negocio que quiera incorporar gofres en su men\u00fa.  Si est\u00e1s buscando una gofrera profesional el\u00e9ctrica que combine potencia, eficiencia y durabilidad, esta m\u00e1quina de 1200W es la elecci\u00f3n perfecta para cualquier negocio que busque ofrecer productos de calidad de forma r\u00e1pida y consistente.\" \/>\n<meta property=\"og:url\" content=\"https:\/\/distribucionarc.com\/sk\/produktov\/vaflovac-profesional-dvojity\/\" \/>\n<meta property=\"og:site_name\" content=\"distribuci\u00f3n ARC\" \/>\n<meta property=\"article:modified_time\" content=\"2024-09-05T17:41:15+00:00\" \/>\n<meta property=\"og:image\" content=\"https:\/\/distribucionarc.com\/wp-content\/uploads\/2020\/07\/Gofrera-profesional-doble-0.jpg\" \/>\n\t<meta property=\"og:image:width\" content=\"1600\" \/>\n\t<meta property=\"og:image:height\" content=\"1600\" \/>\n\t<meta property=\"og:image:type\" content=\"image\/jpeg\" \/>\n<meta name=\"twitter:card\" content=\"summary_large_image\" \/>\n<meta name=\"twitter:label1\" content=\"Predpokladan\u00fd \u010das \u010d\u00edtania\" \/>\n\t<meta name=\"twitter:data1\" content=\"2 min\u00faty\" \/>\n<script type=\"application\/ld+json\" class=\"yoast-schema-graph\">{\"@context\":\"https:\/\/schema.org\",\"@graph\":[{\"@type\":\"WebPage\",\"@id\":\"https:\/\/distribucionarc.com\/pt\/producto\/gofrera-profesional-doble\/\",\"url\":\"https:\/\/distribucionarc.com\/pt\/producto\/gofrera-profesional-doble\/\",\"name\":\"Gofrera profesional doble - distribuci\u00f3n ARC\",\"isPartOf\":{\"@id\":\"https:\/\/www.distribucionarc.com\/sl\/#website\"},\"primaryImageOfPage\":{\"@id\":\"https:\/\/distribucionarc.com\/pt\/producto\/gofrera-profesional-doble\/#primaryimage\"},\"image\":{\"@id\":\"https:\/\/distribucionarc.com\/pt\/producto\/gofrera-profesional-doble\/#primaryimage\"},\"thumbnailUrl\":\"https:\/\/distribucionarc.com\/wp-content\/uploads\/2020\/07\/Gofrera-profesional-doble-0.jpg\",\"datePublished\":\"2020-07-15T15:30:51+00:00\",\"dateModified\":\"2024-09-05T17:41:15+00:00\",\"breadcrumb\":{\"@id\":\"https:\/\/distribucionarc.com\/pt\/producto\/gofrera-profesional-doble\/#breadcrumb\"},\"inLanguage\":\"sk-SK\",\"potentialAction\":[{\"@type\":\"ReadAction\",\"target\":[\"https:\/\/distribucionarc.com\/pt\/producto\/gofrera-profesional-doble\/\"]}]},{\"@type\":\"ImageObject\",\"inLanguage\":\"sk-SK\",\"@id\":\"https:\/\/distribucionarc.com\/pt\/producto\/gofrera-profesional-doble\/#primaryimage\",\"url\":\"https:\/\/distribucionarc.com\/wp-content\/uploads\/2020\/07\/Gofrera-profesional-doble-0.jpg\",\"contentUrl\":\"https:\/\/distribucionarc.com\/wp-content\/uploads\/2020\/07\/Gofrera-profesional-doble-0.jpg\",\"width\":1600,\"height\":1600,\"caption\":\"Gofrera profesional doble\"},{\"@type\":\"BreadcrumbList\",\"@id\":\"https:\/\/distribucionarc.com\/pt\/producto\/gofrera-profesional-doble\/#breadcrumb\",\"itemListElement\":[{\"@type\":\"ListItem\",\"position\":1,\"name\":\"Portada\",\"item\":\"https:\/\/www.distribucionarc.com\/\"},{\"@type\":\"ListItem\",\"position\":2,\"name\":\"\u00dcr\u00fcnler\",\"item\":\"https:\/\/www.distribucionarc.com\/tr\/magaza\/\"},{\"@type\":\"ListItem\",\"position\":3,\"name\":\"Gofrera profesional doble\"}]},{\"@type\":\"WebSite\",\"@id\":\"https:\/\/www.distribucionarc.com\/sl\/#website\",\"url\":\"https:\/\/www.distribucionarc.com\/sl\/\",\"name\":\"distribuci\u00f3n ARC\",\"description\":\"Empresa especializada en la fabricaci\u00f3n y distribuci\u00f3n de maquinaria industrial, selladoras de latas, Maquinas de hacer pastillas, Maquinas de cortar carne...\",\"publisher\":{\"@id\":\"https:\/\/www.distribucionarc.com\/sl\/#organization\"},\"potentialAction\":[{\"@type\":\"SearchAction\",\"target\":{\"@type\":\"EntryPoint\",\"urlTemplate\":\"https:\/\/www.distribucionarc.com\/sl\/?s={search_term_string}\"},\"query-input\":{\"@type\":\"PropertyValueSpecification\",\"valueRequired\":true,\"valueName\":\"search_term_string\"}}],\"inLanguage\":\"sk-SK\"},{\"@type\":\"Organization\",\"@id\":\"https:\/\/www.distribucionarc.com\/sl\/#organization\",\"name\":\"Distribuci\u00f3n ARC\",\"url\":\"https:\/\/www.distribucionarc.com\/sl\/\",\"logo\":{\"@type\":\"ImageObject\",\"inLanguage\":\"sk-SK\",\"@id\":\"https:\/\/www.distribucionarc.com\/sl\/#\/schema\/logo\/image\/\",\"url\":\"https:\/\/distribucionarc.com\/wp-content\/uploads\/2024\/10\/distribucion-ARC-COLOR-SIN-FONDO-e1732295305345.png\",\"contentUrl\":\"https:\/\/distribucionarc.com\/wp-content\/uploads\/2024\/10\/distribucion-ARC-COLOR-SIN-FONDO-e1732295305345.png\",\"width\":1164,\"height\":558,\"caption\":\"Distribuci\u00f3n ARC\"},\"image\":{\"@id\":\"https:\/\/www.distribucionarc.com\/sl\/#\/schema\/logo\/image\/\"},\"description\":\"Empresa especializada en la fabricaci\u00f3n y distribuci\u00f3n de maquinaria industrial para los sectores alimentario y farmac\u00e9utico. Nos especializamos en: M\u00e1quinas de cortar carne Fabricaci\u00f3n de comprimidos Sistemas de transporte industrial L\u00edneas de embotellado Dosificadores Y mucho m\u00e1s... Ofrecemos soluciones innovadoras y personalizadas para optimizar los procesos productivos de tu empresa.\",\"email\":\"Admistracion@distribucionarc.com\",\"telephone\":\"+34 643496664\",\"legalName\":\"ARC TECH SOLUTIONS\",\"foundingDate\":\"2024-04-09\",\"vatID\":\"B55480172\",\"numberOfEmployees\":{\"@type\":\"QuantitativeValue\",\"minValue\":\"1\",\"maxValue\":\"10\"}}]}<\/script>\n<!-- \/ Yoast SEO Premium plugin. -->","yoast_head_json":{"title":"Dvojit\u00fd profesion\u00e1lny vaflova\u010d - ARC rozvod","robots":{"index":"index","follow":"follow","max-snippet":"max-snippet:-1","max-image-preview":"max-image-preview:large","max-video-preview":"max-video-preview:-1"},"canonical":"https:\/\/distribucionarc.com\/sk\/produktov\/vaflovac-profesional-dvojity\/","og_locale":"sk_SK","og_type":"article","og_title":"Gofrera profesional doble","og_description":"&nbsp; M\u00e1quina para hacer gofres doble profesional el\u00e9ctrica \u2013 1200W La m\u00e1quina para hacer gofres doble profesional el\u00e9ctrica es la herramienta perfecta para aquellos negocios que buscan ofrecer productos de alta calidad de manera eficiente. Con una potencia de 1200 vatios (W), esta gofrera permite preparar gofres de manera r\u00e1pida y uniforme, garantizando un acabado dorado y crujiente. Productos que puedes hacer con esta gofrera profesional:   Gofres tradicionales: Crujientes por fuera y esponjosos por dentro, perfectos para servir con miel, chocolate o frutas.  Gofres belgas: De mayor tama\u00f1o y con una textura m\u00e1s ligera, ideales para postres gourmet.  Gofres salados: Como gofres de queso, espinacas o con jam\u00f3n, perfectos para desayunos o brunches.  Gofres de masa integral o sin gluten: Adaptados para diferentes necesidades diet\u00e9ticas, ideales para cafeter\u00edas y restaurantes con men\u00fas saludables.  Sectores donde puedes implementar esta gofrera doble profesional:   Cafeter\u00edas: Ofrece gofres como parte de un men\u00fa variado de desayunos o meriendas.  Restaurantes: Ideal para crear postres personalizados y atractivos para los comensales.  Food trucks: Perfecta para preparar gofres frescos y calientes en eventos o ferias.  Pasteler\u00edas y panader\u00edas: A\u00f1ade gofres frescos a tu oferta de productos dulces.  Hoteles y buffets: La rapidez y eficiencia de esta gofrera el\u00e9ctrica te permite servir gofres calientes en el desayuno sin problemas.  Gracias a su dise\u00f1o doble, esta m\u00e1quina permite preparar dos gofres al mismo tiempo, lo que maximiza la productividad en entornos comerciales. Su placa antiadherente facilita la limpieza, lo que la convierte en una herramienta imprescindible para cualquier negocio que quiera incorporar gofres en su men\u00fa.  Si est\u00e1s buscando una gofrera profesional el\u00e9ctrica que combine potencia, eficiencia y durabilidad, esta m\u00e1quina de 1200W es la elecci\u00f3n perfecta para cualquier negocio que busque ofrecer productos de calidad de forma r\u00e1pida y consistente.","og_url":"https:\/\/distribucionarc.com\/sk\/produktov\/vaflovac-profesional-dvojity\/","og_site_name":"distribuci\u00f3n ARC","article_modified_time":"2024-09-05T17:41:15+00:00","og_image":[{"width":1600,"height":1600,"url":"https:\/\/distribucionarc.com\/wp-content\/uploads\/2020\/07\/Gofrera-profesional-doble-0.jpg","type":"image\/jpeg"}],"twitter_card":"summary_large_image","twitter_misc":{"Predpokladan\u00fd \u010das \u010d\u00edtania":"2 min\u00faty"},"schema":{"@context":"https:\/\/schema.org","@graph":[{"@type":"WebPage","@id":"https:\/\/distribucionarc.com\/pt\/producto\/gofrera-profesional-doble\/","url":"https:\/\/distribucionarc.com\/pt\/producto\/gofrera-profesional-doble\/","name":"Dvojit\u00fd profesion\u00e1lny vaflova\u010d - ARC rozvod","isPartOf":{"@id":"https:\/\/www.distribucionarc.com\/sl\/#website"},"primaryImageOfPage":{"@id":"https:\/\/distribucionarc.com\/pt\/producto\/gofrera-profesional-doble\/#primaryimage"},"image":{"@id":"https:\/\/distribucionarc.com\/pt\/producto\/gofrera-profesional-doble\/#primaryimage"},"thumbnailUrl":"https:\/\/distribucionarc.com\/wp-content\/uploads\/2020\/07\/Gofrera-profesional-doble-0.jpg","datePublished":"2020-07-15T15:30:51+00:00","dateModified":"2024-09-05T17:41:15+00:00","breadcrumb":{"@id":"https:\/\/distribucionarc.com\/pt\/producto\/gofrera-profesional-doble\/#breadcrumb"},"inLanguage":"sk-SK","potentialAction":[{"@type":"ReadAction","target":["https:\/\/distribucionarc.com\/pt\/producto\/gofrera-profesional-doble\/"]}]},{"@type":"ImageObject","inLanguage":"sk-SK","@id":"https:\/\/distribucionarc.com\/pt\/producto\/gofrera-profesional-doble\/#primaryimage","url":"https:\/\/distribucionarc.com\/wp-content\/uploads\/2020\/07\/Gofrera-profesional-doble-0.jpg","contentUrl":"https:\/\/distribucionarc.com\/wp-content\/uploads\/2020\/07\/Gofrera-profesional-doble-0.jpg","width":1600,"height":1600,"caption":"Gofrera profesional doble"},{"@type":"BreadcrumbList","@id":"https:\/\/distribucionarc.com\/pt\/producto\/gofrera-profesional-doble\/#breadcrumb","itemListElement":[{"@type":"ListItem","position":1,"name":"Portada","item":"https:\/\/www.distribucionarc.com\/"},{"@type":"ListItem","position":2,"name":"\u00dcr\u00fcnler","item":"https:\/\/www.distribucionarc.com\/tr\/magaza\/"},{"@type":"ListItem","position":3,"name":"Gofrera profesional doble"}]},{"@type":"WebSite","@id":"https:\/\/www.distribucionarc.com\/sl\/#website","url":"https:\/\/www.distribucionarc.com\/sl\/","name":"ARC distrib\u00facia","description":"Spolo\u010dnos\u0165 sa \u0161pecializuje na v\u00fdrobu a distrib\u00faciu priemyseln\u00fdch strojov, strojov na uzatv\u00e1ranie plechoviek, strojov na v\u00fdrobu tabliet, strojov na porciovanie m\u00e4sa...","publisher":{"@id":"https:\/\/www.distribucionarc.com\/sl\/#organization"},"potentialAction":[{"@type":"SearchAction","target":{"@type":"EntryPoint","urlTemplate":"https:\/\/www.distribucionarc.com\/sl\/?s={search_term_string}"},"query-input":{"@type":"PropertyValueSpecification","valueRequired":true,"valueName":"search_term_string"}}],"inLanguage":"sk-SK"},{"@type":"Organization","@id":"https:\/\/www.distribucionarc.com\/sl\/#organization","name":"Distrib\u00facia ARC","url":"https:\/\/www.distribucionarc.com\/sl\/","logo":{"@type":"ImageObject","inLanguage":"sk-SK","@id":"https:\/\/www.distribucionarc.com\/sl\/#\/schema\/logo\/image\/","url":"https:\/\/distribucionarc.com\/wp-content\/uploads\/2024\/10\/distribucion-ARC-COLOR-SIN-FONDO-e1732295305345.png","contentUrl":"https:\/\/distribucionarc.com\/wp-content\/uploads\/2024\/10\/distribucion-ARC-COLOR-SIN-FONDO-e1732295305345.png","width":1164,"height":558,"caption":"Distribuci\u00f3n ARC"},"image":{"@id":"https:\/\/www.distribucionarc.com\/sl\/#\/schema\/logo\/image\/"},"description":"Spolo\u010dnos\u0165 \u0161pecializuj\u00faca sa na v\u00fdrobu a distrib\u00faciu priemyseln\u00fdch strojov pre potravin\u00e1rsky a farmaceutick\u00fd sektor. \u0160pecializujeme sa na: Stroje na kr\u00e1janie m\u00e4sa V\u00fdroba tabliet Priemyseln\u00e9 dopravn\u00e9 syst\u00e9my D\u00e1vkova\u010de na f\u013ea\u0161e A ove\u013ea viac... Pon\u00fakame inovat\u00edvne a prisp\u00f4soben\u00e9 rie\u0161enia na optimaliz\u00e1ciu v\u00fdrobn\u00fdch procesov va\u0161ej spolo\u010dnosti.","email":"Admistracion@distribucionarc.com","telephone":"+34 643496664","legalName":"ARC TECH SOLUTIONS","foundingDate":"2024-04-09","vatID":"B55480172","numberOfEmployees":{"@type":"QuantitativeValue","minValue":"1","maxValue":"10"}}]}},"_links":{"self":[{"href":"https:\/\/distribucionarc.com\/sk\/wp-json\/wp\/v2\/product\/983","targetHints":{"allow":["GET"]}}],"collection":[{"href":"https:\/\/distribucionarc.com\/sk\/wp-json\/wp\/v2\/product"}],"about":[{"href":"https:\/\/distribucionarc.com\/sk\/wp-json\/wp\/v2\/types\/product"}],"replies":[{"embeddable":true,"href":"https:\/\/distribucionarc.com\/sk\/wp-json\/wp\/v2\/comments?post=983"}],"version-history":[{"count":0,"href":"https:\/\/distribucionarc.com\/sk\/wp-json\/wp\/v2\/product\/983\/revisions"}],"wp:featuredmedia":[{"embeddable":true,"href":"https:\/\/distribucionarc.com\/sk\/wp-json\/wp\/v2\/media\/992"}],"wp:attachment":[{"href":"https:\/\/distribucionarc.com\/sk\/wp-json\/wp\/v2\/media?parent=983"}],"wp:term":[{"taxonomy":"product_brand","embeddable":true,"href":"https:\/\/distribucionarc.com\/sk\/wp-json\/wp\/v2\/product_brand?post=983"},{"taxonomy":"product_cat","embeddable":true,"href":"https:\/\/distribucionarc.com\/sk\/wp-json\/wp\/v2\/product_cat?post=983"},{"taxonomy":"product_tag","embeddable":true,"href":"https:\/\/distribucionarc.com\/sk\/wp-json\/wp\/v2\/product_tag?post=983"}],"curies":[{"name":"pracovn\u00fd list","href":"https:\/\/api.w.org\/{rel}","templated":true}]}}