{"id":71,"date":"2020-04-15T09:30:06","date_gmt":"2020-04-15T09:30:06","guid":{"rendered":"https:\/\/distribucionarc.com\/?page_id=71"},"modified":"2025-04-25T07:08:47","modified_gmt":"2025-04-25T05:08:47","slug":"politika-zasebnosti","status":"publish","type":"page","link":"https:\/\/distribucionarc.com\/sl\/politica-de-privacidad\/","title":{"rendered":"Politika zasebnosti"},"content":{"rendered":"<div data-elementor-type=\"wp-page\" data-elementor-id=\"71\" class=\"elementor elementor-71\" data-elementor-post-type=\"page\">\n\t\t\t\t<div class=\"elementor-element elementor-element-55ddc61 wd-section-stretch e-flex e-con-boxed wpr-particle-no wpr-jarallax-no wpr-parallax-no wpr-sticky-section-no e-con e-parent\" data-id=\"55ddc61\" data-element_type=\"container\" data-e-type=\"container\" data-settings=\"{&quot;background_background&quot;:&quot;classic&quot;}\">\n\t\t\t\t\t<div class=\"e-con-inner\">\n\t\t<div class=\"elementor-element elementor-element-5745e6e e-con-full e-flex wpr-particle-no wpr-jarallax-no wpr-parallax-no wpr-sticky-section-no e-con e-child\" data-id=\"5745e6e\" data-element_type=\"container\" data-e-type=\"container\">\n\t\t\t\t<div class=\"elementor-element elementor-element-05ceda0 elementor-widget elementor-widget-heading\" data-id=\"05ceda0\" data-element_type=\"widget\" data-e-type=\"widget\" data-widget_type=\"heading.default\">\n\t\t\t\t\t<h2 class=\"elementor-heading-title elementor-size-default\">Politika zasebnosti<\/h2>\t\t\t\t<\/div>\n\t\t\t\t<\/div>\n\t\t\t\t\t<\/div>\n\t\t\t\t<\/div>\n\t\t<div class=\"wd-negative-gap elementor-element elementor-element-428fd617 e-flex e-con-boxed wpr-particle-no wpr-jarallax-no wpr-parallax-no wpr-sticky-section-no e-con e-parent\" data-id=\"428fd617\" data-element_type=\"container\" data-e-type=\"container\">\n\t\t\t\t\t<div class=\"e-con-inner\">\n\t\t\t\t<div class=\"elementor-element elementor-element-8a7b043 color-scheme-inherit text-left elementor-widget elementor-widget-text-editor\" data-id=\"8a7b043\" data-element_type=\"widget\" data-e-type=\"widget\" data-widget_type=\"text-editor.default\">\n\t\t\t\t\t\t\t\t\t\n<h2 class=\"wp-block-heading\">Prej\u0161nje priporo\u010dilo<\/h2>\n\n<p>Pozdravljamo vas na tem spletnem mestu in priporo\u010damo, da preberete na\u0161 pravilnik o zasebnosti. To opisuje na\u010din, na katerega\u00a0 <strong>DISTRIBUCIONARC.COM<\/strong> \u00a0zbira in uporablja podatke o svojih strankah, uporabnikih in naro\u010dnikih te spletne strani.\u00a0<\/p>\n\n<p><strong>DISTRIBUCIONARC.COM<\/strong> s \u0161tevilko B55480172 in naslovom C\/CASTELL N1 46970 ALAQUAS (VALENCIA), kot odgovoren za obdelavo va\u0161ih podatkov, obdeluje va\u0161e podatke preko te spletne strani, kjer se spo\u0161tuje in skrbi za osebne podatke uporabnikov. Kot uporabnik morate vedeti, da so va\u0161e pravice zagotovljene.<\/p>\n\n<p>Treba je opozoriti, da se ta pravilnik o zasebnosti lahko razlikuje glede na zakonodajne ali samoregulativne zahteve, zato uporabnikom svetujemo, da ga ob\u010dasno obi\u0161\u010dejo. Uporaben bo, \u010de se bodo uporabniki odlo\u010dili izpolniti katerega od svojih kontaktnih obrazcev, kjer se zbirajo osebni podatki.<\/p>\n\n<p>Pravni predpisi, s katerimi je skladen ta pravilnik o zasebnosti<\/p>\n\n<ul class=\"wp-block-list\">\n<li>On\u00a0<strong>GDPR (Uredba (EU) 2016\/679 Evropskega parlamenta in Sveta z dne 27. aprila 2016 o varstvu fizi\u010dnih oseb)<\/strong>, ki je nova uredba Evropske unije, ki poenoti ureditev obdelave osebnih podatkov v razli\u010dnih dr\u017eavah EU.<\/li>\n\n<li>The\u00a0<strong>LOPD (Organski zakon 03\/2018 z dne 5. decembra o varstvu podatkov in jamstvu digitalnih pravic).<\/strong><\/li>\n\n<li>The\u00a0<strong>LSSI ali LSSICE (Zakon 34\/2002 z dne 11. julija o storitvah informacijske dru\u017ebe in elektronskem poslovanju)<\/strong>, ki ureja gospodarske transakcije z elektronskimi sredstvi, kot je primer te spletne strani.<\/li>\n<\/ul>\n\n<p>Nameni zdravljenja<\/p>\n\n<p>V primeru poizvedb in predlogov prek obstoje\u010dih razdelkov za ta namen bodo informacije uporabljene izklju\u010dno za odgovore na zastavljena vpra\u0161anja.<\/p>\n\n<p>Razen v poljih, kjer je izrecno navedeno druga\u010de, je dostava informacij, ki se zahtevajo v obrazcih za zahteve po podatkih, obvezna za pravilno upravljanje va\u0161ih zahtev, poizvedb in predlogov. Neizpolnjevanje polj, ki so dolo\u010dena kot obvezna, ali vnos napa\u010dnih podatkov onemogo\u010da\u00a0<strong>RAZDELITEV LOKA<\/strong>\u00a0jih lahko pravilno upravlja.<\/p>\n\n<p>Legitimacija za zdravljenje<\/p>\n\n<p>Ko uporabnik stopi v stik z nami preko na\u0161e spletne strani, uporabnik izjavlja, da je seznanjen s pogoji glede varstva osebnih podatkov, sprejema in sogla\u0161a z obdelavo le-teh pri nas.\u00a0 <strong>RAZDELITEV LOKA<\/strong> \u00a0na na\u010din in za navedene namene.<\/p>\n\n<p>Hranjenje in prenos podatkov<\/p>\n\n<p>Posredovani podatki se bodo hranili, dokler se vzdr\u017euje poslovni odnos ali leta, ki so potrebna za izpolnjevanje zakonskih obveznosti.<\/p>\n\n<p>Podatki ne bodo posredovani tretjim osebam, razen v primerih, ko obstaja zakonska obveznost.\u00a0 <strong>RAZDELITEV LOKA<\/strong> \u00a0ne prodaja, ne daje v najem ali prena\u0161a osebnih podatkov, ki bi lahko identificirali uporabnika, niti tega ne bo storila v prihodnje, tretjim osebam brez predhodnega soglasja. Vendar pa se v nekaterih primerih lahko izvaja sodelovanje z drugimi strokovnjaki za organizacijo usposabljanja ali zagotavljanje storitev. V teh primerih bo potrebno soglasje uporabnikov, ki jih obvesti o identiteti sodelavca in namenu sodelovanja. Vedno bo izvedena z najstro\u017ejimi varnostnimi standardi.<\/p>\n\n<p>Uveljavljanje pravic do varstva podatkov<\/p>\n\n<p>Uporabnik lahko usmerja svojo komunikacijo in uveljavlja pravice do dostopa, popravka, izbrisa in ugovora ter omejitve obdelave in prenosljivosti podatkov po po\u0161ti na\u00a0<strong>CARRER CASTELL N1 46970 ALAQUAS (VALENCIA)<\/strong>, ali na e-po\u0161to: rgpd@distribucionarc.com skupaj z veljavno identifikacijo, kot je fotokopija DNI ali enakovrednega, z navedbo v zadevi \u00bbVARSTVO PODATKOV\u00ab.<\/p>\n\n<p>Storitve tretjih oseb, ki jih uporabljam na tem spletnem mestu<\/p>\n\n<ul class=\"wp-block-list\">\n<li><strong>Gostovanje: strato<\/strong><\/li>\n\n<li><strong>Spletna platforma: wordpress<\/strong><\/li>\n\n<li><strong>Google Analytics<\/strong><\/li>\n<\/ul>\n\n<p>Uporabniki se lahko kadar koli odjavijo od storitev, ki jih ponuja <strong>DISTRIBUCIONARC.COM<\/strong> isto glasilo. V skladu z veljavnimi predpisi o varstvu osebnih podatkov, tako s prijavo na ta blog kot tudi z komentiranjem na kateri koli strani in\/ali vnosov, uporabnik sogla\u0161a:<\/p>\n\n<h2 class=\"wp-block-heading\">To\u010dnost in verodostojnost podatkov<\/h2>\n\n<p>Za resni\u010dnost in pravilnost podatkov, ki jih posreduje, je odgovoren izklju\u010dno uporabnik\u00a0 <strong>DISTRIBUCIONARC.COM<\/strong> \u00a0ponudnika v zvezi s tem oprosti vsake odgovornosti. Uporabniki jam\u010dijo in v vsakem primeru odgovarjajo za to\u010dnost, veljavnost in verodostojnost posredovanih osebnih podatkov ter se zavezujejo, da jih bodo redno posodabljali. Uporabnik se strinja, da bo v kontaktnem obrazcu ali naro\u010dni\u0161kem obrazcu posredoval popolne in pravilne podatke.<\/p>\n\n<h2 class=\"wp-block-heading\">Spremembe tega pravilnika o zasebnosti<\/h2>\n\n<p><strong>RAZDELITEV LOKA<\/strong>\u00a0si pridr\u017euje pravico, da spremeni to politiko, da jo prilagodi zakonodajnemu ali sodnemu razvoju ter industrijski praksi. V takih primerih bo ponudnik objavil spremembe, uvedene na tej strani, z razumnim predhodnim obvestilom o njihovi uvedbi.<\/p>\n\t\t\t\t\t\t\t\t<\/div>\n\t\t\t\t\t<\/div>\n\t\t\t\t<\/div>\n\t\t\t\t<\/div>","protected":false},"excerpt":{"rendered":"<p>Politika zasebnosti Predhodno priporo\u010dilo Pozdravljamo vas na tem spletnem mestu in vam priporo\u010damo, da preberete na\u0161o politiko zasebnosti.<\/p>","protected":false},"author":1,"featured_media":0,"parent":0,"menu_order":0,"comment_status":"closed","ping_status":"closed","template":"elementor_header_footer","meta":{"footnotes":""},"class_list":["post-71","page","type-page","status-publish","hentry"],"yoast_head":"<!-- This site is optimized with the Yoast SEO Premium plugin v24.9 (Yoast SEO v26.1) - https:\/\/yoast.com\/wordpress\/plugins\/seo\/ -->\n<title>politica de privacidad - distribuci\u00f3n ARC<\/title>\n<meta name=\"robots\" content=\"index, follow, max-snippet:-1, max-image-preview:large, max-video-preview:-1\" \/>\n<link rel=\"canonical\" href=\"https:\/\/www.distribucionarc.com\/hr\/politica-de-privacidad\/\" \/>\n<meta property=\"og:locale\" content=\"sl_SI\" \/>\n<meta property=\"og:type\" content=\"article\" \/>\n<meta property=\"og:title\" content=\"politica de privacidad\" \/>\n<meta property=\"og:description\" content=\"politica de privacidad Recomendaci\u00f3n previa Les damos la bienvenida a esta web y les recomendamos que lean nuestra pol\u00edtica de\" \/>\n<meta property=\"og:url\" content=\"https:\/\/www.distribucionarc.com\/hr\/politica-de-privacidad\/\" \/>\n<meta property=\"og:site_name\" content=\"distribuci\u00f3n ARC\" \/>\n<meta property=\"article:modified_time\" content=\"2025-04-25T05:08:47+00:00\" \/>\n<meta property=\"og:image\" content=\"https:\/\/distribucionarc.com\/wp-content\/uploads\/2024\/12\/icono-arc.jpg\" \/>\n\t<meta property=\"og:image:width\" content=\"612\" \/>\n\t<meta property=\"og:image:height\" content=\"792\" \/>\n\t<meta property=\"og:image:type\" content=\"image\/jpeg\" \/>\n<meta name=\"twitter:card\" content=\"summary_large_image\" \/>\n<meta name=\"twitter:label1\" content=\"Est. reading time\" \/>\n\t<meta name=\"twitter:data1\" content=\"4 minute\" \/>\n<script type=\"application\/ld+json\" class=\"yoast-schema-graph\">{\"@context\":\"https:\/\/schema.org\",\"@graph\":[{\"@type\":\"WebPage\",\"@id\":\"https:\/\/www.distribucionarc.com\/hr\/politica-de-privacidad\/\",\"url\":\"https:\/\/www.distribucionarc.com\/hr\/politica-de-privacidad\/\",\"name\":\"politica de privacidad - distribuci\u00f3n ARC\",\"isPartOf\":{\"@id\":\"https:\/\/www.distribucionarc.com\/sl\/#website\"},\"datePublished\":\"2020-04-15T09:30:06+00:00\",\"dateModified\":\"2025-04-25T05:08:47+00:00\",\"breadcrumb\":{\"@id\":\"https:\/\/www.distribucionarc.com\/hr\/politica-de-privacidad\/#breadcrumb\"},\"inLanguage\":\"sl-SI\",\"potentialAction\":[{\"@type\":\"ReadAction\",\"target\":[\"https:\/\/www.distribucionarc.com\/hr\/politica-de-privacidad\/\"]}]},{\"@type\":\"BreadcrumbList\",\"@id\":\"https:\/\/www.distribucionarc.com\/hr\/politica-de-privacidad\/#breadcrumb\",\"itemListElement\":[{\"@type\":\"ListItem\",\"position\":1,\"name\":\"Portada\",\"item\":\"https:\/\/www.distribucionarc.com\/\"},{\"@type\":\"ListItem\",\"position\":2,\"name\":\"politica de privacidad\"}]},{\"@type\":\"WebSite\",\"@id\":\"https:\/\/www.distribucionarc.com\/sl\/#website\",\"url\":\"https:\/\/www.distribucionarc.com\/sl\/\",\"name\":\"distribuci\u00f3n ARC\",\"description\":\"Empresa especializada en la fabricaci\u00f3n y distribuci\u00f3n de maquinaria industrial, selladoras de latas, Maquinas de hacer pastillas, Maquinas de cortar carne...\",\"publisher\":{\"@id\":\"https:\/\/www.distribucionarc.com\/sl\/#organization\"},\"potentialAction\":[{\"@type\":\"SearchAction\",\"target\":{\"@type\":\"EntryPoint\",\"urlTemplate\":\"https:\/\/www.distribucionarc.com\/sl\/?s={search_term_string}\"},\"query-input\":{\"@type\":\"PropertyValueSpecification\",\"valueRequired\":true,\"valueName\":\"search_term_string\"}}],\"inLanguage\":\"sl-SI\"},{\"@type\":\"Organization\",\"@id\":\"https:\/\/www.distribucionarc.com\/sl\/#organization\",\"name\":\"Distribuci\u00f3n ARC\",\"url\":\"https:\/\/www.distribucionarc.com\/sl\/\",\"logo\":{\"@type\":\"ImageObject\",\"inLanguage\":\"sl-SI\",\"@id\":\"https:\/\/www.distribucionarc.com\/sl\/#\/schema\/logo\/image\/\",\"url\":\"https:\/\/distribucionarc.com\/wp-content\/uploads\/2024\/10\/distribucion-ARC-COLOR-SIN-FONDO-e1732295305345.png\",\"contentUrl\":\"https:\/\/distribucionarc.com\/wp-content\/uploads\/2024\/10\/distribucion-ARC-COLOR-SIN-FONDO-e1732295305345.png\",\"width\":1164,\"height\":558,\"caption\":\"Distribuci\u00f3n ARC\"},\"image\":{\"@id\":\"https:\/\/www.distribucionarc.com\/sl\/#\/schema\/logo\/image\/\"},\"description\":\"Empresa especializada en la fabricaci\u00f3n y distribuci\u00f3n de maquinaria industrial para los sectores alimentario y farmac\u00e9utico. Nos especializamos en: M\u00e1quinas de cortar carne Fabricaci\u00f3n de comprimidos Sistemas de transporte industrial L\u00edneas de embotellado Dosificadores Y mucho m\u00e1s... Ofrecemos soluciones innovadoras y personalizadas para optimizar los procesos productivos de tu empresa.\",\"email\":\"Admistracion@distribucionarc.com\",\"telephone\":\"+34 643496664\",\"legalName\":\"ARC TECH SOLUTIONS\",\"foundingDate\":\"2024-04-09\",\"vatID\":\"B55480172\",\"numberOfEmployees\":{\"@type\":\"QuantitativeValue\",\"minValue\":\"1\",\"maxValue\":\"10\"}}]}<\/script>\n<!-- \/ Yoast SEO Premium plugin. -->","yoast_head_json":{"title":"politika zasebnosti - distribucija ARC","robots":{"index":"index","follow":"follow","max-snippet":"max-snippet:-1","max-image-preview":"max-image-preview:large","max-video-preview":"max-video-preview:-1"},"canonical":"https:\/\/www.distribucionarc.com\/hr\/politica-de-privacidad\/","og_locale":"sl_SI","og_type":"article","og_title":"politica de privacidad","og_description":"politica de privacidad Recomendaci\u00f3n previa Les damos la bienvenida a esta web y les recomendamos que lean nuestra pol\u00edtica de","og_url":"https:\/\/www.distribucionarc.com\/hr\/politica-de-privacidad\/","og_site_name":"distribuci\u00f3n ARC","article_modified_time":"2025-04-25T05:08:47+00:00","og_image":[{"width":612,"height":792,"url":"https:\/\/distribucionarc.com\/wp-content\/uploads\/2024\/12\/icono-arc.jpg","type":"image\/jpeg"}],"twitter_card":"summary_large_image","twitter_misc":{"Est. reading time":"4 minute"},"schema":{"@context":"https:\/\/schema.org","@graph":[{"@type":"WebPage","@id":"https:\/\/www.distribucionarc.com\/hr\/politica-de-privacidad\/","url":"https:\/\/www.distribucionarc.com\/hr\/politica-de-privacidad\/","name":"politika zasebnosti - distribucija ARC","isPartOf":{"@id":"https:\/\/www.distribucionarc.com\/sl\/#website"},"datePublished":"2020-04-15T09:30:06+00:00","dateModified":"2025-04-25T05:08:47+00:00","breadcrumb":{"@id":"https:\/\/www.distribucionarc.com\/hr\/politica-de-privacidad\/#breadcrumb"},"inLanguage":"sl-SI","potentialAction":[{"@type":"ReadAction","target":["https:\/\/www.distribucionarc.com\/hr\/politica-de-privacidad\/"]}]},{"@type":"BreadcrumbList","@id":"https:\/\/www.distribucionarc.com\/hr\/politica-de-privacidad\/#breadcrumb","itemListElement":[{"@type":"ListItem","position":1,"name":"Portada","item":"https:\/\/www.distribucionarc.com\/"},{"@type":"ListItem","position":2,"name":"politica de privacidad"}]},{"@type":"WebSite","@id":"https:\/\/www.distribucionarc.com\/sl\/#website","url":"https:\/\/www.distribucionarc.com\/sl\/","name":"ARC porazdelitev","description":"Podjetje je specializirano za proizvodnjo in distribucijo industrijskih strojev, strojev za zapiranje plo\u010devink, strojev za izdelavo tablet, strojev za rezanje mesa...","publisher":{"@id":"https:\/\/www.distribucionarc.com\/sl\/#organization"},"potentialAction":[{"@type":"SearchAction","target":{"@type":"EntryPoint","urlTemplate":"https:\/\/www.distribucionarc.com\/sl\/?s={search_term_string}"},"query-input":{"@type":"PropertyValueSpecification","valueRequired":true,"valueName":"search_term_string"}}],"inLanguage":"sl-SI"},{"@type":"Organization","@id":"https:\/\/www.distribucionarc.com\/sl\/#organization","name":"Distribucija ARC","url":"https:\/\/www.distribucionarc.com\/sl\/","logo":{"@type":"ImageObject","inLanguage":"sl-SI","@id":"https:\/\/www.distribucionarc.com\/sl\/#\/schema\/logo\/image\/","url":"https:\/\/distribucionarc.com\/wp-content\/uploads\/2024\/10\/distribucion-ARC-COLOR-SIN-FONDO-e1732295305345.png","contentUrl":"https:\/\/distribucionarc.com\/wp-content\/uploads\/2024\/10\/distribucion-ARC-COLOR-SIN-FONDO-e1732295305345.png","width":1164,"height":558,"caption":"Distribuci\u00f3n ARC"},"image":{"@id":"https:\/\/www.distribucionarc.com\/sl\/#\/schema\/logo\/image\/"},"description":"Podjetje, specializirano za proizvodnjo in distribucijo industrijskih strojev za \u017eivilski in farmacevtski sektor. Specializirani smo za: Stroji za rezanje mesa Proizvodnja tablet Industrijski transportni sistemi Stekleni\u010darske linije Dozirni stroji In \u0161e veliko ve\u010d... Ponujamo inovativne in prilagojene re\u0161itve za optimizacijo proizvodnih procesov va\u0161ega podjetja.","email":"Admistracion@distribucionarc.com","telephone":"+34 643496664","legalName":"ARC TECH SOLUTIONS","foundingDate":"2024-04-09","vatID":"B55480172","numberOfEmployees":{"@type":"QuantitativeValue","minValue":"1","maxValue":"10"}}]}},"_links":{"self":[{"href":"https:\/\/distribucionarc.com\/sl\/wp-json\/wp\/v2\/pages\/71","targetHints":{"allow":["GET"]}}],"collection":[{"href":"https:\/\/distribucionarc.com\/sl\/wp-json\/wp\/v2\/pages"}],"about":[{"href":"https:\/\/distribucionarc.com\/sl\/wp-json\/wp\/v2\/types\/page"}],"author":[{"embeddable":true,"href":"https:\/\/distribucionarc.com\/sl\/wp-json\/wp\/v2\/users\/1"}],"replies":[{"embeddable":true,"href":"https:\/\/distribucionarc.com\/sl\/wp-json\/wp\/v2\/comments?post=71"}],"version-history":[{"count":5,"href":"https:\/\/distribucionarc.com\/sl\/wp-json\/wp\/v2\/pages\/71\/revisions"}],"predecessor-version":[{"id":16724,"href":"https:\/\/distribucionarc.com\/sl\/wp-json\/wp\/v2\/pages\/71\/revisions\/16724"}],"wp:attachment":[{"href":"https:\/\/distribucionarc.com\/sl\/wp-json\/wp\/v2\/media?parent=71"}],"curies":[{"name":"delovni list","href":"https:\/\/api.w.org\/{rel}","templated":true}]}}