{"id":1115,"date":"2020-07-16T15:52:59","date_gmt":"2020-07-16T15:52:59","guid":{"rendered":"https:\/\/distribucionarc.com\/?post_type=product&#038;p=1115"},"modified":"2024-09-08T07:07:35","modified_gmt":"2024-09-08T07:07:35","slug":"hot-dog-nabodala-aparat-za-vaflje","status":"publish","type":"product","link":"https:\/\/distribucionarc.com\/sl\/producto\/gofrera-de-brocheta-perrito-caliente\/","title":{"rendered":"Aparat za vaflje za nabodala za hrenovke"},"content":{"rendered":"<h3>Aparat za vaflje za nabodala za hrenovke<\/h3>\n<p><strong>Stroj za vaflje <span style=\"color: #ff0000;\">TO<\/span><span style=\"color: #0000ff;\">R<\/span>c <\/strong>Izdelan je iz nerjave\u010dega jekla, je vzdr\u017eljiv, mo\u010dan in enostaven za \u010di\u0161\u010denje. Ima lito\u017eelezno grelno plo\u0161\u010do s teflonsko prevleko za prepre\u010devanje <strong>Corn Dog<\/strong> prilepi na povr\u0161ino in je zasnovan za dolgotrajno uporabo. Model za peko, ki ga ima, je odporen proti koroziji in zagotavlja visoko toplotno prevodnost. Je zelo enostaven za \u010di\u0161\u010denje. Uporabniki morajo za \u010di\u0161\u010denje povr\u0161ine uporabiti le suho ali vla\u017eno krpo, ni jih treba umivati z vodo.<\/p>\n<p>noter\u00a0<strong><span style=\"color: #ff0000;\">TO<\/span><span style=\"color: #0000ff;\">R<\/span>c<\/strong> Zanima nas udobje na\u0161ih strank, zato ima na\u0161 komercialni stroj gumb za nadzor temperature na sprednji strani stroja. <strong>Peka\u010d za vaflje<\/strong>. Temperaturo je mogo\u010de nastaviti med 0 in 300 \u2103. Gumb \u010dasovnika 0-5 minut vam omogo\u010da bolj svobodno delo, ne da bi vam bilo treba skrbeti za \u010das pe\u010denja. <strong>Aparat za vaflje na nabodala <span style=\"color: #ff0000;\">TO<\/span><span style=\"color: #0000ff;\">R<\/span>CGSP1<\/strong> Omogo\u010dil vam bo pripravo serij po 6 vafljev v 2-4 minutah.<\/p>\n<p>to\u00a0<strong>peka\u010d za vaflje corn dog<\/strong>\u00a0Ima plo\u0161\u010do za odpadke z ro\u010dajem, ki omogo\u010da shranjevanje odpadkov iz<strong> vaflji<\/strong> za enostavno \u010di\u0161\u010denje. Ro\u010daj iz nerjave\u010dega jekla. Toplotno odporne grelne plo\u0161\u010de od desne proti levi prepre\u010dujejo, da bi se va\u0161e roke med kuhanjem opekle. Poleg tega je <strong>aparat za vaflje<\/strong>\u00a0od\u00a0<strong><span style=\"color: #ff0000;\">TO<\/span><span style=\"color: #0000ff;\">R<\/span>c<\/strong>\u00a0<span style=\"color: #008000;\"><strong>ne samo<\/strong><\/span> <span style=\"color: #008000;\"><strong>stabilizira temperaturo, ampak tudi njeno porabo, ko dose\u017ee najvi\u0161jo temperaturo<\/strong><\/span><\/p>\n<p>Njegov izvirni dizajn je idealen za doma\u010do ali komercialno uporabo. Njegova velika koli\u010dina detajlov in privla\u010den vonj bosta privabila marsikatero stranko.<\/p>\n<h6><\/h6>\n<h6><strong>Garancija\u00a0<span style=\"color: #ff0000;\">TO<\/span><span style=\"color: #0000ff;\">R<\/span>C 2 LETI<\/strong><\/h6>\n<h6><span style=\"color: #008000;\"><strong>U\u010dinkovit peka\u010d vafljev na nabodala, nizka poraba 1300 W<\/strong><\/span><\/h6>\n<h6><strong>vklju\u010dena tehni\u010dna podpora.<\/strong><\/h6>\n<p>&nbsp;<\/p>\n<p>&nbsp;<\/p>\n<table role=\"presentation\" width=\"100%\" cellspacing=\"0\" cellpadding=\"0\">\n<tbody>\n<tr>\n<td class=\"attrLabels\">Temperatura:<\/td>\n<td width=\"50.0%\">50-300\u00baC<\/td>\n<\/tr>\n<tr>\n<td class=\"attrLabels\">Dr\u017eava distribucije:<\/td>\n<td width=\"50.0%\">\u0160panija, Nem\u010dija, ZDA<\/td>\n<td class=\"attrLabels\">Te\u017ea:<\/td>\n<td width=\"50.0%\">9 kg<\/td>\n<\/tr>\n<tr>\n<td class=\"attrLabels\">Znamka:<\/td>\n<td width=\"50.0%\">ARC<\/td>\n<td class=\"attrLabels\">Vi\u0161ina:<\/td>\n<td width=\"50.0%\">30 cm<\/td>\n<\/tr>\n<tr>\n<td class=\"attrLabels\">barva:<\/td>\n<td width=\"50.0%\">Srebrna<\/td>\n<td class=\"attrLabels\">dolgo:<\/td>\n<td width=\"50.0%\">38 cm<\/td>\n<\/tr>\n<tr>\n<td class=\"attrLabels\">Vrsta izdelka:<\/td>\n<td width=\"50.0%\">Peka\u010d za vaflje na nabodala<\/td>\n<td class=\"attrLabels\">\u0160iroko:<\/td>\n<td width=\"50.0%\">31 cm<\/td>\n<\/tr>\n<tr>\n<td class=\"attrLabels\">\u0160tevilka proizvajalca:<\/td>\n<td width=\"50.0%\">ARCGSP1<\/td>\n<td class=\"attrLabels\">mo\u010d:<\/td>\n<td width=\"50.0%\">1300 W<\/td>\n<\/tr>\n<tr>\n<td class=\"attrLabels\">Material:<\/td>\n<td width=\"50.0%\">nerjave\u010de jeklo, teflonska plo\u0161\u010da, nadzor temperature<\/td>\n<td class=\"attrLabels\">vhodna napetost<\/td>\n<td width=\"50.0%\">220V \u2013 60Hz<\/td>\n<\/tr>\n<tr>\n<td class=\"attrLabels\">Velikost nabodala:<\/td>\n<td width=\"50.0%\">14 \u00d7 0,5 cm<\/td>\n<td class=\"attrLabels\">\u010cas na krog:<\/td>\n<td width=\"50.0%\">2-4 min<\/td>\n<\/tr>\n<tr>\n<td class=\"attrLabels\">Orodja za namestitev:<\/td>\n<td width=\"50.0%\">ja<\/td>\n<td class=\"attrLabels\">produkcija:<\/td>\n<td width=\"50.0%\">6 kosov<\/td>\n<\/tr>\n<\/tbody>\n<\/table>","protected":false},"excerpt":{"rendered":"<h2>Profesionalni aparat za vaflje v palicah<\/h2>\n<p>The <strong>profesionalni stroj za izdelavo vafeljskih pal\u010dk<\/strong> vam omogo\u010da, da ponudite dolge in okusne vaflje, popularno znane kot <strong>jogiji<\/strong> ali vaflji na pal\u010dki. Navdihnjen s predstavitvijo teh zabavnih sladic, vam ta aparat omogo\u010da kuhanje <strong>6 vafljev na serijo v samo 2 do 4 minutah<\/strong>, ki zagotavlja hitro, privla\u010dno in enostavno postre\u017ebo.<\/p>\n<p>Zahvaljujo\u010d u\u010dinkoviti zasnovi in hitremu \u010dasu kuhanja, to <strong>profesionalni pali\u010dni peka\u010d za vaflje<\/strong> Idealen je za podjetja z velikim dotokom strank. Vaflji, ki so na pal\u010dki, so kot nala\u0161\u010d za u\u017eivanje na poti, zaradi \u010desar so neustavljiva mo\u017enost za vsako ustanovo.<\/p>\n<h3>Izdelki, ki jih lahko ustvarite s tem <strong>peka\u010d za vaflje na pal\u010dki<\/strong>:<\/h3>\n<ul>\n<li><strong>Jogiji polnjeni s \u010dokolado<\/strong>: Podolgovati vaflji, polnjeni s \u010dokolado, sla\u0161\u010di\u010darsko kremo ali sadjem.<\/li>\n<li><strong>Slani vaflji<\/strong>: Polnjeno s sirom ali klobasami za inovativno mo\u017enost.<\/li>\n<li><strong>Ovseni kosmi\u010di in sadni vaflji<\/strong>: zdrave in okusne mo\u017enosti menija za fitnes.<\/li>\n<li><strong>Mini vafelj pice<\/strong>: kreativna mo\u017enost za slane menije.<\/li>\n<li><strong>Vaflji z dodatki<\/strong>: Personalizirano s \u010dokolado, karamelo ali sve\u017eim sadjem.<\/li>\n<li><strong>Dulce de leche vaflji<\/strong>: \u0160e ena sladka mo\u017enost, ki pritegne ljubitelje tradicionalnih okusov.<\/li>\n<li><strong>Vaflji Nutella<\/strong>: Za ljubitelje \u010dokolade.<\/li>\n<\/ul>\n<h3>Sektorji, kjer lahko to implementirate <strong>profesionalni pali\u010dni peka\u010d za vaflje<\/strong>:<\/h3>\n<ul>\n<li><strong>Sejmi in prireditve<\/strong>: The <strong>vaflji na pal\u010dki<\/strong> Idealni so za u\u017eivanje na poti, zaradi \u010desar je ta stroj popolno orodje za stojnice na sejmih in trgih.<\/li>\n<li><strong>tovornjaki s hrano<\/strong>: Ponuja hitro in privla\u010dno mo\u017enost, ki se popolnoma prilagaja konceptu uli\u010dne hrane.<\/li>\n<li><strong>Kavarne in sla\u0161\u010di\u010darne<\/strong>: The <strong>vaflji na pal\u010dki<\/strong> Lahko so popolna dopolnitev zajtrkov ali prigrizkov, pritegnejo tako odrasle kot otroke.<\/li>\n<li><strong>Kioski v trgovskih centrih<\/strong>: Tem vafljem se ni mogo\u010de upreti in jih je enostavno prena\u0161ati, idealni za hiter prigrizek, ko ste zunaj.<\/li>\n<li><strong>Kinodvorane in gledali\u0161\u010da<\/strong>: Druga\u010dna in prakti\u010dna mo\u017enost za tiste, ki i\u0161\u010dejo sladek prigrizek med nastopom.<\/li>\n<li><strong>zabavi\u0161\u010dni parki<\/strong>: Popoln za prodajo na kioskih in privabljanje ob\u010dinstva vseh starosti.<\/li>\n<li><strong>Dogodki in catering<\/strong>: Idealno za zabave, poroke ali tematske dogodke, kjer vaflji na pal\u010dki izstopajo po svoji edinstveni predstavitvi.<\/li>\n<\/ul>\n<p>S tem <strong>profesionalni stroj za izdelavo jogijev<\/strong>, ne boste ponudili le okusne in vizualno privla\u010dne sladice, temve\u010d tudi mo\u017enost hitrega in enostavnega u\u017eivanja. Navdahnjen z vafeljskimi pal\u010dkami, ki so uspe\u0161ne na trgih in sejmih, vam bo ta aparat omogo\u010dil, da svoj jedilnik popestrite z inovativnimi in prilagodljivimi izdelki.<\/p>","protected":false},"featured_media":1120,"comment_status":"open","ping_status":"closed","template":"","meta":{"wds_primary_product_brand":0,"wds_primary_product_cat":0},"product_brand":[],"product_cat":[51],"product_tag":[],"class_list":{"0":"post-1115","1":"product","2":"type-product","3":"status-publish","4":"has-post-thumbnail","6":"product_cat-gofreras-profesionales","7":"product_shipping_class-hosteleria","9":"first","10":"instock","11":"taxable","12":"shipping-taxable","13":"purchasable","14":"product-type-simple"},"yoast_head":"<!-- This site is optimized with the Yoast SEO Premium plugin v24.9 (Yoast SEO v26.1) - https:\/\/yoast.com\/wordpress\/plugins\/seo\/ -->\n<title>Gofrera de brocheta perrito caliente - distribuci\u00f3n ARC<\/title>\n<meta name=\"robots\" content=\"index, follow, max-snippet:-1, max-image-preview:large, max-video-preview:-1\" \/>\n<link rel=\"canonical\" href=\"https:\/\/www.distribucionarc.com\/nb\/producto\/gofrera-de-brocheta-perrito-caliente\/\" \/>\n<meta property=\"og:locale\" content=\"sl_SI\" \/>\n<meta property=\"og:type\" content=\"article\" \/>\n<meta property=\"og:title\" content=\"Gofrera de brocheta perrito caliente\" \/>\n<meta property=\"og:description\" content=\"M\u00e1quina Profesional de Gofres Pinchados en Palo La m\u00e1quina profesional para hacer gofres en palo te permite ofrecer gofres alargados y deliciosos, conocidos popularmente como yoguis o gofres en palo. Inspirada en la presentaci\u00f3n de estos divertidos postres, esta m\u00e1quina te permite cocinar 6 gofres por tanda en tan solo 2 a 4 minutos, brindando una opci\u00f3n r\u00e1pida, atractiva y f\u00e1cil de servir.  Gracias a su dise\u00f1o eficiente y al r\u00e1pido tiempo de cocci\u00f3n, esta gofrera en palo profesional es ideal para negocios con gran afluencia de clientes. Los gofres, al estar en un palo, son perfectos para comer en movimiento, lo que los convierte en una opci\u00f3n irresistible para cualquier establecimiento. Productos que puedes crear con esta m\u00e1quina de gofres en palo:   Yoguis rellenos de chocolate: Gofres alargados rellenos de chocolate, crema pastelera o frutas.  Gofres salados: Rellenos de queso o embutidos para una opci\u00f3n innovadora.  Gofres de avena y frutas: Saludables y deliciosos para opciones de men\u00fa fitness.  Mini pizzas de gofre: Una opci\u00f3n creativa para men\u00fas salados.  Gofres con coberturas: Personalizados con chocolate, caramelo o fruta fresca.  Gofres de dulce de leche: Otra opci\u00f3n dulce que atrae a los amantes de los sabores tradicionales.  Gofres de Nutella: Para los fan\u00e1ticos del chocolate.  Sectores donde puedes implementar esta gofrera en palo profesional:   Ferias y eventos: Los gofres en palo son ideales para ser disfrutados en movimiento, haciendo de esta m\u00e1quina la herramienta perfecta para puestos en ferias y mercados.  Food trucks: Ofrece una opci\u00f3n r\u00e1pida y llamativa que se adapta perfectamente al concepto de comida callejera.  Cafeter\u00edas y pasteler\u00edas: Los gofres en palo pueden ser el complemento perfecto para desayunos o meriendas, atrayendo tanto a adultos como a ni\u00f1os.  Kioskos en centros comerciales: Estos gofres son irresistibles y f\u00e1ciles de llevar, ideales para un snack r\u00e1pido mientras se pasea.  Cines y teatros: Una opci\u00f3n diferente y pr\u00e1ctica para quienes buscan un snack dulce durante la funci\u00f3n.  Parques de atracciones: Perfectos para vender en quioscos y atraer a un p\u00fablico de todas las edades.  Eventos y catering: Ideales para fiestas, bodas o eventos tem\u00e1ticos, donde los gofres en palo destacan por su presentaci\u00f3n \u00fanica.  Con esta m\u00e1quina profesional para hacer yoguis, no solo estar\u00e1s ofreciendo un postre delicioso y visualmente atractivo, sino tambi\u00e9n una opci\u00f3n r\u00e1pida y f\u00e1cil de consumir. Inspirada en los gofres en palo que triunfan en mercados y ferias, esta m\u00e1quina te permitir\u00e1 diferenciar tu men\u00fa con productos innovadores y personalizables.\" \/>\n<meta property=\"og:url\" content=\"https:\/\/www.distribucionarc.com\/nb\/producto\/gofrera-de-brocheta-perrito-caliente\/\" \/>\n<meta property=\"og:site_name\" content=\"distribuci\u00f3n ARC\" \/>\n<meta property=\"article:modified_time\" content=\"2024-09-08T07:07:35+00:00\" \/>\n<meta property=\"og:image\" content=\"https:\/\/www.distribucionarc.com\/wp-content\/uploads\/2020\/07\/Gofrera-brocheta-perrito-caliente-0.jpg\" \/>\n\t<meta property=\"og:image:width\" content=\"1600\" \/>\n\t<meta property=\"og:image:height\" content=\"1600\" \/>\n\t<meta property=\"og:image:type\" content=\"image\/jpeg\" \/>\n<meta name=\"twitter:card\" content=\"summary_large_image\" \/>\n<meta name=\"twitter:label1\" content=\"Est. reading time\" \/>\n\t<meta name=\"twitter:data1\" content=\"2 minuti\" \/>\n<script type=\"application\/ld+json\" class=\"yoast-schema-graph\">{\"@context\":\"https:\/\/schema.org\",\"@graph\":[{\"@type\":\"WebPage\",\"@id\":\"https:\/\/www.distribucionarc.com\/nb\/producto\/gofrera-de-brocheta-perrito-caliente\/\",\"url\":\"https:\/\/www.distribucionarc.com\/nb\/producto\/gofrera-de-brocheta-perrito-caliente\/\",\"name\":\"Gofrera de brocheta perrito caliente - distribuci\u00f3n ARC\",\"isPartOf\":{\"@id\":\"https:\/\/www.distribucionarc.com\/sl\/#website\"},\"primaryImageOfPage\":{\"@id\":\"https:\/\/www.distribucionarc.com\/nb\/producto\/gofrera-de-brocheta-perrito-caliente\/#primaryimage\"},\"image\":{\"@id\":\"https:\/\/www.distribucionarc.com\/nb\/producto\/gofrera-de-brocheta-perrito-caliente\/#primaryimage\"},\"thumbnailUrl\":\"https:\/\/distribucionarc.com\/wp-content\/uploads\/2020\/07\/Gofrera-brocheta-perrito-caliente-0.jpg\",\"datePublished\":\"2020-07-16T15:52:59+00:00\",\"dateModified\":\"2024-09-08T07:07:35+00:00\",\"breadcrumb\":{\"@id\":\"https:\/\/www.distribucionarc.com\/nb\/producto\/gofrera-de-brocheta-perrito-caliente\/#breadcrumb\"},\"inLanguage\":\"sl-SI\",\"potentialAction\":[{\"@type\":\"ReadAction\",\"target\":[\"https:\/\/www.distribucionarc.com\/nb\/producto\/gofrera-de-brocheta-perrito-caliente\/\"]}]},{\"@type\":\"ImageObject\",\"inLanguage\":\"sl-SI\",\"@id\":\"https:\/\/www.distribucionarc.com\/nb\/producto\/gofrera-de-brocheta-perrito-caliente\/#primaryimage\",\"url\":\"https:\/\/distribucionarc.com\/wp-content\/uploads\/2020\/07\/Gofrera-brocheta-perrito-caliente-0.jpg\",\"contentUrl\":\"https:\/\/distribucionarc.com\/wp-content\/uploads\/2020\/07\/Gofrera-brocheta-perrito-caliente-0.jpg\",\"width\":1600,\"height\":1600,\"caption\":\"Gofrera brocheta perrito caliente\"},{\"@type\":\"BreadcrumbList\",\"@id\":\"https:\/\/www.distribucionarc.com\/nb\/producto\/gofrera-de-brocheta-perrito-caliente\/#breadcrumb\",\"itemListElement\":[{\"@type\":\"ListItem\",\"position\":1,\"name\":\"Portada\",\"item\":\"https:\/\/www.distribucionarc.com\/\"},{\"@type\":\"ListItem\",\"position\":2,\"name\":\"\u00dcr\u00fcnler\",\"item\":\"https:\/\/www.distribucionarc.com\/tr\/magaza\/\"},{\"@type\":\"ListItem\",\"position\":3,\"name\":\"Gofrera de brocheta perrito caliente\"}]},{\"@type\":\"WebSite\",\"@id\":\"https:\/\/www.distribucionarc.com\/sl\/#website\",\"url\":\"https:\/\/www.distribucionarc.com\/sl\/\",\"name\":\"distribuci\u00f3n ARC\",\"description\":\"Empresa especializada en la fabricaci\u00f3n y distribuci\u00f3n de maquinaria industrial, selladoras de latas, Maquinas de hacer pastillas, Maquinas de cortar carne...\",\"publisher\":{\"@id\":\"https:\/\/www.distribucionarc.com\/sl\/#organization\"},\"potentialAction\":[{\"@type\":\"SearchAction\",\"target\":{\"@type\":\"EntryPoint\",\"urlTemplate\":\"https:\/\/www.distribucionarc.com\/sl\/?s={search_term_string}\"},\"query-input\":{\"@type\":\"PropertyValueSpecification\",\"valueRequired\":true,\"valueName\":\"search_term_string\"}}],\"inLanguage\":\"sl-SI\"},{\"@type\":\"Organization\",\"@id\":\"https:\/\/www.distribucionarc.com\/sl\/#organization\",\"name\":\"Distribuci\u00f3n ARC\",\"url\":\"https:\/\/www.distribucionarc.com\/sl\/\",\"logo\":{\"@type\":\"ImageObject\",\"inLanguage\":\"sl-SI\",\"@id\":\"https:\/\/www.distribucionarc.com\/sl\/#\/schema\/logo\/image\/\",\"url\":\"https:\/\/distribucionarc.com\/wp-content\/uploads\/2024\/10\/distribucion-ARC-COLOR-SIN-FONDO-e1732295305345.png\",\"contentUrl\":\"https:\/\/distribucionarc.com\/wp-content\/uploads\/2024\/10\/distribucion-ARC-COLOR-SIN-FONDO-e1732295305345.png\",\"width\":1164,\"height\":558,\"caption\":\"Distribuci\u00f3n ARC\"},\"image\":{\"@id\":\"https:\/\/www.distribucionarc.com\/sl\/#\/schema\/logo\/image\/\"},\"description\":\"Empresa especializada en la fabricaci\u00f3n y distribuci\u00f3n de maquinaria industrial para los sectores alimentario y farmac\u00e9utico. Nos especializamos en: M\u00e1quinas de cortar carne Fabricaci\u00f3n de comprimidos Sistemas de transporte industrial L\u00edneas de embotellado Dosificadores Y mucho m\u00e1s... Ofrecemos soluciones innovadoras y personalizadas para optimizar los procesos productivos de tu empresa.\",\"email\":\"Admistracion@distribucionarc.com\",\"telephone\":\"+34 643496664\",\"legalName\":\"ARC TECH SOLUTIONS\",\"foundingDate\":\"2024-04-09\",\"vatID\":\"B55480172\",\"numberOfEmployees\":{\"@type\":\"QuantitativeValue\",\"minValue\":\"1\",\"maxValue\":\"10\"}}]}<\/script>\n<!-- \/ Yoast SEO Premium plugin. -->","yoast_head_json":{"title":"Aparat za pripravo vafljev za hot dog nabodala - distribucija ARC","robots":{"index":"index","follow":"follow","max-snippet":"max-snippet:-1","max-image-preview":"max-image-preview:large","max-video-preview":"max-video-preview:-1"},"canonical":"https:\/\/www.distribucionarc.com\/nb\/producto\/gofrera-de-brocheta-perrito-caliente\/","og_locale":"sl_SI","og_type":"article","og_title":"Gofrera de brocheta perrito caliente","og_description":"M\u00e1quina Profesional de Gofres Pinchados en Palo La m\u00e1quina profesional para hacer gofres en palo te permite ofrecer gofres alargados y deliciosos, conocidos popularmente como yoguis o gofres en palo. Inspirada en la presentaci\u00f3n de estos divertidos postres, esta m\u00e1quina te permite cocinar 6 gofres por tanda en tan solo 2 a 4 minutos, brindando una opci\u00f3n r\u00e1pida, atractiva y f\u00e1cil de servir.  Gracias a su dise\u00f1o eficiente y al r\u00e1pido tiempo de cocci\u00f3n, esta gofrera en palo profesional es ideal para negocios con gran afluencia de clientes. Los gofres, al estar en un palo, son perfectos para comer en movimiento, lo que los convierte en una opci\u00f3n irresistible para cualquier establecimiento. Productos que puedes crear con esta m\u00e1quina de gofres en palo:   Yoguis rellenos de chocolate: Gofres alargados rellenos de chocolate, crema pastelera o frutas.  Gofres salados: Rellenos de queso o embutidos para una opci\u00f3n innovadora.  Gofres de avena y frutas: Saludables y deliciosos para opciones de men\u00fa fitness.  Mini pizzas de gofre: Una opci\u00f3n creativa para men\u00fas salados.  Gofres con coberturas: Personalizados con chocolate, caramelo o fruta fresca.  Gofres de dulce de leche: Otra opci\u00f3n dulce que atrae a los amantes de los sabores tradicionales.  Gofres de Nutella: Para los fan\u00e1ticos del chocolate.  Sectores donde puedes implementar esta gofrera en palo profesional:   Ferias y eventos: Los gofres en palo son ideales para ser disfrutados en movimiento, haciendo de esta m\u00e1quina la herramienta perfecta para puestos en ferias y mercados.  Food trucks: Ofrece una opci\u00f3n r\u00e1pida y llamativa que se adapta perfectamente al concepto de comida callejera.  Cafeter\u00edas y pasteler\u00edas: Los gofres en palo pueden ser el complemento perfecto para desayunos o meriendas, atrayendo tanto a adultos como a ni\u00f1os.  Kioskos en centros comerciales: Estos gofres son irresistibles y f\u00e1ciles de llevar, ideales para un snack r\u00e1pido mientras se pasea.  Cines y teatros: Una opci\u00f3n diferente y pr\u00e1ctica para quienes buscan un snack dulce durante la funci\u00f3n.  Parques de atracciones: Perfectos para vender en quioscos y atraer a un p\u00fablico de todas las edades.  Eventos y catering: Ideales para fiestas, bodas o eventos tem\u00e1ticos, donde los gofres en palo destacan por su presentaci\u00f3n \u00fanica.  Con esta m\u00e1quina profesional para hacer yoguis, no solo estar\u00e1s ofreciendo un postre delicioso y visualmente atractivo, sino tambi\u00e9n una opci\u00f3n r\u00e1pida y f\u00e1cil de consumir. Inspirada en los gofres en palo que triunfan en mercados y ferias, esta m\u00e1quina te permitir\u00e1 diferenciar tu men\u00fa con productos innovadores y personalizables.","og_url":"https:\/\/www.distribucionarc.com\/nb\/producto\/gofrera-de-brocheta-perrito-caliente\/","og_site_name":"distribuci\u00f3n ARC","article_modified_time":"2024-09-08T07:07:35+00:00","og_image":[{"width":1600,"height":1600,"url":"https:\/\/www.distribucionarc.com\/wp-content\/uploads\/2020\/07\/Gofrera-brocheta-perrito-caliente-0.jpg","type":"image\/jpeg"}],"twitter_card":"summary_large_image","twitter_misc":{"Est. reading time":"2 minuti"},"schema":{"@context":"https:\/\/schema.org","@graph":[{"@type":"WebPage","@id":"https:\/\/www.distribucionarc.com\/nb\/producto\/gofrera-de-brocheta-perrito-caliente\/","url":"https:\/\/www.distribucionarc.com\/nb\/producto\/gofrera-de-brocheta-perrito-caliente\/","name":"Aparat za pripravo vafljev za hot dog nabodala - distribucija ARC","isPartOf":{"@id":"https:\/\/www.distribucionarc.com\/sl\/#website"},"primaryImageOfPage":{"@id":"https:\/\/www.distribucionarc.com\/nb\/producto\/gofrera-de-brocheta-perrito-caliente\/#primaryimage"},"image":{"@id":"https:\/\/www.distribucionarc.com\/nb\/producto\/gofrera-de-brocheta-perrito-caliente\/#primaryimage"},"thumbnailUrl":"https:\/\/distribucionarc.com\/wp-content\/uploads\/2020\/07\/Gofrera-brocheta-perrito-caliente-0.jpg","datePublished":"2020-07-16T15:52:59+00:00","dateModified":"2024-09-08T07:07:35+00:00","breadcrumb":{"@id":"https:\/\/www.distribucionarc.com\/nb\/producto\/gofrera-de-brocheta-perrito-caliente\/#breadcrumb"},"inLanguage":"sl-SI","potentialAction":[{"@type":"ReadAction","target":["https:\/\/www.distribucionarc.com\/nb\/producto\/gofrera-de-brocheta-perrito-caliente\/"]}]},{"@type":"ImageObject","inLanguage":"sl-SI","@id":"https:\/\/www.distribucionarc.com\/nb\/producto\/gofrera-de-brocheta-perrito-caliente\/#primaryimage","url":"https:\/\/distribucionarc.com\/wp-content\/uploads\/2020\/07\/Gofrera-brocheta-perrito-caliente-0.jpg","contentUrl":"https:\/\/distribucionarc.com\/wp-content\/uploads\/2020\/07\/Gofrera-brocheta-perrito-caliente-0.jpg","width":1600,"height":1600,"caption":"Gofrera brocheta perrito caliente"},{"@type":"BreadcrumbList","@id":"https:\/\/www.distribucionarc.com\/nb\/producto\/gofrera-de-brocheta-perrito-caliente\/#breadcrumb","itemListElement":[{"@type":"ListItem","position":1,"name":"Portada","item":"https:\/\/www.distribucionarc.com\/"},{"@type":"ListItem","position":2,"name":"\u00dcr\u00fcnler","item":"https:\/\/www.distribucionarc.com\/tr\/magaza\/"},{"@type":"ListItem","position":3,"name":"Gofrera de brocheta perrito caliente"}]},{"@type":"WebSite","@id":"https:\/\/www.distribucionarc.com\/sl\/#website","url":"https:\/\/www.distribucionarc.com\/sl\/","name":"ARC porazdelitev","description":"Podjetje je specializirano za proizvodnjo in distribucijo industrijskih strojev, strojev za zapiranje plo\u010devink, strojev za izdelavo tablet, strojev za rezanje mesa...","publisher":{"@id":"https:\/\/www.distribucionarc.com\/sl\/#organization"},"potentialAction":[{"@type":"SearchAction","target":{"@type":"EntryPoint","urlTemplate":"https:\/\/www.distribucionarc.com\/sl\/?s={search_term_string}"},"query-input":{"@type":"PropertyValueSpecification","valueRequired":true,"valueName":"search_term_string"}}],"inLanguage":"sl-SI"},{"@type":"Organization","@id":"https:\/\/www.distribucionarc.com\/sl\/#organization","name":"Distribucija ARC","url":"https:\/\/www.distribucionarc.com\/sl\/","logo":{"@type":"ImageObject","inLanguage":"sl-SI","@id":"https:\/\/www.distribucionarc.com\/sl\/#\/schema\/logo\/image\/","url":"https:\/\/distribucionarc.com\/wp-content\/uploads\/2024\/10\/distribucion-ARC-COLOR-SIN-FONDO-e1732295305345.png","contentUrl":"https:\/\/distribucionarc.com\/wp-content\/uploads\/2024\/10\/distribucion-ARC-COLOR-SIN-FONDO-e1732295305345.png","width":1164,"height":558,"caption":"Distribuci\u00f3n ARC"},"image":{"@id":"https:\/\/www.distribucionarc.com\/sl\/#\/schema\/logo\/image\/"},"description":"Podjetje, specializirano za proizvodnjo in distribucijo industrijskih strojev za \u017eivilski in farmacevtski sektor. Specializirani smo za: Stroji za rezanje mesa Proizvodnja tablet Industrijski transportni sistemi Stekleni\u010darske linije Dozirni stroji In \u0161e veliko ve\u010d... Ponujamo inovativne in prilagojene re\u0161itve za optimizacijo proizvodnih procesov va\u0161ega podjetja.","email":"Admistracion@distribucionarc.com","telephone":"+34 643496664","legalName":"ARC TECH SOLUTIONS","foundingDate":"2024-04-09","vatID":"B55480172","numberOfEmployees":{"@type":"QuantitativeValue","minValue":"1","maxValue":"10"}}]}},"_links":{"self":[{"href":"https:\/\/distribucionarc.com\/sl\/wp-json\/wp\/v2\/product\/1115","targetHints":{"allow":["GET"]}}],"collection":[{"href":"https:\/\/distribucionarc.com\/sl\/wp-json\/wp\/v2\/product"}],"about":[{"href":"https:\/\/distribucionarc.com\/sl\/wp-json\/wp\/v2\/types\/product"}],"replies":[{"embeddable":true,"href":"https:\/\/distribucionarc.com\/sl\/wp-json\/wp\/v2\/comments?post=1115"}],"version-history":[{"count":0,"href":"https:\/\/distribucionarc.com\/sl\/wp-json\/wp\/v2\/product\/1115\/revisions"}],"wp:featuredmedia":[{"embeddable":true,"href":"https:\/\/distribucionarc.com\/sl\/wp-json\/wp\/v2\/media\/1120"}],"wp:attachment":[{"href":"https:\/\/distribucionarc.com\/sl\/wp-json\/wp\/v2\/media?parent=1115"}],"wp:term":[{"taxonomy":"product_brand","embeddable":true,"href":"https:\/\/distribucionarc.com\/sl\/wp-json\/wp\/v2\/product_brand?post=1115"},{"taxonomy":"product_cat","embeddable":true,"href":"https:\/\/distribucionarc.com\/sl\/wp-json\/wp\/v2\/product_cat?post=1115"},{"taxonomy":"product_tag","embeddable":true,"href":"https:\/\/distribucionarc.com\/sl\/wp-json\/wp\/v2\/product_tag?post=1115"}],"curies":[{"name":"delovni list","href":"https:\/\/api.w.org\/{rel}","templated":true}]}}