{"id":1142,"date":"2020-07-17T10:08:12","date_gmt":"2020-07-17T10:08:12","guid":{"rendered":"https:\/\/distribucionarc.com\/?post_type=product&#038;p=1142"},"modified":"2024-09-08T07:29:46","modified_gmt":"2024-09-08T07:29:46","slug":"elektricna-kuhinjska-plosca","status":"publish","type":"product","link":"https:\/\/distribucionarc.com\/sl\/producto\/plancha-de-cocina-electrica\/","title":{"rendered":"elektri\u010dna kuhinjska re\u0161etka"},"content":{"rendered":"<h3>elektri\u010dna kuhinjska re\u0161etka<\/h3>\n<p>to <strong>elektri\u010dni likalnik<\/strong> od <strong><span style=\"color: #ff0000;\">TO<\/span><span style=\"color: #0000ff;\">R<\/span>c<\/strong> Ima kombinacijo <strong>\u017ear in re\u0161etka<\/strong> Popoln je za pe\u010denje zelenjave, mesa, zrezkov, lignjev, sira na \u017earu, pala\u010dink, ume\u0161anih jajc itd. 2 gladka gumba omogo\u010data lo\u010den nadzor temperature za kuhanje razli\u010dnih sestavin. The <strong><span style=\"color: #ff0000;\">TO<\/span><span style=\"color: #0000ff;\">R<\/span>CPEG1<\/strong> Idealen je za zasebno ali komercialno uporabo.<\/p>\n<p>The <strong>kuhinjska re\u0161etka<\/strong> Ima veliko kuhalno povr\u0161ino 72,8 x 40 cm. Kombinacija <strong>\u017ear-\u017ear<\/strong> Idealen je za hkratno pripravo razli\u010dnih jedi.<\/p>\n<p>The <strong>re\u0161etka z \u017earom<\/strong> Ima nadzor temperature od 50 do 300\u00baC, poleg tega <strong>elektri\u010dni likalnik<\/strong> od <strong>ARC<\/strong> <span style=\"color: #008000;\"><strong>stabilizira porabo energije, ko dose\u017ee najvi\u0161jo temperaturo<\/strong><\/span>. LED lu\u010dka prikazuje stanje ogrevanja.<\/p>\n<p>Velik aluminijast predal omogo\u010da zbiranje olja in smeti. Spodnji predal je mogo\u010de enostavno odstraniti za \u010di\u0161\u010denje in ohranjanje trajnosti enote. <strong>elektri\u010dni likalnik<\/strong>. Ve\u010d odprtin na obeh straneh u\u010dinkovito odvaja toploto in zagotavlja, da <strong>elektri\u010dni \u017ear<\/strong> vzdr\u017eujte primerno temperaturo.<\/p>\n<p>Iz varnostnih razlogov je<strong> elektri\u010dna kuhinjska re\u0161etka<\/strong> Dobava brez vtika\u010da. Pripravite neodvisen visokonapetostni vti\u010d.<\/p>\n<h6><\/h6>\n<h6><strong>Garancija\u00a0<span style=\"color: #ff0000;\">TO<\/span><span style=\"color: #0000ff;\">R<\/span>C 2 LETI<\/strong><\/h6>\n<h6><span style=\"color: #008000;\">U\u010dinkovita elektri\u010dna re\u0161etka za kuhanje, nizka poraba 4200 w<\/span><\/h6>\n<h6><strong>vklju\u010dena tehni\u010dna podpora.<\/strong><\/h6>\n<p>&nbsp;<\/p>\n<p>&nbsp;<\/p>\n<table role=\"presentation\" width=\"100%\" cellspacing=\"0\" cellpadding=\"0\">\n<tbody>\n<tr>\n<td class=\"attrLabels\">Temperatura:<\/td>\n<td width=\"50.0%\">50-300\u00baC<\/td>\n<\/tr>\n<tr>\n<td class=\"attrLabels\">Dr\u017eava distribucije:<\/td>\n<td width=\"50.0%\">\u0160panija, Nem\u010dija, ZDA<\/td>\n<td class=\"attrLabels\">Te\u017ea:<\/td>\n<td width=\"50.0%\">12 kg<\/td>\n<\/tr>\n<tr>\n<td class=\"attrLabels\">Znamka:<\/td>\n<td width=\"50.0%\">ARC<\/td>\n<td class=\"attrLabels\">Vi\u0161ina:<\/td>\n<td width=\"50.0%\">23 cm<\/td>\n<\/tr>\n<tr>\n<td class=\"attrLabels\">barva:<\/td>\n<td width=\"50.0%\">Srebrna<\/td>\n<td class=\"attrLabels\">dolgo:<\/td>\n<td width=\"50.0%\">73 cm<\/td>\n<\/tr>\n<tr>\n<td class=\"attrLabels\">Vrsta izdelka:<\/td>\n<td width=\"50.0%\">\u00a0elektri\u010dna kuhinjska re\u0161etka<\/td>\n<td class=\"attrLabels\">\u0160iroko:<\/td>\n<td width=\"50.0%\">52 cm<\/td>\n<\/tr>\n<tr>\n<td class=\"attrLabels\">\u0160tevilka proizvajalca:<\/td>\n<td width=\"50.0%\">ARCPEG1<\/td>\n<td class=\"attrLabels\">mo\u010d:<\/td>\n<td width=\"50.0%\">4200 W<\/td>\n<\/tr>\n<tr>\n<td class=\"attrLabels\">Material:<\/td>\n<td width=\"50.0%\">nerjave\u010de jeklo, \u017ear, regulacija temperature<\/td>\n<td class=\"attrLabels\">Vhodna napetost:<\/td>\n<td width=\"50.0%\">220V \u2013 50Hz<\/td>\n<\/tr>\n<tr>\n<td class=\"attrLabels\">Vrste \u017eeleza:<\/td>\n<td width=\"50.0%\">Plo\u0161\u010dati \u017ear<\/td>\n<td class=\"attrLabels\">Garancija:<\/td>\n<td width=\"50.0%\">2 LETI<\/td>\n<\/tr>\n<tr>\n<td class=\"attrLabels\">Velikost \u017eeleza:<\/td>\n<td width=\"50.0%\">72,8 x 40 cm<\/p>\n<p>&nbsp;<\/td>\n<td class=\"attrLabels\">Debelina:<\/td>\n<td width=\"50.0%\">0,8 cm<\/td>\n<\/tr>\n<\/tbody>\n<\/table>","protected":false},"excerpt":{"rendered":"<h2>Profesionalni elektri\u010dni likalnik z vgrajenim \u017earom<\/h2>\n<p>The <strong>gladek elektri\u010dni pe\u010d s profesionalnim \u017earom<\/strong> Je odli\u010dna re\u0161itev za komercialne kuhinje, ki i\u0161\u010dejo vsestranskost v enem samem kosu opreme. Z dimenzijami <strong>72 centimetrov (cm) x 40 centimetrov (cm)<\/strong>, ponuja ta re\u0161etka veliko gladko povr\u0161ino za enakomerno peko. Poleg tega ima a <strong>25% povr\u0161ina z \u017earom<\/strong>, ki omogo\u010da, da ozna\u010dite meso in mu daste tisti pridih <strong>\u017ear<\/strong> tako \u017eeleno, doseganje popolnega zaklju\u010dka z linijami \u017eara.<\/p>\n<h3>Zna\u010dilnosti in prednosti tega <strong>profesionalni elektri\u010dni likalnik<\/strong>:<\/h3>\n<ul>\n<li><strong>\u0160iroka gladka povr\u0161ina<\/strong>: Idealno za kuhanje \u017eivil, kot so jajca, pala\u010dinke, zelenjava, ribe in drugo, kar zagotavlja enakomerno kuhanje.<\/li>\n<li><strong>Prostor za \u017ear<\/strong>: Popoln za peko mesa, kot so zrezki, burgerji in pi\u0161\u010dan\u010dje prsi, ki jim daje privla\u010den videz in okus na \u017earu.<\/li>\n<li><strong>Nadzorovana temperatura<\/strong>: Omogo\u010da nastavitev temperature glede na vrsto hrane, kar vedno zagotavlja optimalno kuhanje.<\/li>\n<\/ul>\n<h3>Sektorji, kjer je to mogo\u010de izvesti <strong>elektri\u010dni pe\u010d s profesionalnim \u017earom<\/strong>:<\/h3>\n<ul>\n<li><strong>Restavracije<\/strong>: Idealno za pripravo ve\u010d jedi na istem omre\u017eju, od zajtrka do ve\u010derje.<\/li>\n<li><strong>Kavarne<\/strong>: Popoln za pripravo sendvi\u010dev, hamburgerjev in jedi na \u017earu.<\/li>\n<li><strong>tovornjaki s hrano<\/strong>: Zaradi vsestranskosti in velikosti je primeren za omejene prostore, saj ponuja mo\u017enost kuhanja najrazli\u010dnej\u0161ih \u017eivil.<\/li>\n<li><strong>Catering in dogodki<\/strong>: Odli\u010dna mo\u017enost za dogodke in catering, kjer sta hitrost in u\u010dinkovitost klju\u010dni.<\/li>\n<li><strong>Bari in \u017eari<\/strong>: mo\u017enost \u017eara je idealna za ponudbo izdelkov na \u017earu s popolnim zaklju\u010dkom.<\/li>\n<\/ul>\n<p>Zahvaljujo\u010d svoji zasnovi, ki zdru\u017euje a <strong>gladka povr\u0161ina<\/strong> in a <strong>integrirani \u017ear<\/strong>, to <strong>profesionalni elektri\u010dni likalnik<\/strong> Je nujna oprema za vsako kuhinjo, ki i\u0161\u010de vsestranskost, hitrost in kakovost pri pripravi. Mo\u017enost pe\u010denja mesa na \u017earu daje va\u0161im jedem posebno noto, ki jo kupci cenijo.<\/p>","protected":false},"featured_media":1149,"comment_status":"open","ping_status":"closed","template":"","meta":{"wds_primary_product_brand":0,"wds_primary_product_cat":0},"product_brand":[],"product_cat":[39],"product_tag":[],"class_list":{"0":"post-1142","1":"product","2":"type-product","3":"status-publish","4":"has-post-thumbnail","6":"product_cat-plancha-de-cosina","7":"product_shipping_class-hosteleria","9":"first","10":"instock","11":"sale","12":"taxable","13":"shipping-taxable","14":"purchasable","15":"product-type-simple"},"yoast_head":"<!-- This site is optimized with the Yoast SEO Premium plugin v24.9 (Yoast SEO v26.1) - https:\/\/yoast.com\/wordpress\/plugins\/seo\/ -->\n<title>Plancha de cocina el\u00e9ctrica - distribuci\u00f3n ARC<\/title>\n<meta name=\"robots\" content=\"index, follow, max-snippet:-1, max-image-preview:large, max-video-preview:-1\" \/>\n<link rel=\"canonical\" href=\"https:\/\/www.distribucionarc.com\/en\/producto\/plancha-de-cocina-electrica\/\" \/>\n<meta property=\"og:locale\" content=\"sl_SI\" \/>\n<meta property=\"og:type\" content=\"article\" \/>\n<meta property=\"og:title\" content=\"Plancha de cocina el\u00e9ctrica\" \/>\n<meta property=\"og:description\" content=\"Plancha El\u00e9ctrica Profesional con Grill Integrado La plancha el\u00e9ctrica lisa con grill profesional es la soluci\u00f3n perfecta para cocinas comerciales que buscan versatilidad en un solo equipo. Con unas dimensiones de 72 cent\u00edmetros (cm) x 40 cent\u00edmetros (cm), esta plancha ofrece una amplia superficie lisa para cocinar de manera uniforme. Adem\u00e1s, cuenta con un 25% de superficie con grill, lo que permite marcar la carne y darle ese toque de barbacoa tan deseado, logrando un acabado perfecto con l\u00edneas de grill. Caracter\u00edsticas y ventajas de esta plancha el\u00e9ctrica profesional:   Superficie lisa amplia: Ideal para cocinar alimentos como huevos, tortitas, verduras, pescados, y m\u00e1s, asegurando una cocci\u00f3n uniforme.  \u00c1rea con grill: Perfecta para marcar carnes, como filetes, hamburguesas, y pechugas de pollo, d\u00e1ndoles un aspecto atractivo y un sabor a la parrilla.  Temperatura controlable: Permite ajustar la temperatura seg\u00fan el tipo de alimento, garantizando siempre una cocci\u00f3n \u00f3ptima.  Sectores donde se puede implementar esta plancha el\u00e9ctrica con grill profesional:   Restaurantes: Ideal para preparar m\u00faltiples platos en una misma plancha, desde desayunos hasta cenas.  Cafeter\u00edas: Perfecta para cocinar bocadillos, hamburguesas y alimentos a la parrilla.  Food trucks: Su versatilidad y tama\u00f1o la hacen adecuada para espacios limitados, ofreciendo la posibilidad de cocinar una amplia variedad de alimentos.  Catering y eventos: Excelente opci\u00f3n para eventos y catering, donde la rapidez y eficiencia son clave.  Bares y parrillas: La opci\u00f3n con grill es ideal para ofrecer productos a la parrilla con un acabado perfecto.  Gracias a su dise\u00f1o que combina una superficie lisa y un grill integrado, esta plancha el\u00e9ctrica profesional es un equipo indispensable para cualquier cocina que busque versatilidad, rapidez y calidad en sus preparaciones. La posibilidad de marcar carnes en el grill le da a tus platos ese toque extra que los clientes valoran.\" \/>\n<meta property=\"og:url\" content=\"https:\/\/www.distribucionarc.com\/en\/producto\/plancha-de-cocina-electrica\/\" \/>\n<meta property=\"og:site_name\" content=\"distribuci\u00f3n ARC\" \/>\n<meta property=\"article:modified_time\" content=\"2024-09-08T07:29:46+00:00\" \/>\n<meta property=\"og:image\" content=\"https:\/\/distribucionarc.com\/wp-content\/uploads\/2020\/07\/Plancha-de-cocina-el\u00e9ctrica-0.jpg\" \/>\n\t<meta property=\"og:image:width\" content=\"1600\" \/>\n\t<meta property=\"og:image:height\" content=\"1600\" \/>\n\t<meta property=\"og:image:type\" content=\"image\/jpeg\" \/>\n<meta name=\"twitter:card\" content=\"summary_large_image\" \/>\n<meta name=\"twitter:label1\" content=\"Est. reading time\" \/>\n\t<meta name=\"twitter:data1\" content=\"2 minuti\" \/>\n<script type=\"application\/ld+json\" class=\"yoast-schema-graph\">{\"@context\":\"https:\/\/schema.org\",\"@graph\":[{\"@type\":\"WebPage\",\"@id\":\"https:\/\/www.distribucionarc.com\/en\/producto\/plancha-de-cocina-electrica\/\",\"url\":\"https:\/\/www.distribucionarc.com\/en\/producto\/plancha-de-cocina-electrica\/\",\"name\":\"Plancha de cocina el\u00e9ctrica - distribuci\u00f3n ARC\",\"isPartOf\":{\"@id\":\"https:\/\/www.distribucionarc.com\/sl\/#website\"},\"primaryImageOfPage\":{\"@id\":\"https:\/\/www.distribucionarc.com\/en\/producto\/plancha-de-cocina-electrica\/#primaryimage\"},\"image\":{\"@id\":\"https:\/\/www.distribucionarc.com\/en\/producto\/plancha-de-cocina-electrica\/#primaryimage\"},\"thumbnailUrl\":\"https:\/\/distribucionarc.com\/wp-content\/uploads\/2020\/07\/Plancha-de-cocina-el\u00e9ctrica-0.jpg\",\"datePublished\":\"2020-07-17T10:08:12+00:00\",\"dateModified\":\"2024-09-08T07:29:46+00:00\",\"breadcrumb\":{\"@id\":\"https:\/\/www.distribucionarc.com\/en\/producto\/plancha-de-cocina-electrica\/#breadcrumb\"},\"inLanguage\":\"sl-SI\",\"potentialAction\":[{\"@type\":\"ReadAction\",\"target\":[\"https:\/\/www.distribucionarc.com\/en\/producto\/plancha-de-cocina-electrica\/\"]}]},{\"@type\":\"ImageObject\",\"inLanguage\":\"sl-SI\",\"@id\":\"https:\/\/www.distribucionarc.com\/en\/producto\/plancha-de-cocina-electrica\/#primaryimage\",\"url\":\"https:\/\/distribucionarc.com\/wp-content\/uploads\/2020\/07\/Plancha-de-cocina-el\u00e9ctrica-0.jpg\",\"contentUrl\":\"https:\/\/distribucionarc.com\/wp-content\/uploads\/2020\/07\/Plancha-de-cocina-el\u00e9ctrica-0.jpg\",\"width\":1600,\"height\":1600,\"caption\":\"Plancha cocina electrica\"},{\"@type\":\"BreadcrumbList\",\"@id\":\"https:\/\/www.distribucionarc.com\/en\/producto\/plancha-de-cocina-electrica\/#breadcrumb\",\"itemListElement\":[{\"@type\":\"ListItem\",\"position\":1,\"name\":\"Portada\",\"item\":\"https:\/\/www.distribucionarc.com\/\"},{\"@type\":\"ListItem\",\"position\":2,\"name\":\"\u00dcr\u00fcnler\",\"item\":\"https:\/\/www.distribucionarc.com\/tr\/magaza\/\"},{\"@type\":\"ListItem\",\"position\":3,\"name\":\"Plancha de cocina el\u00e9ctrica\"}]},{\"@type\":\"WebSite\",\"@id\":\"https:\/\/www.distribucionarc.com\/sl\/#website\",\"url\":\"https:\/\/www.distribucionarc.com\/sl\/\",\"name\":\"distribuci\u00f3n ARC\",\"description\":\"Empresa especializada en la fabricaci\u00f3n y distribuci\u00f3n de maquinaria industrial, selladoras de latas, Maquinas de hacer pastillas, Maquinas de cortar carne...\",\"publisher\":{\"@id\":\"https:\/\/www.distribucionarc.com\/sl\/#organization\"},\"potentialAction\":[{\"@type\":\"SearchAction\",\"target\":{\"@type\":\"EntryPoint\",\"urlTemplate\":\"https:\/\/www.distribucionarc.com\/sl\/?s={search_term_string}\"},\"query-input\":{\"@type\":\"PropertyValueSpecification\",\"valueRequired\":true,\"valueName\":\"search_term_string\"}}],\"inLanguage\":\"sl-SI\"},{\"@type\":\"Organization\",\"@id\":\"https:\/\/www.distribucionarc.com\/sl\/#organization\",\"name\":\"Distribuci\u00f3n ARC\",\"url\":\"https:\/\/www.distribucionarc.com\/sl\/\",\"logo\":{\"@type\":\"ImageObject\",\"inLanguage\":\"sl-SI\",\"@id\":\"https:\/\/www.distribucionarc.com\/sl\/#\/schema\/logo\/image\/\",\"url\":\"https:\/\/distribucionarc.com\/wp-content\/uploads\/2024\/10\/distribucion-ARC-COLOR-SIN-FONDO-e1732295305345.png\",\"contentUrl\":\"https:\/\/distribucionarc.com\/wp-content\/uploads\/2024\/10\/distribucion-ARC-COLOR-SIN-FONDO-e1732295305345.png\",\"width\":1164,\"height\":558,\"caption\":\"Distribuci\u00f3n ARC\"},\"image\":{\"@id\":\"https:\/\/www.distribucionarc.com\/sl\/#\/schema\/logo\/image\/\"},\"description\":\"Empresa especializada en la fabricaci\u00f3n y distribuci\u00f3n de maquinaria industrial para los sectores alimentario y farmac\u00e9utico. Nos especializamos en: M\u00e1quinas de cortar carne Fabricaci\u00f3n de comprimidos Sistemas de transporte industrial L\u00edneas de embotellado Dosificadores Y mucho m\u00e1s... Ofrecemos soluciones innovadoras y personalizadas para optimizar los procesos productivos de tu empresa.\",\"email\":\"Admistracion@distribucionarc.com\",\"telephone\":\"+34 643496664\",\"legalName\":\"ARC TECH SOLUTIONS\",\"foundingDate\":\"2024-04-09\",\"vatID\":\"B55480172\",\"numberOfEmployees\":{\"@type\":\"QuantitativeValue\",\"minValue\":\"1\",\"maxValue\":\"10\"}}]}<\/script>\n<!-- \/ Yoast SEO Premium plugin. -->","yoast_head_json":{"title":"Elektri\u010dna kuhalna plo\u0161\u010da - ARC distribucija","robots":{"index":"index","follow":"follow","max-snippet":"max-snippet:-1","max-image-preview":"max-image-preview:large","max-video-preview":"max-video-preview:-1"},"canonical":"https:\/\/www.distribucionarc.com\/en\/producto\/plancha-de-cocina-electrica\/","og_locale":"sl_SI","og_type":"article","og_title":"Plancha de cocina el\u00e9ctrica","og_description":"Plancha El\u00e9ctrica Profesional con Grill Integrado La plancha el\u00e9ctrica lisa con grill profesional es la soluci\u00f3n perfecta para cocinas comerciales que buscan versatilidad en un solo equipo. Con unas dimensiones de 72 cent\u00edmetros (cm) x 40 cent\u00edmetros (cm), esta plancha ofrece una amplia superficie lisa para cocinar de manera uniforme. Adem\u00e1s, cuenta con un 25% de superficie con grill, lo que permite marcar la carne y darle ese toque de barbacoa tan deseado, logrando un acabado perfecto con l\u00edneas de grill. Caracter\u00edsticas y ventajas de esta plancha el\u00e9ctrica profesional:   Superficie lisa amplia: Ideal para cocinar alimentos como huevos, tortitas, verduras, pescados, y m\u00e1s, asegurando una cocci\u00f3n uniforme.  \u00c1rea con grill: Perfecta para marcar carnes, como filetes, hamburguesas, y pechugas de pollo, d\u00e1ndoles un aspecto atractivo y un sabor a la parrilla.  Temperatura controlable: Permite ajustar la temperatura seg\u00fan el tipo de alimento, garantizando siempre una cocci\u00f3n \u00f3ptima.  Sectores donde se puede implementar esta plancha el\u00e9ctrica con grill profesional:   Restaurantes: Ideal para preparar m\u00faltiples platos en una misma plancha, desde desayunos hasta cenas.  Cafeter\u00edas: Perfecta para cocinar bocadillos, hamburguesas y alimentos a la parrilla.  Food trucks: Su versatilidad y tama\u00f1o la hacen adecuada para espacios limitados, ofreciendo la posibilidad de cocinar una amplia variedad de alimentos.  Catering y eventos: Excelente opci\u00f3n para eventos y catering, donde la rapidez y eficiencia son clave.  Bares y parrillas: La opci\u00f3n con grill es ideal para ofrecer productos a la parrilla con un acabado perfecto.  Gracias a su dise\u00f1o que combina una superficie lisa y un grill integrado, esta plancha el\u00e9ctrica profesional es un equipo indispensable para cualquier cocina que busque versatilidad, rapidez y calidad en sus preparaciones. La posibilidad de marcar carnes en el grill le da a tus platos ese toque extra que los clientes valoran.","og_url":"https:\/\/www.distribucionarc.com\/en\/producto\/plancha-de-cocina-electrica\/","og_site_name":"distribuci\u00f3n ARC","article_modified_time":"2024-09-08T07:29:46+00:00","og_image":[{"width":1600,"height":1600,"url":"https:\/\/distribucionarc.com\/wp-content\/uploads\/2020\/07\/Plancha-de-cocina-el\u00e9ctrica-0.jpg","type":"image\/jpeg"}],"twitter_card":"summary_large_image","twitter_misc":{"Est. reading time":"2 minuti"},"schema":{"@context":"https:\/\/schema.org","@graph":[{"@type":"WebPage","@id":"https:\/\/www.distribucionarc.com\/en\/producto\/plancha-de-cocina-electrica\/","url":"https:\/\/www.distribucionarc.com\/en\/producto\/plancha-de-cocina-electrica\/","name":"Elektri\u010dna kuhalna plo\u0161\u010da - ARC distribucija","isPartOf":{"@id":"https:\/\/www.distribucionarc.com\/sl\/#website"},"primaryImageOfPage":{"@id":"https:\/\/www.distribucionarc.com\/en\/producto\/plancha-de-cocina-electrica\/#primaryimage"},"image":{"@id":"https:\/\/www.distribucionarc.com\/en\/producto\/plancha-de-cocina-electrica\/#primaryimage"},"thumbnailUrl":"https:\/\/distribucionarc.com\/wp-content\/uploads\/2020\/07\/Plancha-de-cocina-el\u00e9ctrica-0.jpg","datePublished":"2020-07-17T10:08:12+00:00","dateModified":"2024-09-08T07:29:46+00:00","breadcrumb":{"@id":"https:\/\/www.distribucionarc.com\/en\/producto\/plancha-de-cocina-electrica\/#breadcrumb"},"inLanguage":"sl-SI","potentialAction":[{"@type":"ReadAction","target":["https:\/\/www.distribucionarc.com\/en\/producto\/plancha-de-cocina-electrica\/"]}]},{"@type":"ImageObject","inLanguage":"sl-SI","@id":"https:\/\/www.distribucionarc.com\/en\/producto\/plancha-de-cocina-electrica\/#primaryimage","url":"https:\/\/distribucionarc.com\/wp-content\/uploads\/2020\/07\/Plancha-de-cocina-el\u00e9ctrica-0.jpg","contentUrl":"https:\/\/distribucionarc.com\/wp-content\/uploads\/2020\/07\/Plancha-de-cocina-el\u00e9ctrica-0.jpg","width":1600,"height":1600,"caption":"Plancha cocina electrica"},{"@type":"BreadcrumbList","@id":"https:\/\/www.distribucionarc.com\/en\/producto\/plancha-de-cocina-electrica\/#breadcrumb","itemListElement":[{"@type":"ListItem","position":1,"name":"Portada","item":"https:\/\/www.distribucionarc.com\/"},{"@type":"ListItem","position":2,"name":"\u00dcr\u00fcnler","item":"https:\/\/www.distribucionarc.com\/tr\/magaza\/"},{"@type":"ListItem","position":3,"name":"Plancha de cocina el\u00e9ctrica"}]},{"@type":"WebSite","@id":"https:\/\/www.distribucionarc.com\/sl\/#website","url":"https:\/\/www.distribucionarc.com\/sl\/","name":"ARC porazdelitev","description":"Podjetje je specializirano za proizvodnjo in distribucijo industrijskih strojev, strojev za zapiranje plo\u010devink, strojev za izdelavo tablet, strojev za rezanje mesa...","publisher":{"@id":"https:\/\/www.distribucionarc.com\/sl\/#organization"},"potentialAction":[{"@type":"SearchAction","target":{"@type":"EntryPoint","urlTemplate":"https:\/\/www.distribucionarc.com\/sl\/?s={search_term_string}"},"query-input":{"@type":"PropertyValueSpecification","valueRequired":true,"valueName":"search_term_string"}}],"inLanguage":"sl-SI"},{"@type":"Organization","@id":"https:\/\/www.distribucionarc.com\/sl\/#organization","name":"Distribucija ARC","url":"https:\/\/www.distribucionarc.com\/sl\/","logo":{"@type":"ImageObject","inLanguage":"sl-SI","@id":"https:\/\/www.distribucionarc.com\/sl\/#\/schema\/logo\/image\/","url":"https:\/\/distribucionarc.com\/wp-content\/uploads\/2024\/10\/distribucion-ARC-COLOR-SIN-FONDO-e1732295305345.png","contentUrl":"https:\/\/distribucionarc.com\/wp-content\/uploads\/2024\/10\/distribucion-ARC-COLOR-SIN-FONDO-e1732295305345.png","width":1164,"height":558,"caption":"Distribuci\u00f3n ARC"},"image":{"@id":"https:\/\/www.distribucionarc.com\/sl\/#\/schema\/logo\/image\/"},"description":"Podjetje, specializirano za proizvodnjo in distribucijo industrijskih strojev za \u017eivilski in farmacevtski sektor. Specializirani smo za: Stroji za rezanje mesa Proizvodnja tablet Industrijski transportni sistemi Stekleni\u010darske linije Dozirni stroji In \u0161e veliko ve\u010d... Ponujamo inovativne in prilagojene re\u0161itve za optimizacijo proizvodnih procesov va\u0161ega podjetja.","email":"Admistracion@distribucionarc.com","telephone":"+34 643496664","legalName":"ARC TECH SOLUTIONS","foundingDate":"2024-04-09","vatID":"B55480172","numberOfEmployees":{"@type":"QuantitativeValue","minValue":"1","maxValue":"10"}}]}},"_links":{"self":[{"href":"https:\/\/distribucionarc.com\/sl\/wp-json\/wp\/v2\/product\/1142","targetHints":{"allow":["GET"]}}],"collection":[{"href":"https:\/\/distribucionarc.com\/sl\/wp-json\/wp\/v2\/product"}],"about":[{"href":"https:\/\/distribucionarc.com\/sl\/wp-json\/wp\/v2\/types\/product"}],"replies":[{"embeddable":true,"href":"https:\/\/distribucionarc.com\/sl\/wp-json\/wp\/v2\/comments?post=1142"}],"version-history":[{"count":0,"href":"https:\/\/distribucionarc.com\/sl\/wp-json\/wp\/v2\/product\/1142\/revisions"}],"wp:featuredmedia":[{"embeddable":true,"href":"https:\/\/distribucionarc.com\/sl\/wp-json\/wp\/v2\/media\/1149"}],"wp:attachment":[{"href":"https:\/\/distribucionarc.com\/sl\/wp-json\/wp\/v2\/media?parent=1142"}],"wp:term":[{"taxonomy":"product_brand","embeddable":true,"href":"https:\/\/distribucionarc.com\/sl\/wp-json\/wp\/v2\/product_brand?post=1142"},{"taxonomy":"product_cat","embeddable":true,"href":"https:\/\/distribucionarc.com\/sl\/wp-json\/wp\/v2\/product_cat?post=1142"},{"taxonomy":"product_tag","embeddable":true,"href":"https:\/\/distribucionarc.com\/sl\/wp-json\/wp\/v2\/product_tag?post=1142"}],"curies":[{"name":"delovni list","href":"https:\/\/api.w.org\/{rel}","templated":true}]}}