{"id":1210,"date":"2020-07-17T16:01:37","date_gmt":"2020-07-17T16:01:37","guid":{"rendered":"https:\/\/distribucionarc.com\/?post_type=product&#038;p=1210"},"modified":"2024-09-08T17:51:46","modified_gmt":"2024-09-08T17:51:46","slug":"avtomatski-stroj-za-krofe-ali-rosquillas-profesionalni","status":"publish","type":"product","link":"https:\/\/distribucionarc.com\/sl\/producto\/maquina-automatica-para-donuts-o-rosquillas-profesional\/","title":{"rendered":"Profesionalni avtomatski aparat za krofe ali krofe"},"content":{"rendered":"<h3>Profesionalni avtomatski aparat za krofe ali krofe<\/h3>\n<p>Pove\u010dajte svojo proizvodnjo, ne da bi pri tem izgubili okus va\u0161ega izdelka z<strong> avtomatski aparat za krofe<\/strong> od <strong><span style=\"color: #ff0000;\">TO<\/span><span style=\"color: #0000ff;\">R<\/span>c<\/strong>. Ima potrebne lastnosti, da poudarite va\u0161 a<strong>visoka zmogljivost<\/strong>, vodljivost in <span style=\"color: #008000;\"><strong>nizka poraba energije<\/strong><\/span>.<\/p>\n<p>to <strong>komercialni stroj za krofe<\/strong> od <strong><span style=\"color: #ff0000;\">TO<\/span><span style=\"color: #0000ff;\">R<\/span>c<\/strong> Izdelan je iz nerjave\u010dega jekla 304 za \u017eivila, trden in vzdr\u017eljiv. Odporen proti koroziji, odporen proti rji in enostaven za \u010di\u0161\u010denje.<\/p>\n<p>The <strong>avtomatski aparat za krofe<\/strong> <strong><span style=\"color: #ff0000;\">TO<\/span><span style=\"color: #0000ff;\">R<\/span>CMAD10<\/strong> Opremljen je z inteligentno nadzorno plo\u0161\u010do za priro\u010den in natan\u010den nadzor temperature olja in \u010dasa cvrtja. Z indikatorji, ki ves \u010das prikazujejo stanje kuhanja. to <strong>aparat za krofe<\/strong>\u00a0od <strong><span style=\"color: #ff0000;\">TO<\/span><span style=\"color: #0000ff;\">R<\/span>c<\/strong> Je popolnoma samodejen, s samodejnim oblikovanjem, samodejnim nadzorom temperature, samodejnim cvrtjem, samodejnim obra\u010danjem in izhodom, kar <span style=\"color: #008000;\"><strong>mo\u010dno prihrani va\u0161o energijo<\/strong> <\/span>in njegov \u010das.<\/p>\n<p>The <strong>mini avtomatski stroj za izdelavo krofov<\/strong> Prilo\u017een je velik lijak za 7 litrov testa. Naredite lahko ve\u010d krofov hkrati, ne da bi vam bilo treba znova polniti posodo.<\/p>\n<p>Na voljo so tri velikosti modelov za krofe (2,5 cm\/3,5 cm\/4,5 cm), ki izdelujejo majhne krofe, srednje velike krofe in velike krofe, ki ustrezajo va\u0161im razli\u010dnim zahtevam. Sposobnost izdelave 1100 krofov velikosti 3-5 cm na uro, 950 krofov velikosti 5-9 cm na uro ali 850 kosov krofov velikosti 7-12 cm na uro.<\/p>\n<p>Prilo\u017eeni so razli\u010dni dodatki, vklju\u010dno z dvema prijemalkama za hrano, dvema 20L merilnima valjema <span style=\"font-size: 16px; font-style: normal; font-weight: 400;\">\u00a0in dva pladnja za shranjevanje ocvrtih krofov.<\/span><\/p>\n<p>&nbsp;<\/p>\n<h6><strong>Garancija\u00a0<span style=\"color: #ff0000;\">TO<\/span><span style=\"color: #0000ff;\">R<\/span>c<\/strong><strong>\u00a02 LETI<\/strong><\/h6>\n<h6><span style=\"color: #008000;\">Avtomatska naprava za krofe in krofe u\u010dinkovita, nizka poraba 5800w<\/span><\/h6>\n<h6><strong>vklju\u010dena tehni\u010dna podpora<\/strong><\/h6>\n<p>&nbsp;<\/p>\n<table>\n<thead>\n<tr>\n<th><strong>Zna\u010dilnosti<\/strong><\/th>\n<th><strong>Opis<\/strong><\/th>\n<\/tr>\n<\/thead>\n<tbody>\n<tr>\n<td><strong>\u0160tevilka proizvajalca<\/strong><\/td>\n<td>ARCMAD11<\/td>\n<\/tr>\n<tr>\n<td><strong>Dr\u017eave s tehni\u010dno podporo<\/strong><\/td>\n<td><a href=\"https:\/\/distribucionarc.com\/sl\/tehnicna-sluzba\/\">Tukaj se posvetujte s tehni\u010dno podporo<\/a><\/td>\n<\/tr>\n<tr>\n<td><strong>Te\u017ea<\/strong><\/td>\n<td>48 kilogramov (kg)<\/td>\n<\/tr>\n<tr>\n<td><strong>Dimenzije stroja<\/strong><\/td>\n<td><strong>visoko<\/strong>: 65 cm, <strong>dolgo<\/strong>: 110 cm, <strong>\u0160iroko<\/strong>: 55 cm<\/td>\n<\/tr>\n<tr>\n<td><strong>barva<\/strong><\/td>\n<td>Srebrna<\/td>\n<\/tr>\n<tr>\n<td><strong>Mo\u010d<\/strong><\/td>\n<td>2800 vatov (W)<\/td>\n<\/tr>\n<tr>\n<td><strong>vhodna napetost<\/strong><\/td>\n<td>220V \u2013 60Hz<\/td>\n<\/tr>\n<tr>\n<td><strong>Temperaturno obmo\u010dje<\/strong><\/td>\n<td>0-300\u00baC<\/td>\n<\/tr>\n<tr>\n<td><strong>Velikost krofa<\/strong><\/td>\n<td>2,5 cm\/3,5 cm\/4,5 cm<\/td>\n<\/tr>\n<tr>\n<td><strong>Proizvodnja<\/strong><\/td>\n<td>850 \u2013 1100 krofov na uro (odvisno od velikosti)<\/td>\n<\/tr>\n<tr>\n<td><strong>Material<\/strong><\/td>\n<td>Nerjave\u010de jeklo z nadzorom temperature, popolnoma avtomatski sistem<\/td>\n<\/tr>\n<tr>\n<td><strong>Orodja za namestitev<\/strong><\/td>\n<td>Vklju\u010deno<\/td>\n<\/tr>\n<tr>\n<td><strong>Znamka<\/strong><\/td>\n<td>ARC<\/td>\n<\/tr>\n<tr>\n<td><strong>Garancija<\/strong><\/td>\n<td>2 leti<\/td>\n<\/tr>\n<\/tbody>\n<\/table>\n<p>&nbsp;<\/p>\n<p>&nbsp;<\/p>","protected":false},"excerpt":{"rendered":"<p><strong>Profesionalni avtomatski stroj za izdelavo krofov \u2013 industrijska uporaba<\/strong><\/p>\n<p>to <strong>profesionalni stroj za izdelavo krofov<\/strong> Zasnovan je za mno\u017ei\u010dno proizvodnjo, idealen za tovarne, pekarne ali velike dogodke. Z zmogljivostjo proizvodnje do <strong>1100 krofov na uro<\/strong>, ta stroj je u\u010dinkovit in vsestranski ter omogo\u010da ustvarjanje krofov v <strong>tri razli\u010dne velikosti<\/strong>. Izmenljivi kalupi ponujajo mo\u017enosti za <strong>mini krofi<\/strong>, <strong>srednji krofi<\/strong> in <strong>veliki krofi<\/strong>, ki izpolnjuje razli\u010dne proizvodne zahteve.<\/p>\n<h3>Glavne zna\u010dilnosti:<\/h3>\n<ul>\n<li><strong>Tri velikosti kalupov<\/strong>:\n<ul>\n<li><strong>mini krofi<\/strong> 2,5 centimetra (cm)<\/li>\n<li><strong>Srednji krofi<\/strong> 3,5 cm<\/li>\n<li><strong>veliki krofi<\/strong> 4,5 cm<\/li>\n<\/ul>\n<p>Stroj proizvaja:<\/p>\n<ul>\n<li><strong>1100 mini krofov na uro<\/strong> (3 do 5 cm v premeru)<\/li>\n<li><strong>950 srednjih krofov na uro<\/strong> (5 do 9 cm v premeru)<\/li>\n<li><strong>850 velikih krofov na uro<\/strong> (7 do 12 cm v premeru)<\/li>\n<\/ul>\n<\/li>\n<li><strong>Teko\u010di trak<\/strong>: Vklju\u010duje samodejni teko\u010di trak, ki omogo\u010da, da olje odte\u010de iz krofov, kar zagotavlja popoln zaklju\u010dek in zmanj\u0161a koli\u010dino olja v kon\u010dnem izdelku.<\/li>\n<li><strong>Visokokakovosten material<\/strong>: Izdelan iz nerjave\u010dega jekla, zagotavlja vzdr\u017eljivost in enostavno vzdr\u017eevanje, poleg tega pa je varen za stik z \u017eivili.<\/li>\n<li><strong>Intuitivna nadzorna plo\u0161\u010da<\/strong>: Omogo\u010da enostavno prilagajanje nastavitev, da ustrezajo razli\u010dnim receptom in proizvodnim zahtevam.<\/li>\n<\/ul>\n<h3>Primeri uporabe:<\/h3>\n<ul>\n<li><strong>Industrijske pekarne<\/strong>: Popoln za hitro in u\u010dinkovito pripravo velikih koli\u010din krofov.<\/li>\n<li><strong>Tovarne hrane<\/strong>: Idealno za podjetja, ki potrebujejo visoko produktivni in enostaven stroj za vzdr\u017eevanje.<\/li>\n<li><strong>kavne verige<\/strong>: Zagotoviti dosledno in enotno proizvodnjo sve\u017eih krofov.<\/li>\n<li><strong>Ve\u010dji dogodki in pogostitev<\/strong>: Odli\u010dna mo\u017enost za zadovoljitev povpra\u0161evanja po mno\u017ei\u010dnih dogodkih.<\/li>\n<\/ul>\n<h3>Sektorji, kjer se lahko izvaja:<\/h3>\n<ul>\n<li><strong>Tovarne za proizvodnjo hrane<\/strong>: \u0160e posebej tiste, ki se ukvarjajo s proizvodnjo sladkarij.<\/li>\n<li><strong>Pekarne in pecivo<\/strong>: Za pove\u010danje dnevne proizvodne zmogljivosti.<\/li>\n<li><strong>Kavarne in fran\u0161ize<\/strong>: Idealno za podjetja, ki i\u0161\u010dejo neprekinjeno in nadzorovano proizvodnjo krofov.<\/li>\n<li><strong>Catering in mno\u017ei\u010dne prireditve<\/strong>: Zagotavlja stalen pretok sve\u017eih, visokokakovostnih izdelkov za veliko \u0161tevilo udele\u017eencev.<\/li>\n<\/ul>\n<p>S tem <strong>profesionalni stroj za izdelavo krofov<\/strong>, bo va\u0161e podjetje lahko pove\u010dalo produktivnost ter u\u010dinkovito in hitro zadostilo povpra\u0161evanju s ponudbo popolnih krofov v razli\u010dnih velikostih. Sistem za <strong>avtomatsko odvajanje vode<\/strong> zmanj\u0161uje vsebnost olja, s \u010dimer izbolj\u0161a kakovost kon\u010dnega izdelka in ga naredi bolj zdravega ter privla\u010dnej\u0161ega za potro\u0161nike.<\/p>","protected":false},"featured_media":1217,"comment_status":"open","ping_status":"closed","template":"","meta":{"wds_primary_product_brand":0,"wds_primary_product_cat":0},"product_brand":[],"product_cat":[56,53],"product_tag":[],"class_list":{"0":"post-1210","1":"product","2":"type-product","3":"status-publish","4":"has-post-thumbnail","6":"product_cat-maquinaria-para-ferias","7":"product_cat-panaderia-y-pasteleria-industrial","8":"product_shipping_class-hosteleria","10":"first","11":"instock","12":"sale","13":"taxable","14":"shipping-taxable","15":"purchasable","16":"product-type-simple"},"yoast_head":"<!-- This site is optimized with the Yoast SEO Premium plugin v24.9 (Yoast SEO v26.1) - https:\/\/yoast.com\/wordpress\/plugins\/seo\/ -->\n<title>M\u00e1quina autom\u00e1tica para donuts o rosquillas profesional - distribuci\u00f3n ARC<\/title>\n<meta name=\"robots\" content=\"index, follow, max-snippet:-1, max-image-preview:large, max-video-preview:-1\" \/>\n<link rel=\"canonical\" href=\"https:\/\/www.distribucionarc.com\/nl\/producto\/maquina-automatica-para-donuts-o-rosquillas-profesional\/\" \/>\n<meta property=\"og:locale\" content=\"sl_SI\" \/>\n<meta property=\"og:type\" content=\"article\" \/>\n<meta property=\"og:title\" content=\"M\u00e1quina autom\u00e1tica para donuts o rosquillas profesional\" \/>\n<meta property=\"og:description\" content=\"M\u00e1quina autom\u00e1tica para hacer donuts profesional \u2013 Uso industrial  Esta m\u00e1quina profesional para hacer donuts est\u00e1 dise\u00f1ada para la producci\u00f3n en masa, ideal para f\u00e1bricas, panader\u00edas o grandes eventos. Con capacidad para producir hasta 1100 donuts por hora, esta m\u00e1quina es eficiente y vers\u00e1til, permitiendo la creaci\u00f3n de donuts en tres tama\u00f1os diferentes. Los moldes intercambiables ofrecen opciones para mini donuts, donuts medianos y donuts grandes, lo que satisface los diferentes requisitos de producci\u00f3n. Caracter\u00edsticas principales:   Tres tama\u00f1os de moldes:   Mini donuts de 2,5 cent\u00edmetros (cm)  Donuts medianos de 3,5 cm  Donuts grandes de 4,5 cm  La m\u00e1quina produce:   1100 mini donuts por hora (3 a 5 cm de di\u00e1metro)  950 donuts medianos por hora (5 a 9 cm de di\u00e1metro)  850 donuts grandes por hora (7 a 12 cm de di\u00e1metro)    Cinta transportadora: Incluye una cinta transportadora autom\u00e1tica que permite escurrir el aceite de los donuts, asegurando un acabado perfecto y reduciendo la cantidad de aceite en el producto final.  Material de alta calidad: Fabricada en acero inoxidable, garantiza durabilidad y un f\u00e1cil mantenimiento, adem\u00e1s de ser segura para el contacto con alimentos.  Panel de control intuitivo: Facilita el ajuste de las configuraciones para adaptarse a diferentes recetas y requisitos de producci\u00f3n.  Ejemplos de uso:   Panader\u00edas industriales: Perfecta para producir grandes cantidades de donuts de forma r\u00e1pida y eficiente.  F\u00e1bricas de alimentos: Ideal para empresas que necesitan una m\u00e1quina de alta producci\u00f3n y f\u00e1cil mantenimiento.  Cadenas de cafeter\u00edas: Para garantizar una producci\u00f3n constante y uniforme de donuts frescos.  Eventos y catering a gran escala: Excelente opci\u00f3n para satisfacer la demanda de eventos multitudinarios.  Sectores donde se puede implementar:   F\u00e1bricas de producci\u00f3n alimentaria: Especialmente aquellas dedicadas a la producci\u00f3n de dulces.  Panader\u00edas y pasteler\u00edas: Para aumentar la capacidad de producci\u00f3n diaria.  Cafeter\u00edas y franquicias: Ideal para negocios que buscan una producci\u00f3n continua y controlada de donuts.  Catering y eventos masivos: Asegura un flujo constante de productos frescos y de alta calidad para grandes cantidades de asistentes.  Con esta m\u00e1quina profesional para hacer donuts, tu negocio podr\u00e1 aumentar la productividad y satisfacer la demanda de manera eficiente y r\u00e1pida, ofreciendo donuts perfectos en diferentes tama\u00f1os. El sistema de escurrido autom\u00e1tico reduce el contenido de aceite, mejorando la calidad del producto final y haci\u00e9ndolo m\u00e1s saludable y atractivo para los consumidores.\" \/>\n<meta property=\"og:url\" content=\"https:\/\/www.distribucionarc.com\/nl\/producto\/maquina-automatica-para-donuts-o-rosquillas-profesional\/\" \/>\n<meta property=\"og:site_name\" content=\"distribuci\u00f3n ARC\" \/>\n<meta property=\"article:modified_time\" content=\"2024-09-08T17:51:46+00:00\" \/>\n<meta property=\"og:image\" content=\"https:\/\/distribucionarc.com\/wp-content\/uploads\/2020\/07\/M\u00e1quina-autom\u00e1tica-para-donuts-rosquillas-profesional-0.jpg\" \/>\n\t<meta property=\"og:image:width\" content=\"1600\" \/>\n\t<meta property=\"og:image:height\" content=\"1600\" \/>\n\t<meta property=\"og:image:type\" content=\"image\/jpeg\" \/>\n<meta name=\"twitter:card\" content=\"summary_large_image\" \/>\n<meta name=\"twitter:label1\" content=\"Est. reading time\" \/>\n\t<meta name=\"twitter:data1\" content=\"2 minuti\" \/>\n<script type=\"application\/ld+json\" class=\"yoast-schema-graph\">{\"@context\":\"https:\/\/schema.org\",\"@graph\":[{\"@type\":\"WebPage\",\"@id\":\"https:\/\/www.distribucionarc.com\/nl\/producto\/maquina-automatica-para-donuts-o-rosquillas-profesional\/\",\"url\":\"https:\/\/www.distribucionarc.com\/nl\/producto\/maquina-automatica-para-donuts-o-rosquillas-profesional\/\",\"name\":\"M\u00e1quina autom\u00e1tica para donuts o rosquillas profesional - distribuci\u00f3n ARC\",\"isPartOf\":{\"@id\":\"https:\/\/www.distribucionarc.com\/sl\/#website\"},\"primaryImageOfPage\":{\"@id\":\"https:\/\/www.distribucionarc.com\/nl\/producto\/maquina-automatica-para-donuts-o-rosquillas-profesional\/#primaryimage\"},\"image\":{\"@id\":\"https:\/\/www.distribucionarc.com\/nl\/producto\/maquina-automatica-para-donuts-o-rosquillas-profesional\/#primaryimage\"},\"thumbnailUrl\":\"https:\/\/distribucionarc.com\/wp-content\/uploads\/2020\/07\/M\u00e1quina-autom\u00e1tica-para-donuts-rosquillas-profesional-0.jpg\",\"datePublished\":\"2020-07-17T16:01:37+00:00\",\"dateModified\":\"2024-09-08T17:51:46+00:00\",\"breadcrumb\":{\"@id\":\"https:\/\/www.distribucionarc.com\/nl\/producto\/maquina-automatica-para-donuts-o-rosquillas-profesional\/#breadcrumb\"},\"inLanguage\":\"sl-SI\",\"potentialAction\":[{\"@type\":\"ReadAction\",\"target\":[\"https:\/\/www.distribucionarc.com\/nl\/producto\/maquina-automatica-para-donuts-o-rosquillas-profesional\/\"]}]},{\"@type\":\"ImageObject\",\"inLanguage\":\"sl-SI\",\"@id\":\"https:\/\/www.distribucionarc.com\/nl\/producto\/maquina-automatica-para-donuts-o-rosquillas-profesional\/#primaryimage\",\"url\":\"https:\/\/distribucionarc.com\/wp-content\/uploads\/2020\/07\/M\u00e1quina-autom\u00e1tica-para-donuts-rosquillas-profesional-0.jpg\",\"contentUrl\":\"https:\/\/distribucionarc.com\/wp-content\/uploads\/2020\/07\/M\u00e1quina-autom\u00e1tica-para-donuts-rosquillas-profesional-0.jpg\",\"width\":1600,\"height\":1600,\"caption\":\"Maquina automatica para donuts profesional\"},{\"@type\":\"BreadcrumbList\",\"@id\":\"https:\/\/www.distribucionarc.com\/nl\/producto\/maquina-automatica-para-donuts-o-rosquillas-profesional\/#breadcrumb\",\"itemListElement\":[{\"@type\":\"ListItem\",\"position\":1,\"name\":\"Portada\",\"item\":\"https:\/\/www.distribucionarc.com\/\"},{\"@type\":\"ListItem\",\"position\":2,\"name\":\"\u00dcr\u00fcnler\",\"item\":\"https:\/\/www.distribucionarc.com\/tr\/magaza\/\"},{\"@type\":\"ListItem\",\"position\":3,\"name\":\"M\u00e1quina autom\u00e1tica para donuts o rosquillas profesional\"}]},{\"@type\":\"WebSite\",\"@id\":\"https:\/\/www.distribucionarc.com\/sl\/#website\",\"url\":\"https:\/\/www.distribucionarc.com\/sl\/\",\"name\":\"distribuci\u00f3n ARC\",\"description\":\"Empresa especializada en la fabricaci\u00f3n y distribuci\u00f3n de maquinaria industrial, selladoras de latas, Maquinas de hacer pastillas, Maquinas de cortar carne...\",\"publisher\":{\"@id\":\"https:\/\/www.distribucionarc.com\/sl\/#organization\"},\"potentialAction\":[{\"@type\":\"SearchAction\",\"target\":{\"@type\":\"EntryPoint\",\"urlTemplate\":\"https:\/\/www.distribucionarc.com\/sl\/?s={search_term_string}\"},\"query-input\":{\"@type\":\"PropertyValueSpecification\",\"valueRequired\":true,\"valueName\":\"search_term_string\"}}],\"inLanguage\":\"sl-SI\"},{\"@type\":\"Organization\",\"@id\":\"https:\/\/www.distribucionarc.com\/sl\/#organization\",\"name\":\"Distribuci\u00f3n ARC\",\"url\":\"https:\/\/www.distribucionarc.com\/sl\/\",\"logo\":{\"@type\":\"ImageObject\",\"inLanguage\":\"sl-SI\",\"@id\":\"https:\/\/www.distribucionarc.com\/sl\/#\/schema\/logo\/image\/\",\"url\":\"https:\/\/distribucionarc.com\/wp-content\/uploads\/2024\/10\/distribucion-ARC-COLOR-SIN-FONDO-e1732295305345.png\",\"contentUrl\":\"https:\/\/distribucionarc.com\/wp-content\/uploads\/2024\/10\/distribucion-ARC-COLOR-SIN-FONDO-e1732295305345.png\",\"width\":1164,\"height\":558,\"caption\":\"Distribuci\u00f3n ARC\"},\"image\":{\"@id\":\"https:\/\/www.distribucionarc.com\/sl\/#\/schema\/logo\/image\/\"},\"description\":\"Empresa especializada en la fabricaci\u00f3n y distribuci\u00f3n de maquinaria industrial para los sectores alimentario y farmac\u00e9utico. Nos especializamos en: M\u00e1quinas de cortar carne Fabricaci\u00f3n de comprimidos Sistemas de transporte industrial L\u00edneas de embotellado Dosificadores Y mucho m\u00e1s... Ofrecemos soluciones innovadoras y personalizadas para optimizar los procesos productivos de tu empresa.\",\"email\":\"Admistracion@distribucionarc.com\",\"telephone\":\"+34 643496664\",\"legalName\":\"ARC TECH SOLUTIONS\",\"foundingDate\":\"2024-04-09\",\"vatID\":\"B55480172\",\"numberOfEmployees\":{\"@type\":\"QuantitativeValue\",\"minValue\":\"1\",\"maxValue\":\"10\"}}]}<\/script>\n<!-- \/ Yoast SEO Premium plugin. -->","yoast_head_json":{"title":"Profesionalni avtomat za krofe ali aparat za krofe - distribucija ARC","robots":{"index":"index","follow":"follow","max-snippet":"max-snippet:-1","max-image-preview":"max-image-preview:large","max-video-preview":"max-video-preview:-1"},"canonical":"https:\/\/www.distribucionarc.com\/nl\/producto\/maquina-automatica-para-donuts-o-rosquillas-profesional\/","og_locale":"sl_SI","og_type":"article","og_title":"M\u00e1quina autom\u00e1tica para donuts o rosquillas profesional","og_description":"M\u00e1quina autom\u00e1tica para hacer donuts profesional \u2013 Uso industrial  Esta m\u00e1quina profesional para hacer donuts est\u00e1 dise\u00f1ada para la producci\u00f3n en masa, ideal para f\u00e1bricas, panader\u00edas o grandes eventos. Con capacidad para producir hasta 1100 donuts por hora, esta m\u00e1quina es eficiente y vers\u00e1til, permitiendo la creaci\u00f3n de donuts en tres tama\u00f1os diferentes. Los moldes intercambiables ofrecen opciones para mini donuts, donuts medianos y donuts grandes, lo que satisface los diferentes requisitos de producci\u00f3n. Caracter\u00edsticas principales:   Tres tama\u00f1os de moldes:   Mini donuts de 2,5 cent\u00edmetros (cm)  Donuts medianos de 3,5 cm  Donuts grandes de 4,5 cm  La m\u00e1quina produce:   1100 mini donuts por hora (3 a 5 cm de di\u00e1metro)  950 donuts medianos por hora (5 a 9 cm de di\u00e1metro)  850 donuts grandes por hora (7 a 12 cm de di\u00e1metro)    Cinta transportadora: Incluye una cinta transportadora autom\u00e1tica que permite escurrir el aceite de los donuts, asegurando un acabado perfecto y reduciendo la cantidad de aceite en el producto final.  Material de alta calidad: Fabricada en acero inoxidable, garantiza durabilidad y un f\u00e1cil mantenimiento, adem\u00e1s de ser segura para el contacto con alimentos.  Panel de control intuitivo: Facilita el ajuste de las configuraciones para adaptarse a diferentes recetas y requisitos de producci\u00f3n.  Ejemplos de uso:   Panader\u00edas industriales: Perfecta para producir grandes cantidades de donuts de forma r\u00e1pida y eficiente.  F\u00e1bricas de alimentos: Ideal para empresas que necesitan una m\u00e1quina de alta producci\u00f3n y f\u00e1cil mantenimiento.  Cadenas de cafeter\u00edas: Para garantizar una producci\u00f3n constante y uniforme de donuts frescos.  Eventos y catering a gran escala: Excelente opci\u00f3n para satisfacer la demanda de eventos multitudinarios.  Sectores donde se puede implementar:   F\u00e1bricas de producci\u00f3n alimentaria: Especialmente aquellas dedicadas a la producci\u00f3n de dulces.  Panader\u00edas y pasteler\u00edas: Para aumentar la capacidad de producci\u00f3n diaria.  Cafeter\u00edas y franquicias: Ideal para negocios que buscan una producci\u00f3n continua y controlada de donuts.  Catering y eventos masivos: Asegura un flujo constante de productos frescos y de alta calidad para grandes cantidades de asistentes.  Con esta m\u00e1quina profesional para hacer donuts, tu negocio podr\u00e1 aumentar la productividad y satisfacer la demanda de manera eficiente y r\u00e1pida, ofreciendo donuts perfectos en diferentes tama\u00f1os. El sistema de escurrido autom\u00e1tico reduce el contenido de aceite, mejorando la calidad del producto final y haci\u00e9ndolo m\u00e1s saludable y atractivo para los consumidores.","og_url":"https:\/\/www.distribucionarc.com\/nl\/producto\/maquina-automatica-para-donuts-o-rosquillas-profesional\/","og_site_name":"distribuci\u00f3n ARC","article_modified_time":"2024-09-08T17:51:46+00:00","og_image":[{"width":1600,"height":1600,"url":"https:\/\/distribucionarc.com\/wp-content\/uploads\/2020\/07\/M\u00e1quina-autom\u00e1tica-para-donuts-rosquillas-profesional-0.jpg","type":"image\/jpeg"}],"twitter_card":"summary_large_image","twitter_misc":{"Est. reading time":"2 minuti"},"schema":{"@context":"https:\/\/schema.org","@graph":[{"@type":"WebPage","@id":"https:\/\/www.distribucionarc.com\/nl\/producto\/maquina-automatica-para-donuts-o-rosquillas-profesional\/","url":"https:\/\/www.distribucionarc.com\/nl\/producto\/maquina-automatica-para-donuts-o-rosquillas-profesional\/","name":"Profesionalni avtomat za krofe ali aparat za krofe - distribucija ARC","isPartOf":{"@id":"https:\/\/www.distribucionarc.com\/sl\/#website"},"primaryImageOfPage":{"@id":"https:\/\/www.distribucionarc.com\/nl\/producto\/maquina-automatica-para-donuts-o-rosquillas-profesional\/#primaryimage"},"image":{"@id":"https:\/\/www.distribucionarc.com\/nl\/producto\/maquina-automatica-para-donuts-o-rosquillas-profesional\/#primaryimage"},"thumbnailUrl":"https:\/\/distribucionarc.com\/wp-content\/uploads\/2020\/07\/M\u00e1quina-autom\u00e1tica-para-donuts-rosquillas-profesional-0.jpg","datePublished":"2020-07-17T16:01:37+00:00","dateModified":"2024-09-08T17:51:46+00:00","breadcrumb":{"@id":"https:\/\/www.distribucionarc.com\/nl\/producto\/maquina-automatica-para-donuts-o-rosquillas-profesional\/#breadcrumb"},"inLanguage":"sl-SI","potentialAction":[{"@type":"ReadAction","target":["https:\/\/www.distribucionarc.com\/nl\/producto\/maquina-automatica-para-donuts-o-rosquillas-profesional\/"]}]},{"@type":"ImageObject","inLanguage":"sl-SI","@id":"https:\/\/www.distribucionarc.com\/nl\/producto\/maquina-automatica-para-donuts-o-rosquillas-profesional\/#primaryimage","url":"https:\/\/distribucionarc.com\/wp-content\/uploads\/2020\/07\/M\u00e1quina-autom\u00e1tica-para-donuts-rosquillas-profesional-0.jpg","contentUrl":"https:\/\/distribucionarc.com\/wp-content\/uploads\/2020\/07\/M\u00e1quina-autom\u00e1tica-para-donuts-rosquillas-profesional-0.jpg","width":1600,"height":1600,"caption":"Maquina automatica para donuts profesional"},{"@type":"BreadcrumbList","@id":"https:\/\/www.distribucionarc.com\/nl\/producto\/maquina-automatica-para-donuts-o-rosquillas-profesional\/#breadcrumb","itemListElement":[{"@type":"ListItem","position":1,"name":"Portada","item":"https:\/\/www.distribucionarc.com\/"},{"@type":"ListItem","position":2,"name":"\u00dcr\u00fcnler","item":"https:\/\/www.distribucionarc.com\/tr\/magaza\/"},{"@type":"ListItem","position":3,"name":"M\u00e1quina autom\u00e1tica para donuts o rosquillas profesional"}]},{"@type":"WebSite","@id":"https:\/\/www.distribucionarc.com\/sl\/#website","url":"https:\/\/www.distribucionarc.com\/sl\/","name":"ARC porazdelitev","description":"Podjetje je specializirano za proizvodnjo in distribucijo industrijskih strojev, strojev za zapiranje plo\u010devink, strojev za izdelavo tablet, strojev za rezanje mesa...","publisher":{"@id":"https:\/\/www.distribucionarc.com\/sl\/#organization"},"potentialAction":[{"@type":"SearchAction","target":{"@type":"EntryPoint","urlTemplate":"https:\/\/www.distribucionarc.com\/sl\/?s={search_term_string}"},"query-input":{"@type":"PropertyValueSpecification","valueRequired":true,"valueName":"search_term_string"}}],"inLanguage":"sl-SI"},{"@type":"Organization","@id":"https:\/\/www.distribucionarc.com\/sl\/#organization","name":"Distribucija ARC","url":"https:\/\/www.distribucionarc.com\/sl\/","logo":{"@type":"ImageObject","inLanguage":"sl-SI","@id":"https:\/\/www.distribucionarc.com\/sl\/#\/schema\/logo\/image\/","url":"https:\/\/distribucionarc.com\/wp-content\/uploads\/2024\/10\/distribucion-ARC-COLOR-SIN-FONDO-e1732295305345.png","contentUrl":"https:\/\/distribucionarc.com\/wp-content\/uploads\/2024\/10\/distribucion-ARC-COLOR-SIN-FONDO-e1732295305345.png","width":1164,"height":558,"caption":"Distribuci\u00f3n ARC"},"image":{"@id":"https:\/\/www.distribucionarc.com\/sl\/#\/schema\/logo\/image\/"},"description":"Podjetje, specializirano za proizvodnjo in distribucijo industrijskih strojev za \u017eivilski in farmacevtski sektor. Specializirani smo za: Stroji za rezanje mesa Proizvodnja tablet Industrijski transportni sistemi Stekleni\u010darske linije Dozirni stroji In \u0161e veliko ve\u010d... Ponujamo inovativne in prilagojene re\u0161itve za optimizacijo proizvodnih procesov va\u0161ega podjetja.","email":"Admistracion@distribucionarc.com","telephone":"+34 643496664","legalName":"ARC TECH SOLUTIONS","foundingDate":"2024-04-09","vatID":"B55480172","numberOfEmployees":{"@type":"QuantitativeValue","minValue":"1","maxValue":"10"}}]}},"_links":{"self":[{"href":"https:\/\/distribucionarc.com\/sl\/wp-json\/wp\/v2\/product\/1210","targetHints":{"allow":["GET"]}}],"collection":[{"href":"https:\/\/distribucionarc.com\/sl\/wp-json\/wp\/v2\/product"}],"about":[{"href":"https:\/\/distribucionarc.com\/sl\/wp-json\/wp\/v2\/types\/product"}],"replies":[{"embeddable":true,"href":"https:\/\/distribucionarc.com\/sl\/wp-json\/wp\/v2\/comments?post=1210"}],"version-history":[{"count":0,"href":"https:\/\/distribucionarc.com\/sl\/wp-json\/wp\/v2\/product\/1210\/revisions"}],"wp:featuredmedia":[{"embeddable":true,"href":"https:\/\/distribucionarc.com\/sl\/wp-json\/wp\/v2\/media\/1217"}],"wp:attachment":[{"href":"https:\/\/distribucionarc.com\/sl\/wp-json\/wp\/v2\/media?parent=1210"}],"wp:term":[{"taxonomy":"product_brand","embeddable":true,"href":"https:\/\/distribucionarc.com\/sl\/wp-json\/wp\/v2\/product_brand?post=1210"},{"taxonomy":"product_cat","embeddable":true,"href":"https:\/\/distribucionarc.com\/sl\/wp-json\/wp\/v2\/product_cat?post=1210"},{"taxonomy":"product_tag","embeddable":true,"href":"https:\/\/distribucionarc.com\/sl\/wp-json\/wp\/v2\/product_tag?post=1210"}],"curies":[{"name":"delovni list","href":"https:\/\/api.w.org\/{rel}","templated":true}]}}