{"id":1251,"date":"2020-07-20T12:34:21","date_gmt":"2020-07-20T12:34:21","guid":{"rendered":"https:\/\/distribucionarc.com\/?post_type=product&#038;p=1251"},"modified":"2024-09-08T19:29:04","modified_gmt":"2024-09-08T19:29:04","slug":"stroj-za-izdelovanje-sladoleda-20l","status":"publish","type":"product","link":"https:\/\/distribucionarc.com\/sl\/producto\/maquina-para-hacer-helados-20l\/","title":{"rendered":"20L aparat za izdelavo sladoleda"},"content":{"rendered":"<h3>20L aparat za izdelavo sladoleda<\/h3>\n<p>to <strong>komercialni stroj za sladoled <span style=\"color: #ff0000;\">TO<span style=\"color: #0000ff;\">R<\/span><\/span>c<\/strong> Odlikuje ga izredno velik hladilni valj in hitro zamrzovanje, lahko proizvede 10 L sladoleda v 30 minutah, 20 L v 1 uri.<\/p>\n<p>The <strong>aparat za sladoled <span style=\"color: #ff0000;\">TO<\/span><span style=\"color: #0000ff;\">R<\/span>CMH01<\/strong> Izdelan je iz visokokakovostnega nerjave\u010dega jekla, je robusten in eleganten. Je tudi antioksidant in zelo enostaven za \u010di\u0161\u010denje.<\/p>\n<p>Temperatura, trdota in koli\u010dina sladoleda, pridobljenega z <strong>aparat za sladoled <span style=\"color: #ff0000;\">TO<\/span><span style=\"color: #0000ff;\">R<\/span>c<\/strong> Lahko se prika\u017eejo na zaslonu za neposredno opazovanje. Poleg tega \u010di\u0161\u010denje z enim dotikom omogo\u010da hitro in samodejno \u010di\u0161\u010denje stroja.<\/p>\n<p>to <strong>profesionalni aparat za sladoled <\/strong>od<strong> <span style=\"color: #ff0000;\">TO<\/span><span style=\"color: #0000ff;\">R<\/span>c<\/strong> Zasnovan je z debelo PC plasti\u010dno pregrado, nedrse\u010dimi gumijastimi blazinicami in visokohitrostnim rotacijskim me\u0161alom. Vsebuje vrhunski zra\u010dni kompresor s polnim bakrenim jedrom, s hitrim hlajenjem, ki pripomore k var\u010devanju z energijo in ni\u017eji ravni hrupa.<\/p>\n<p>Stran od <strong>aparat za sladoled<\/strong> Ima prezra\u010devalno zasnovo, ki izbolj\u0161a u\u010dinkovitost toplotne in hladne pretvorbe, zagotavlja dobro odvajanje toplote. Zagotavlja dolgotrajno uporabo stroja<\/p>\n<p>Popoln za komercialno ali doma\u010do uporabo, zlasti za bare, kavarne, trgovine z mle\u010dnim \u010dajem, sla\u0161\u010di\u010darne, restavracije v zahodnem stilu, bare s sadnimi sokovi, hotele, pekarne itd.<\/p>\n<p>&nbsp;<\/p>\n<h6><strong>Garancija<span style=\"color: #ff0000;\">\u00a0TO<\/span><span style=\"color: #0000ff;\">R<\/span>C 2 LETI<\/strong><\/h6>\n<h6><span style=\"color: #008000;\">U\u010dinkovit stroj za izdelavo sladoleda, nizka poraba 1200w<\/span><\/h6>\n<h6><strong>vklju\u010dena tehni\u010dna podpora<\/strong><\/h6>\n<table>\n<thead>\n<tr>\n<th><strong>Zna\u010dilnosti<\/strong><\/th>\n<th><strong>Opis<\/strong><\/th>\n<\/tr>\n<\/thead>\n<tbody>\n<tr>\n<td><strong>\u0160tevilka proizvajalca<\/strong><\/td>\n<td>ARCMH01<\/td>\n<\/tr>\n<tr>\n<td><strong>Dr\u017eave s tehni\u010dno podporo<\/strong><\/td>\n<td><a href=\"https:\/\/distribucionarc.com\/sl\/tehnicna-sluzba\/\" target=\"_new\" rel=\"noopener\">Tukaj se posvetujte s tehni\u010dno podporo<\/a><\/td>\n<\/tr>\n<tr>\n<td><strong>Te\u017ea<\/strong><\/td>\n<td>60 kilogramov (kg)<\/td>\n<\/tr>\n<tr>\n<td><strong>Dimenzije stroja<\/strong><\/td>\n<td><strong>Vi\u0161ina<\/strong>: 64 cm, <strong>dolgo<\/strong>: 52,5 cm, <strong>\u0160iroko<\/strong>: 49 cm<\/td>\n<\/tr>\n<tr>\n<td><strong>barva<\/strong><\/td>\n<td>Srebrna<\/td>\n<\/tr>\n<tr>\n<td><strong>Mo\u010d<\/strong><\/td>\n<td>1200 vatov (W)<\/td>\n<\/tr>\n<tr>\n<td><strong>vhodna napetost<\/strong><\/td>\n<td>220V \u2013 60Hz<\/td>\n<\/tr>\n<tr>\n<td><strong>Proizvodna zmogljivost<\/strong><\/td>\n<td>16 \u2013 20 litrov na uro<\/td>\n<\/tr>\n<tr>\n<td><strong>Hladilno sredstvo<\/strong><\/td>\n<td>R404a<\/td>\n<\/tr>\n<tr>\n<td><strong>Velikost me\u0161alnika<\/strong><\/td>\n<td>4,3 litra na enoto<\/td>\n<\/tr>\n<tr>\n<td><strong>Material<\/strong><\/td>\n<td>Nerjave\u010de jeklo z bakrenimi komponentami in inteligentno krmilno LCD plo\u0161\u010do<\/td>\n<\/tr>\n<tr>\n<td><strong>Garancija<\/strong><\/td>\n<td>2 leti<\/td>\n<\/tr>\n<tr>\n<td><strong>Orodja za namestitev<\/strong><\/td>\n<td>Vklju\u010deno<\/td>\n<\/tr>\n<\/tbody>\n<\/table>\n<div id=\"gtx-trans\">\n<div class=\"gtx-trans-icon\"><\/div>\n<\/div>","protected":false},"excerpt":{"rendered":"<h2>ARC Professional Hard Ice Cream Aparat \u2013 visoka zmogljivost in zagotovljena u\u010dinkovitost<\/h2>\n<p>The <strong>ARC profesionalni stroj za izdelavo trdega sladoleda<\/strong> Zasnovan je tako, da ustreza zahtevam <strong>sladoledarne<\/strong>, <strong>restavracije<\/strong>, in <strong>fran\u0161ize<\/strong> ki zahtevajo stalno kakovostno proizvodnjo. Z zmogljivostjo <strong>16 do 20 litrov na uro<\/strong>, vam bo ta oprema omogo\u010dila, da v kratkem \u010dasu zadovoljite veliko povpra\u0161evanje, saj zagotavlja sladoled s popolno teksturo in u\u010dinkovitim postopkom hlajenja zahvaljujo\u010d hladilnemu sredstvu <strong>R404a<\/strong>.<\/p>\n<h3>Izdelki, ki jih lahko naredite:<\/h3>\n<ul>\n<li><strong>Doma\u010di sladoled<\/strong>: \u0160irok izbor okusov in konsistenc.<\/li>\n<li><strong>Gelato in sorbeti<\/strong>: Idealno za lahke in osve\u017eilne sladice.<\/li>\n<li><strong>zamrznjene sladice<\/strong>: Popoln za prilagojene menije.<\/li>\n<\/ul>\n<h3>Sektorji, kjer se lahko izvaja:<\/h3>\n<ul>\n<li><strong>Sladolednice<\/strong>: Proizvaja visokokakovosten sladoled s hitrim in u\u010dinkovitim postopkom.<\/li>\n<li><strong>Restavracije in kavarne<\/strong>: Ponudite doma\u010di sladoled kot del va\u0161ega menija sladic.<\/li>\n<li><strong>Fran\u0161ize<\/strong>: Idealno za podjetja, ki potrebujejo stalno proizvodnjo na ve\u010d prodajnih mestih.<\/li>\n<li><strong>Catering in dogodki<\/strong>: Postrezite sve\u017e in okusen sladoled na porokah, zabavah in poslovnih dogodkih.<\/li>\n<\/ul>","protected":false},"featured_media":1257,"comment_status":"open","ping_status":"closed","template":"","meta":{"wds_primary_product_brand":0,"wds_primary_product_cat":0},"product_brand":[],"product_cat":[56,58],"product_tag":[],"class_list":{"0":"post-1251","1":"product","2":"type-product","3":"status-publish","4":"has-post-thumbnail","6":"product_cat-maquinaria-para-ferias","7":"product_cat-maquinaria-para-heladerias-profesionales","8":"product_shipping_class-hosteleria","10":"first","11":"instock","12":"sale","13":"taxable","14":"shipping-taxable","15":"purchasable","16":"product-type-simple"},"yoast_head":"<!-- This site is optimized with the Yoast SEO Premium plugin v24.9 (Yoast SEO v26.1) - https:\/\/yoast.com\/wordpress\/plugins\/seo\/ -->\n<title>M\u00e1quina para hacer helados 20L - distribuci\u00f3n ARC<\/title>\n<meta name=\"robots\" content=\"index, follow, max-snippet:-1, max-image-preview:large, max-video-preview:-1\" \/>\n<link rel=\"canonical\" href=\"https:\/\/distribucionarc.com\/sl\/izdelek\/stroj-za-izdelovanje-sladoleda-20l\/\" \/>\n<meta property=\"og:locale\" content=\"sl_SI\" \/>\n<meta property=\"og:type\" content=\"article\" \/>\n<meta property=\"og:title\" content=\"M\u00e1quina para hacer helados 20L\" \/>\n<meta property=\"og:description\" content=\"M\u00e1quina para hacer helados duros profesional ARC \u2013 Alta capacidad y rendimiento garantizad La m\u00e1quina para hacer helados duros profesional ARC est\u00e1 dise\u00f1ada para cumplir con las exigencias de helader\u00edas, restaurantes, y franquicias que necesitan una producci\u00f3n constante y de alta calidad. Con una capacidad de 16 a 20 litros por hora, este equipo te permitir\u00e1 satisfacer una gran demanda en poco tiempo, garantizando un helado de textura perfecta y un proceso de enfriamiento eficiente gracias al refrigerante R404a. Productos que puedes hacer:   Helados artesanales: Amplia variedad de sabores y consistencias.  Gelato y sorbetes: Ideal para postres ligeros y refrescantes.  Postres helados: Perfectos para men\u00fas personalizados.  Sectores donde se puede implementar:   Helader\u00edas: Produce helados de alta calidad con un proceso r\u00e1pido y eficiente.  Restaurantes y cafeter\u00edas: Ofrece helados artesanales como parte de tu men\u00fa de postres.  Franquicias: Ideal para negocios que necesitan una producci\u00f3n constante en varios puntos de venta.  Catering y eventos: Sirve helados frescos y deliciosos en bodas, fiestas y eventos corporativos.\" \/>\n<meta property=\"og:url\" content=\"https:\/\/distribucionarc.com\/sl\/izdelek\/stroj-za-izdelovanje-sladoleda-20l\/\" \/>\n<meta property=\"og:site_name\" content=\"distribuci\u00f3n ARC\" \/>\n<meta property=\"article:modified_time\" content=\"2024-09-08T19:29:04+00:00\" \/>\n<meta property=\"og:image\" content=\"https:\/\/distribucionarc.com\/wp-content\/uploads\/2020\/07\/M\u00e1quina-para-hacer-helados-20L-0.jpg\" \/>\n\t<meta property=\"og:image:width\" content=\"1600\" \/>\n\t<meta property=\"og:image:height\" content=\"1600\" \/>\n\t<meta property=\"og:image:type\" content=\"image\/jpeg\" \/>\n<meta name=\"twitter:card\" content=\"summary_large_image\" \/>\n<meta name=\"twitter:label1\" content=\"Est. reading time\" \/>\n\t<meta name=\"twitter:data1\" content=\"2 minuti\" \/>\n<script type=\"application\/ld+json\" class=\"yoast-schema-graph\">{\"@context\":\"https:\/\/schema.org\",\"@graph\":[{\"@type\":\"WebPage\",\"@id\":\"https:\/\/distribucionarc.com\/ar\/producto\/maquina-para-hacer-helados-20l\/\",\"url\":\"https:\/\/distribucionarc.com\/ar\/producto\/maquina-para-hacer-helados-20l\/\",\"name\":\"M\u00e1quina para hacer helados 20L - distribuci\u00f3n ARC\",\"isPartOf\":{\"@id\":\"https:\/\/distribucionarc.com\/de\/#website\"},\"primaryImageOfPage\":{\"@id\":\"https:\/\/distribucionarc.com\/ar\/producto\/maquina-para-hacer-helados-20l\/#primaryimage\"},\"image\":{\"@id\":\"https:\/\/distribucionarc.com\/ar\/producto\/maquina-para-hacer-helados-20l\/#primaryimage\"},\"thumbnailUrl\":\"https:\/\/distribucionarc.com\/wp-content\/uploads\/2020\/07\/M\u00e1quina-para-hacer-helados-20L-0.jpg\",\"datePublished\":\"2020-07-20T12:34:21+00:00\",\"dateModified\":\"2024-09-08T19:29:04+00:00\",\"breadcrumb\":{\"@id\":\"https:\/\/distribucionarc.com\/ar\/producto\/maquina-para-hacer-helados-20l\/#breadcrumb\"},\"inLanguage\":\"sl-SI\",\"potentialAction\":[{\"@type\":\"ReadAction\",\"target\":[\"https:\/\/distribucionarc.com\/ar\/producto\/maquina-para-hacer-helados-20l\/\"]}]},{\"@type\":\"ImageObject\",\"inLanguage\":\"sl-SI\",\"@id\":\"https:\/\/distribucionarc.com\/ar\/producto\/maquina-para-hacer-helados-20l\/#primaryimage\",\"url\":\"https:\/\/distribucionarc.com\/wp-content\/uploads\/2020\/07\/M\u00e1quina-para-hacer-helados-20L-0.jpg\",\"contentUrl\":\"https:\/\/distribucionarc.com\/wp-content\/uploads\/2020\/07\/M\u00e1quina-para-hacer-helados-20L-0.jpg\",\"width\":1600,\"height\":1600,\"caption\":\"M\u00e1quina para hacer helados 20L\"},{\"@type\":\"BreadcrumbList\",\"@id\":\"https:\/\/distribucionarc.com\/ar\/producto\/maquina-para-hacer-helados-20l\/#breadcrumb\",\"itemListElement\":[{\"@type\":\"ListItem\",\"position\":1,\"name\":\"Portada\",\"item\":\"https:\/\/distribucionarc.com\/pl\/\"},{\"@type\":\"ListItem\",\"position\":2,\"name\":\"Produkty\",\"item\":\"https:\/\/distribucionarc.com\/pl\/shop\/\"},{\"@type\":\"ListItem\",\"position\":3,\"name\":\"M\u00e1quina para hacer helados 20L\"}]},{\"@type\":\"WebSite\",\"@id\":\"https:\/\/distribucionarc.com\/de\/#website\",\"url\":\"https:\/\/distribucionarc.com\/de\/\",\"name\":\"distribuci\u00f3n ARC\",\"description\":\"Empresa especializada en la fabricaci\u00f3n y distribuci\u00f3n de maquinaria industrial, selladoras de latas, Maquinas de hacer pastillas, Maquinas de cortar carne...\",\"publisher\":{\"@id\":\"https:\/\/distribucionarc.com\/de\/#organization\"},\"potentialAction\":[{\"@type\":\"SearchAction\",\"target\":{\"@type\":\"EntryPoint\",\"urlTemplate\":\"https:\/\/distribucionarc.com\/de\/?s={search_term_string}\"},\"query-input\":{\"@type\":\"PropertyValueSpecification\",\"valueRequired\":true,\"valueName\":\"search_term_string\"}}],\"inLanguage\":\"sl-SI\"},{\"@type\":\"Organization\",\"@id\":\"https:\/\/distribucionarc.com\/de\/#organization\",\"name\":\"Distribuci\u00f3n ARC\",\"url\":\"https:\/\/distribucionarc.com\/de\/\",\"logo\":{\"@type\":\"ImageObject\",\"inLanguage\":\"sl-SI\",\"@id\":\"https:\/\/distribucionarc.com\/de\/#\/schema\/logo\/image\/\",\"url\":\"https:\/\/distribucionarc.com\/wp-content\/uploads\/2024\/10\/distribucion-ARC-COLOR-SIN-FONDO-e1732295305345.png\",\"contentUrl\":\"https:\/\/distribucionarc.com\/wp-content\/uploads\/2024\/10\/distribucion-ARC-COLOR-SIN-FONDO-e1732295305345.png\",\"width\":1164,\"height\":558,\"caption\":\"Distribuci\u00f3n ARC\"},\"image\":{\"@id\":\"https:\/\/distribucionarc.com\/de\/#\/schema\/logo\/image\/\"},\"description\":\"Empresa especializada en la fabricaci\u00f3n y distribuci\u00f3n de maquinaria industrial para los sectores alimentario y farmac\u00e9utico. Nos especializamos en: M\u00e1quinas de cortar carne Fabricaci\u00f3n de comprimidos Sistemas de transporte industrial L\u00edneas de embotellado Dosificadores Y mucho m\u00e1s... Ofrecemos soluciones innovadoras y personalizadas para optimizar los procesos productivos de tu empresa.\",\"email\":\"Admistracion@distribucionarc.com\",\"telephone\":\"+34 643496664\",\"legalName\":\"ARC TECH SOLUTIONS\",\"foundingDate\":\"2024-04-09\",\"vatID\":\"B55480172\",\"numberOfEmployees\":{\"@type\":\"QuantitativeValue\",\"minValue\":\"1\",\"maxValue\":\"10\"}}]}<\/script>\n<!-- \/ Yoast SEO Premium plugin. -->","yoast_head_json":{"title":"20L aparat za izdelavo sladoleda - distribucija ARC","robots":{"index":"index","follow":"follow","max-snippet":"max-snippet:-1","max-image-preview":"max-image-preview:large","max-video-preview":"max-video-preview:-1"},"canonical":"https:\/\/distribucionarc.com\/sl\/izdelek\/stroj-za-izdelovanje-sladoleda-20l\/","og_locale":"sl_SI","og_type":"article","og_title":"M\u00e1quina para hacer helados 20L","og_description":"M\u00e1quina para hacer helados duros profesional ARC \u2013 Alta capacidad y rendimiento garantizad La m\u00e1quina para hacer helados duros profesional ARC est\u00e1 dise\u00f1ada para cumplir con las exigencias de helader\u00edas, restaurantes, y franquicias que necesitan una producci\u00f3n constante y de alta calidad. Con una capacidad de 16 a 20 litros por hora, este equipo te permitir\u00e1 satisfacer una gran demanda en poco tiempo, garantizando un helado de textura perfecta y un proceso de enfriamiento eficiente gracias al refrigerante R404a. Productos que puedes hacer:   Helados artesanales: Amplia variedad de sabores y consistencias.  Gelato y sorbetes: Ideal para postres ligeros y refrescantes.  Postres helados: Perfectos para men\u00fas personalizados.  Sectores donde se puede implementar:   Helader\u00edas: Produce helados de alta calidad con un proceso r\u00e1pido y eficiente.  Restaurantes y cafeter\u00edas: Ofrece helados artesanales como parte de tu men\u00fa de postres.  Franquicias: Ideal para negocios que necesitan una producci\u00f3n constante en varios puntos de venta.  Catering y eventos: Sirve helados frescos y deliciosos en bodas, fiestas y eventos corporativos.","og_url":"https:\/\/distribucionarc.com\/sl\/izdelek\/stroj-za-izdelovanje-sladoleda-20l\/","og_site_name":"distribuci\u00f3n ARC","article_modified_time":"2024-09-08T19:29:04+00:00","og_image":[{"width":1600,"height":1600,"url":"https:\/\/distribucionarc.com\/wp-content\/uploads\/2020\/07\/M\u00e1quina-para-hacer-helados-20L-0.jpg","type":"image\/jpeg"}],"twitter_card":"summary_large_image","twitter_misc":{"Est. reading time":"2 minuti"},"schema":{"@context":"https:\/\/schema.org","@graph":[{"@type":"WebPage","@id":"https:\/\/distribucionarc.com\/ar\/producto\/maquina-para-hacer-helados-20l\/","url":"https:\/\/distribucionarc.com\/ar\/producto\/maquina-para-hacer-helados-20l\/","name":"20L aparat za izdelavo sladoleda - distribucija ARC","isPartOf":{"@id":"https:\/\/distribucionarc.com\/de\/#website"},"primaryImageOfPage":{"@id":"https:\/\/distribucionarc.com\/ar\/producto\/maquina-para-hacer-helados-20l\/#primaryimage"},"image":{"@id":"https:\/\/distribucionarc.com\/ar\/producto\/maquina-para-hacer-helados-20l\/#primaryimage"},"thumbnailUrl":"https:\/\/distribucionarc.com\/wp-content\/uploads\/2020\/07\/M\u00e1quina-para-hacer-helados-20L-0.jpg","datePublished":"2020-07-20T12:34:21+00:00","dateModified":"2024-09-08T19:29:04+00:00","breadcrumb":{"@id":"https:\/\/distribucionarc.com\/ar\/producto\/maquina-para-hacer-helados-20l\/#breadcrumb"},"inLanguage":"sl-SI","potentialAction":[{"@type":"ReadAction","target":["https:\/\/distribucionarc.com\/ar\/producto\/maquina-para-hacer-helados-20l\/"]}]},{"@type":"ImageObject","inLanguage":"sl-SI","@id":"https:\/\/distribucionarc.com\/ar\/producto\/maquina-para-hacer-helados-20l\/#primaryimage","url":"https:\/\/distribucionarc.com\/wp-content\/uploads\/2020\/07\/M\u00e1quina-para-hacer-helados-20L-0.jpg","contentUrl":"https:\/\/distribucionarc.com\/wp-content\/uploads\/2020\/07\/M\u00e1quina-para-hacer-helados-20L-0.jpg","width":1600,"height":1600,"caption":"M\u00e1quina para hacer helados 20L"},{"@type":"BreadcrumbList","@id":"https:\/\/distribucionarc.com\/ar\/producto\/maquina-para-hacer-helados-20l\/#breadcrumb","itemListElement":[{"@type":"ListItem","position":1,"name":"Portada","item":"https:\/\/distribucionarc.com\/pl\/"},{"@type":"ListItem","position":2,"name":"Produkty","item":"https:\/\/distribucionarc.com\/pl\/shop\/"},{"@type":"ListItem","position":3,"name":"M\u00e1quina para hacer helados 20L"}]},{"@type":"WebSite","@id":"https:\/\/distribucionarc.com\/de\/#website","url":"https:\/\/distribucionarc.com\/de\/","name":"ARC porazdelitev","description":"Podjetje je specializirano za proizvodnjo in distribucijo industrijskih strojev, strojev za zapiranje plo\u010devink, strojev za izdelavo tablet, strojev za rezanje mesa...","publisher":{"@id":"https:\/\/distribucionarc.com\/de\/#organization"},"potentialAction":[{"@type":"SearchAction","target":{"@type":"EntryPoint","urlTemplate":"https:\/\/distribucionarc.com\/de\/?s={search_term_string}"},"query-input":{"@type":"PropertyValueSpecification","valueRequired":true,"valueName":"search_term_string"}}],"inLanguage":"sl-SI"},{"@type":"Organization","@id":"https:\/\/distribucionarc.com\/de\/#organization","name":"Distribucija ARC","url":"https:\/\/distribucionarc.com\/de\/","logo":{"@type":"ImageObject","inLanguage":"sl-SI","@id":"https:\/\/distribucionarc.com\/de\/#\/schema\/logo\/image\/","url":"https:\/\/distribucionarc.com\/wp-content\/uploads\/2024\/10\/distribucion-ARC-COLOR-SIN-FONDO-e1732295305345.png","contentUrl":"https:\/\/distribucionarc.com\/wp-content\/uploads\/2024\/10\/distribucion-ARC-COLOR-SIN-FONDO-e1732295305345.png","width":1164,"height":558,"caption":"Distribuci\u00f3n ARC"},"image":{"@id":"https:\/\/distribucionarc.com\/de\/#\/schema\/logo\/image\/"},"description":"Podjetje, specializirano za proizvodnjo in distribucijo industrijskih strojev za \u017eivilski in farmacevtski sektor. Specializirani smo za: Stroji za rezanje mesa Proizvodnja tablet Industrijski transportni sistemi Stekleni\u010darske linije Dozirni stroji In \u0161e veliko ve\u010d... Ponujamo inovativne in prilagojene re\u0161itve za optimizacijo proizvodnih procesov va\u0161ega podjetja.","email":"Admistracion@distribucionarc.com","telephone":"+34 643496664","legalName":"ARC TECH SOLUTIONS","foundingDate":"2024-04-09","vatID":"B55480172","numberOfEmployees":{"@type":"QuantitativeValue","minValue":"1","maxValue":"10"}}]}},"_links":{"self":[{"href":"https:\/\/distribucionarc.com\/sl\/wp-json\/wp\/v2\/product\/1251","targetHints":{"allow":["GET"]}}],"collection":[{"href":"https:\/\/distribucionarc.com\/sl\/wp-json\/wp\/v2\/product"}],"about":[{"href":"https:\/\/distribucionarc.com\/sl\/wp-json\/wp\/v2\/types\/product"}],"replies":[{"embeddable":true,"href":"https:\/\/distribucionarc.com\/sl\/wp-json\/wp\/v2\/comments?post=1251"}],"version-history":[{"count":0,"href":"https:\/\/distribucionarc.com\/sl\/wp-json\/wp\/v2\/product\/1251\/revisions"}],"wp:featuredmedia":[{"embeddable":true,"href":"https:\/\/distribucionarc.com\/sl\/wp-json\/wp\/v2\/media\/1257"}],"wp:attachment":[{"href":"https:\/\/distribucionarc.com\/sl\/wp-json\/wp\/v2\/media?parent=1251"}],"wp:term":[{"taxonomy":"product_brand","embeddable":true,"href":"https:\/\/distribucionarc.com\/sl\/wp-json\/wp\/v2\/product_brand?post=1251"},{"taxonomy":"product_cat","embeddable":true,"href":"https:\/\/distribucionarc.com\/sl\/wp-json\/wp\/v2\/product_cat?post=1251"},{"taxonomy":"product_tag","embeddable":true,"href":"https:\/\/distribucionarc.com\/sl\/wp-json\/wp\/v2\/product_tag?post=1251"}],"curies":[{"name":"delovni list","href":"https:\/\/api.w.org\/{rel}","templated":true}]}}