{"id":1306,"date":"2020-07-29T13:54:04","date_gmt":"2020-07-29T13:54:04","guid":{"rendered":"https:\/\/distribucionarc.com\/?post_type=product&#038;p=1306"},"modified":"2024-10-06T07:11:27","modified_gmt":"2024-10-06T07:11:27","slug":"profesionalni-avtomat-za-vroco-cokolado","status":"publish","type":"product","link":"https:\/\/distribucionarc.com\/sl\/producto\/dispensador-chocolatera-caliente-profesional\/","title":{"rendered":"Profesionalni dozirnik vro\u010de \u010dokolade"},"content":{"rendered":"<h3>Profesionalni dozirnik vro\u010de \u010dokolade<\/h3>\n<p>On <strong>razpr\u0161ilnik \u010dokolade<\/strong> od <strong><span style=\"color: #ff0000;\">TO<\/span><span style=\"color: #0000ff;\">R<\/span>c<\/strong> Je popoln spremljevalec za vsako kuhinjo z velikim povpra\u0161evanjem po vro\u010di \u010dokoladi s svojo 10 L posodo, elegantno obliko, hitrim segrevanjem in stalnim nadzorom temperature.<\/p>\n<p>The <strong>izdelovalec \u010dokolade<\/strong> od <strong><span style=\"color: #ff0000;\">TO<\/span><span style=\"color: #0000ff;\">R<\/span>c<\/strong> Ima rezervoar s prostornino 10 L, ki olaj\u0161a polnjenje in zagotovi ve\u010d izdelkov. Njegova robustna in elegantna struktura je izdelana iz najbolj\u0161ega nerjave\u010dega jekla, da ne spremeni okusov.<\/p>\n<p>On <strong>razpr\u0161ilnik \u010dokolade <span style=\"color: #ff0000;\">TO<\/span><span style=\"color: #0000ff;\">R<\/span>CMCH1<\/strong> Ima nadzor temperature s senzorji, ki ohranjajo enoto vklopljeno ali izklopljeno. <strong>izdelovalec \u010dokolade<\/strong>, odvisno od temperaturnega obmo\u010dja, ki najbolj ustreza va\u0161im potrebam. Zasnova ogrevanja z vodno zaporo je naju\u010dinkovitej\u0161a za prepre\u010devanje gorenja \u010dokolade na dnu rezervoarja.<\/p>\n<p>The <strong>izdelovalec \u010dokolade<\/strong> od <strong><span style=\"color: #ff0000;\">TO<\/span><span style=\"color: #0000ff;\">R<\/span>c<\/strong> Je zelo enostaven za uporabo, saj ima odvod pare in odvodni sistem, samodejni nadzor temperature pa omogo\u010da, da izdelek zlahka dose\u017ee \u017eeleno temperaturo. Poleg spodbujanja nizke porabe energije.<\/p>\n<h6><\/h6>\n<h6><strong>Garancija\u00a0<span style=\"color: #ff0000;\">TO<\/span><span style=\"color: #0000ff;\">R<\/span>C 2 LETI<\/strong><\/h6>\n<h6><span style=\"color: #008000;\">U\u010dinkovit razdelilnik \u010dokolade, nizka poraba 350w<\/span><\/h6>\n<h6><strong>vklju\u010dena tehni\u010dna podpora<\/strong><\/h6>\n<p>&nbsp;<\/p>\n<p>&nbsp;<\/p>\n<table role=\"presentation\" width=\"100%\" cellspacing=\"0\" cellpadding=\"0\">\n<tbody>\n<tr>\n<td class=\"attrLabels\">Temperatura:<\/td>\n<td width=\"50.0%\">\u00a030 \u2013 90 \u00baC<\/td>\n<\/tr>\n<tr>\n<td class=\"attrLabels\">Dr\u017eava distribucije:<\/td>\n<td width=\"50.0%\">\u0160panija, Nem\u010dija, ZDA<\/td>\n<td class=\"attrLabels\">Te\u017ea:<\/td>\n<td width=\"50.0%\">15 kg<\/td>\n<\/tr>\n<tr>\n<td class=\"attrLabels\">Znamka:<\/td>\n<td width=\"50.0%\">ARC<\/td>\n<td class=\"attrLabels\">Vi\u0161ina:<\/td>\n<td width=\"50.0%\">49 cm<\/td>\n<\/tr>\n<tr>\n<td class=\"attrLabels\">barva:<\/td>\n<td width=\"50.0%\">\u010crna<\/td>\n<td class=\"attrLabels\">dolgo:<\/td>\n<td width=\"50.0%\">36 cm<\/td>\n<\/tr>\n<tr>\n<td class=\"attrLabels\">Vrsta izdelka:<\/td>\n<td width=\"50.0%\">Dozirnik \u010dokolade<\/td>\n<td class=\"attrLabels\">\u0160iroko:<\/td>\n<td width=\"50.0%\">\u00a018 cm<\/td>\n<\/tr>\n<tr>\n<td class=\"attrLabels\">\u0160tevilka proizvajalca:<\/td>\n<td width=\"50.0%\">ARCMCH1<\/td>\n<td class=\"attrLabels\">mo\u010d:<\/td>\n<td width=\"50.0%\">\u00a0350 W<\/td>\n<\/tr>\n<tr>\n<td class=\"attrLabels\">Material:<\/td>\n<td width=\"50.0%\">Nerjave\u010de jeklo, nadzor temperature, temperaturni senzorji<\/td>\n<td class=\"attrLabels\">vhodna napetost<\/td>\n<td width=\"50.0%\">220V \u2013 60Hz<\/td>\n<\/tr>\n<tr>\n<td class=\"attrLabels\">Predelki:<\/td>\n<td width=\"50.0%\">\u00a01<\/td>\n<td class=\"attrLabels\">Velikost rezervoarja:<\/td>\n<td width=\"50.0%\">9L<\/td>\n<\/tr>\n<tr>\n<td class=\"attrLabels\">Orodja za namestitev:<\/td>\n<td width=\"50.0%\">ja<\/td>\n<td class=\"attrLabels\">Garancija:<\/td>\n<td width=\"50.0%\">2 LETI<\/td>\n<\/tr>\n<\/tbody>\n<\/table>\n<p>&nbsp;<\/p>\n<p>&nbsp;<\/p>\n<p>&nbsp;<\/p>","protected":false},"excerpt":{"rendered":"<h2>Profesionalni avtomat za vro\u010do \u010dokolado<\/h2>\n<p>Najla\u017eji na\u010din, da ohranite in postre\u017eete nekaj tako okusnega kot <strong>vro\u010da \u010dokolada<\/strong>, z <strong>izdelovalec \u010dokolade<\/strong> od <strong><span style=\"color: #ff0000;\">TO<\/span><span style=\"color: #0000ff;\">R<\/span>c<\/strong> Dobili boste izdelek na pravi temperaturi, ki bo ohranil vse okuse in lastnosti izdelka.<\/p>\n<p>z <strong>avtomat za tople napitke<\/strong> od <strong><span style=\"color: #ff0000;\">TO<\/span><span style=\"color: #0000ff;\">R<\/span>c<\/strong> Videli boste pove\u010dano proizvodnjo zaradi enostavnega rokovanja in hitre izvedbe. Po\u010dakati boste morali od 0 do 3 minute na <strong>izdelovalec \u010dokolade <span style=\"color: #ff0000;\">TO<\/span><span style=\"color: #0000ff;\">R<\/span>CMCH1<\/strong> segrejte izdelek na idealno temperaturo. to <strong>razpr\u0161ilnik \u010dokolade<\/strong> Najbolj primeren je za restavracije, kavarne, bare, hotele, bifeje itd.<\/p>\n<h6><strong>Garancija\u00a0<span style=\"color: #ff0000;\">TO<\/span><span style=\"color: #0000ff;\">R<\/span>C 2 LETI<\/strong><\/h6>\n<h6><span style=\"color: #008000;\">U\u010dinkovit razdelilnik \u010dokolade, nizka poraba 350w<\/span><\/h6>\n<h6><strong>vklju\u010dena tehni\u010dna podpora<\/strong><\/h6>","protected":false},"featured_media":1708,"comment_status":"open","ping_status":"closed","template":"","meta":{"wds_primary_product_brand":0,"wds_primary_product_cat":0},"product_brand":[],"product_cat":[57],"product_tag":[],"class_list":{"0":"post-1306","1":"product","2":"type-product","3":"status-publish","4":"has-post-thumbnail","6":"product_cat-dosificadores-dispensadores","7":"product_shipping_class-hosteleria","9":"first","10":"instock","11":"sale","12":"taxable","13":"shipping-taxable","14":"purchasable","15":"product-type-simple"},"yoast_head":"<!-- This site is optimized with the Yoast SEO Premium plugin v24.9 (Yoast SEO v26.1) - https:\/\/yoast.com\/wordpress\/plugins\/seo\/ -->\n<title>Dispensador Chocolatera caliente profesional - distribuci\u00f3n ARC<\/title>\n<meta name=\"robots\" content=\"index, follow, max-snippet:-1, max-image-preview:large, max-video-preview:-1\" \/>\n<link rel=\"canonical\" href=\"https:\/\/www.distribucionarc.com\/ro\/producto\/dispensador-chocolatera-caliente-profesional\/\" \/>\n<meta property=\"og:locale\" content=\"sl_SI\" \/>\n<meta property=\"og:type\" content=\"article\" \/>\n<meta property=\"og:title\" content=\"Dispensador Chocolatera caliente profesional\" \/>\n<meta property=\"og:description\" content=\"Dispensadora Chocolatera caliente profesional La forma m\u00e1s sencilla de conservar y servir algo tan delicioso como el chocolate caliente, con la chocolatera de ARC obtendr\u00e1 un producto a la temperatura adecuada que conservar\u00e1 todo el sabor y propiedades del producto.  Con el dispensador de bebidas calientes de ARC ver\u00e1 aumentada su producci\u00f3n por f\u00e1cil manejo y r\u00e1pida ejecuci\u00f3n. Tan solo tendr\u00e1 que esperar de 0 a 3 min para que la chocolatera ARCMCH1 lleve el producto a la temperatura ideal. Este dispensador de chocolate es el m\u00e1s adecuado para restaurantes, cafeter\u00edas, bar, hoteles, buffets, etc. Garant\u00eda\u00a0ARC 2 A\u00d1OS Dispensador de chocolate eficiente, bajo consumo 350w soporte t\u00e9cnico incluido\" \/>\n<meta property=\"og:url\" content=\"https:\/\/www.distribucionarc.com\/ro\/producto\/dispensador-chocolatera-caliente-profesional\/\" \/>\n<meta property=\"og:site_name\" content=\"distribuci\u00f3n ARC\" \/>\n<meta property=\"article:modified_time\" content=\"2024-10-06T07:11:27+00:00\" \/>\n<meta property=\"og:image\" content=\"https:\/\/www.distribucionarc.com\/wp-content\/uploads\/2020\/07\/Dispensador-Chocolatera-caliente-profesional-0.jpg\" \/>\n\t<meta property=\"og:image:width\" content=\"1600\" \/>\n\t<meta property=\"og:image:height\" content=\"1600\" \/>\n\t<meta property=\"og:image:type\" content=\"image\/jpeg\" \/>\n<meta name=\"twitter:card\" content=\"summary_large_image\" \/>\n<meta name=\"twitter:label1\" content=\"Est. reading time\" \/>\n\t<meta name=\"twitter:data1\" content=\"2 minuti\" \/>\n<script type=\"application\/ld+json\" class=\"yoast-schema-graph\">{\"@context\":\"https:\/\/schema.org\",\"@graph\":[{\"@type\":\"WebPage\",\"@id\":\"https:\/\/www.distribucionarc.com\/ro\/producto\/dispensador-chocolatera-caliente-profesional\/\",\"url\":\"https:\/\/www.distribucionarc.com\/ro\/producto\/dispensador-chocolatera-caliente-profesional\/\",\"name\":\"Dispensador Chocolatera caliente profesional - distribuci\u00f3n ARC\",\"isPartOf\":{\"@id\":\"https:\/\/distribucionarc.com\/de\/#website\"},\"primaryImageOfPage\":{\"@id\":\"https:\/\/www.distribucionarc.com\/ro\/producto\/dispensador-chocolatera-caliente-profesional\/#primaryimage\"},\"image\":{\"@id\":\"https:\/\/www.distribucionarc.com\/ro\/producto\/dispensador-chocolatera-caliente-profesional\/#primaryimage\"},\"thumbnailUrl\":\"https:\/\/distribucionarc.com\/wp-content\/uploads\/2020\/07\/Dispensador-Chocolatera-caliente-profesional-0.jpg\",\"datePublished\":\"2020-07-29T13:54:04+00:00\",\"dateModified\":\"2024-10-06T07:11:27+00:00\",\"breadcrumb\":{\"@id\":\"https:\/\/www.distribucionarc.com\/ro\/producto\/dispensador-chocolatera-caliente-profesional\/#breadcrumb\"},\"inLanguage\":\"sl-SI\",\"potentialAction\":[{\"@type\":\"ReadAction\",\"target\":[\"https:\/\/www.distribucionarc.com\/ro\/producto\/dispensador-chocolatera-caliente-profesional\/\"]}]},{\"@type\":\"ImageObject\",\"inLanguage\":\"sl-SI\",\"@id\":\"https:\/\/www.distribucionarc.com\/ro\/producto\/dispensador-chocolatera-caliente-profesional\/#primaryimage\",\"url\":\"https:\/\/distribucionarc.com\/wp-content\/uploads\/2020\/07\/Dispensador-Chocolatera-caliente-profesional-0.jpg\",\"contentUrl\":\"https:\/\/distribucionarc.com\/wp-content\/uploads\/2020\/07\/Dispensador-Chocolatera-caliente-profesional-0.jpg\",\"width\":1600,\"height\":1600,\"caption\":\"Dispensador chocolate caliente profesional\"},{\"@type\":\"BreadcrumbList\",\"@id\":\"https:\/\/www.distribucionarc.com\/ro\/producto\/dispensador-chocolatera-caliente-profesional\/#breadcrumb\",\"itemListElement\":[{\"@type\":\"ListItem\",\"position\":1,\"name\":\"Portada\",\"item\":\"https:\/\/distribucionarc.com\/pl\/\"},{\"@type\":\"ListItem\",\"position\":2,\"name\":\"Produkty\",\"item\":\"https:\/\/distribucionarc.com\/pl\/shop\/\"},{\"@type\":\"ListItem\",\"position\":3,\"name\":\"Dispensador Chocolatera caliente profesional\"}]},{\"@type\":\"WebSite\",\"@id\":\"https:\/\/distribucionarc.com\/de\/#website\",\"url\":\"https:\/\/distribucionarc.com\/de\/\",\"name\":\"distribuci\u00f3n ARC\",\"description\":\"Empresa especializada en la fabricaci\u00f3n y distribuci\u00f3n de maquinaria industrial, selladoras de latas, Maquinas de hacer pastillas, Maquinas de cortar carne...\",\"publisher\":{\"@id\":\"https:\/\/distribucionarc.com\/de\/#organization\"},\"potentialAction\":[{\"@type\":\"SearchAction\",\"target\":{\"@type\":\"EntryPoint\",\"urlTemplate\":\"https:\/\/distribucionarc.com\/de\/?s={search_term_string}\"},\"query-input\":{\"@type\":\"PropertyValueSpecification\",\"valueRequired\":true,\"valueName\":\"search_term_string\"}}],\"inLanguage\":\"sl-SI\"},{\"@type\":\"Organization\",\"@id\":\"https:\/\/distribucionarc.com\/de\/#organization\",\"name\":\"Distribuci\u00f3n ARC\",\"url\":\"https:\/\/distribucionarc.com\/de\/\",\"logo\":{\"@type\":\"ImageObject\",\"inLanguage\":\"sl-SI\",\"@id\":\"https:\/\/distribucionarc.com\/de\/#\/schema\/logo\/image\/\",\"url\":\"https:\/\/distribucionarc.com\/wp-content\/uploads\/2024\/10\/distribucion-ARC-COLOR-SIN-FONDO-e1732295305345.png\",\"contentUrl\":\"https:\/\/distribucionarc.com\/wp-content\/uploads\/2024\/10\/distribucion-ARC-COLOR-SIN-FONDO-e1732295305345.png\",\"width\":1164,\"height\":558,\"caption\":\"Distribuci\u00f3n ARC\"},\"image\":{\"@id\":\"https:\/\/distribucionarc.com\/de\/#\/schema\/logo\/image\/\"},\"description\":\"Empresa especializada en la fabricaci\u00f3n y distribuci\u00f3n de maquinaria industrial para los sectores alimentario y farmac\u00e9utico. Nos especializamos en: M\u00e1quinas de cortar carne Fabricaci\u00f3n de comprimidos Sistemas de transporte industrial L\u00edneas de embotellado Dosificadores Y mucho m\u00e1s... Ofrecemos soluciones innovadoras y personalizadas para optimizar los procesos productivos de tu empresa.\",\"email\":\"Admistracion@distribucionarc.com\",\"telephone\":\"+34 643496664\",\"legalName\":\"ARC TECH SOLUTIONS\",\"foundingDate\":\"2024-04-09\",\"vatID\":\"B55480172\",\"numberOfEmployees\":{\"@type\":\"QuantitativeValue\",\"minValue\":\"1\",\"maxValue\":\"10\"}}]}<\/script>\n<!-- \/ Yoast SEO Premium plugin. -->","yoast_head_json":{"title":"Profesionalni avtomat za vro\u010do \u010dokolado - distribucija ARC","robots":{"index":"index","follow":"follow","max-snippet":"max-snippet:-1","max-image-preview":"max-image-preview:large","max-video-preview":"max-video-preview:-1"},"canonical":"https:\/\/www.distribucionarc.com\/ro\/producto\/dispensador-chocolatera-caliente-profesional\/","og_locale":"sl_SI","og_type":"article","og_title":"Dispensador Chocolatera caliente profesional","og_description":"Dispensadora Chocolatera caliente profesional La forma m\u00e1s sencilla de conservar y servir algo tan delicioso como el chocolate caliente, con la chocolatera de ARC obtendr\u00e1 un producto a la temperatura adecuada que conservar\u00e1 todo el sabor y propiedades del producto.  Con el dispensador de bebidas calientes de ARC ver\u00e1 aumentada su producci\u00f3n por f\u00e1cil manejo y r\u00e1pida ejecuci\u00f3n. Tan solo tendr\u00e1 que esperar de 0 a 3 min para que la chocolatera ARCMCH1 lleve el producto a la temperatura ideal. Este dispensador de chocolate es el m\u00e1s adecuado para restaurantes, cafeter\u00edas, bar, hoteles, buffets, etc. Garant\u00eda\u00a0ARC 2 A\u00d1OS Dispensador de chocolate eficiente, bajo consumo 350w soporte t\u00e9cnico incluido","og_url":"https:\/\/www.distribucionarc.com\/ro\/producto\/dispensador-chocolatera-caliente-profesional\/","og_site_name":"distribuci\u00f3n ARC","article_modified_time":"2024-10-06T07:11:27+00:00","og_image":[{"width":1600,"height":1600,"url":"https:\/\/www.distribucionarc.com\/wp-content\/uploads\/2020\/07\/Dispensador-Chocolatera-caliente-profesional-0.jpg","type":"image\/jpeg"}],"twitter_card":"summary_large_image","twitter_misc":{"Est. reading time":"2 minuti"},"schema":{"@context":"https:\/\/schema.org","@graph":[{"@type":"WebPage","@id":"https:\/\/www.distribucionarc.com\/ro\/producto\/dispensador-chocolatera-caliente-profesional\/","url":"https:\/\/www.distribucionarc.com\/ro\/producto\/dispensador-chocolatera-caliente-profesional\/","name":"Profesionalni avtomat za vro\u010do \u010dokolado - distribucija ARC","isPartOf":{"@id":"https:\/\/distribucionarc.com\/de\/#website"},"primaryImageOfPage":{"@id":"https:\/\/www.distribucionarc.com\/ro\/producto\/dispensador-chocolatera-caliente-profesional\/#primaryimage"},"image":{"@id":"https:\/\/www.distribucionarc.com\/ro\/producto\/dispensador-chocolatera-caliente-profesional\/#primaryimage"},"thumbnailUrl":"https:\/\/distribucionarc.com\/wp-content\/uploads\/2020\/07\/Dispensador-Chocolatera-caliente-profesional-0.jpg","datePublished":"2020-07-29T13:54:04+00:00","dateModified":"2024-10-06T07:11:27+00:00","breadcrumb":{"@id":"https:\/\/www.distribucionarc.com\/ro\/producto\/dispensador-chocolatera-caliente-profesional\/#breadcrumb"},"inLanguage":"sl-SI","potentialAction":[{"@type":"ReadAction","target":["https:\/\/www.distribucionarc.com\/ro\/producto\/dispensador-chocolatera-caliente-profesional\/"]}]},{"@type":"ImageObject","inLanguage":"sl-SI","@id":"https:\/\/www.distribucionarc.com\/ro\/producto\/dispensador-chocolatera-caliente-profesional\/#primaryimage","url":"https:\/\/distribucionarc.com\/wp-content\/uploads\/2020\/07\/Dispensador-Chocolatera-caliente-profesional-0.jpg","contentUrl":"https:\/\/distribucionarc.com\/wp-content\/uploads\/2020\/07\/Dispensador-Chocolatera-caliente-profesional-0.jpg","width":1600,"height":1600,"caption":"Dispensador chocolate caliente profesional"},{"@type":"BreadcrumbList","@id":"https:\/\/www.distribucionarc.com\/ro\/producto\/dispensador-chocolatera-caliente-profesional\/#breadcrumb","itemListElement":[{"@type":"ListItem","position":1,"name":"Portada","item":"https:\/\/distribucionarc.com\/pl\/"},{"@type":"ListItem","position":2,"name":"Produkty","item":"https:\/\/distribucionarc.com\/pl\/shop\/"},{"@type":"ListItem","position":3,"name":"Dispensador Chocolatera caliente profesional"}]},{"@type":"WebSite","@id":"https:\/\/distribucionarc.com\/de\/#website","url":"https:\/\/distribucionarc.com\/de\/","name":"ARC porazdelitev","description":"Podjetje je specializirano za proizvodnjo in distribucijo industrijskih strojev, strojev za zapiranje plo\u010devink, strojev za izdelavo tablet, strojev za rezanje mesa...","publisher":{"@id":"https:\/\/distribucionarc.com\/de\/#organization"},"potentialAction":[{"@type":"SearchAction","target":{"@type":"EntryPoint","urlTemplate":"https:\/\/distribucionarc.com\/de\/?s={search_term_string}"},"query-input":{"@type":"PropertyValueSpecification","valueRequired":true,"valueName":"search_term_string"}}],"inLanguage":"sl-SI"},{"@type":"Organization","@id":"https:\/\/distribucionarc.com\/de\/#organization","name":"Distribucija ARC","url":"https:\/\/distribucionarc.com\/de\/","logo":{"@type":"ImageObject","inLanguage":"sl-SI","@id":"https:\/\/distribucionarc.com\/de\/#\/schema\/logo\/image\/","url":"https:\/\/distribucionarc.com\/wp-content\/uploads\/2024\/10\/distribucion-ARC-COLOR-SIN-FONDO-e1732295305345.png","contentUrl":"https:\/\/distribucionarc.com\/wp-content\/uploads\/2024\/10\/distribucion-ARC-COLOR-SIN-FONDO-e1732295305345.png","width":1164,"height":558,"caption":"Distribuci\u00f3n ARC"},"image":{"@id":"https:\/\/distribucionarc.com\/de\/#\/schema\/logo\/image\/"},"description":"Podjetje, specializirano za proizvodnjo in distribucijo industrijskih strojev za \u017eivilski in farmacevtski sektor. Specializirani smo za: Stroji za rezanje mesa Proizvodnja tablet Industrijski transportni sistemi Stekleni\u010darske linije Dozirni stroji In \u0161e veliko ve\u010d... Ponujamo inovativne in prilagojene re\u0161itve za optimizacijo proizvodnih procesov va\u0161ega podjetja.","email":"Admistracion@distribucionarc.com","telephone":"+34 643496664","legalName":"ARC TECH SOLUTIONS","foundingDate":"2024-04-09","vatID":"B55480172","numberOfEmployees":{"@type":"QuantitativeValue","minValue":"1","maxValue":"10"}}]}},"_links":{"self":[{"href":"https:\/\/distribucionarc.com\/sl\/wp-json\/wp\/v2\/product\/1306","targetHints":{"allow":["GET"]}}],"collection":[{"href":"https:\/\/distribucionarc.com\/sl\/wp-json\/wp\/v2\/product"}],"about":[{"href":"https:\/\/distribucionarc.com\/sl\/wp-json\/wp\/v2\/types\/product"}],"replies":[{"embeddable":true,"href":"https:\/\/distribucionarc.com\/sl\/wp-json\/wp\/v2\/comments?post=1306"}],"version-history":[{"count":0,"href":"https:\/\/distribucionarc.com\/sl\/wp-json\/wp\/v2\/product\/1306\/revisions"}],"wp:featuredmedia":[{"embeddable":true,"href":"https:\/\/distribucionarc.com\/sl\/wp-json\/wp\/v2\/media\/1708"}],"wp:attachment":[{"href":"https:\/\/distribucionarc.com\/sl\/wp-json\/wp\/v2\/media?parent=1306"}],"wp:term":[{"taxonomy":"product_brand","embeddable":true,"href":"https:\/\/distribucionarc.com\/sl\/wp-json\/wp\/v2\/product_brand?post=1306"},{"taxonomy":"product_cat","embeddable":true,"href":"https:\/\/distribucionarc.com\/sl\/wp-json\/wp\/v2\/product_cat?post=1306"},{"taxonomy":"product_tag","embeddable":true,"href":"https:\/\/distribucionarc.com\/sl\/wp-json\/wp\/v2\/product_tag?post=1306"}],"curies":[{"name":"delovni list","href":"https:\/\/api.w.org\/{rel}","templated":true}]}}