{"id":1358,"date":"2020-07-23T12:14:59","date_gmt":"2020-07-23T12:14:59","guid":{"rendered":"https:\/\/distribucionarc.com\/?post_type=product&#038;p=1358"},"modified":"2020-10-09T09:36:51","modified_gmt":"2020-10-09T09:36:51","slug":"elektricni-klobasamat-15l","status":"publish","type":"product","link":"https:\/\/distribucionarc.com\/sl\/producto\/maquina-para-embutidos-electrica-15l\/","title":{"rendered":"15L elektri\u010dni aparat za klobase"},"content":{"rendered":"<h3><strong>15L elektri\u010dni aparat za klobase<\/strong><\/h3>\n<p>The<b> elektri\u010dni profesionalni stroj za izdelavo klobas <span style=\"color: #ff0000;\">TO<\/span><span style=\"color: #0000ff;\">R<\/span>CMPS2<\/b> Izdelan je iz visokokakovostnega nerjave\u010dega jekla in je opremljen z najsodobnej\u0161imi funkcijami. Odlikuje ga varnostni povezovalni sistem za povezavo cevi s podstavkom, tako da se zlahka razstavi delno za polnjenje in popolnoma za \u010di\u0161\u010denje. Bat vklju\u010duje pnevmatski ventil, ki prepre\u010duje prekomerno prodiranje zraka in ustvarja popolne klobase. Posebej trpe\u017eno tesnilo bata omogo\u010da enostavno polnjenje stroja.<\/p>\n<p>Vsi kovinski zobniki in batnice pomagajo <b>polnilo<\/b>\u00a0<strong><span style=\"color: #ff0000;\">TO<\/span><span style=\"color: #0000ff;\">R<\/span>c<\/strong> Odporen na visok pritisk, bat za hrano s tesnilom prepre\u010duje uhajanje izdelka \u010dez bat.<\/p>\n<p>The <strong><span style=\"color: #ff0000;\">TO<\/span><span style=\"color: #0000ff;\">R<\/span>CMPS2<\/strong> Ima ventil za izpust zraka za zmanj\u0161anje pretoka zraka in prepre\u010devanje zra\u010dnih \u017eepov v klobasah. Upravlja se z no\u017enim stikalom<strong> polnilo za klobase<\/strong> Omogo\u010da prostoro\u010dno upravljanje. Hitro odstranljiva oblika cevi bo olaj\u0161ala \u010di\u0161\u010denje in vzdr\u017eljivost stroja.<\/p>\n<p>U\u010dinkovit motor pri\u00a0<b>stroj za klobase<\/b> od<strong><span style=\"color: #ff0000;\"> TO<\/span><span style=\"color: #0000ff;\">R<\/span>c<\/strong> Dajejo prednost proizvodnji z izdelavo a <span style=\"color: #008000;\"><strong>Minimalna poraba energije le 40 W. <\/strong><\/span>Veliko se uporablja v kuhinjah, restavracijah in na \u0161tevilnih mestih za predelavo hrane.<\/p>\n<h6><\/h6>\n<h6>Garancija<strong><span style=\"color: #ff0000;\"> TO<\/span><span style=\"color: #0000ff;\">R<\/span>C 2 LETI<\/strong><\/h6>\n<h6><span style=\"color: #008000;\">naju\u010dinkovitej\u0161i motor nizka poraba 40 w<\/span><\/h6>\n<h6>vklju\u010dena tehni\u010dna podpora.<\/h6>\n<p>&nbsp;<\/p>\n<table role=\"presentation\" width=\"100%\" cellspacing=\"0\" cellpadding=\"0\">\n<tbody>\n<tr>\n<td class=\"attrLabels\">mo\u010d:<\/td>\n<td width=\"50.0%\">40W<\/td>\n<\/tr>\n<tr>\n<td class=\"attrLabels\">Napetost:<\/td>\n<td width=\"50.0%\">220V 50Hz do 60Hz<\/td>\n<td class=\"attrLabels\">Te\u017ea:<\/td>\n<td width=\"50.0%\">31 kg<\/td>\n<\/tr>\n<tr>\n<td class=\"attrLabels\">Dr\u017eava distribucije:<\/td>\n<td width=\"50.0%\">\u0160panija, Nem\u010dija, ZDA<\/td>\n<td class=\"attrLabels\">Vi\u0161ina:<\/td>\n<td width=\"50.0%\">81,10 cm<\/td>\n<\/tr>\n<tr>\n<td class=\"attrLabels\">Znamka:<\/td>\n<td width=\"50.0%\">ARC<\/td>\n<td class=\"attrLabels\">dolgo:<\/td>\n<td width=\"50.0%\">33,70 cm<\/td>\n<\/tr>\n<tr>\n<td class=\"attrLabels\">Vrsta izdelka:<\/td>\n<td width=\"50.0%\">stroj za klobase<\/td>\n<td class=\"attrLabels\">\u0160iroko:<\/td>\n<td width=\"50.0%\">\u00a033 cm<\/td>\n<\/tr>\n<tr>\n<td class=\"attrLabels\">\u0160tevilka proizvajalca:<\/td>\n<td width=\"50.0%\">ARCMPS1<\/td>\n<td class=\"attrLabels\">Premer: lijaki<\/td>\n<td width=\"50.0%\">\u00a01,9 cm\/2,5 cm\/3,8 cm\/4,2 cm<\/td>\n<\/tr>\n<tr>\n<td class=\"attrLabels\">Material:<\/td>\n<td width=\"50.0%\">nerjave\u010de jeklo, protizdrsna guma, izpustni ventil<\/td>\n<td class=\"attrLabels\">Velikost:<\/td>\n<td width=\"50.0%\">15L<\/td>\n<\/tr>\n<tr>\n<td class=\"attrLabels\">Hitrost:<\/td>\n<td width=\"50.0%\">Spremenljiva\/dvojna visoka<\/td>\n<td class=\"attrLabels\">barva:<\/td>\n<td width=\"50.0%\">Srebrna<\/td>\n<\/tr>\n<tr>\n<td class=\"attrLabels\">Orodja za namestitev:<\/td>\n<td width=\"50.0%\">ja<\/td>\n<td class=\"attrLabels\">Garancija:<\/td>\n<td width=\"50.0%\">2 LETI<\/td>\n<\/tr>\n<\/tbody>\n<\/table>\n<p>&nbsp;<\/p>","protected":false},"excerpt":{"rendered":"<h2 class=\"product_title entry-title\"><strong>15L elektri\u010dni aparat za klobase\u00a0<\/strong><\/h2>\n<p>The <strong>elektri\u010dni stroj za klobase<\/strong> <strong><span style=\"color: #ff0000;\">TO<\/span><span style=\"color: #0000ff;\">R<\/span>CMPS2<\/strong> zdru\u017euje vse prednosti <strong>elektri\u010dno polnilo za klobase<\/strong> trga. V preprosti izdelavi in velikih koli\u010dinah gurmanskih klobas lahko u\u017eivate kadarkoli. Lahko se uporablja za komercialno ali doma\u010do uporabo.<\/p>\n<p>Telo <strong>polnilo <\/strong>od <strong><span style=\"color: #ff0000;\">TO<\/span><span style=\"color: #0000ff;\">R<\/span>c<\/strong> Izdelan je iz nerjave\u010dega jekla, odpornega proti rji, zaradi \u010desar je vzdr\u017eljiv. Trden okvir, ki se pod pritiskom ne upogne ali nagne. The <strong>polnilo za klobase<\/strong> Ima dvojni sistem za upravljanje visoke in spremenljive hitrosti. Za vsak izdelek ga lahko prilagodite na najprimernej\u0161o hitrost.<\/p>\n<h6>Garancija<strong><span style=\"color: #ff0000;\"> TO<\/span><span style=\"color: #0000ff;\">R<\/span>C 2 LETI<\/strong><\/h6>\n<h6><span style=\"color: #008000;\">naju\u010dinkovitej\u0161i motor nizka poraba 40 w<\/span><\/h6>\n<h6>vklju\u010dena tehni\u010dna podpora.<\/h6>\n<p>&nbsp;<\/p>","protected":false},"featured_media":1366,"comment_status":"open","ping_status":"closed","template":"","meta":{"wds_primary_product_brand":0,"wds_primary_product_cat":0},"product_brand":[],"product_cat":[50],"product_tag":[],"class_list":{"0":"post-1358","1":"product","2":"type-product","3":"status-publish","4":"has-post-thumbnail","6":"product_cat-elaboradoras-de-croquetas-y-albondigas","7":"product_shipping_class-hosteleria","9":"first","10":"instock","11":"sale","12":"taxable","13":"shipping-taxable","14":"purchasable","15":"product-type-simple"},"yoast_head":"<!-- This site is optimized with the Yoast SEO Premium plugin v24.9 (Yoast SEO v26.1) - https:\/\/yoast.com\/wordpress\/plugins\/seo\/ -->\n<title>M\u00e1quina para embutidos el\u00e9ctrica 15L - distribuci\u00f3n ARC<\/title>\n<meta name=\"robots\" content=\"index, follow, max-snippet:-1, max-image-preview:large, max-video-preview:-1\" \/>\n<link rel=\"canonical\" href=\"https:\/\/distribucionarc.com\/sl\/izdelek\/elektricni-klobasamat-15l\/\" \/>\n<meta property=\"og:locale\" content=\"sl_SI\" \/>\n<meta property=\"og:type\" content=\"article\" \/>\n<meta property=\"og:title\" content=\"M\u00e1quina para embutidos el\u00e9ctrica 15L\" \/>\n<meta property=\"og:description\" content=\"M\u00e1quina para embutidos el\u00e9ctrica 15L\u00a0 La maquina para salchichas el\u00e9ctrica ARCMPS2 combina todas las ventajas del relleno de embutidos el\u00e9ctrico del mercado. Usted puede disfrutar de una producci\u00f3n sencilla y de grandes cantidades de embutidos gourmet en cualquier momento.\u00a0 se puede utilizar para uso comercial o dom\u00e9stico.  El cuerpo de la embutidora de ARC est\u00e1 hecho de acero inoxidable resistente a la oxidaci\u00f3n, por lo que es duradero. Un marco robusto que no se dobla ni se inclina bajo presi\u00f3n. La rellenadora de salchichas tiene un sistema de gesti\u00f3n de velocidad variable y alto dual. La puede ajustar a la velocidad m\u00e1s adecuada para cada producto. Garant\u00eda ARC 2 A\u00d1OS motor m\u00e1s eficiente bajo consumo 40 w soporte t\u00e9cnico\u00a0incluido. &nbsp;\" \/>\n<meta property=\"og:url\" content=\"https:\/\/distribucionarc.com\/sl\/izdelek\/elektricni-klobasamat-15l\/\" \/>\n<meta property=\"og:site_name\" content=\"distribuci\u00f3n ARC\" \/>\n<meta property=\"article:modified_time\" content=\"2020-10-09T09:36:51+00:00\" \/>\n<meta property=\"og:image\" content=\"https:\/\/distribucionarc.com\/wp-content\/uploads\/2020\/07\/M\u00e1quina-para-embutidos-el\u00e9ctrica-15L-0.jpg\" \/>\n\t<meta property=\"og:image:width\" content=\"1600\" \/>\n\t<meta property=\"og:image:height\" content=\"1600\" \/>\n\t<meta property=\"og:image:type\" content=\"image\/jpeg\" \/>\n<meta name=\"twitter:card\" content=\"summary_large_image\" \/>\n<meta name=\"twitter:label1\" content=\"Est. reading time\" \/>\n\t<meta name=\"twitter:data1\" content=\"2 minuti\" \/>\n<script type=\"application\/ld+json\" class=\"yoast-schema-graph\">{\"@context\":\"https:\/\/schema.org\",\"@graph\":[{\"@type\":\"WebPage\",\"@id\":\"https:\/\/distribucionarc.com\/pl\/producto\/maquina-para-embutidos-electrica-15l\/\",\"url\":\"https:\/\/distribucionarc.com\/pl\/producto\/maquina-para-embutidos-electrica-15l\/\",\"name\":\"M\u00e1quina para embutidos el\u00e9ctrica 15L - distribuci\u00f3n ARC\",\"isPartOf\":{\"@id\":\"https:\/\/distribucionarc.com\/de\/#website\"},\"primaryImageOfPage\":{\"@id\":\"https:\/\/distribucionarc.com\/pl\/producto\/maquina-para-embutidos-electrica-15l\/#primaryimage\"},\"image\":{\"@id\":\"https:\/\/distribucionarc.com\/pl\/producto\/maquina-para-embutidos-electrica-15l\/#primaryimage\"},\"thumbnailUrl\":\"https:\/\/distribucionarc.com\/wp-content\/uploads\/2020\/07\/M\u00e1quina-para-embutidos-el\u00e9ctrica-15L-0.jpg\",\"datePublished\":\"2020-07-23T12:14:59+00:00\",\"dateModified\":\"2020-10-09T09:36:51+00:00\",\"breadcrumb\":{\"@id\":\"https:\/\/distribucionarc.com\/pl\/producto\/maquina-para-embutidos-electrica-15l\/#breadcrumb\"},\"inLanguage\":\"sl-SI\",\"potentialAction\":[{\"@type\":\"ReadAction\",\"target\":[\"https:\/\/distribucionarc.com\/pl\/producto\/maquina-para-embutidos-electrica-15l\/\"]}]},{\"@type\":\"ImageObject\",\"inLanguage\":\"sl-SI\",\"@id\":\"https:\/\/distribucionarc.com\/pl\/producto\/maquina-para-embutidos-electrica-15l\/#primaryimage\",\"url\":\"https:\/\/distribucionarc.com\/wp-content\/uploads\/2020\/07\/M\u00e1quina-para-embutidos-el\u00e9ctrica-15L-0.jpg\",\"contentUrl\":\"https:\/\/distribucionarc.com\/wp-content\/uploads\/2020\/07\/M\u00e1quina-para-embutidos-el\u00e9ctrica-15L-0.jpg\",\"width\":1600,\"height\":1600,\"caption\":\"sausage stuffer sausage maker sausage stuffer machine sausage maker kit sausage making kit sausage makers sausages stuffer sausage making machine lem sausage stuffer meat stuffer sausage press sausage machine sausage filler sausage kit\"},{\"@type\":\"BreadcrumbList\",\"@id\":\"https:\/\/distribucionarc.com\/pl\/producto\/maquina-para-embutidos-electrica-15l\/#breadcrumb\",\"itemListElement\":[{\"@type\":\"ListItem\",\"position\":1,\"name\":\"Portada\",\"item\":\"https:\/\/distribucionarc.com\/pl\/\"},{\"@type\":\"ListItem\",\"position\":2,\"name\":\"Produkty\",\"item\":\"https:\/\/distribucionarc.com\/pl\/shop\/\"},{\"@type\":\"ListItem\",\"position\":3,\"name\":\"M\u00e1quina para embutidos el\u00e9ctrica 15L\"}]},{\"@type\":\"WebSite\",\"@id\":\"https:\/\/distribucionarc.com\/de\/#website\",\"url\":\"https:\/\/distribucionarc.com\/de\/\",\"name\":\"distribuci\u00f3n ARC\",\"description\":\"Empresa especializada en la fabricaci\u00f3n y distribuci\u00f3n de maquinaria industrial, selladoras de latas, Maquinas de hacer pastillas, Maquinas de cortar carne...\",\"publisher\":{\"@id\":\"https:\/\/distribucionarc.com\/de\/#organization\"},\"potentialAction\":[{\"@type\":\"SearchAction\",\"target\":{\"@type\":\"EntryPoint\",\"urlTemplate\":\"https:\/\/distribucionarc.com\/de\/?s={search_term_string}\"},\"query-input\":{\"@type\":\"PropertyValueSpecification\",\"valueRequired\":true,\"valueName\":\"search_term_string\"}}],\"inLanguage\":\"sl-SI\"},{\"@type\":\"Organization\",\"@id\":\"https:\/\/distribucionarc.com\/de\/#organization\",\"name\":\"Distribuci\u00f3n ARC\",\"url\":\"https:\/\/distribucionarc.com\/de\/\",\"logo\":{\"@type\":\"ImageObject\",\"inLanguage\":\"sl-SI\",\"@id\":\"https:\/\/distribucionarc.com\/de\/#\/schema\/logo\/image\/\",\"url\":\"https:\/\/distribucionarc.com\/wp-content\/uploads\/2024\/10\/distribucion-ARC-COLOR-SIN-FONDO-e1732295305345.png\",\"contentUrl\":\"https:\/\/distribucionarc.com\/wp-content\/uploads\/2024\/10\/distribucion-ARC-COLOR-SIN-FONDO-e1732295305345.png\",\"width\":1164,\"height\":558,\"caption\":\"Distribuci\u00f3n ARC\"},\"image\":{\"@id\":\"https:\/\/distribucionarc.com\/de\/#\/schema\/logo\/image\/\"},\"description\":\"Empresa especializada en la fabricaci\u00f3n y distribuci\u00f3n de maquinaria industrial para los sectores alimentario y farmac\u00e9utico. Nos especializamos en: M\u00e1quinas de cortar carne Fabricaci\u00f3n de comprimidos Sistemas de transporte industrial L\u00edneas de embotellado Dosificadores Y mucho m\u00e1s... Ofrecemos soluciones innovadoras y personalizadas para optimizar los procesos productivos de tu empresa.\",\"email\":\"Admistracion@distribucionarc.com\",\"telephone\":\"+34 643496664\",\"legalName\":\"ARC TECH SOLUTIONS\",\"foundingDate\":\"2024-04-09\",\"vatID\":\"B55480172\",\"numberOfEmployees\":{\"@type\":\"QuantitativeValue\",\"minValue\":\"1\",\"maxValue\":\"10\"}}]}<\/script>\n<!-- \/ Yoast SEO Premium plugin. -->","yoast_head_json":{"title":"15L elektri\u010dni stroj za klobase - distribucija ARC","robots":{"index":"index","follow":"follow","max-snippet":"max-snippet:-1","max-image-preview":"max-image-preview:large","max-video-preview":"max-video-preview:-1"},"canonical":"https:\/\/distribucionarc.com\/sl\/izdelek\/elektricni-klobasamat-15l\/","og_locale":"sl_SI","og_type":"article","og_title":"M\u00e1quina para embutidos el\u00e9ctrica 15L","og_description":"M\u00e1quina para embutidos el\u00e9ctrica 15L\u00a0 La maquina para salchichas el\u00e9ctrica ARCMPS2 combina todas las ventajas del relleno de embutidos el\u00e9ctrico del mercado. Usted puede disfrutar de una producci\u00f3n sencilla y de grandes cantidades de embutidos gourmet en cualquier momento.\u00a0 se puede utilizar para uso comercial o dom\u00e9stico.  El cuerpo de la embutidora de ARC est\u00e1 hecho de acero inoxidable resistente a la oxidaci\u00f3n, por lo que es duradero. Un marco robusto que no se dobla ni se inclina bajo presi\u00f3n. La rellenadora de salchichas tiene un sistema de gesti\u00f3n de velocidad variable y alto dual. La puede ajustar a la velocidad m\u00e1s adecuada para cada producto. Garant\u00eda ARC 2 A\u00d1OS motor m\u00e1s eficiente bajo consumo 40 w soporte t\u00e9cnico\u00a0incluido. &nbsp;","og_url":"https:\/\/distribucionarc.com\/sl\/izdelek\/elektricni-klobasamat-15l\/","og_site_name":"distribuci\u00f3n ARC","article_modified_time":"2020-10-09T09:36:51+00:00","og_image":[{"width":1600,"height":1600,"url":"https:\/\/distribucionarc.com\/wp-content\/uploads\/2020\/07\/M\u00e1quina-para-embutidos-el\u00e9ctrica-15L-0.jpg","type":"image\/jpeg"}],"twitter_card":"summary_large_image","twitter_misc":{"Est. reading time":"2 minuti"},"schema":{"@context":"https:\/\/schema.org","@graph":[{"@type":"WebPage","@id":"https:\/\/distribucionarc.com\/pl\/producto\/maquina-para-embutidos-electrica-15l\/","url":"https:\/\/distribucionarc.com\/pl\/producto\/maquina-para-embutidos-electrica-15l\/","name":"15L elektri\u010dni stroj za klobase - distribucija ARC","isPartOf":{"@id":"https:\/\/distribucionarc.com\/de\/#website"},"primaryImageOfPage":{"@id":"https:\/\/distribucionarc.com\/pl\/producto\/maquina-para-embutidos-electrica-15l\/#primaryimage"},"image":{"@id":"https:\/\/distribucionarc.com\/pl\/producto\/maquina-para-embutidos-electrica-15l\/#primaryimage"},"thumbnailUrl":"https:\/\/distribucionarc.com\/wp-content\/uploads\/2020\/07\/M\u00e1quina-para-embutidos-el\u00e9ctrica-15L-0.jpg","datePublished":"2020-07-23T12:14:59+00:00","dateModified":"2020-10-09T09:36:51+00:00","breadcrumb":{"@id":"https:\/\/distribucionarc.com\/pl\/producto\/maquina-para-embutidos-electrica-15l\/#breadcrumb"},"inLanguage":"sl-SI","potentialAction":[{"@type":"ReadAction","target":["https:\/\/distribucionarc.com\/pl\/producto\/maquina-para-embutidos-electrica-15l\/"]}]},{"@type":"ImageObject","inLanguage":"sl-SI","@id":"https:\/\/distribucionarc.com\/pl\/producto\/maquina-para-embutidos-electrica-15l\/#primaryimage","url":"https:\/\/distribucionarc.com\/wp-content\/uploads\/2020\/07\/M\u00e1quina-para-embutidos-el\u00e9ctrica-15L-0.jpg","contentUrl":"https:\/\/distribucionarc.com\/wp-content\/uploads\/2020\/07\/M\u00e1quina-para-embutidos-el\u00e9ctrica-15L-0.jpg","width":1600,"height":1600,"caption":"sausage stuffer sausage maker sausage stuffer machine sausage maker kit sausage making kit sausage makers sausages stuffer sausage making machine lem sausage stuffer meat stuffer sausage press sausage machine sausage filler sausage kit"},{"@type":"BreadcrumbList","@id":"https:\/\/distribucionarc.com\/pl\/producto\/maquina-para-embutidos-electrica-15l\/#breadcrumb","itemListElement":[{"@type":"ListItem","position":1,"name":"Portada","item":"https:\/\/distribucionarc.com\/pl\/"},{"@type":"ListItem","position":2,"name":"Produkty","item":"https:\/\/distribucionarc.com\/pl\/shop\/"},{"@type":"ListItem","position":3,"name":"M\u00e1quina para embutidos el\u00e9ctrica 15L"}]},{"@type":"WebSite","@id":"https:\/\/distribucionarc.com\/de\/#website","url":"https:\/\/distribucionarc.com\/de\/","name":"ARC porazdelitev","description":"Podjetje je specializirano za proizvodnjo in distribucijo industrijskih strojev, strojev za zapiranje plo\u010devink, strojev za izdelavo tablet, strojev za rezanje mesa...","publisher":{"@id":"https:\/\/distribucionarc.com\/de\/#organization"},"potentialAction":[{"@type":"SearchAction","target":{"@type":"EntryPoint","urlTemplate":"https:\/\/distribucionarc.com\/de\/?s={search_term_string}"},"query-input":{"@type":"PropertyValueSpecification","valueRequired":true,"valueName":"search_term_string"}}],"inLanguage":"sl-SI"},{"@type":"Organization","@id":"https:\/\/distribucionarc.com\/de\/#organization","name":"Distribucija ARC","url":"https:\/\/distribucionarc.com\/de\/","logo":{"@type":"ImageObject","inLanguage":"sl-SI","@id":"https:\/\/distribucionarc.com\/de\/#\/schema\/logo\/image\/","url":"https:\/\/distribucionarc.com\/wp-content\/uploads\/2024\/10\/distribucion-ARC-COLOR-SIN-FONDO-e1732295305345.png","contentUrl":"https:\/\/distribucionarc.com\/wp-content\/uploads\/2024\/10\/distribucion-ARC-COLOR-SIN-FONDO-e1732295305345.png","width":1164,"height":558,"caption":"Distribuci\u00f3n ARC"},"image":{"@id":"https:\/\/distribucionarc.com\/de\/#\/schema\/logo\/image\/"},"description":"Podjetje, specializirano za proizvodnjo in distribucijo industrijskih strojev za \u017eivilski in farmacevtski sektor. Specializirani smo za: Stroji za rezanje mesa Proizvodnja tablet Industrijski transportni sistemi Stekleni\u010darske linije Dozirni stroji In \u0161e veliko ve\u010d... Ponujamo inovativne in prilagojene re\u0161itve za optimizacijo proizvodnih procesov va\u0161ega podjetja.","email":"Admistracion@distribucionarc.com","telephone":"+34 643496664","legalName":"ARC TECH SOLUTIONS","foundingDate":"2024-04-09","vatID":"B55480172","numberOfEmployees":{"@type":"QuantitativeValue","minValue":"1","maxValue":"10"}}]}},"_links":{"self":[{"href":"https:\/\/distribucionarc.com\/sl\/wp-json\/wp\/v2\/product\/1358","targetHints":{"allow":["GET"]}}],"collection":[{"href":"https:\/\/distribucionarc.com\/sl\/wp-json\/wp\/v2\/product"}],"about":[{"href":"https:\/\/distribucionarc.com\/sl\/wp-json\/wp\/v2\/types\/product"}],"replies":[{"embeddable":true,"href":"https:\/\/distribucionarc.com\/sl\/wp-json\/wp\/v2\/comments?post=1358"}],"version-history":[{"count":0,"href":"https:\/\/distribucionarc.com\/sl\/wp-json\/wp\/v2\/product\/1358\/revisions"}],"wp:featuredmedia":[{"embeddable":true,"href":"https:\/\/distribucionarc.com\/sl\/wp-json\/wp\/v2\/media\/1366"}],"wp:attachment":[{"href":"https:\/\/distribucionarc.com\/sl\/wp-json\/wp\/v2\/media?parent=1358"}],"wp:term":[{"taxonomy":"product_brand","embeddable":true,"href":"https:\/\/distribucionarc.com\/sl\/wp-json\/wp\/v2\/product_brand?post=1358"},{"taxonomy":"product_cat","embeddable":true,"href":"https:\/\/distribucionarc.com\/sl\/wp-json\/wp\/v2\/product_cat?post=1358"},{"taxonomy":"product_tag","embeddable":true,"href":"https:\/\/distribucionarc.com\/sl\/wp-json\/wp\/v2\/product_tag?post=1358"}],"curies":[{"name":"delovni list","href":"https:\/\/api.w.org\/{rel}","templated":true}]}}