{"id":1456,"date":"2020-07-24T18:54:07","date_gmt":"2020-07-24T18:54:07","guid":{"rendered":"https:\/\/distribucionarc.com\/?post_type=product&#038;p=1456"},"modified":"2020-09-29T18:47:32","modified_gmt":"2020-09-29T18:47:32","slug":"ledomat-150-kg","status":"publish","type":"product","link":"https:\/\/distribucionarc.com\/sl\/producto\/maquina-para-cubitos-de-hielo-150-kg\/","title":{"rendered":"Ledomat 150 kg"},"content":{"rendered":"<h3>Ledomat za ledene kocke 150 kg<\/h3>\n<p>The\u00a0<strong>stroj za led<\/strong>\u00a0je opremljen z a<strong>\u00a0avtomatski za\u0161\u010ditni sistem<\/strong>\u00a0ki se lahko samodejno ustavi, ko je led poln ali primanjkuje vode, in se tako u\u010dinkovito izogne nesre\u010dam.<\/p>\n<p>Uporablja uvo\u017een kompresor SECOP, ki ima zmogljivo jedro in ga je mogo\u010de tiho upravljati.\u00a0<span style=\"color: #008000;\"><strong>Zagotovil vam bo prihranek energije in prispeval k okolju prijaznosti.<\/strong><\/span>, lahko pove\u010dajo u\u010dinkovitost proizvodnje ledu.<\/p>\n<p>The<strong>\u00a0stroj za led<\/strong>\u00a0od<span style=\"color: #ff0000;\">\u00a0<\/span><strong><span style=\"color: #ff0000;\">TO<\/span><span style=\"color: #0000ff;\">R<\/span>c<\/strong> Obdaja ga dvoslojna penasta izolacija, ki lahko u\u010dinkovito prepre\u010di taljenje ledenih kock 3-5 ur po izpadu elektrike. Vizualiziran dizajn omogo\u010da neposreden pogled v notranjost, ne da bi bilo treba odstraniti pokrov. Vsebuje 125 kosov (12 x 13) ve\u010drastrsko posodo za led, ta<strong> stroj za kocke <span style=\"color: #ff0000;\">TO<\/span><span style=\"color: #0000ff;\">R<\/span>CMCH150<\/strong> je sposoben proizvesti pribli\u017eno (150-160 kg) izvrstnih <strong>kristalno \u010diste ledene kocke<\/strong> vsakih 24 ur. Debelino ledenih kock lahko poljubno prilagodite glede na potrebe, s funkcijo mo\u010dnega hlajenja in za\u010detkom druge hitrosti (prvi\u010d, ko naredite led, traja pribli\u017eno 20 minut, nato 10-15 minut za vsako ledeno plo\u0161\u010do) .<\/p>\n<p>to <strong>stroj za led\u00a0<span style=\"color: #ff0000;\">TO<\/span><span style=\"color: #0000ff;\">R<\/span>c<\/strong>\u00a0 Opremljen je z inteligentnim LCD zaslonom na dotik, ki omogo\u010da natan\u010den nadzor temperature in prilagajanje \u010dasa. Zaradi rezervne funkcije lahko ledomat pono\u010di izklopite in zjutraj znova za\u017eenete<\/p>\n<p>The\u00a0<strong>stroj za ledene kocke<\/strong>\u00a0lahko\u00a0<span style=\"color: #00ccff;\"><strong>samodejno \u010disti<\/strong><\/span>\u00a0v pribli\u017eno 30 minutah s samo enim gumbom, kar vam prihrani \u010das in trud. Uporabite\u00a0<span style=\"color: #800080;\"><strong>NANO-UV modra svetloba<\/strong><\/span>, to<span style=\"color: #00ccff;\"><span style=\"color: #000000;\">\u00a0<\/span><strong><span style=\"color: #000000;\">prispeva k notranji osvetlitvi in<\/span>\u00a0<span style=\"color: #000000;\">je<\/span> u\u010dinkovit za sterilizacijo<\/strong><\/span>.<\/p>\n<h6><\/h6>\n<h6><strong>Garancija\u00a0<span style=\"color: #ff0000;\">TO<\/span><span style=\"color: #0000ff;\">R<\/span>C 2 LETI<\/strong><\/h6>\n<h6><span style=\"color: #008000;\"><strong>U\u010dinkovit aparat za ledene kocke, nizka poraba 750w<\/strong><\/span><\/h6>\n<h6><strong>vklju\u010dena tehni\u010dna podpora<\/strong><\/h6>\n<p>&nbsp;<\/p>\n<table role=\"presentation\" width=\"100%\" cellspacing=\"0\" cellpadding=\"0\">\n<tbody>\n<tr>\n<td class=\"attrLabels\">mo\u010d:<\/td>\n<td width=\"50.0%\">750 W<\/td>\n<\/tr>\n<tr>\n<td class=\"attrLabels\">Napetost:<\/td>\n<td width=\"50.0%\">220V \u2013 240V, 50Hz<\/td>\n<td class=\"attrLabels\">Te\u017ea:<\/td>\n<td width=\"50.0%\">64 kg<\/td>\n<\/tr>\n<tr>\n<td class=\"attrLabels\">Dr\u017eava distribucije:<\/td>\n<td width=\"50.0%\">\u0160panija, Nem\u010dija, ZDA<\/td>\n<td class=\"attrLabels\">Vi\u0161ina:<\/td>\n<td width=\"50.0%\">170 cm<\/td>\n<\/tr>\n<tr>\n<td class=\"attrLabels\">Znamka:<\/td>\n<td width=\"50.0%\">ARC<\/td>\n<td class=\"attrLabels\">dolgo:<\/td>\n<td width=\"50.0%\">57 cm<\/td>\n<\/tr>\n<tr>\n<td class=\"attrLabels\">Vrsta izdelka:<\/td>\n<td width=\"50.0%\">Aparat za ledene kocke<\/td>\n<td class=\"attrLabels\">\u0160iroko:<\/td>\n<td width=\"50.0%\">\u00a086 cm<\/td>\n<\/tr>\n<tr>\n<td class=\"attrLabels\">\u0160tevilka proizvajalca:<\/td>\n<td width=\"50.0%\">ARCMCH150<\/td>\n<td class=\"attrLabels\">Delovna hitrost:<\/td>\n<td width=\"50.0%\">\u00a0150 kg na 24 ur<\/td>\n<\/tr>\n<tr>\n<td class=\"attrLabels\">Material:<\/td>\n<td width=\"50.0%\">nerjave\u010de jeklo, LCD zaslon na dotik, UV modra svetloba, optimiziran motor, odto\u010dna \u010drpalka<\/td>\n<td class=\"attrLabels\">dimenzija ledene kocke:<\/td>\n<td width=\"50.0%\">22 x 22 x 22 mm<\/td>\n<\/tr>\n<tr>\n<td class=\"attrLabels\">barva:<\/td>\n<td width=\"50.0%\">Srebrna<\/td>\n<td class=\"attrLabels\">Shranjevanje:<\/td>\n<td width=\"50.0%\">100 kg<\/td>\n<\/tr>\n<tr>\n<td class=\"attrLabels\">Orodja za namestitev:<\/td>\n<td width=\"50.0%\">ja<\/td>\n<td class=\"attrLabels\">Garancija:<\/td>\n<td width=\"50.0%\">2 LETI<\/td>\n<\/tr>\n<\/tbody>\n<\/table>","protected":false},"excerpt":{"rendered":"<h2>Ledomat za ledene kocke 150 kg<\/h2>\n<p>Ne izgubljajte ve\u010d \u010dasa z nakupom vre\u010dk za led, s\u00a0<strong>stroji za ledene kocke<\/strong>\u00a0od<span style=\"color: #ff0000;\">\u00a0<\/span><strong><span style=\"color: #ff0000;\">TO<\/span><span style=\"color: #0000ff;\">R<\/span>C;<\/strong> Ne bo vam treba iti nikamor, da boste vedno imeli polne rezerve, tako da jih shranite, medtem ko se proizvaja ve\u010d ledu.<\/p>\n<p>to\u00a0<strong>stroj za led\u00a0<span style=\"color: #ff0000;\">TO<\/span><span style=\"color: #0000ff;\">R<\/span>c<\/strong>\u00a0Visoka kakovost je izdelana iz nerjave\u010dega jekla najbolj\u0161e kakovosti, posebnega za hrano z dvojno izolacijo iz pene.  The\u00a0<strong>stroj za ledene kocke<\/strong><span style=\"color: #ff0000;\">\u00a0<\/span><strong><span style=\"color: #ff0000;\">TO<\/span><span style=\"color: #0000ff;\">R<\/span>CMCH150<\/strong>\u00a0ima kapaciteto\u00a0<strong>proizvodnja ledu 150 kg v 24 urah<\/strong> in kapaciteto ledu 140 kg, z <strong>stroj za led<\/strong>\u00a0Po potrebi lahko prilagodite debelino kock.<\/p>\n<h6><strong>Garancija\u00a0<span style=\"color: #ff0000;\">TO<\/span><span style=\"color: #0000ff;\">R<\/span>C 2 LETI<\/strong><\/h6>\n<h6><span style=\"color: #008000;\"><strong>U\u010dinkovit aparat za ledene kocke, nizka poraba 750w<\/strong><\/span><\/h6>\n<h6><strong>vklju\u010dena tehni\u010dna podpora<\/strong><\/h6>","protected":false},"featured_media":1457,"comment_status":"open","ping_status":"closed","template":"","meta":{"wds_primary_product_brand":0,"wds_primary_product_cat":0},"product_brand":[],"product_cat":[59],"product_tag":[],"class_list":{"0":"post-1456","1":"product","2":"type-product","3":"status-publish","4":"has-post-thumbnail","6":"product_cat-hielo","7":"product_shipping_class-hosteleria","9":"first","10":"instock","11":"sale","12":"taxable","13":"shipping-taxable","14":"purchasable","15":"product-type-simple"},"yoast_head":"<!-- This site is optimized with the Yoast SEO Premium plugin v24.9 (Yoast SEO v26.1) - https:\/\/yoast.com\/wordpress\/plugins\/seo\/ -->\n<title>M\u00e1quina para cubitos de hielo 150 Kg - distribuci\u00f3n ARC<\/title>\n<meta name=\"robots\" content=\"index, follow, max-snippet:-1, max-image-preview:large, max-video-preview:-1\" \/>\n<link rel=\"canonical\" href=\"https:\/\/www.distribucionarc.com\/ro\/producto\/maquina-para-cubitos-de-hielo-150-kg\/\" \/>\n<meta property=\"og:locale\" content=\"sl_SI\" \/>\n<meta property=\"og:type\" content=\"article\" \/>\n<meta property=\"og:title\" content=\"M\u00e1quina para cubitos de hielo 150 Kg\" \/>\n<meta property=\"og:description\" content=\"M\u00e1quina de hielo para cubitos de hielo 150 Kg No pierdas m\u00e1s el tiempo comprando sacos de hielo, con las\u00a0m\u00e1quinas para cubitos de hielo\u00a0de\u00a0ARC; no tendr\u00e1s que ir a ning\u00fan lado para tener tus reservas siempre llenas, al almacenarlo mientras se va fabricando m\u00e1s hielo.  Esta\u00a0m\u00e1quina de hielo\u00a0ARC\u00a0de alta calidad est\u00e1 hecha de acero inoxidable de la mejor calidad, especial para alimentos con aislamiento de espuma de doble capa. \u00a0La\u00a0m\u00e1quina para cubitos de hielo\u00a0ARCMCH150\u00a0cuenta con una capacidad de\u00a0producci\u00f3n de hielo de 150 Kg en 24 horas y una capacidad de almacenamiento de hielo de 140 Kg, con la m\u00e1quina de hielo\u00a0usted podr\u00e1 ajustar el grosor de los cubitos seg\u00fan le sea necesario. Garant\u00eda\u00a0ARC 2 A\u00d1OS Maquina para cubitos de hielo eficiente, bajo consumo 750w soporte t\u00e9cnico\u00a0incluido\" \/>\n<meta property=\"og:url\" content=\"https:\/\/www.distribucionarc.com\/ro\/producto\/maquina-para-cubitos-de-hielo-150-kg\/\" \/>\n<meta property=\"og:site_name\" content=\"distribuci\u00f3n ARC\" \/>\n<meta property=\"article:modified_time\" content=\"2020-09-29T18:47:32+00:00\" \/>\n<meta property=\"og:image\" content=\"https:\/\/distribucionarc.com\/wp-content\/uploads\/2020\/07\/M\u00e1quina-para-cubitos-de-hielo-150-Kg-0.jpg\" \/>\n\t<meta property=\"og:image:width\" content=\"1600\" \/>\n\t<meta property=\"og:image:height\" content=\"1600\" \/>\n\t<meta property=\"og:image:type\" content=\"image\/jpeg\" \/>\n<meta name=\"twitter:card\" content=\"summary_large_image\" \/>\n<meta name=\"twitter:label1\" content=\"Est. reading time\" \/>\n\t<meta name=\"twitter:data1\" content=\"2 minuti\" \/>\n<script type=\"application\/ld+json\" class=\"yoast-schema-graph\">{\"@context\":\"https:\/\/schema.org\",\"@graph\":[{\"@type\":\"WebPage\",\"@id\":\"https:\/\/www.distribucionarc.com\/ro\/producto\/maquina-para-cubitos-de-hielo-150-kg\/\",\"url\":\"https:\/\/www.distribucionarc.com\/ro\/producto\/maquina-para-cubitos-de-hielo-150-kg\/\",\"name\":\"M\u00e1quina para cubitos de hielo 150 Kg - distribuci\u00f3n ARC\",\"isPartOf\":{\"@id\":\"https:\/\/www.distribucionarc.com\/sl\/#website\"},\"primaryImageOfPage\":{\"@id\":\"https:\/\/www.distribucionarc.com\/ro\/producto\/maquina-para-cubitos-de-hielo-150-kg\/#primaryimage\"},\"image\":{\"@id\":\"https:\/\/www.distribucionarc.com\/ro\/producto\/maquina-para-cubitos-de-hielo-150-kg\/#primaryimage\"},\"thumbnailUrl\":\"https:\/\/distribucionarc.com\/wp-content\/uploads\/2020\/07\/M\u00e1quina-para-cubitos-de-hielo-150-Kg-0.jpg\",\"datePublished\":\"2020-07-24T18:54:07+00:00\",\"dateModified\":\"2020-09-29T18:47:32+00:00\",\"breadcrumb\":{\"@id\":\"https:\/\/www.distribucionarc.com\/ro\/producto\/maquina-para-cubitos-de-hielo-150-kg\/#breadcrumb\"},\"inLanguage\":\"sl-SI\",\"potentialAction\":[{\"@type\":\"ReadAction\",\"target\":[\"https:\/\/www.distribucionarc.com\/ro\/producto\/maquina-para-cubitos-de-hielo-150-kg\/\"]}]},{\"@type\":\"ImageObject\",\"inLanguage\":\"sl-SI\",\"@id\":\"https:\/\/www.distribucionarc.com\/ro\/producto\/maquina-para-cubitos-de-hielo-150-kg\/#primaryimage\",\"url\":\"https:\/\/distribucionarc.com\/wp-content\/uploads\/2020\/07\/M\u00e1quina-para-cubitos-de-hielo-150-Kg-0.jpg\",\"contentUrl\":\"https:\/\/distribucionarc.com\/wp-content\/uploads\/2020\/07\/M\u00e1quina-para-cubitos-de-hielo-150-Kg-0.jpg\",\"width\":1600,\"height\":1600,\"caption\":\"M\u00e1quina para cubitos de hielo 150 Kg\"},{\"@type\":\"BreadcrumbList\",\"@id\":\"https:\/\/www.distribucionarc.com\/ro\/producto\/maquina-para-cubitos-de-hielo-150-kg\/#breadcrumb\",\"itemListElement\":[{\"@type\":\"ListItem\",\"position\":1,\"name\":\"Portada\",\"item\":\"https:\/\/www.distribucionarc.com\/\"},{\"@type\":\"ListItem\",\"position\":2,\"name\":\"\u00dcr\u00fcnler\",\"item\":\"https:\/\/www.distribucionarc.com\/tr\/magaza\/\"},{\"@type\":\"ListItem\",\"position\":3,\"name\":\"M\u00e1quina para cubitos de hielo 150 Kg\"}]},{\"@type\":\"WebSite\",\"@id\":\"https:\/\/www.distribucionarc.com\/sl\/#website\",\"url\":\"https:\/\/www.distribucionarc.com\/sl\/\",\"name\":\"distribuci\u00f3n ARC\",\"description\":\"Empresa especializada en la fabricaci\u00f3n y distribuci\u00f3n de maquinaria industrial, selladoras de latas, Maquinas de hacer pastillas, Maquinas de cortar carne...\",\"publisher\":{\"@id\":\"https:\/\/www.distribucionarc.com\/sl\/#organization\"},\"potentialAction\":[{\"@type\":\"SearchAction\",\"target\":{\"@type\":\"EntryPoint\",\"urlTemplate\":\"https:\/\/www.distribucionarc.com\/sl\/?s={search_term_string}\"},\"query-input\":{\"@type\":\"PropertyValueSpecification\",\"valueRequired\":true,\"valueName\":\"search_term_string\"}}],\"inLanguage\":\"sl-SI\"},{\"@type\":\"Organization\",\"@id\":\"https:\/\/www.distribucionarc.com\/sl\/#organization\",\"name\":\"Distribuci\u00f3n ARC\",\"url\":\"https:\/\/www.distribucionarc.com\/sl\/\",\"logo\":{\"@type\":\"ImageObject\",\"inLanguage\":\"sl-SI\",\"@id\":\"https:\/\/www.distribucionarc.com\/sl\/#\/schema\/logo\/image\/\",\"url\":\"https:\/\/distribucionarc.com\/wp-content\/uploads\/2024\/10\/distribucion-ARC-COLOR-SIN-FONDO-e1732295305345.png\",\"contentUrl\":\"https:\/\/distribucionarc.com\/wp-content\/uploads\/2024\/10\/distribucion-ARC-COLOR-SIN-FONDO-e1732295305345.png\",\"width\":1164,\"height\":558,\"caption\":\"Distribuci\u00f3n ARC\"},\"image\":{\"@id\":\"https:\/\/www.distribucionarc.com\/sl\/#\/schema\/logo\/image\/\"},\"description\":\"Empresa especializada en la fabricaci\u00f3n y distribuci\u00f3n de maquinaria industrial para los sectores alimentario y farmac\u00e9utico. Nos especializamos en: M\u00e1quinas de cortar carne Fabricaci\u00f3n de comprimidos Sistemas de transporte industrial L\u00edneas de embotellado Dosificadores Y mucho m\u00e1s... Ofrecemos soluciones innovadoras y personalizadas para optimizar los procesos productivos de tu empresa.\",\"email\":\"Admistracion@distribucionarc.com\",\"telephone\":\"+34 643496664\",\"legalName\":\"ARC TECH SOLUTIONS\",\"foundingDate\":\"2024-04-09\",\"vatID\":\"B55480172\",\"numberOfEmployees\":{\"@type\":\"QuantitativeValue\",\"minValue\":\"1\",\"maxValue\":\"10\"}}]}<\/script>\n<!-- \/ Yoast SEO Premium plugin. -->","yoast_head_json":{"title":"Ledomat 150 Kg - distribucija ARC","robots":{"index":"index","follow":"follow","max-snippet":"max-snippet:-1","max-image-preview":"max-image-preview:large","max-video-preview":"max-video-preview:-1"},"canonical":"https:\/\/www.distribucionarc.com\/ro\/producto\/maquina-para-cubitos-de-hielo-150-kg\/","og_locale":"sl_SI","og_type":"article","og_title":"M\u00e1quina para cubitos de hielo 150 Kg","og_description":"M\u00e1quina de hielo para cubitos de hielo 150 Kg No pierdas m\u00e1s el tiempo comprando sacos de hielo, con las\u00a0m\u00e1quinas para cubitos de hielo\u00a0de\u00a0ARC; no tendr\u00e1s que ir a ning\u00fan lado para tener tus reservas siempre llenas, al almacenarlo mientras se va fabricando m\u00e1s hielo.  Esta\u00a0m\u00e1quina de hielo\u00a0ARC\u00a0de alta calidad est\u00e1 hecha de acero inoxidable de la mejor calidad, especial para alimentos con aislamiento de espuma de doble capa. \u00a0La\u00a0m\u00e1quina para cubitos de hielo\u00a0ARCMCH150\u00a0cuenta con una capacidad de\u00a0producci\u00f3n de hielo de 150 Kg en 24 horas y una capacidad de almacenamiento de hielo de 140 Kg, con la m\u00e1quina de hielo\u00a0usted podr\u00e1 ajustar el grosor de los cubitos seg\u00fan le sea necesario. Garant\u00eda\u00a0ARC 2 A\u00d1OS Maquina para cubitos de hielo eficiente, bajo consumo 750w soporte t\u00e9cnico\u00a0incluido","og_url":"https:\/\/www.distribucionarc.com\/ro\/producto\/maquina-para-cubitos-de-hielo-150-kg\/","og_site_name":"distribuci\u00f3n ARC","article_modified_time":"2020-09-29T18:47:32+00:00","og_image":[{"width":1600,"height":1600,"url":"https:\/\/distribucionarc.com\/wp-content\/uploads\/2020\/07\/M\u00e1quina-para-cubitos-de-hielo-150-Kg-0.jpg","type":"image\/jpeg"}],"twitter_card":"summary_large_image","twitter_misc":{"Est. reading time":"2 minuti"},"schema":{"@context":"https:\/\/schema.org","@graph":[{"@type":"WebPage","@id":"https:\/\/www.distribucionarc.com\/ro\/producto\/maquina-para-cubitos-de-hielo-150-kg\/","url":"https:\/\/www.distribucionarc.com\/ro\/producto\/maquina-para-cubitos-de-hielo-150-kg\/","name":"Ledomat 150 Kg - distribucija ARC","isPartOf":{"@id":"https:\/\/www.distribucionarc.com\/sl\/#website"},"primaryImageOfPage":{"@id":"https:\/\/www.distribucionarc.com\/ro\/producto\/maquina-para-cubitos-de-hielo-150-kg\/#primaryimage"},"image":{"@id":"https:\/\/www.distribucionarc.com\/ro\/producto\/maquina-para-cubitos-de-hielo-150-kg\/#primaryimage"},"thumbnailUrl":"https:\/\/distribucionarc.com\/wp-content\/uploads\/2020\/07\/M\u00e1quina-para-cubitos-de-hielo-150-Kg-0.jpg","datePublished":"2020-07-24T18:54:07+00:00","dateModified":"2020-09-29T18:47:32+00:00","breadcrumb":{"@id":"https:\/\/www.distribucionarc.com\/ro\/producto\/maquina-para-cubitos-de-hielo-150-kg\/#breadcrumb"},"inLanguage":"sl-SI","potentialAction":[{"@type":"ReadAction","target":["https:\/\/www.distribucionarc.com\/ro\/producto\/maquina-para-cubitos-de-hielo-150-kg\/"]}]},{"@type":"ImageObject","inLanguage":"sl-SI","@id":"https:\/\/www.distribucionarc.com\/ro\/producto\/maquina-para-cubitos-de-hielo-150-kg\/#primaryimage","url":"https:\/\/distribucionarc.com\/wp-content\/uploads\/2020\/07\/M\u00e1quina-para-cubitos-de-hielo-150-Kg-0.jpg","contentUrl":"https:\/\/distribucionarc.com\/wp-content\/uploads\/2020\/07\/M\u00e1quina-para-cubitos-de-hielo-150-Kg-0.jpg","width":1600,"height":1600,"caption":"M\u00e1quina para cubitos de hielo 150 Kg"},{"@type":"BreadcrumbList","@id":"https:\/\/www.distribucionarc.com\/ro\/producto\/maquina-para-cubitos-de-hielo-150-kg\/#breadcrumb","itemListElement":[{"@type":"ListItem","position":1,"name":"Portada","item":"https:\/\/www.distribucionarc.com\/"},{"@type":"ListItem","position":2,"name":"\u00dcr\u00fcnler","item":"https:\/\/www.distribucionarc.com\/tr\/magaza\/"},{"@type":"ListItem","position":3,"name":"M\u00e1quina para cubitos de hielo 150 Kg"}]},{"@type":"WebSite","@id":"https:\/\/www.distribucionarc.com\/sl\/#website","url":"https:\/\/www.distribucionarc.com\/sl\/","name":"ARC porazdelitev","description":"Podjetje je specializirano za proizvodnjo in distribucijo industrijskih strojev, strojev za zapiranje plo\u010devink, strojev za izdelavo tablet, strojev za rezanje mesa...","publisher":{"@id":"https:\/\/www.distribucionarc.com\/sl\/#organization"},"potentialAction":[{"@type":"SearchAction","target":{"@type":"EntryPoint","urlTemplate":"https:\/\/www.distribucionarc.com\/sl\/?s={search_term_string}"},"query-input":{"@type":"PropertyValueSpecification","valueRequired":true,"valueName":"search_term_string"}}],"inLanguage":"sl-SI"},{"@type":"Organization","@id":"https:\/\/www.distribucionarc.com\/sl\/#organization","name":"Distribucija ARC","url":"https:\/\/www.distribucionarc.com\/sl\/","logo":{"@type":"ImageObject","inLanguage":"sl-SI","@id":"https:\/\/www.distribucionarc.com\/sl\/#\/schema\/logo\/image\/","url":"https:\/\/distribucionarc.com\/wp-content\/uploads\/2024\/10\/distribucion-ARC-COLOR-SIN-FONDO-e1732295305345.png","contentUrl":"https:\/\/distribucionarc.com\/wp-content\/uploads\/2024\/10\/distribucion-ARC-COLOR-SIN-FONDO-e1732295305345.png","width":1164,"height":558,"caption":"Distribuci\u00f3n ARC"},"image":{"@id":"https:\/\/www.distribucionarc.com\/sl\/#\/schema\/logo\/image\/"},"description":"Podjetje, specializirano za proizvodnjo in distribucijo industrijskih strojev za \u017eivilski in farmacevtski sektor. Specializirani smo za: Stroji za rezanje mesa Proizvodnja tablet Industrijski transportni sistemi Stekleni\u010darske linije Dozirni stroji In \u0161e veliko ve\u010d... Ponujamo inovativne in prilagojene re\u0161itve za optimizacijo proizvodnih procesov va\u0161ega podjetja.","email":"Admistracion@distribucionarc.com","telephone":"+34 643496664","legalName":"ARC TECH SOLUTIONS","foundingDate":"2024-04-09","vatID":"B55480172","numberOfEmployees":{"@type":"QuantitativeValue","minValue":"1","maxValue":"10"}}]}},"_links":{"self":[{"href":"https:\/\/distribucionarc.com\/sl\/wp-json\/wp\/v2\/product\/1456","targetHints":{"allow":["GET"]}}],"collection":[{"href":"https:\/\/distribucionarc.com\/sl\/wp-json\/wp\/v2\/product"}],"about":[{"href":"https:\/\/distribucionarc.com\/sl\/wp-json\/wp\/v2\/types\/product"}],"replies":[{"embeddable":true,"href":"https:\/\/distribucionarc.com\/sl\/wp-json\/wp\/v2\/comments?post=1456"}],"version-history":[{"count":0,"href":"https:\/\/distribucionarc.com\/sl\/wp-json\/wp\/v2\/product\/1456\/revisions"}],"wp:featuredmedia":[{"embeddable":true,"href":"https:\/\/distribucionarc.com\/sl\/wp-json\/wp\/v2\/media\/1457"}],"wp:attachment":[{"href":"https:\/\/distribucionarc.com\/sl\/wp-json\/wp\/v2\/media?parent=1456"}],"wp:term":[{"taxonomy":"product_brand","embeddable":true,"href":"https:\/\/distribucionarc.com\/sl\/wp-json\/wp\/v2\/product_brand?post=1456"},{"taxonomy":"product_cat","embeddable":true,"href":"https:\/\/distribucionarc.com\/sl\/wp-json\/wp\/v2\/product_cat?post=1456"},{"taxonomy":"product_tag","embeddable":true,"href":"https:\/\/distribucionarc.com\/sl\/wp-json\/wp\/v2\/product_tag?post=1456"}],"curies":[{"name":"delovni list","href":"https:\/\/api.w.org\/{rel}","templated":true}]}}