{"id":1495,"date":"2020-07-25T13:22:21","date_gmt":"2020-07-25T13:22:21","guid":{"rendered":"https:\/\/distribucionarc.com\/?post_type=product&#038;p=1495"},"modified":"2020-09-27T10:00:40","modified_gmt":"2020-09-27T10:00:40","slug":"smoker-zar-profesionalec","status":"publish","type":"product","link":"https:\/\/distribucionarc.com\/sl\/producto\/ahumador-barbacoa-profesional\/","title":{"rendered":"Profesionalna kadilnica za \u017ear"},"content":{"rendered":"<h3>Profesionalna kadilnica za \u017ear<\/h3>\n<p>to <strong>elektri\u010dni \u017ear<\/strong> od<strong><span style=\"color: red;\"> TO<\/span><span style=\"color: blue;\">R<\/span>c<\/strong> Izdelan je iz zelo trpe\u017enega in najbolj\u0161ega nerjave\u010dega jekla za \u017eivila. Njegov u\u010dinkovit motor <strong><span style=\"color: green;\">bo pomagal prihraniti pri porabi energije.<\/span><\/strong><\/p>\n<p>S tem <strong>elektri\u010dni kadilec <span style=\"color: red;\">TO<\/span><span style=\"color: blue;\">R<\/span>CBAP01<\/strong> Kuhate in dimite lahko hkrati, da svojim jedem daste edinstven pridih, enostaven za uporabo; Samo priklju\u010dite \u017ear, vklopite grelno telo in to je to.<\/p>\n<p>Lahko odprete <strong>ARC elektri\u010dni kadilec<\/strong> Za bolj stalen nadzor ponujajo tri kromirane police 40 x 25 cm veliko prostora, medtem ko trije kavlji omogo\u010dajo obe\u0161anje klobas, \u0161unke itd. Odstranljiv pladenj za kapljanje zbira kondenz in ma\u0161\u010dobo, kar olaj\u0161a \u010di\u0161\u010denje. Intenzivnost dima je mogo\u010de priro\u010dno nastaviti zahvaljujo\u010d prezra\u010devalnim vratcem na zadnji strani elektri\u010dnega kadilnika.<\/p>\n<h6><\/h6>\n<h6><strong>Garancija\u00a0<span style=\"color: #ff0000;\">TO<\/span><span style=\"color: #0000ff;\">R<\/span>C 2 LETI<\/strong><\/h6>\n<h6><span style=\"color: #008000;\">U\u010dinkovit elektri\u010dni dimnik za \u017ear, nizka poraba 1400 W<\/span><\/h6>\n<h6><strong>vklju\u010dena tehni\u010dna podpora<\/strong><\/h6>\n<p>&nbsp;<\/p>\n<table role=\"presentation\" width=\"100%\" cellspacing=\"0\" cellpadding=\"0\">\n<tbody>\n<tr>\n<td class=\"attrLabels\">Temperatura:<\/td>\n<td width=\"50.0%\">50-300\u00baC<\/td>\n<\/tr>\n<tr>\n<td class=\"attrLabels\">Dr\u017eava distribucije:<\/td>\n<td width=\"50.0%\">\u0160panija, Nem\u010dija, ZDA<\/td>\n<td class=\"attrLabels\">Te\u017ea:<\/td>\n<td width=\"50.0%\">13,5 kg<\/td>\n<\/tr>\n<tr>\n<td class=\"attrLabels\">Znamka:<\/td>\n<td width=\"50.0%\">ARC<\/td>\n<td class=\"attrLabels\">Vi\u0161ina:<\/td>\n<td width=\"50.0%\">74 cm<\/td>\n<\/tr>\n<tr>\n<td class=\"attrLabels\">barva:<\/td>\n<td width=\"50.0%\">Srebrna<\/td>\n<td class=\"attrLabels\">dolgo:<\/td>\n<td width=\"50.0%\">54 cm<\/td>\n<\/tr>\n<tr>\n<td class=\"attrLabels\">Vrsta izdelka:<\/td>\n<td width=\"50.0%\">\u00a0elektri\u010dna kuhinjska re\u0161etka<\/td>\n<td class=\"attrLabels\">\u0160iroko:<\/td>\n<td width=\"50.0%\">45 cm<\/td>\n<\/tr>\n<tr>\n<td class=\"attrLabels\">\u0160tevilka proizvajalca:<\/td>\n<td width=\"50.0%\">ARCBAP01<\/td>\n<td class=\"attrLabels\">notranje mere:<\/td>\n<td width=\"50.0%\">45 x 57,5 x 29 cm<\/td>\n<\/tr>\n<tr>\n<td class=\"attrLabels\">Material:<\/td>\n<td width=\"50.0%\">nerjave\u010de jeklo, \u017ear, regulacija temperature<\/td>\n<td class=\"attrLabels\">Vhodna napetost:<\/td>\n<td width=\"50.0%\">220V \u2013 50Hz<\/td>\n<\/tr>\n<tr>\n<td class=\"attrLabels\">ravni:<\/td>\n<td width=\"50.0%\">Mo\u017enost 3 plus 3 kljuke<\/td>\n<td class=\"attrLabels\">\u00a0mo\u010d:<\/td>\n<td width=\"50.0%\">1400 W<\/td>\n<\/tr>\n<tr>\n<td class=\"attrLabels\">Velikost \u017eeleza:<\/td>\n<td width=\"50.0%\">40x25 cm<\/td>\n<td class=\"attrLabels\">Garancija:<\/td>\n<td width=\"50.0%\">2 LETI<\/td>\n<\/tr>\n<\/tbody>\n<\/table>","protected":false},"excerpt":{"rendered":"<h2>Profesionalna kadilnica za \u017ear<\/h2>\n<p>to<strong> elektri\u010dni \u017ear <\/strong>vam bo pomagal dati dodatno piko na i va\u0161emu kuhanju,<strong> Elektri\u010dni dimnik za \u017ear <span style=\"color: #ff0000;\">TO<\/span><span style=\"color: #0000ff;\">R<\/span>c<\/strong> Ima 1400 W mo\u010di za ne\u017eno pe\u010denje rib, mesa, klobas, tofuja, zelenjave itd.<\/p>\n<p>Enostavno rokovanje s pripravo in v\u017eigom <strong>elektri\u010dni kadilec<\/strong> Pomagal vam bo prihraniti \u010das, da bodo lahko va\u0161e stranke u\u017eivale v izvrstnih jedeh, ki ohranjajo kuhanje in okus pristne pe\u010denke. Izdelano iz najbolj\u0161ega nerjave\u010dega jekla za \u017eivila.  to<strong> elektri\u010dni \u017ear<\/strong> <span style=\"color: #ff0000;\"><strong>TO<\/strong><\/span><span style=\"color: #0000ff;\"><strong>R<\/strong><\/span><strong>CBAP01<\/strong> Tako bo va\u0161e mesto druga\u010dno od drugih. Ima prezra\u010devalna vrata na zadnji strani, termometer do 300\u00baC na vratih in ro\u010daj za prena\u0161anje na vrhu.<\/p>\n<h6><strong>Garancija\u00a0<span style=\"color: #ff0000;\">TO<\/span><span style=\"color: #0000ff;\">R<\/span>C 2 LETI<\/strong><\/h6>\n<h6><span style=\"color: #008000;\">U\u010dinkovit elektri\u010dni dimnik za \u017ear, nizka poraba 1400 W<\/span><\/h6>\n<h6><strong>vklju\u010dena tehni\u010dna podpora<\/strong><\/h6>\n<p>&nbsp;<\/p>","protected":false},"featured_media":1499,"comment_status":"open","ping_status":"closed","template":"","meta":{"wds_primary_product_brand":0,"wds_primary_product_cat":0},"product_brand":[],"product_cat":[60],"product_tag":[],"class_list":{"0":"post-1495","1":"product","2":"type-product","3":"status-publish","4":"has-post-thumbnail","6":"product_cat-ahumadores-profesionales","7":"product_shipping_class-hosteleria","9":"first","10":"instock","11":"sale","12":"taxable","13":"shipping-taxable","14":"purchasable","15":"product-type-simple"},"yoast_head":"<!-- This site is optimized with the Yoast SEO Premium plugin v24.9 (Yoast SEO v26.1) - https:\/\/yoast.com\/wordpress\/plugins\/seo\/ -->\n<title>Ahumador barbacoa profesional - distribuci\u00f3n ARC<\/title>\n<meta name=\"robots\" content=\"index, follow, max-snippet:-1, max-image-preview:large, max-video-preview:-1\" \/>\n<link rel=\"canonical\" href=\"https:\/\/www.distribucionarc.com\/bg\/producto\/ahumador-barbacoa-profesional\/\" \/>\n<meta property=\"og:locale\" content=\"sl_SI\" \/>\n<meta property=\"og:type\" content=\"article\" \/>\n<meta property=\"og:title\" content=\"Ahumador barbacoa profesional\" \/>\n<meta property=\"og:description\" content=\"Ahumador barbacoa profesional Esta barbacoa el\u00e9ctrica le ayudar\u00e1 a darle un punto extra de sabor a su cocina, el Ahumador barbacoa el\u00e9ctrica ARC cuenta con 1400W de potencia para asar suavemente pescados, carnes, embutidos, tofu, verduras, etc.  El f\u00e1cil manejo de preparaci\u00f3n y encendido del ahumador el\u00e9ctrico le ayudar\u00e1 a ahorrar tiempo para que sus clientes disfruten de unos exquisitos platos que conservan la cocci\u00f3n y sabor de un aut\u00e9ntico asado. Hecho del acero inoxidable de la mejor calidad alimentaria. \u00a0Esta barbacoa el\u00e9ctrica ARCBAP01 har\u00e1 que tu local sea diferente de los dem\u00e1s.\u00a0Dispone de puerta de ventilaci\u00f3n en la parte posterior, term\u00f3metro de hasta 300\u00baC en la puerta y asa de transporte en la parte superior Garant\u00eda\u00a0ARC 2 A\u00d1OS Ahumador barbacoa el\u00e9ctrico eficiente, bajo consumo 1400w soporte t\u00e9cnico\u00a0incluido &nbsp;\" \/>\n<meta property=\"og:url\" content=\"https:\/\/www.distribucionarc.com\/bg\/producto\/ahumador-barbacoa-profesional\/\" \/>\n<meta property=\"og:site_name\" content=\"distribuci\u00f3n ARC\" \/>\n<meta property=\"article:modified_time\" content=\"2020-09-27T10:00:40+00:00\" \/>\n<meta property=\"og:image\" content=\"https:\/\/www.distribucionarc.com\/wp-content\/uploads\/2020\/07\/Ahumador-barbacoa-profesional-0.jpg\" \/>\n\t<meta property=\"og:image:width\" content=\"1500\" \/>\n\t<meta property=\"og:image:height\" content=\"1500\" \/>\n\t<meta property=\"og:image:type\" content=\"image\/jpeg\" \/>\n<meta name=\"twitter:card\" content=\"summary_large_image\" \/>\n<meta name=\"twitter:label1\" content=\"Est. reading time\" \/>\n\t<meta name=\"twitter:data1\" content=\"1 minuta\" \/>\n<script type=\"application\/ld+json\" class=\"yoast-schema-graph\">{\"@context\":\"https:\/\/schema.org\",\"@graph\":[{\"@type\":\"WebPage\",\"@id\":\"https:\/\/www.distribucionarc.com\/bg\/producto\/ahumador-barbacoa-profesional\/\",\"url\":\"https:\/\/www.distribucionarc.com\/bg\/producto\/ahumador-barbacoa-profesional\/\",\"name\":\"Ahumador barbacoa profesional - distribuci\u00f3n ARC\",\"isPartOf\":{\"@id\":\"https:\/\/distribucionarc.com\/bg\/#website\"},\"primaryImageOfPage\":{\"@id\":\"https:\/\/www.distribucionarc.com\/bg\/producto\/ahumador-barbacoa-profesional\/#primaryimage\"},\"image\":{\"@id\":\"https:\/\/www.distribucionarc.com\/bg\/producto\/ahumador-barbacoa-profesional\/#primaryimage\"},\"thumbnailUrl\":\"https:\/\/distribucionarc.com\/wp-content\/uploads\/2020\/07\/Ahumador-barbacoa-profesional-0.jpg\",\"datePublished\":\"2020-07-25T13:22:21+00:00\",\"dateModified\":\"2020-09-27T10:00:40+00:00\",\"breadcrumb\":{\"@id\":\"https:\/\/www.distribucionarc.com\/bg\/producto\/ahumador-barbacoa-profesional\/#breadcrumb\"},\"inLanguage\":\"sl-SI\",\"potentialAction\":[{\"@type\":\"ReadAction\",\"target\":[\"https:\/\/www.distribucionarc.com\/bg\/producto\/ahumador-barbacoa-profesional\/\"]}]},{\"@type\":\"ImageObject\",\"inLanguage\":\"sl-SI\",\"@id\":\"https:\/\/www.distribucionarc.com\/bg\/producto\/ahumador-barbacoa-profesional\/#primaryimage\",\"url\":\"https:\/\/distribucionarc.com\/wp-content\/uploads\/2020\/07\/Ahumador-barbacoa-profesional-0.jpg\",\"contentUrl\":\"https:\/\/distribucionarc.com\/wp-content\/uploads\/2020\/07\/Ahumador-barbacoa-profesional-0.jpg\",\"width\":1500,\"height\":1500,\"caption\":\"Ahumador barbacoa profesional\"},{\"@type\":\"BreadcrumbList\",\"@id\":\"https:\/\/www.distribucionarc.com\/bg\/producto\/ahumador-barbacoa-profesional\/#breadcrumb\",\"itemListElement\":[{\"@type\":\"ListItem\",\"position\":1,\"name\":\"Portada\",\"item\":\"https:\/\/distribucionarc.com\/nb\/\"},{\"@type\":\"ListItem\",\"position\":2,\"name\":\"Products\",\"item\":\"https:\/\/www.distribucionarc.com\/en\/shop\/\"},{\"@type\":\"ListItem\",\"position\":3,\"name\":\"Ahumador barbacoa profesional\"}]},{\"@type\":\"WebSite\",\"@id\":\"https:\/\/distribucionarc.com\/bg\/#website\",\"url\":\"https:\/\/distribucionarc.com\/bg\/\",\"name\":\"distribuci\u00f3n ARC\",\"description\":\"Empresa especializada en la fabricaci\u00f3n y distribuci\u00f3n de maquinaria industrial, selladoras de latas, Maquinas de hacer pastillas, Maquinas de cortar carne...\",\"publisher\":{\"@id\":\"https:\/\/distribucionarc.com\/bg\/#organization\"},\"potentialAction\":[{\"@type\":\"SearchAction\",\"target\":{\"@type\":\"EntryPoint\",\"urlTemplate\":\"https:\/\/distribucionarc.com\/bg\/?s={search_term_string}\"},\"query-input\":{\"@type\":\"PropertyValueSpecification\",\"valueRequired\":true,\"valueName\":\"search_term_string\"}}],\"inLanguage\":\"sl-SI\"},{\"@type\":\"Organization\",\"@id\":\"https:\/\/distribucionarc.com\/bg\/#organization\",\"name\":\"Distribuci\u00f3n ARC\",\"url\":\"https:\/\/distribucionarc.com\/bg\/\",\"logo\":{\"@type\":\"ImageObject\",\"inLanguage\":\"sl-SI\",\"@id\":\"https:\/\/distribucionarc.com\/bg\/#\/schema\/logo\/image\/\",\"url\":\"https:\/\/distribucionarc.com\/wp-content\/uploads\/2024\/10\/distribucion-ARC-COLOR-SIN-FONDO-e1732295305345.png\",\"contentUrl\":\"https:\/\/distribucionarc.com\/wp-content\/uploads\/2024\/10\/distribucion-ARC-COLOR-SIN-FONDO-e1732295305345.png\",\"width\":1164,\"height\":558,\"caption\":\"Distribuci\u00f3n ARC\"},\"image\":{\"@id\":\"https:\/\/distribucionarc.com\/bg\/#\/schema\/logo\/image\/\"},\"description\":\"Empresa especializada en la fabricaci\u00f3n y distribuci\u00f3n de maquinaria industrial para los sectores alimentario y farmac\u00e9utico. Nos especializamos en: M\u00e1quinas de cortar carne Fabricaci\u00f3n de comprimidos Sistemas de transporte industrial L\u00edneas de embotellado Dosificadores Y mucho m\u00e1s... Ofrecemos soluciones innovadoras y personalizadas para optimizar los procesos productivos de tu empresa.\",\"email\":\"Admistracion@distribucionarc.com\",\"telephone\":\"+34 643496664\",\"legalName\":\"ARC TECH SOLUTIONS\",\"foundingDate\":\"2024-04-09\",\"vatID\":\"B55480172\",\"numberOfEmployees\":{\"@type\":\"QuantitativeValue\",\"minValue\":\"1\",\"maxValue\":\"10\"}}]}<\/script>\n<!-- \/ Yoast SEO Premium plugin. -->","yoast_head_json":{"title":"Profesionalni dimnik za \u017ear - distribucija ARC","robots":{"index":"index","follow":"follow","max-snippet":"max-snippet:-1","max-image-preview":"max-image-preview:large","max-video-preview":"max-video-preview:-1"},"canonical":"https:\/\/www.distribucionarc.com\/bg\/producto\/ahumador-barbacoa-profesional\/","og_locale":"sl_SI","og_type":"article","og_title":"Ahumador barbacoa profesional","og_description":"Ahumador barbacoa profesional Esta barbacoa el\u00e9ctrica le ayudar\u00e1 a darle un punto extra de sabor a su cocina, el Ahumador barbacoa el\u00e9ctrica ARC cuenta con 1400W de potencia para asar suavemente pescados, carnes, embutidos, tofu, verduras, etc.  El f\u00e1cil manejo de preparaci\u00f3n y encendido del ahumador el\u00e9ctrico le ayudar\u00e1 a ahorrar tiempo para que sus clientes disfruten de unos exquisitos platos que conservan la cocci\u00f3n y sabor de un aut\u00e9ntico asado. Hecho del acero inoxidable de la mejor calidad alimentaria. \u00a0Esta barbacoa el\u00e9ctrica ARCBAP01 har\u00e1 que tu local sea diferente de los dem\u00e1s.\u00a0Dispone de puerta de ventilaci\u00f3n en la parte posterior, term\u00f3metro de hasta 300\u00baC en la puerta y asa de transporte en la parte superior Garant\u00eda\u00a0ARC 2 A\u00d1OS Ahumador barbacoa el\u00e9ctrico eficiente, bajo consumo 1400w soporte t\u00e9cnico\u00a0incluido &nbsp;","og_url":"https:\/\/www.distribucionarc.com\/bg\/producto\/ahumador-barbacoa-profesional\/","og_site_name":"distribuci\u00f3n ARC","article_modified_time":"2020-09-27T10:00:40+00:00","og_image":[{"width":1500,"height":1500,"url":"https:\/\/www.distribucionarc.com\/wp-content\/uploads\/2020\/07\/Ahumador-barbacoa-profesional-0.jpg","type":"image\/jpeg"}],"twitter_card":"summary_large_image","twitter_misc":{"Est. reading time":"1 minuta"},"schema":{"@context":"https:\/\/schema.org","@graph":[{"@type":"WebPage","@id":"https:\/\/www.distribucionarc.com\/bg\/producto\/ahumador-barbacoa-profesional\/","url":"https:\/\/www.distribucionarc.com\/bg\/producto\/ahumador-barbacoa-profesional\/","name":"Profesionalni dimnik za \u017ear - distribucija ARC","isPartOf":{"@id":"https:\/\/distribucionarc.com\/bg\/#website"},"primaryImageOfPage":{"@id":"https:\/\/www.distribucionarc.com\/bg\/producto\/ahumador-barbacoa-profesional\/#primaryimage"},"image":{"@id":"https:\/\/www.distribucionarc.com\/bg\/producto\/ahumador-barbacoa-profesional\/#primaryimage"},"thumbnailUrl":"https:\/\/distribucionarc.com\/wp-content\/uploads\/2020\/07\/Ahumador-barbacoa-profesional-0.jpg","datePublished":"2020-07-25T13:22:21+00:00","dateModified":"2020-09-27T10:00:40+00:00","breadcrumb":{"@id":"https:\/\/www.distribucionarc.com\/bg\/producto\/ahumador-barbacoa-profesional\/#breadcrumb"},"inLanguage":"sl-SI","potentialAction":[{"@type":"ReadAction","target":["https:\/\/www.distribucionarc.com\/bg\/producto\/ahumador-barbacoa-profesional\/"]}]},{"@type":"ImageObject","inLanguage":"sl-SI","@id":"https:\/\/www.distribucionarc.com\/bg\/producto\/ahumador-barbacoa-profesional\/#primaryimage","url":"https:\/\/distribucionarc.com\/wp-content\/uploads\/2020\/07\/Ahumador-barbacoa-profesional-0.jpg","contentUrl":"https:\/\/distribucionarc.com\/wp-content\/uploads\/2020\/07\/Ahumador-barbacoa-profesional-0.jpg","width":1500,"height":1500,"caption":"Ahumador barbacoa profesional"},{"@type":"BreadcrumbList","@id":"https:\/\/www.distribucionarc.com\/bg\/producto\/ahumador-barbacoa-profesional\/#breadcrumb","itemListElement":[{"@type":"ListItem","position":1,"name":"Portada","item":"https:\/\/distribucionarc.com\/nb\/"},{"@type":"ListItem","position":2,"name":"Products","item":"https:\/\/www.distribucionarc.com\/en\/shop\/"},{"@type":"ListItem","position":3,"name":"Ahumador barbacoa profesional"}]},{"@type":"WebSite","@id":"https:\/\/distribucionarc.com\/bg\/#website","url":"https:\/\/distribucionarc.com\/bg\/","name":"ARC porazdelitev","description":"Podjetje je specializirano za proizvodnjo in distribucijo industrijskih strojev, strojev za zapiranje plo\u010devink, strojev za izdelavo tablet, strojev za rezanje mesa...","publisher":{"@id":"https:\/\/distribucionarc.com\/bg\/#organization"},"potentialAction":[{"@type":"SearchAction","target":{"@type":"EntryPoint","urlTemplate":"https:\/\/distribucionarc.com\/bg\/?s={search_term_string}"},"query-input":{"@type":"PropertyValueSpecification","valueRequired":true,"valueName":"search_term_string"}}],"inLanguage":"sl-SI"},{"@type":"Organization","@id":"https:\/\/distribucionarc.com\/bg\/#organization","name":"Distribucija ARC","url":"https:\/\/distribucionarc.com\/bg\/","logo":{"@type":"ImageObject","inLanguage":"sl-SI","@id":"https:\/\/distribucionarc.com\/bg\/#\/schema\/logo\/image\/","url":"https:\/\/distribucionarc.com\/wp-content\/uploads\/2024\/10\/distribucion-ARC-COLOR-SIN-FONDO-e1732295305345.png","contentUrl":"https:\/\/distribucionarc.com\/wp-content\/uploads\/2024\/10\/distribucion-ARC-COLOR-SIN-FONDO-e1732295305345.png","width":1164,"height":558,"caption":"Distribuci\u00f3n ARC"},"image":{"@id":"https:\/\/distribucionarc.com\/bg\/#\/schema\/logo\/image\/"},"description":"Podjetje, specializirano za proizvodnjo in distribucijo industrijskih strojev za \u017eivilski in farmacevtski sektor. Specializirani smo za: Stroji za rezanje mesa Proizvodnja tablet Industrijski transportni sistemi Stekleni\u010darske linije Dozirni stroji In \u0161e veliko ve\u010d... Ponujamo inovativne in prilagojene re\u0161itve za optimizacijo proizvodnih procesov va\u0161ega podjetja.","email":"Admistracion@distribucionarc.com","telephone":"+34 643496664","legalName":"ARC TECH SOLUTIONS","foundingDate":"2024-04-09","vatID":"B55480172","numberOfEmployees":{"@type":"QuantitativeValue","minValue":"1","maxValue":"10"}}]}},"_links":{"self":[{"href":"https:\/\/distribucionarc.com\/sl\/wp-json\/wp\/v2\/product\/1495","targetHints":{"allow":["GET"]}}],"collection":[{"href":"https:\/\/distribucionarc.com\/sl\/wp-json\/wp\/v2\/product"}],"about":[{"href":"https:\/\/distribucionarc.com\/sl\/wp-json\/wp\/v2\/types\/product"}],"replies":[{"embeddable":true,"href":"https:\/\/distribucionarc.com\/sl\/wp-json\/wp\/v2\/comments?post=1495"}],"version-history":[{"count":0,"href":"https:\/\/distribucionarc.com\/sl\/wp-json\/wp\/v2\/product\/1495\/revisions"}],"wp:featuredmedia":[{"embeddable":true,"href":"https:\/\/distribucionarc.com\/sl\/wp-json\/wp\/v2\/media\/1499"}],"wp:attachment":[{"href":"https:\/\/distribucionarc.com\/sl\/wp-json\/wp\/v2\/media?parent=1495"}],"wp:term":[{"taxonomy":"product_brand","embeddable":true,"href":"https:\/\/distribucionarc.com\/sl\/wp-json\/wp\/v2\/product_brand?post=1495"},{"taxonomy":"product_cat","embeddable":true,"href":"https:\/\/distribucionarc.com\/sl\/wp-json\/wp\/v2\/product_cat?post=1495"},{"taxonomy":"product_tag","embeddable":true,"href":"https:\/\/distribucionarc.com\/sl\/wp-json\/wp\/v2\/product_tag?post=1495"}],"curies":[{"name":"delovni list","href":"https:\/\/api.w.org\/{rel}","templated":true}]}}