{"id":1556,"date":"2020-07-27T17:47:28","date_gmt":"2020-07-27T17:47:28","guid":{"rendered":"https:\/\/distribucionarc.com\/?post_type=product&#038;p=1556"},"modified":"2020-09-27T10:19:49","modified_gmt":"2020-09-27T10:19:49","slug":"mesoreznica-za-doner-kebab","status":"publish","type":"product","link":"https:\/\/distribucionarc.com\/sl\/producto\/cortador-de-carne-para-kebab-doner\/","title":{"rendered":"Rezalnik mesa za D\u00f6ner Kebab"},"content":{"rendered":"<h3>Rezalnik mesa za D\u00f6ner Kebab<\/h3>\n<p>The <strong>rezalnik za kebab<\/strong> od <strong><span style=\"color: #ff0000;\">TO<\/span><span style=\"color: #0000ff;\">R<\/span>c<\/strong> Sestavljen je iz kaljenega rezila iz nerjave\u010dega jekla, ki zagotavlja dolgo \u017eivljenjsko dobo stroja. Rezilo je za\u0161\u010diteno za visoko varnost.<\/p>\n<p>to <strong>no\u017e za rezanje kebaba<\/strong> Enostavno ga o\u010distite z enostavnim odklepnim vijakom, regulirate lahko debelino reza, ima kamen za dolgotrajno ohranjanje ostrine rezila.<\/p>\n<p>to<strong> rezalnik za kebab <span style=\"color: #ff0000;\">TO<\/span><span style=\"color: #0000ff;\">R<\/span>CCK1<\/strong> <span style=\"color: #008000;\"><strong>porabi manj energije<\/strong><\/span> kot pri drugih na trgu, ergonomsko oblikovan ro\u010daj pomaga narediti bolj udobno uporabo.<\/p>\n<h6>Garancija<strong><span style=\"color: #ff0000;\">\u00a0TO<\/span><span style=\"color: #0000ff;\">R<\/span>c<\/strong><\/h6>\n<h6><span style=\"color: #008000;\"><strong>Profesionalni rezalnik za kebab, nizka poraba 60w<\/strong><\/span><\/h6>\n<h6>vklju\u010dena tehni\u010dna podpora<\/h6>\n<p>&nbsp;<\/p>\n<table role=\"presentation\" width=\"100%\" cellspacing=\"0\" cellpadding=\"0\">\n<tbody>\n<tr>\n<td class=\"attrLabels\">Garancija:<\/td>\n<td width=\"50.0%\">ARC 2 LET<\/td>\n<\/tr>\n<tr>\n<td class=\"attrLabels\">Dr\u017eava distribucije:<\/td>\n<td width=\"50.0%\">\u0160panija, Nem\u010dija, ZDA<\/td>\n<td class=\"attrLabels\">Te\u017ea:<\/td>\n<td width=\"50.0%\">1,50 kg<\/td>\n<\/tr>\n<tr>\n<td class=\"attrLabels\">Znamka:<\/td>\n<td width=\"50.0%\">ARC<\/td>\n<td class=\"attrLabels\">Vi\u0161ina:<\/td>\n<td width=\"50.0%\">\u00a027 cm<\/td>\n<\/tr>\n<tr>\n<td class=\"attrLabels\">barva:<\/td>\n<td width=\"50.0%\">Srebrna<\/td>\n<td class=\"attrLabels\">dolgo:<\/td>\n<td width=\"50.0%\">23 cm<\/td>\n<\/tr>\n<tr>\n<td class=\"attrLabels\">Vrsta izdelka:<\/td>\n<td width=\"50.0%\">Profesionalni rezalnik za kebab<\/td>\n<td class=\"attrLabels\">\u0160iroko:<\/td>\n<td width=\"50.0%\">18 cm<\/td>\n<\/tr>\n<tr>\n<td class=\"attrLabels\">\u0160tevilka proizvajalca:<\/td>\n<td width=\"50.0%\">ARCCK1<\/td>\n<td class=\"attrLabels\">mo\u010d:<\/td>\n<td width=\"50.0%\">60 W<\/td>\n<\/tr>\n<tr>\n<td class=\"attrLabels\">Material:<\/td>\n<td width=\"50.0%\">nerjavno jeklo<\/td>\n<td class=\"attrLabels\">vhodna napetost<\/td>\n<td width=\"50.0%\">220V \u2013 50Hz<\/td>\n<\/tr>\n<tr>\n<td class=\"attrLabels\">vrste rezanja:<\/td>\n<td width=\"50.0%\">0 do 8 mm<\/td>\n<td class=\"attrLabels\">Premer rezila:<\/td>\n<td width=\"50.0%\">100 mm<\/td>\n<\/tr>\n<tr>\n<td class=\"attrLabels\">Orodja za namestitev:<\/td>\n<td width=\"50.0%\">ja<\/td>\n<td class=\"attrLabels\">Dnevna zmogljivost rezanja:<\/td>\n<td width=\"50.0%\">50 do 70 kg<\/td>\n<\/tr>\n<\/tbody>\n<\/table>\n<p>&nbsp;<\/p>","protected":false},"excerpt":{"rendered":"<h2>Rezalnik mesa za D\u00f6ner Kebab<\/h2>\n<p>The <strong>rezalnik za kebab <span style=\"color: #ff0000;\">TO<\/span><span style=\"color: #0000ff;\">R<\/span>c<\/strong> Zasnovan je tako, da ga je enostavno \u010distiti in vzdr\u017eevati: rezilo je mogo\u010de odstraniti s preprostim zaklepnim vijakom.<\/p>\n<p>to <strong>rezalnik za kebab <span style=\"color: #ff0000;\">TO<\/span><span style=\"color: #0000ff;\">R<\/span>CCK1<\/strong> Narejen je iz visoko kakovostnega materiala in je prakti\u010dna mre\u017ena naprava, tako da ga lahko uporabljate kjerkoli. Rezilo je izjemno ostro, zato bo z lahkoto in fino prerezalo jagnjetino, pi\u0161\u010danca, govedino. Obro\u010d in vijak je nastavljiv, lahko ga nastavite na \u017eeleno debelino. Rezalnik za kebab je varen s priro\u010dnim \u0161\u010ditnikom za rezilo, ro\u010daj pa je ergonomsko oblikovan, da se popolnoma prilega va\u0161i roki.<\/p>\n<h6>Garancija<strong><span style=\"color: #ff0000;\">\u00a0TO<\/span><span style=\"color: #0000ff;\">R<\/span>c<\/strong><\/h6>\n<h6><span style=\"color: #008000;\"><strong>Profesionalni rezalnik za kebab, nizka poraba 60w<\/strong><\/span><\/h6>\n<h6>vklju\u010dena tehni\u010dna podpora<\/h6>\n<p>&nbsp;<\/p>","protected":false},"featured_media":1563,"comment_status":"open","ping_status":"closed","template":"","meta":{"wds_primary_product_brand":0,"wds_primary_product_cat":0},"product_brand":[],"product_cat":[43],"product_tag":[],"class_list":{"0":"post-1556","1":"product","2":"type-product","3":"status-publish","4":"has-post-thumbnail","6":"product_cat-cortadoras-de-alimentos","7":"product_shipping_class-hosteleria","9":"first","10":"instock","11":"sale","12":"taxable","13":"shipping-taxable","14":"purchasable","15":"product-type-simple"},"yoast_head":"<!-- This site is optimized with the Yoast SEO Premium plugin v24.9 (Yoast SEO v26.1) - https:\/\/yoast.com\/wordpress\/plugins\/seo\/ -->\n<title>Cortador de Carne para Kebab D\u00f6ner - distribuci\u00f3n ARC<\/title>\n<meta name=\"robots\" content=\"index, follow, max-snippet:-1, max-image-preview:large, max-video-preview:-1\" \/>\n<link rel=\"canonical\" href=\"https:\/\/www.distribucionarc.com\/en\/producto\/cortador-de-carne-para-kebab-doner\/\" \/>\n<meta property=\"og:locale\" content=\"sl_SI\" \/>\n<meta property=\"og:type\" content=\"article\" \/>\n<meta property=\"og:title\" content=\"Cortador de Carne para Kebab D\u00f6ner\" \/>\n<meta property=\"og:description\" content=\"Cortador de Carne para Kebab D\u00f6ner La cortadora de kebab ARC est\u00e1 dise\u00f1ada para que sea f\u00e1cil de limpiar y mantener: la hoja se puede quitar con un simple tornillo de bloqueo.  Este cortador de kebab ARCCK1 est\u00e1 hecho de material altamente calificado y es un pr\u00e1ctico dispositivo de red para que pueda usarlo en cualquier lugar. La hoja es s\u00faper afilada, por lo que cortar\u00e1 a trav\u00e9s de cordero, pollo, ternera, con facilidad y finura. El anillo y el tornillo es ajustable, se puede ajustar para el espesor deseado. El cortador de kebab se mantiene seguro con un pr\u00e1ctico protector de la hoja y el mango ha sido dise\u00f1ado ergon\u00f3micamente para que encaje perfectamente en la mano. Garant\u00eda\u00a0ARC Cortador de kebab profesional, bajo consumo 60w soporte t\u00e9cnico\u00a0incluido &nbsp;\" \/>\n<meta property=\"og:url\" content=\"https:\/\/www.distribucionarc.com\/en\/producto\/cortador-de-carne-para-kebab-doner\/\" \/>\n<meta property=\"og:site_name\" content=\"distribuci\u00f3n ARC\" \/>\n<meta property=\"article:modified_time\" content=\"2020-09-27T10:19:49+00:00\" \/>\n<meta property=\"og:image\" content=\"https:\/\/distribucionarc.com\/wp-content\/uploads\/2020\/07\/Cortador-de-Carne-para-Kebab-D\u00f6ner-0.jpg\" \/>\n\t<meta property=\"og:image:width\" content=\"1000\" \/>\n\t<meta property=\"og:image:height\" content=\"1000\" \/>\n\t<meta property=\"og:image:type\" content=\"image\/jpeg\" \/>\n<meta name=\"twitter:card\" content=\"summary_large_image\" \/>\n<meta name=\"twitter:label1\" content=\"Est. reading time\" \/>\n\t<meta name=\"twitter:data1\" content=\"1 minuta\" \/>\n<script type=\"application\/ld+json\" class=\"yoast-schema-graph\">{\"@context\":\"https:\/\/schema.org\",\"@graph\":[{\"@type\":\"WebPage\",\"@id\":\"https:\/\/www.distribucionarc.com\/en\/producto\/cortador-de-carne-para-kebab-doner\/\",\"url\":\"https:\/\/www.distribucionarc.com\/en\/producto\/cortador-de-carne-para-kebab-doner\/\",\"name\":\"Cortador de Carne para Kebab D\u00f6ner - distribuci\u00f3n ARC\",\"isPartOf\":{\"@id\":\"https:\/\/www.distribucionarc.com\/sl\/#website\"},\"primaryImageOfPage\":{\"@id\":\"https:\/\/www.distribucionarc.com\/en\/producto\/cortador-de-carne-para-kebab-doner\/#primaryimage\"},\"image\":{\"@id\":\"https:\/\/www.distribucionarc.com\/en\/producto\/cortador-de-carne-para-kebab-doner\/#primaryimage\"},\"thumbnailUrl\":\"https:\/\/distribucionarc.com\/wp-content\/uploads\/2020\/07\/Cortador-de-Carne-para-Kebab-D\u00f6ner-0.jpg\",\"datePublished\":\"2020-07-27T17:47:28+00:00\",\"dateModified\":\"2020-09-27T10:19:49+00:00\",\"breadcrumb\":{\"@id\":\"https:\/\/www.distribucionarc.com\/en\/producto\/cortador-de-carne-para-kebab-doner\/#breadcrumb\"},\"inLanguage\":\"sl-SI\",\"potentialAction\":[{\"@type\":\"ReadAction\",\"target\":[\"https:\/\/www.distribucionarc.com\/en\/producto\/cortador-de-carne-para-kebab-doner\/\"]}]},{\"@type\":\"ImageObject\",\"inLanguage\":\"sl-SI\",\"@id\":\"https:\/\/www.distribucionarc.com\/en\/producto\/cortador-de-carne-para-kebab-doner\/#primaryimage\",\"url\":\"https:\/\/distribucionarc.com\/wp-content\/uploads\/2020\/07\/Cortador-de-Carne-para-Kebab-D\u00f6ner-0.jpg\",\"contentUrl\":\"https:\/\/distribucionarc.com\/wp-content\/uploads\/2020\/07\/Cortador-de-Carne-para-Kebab-D\u00f6ner-0.jpg\",\"width\":1000,\"height\":1000,\"caption\":\"Cortador de carne para kebab doner\"},{\"@type\":\"BreadcrumbList\",\"@id\":\"https:\/\/www.distribucionarc.com\/en\/producto\/cortador-de-carne-para-kebab-doner\/#breadcrumb\",\"itemListElement\":[{\"@type\":\"ListItem\",\"position\":1,\"name\":\"Portada\",\"item\":\"https:\/\/www.distribucionarc.com\/\"},{\"@type\":\"ListItem\",\"position\":2,\"name\":\"\u00dcr\u00fcnler\",\"item\":\"https:\/\/www.distribucionarc.com\/tr\/magaza\/\"},{\"@type\":\"ListItem\",\"position\":3,\"name\":\"Cortador de Carne para Kebab D\u00f6ner\"}]},{\"@type\":\"WebSite\",\"@id\":\"https:\/\/www.distribucionarc.com\/sl\/#website\",\"url\":\"https:\/\/www.distribucionarc.com\/sl\/\",\"name\":\"distribuci\u00f3n ARC\",\"description\":\"Empresa especializada en la fabricaci\u00f3n y distribuci\u00f3n de maquinaria industrial, selladoras de latas, Maquinas de hacer pastillas, Maquinas de cortar carne...\",\"publisher\":{\"@id\":\"https:\/\/www.distribucionarc.com\/sl\/#organization\"},\"potentialAction\":[{\"@type\":\"SearchAction\",\"target\":{\"@type\":\"EntryPoint\",\"urlTemplate\":\"https:\/\/www.distribucionarc.com\/sl\/?s={search_term_string}\"},\"query-input\":{\"@type\":\"PropertyValueSpecification\",\"valueRequired\":true,\"valueName\":\"search_term_string\"}}],\"inLanguage\":\"sl-SI\"},{\"@type\":\"Organization\",\"@id\":\"https:\/\/www.distribucionarc.com\/sl\/#organization\",\"name\":\"Distribuci\u00f3n ARC\",\"url\":\"https:\/\/www.distribucionarc.com\/sl\/\",\"logo\":{\"@type\":\"ImageObject\",\"inLanguage\":\"sl-SI\",\"@id\":\"https:\/\/www.distribucionarc.com\/sl\/#\/schema\/logo\/image\/\",\"url\":\"https:\/\/distribucionarc.com\/wp-content\/uploads\/2024\/10\/distribucion-ARC-COLOR-SIN-FONDO-e1732295305345.png\",\"contentUrl\":\"https:\/\/distribucionarc.com\/wp-content\/uploads\/2024\/10\/distribucion-ARC-COLOR-SIN-FONDO-e1732295305345.png\",\"width\":1164,\"height\":558,\"caption\":\"Distribuci\u00f3n ARC\"},\"image\":{\"@id\":\"https:\/\/www.distribucionarc.com\/sl\/#\/schema\/logo\/image\/\"},\"description\":\"Empresa especializada en la fabricaci\u00f3n y distribuci\u00f3n de maquinaria industrial para los sectores alimentario y farmac\u00e9utico. Nos especializamos en: M\u00e1quinas de cortar carne Fabricaci\u00f3n de comprimidos Sistemas de transporte industrial L\u00edneas de embotellado Dosificadores Y mucho m\u00e1s... Ofrecemos soluciones innovadoras y personalizadas para optimizar los procesos productivos de tu empresa.\",\"email\":\"Admistracion@distribucionarc.com\",\"telephone\":\"+34 643496664\",\"legalName\":\"ARC TECH SOLUTIONS\",\"foundingDate\":\"2024-04-09\",\"vatID\":\"B55480172\",\"numberOfEmployees\":{\"@type\":\"QuantitativeValue\",\"minValue\":\"1\",\"maxValue\":\"10\"}}]}<\/script>\n<!-- \/ Yoast SEO Premium plugin. -->","yoast_head_json":{"title":"Rezalnik mesa za D\u00f6ner Kebab - distribucija ARC","robots":{"index":"index","follow":"follow","max-snippet":"max-snippet:-1","max-image-preview":"max-image-preview:large","max-video-preview":"max-video-preview:-1"},"canonical":"https:\/\/www.distribucionarc.com\/en\/producto\/cortador-de-carne-para-kebab-doner\/","og_locale":"sl_SI","og_type":"article","og_title":"Cortador de Carne para Kebab D\u00f6ner","og_description":"Cortador de Carne para Kebab D\u00f6ner La cortadora de kebab ARC est\u00e1 dise\u00f1ada para que sea f\u00e1cil de limpiar y mantener: la hoja se puede quitar con un simple tornillo de bloqueo.  Este cortador de kebab ARCCK1 est\u00e1 hecho de material altamente calificado y es un pr\u00e1ctico dispositivo de red para que pueda usarlo en cualquier lugar. La hoja es s\u00faper afilada, por lo que cortar\u00e1 a trav\u00e9s de cordero, pollo, ternera, con facilidad y finura. El anillo y el tornillo es ajustable, se puede ajustar para el espesor deseado. El cortador de kebab se mantiene seguro con un pr\u00e1ctico protector de la hoja y el mango ha sido dise\u00f1ado ergon\u00f3micamente para que encaje perfectamente en la mano. Garant\u00eda\u00a0ARC Cortador de kebab profesional, bajo consumo 60w soporte t\u00e9cnico\u00a0incluido &nbsp;","og_url":"https:\/\/www.distribucionarc.com\/en\/producto\/cortador-de-carne-para-kebab-doner\/","og_site_name":"distribuci\u00f3n ARC","article_modified_time":"2020-09-27T10:19:49+00:00","og_image":[{"width":1000,"height":1000,"url":"https:\/\/distribucionarc.com\/wp-content\/uploads\/2020\/07\/Cortador-de-Carne-para-Kebab-D\u00f6ner-0.jpg","type":"image\/jpeg"}],"twitter_card":"summary_large_image","twitter_misc":{"Est. reading time":"1 minuta"},"schema":{"@context":"https:\/\/schema.org","@graph":[{"@type":"WebPage","@id":"https:\/\/www.distribucionarc.com\/en\/producto\/cortador-de-carne-para-kebab-doner\/","url":"https:\/\/www.distribucionarc.com\/en\/producto\/cortador-de-carne-para-kebab-doner\/","name":"Rezalnik mesa za D\u00f6ner Kebab - distribucija ARC","isPartOf":{"@id":"https:\/\/www.distribucionarc.com\/sl\/#website"},"primaryImageOfPage":{"@id":"https:\/\/www.distribucionarc.com\/en\/producto\/cortador-de-carne-para-kebab-doner\/#primaryimage"},"image":{"@id":"https:\/\/www.distribucionarc.com\/en\/producto\/cortador-de-carne-para-kebab-doner\/#primaryimage"},"thumbnailUrl":"https:\/\/distribucionarc.com\/wp-content\/uploads\/2020\/07\/Cortador-de-Carne-para-Kebab-D\u00f6ner-0.jpg","datePublished":"2020-07-27T17:47:28+00:00","dateModified":"2020-09-27T10:19:49+00:00","breadcrumb":{"@id":"https:\/\/www.distribucionarc.com\/en\/producto\/cortador-de-carne-para-kebab-doner\/#breadcrumb"},"inLanguage":"sl-SI","potentialAction":[{"@type":"ReadAction","target":["https:\/\/www.distribucionarc.com\/en\/producto\/cortador-de-carne-para-kebab-doner\/"]}]},{"@type":"ImageObject","inLanguage":"sl-SI","@id":"https:\/\/www.distribucionarc.com\/en\/producto\/cortador-de-carne-para-kebab-doner\/#primaryimage","url":"https:\/\/distribucionarc.com\/wp-content\/uploads\/2020\/07\/Cortador-de-Carne-para-Kebab-D\u00f6ner-0.jpg","contentUrl":"https:\/\/distribucionarc.com\/wp-content\/uploads\/2020\/07\/Cortador-de-Carne-para-Kebab-D\u00f6ner-0.jpg","width":1000,"height":1000,"caption":"Cortador de carne para kebab doner"},{"@type":"BreadcrumbList","@id":"https:\/\/www.distribucionarc.com\/en\/producto\/cortador-de-carne-para-kebab-doner\/#breadcrumb","itemListElement":[{"@type":"ListItem","position":1,"name":"Portada","item":"https:\/\/www.distribucionarc.com\/"},{"@type":"ListItem","position":2,"name":"\u00dcr\u00fcnler","item":"https:\/\/www.distribucionarc.com\/tr\/magaza\/"},{"@type":"ListItem","position":3,"name":"Cortador de Carne para Kebab D\u00f6ner"}]},{"@type":"WebSite","@id":"https:\/\/www.distribucionarc.com\/sl\/#website","url":"https:\/\/www.distribucionarc.com\/sl\/","name":"ARC porazdelitev","description":"Podjetje je specializirano za proizvodnjo in distribucijo industrijskih strojev, strojev za zapiranje plo\u010devink, strojev za izdelavo tablet, strojev za rezanje mesa...","publisher":{"@id":"https:\/\/www.distribucionarc.com\/sl\/#organization"},"potentialAction":[{"@type":"SearchAction","target":{"@type":"EntryPoint","urlTemplate":"https:\/\/www.distribucionarc.com\/sl\/?s={search_term_string}"},"query-input":{"@type":"PropertyValueSpecification","valueRequired":true,"valueName":"search_term_string"}}],"inLanguage":"sl-SI"},{"@type":"Organization","@id":"https:\/\/www.distribucionarc.com\/sl\/#organization","name":"Distribucija ARC","url":"https:\/\/www.distribucionarc.com\/sl\/","logo":{"@type":"ImageObject","inLanguage":"sl-SI","@id":"https:\/\/www.distribucionarc.com\/sl\/#\/schema\/logo\/image\/","url":"https:\/\/distribucionarc.com\/wp-content\/uploads\/2024\/10\/distribucion-ARC-COLOR-SIN-FONDO-e1732295305345.png","contentUrl":"https:\/\/distribucionarc.com\/wp-content\/uploads\/2024\/10\/distribucion-ARC-COLOR-SIN-FONDO-e1732295305345.png","width":1164,"height":558,"caption":"Distribuci\u00f3n ARC"},"image":{"@id":"https:\/\/www.distribucionarc.com\/sl\/#\/schema\/logo\/image\/"},"description":"Podjetje, specializirano za proizvodnjo in distribucijo industrijskih strojev za \u017eivilski in farmacevtski sektor. Specializirani smo za: Stroji za rezanje mesa Proizvodnja tablet Industrijski transportni sistemi Stekleni\u010darske linije Dozirni stroji In \u0161e veliko ve\u010d... Ponujamo inovativne in prilagojene re\u0161itve za optimizacijo proizvodnih procesov va\u0161ega podjetja.","email":"Admistracion@distribucionarc.com","telephone":"+34 643496664","legalName":"ARC TECH SOLUTIONS","foundingDate":"2024-04-09","vatID":"B55480172","numberOfEmployees":{"@type":"QuantitativeValue","minValue":"1","maxValue":"10"}}]}},"_links":{"self":[{"href":"https:\/\/distribucionarc.com\/sl\/wp-json\/wp\/v2\/product\/1556","targetHints":{"allow":["GET"]}}],"collection":[{"href":"https:\/\/distribucionarc.com\/sl\/wp-json\/wp\/v2\/product"}],"about":[{"href":"https:\/\/distribucionarc.com\/sl\/wp-json\/wp\/v2\/types\/product"}],"replies":[{"embeddable":true,"href":"https:\/\/distribucionarc.com\/sl\/wp-json\/wp\/v2\/comments?post=1556"}],"version-history":[{"count":0,"href":"https:\/\/distribucionarc.com\/sl\/wp-json\/wp\/v2\/product\/1556\/revisions"}],"wp:featuredmedia":[{"embeddable":true,"href":"https:\/\/distribucionarc.com\/sl\/wp-json\/wp\/v2\/media\/1563"}],"wp:attachment":[{"href":"https:\/\/distribucionarc.com\/sl\/wp-json\/wp\/v2\/media?parent=1556"}],"wp:term":[{"taxonomy":"product_brand","embeddable":true,"href":"https:\/\/distribucionarc.com\/sl\/wp-json\/wp\/v2\/product_brand?post=1556"},{"taxonomy":"product_cat","embeddable":true,"href":"https:\/\/distribucionarc.com\/sl\/wp-json\/wp\/v2\/product_cat?post=1556"},{"taxonomy":"product_tag","embeddable":true,"href":"https:\/\/distribucionarc.com\/sl\/wp-json\/wp\/v2\/product_tag?post=1556"}],"curies":[{"name":"delovni list","href":"https:\/\/api.w.org\/{rel}","templated":true}]}}