{"id":1656,"date":"2020-07-29T10:18:14","date_gmt":"2020-07-29T10:18:14","guid":{"rendered":"https:\/\/distribucionarc.com\/?post_type=product&#038;p=1656"},"modified":"2020-10-21T09:34:08","modified_gmt":"2020-10-21T09:34:08","slug":"drobilec-sadja-in-zelenjave","status":"publish","type":"product","link":"https:\/\/distribucionarc.com\/sl\/producto\/trituradora-de-frutas-y-verduras\/","title":{"rendered":"Drobilec sadja in zelenjave"},"content":{"rendered":"<h3>Drobilec sadja in zelenjave<\/h3>\n<p>to <strong>drobilnik za pripravo paradi\u017enikove omake<\/strong> Izdelan je iz nerjave\u010dega jekla. Vsi deli, ki pridejo v stik z \u017eivili, so izdelani iz nerjave\u010dega jekla 304 najbolj\u0161e \u017eivilske kakovosti.<\/p>\n<p>to<strong> stroj za izdelavo omak <span style=\"color: #ff0000;\">TO<\/span><span style=\"color: #0000ff;\">R<\/span>c<\/strong> Uporablja mednarodni 300 W motor iz \u010distega bakra z zunanjim ohi\u0161jem iz nerjave\u010dega jekla, ki je veliko bolj trpe\u017een v primerjavi z izpostavljenimi motorji. Poleg<span style=\"color: #008000;\"><strong> spodbuja nizko porabo energije<\/strong><\/span>.<\/p>\n<p>On <strong>predelovalec paradi\u017enika <span style=\"color: #ff0000;\">TO<\/span><span style=\"color: #0000ff;\">R<\/span>CTTE1<\/strong>, z lijakom velikega premera 22 cm, lahko hkrati postavite obilno sadje, kot so jagodi\u010devje in paradi\u017enik. Kot podajalnika je mogo\u010de nastaviti; Objemka podajalnika u\u010dinkovito prepre\u010duje brizganje; ro\u017eni filter za u\u010dinkovito odvajanje odpadkov; Ergonomski ro\u010daj za udobno premikanje.<\/p>\n<p>Stopnja vodoodpornosti tega cedila za paradi\u017enik in omako je stopnja II, zaradi \u010desar je \u010di\u0161\u010denje stroja izjemno enostavno; Z nizko stopnjo hrupa lahko kadar koli u\u017eivate v kuhanju<\/p>\n<p>Opremljen z veliko povr\u0161ino lukenj za odvajanje toplote, kar pomaga hitro odvajati toploto in izbolj\u0161a \u017eivljenjsko dobo<strong> predelovalec sadja in zelenjave <span style=\"color: #ff0000;\">TO<\/span><span style=\"color: #0000ff;\">R<\/span>c.<\/strong><\/p>\n<p>&nbsp;<\/p>\n<h6>Garancija<strong>\u00a0<\/strong><span style=\"color: #ff0000;\"><strong>TO<\/strong><\/span><span style=\"color: #0000ff;\"><strong>R<\/strong><\/span><strong>C 2 LETI<\/strong><\/h6>\n<h6><span style=\"color: #008000;\">naju\u010dinkovitej\u0161i motor nizka poraba 300w<\/span><\/h6>\n<h6>vklju\u010dena tehni\u010dna podpora.<\/h6>\n<p>&nbsp;<\/p>\n<table role=\"presentation\" width=\"100%\" cellspacing=\"0\" cellpadding=\"0\">\n<tbody>\n<tr>\n<td class=\"attrLabels\">mo\u010d:<\/td>\n<td width=\"50.0%\">300 W<\/td>\n<\/tr>\n<tr>\n<td class=\"attrLabels\">Napetost:<\/td>\n<td width=\"50.0%\">220V 50Hz<\/td>\n<td class=\"attrLabels\">Te\u017ea:<\/td>\n<td width=\"50.0%\">18 kg<\/td>\n<\/tr>\n<tr>\n<td class=\"attrLabels\">Dr\u017eava distribucije:<\/td>\n<td width=\"50.0%\">\u0160panija, Nem\u010dija, ZDA<\/td>\n<td class=\"attrLabels\">Vi\u0161ina:<\/td>\n<td width=\"50.0%\">34,5 cm<\/td>\n<\/tr>\n<tr>\n<td class=\"attrLabels\">Znamka:<\/td>\n<td width=\"50.0%\">ARC<\/td>\n<td class=\"attrLabels\">dolgo:<\/td>\n<td width=\"50.0%\">20 cm<\/td>\n<\/tr>\n<tr>\n<td class=\"attrLabels\">Vrsta izdelka:<\/td>\n<td width=\"50.0%\">Predelovalec sadja in zelenjave<\/td>\n<td class=\"attrLabels\">\u0160iroko:<\/td>\n<td width=\"50.0%\">\u00a050 cm<\/td>\n<\/tr>\n<tr>\n<td class=\"attrLabels\">\u0160tevilka proizvajalca:<\/td>\n<td width=\"50.0%\">ARCTTE1<\/td>\n<td class=\"attrLabels\">Delovna hitrost:<\/td>\n<td width=\"50.0%\">\u00a090 do 160 kg na uro<\/td>\n<\/tr>\n<tr>\n<td class=\"attrLabels\">Material:<\/td>\n<td width=\"50.0%\">nerjave\u010de jeklo, bakreni motor<\/td>\n<td class=\"attrLabels\">Vhodni premer:<\/td>\n<td width=\"50.0%\">22 cm<\/td>\n<\/tr>\n<tr>\n<td class=\"attrLabels\">barva:<\/td>\n<td width=\"50.0%\">Srebrna<\/td>\n<td class=\"attrLabels\">Garancija:<\/td>\n<td width=\"50.0%\">2 LETI<\/td>\n<\/tr>\n<tr>\n<td class=\"attrLabels\">Orodja za namestitev:<\/td>\n<td width=\"50.0%\">ja<\/td>\n<td class=\"attrLabels\"><\/td>\n<td width=\"50.0%\"><\/td>\n<\/tr>\n<\/tbody>\n<\/table>\n<p>&nbsp;<\/p>\n<p>&nbsp;<\/p>","protected":false},"excerpt":{"rendered":"<h2>Drobilec sadja in zelenjave<\/h2>\n<p>to <strong>drobilec paradi\u017enika <span style=\"color: #ff0000;\">TO<\/span><span style=\"color: #0000ff;\">R<\/span>CTTE1<\/strong> Idealen je za pripravo lastnih omak in marmelad, s samo enim gumbom boste dobili sve\u017e in okusen izdelek.<\/p>\n<p><strong>mlin\u010dek za hrano<span style=\"color: #ff0000;\"> TO<\/span><span style=\"color: #0000ff;\">R<\/span>c<\/strong> Komercialna, izdelana je iz nerjave\u010dega jekla, enostavna za monta\u017eo in \u010di\u0161\u010denje. Uporablja mednarodni motor iz \u010distega bakra z zunanjim ohi\u0161jem iz nerjave\u010dega jekla za ve\u010djo vzdr\u017eljivost. Lijak velikega premera olaj\u0161a dovajanje dovolj sadja. Popoln za pripravo marmelad razli\u010dnih okusov.<\/p>\n<h6>Garancija<strong>\u00a0<\/strong><span style=\"color: #ff0000;\"><strong>TO<\/strong><\/span><span style=\"color: #0000ff;\"><strong>R<\/strong><\/span><strong>C 2 LETI<\/strong><\/h6>\n<h6><span style=\"color: #008000;\">naju\u010dinkovitej\u0161i motor nizka poraba 300w<\/span><\/h6>\n<h6>vklju\u010dena tehni\u010dna podpora.<\/h6>\n<h6><\/h6>","protected":false},"featured_media":1663,"comment_status":"open","ping_status":"closed","template":"","meta":{"wds_primary_product_brand":0,"wds_primary_product_cat":0},"product_brand":[],"product_cat":[43,55],"product_tag":[],"class_list":{"0":"post-1656","1":"product","2":"type-product","3":"status-publish","4":"has-post-thumbnail","6":"product_cat-cortadoras-de-alimentos","7":"product_cat-extractor-prensa-de-aceites","8":"product_shipping_class-hosteleria","10":"first","11":"instock","12":"sale","13":"taxable","14":"shipping-taxable","15":"purchasable","16":"product-type-simple"},"yoast_head":"<!-- This site is optimized with the Yoast SEO Premium plugin v24.9 (Yoast SEO v26.1) - https:\/\/yoast.com\/wordpress\/plugins\/seo\/ -->\n<title>Trituradora de frutas y verduras - distribuci\u00f3n ARC<\/title>\n<meta name=\"robots\" content=\"index, follow, max-snippet:-1, max-image-preview:large, max-video-preview:-1\" \/>\n<link rel=\"canonical\" href=\"https:\/\/distribucionarc.com\/sl\/izdelek\/drobilec-sadja-in-zelenjave\/\" \/>\n<meta property=\"og:locale\" content=\"sl_SI\" \/>\n<meta property=\"og:type\" content=\"article\" \/>\n<meta property=\"og:title\" content=\"Trituradora de frutas y verduras\" \/>\n<meta property=\"og:description\" content=\"Trituradora de frutas y verduras Esta trituradora de tomates ARCTTE1 es la indicada para elaborar tus propias salsas y mermeladas, tan solo con un bot\u00f3n obtendr\u00e1s un producto fresco y sabroso.  Triturador de alimentos ARC comercial, est\u00e1 hecho de acero inoxidable, es f\u00e1cil de ensamblar y limpiar. Adopta un motor internacional de cobre puro con una carcasa exterior de acero inoxidable para favorecer a su durabilidad. El embudo de gran di\u00e1metro facilita la alimentaci\u00f3n suficiente de las frutas. Perfecto para hacer las mermeladas de varios sabores. Garant\u00eda\u00a0ARC 2 A\u00d1OS motor m\u00e1s eficiente bajo consumo 300w soporte t\u00e9cnico\u00a0incluido.\" \/>\n<meta property=\"og:url\" content=\"https:\/\/distribucionarc.com\/sl\/izdelek\/drobilec-sadja-in-zelenjave\/\" \/>\n<meta property=\"og:site_name\" content=\"distribuci\u00f3n ARC\" \/>\n<meta property=\"article:modified_time\" content=\"2020-10-21T09:34:08+00:00\" \/>\n<meta property=\"og:image\" content=\"https:\/\/distribucionarc.com\/wp-content\/uploads\/2020\/07\/Trituradora-de-frutas-y-verduras-0.jpg\" \/>\n\t<meta property=\"og:image:width\" content=\"1600\" \/>\n\t<meta property=\"og:image:height\" content=\"1600\" \/>\n\t<meta property=\"og:image:type\" content=\"image\/jpeg\" \/>\n<meta name=\"twitter:card\" content=\"summary_large_image\" \/>\n<meta name=\"twitter:label1\" content=\"Est. reading time\" \/>\n\t<meta name=\"twitter:data1\" content=\"1 minuta\" \/>\n<script type=\"application\/ld+json\" class=\"yoast-schema-graph\">{\"@context\":\"https:\/\/schema.org\",\"@graph\":[{\"@type\":\"WebPage\",\"@id\":\"https:\/\/distribucionarc.com\/sl\/producto\/trituradora-de-frutas-y-verduras\/\",\"url\":\"https:\/\/distribucionarc.com\/sl\/producto\/trituradora-de-frutas-y-verduras\/\",\"name\":\"Trituradora de frutas y verduras - distribuci\u00f3n ARC\",\"isPartOf\":{\"@id\":\"https:\/\/distribucionarc.com\/de\/#website\"},\"primaryImageOfPage\":{\"@id\":\"https:\/\/distribucionarc.com\/sl\/producto\/trituradora-de-frutas-y-verduras\/#primaryimage\"},\"image\":{\"@id\":\"https:\/\/distribucionarc.com\/sl\/producto\/trituradora-de-frutas-y-verduras\/#primaryimage\"},\"thumbnailUrl\":\"https:\/\/distribucionarc.com\/wp-content\/uploads\/2020\/07\/Trituradora-de-frutas-y-verduras-0.jpg\",\"datePublished\":\"2020-07-29T10:18:14+00:00\",\"dateModified\":\"2020-10-21T09:34:08+00:00\",\"breadcrumb\":{\"@id\":\"https:\/\/distribucionarc.com\/sl\/producto\/trituradora-de-frutas-y-verduras\/#breadcrumb\"},\"inLanguage\":\"sl-SI\",\"potentialAction\":[{\"@type\":\"ReadAction\",\"target\":[\"https:\/\/distribucionarc.com\/sl\/producto\/trituradora-de-frutas-y-verduras\/\"]}]},{\"@type\":\"ImageObject\",\"inLanguage\":\"sl-SI\",\"@id\":\"https:\/\/distribucionarc.com\/sl\/producto\/trituradora-de-frutas-y-verduras\/#primaryimage\",\"url\":\"https:\/\/distribucionarc.com\/wp-content\/uploads\/2020\/07\/Trituradora-de-frutas-y-verduras-0.jpg\",\"contentUrl\":\"https:\/\/distribucionarc.com\/wp-content\/uploads\/2020\/07\/Trituradora-de-frutas-y-verduras-0.jpg\",\"width\":1600,\"height\":1600,\"caption\":\"Trituradora de frutas y verduras\"},{\"@type\":\"BreadcrumbList\",\"@id\":\"https:\/\/distribucionarc.com\/sl\/producto\/trituradora-de-frutas-y-verduras\/#breadcrumb\",\"itemListElement\":[{\"@type\":\"ListItem\",\"position\":1,\"name\":\"Portada\",\"item\":\"https:\/\/distribucionarc.com\/pl\/\"},{\"@type\":\"ListItem\",\"position\":2,\"name\":\"Produkty\",\"item\":\"https:\/\/distribucionarc.com\/pl\/shop\/\"},{\"@type\":\"ListItem\",\"position\":3,\"name\":\"Trituradora de frutas y verduras\"}]},{\"@type\":\"WebSite\",\"@id\":\"https:\/\/distribucionarc.com\/de\/#website\",\"url\":\"https:\/\/distribucionarc.com\/de\/\",\"name\":\"distribuci\u00f3n ARC\",\"description\":\"Empresa especializada en la fabricaci\u00f3n y distribuci\u00f3n de maquinaria industrial, selladoras de latas, Maquinas de hacer pastillas, Maquinas de cortar carne...\",\"publisher\":{\"@id\":\"https:\/\/distribucionarc.com\/de\/#organization\"},\"potentialAction\":[{\"@type\":\"SearchAction\",\"target\":{\"@type\":\"EntryPoint\",\"urlTemplate\":\"https:\/\/distribucionarc.com\/de\/?s={search_term_string}\"},\"query-input\":{\"@type\":\"PropertyValueSpecification\",\"valueRequired\":true,\"valueName\":\"search_term_string\"}}],\"inLanguage\":\"sl-SI\"},{\"@type\":\"Organization\",\"@id\":\"https:\/\/distribucionarc.com\/de\/#organization\",\"name\":\"Distribuci\u00f3n ARC\",\"url\":\"https:\/\/distribucionarc.com\/de\/\",\"logo\":{\"@type\":\"ImageObject\",\"inLanguage\":\"sl-SI\",\"@id\":\"https:\/\/distribucionarc.com\/de\/#\/schema\/logo\/image\/\",\"url\":\"https:\/\/distribucionarc.com\/wp-content\/uploads\/2024\/10\/distribucion-ARC-COLOR-SIN-FONDO-e1732295305345.png\",\"contentUrl\":\"https:\/\/distribucionarc.com\/wp-content\/uploads\/2024\/10\/distribucion-ARC-COLOR-SIN-FONDO-e1732295305345.png\",\"width\":1164,\"height\":558,\"caption\":\"Distribuci\u00f3n ARC\"},\"image\":{\"@id\":\"https:\/\/distribucionarc.com\/de\/#\/schema\/logo\/image\/\"},\"description\":\"Empresa especializada en la fabricaci\u00f3n y distribuci\u00f3n de maquinaria industrial para los sectores alimentario y farmac\u00e9utico. Nos especializamos en: M\u00e1quinas de cortar carne Fabricaci\u00f3n de comprimidos Sistemas de transporte industrial L\u00edneas de embotellado Dosificadores Y mucho m\u00e1s... Ofrecemos soluciones innovadoras y personalizadas para optimizar los procesos productivos de tu empresa.\",\"email\":\"Admistracion@distribucionarc.com\",\"telephone\":\"+34 643496664\",\"legalName\":\"ARC TECH SOLUTIONS\",\"foundingDate\":\"2024-04-09\",\"vatID\":\"B55480172\",\"numberOfEmployees\":{\"@type\":\"QuantitativeValue\",\"minValue\":\"1\",\"maxValue\":\"10\"}}]}<\/script>\n<!-- \/ Yoast SEO Premium plugin. -->","yoast_head_json":{"title":"Drobilnik sadja in zelenjave - distribucija ARC","robots":{"index":"index","follow":"follow","max-snippet":"max-snippet:-1","max-image-preview":"max-image-preview:large","max-video-preview":"max-video-preview:-1"},"canonical":"https:\/\/distribucionarc.com\/sl\/izdelek\/drobilec-sadja-in-zelenjave\/","og_locale":"sl_SI","og_type":"article","og_title":"Trituradora de frutas y verduras","og_description":"Trituradora de frutas y verduras Esta trituradora de tomates ARCTTE1 es la indicada para elaborar tus propias salsas y mermeladas, tan solo con un bot\u00f3n obtendr\u00e1s un producto fresco y sabroso.  Triturador de alimentos ARC comercial, est\u00e1 hecho de acero inoxidable, es f\u00e1cil de ensamblar y limpiar. Adopta un motor internacional de cobre puro con una carcasa exterior de acero inoxidable para favorecer a su durabilidad. El embudo de gran di\u00e1metro facilita la alimentaci\u00f3n suficiente de las frutas. Perfecto para hacer las mermeladas de varios sabores. Garant\u00eda\u00a0ARC 2 A\u00d1OS motor m\u00e1s eficiente bajo consumo 300w soporte t\u00e9cnico\u00a0incluido.","og_url":"https:\/\/distribucionarc.com\/sl\/izdelek\/drobilec-sadja-in-zelenjave\/","og_site_name":"distribuci\u00f3n ARC","article_modified_time":"2020-10-21T09:34:08+00:00","og_image":[{"width":1600,"height":1600,"url":"https:\/\/distribucionarc.com\/wp-content\/uploads\/2020\/07\/Trituradora-de-frutas-y-verduras-0.jpg","type":"image\/jpeg"}],"twitter_card":"summary_large_image","twitter_misc":{"Est. reading time":"1 minuta"},"schema":{"@context":"https:\/\/schema.org","@graph":[{"@type":"WebPage","@id":"https:\/\/distribucionarc.com\/sl\/producto\/trituradora-de-frutas-y-verduras\/","url":"https:\/\/distribucionarc.com\/sl\/producto\/trituradora-de-frutas-y-verduras\/","name":"Drobilnik sadja in zelenjave - distribucija ARC","isPartOf":{"@id":"https:\/\/distribucionarc.com\/de\/#website"},"primaryImageOfPage":{"@id":"https:\/\/distribucionarc.com\/sl\/producto\/trituradora-de-frutas-y-verduras\/#primaryimage"},"image":{"@id":"https:\/\/distribucionarc.com\/sl\/producto\/trituradora-de-frutas-y-verduras\/#primaryimage"},"thumbnailUrl":"https:\/\/distribucionarc.com\/wp-content\/uploads\/2020\/07\/Trituradora-de-frutas-y-verduras-0.jpg","datePublished":"2020-07-29T10:18:14+00:00","dateModified":"2020-10-21T09:34:08+00:00","breadcrumb":{"@id":"https:\/\/distribucionarc.com\/sl\/producto\/trituradora-de-frutas-y-verduras\/#breadcrumb"},"inLanguage":"sl-SI","potentialAction":[{"@type":"ReadAction","target":["https:\/\/distribucionarc.com\/sl\/producto\/trituradora-de-frutas-y-verduras\/"]}]},{"@type":"ImageObject","inLanguage":"sl-SI","@id":"https:\/\/distribucionarc.com\/sl\/producto\/trituradora-de-frutas-y-verduras\/#primaryimage","url":"https:\/\/distribucionarc.com\/wp-content\/uploads\/2020\/07\/Trituradora-de-frutas-y-verduras-0.jpg","contentUrl":"https:\/\/distribucionarc.com\/wp-content\/uploads\/2020\/07\/Trituradora-de-frutas-y-verduras-0.jpg","width":1600,"height":1600,"caption":"Trituradora de frutas y verduras"},{"@type":"BreadcrumbList","@id":"https:\/\/distribucionarc.com\/sl\/producto\/trituradora-de-frutas-y-verduras\/#breadcrumb","itemListElement":[{"@type":"ListItem","position":1,"name":"Portada","item":"https:\/\/distribucionarc.com\/pl\/"},{"@type":"ListItem","position":2,"name":"Produkty","item":"https:\/\/distribucionarc.com\/pl\/shop\/"},{"@type":"ListItem","position":3,"name":"Trituradora de frutas y verduras"}]},{"@type":"WebSite","@id":"https:\/\/distribucionarc.com\/de\/#website","url":"https:\/\/distribucionarc.com\/de\/","name":"ARC porazdelitev","description":"Podjetje je specializirano za proizvodnjo in distribucijo industrijskih strojev, strojev za zapiranje plo\u010devink, strojev za izdelavo tablet, strojev za rezanje mesa...","publisher":{"@id":"https:\/\/distribucionarc.com\/de\/#organization"},"potentialAction":[{"@type":"SearchAction","target":{"@type":"EntryPoint","urlTemplate":"https:\/\/distribucionarc.com\/de\/?s={search_term_string}"},"query-input":{"@type":"PropertyValueSpecification","valueRequired":true,"valueName":"search_term_string"}}],"inLanguage":"sl-SI"},{"@type":"Organization","@id":"https:\/\/distribucionarc.com\/de\/#organization","name":"Distribucija ARC","url":"https:\/\/distribucionarc.com\/de\/","logo":{"@type":"ImageObject","inLanguage":"sl-SI","@id":"https:\/\/distribucionarc.com\/de\/#\/schema\/logo\/image\/","url":"https:\/\/distribucionarc.com\/wp-content\/uploads\/2024\/10\/distribucion-ARC-COLOR-SIN-FONDO-e1732295305345.png","contentUrl":"https:\/\/distribucionarc.com\/wp-content\/uploads\/2024\/10\/distribucion-ARC-COLOR-SIN-FONDO-e1732295305345.png","width":1164,"height":558,"caption":"Distribuci\u00f3n ARC"},"image":{"@id":"https:\/\/distribucionarc.com\/de\/#\/schema\/logo\/image\/"},"description":"Podjetje, specializirano za proizvodnjo in distribucijo industrijskih strojev za \u017eivilski in farmacevtski sektor. Specializirani smo za: Stroji za rezanje mesa Proizvodnja tablet Industrijski transportni sistemi Stekleni\u010darske linije Dozirni stroji In \u0161e veliko ve\u010d... Ponujamo inovativne in prilagojene re\u0161itve za optimizacijo proizvodnih procesov va\u0161ega podjetja.","email":"Admistracion@distribucionarc.com","telephone":"+34 643496664","legalName":"ARC TECH SOLUTIONS","foundingDate":"2024-04-09","vatID":"B55480172","numberOfEmployees":{"@type":"QuantitativeValue","minValue":"1","maxValue":"10"}}]}},"_links":{"self":[{"href":"https:\/\/distribucionarc.com\/sl\/wp-json\/wp\/v2\/product\/1656","targetHints":{"allow":["GET"]}}],"collection":[{"href":"https:\/\/distribucionarc.com\/sl\/wp-json\/wp\/v2\/product"}],"about":[{"href":"https:\/\/distribucionarc.com\/sl\/wp-json\/wp\/v2\/types\/product"}],"replies":[{"embeddable":true,"href":"https:\/\/distribucionarc.com\/sl\/wp-json\/wp\/v2\/comments?post=1656"}],"version-history":[{"count":0,"href":"https:\/\/distribucionarc.com\/sl\/wp-json\/wp\/v2\/product\/1656\/revisions"}],"wp:featuredmedia":[{"embeddable":true,"href":"https:\/\/distribucionarc.com\/sl\/wp-json\/wp\/v2\/media\/1663"}],"wp:attachment":[{"href":"https:\/\/distribucionarc.com\/sl\/wp-json\/wp\/v2\/media?parent=1656"}],"wp:term":[{"taxonomy":"product_brand","embeddable":true,"href":"https:\/\/distribucionarc.com\/sl\/wp-json\/wp\/v2\/product_brand?post=1656"},{"taxonomy":"product_cat","embeddable":true,"href":"https:\/\/distribucionarc.com\/sl\/wp-json\/wp\/v2\/product_cat?post=1656"},{"taxonomy":"product_tag","embeddable":true,"href":"https:\/\/distribucionarc.com\/sl\/wp-json\/wp\/v2\/product_tag?post=1656"}],"curies":[{"name":"delovni list","href":"https:\/\/api.w.org\/{rel}","templated":true}]}}