{"id":1717,"date":"2020-07-29T19:32:01","date_gmt":"2020-07-29T19:32:01","guid":{"rendered":"https:\/\/distribucionarc.com\/?post_type=product&#038;p=1717"},"modified":"2020-09-29T19:05:23","modified_gmt":"2020-09-29T19:05:23","slug":"elektricni-likalnik-55cm","status":"publish","type":"product","link":"https:\/\/distribucionarc.com\/sl\/producto\/plancha-electrica-55cm\/","title":{"rendered":"Elektri\u010dni likalnik 55 cm"},"content":{"rendered":"<h3>Elektri\u010dni likalnik 55 cm<\/h3>\n<p>The\u00a0 <strong>elektri\u010dni likalnik<span style=\"color: #ff0000;\"> TO<\/span><span style=\"color: #0000ff;\">R<\/span>CPE01 <\/strong>Ima veliko ravno kuhalno povr\u0161ino 55 x 35 cm in je idealna za pripravo razli\u010dnih vrst hrane hkrati. 8 mm lito\u017eelezna plo\u0161\u010da se hitro in enakomerno segreje.<\/p>\n<p>Konstanten nadzor temperature vam omogo\u010da prilagajanje temperature glede na potrebe kuhanja razli\u010dnih \u017eivil, v razponu od 50-300 \u2103, z indikatorji, ki prikazujejo stanje segrevanja<\/p>\n<p>to <strong>elektri\u010dni likalnik <span style=\"color: #ff0000;\">TO<\/span><span style=\"color: #0000ff;\">R<\/span>c<\/strong> Izdelan je iz ohi\u0161ja iz nerjave\u010dega jekla, primernega za \u017eivila, in visokokakovostne kuhalne povr\u0161ine iz litega \u017eeleza proti prijemanju, kar zagotavlja odli\u010dno zanesljivost in dolgo \u017eivljenjsko dobo.<\/p>\n<p>Dodatna za\u0161\u010dita pred \u0161kropljenjem na obeh straneh in zadnji strani grelne plo\u0161\u010de \u0161\u010diti uporabnike in okoli\u0161ke stene pred vro\u010do ma\u0161\u010dobo in brizgi. Predal za ma\u0161\u010dobo zbira olje in ostanke hrane za enostavno \u010di\u0161\u010denje.<\/p>\n<p>Zra\u010dne odprtine na obeh straneh odvajajo toploto in pomagajo \u017earu vzdr\u017eevati primerno temperaturo. Na\u0161 <strong>plo\u0161\u010dati elektri\u010dni \u017ear<\/strong> Popoln je za peko razli\u010dne zelenjave, pi\u0161\u010danca, zrezkov, kalamarov, sira na \u017earu, pala\u010dink, ume\u0161anih jajc itd.<\/p>\n<h6><\/h6>\n<h6><strong>Garancija\u00a0<span style=\"color: #ff0000;\">TO<\/span><span style=\"color: #0000ff;\">R<\/span>C 2 LETI<\/strong><\/h6>\n<h6><span style=\"color: #008000;\">U\u010dinkovit elektri\u010dni likalnik, nizka poraba 3000w<\/span><\/h6>\n<h6><strong>vklju\u010dena tehni\u010dna podpora<\/strong><\/h6>\n<p>&nbsp;<\/p>\n<table width=\"100%\">\n<tbody>\n<tr>\n<td>Znamka:<\/td>\n<td width=\"32%\">ARC<\/td>\n<td>Te\u017ea:<\/td>\n<td width=\"30%\">10 kg<\/td>\n<\/tr>\n<tr>\n<td>Dr\u017eava distribucije:<\/td>\n<td width=\"32%\">\u0160panija, Nem\u010dija, ZDA<\/td>\n<td>Vi\u0161ina:<\/td>\n<td width=\"30%\">23 cm<\/td>\n<\/tr>\n<tr>\n<td>barva:<\/td>\n<td width=\"32%\">Srebrna<\/td>\n<td>dolgo:<\/td>\n<td width=\"30%\">54 cm<\/td>\n<\/tr>\n<tr>\n<td>Vrsta izdelka:<\/td>\n<td width=\"32%\">Elektri\u010dni likalnik<\/td>\n<td>\u0160iroko:<\/td>\n<td width=\"30%\">40 cm<\/td>\n<\/tr>\n<tr>\n<td>\u0160tevilka proizvajalca:<\/td>\n<td width=\"32%\">ARCPE01<\/td>\n<td>Velikost \u017eara:<\/td>\n<td width=\"30%\">54 x 40 cm<\/td>\n<\/tr>\n<tr>\n<td>Material:<\/td>\n<td width=\"32%\">\u00a0Nerjave\u010de jeklo, nadzor temperature<\/td>\n<td>mo\u010d:<\/td>\n<td width=\"30%\">3000 W<\/td>\n<\/tr>\n<tr>\n<td>Garancija:<\/td>\n<td width=\"32%\">2 leti<\/td>\n<td>Napetost:<\/td>\n<td width=\"30%\">\u00a0220V \u2013 50 Hz<\/td>\n<\/tr>\n<\/tbody>\n<\/table>","protected":false},"excerpt":{"rendered":"<h2>Elektri\u010dni likalnik 55 cm<\/h2>\n<p>The <strong>elektri\u010dni likalnik <span style=\"color: #ff0000;\">TO<\/span><span style=\"color: #0000ff;\">R<\/span>c<\/strong> Popoln je za peko zelenjave, mesa, rib, lignjev, sira na \u017earu, pala\u010dink, ume\u0161anih jajc itd. Zaradi enostavnega rokovanja je idealen za doma\u010do in komercialno uporabo.<\/p>\n<p>to<strong> elektri\u010dni likalnik <span style=\"color: #ff0000;\">TO<\/span><span style=\"color: #0000ff;\">R<\/span>CPE01<\/strong> V celoti je izdelan iz nerjave\u010dega jekla najvi\u0161je kakovosti za hrano. \u010ce i\u0161\u010dete zmogljivost, <strong>elektri\u010dni likalniki<\/strong> od <strong><span style=\"color: #ff0000;\">TO<\/span><span style=\"color: #0000ff;\">R<\/span>c<\/strong> opravljajo <strong><span style=\"color: #008000;\">minimalna poraba energije v primerjavi s konkurenco<\/span><\/strong>. Brez spreminjanja rezultatov in odzivne hitrosti likalnika.<\/p>\n<h6><strong>Garancija\u00a0<span style=\"color: #ff0000;\">TO<\/span><span style=\"color: #0000ff;\">R<\/span>C 2 LETI<\/strong><\/h6>\n<h6><span style=\"color: #008000;\">U\u010dinkovit elektri\u010dni likalnik, nizka poraba 3000w<\/span><\/h6>\n<h6><strong>vklju\u010dena tehni\u010dna podpora<\/strong><\/h6>","protected":false},"featured_media":1718,"comment_status":"open","ping_status":"closed","template":"","meta":{"wds_primary_product_brand":0,"wds_primary_product_cat":0},"product_brand":[],"product_cat":[39],"product_tag":[],"class_list":{"0":"post-1717","1":"product","2":"type-product","3":"status-publish","4":"has-post-thumbnail","6":"product_cat-plancha-de-cosina","7":"product_shipping_class-hosteleria","9":"first","10":"instock","11":"sale","12":"taxable","13":"shipping-taxable","14":"purchasable","15":"product-type-simple"},"yoast_head":"<!-- This site is optimized with the Yoast SEO Premium plugin v24.9 (Yoast SEO v26.1) - https:\/\/yoast.com\/wordpress\/plugins\/seo\/ -->\n<title>Plancha el\u00e9ctrica 55cm - distribuci\u00f3n ARC<\/title>\n<meta name=\"robots\" content=\"index, follow, max-snippet:-1, max-image-preview:large, max-video-preview:-1\" \/>\n<link rel=\"canonical\" href=\"https:\/\/distribucionarc.com\/sl\/izdelek\/elektricni-likalnik-55cm\/\" \/>\n<meta property=\"og:locale\" content=\"sl_SI\" \/>\n<meta property=\"og:type\" content=\"article\" \/>\n<meta property=\"og:title\" content=\"Plancha el\u00e9ctrica 55cm\" \/>\n<meta property=\"og:description\" content=\"Plancha el\u00e9ctrica 55cm La plancha el\u00e9ctrica ARC es perfecta para cocinar verduras, carnes, pescados, calamar, queso a la parrilla, tortitas, huevos revueltos, etc. Su manejo sin esfuerzo lo hace ideal para uso dom\u00e9stico y comercial.  Esta plancha el\u00e9ctrica ARCPE01 esta fabricada totalmente de acero inoxidable de la mejor calidad alimenticia. Si lo que busca es rendimiento, las planchas el\u00e9ctricas de ARC realizan un consumo m\u00ednimo de energ\u00eda respecto a las de la competencia. Sin alterar los resultados y velocidad de respuesta de la plancha. Garant\u00eda\u00a0ARC 2 A\u00d1OS Plancha el\u00e9ctrica eficiente, bajo consumo 3000w soporte t\u00e9cnico incluido\" \/>\n<meta property=\"og:url\" content=\"https:\/\/distribucionarc.com\/sl\/izdelek\/elektricni-likalnik-55cm\/\" \/>\n<meta property=\"og:site_name\" content=\"distribuci\u00f3n ARC\" \/>\n<meta property=\"article:modified_time\" content=\"2020-09-29T19:05:23+00:00\" \/>\n<meta property=\"og:image\" content=\"https:\/\/distribucionarc.com\/wp-content\/uploads\/2020\/07\/Plancha-el\u00e9ctrica-55cm-0.jpg\" \/>\n\t<meta property=\"og:image:width\" content=\"1600\" \/>\n\t<meta property=\"og:image:height\" content=\"1600\" \/>\n\t<meta property=\"og:image:type\" content=\"image\/jpeg\" \/>\n<meta name=\"twitter:card\" content=\"summary_large_image\" \/>\n<meta name=\"twitter:label1\" content=\"Est. reading time\" \/>\n\t<meta name=\"twitter:data1\" content=\"1 minuta\" \/>\n<script type=\"application\/ld+json\" class=\"yoast-schema-graph\">{\"@context\":\"https:\/\/schema.org\",\"@graph\":[{\"@type\":\"WebPage\",\"@id\":\"https:\/\/distribucionarc.com\/pl\/producto\/plancha-electrica-55cm\/\",\"url\":\"https:\/\/distribucionarc.com\/pl\/producto\/plancha-electrica-55cm\/\",\"name\":\"Plancha el\u00e9ctrica 55cm - distribuci\u00f3n ARC\",\"isPartOf\":{\"@id\":\"https:\/\/distribucionarc.com\/de\/#website\"},\"primaryImageOfPage\":{\"@id\":\"https:\/\/distribucionarc.com\/pl\/producto\/plancha-electrica-55cm\/#primaryimage\"},\"image\":{\"@id\":\"https:\/\/distribucionarc.com\/pl\/producto\/plancha-electrica-55cm\/#primaryimage\"},\"thumbnailUrl\":\"https:\/\/distribucionarc.com\/wp-content\/uploads\/2020\/07\/Plancha-el\u00e9ctrica-55cm-0.jpg\",\"datePublished\":\"2020-07-29T19:32:01+00:00\",\"dateModified\":\"2020-09-29T19:05:23+00:00\",\"breadcrumb\":{\"@id\":\"https:\/\/distribucionarc.com\/pl\/producto\/plancha-electrica-55cm\/#breadcrumb\"},\"inLanguage\":\"sl-SI\",\"potentialAction\":[{\"@type\":\"ReadAction\",\"target\":[\"https:\/\/distribucionarc.com\/pl\/producto\/plancha-electrica-55cm\/\"]}]},{\"@type\":\"ImageObject\",\"inLanguage\":\"sl-SI\",\"@id\":\"https:\/\/distribucionarc.com\/pl\/producto\/plancha-electrica-55cm\/#primaryimage\",\"url\":\"https:\/\/distribucionarc.com\/wp-content\/uploads\/2020\/07\/Plancha-el\u00e9ctrica-55cm-0.jpg\",\"contentUrl\":\"https:\/\/distribucionarc.com\/wp-content\/uploads\/2020\/07\/Plancha-el\u00e9ctrica-55cm-0.jpg\",\"width\":1600,\"height\":1600,\"caption\":\"Plancha electrica 55cm\"},{\"@type\":\"BreadcrumbList\",\"@id\":\"https:\/\/distribucionarc.com\/pl\/producto\/plancha-electrica-55cm\/#breadcrumb\",\"itemListElement\":[{\"@type\":\"ListItem\",\"position\":1,\"name\":\"Portada\",\"item\":\"https:\/\/distribucionarc.com\/pl\/\"},{\"@type\":\"ListItem\",\"position\":2,\"name\":\"Produkty\",\"item\":\"https:\/\/distribucionarc.com\/pl\/shop\/\"},{\"@type\":\"ListItem\",\"position\":3,\"name\":\"Plancha el\u00e9ctrica 55cm\"}]},{\"@type\":\"WebSite\",\"@id\":\"https:\/\/distribucionarc.com\/de\/#website\",\"url\":\"https:\/\/distribucionarc.com\/de\/\",\"name\":\"distribuci\u00f3n ARC\",\"description\":\"Empresa especializada en la fabricaci\u00f3n y distribuci\u00f3n de maquinaria industrial, selladoras de latas, Maquinas de hacer pastillas, Maquinas de cortar carne...\",\"publisher\":{\"@id\":\"https:\/\/distribucionarc.com\/de\/#organization\"},\"potentialAction\":[{\"@type\":\"SearchAction\",\"target\":{\"@type\":\"EntryPoint\",\"urlTemplate\":\"https:\/\/distribucionarc.com\/de\/?s={search_term_string}\"},\"query-input\":{\"@type\":\"PropertyValueSpecification\",\"valueRequired\":true,\"valueName\":\"search_term_string\"}}],\"inLanguage\":\"sl-SI\"},{\"@type\":\"Organization\",\"@id\":\"https:\/\/distribucionarc.com\/de\/#organization\",\"name\":\"Distribuci\u00f3n ARC\",\"url\":\"https:\/\/distribucionarc.com\/de\/\",\"logo\":{\"@type\":\"ImageObject\",\"inLanguage\":\"sl-SI\",\"@id\":\"https:\/\/distribucionarc.com\/de\/#\/schema\/logo\/image\/\",\"url\":\"https:\/\/distribucionarc.com\/wp-content\/uploads\/2024\/10\/distribucion-ARC-COLOR-SIN-FONDO-e1732295305345.png\",\"contentUrl\":\"https:\/\/distribucionarc.com\/wp-content\/uploads\/2024\/10\/distribucion-ARC-COLOR-SIN-FONDO-e1732295305345.png\",\"width\":1164,\"height\":558,\"caption\":\"Distribuci\u00f3n ARC\"},\"image\":{\"@id\":\"https:\/\/distribucionarc.com\/de\/#\/schema\/logo\/image\/\"},\"description\":\"Empresa especializada en la fabricaci\u00f3n y distribuci\u00f3n de maquinaria industrial para los sectores alimentario y farmac\u00e9utico. Nos especializamos en: M\u00e1quinas de cortar carne Fabricaci\u00f3n de comprimidos Sistemas de transporte industrial L\u00edneas de embotellado Dosificadores Y mucho m\u00e1s... Ofrecemos soluciones innovadoras y personalizadas para optimizar los procesos productivos de tu empresa.\",\"email\":\"Admistracion@distribucionarc.com\",\"telephone\":\"+34 643496664\",\"legalName\":\"ARC TECH SOLUTIONS\",\"foundingDate\":\"2024-04-09\",\"vatID\":\"B55480172\",\"numberOfEmployees\":{\"@type\":\"QuantitativeValue\",\"minValue\":\"1\",\"maxValue\":\"10\"}}]}<\/script>\n<!-- \/ Yoast SEO Premium plugin. -->","yoast_head_json":{"title":"Elektri\u010dni pe\u010d 55cm - ARC porazdelitev","robots":{"index":"index","follow":"follow","max-snippet":"max-snippet:-1","max-image-preview":"max-image-preview:large","max-video-preview":"max-video-preview:-1"},"canonical":"https:\/\/distribucionarc.com\/sl\/izdelek\/elektricni-likalnik-55cm\/","og_locale":"sl_SI","og_type":"article","og_title":"Plancha el\u00e9ctrica 55cm","og_description":"Plancha el\u00e9ctrica 55cm La plancha el\u00e9ctrica ARC es perfecta para cocinar verduras, carnes, pescados, calamar, queso a la parrilla, tortitas, huevos revueltos, etc. Su manejo sin esfuerzo lo hace ideal para uso dom\u00e9stico y comercial.  Esta plancha el\u00e9ctrica ARCPE01 esta fabricada totalmente de acero inoxidable de la mejor calidad alimenticia. Si lo que busca es rendimiento, las planchas el\u00e9ctricas de ARC realizan un consumo m\u00ednimo de energ\u00eda respecto a las de la competencia. Sin alterar los resultados y velocidad de respuesta de la plancha. Garant\u00eda\u00a0ARC 2 A\u00d1OS Plancha el\u00e9ctrica eficiente, bajo consumo 3000w soporte t\u00e9cnico incluido","og_url":"https:\/\/distribucionarc.com\/sl\/izdelek\/elektricni-likalnik-55cm\/","og_site_name":"distribuci\u00f3n ARC","article_modified_time":"2020-09-29T19:05:23+00:00","og_image":[{"width":1600,"height":1600,"url":"https:\/\/distribucionarc.com\/wp-content\/uploads\/2020\/07\/Plancha-el\u00e9ctrica-55cm-0.jpg","type":"image\/jpeg"}],"twitter_card":"summary_large_image","twitter_misc":{"Est. reading time":"1 minuta"},"schema":{"@context":"https:\/\/schema.org","@graph":[{"@type":"WebPage","@id":"https:\/\/distribucionarc.com\/pl\/producto\/plancha-electrica-55cm\/","url":"https:\/\/distribucionarc.com\/pl\/producto\/plancha-electrica-55cm\/","name":"Elektri\u010dni pe\u010d 55cm - ARC porazdelitev","isPartOf":{"@id":"https:\/\/distribucionarc.com\/de\/#website"},"primaryImageOfPage":{"@id":"https:\/\/distribucionarc.com\/pl\/producto\/plancha-electrica-55cm\/#primaryimage"},"image":{"@id":"https:\/\/distribucionarc.com\/pl\/producto\/plancha-electrica-55cm\/#primaryimage"},"thumbnailUrl":"https:\/\/distribucionarc.com\/wp-content\/uploads\/2020\/07\/Plancha-el\u00e9ctrica-55cm-0.jpg","datePublished":"2020-07-29T19:32:01+00:00","dateModified":"2020-09-29T19:05:23+00:00","breadcrumb":{"@id":"https:\/\/distribucionarc.com\/pl\/producto\/plancha-electrica-55cm\/#breadcrumb"},"inLanguage":"sl-SI","potentialAction":[{"@type":"ReadAction","target":["https:\/\/distribucionarc.com\/pl\/producto\/plancha-electrica-55cm\/"]}]},{"@type":"ImageObject","inLanguage":"sl-SI","@id":"https:\/\/distribucionarc.com\/pl\/producto\/plancha-electrica-55cm\/#primaryimage","url":"https:\/\/distribucionarc.com\/wp-content\/uploads\/2020\/07\/Plancha-el\u00e9ctrica-55cm-0.jpg","contentUrl":"https:\/\/distribucionarc.com\/wp-content\/uploads\/2020\/07\/Plancha-el\u00e9ctrica-55cm-0.jpg","width":1600,"height":1600,"caption":"Plancha electrica 55cm"},{"@type":"BreadcrumbList","@id":"https:\/\/distribucionarc.com\/pl\/producto\/plancha-electrica-55cm\/#breadcrumb","itemListElement":[{"@type":"ListItem","position":1,"name":"Portada","item":"https:\/\/distribucionarc.com\/pl\/"},{"@type":"ListItem","position":2,"name":"Produkty","item":"https:\/\/distribucionarc.com\/pl\/shop\/"},{"@type":"ListItem","position":3,"name":"Plancha el\u00e9ctrica 55cm"}]},{"@type":"WebSite","@id":"https:\/\/distribucionarc.com\/de\/#website","url":"https:\/\/distribucionarc.com\/de\/","name":"ARC porazdelitev","description":"Podjetje je specializirano za proizvodnjo in distribucijo industrijskih strojev, strojev za zapiranje plo\u010devink, strojev za izdelavo tablet, strojev za rezanje mesa...","publisher":{"@id":"https:\/\/distribucionarc.com\/de\/#organization"},"potentialAction":[{"@type":"SearchAction","target":{"@type":"EntryPoint","urlTemplate":"https:\/\/distribucionarc.com\/de\/?s={search_term_string}"},"query-input":{"@type":"PropertyValueSpecification","valueRequired":true,"valueName":"search_term_string"}}],"inLanguage":"sl-SI"},{"@type":"Organization","@id":"https:\/\/distribucionarc.com\/de\/#organization","name":"Distribucija ARC","url":"https:\/\/distribucionarc.com\/de\/","logo":{"@type":"ImageObject","inLanguage":"sl-SI","@id":"https:\/\/distribucionarc.com\/de\/#\/schema\/logo\/image\/","url":"https:\/\/distribucionarc.com\/wp-content\/uploads\/2024\/10\/distribucion-ARC-COLOR-SIN-FONDO-e1732295305345.png","contentUrl":"https:\/\/distribucionarc.com\/wp-content\/uploads\/2024\/10\/distribucion-ARC-COLOR-SIN-FONDO-e1732295305345.png","width":1164,"height":558,"caption":"Distribuci\u00f3n ARC"},"image":{"@id":"https:\/\/distribucionarc.com\/de\/#\/schema\/logo\/image\/"},"description":"Podjetje, specializirano za proizvodnjo in distribucijo industrijskih strojev za \u017eivilski in farmacevtski sektor. Specializirani smo za: Stroji za rezanje mesa Proizvodnja tablet Industrijski transportni sistemi Stekleni\u010darske linije Dozirni stroji In \u0161e veliko ve\u010d... Ponujamo inovativne in prilagojene re\u0161itve za optimizacijo proizvodnih procesov va\u0161ega podjetja.","email":"Admistracion@distribucionarc.com","telephone":"+34 643496664","legalName":"ARC TECH SOLUTIONS","foundingDate":"2024-04-09","vatID":"B55480172","numberOfEmployees":{"@type":"QuantitativeValue","minValue":"1","maxValue":"10"}}]}},"_links":{"self":[{"href":"https:\/\/distribucionarc.com\/sl\/wp-json\/wp\/v2\/product\/1717","targetHints":{"allow":["GET"]}}],"collection":[{"href":"https:\/\/distribucionarc.com\/sl\/wp-json\/wp\/v2\/product"}],"about":[{"href":"https:\/\/distribucionarc.com\/sl\/wp-json\/wp\/v2\/types\/product"}],"replies":[{"embeddable":true,"href":"https:\/\/distribucionarc.com\/sl\/wp-json\/wp\/v2\/comments?post=1717"}],"version-history":[{"count":0,"href":"https:\/\/distribucionarc.com\/sl\/wp-json\/wp\/v2\/product\/1717\/revisions"}],"wp:featuredmedia":[{"embeddable":true,"href":"https:\/\/distribucionarc.com\/sl\/wp-json\/wp\/v2\/media\/1718"}],"wp:attachment":[{"href":"https:\/\/distribucionarc.com\/sl\/wp-json\/wp\/v2\/media?parent=1717"}],"wp:term":[{"taxonomy":"product_brand","embeddable":true,"href":"https:\/\/distribucionarc.com\/sl\/wp-json\/wp\/v2\/product_brand?post=1717"},{"taxonomy":"product_cat","embeddable":true,"href":"https:\/\/distribucionarc.com\/sl\/wp-json\/wp\/v2\/product_cat?post=1717"},{"taxonomy":"product_tag","embeddable":true,"href":"https:\/\/distribucionarc.com\/sl\/wp-json\/wp\/v2\/product_tag?post=1717"}],"curies":[{"name":"delovni list","href":"https:\/\/api.w.org\/{rel}","templated":true}]}}