{"id":17659,"date":"2025-07-29T22:09:56","date_gmt":"2025-07-29T20:09:56","guid":{"rendered":"https:\/\/distribucionarc.com\/?post_type=product&#038;p=17659"},"modified":"2025-07-29T22:09:56","modified_gmt":"2025-07-29T20:09:56","slug":"avtomatski-pakirni-stroj-za-5-kilogramov-granuliranega-ledu-v-prahu","status":"publish","type":"product","link":"https:\/\/distribucionarc.com\/sl\/producto\/maquina-envasadora-automatica-5-kilos-para-hielo-polvos-granulado-2\/","title":{"rendered":"Avtomatski pakirni stroj 5 kilogramov za granulirani led v prahu"},"content":{"rendered":"<h3 data-section-id=\"lq3r78\" data-start=\"744\" data-end=\"830\">\ud83e\uddc3 Avtomatski pnevmatski pakirni stroj DARZD-720BQ \u2013 vsestranski, natan\u010den in robusten<\/h3>\n<p data-start=\"832\" data-end=\"1162\">The <strong data-start=\"835\" data-end=\"884\">Pnevmatski pakirni stroj model DARZD-720BQ<\/strong> Zasnovan je bil tako, da se prilagaja \u0161iroki paleti izdelkov, pri \u010demer izstopa po svoji zmo\u017enosti <strong data-start=\"980\" data-end=\"1013\">delo pri nizkih temperaturah<\/strong> in paket <strong data-start=\"1024\" data-end=\"1067\">od 60 gramov do 5 kilogramov na vre\u010dko<\/strong>, zaradi \u010desar je idealna re\u0161itev tako za \u017eivilski kot industrijski sektor.<\/p>\n<p data-start=\"1164\" data-end=\"1586\">Ena njegovih najbolj opaznih lastnosti je njegova sposobnost, da <strong data-start=\"1227\" data-end=\"1274\">izdelava 60-gramskih vre\u010dk za ledene kocke<\/strong>, zahvaljujo\u010d robustni strukturi in notranjim komponentam, pripravljenim za delovanje v hladnih in vla\u017enih okoljih, ne da bi to vplivalo na njegovo delovanje. Poleg tega njegov pnevmatski sistem in zasnova <strong data-start=\"1454\" data-end=\"1485\">zadnje tesnilo<\/strong> Omogo\u010dajo nepredu\u0161no, odporno in natan\u010dno pakiranje, tudi pri krhkih ali mokrih izdelkih.<\/p>\n<h3 data-section-id=\"1imxdde\" data-start=\"1588\" data-end=\"1630\">\u2705 Idealni izdelki za ta stroj:<\/h3>\n<h4 data-start=\"1632\" data-end=\"1667\">\ud83e\uddca <strong data-start=\"1640\" data-end=\"1667\">Hlajeni izdelki:<\/strong><\/h4>\n<ul data-start=\"1668\" data-end=\"1797\">\n<li data-start=\"1668\" data-end=\"1714\">\n<p data-start=\"1670\" data-end=\"1714\">Vre\u010dke <strong data-start=\"1680\" data-end=\"1700\">ledene kocke<\/strong> (60 g \u2013 5 kg)<\/p>\n<\/li>\n<li data-start=\"1715\" data-end=\"1765\">\n<p data-start=\"1717\" data-end=\"1765\"><strong data-start=\"1717\" data-end=\"1740\">Zamrznjena zelenjava<\/strong>, sesekljan ali narezan na porcije<\/p>\n<\/li>\n<li data-start=\"1766\" data-end=\"1797\">\n<p data-start=\"1768\" data-end=\"1797\"><strong data-start=\"1768\" data-end=\"1797\">Zamrznjeno narezano sadje<\/strong><\/p>\n<\/li>\n<\/ul>\n<h4 data-start=\"1799\" data-end=\"1838\">\ud83e\udd5c <strong data-start=\"1807\" data-end=\"1838\">Suhi in razsuti izdelki:<\/strong><\/h4>\n<ul data-start=\"1839\" data-end=\"1970\">\n<li data-start=\"1839\" data-end=\"1872\">\n<p data-start=\"1841\" data-end=\"1872\"><strong data-start=\"1841\" data-end=\"1872\">\u017dita, ri\u017e in stro\u010dnice<\/strong><\/p>\n<\/li>\n<li data-start=\"1873\" data-end=\"1902\">\n<p data-start=\"1875\" data-end=\"1902\"><strong data-start=\"1875\" data-end=\"1902\">Ore\u0161ki in semena<\/strong><\/p>\n<\/li>\n<li data-start=\"1903\" data-end=\"1938\">\n<p data-start=\"1905\" data-end=\"1938\"><strong data-start=\"1905\" data-end=\"1938\">Moka in \u017eivilski pra\u0161ki<\/strong><\/p>\n<\/li>\n<li data-start=\"1939\" data-end=\"1970\">\n<p data-start=\"1941\" data-end=\"1970\"><strong data-start=\"1941\" data-end=\"1970\">Kavne granule ali sladkor<\/strong><\/p>\n<\/li>\n<\/ul>\n<h4 data-start=\"1972\" data-end=\"2010\">\ud83e\uddea <strong data-start=\"1980\" data-end=\"2010\">Ne\u017eivilski izdelki:<\/strong><\/h4>\n<ul data-start=\"2011\" data-end=\"2101\">\n<li data-start=\"2011\" data-end=\"2037\">\n<p data-start=\"2013\" data-end=\"2037\"><strong data-start=\"2013\" data-end=\"2037\">Pra\u0161kasti detergenti<\/strong><\/p>\n<\/li>\n<li data-start=\"2038\" data-end=\"2073\">\n<p data-start=\"2040\" data-end=\"2073\"><strong data-start=\"2040\" data-end=\"2073\">Granulirane kemikalije<\/strong><\/p>\n<\/li>\n<li data-start=\"2074\" data-end=\"2101\">\n<p data-start=\"2076\" data-end=\"2101\"><strong data-start=\"2076\" data-end=\"2101\">Trdna gnojila<\/strong><\/p>\n<\/li>\n<\/ul>\n<p data-start=\"2103\" data-end=\"2367\">Zaradi svoje zmogljivosti, da <strong data-start=\"2129\" data-end=\"2176\">dol\u017eino posode prilagodite med 3 in 40 cm<\/strong>in njegov obseg <strong data-start=\"2192\" data-end=\"2214\">Film od 61 do 72 cm<\/strong>, se enostavno prilagodi razli\u010dnim formatom vre\u010dk. Poleg tega lahko deluje s hitrostjo <strong data-start=\"2311\" data-end=\"2339\">5 do 10 vre\u010dk na minuto<\/strong>, z natan\u010dnostjo \u00b12 g.<\/p>\n<p data-start=\"2369\" data-end=\"2613\">Opremljen je s kakovostnimi komponentami, motorjem z mo\u010djo 1000 W in je zdru\u017eljiv z napetostjo 110 V ali 220 V, 50\u201360 Hz. S certifikatom CE in robustno jekleno konstrukcijo je idealen za zahtevna dela in neprekinjene proizvodne linije.<\/p>\n<hr data-start=\"2615\" data-end=\"2618\" \/>\n<h3 data-section-id=\"nfhvb4\" data-start=\"2620\" data-end=\"2652\">\ud83d\udcca Tehni\u010dne specifikacije<\/h3>\n<div class=\"_tableContainer_80l1q_1\">\n<div class=\"_tableWrapper_80l1q_14 group flex w-fit flex-col-reverse\" tabindex=\"-1\">\n<table class=\"w-fit min-w-(--thread-content-width)\" data-start=\"2654\" data-end=\"3905\">\n<thead data-start=\"2654\" data-end=\"2737\">\n<tr data-start=\"2654\" data-end=\"2737\">\n<th data-start=\"2654\" data-end=\"2690\" data-col-size=\"sm\"><strong data-start=\"2656\" data-end=\"2674\">Funkcija<\/strong><\/th>\n<th data-start=\"2690\" data-end=\"2737\" data-col-size=\"sm\"><strong data-start=\"2692\" data-end=\"2710\">Specifikacija<\/strong><\/th>\n<\/tr>\n<\/thead>\n<tbody data-start=\"2821\" data-end=\"3905\">\n<tr data-start=\"2821\" data-end=\"2903\">\n<td data-start=\"2821\" data-end=\"2856\" data-col-size=\"sm\">Model izdelka<\/td>\n<td data-start=\"2856\" data-end=\"2903\" data-col-size=\"sm\">DARZD-720BQ<\/td>\n<\/tr>\n<tr data-start=\"2904\" data-end=\"2986\">\n<td data-start=\"2904\" data-end=\"2939\" data-col-size=\"sm\">Vrsta tesnjenja<\/td>\n<td data-start=\"2939\" data-end=\"2986\" data-col-size=\"sm\">Zadnje tesnilo<\/td>\n<\/tr>\n<tr data-start=\"2987\" data-end=\"3070\">\n<td data-start=\"2987\" data-end=\"3022\" data-col-size=\"sm\">Obmo\u010dje tehtanja<\/td>\n<td data-start=\"3022\" data-end=\"3070\" data-col-size=\"sm\">50 \u2013 5000 g<\/td>\n<\/tr>\n<tr data-start=\"3071\" data-end=\"3154\">\n<td data-start=\"3071\" data-end=\"3106\" data-col-size=\"sm\">Hitrost pakiranja<\/td>\n<td data-start=\"3106\" data-end=\"3154\" data-col-size=\"sm\">5 \u2013 10 vre\u010dk\/minuto<\/td>\n<\/tr>\n<tr data-start=\"3155\" data-end=\"3238\">\n<td data-start=\"3155\" data-end=\"3190\" data-col-size=\"sm\">Dol\u017eina posode<\/td>\n<td data-start=\"3190\" data-end=\"3238\" data-col-size=\"sm\">3 \u2013 40 cm<\/td>\n<\/tr>\n<tr data-start=\"3239\" data-end=\"3322\">\n<td data-start=\"3239\" data-end=\"3274\" data-col-size=\"sm\">\u0160irina posode<\/td>\n<td data-start=\"3274\" data-end=\"3322\" data-col-size=\"sm\">29 \u2013 35 cm<\/td>\n<\/tr>\n<tr data-start=\"3323\" data-end=\"3406\">\n<td data-start=\"3323\" data-end=\"3358\" data-col-size=\"sm\">\u0160irina filma<\/td>\n<td data-start=\"3358\" data-end=\"3406\" data-col-size=\"sm\">61 \u2013 72 cm<\/td>\n<\/tr>\n<tr data-start=\"3407\" data-end=\"3489\">\n<td data-start=\"3407\" data-end=\"3442\" data-col-size=\"sm\">Natan\u010dnost pakiranja<\/td>\n<td data-start=\"3442\" data-end=\"3489\" data-col-size=\"sm\">\u00b12 g (odvisno od materiala)<\/td>\n<\/tr>\n<tr data-start=\"3490\" data-end=\"3572\">\n<td data-start=\"3490\" data-end=\"3525\" data-col-size=\"sm\">Uporaba<\/td>\n<td data-start=\"3525\" data-end=\"3572\" data-col-size=\"sm\">Pra\u0161ki \/ Granule \/ Led \/ Zamrznjeno<\/td>\n<\/tr>\n<tr data-start=\"3573\" data-end=\"3655\">\n<td data-start=\"3573\" data-end=\"3608\" data-col-size=\"sm\">Napetost<\/td>\n<td data-start=\"3608\" data-end=\"3655\" data-col-size=\"sm\">110 V \/ 220 V, 50 Hz \u2013 60 Hz<\/td>\n<\/tr>\n<tr data-start=\"3656\" data-end=\"3738\">\n<td data-start=\"3656\" data-end=\"3691\" data-col-size=\"sm\">Mo\u010d motorja<\/td>\n<td data-start=\"3691\" data-end=\"3738\" data-col-size=\"sm\">1000 W<\/td>\n<\/tr>\n<tr data-start=\"3739\" data-end=\"3821\">\n<td data-start=\"3739\" data-end=\"3774\" data-col-size=\"sm\">Te\u017ea stroja<\/td>\n<td data-start=\"3774\" data-end=\"3821\" data-col-size=\"sm\">ni dolo\u010deno<\/td>\n<\/tr>\n<tr data-start=\"3822\" data-end=\"3905\">\n<td data-start=\"3822\" data-end=\"3857\" data-col-size=\"sm\">Dimenzije stroja<\/td>\n<td data-start=\"3857\" data-end=\"3905\" data-col-size=\"sm\">890 \u00d7 1040 \u00d7 2360 mm<\/td>\n<\/tr>\n<\/tbody>\n<\/table>\n<p>&nbsp;<\/p>\n<\/div>\n<\/div>\n<div style=\"border: 2px solid #0c2a6b; border-radius: 10px; padding: 20px; background-color: #ffffff; font-family: 'Swis 721', sans-serif; color: #0c2a6b;\">\n<h2 style=\"color: #0c2a6b; font-family: 'Heavitas', sans-serif; font-size: 22px; margin-top: 0;\">\ud83d\udd27 Podpora ARC za va\u0161 ra\u010dunalnik<\/h2>\n<p>V podjetju ARC Distribution smo zavezani k zagotavljanju celovite poprodajne storitve. Za ta stroj so na voljo naslednja bistvena orodja:<\/p>\n<div style=\"display: flex; flex-direction: column; gap: 15px; margin-top: 15px;\">\n<div style=\"border-left: 5px solid #7aadd2; padding-left: 15px;\">\n<h3 style=\"margin: 0; font-size: 18px;\">\ud83d\udee0\ufe0f Mednarodna tehni\u010dna slu\u017eba<\/h3>\n<p style=\"margin: 5px 0;\">Poi\u0161\u010dite svoj servisni center po dr\u017eavi in lokaciji. Certificirana profesionalna tehni\u010dna storitev.<\/p>\n<p><a style=\"color: #0c2a6b; text-decoration: underline;\" href=\"https:\/\/distribucionarc.com\/sl\/tehnicna-sluzba\/\" target=\"_blank\" rel=\"noopener\">Glejte tehni\u010dno slu\u017ebo<\/a><\/p>\n<\/div>\n<div style=\"border-left: 5px solid #7aadd2; padding-left: 15px;\">\n<h3 style=\"margin: 0; font-size: 18px;\">\ud83e\uddea Preventivno vzdr\u017eevanje<\/h3>\n<p style=\"margin: 5px 0;\">Podalj\u0161ajte \u017eivljenjsko dobo svojega stroja z rednimi pregledi, tehni\u010dnim \u010di\u0161\u010denjem in specializiranimi nastavitvami.<\/p>\n<p><a style=\"color: #0c2a6b; text-decoration: underline;\" href=\"https:\/\/distribucionarc.com\/sl\/arc-preventivno-vzdrzevanje\/\" target=\"_blank\" rel=\"noopener\">Glejte na\u010drt vzdr\u017eevanja<\/a><\/p>\n<\/div>\n<div style=\"border-left: 5px solid #7aadd2; padding-left: 15px;\">\n<h3 style=\"margin: 0; font-size: 18px;\">\ud83d\udcc4 Garancija ARC \u2013 Tip A<\/h3>\n<p style=\"margin: 5px 0;\">Za ta stroj velja garancija tipa A, ki zagotavlja popravilo, nadomestne dele in polno podporo v kritnem obdobju.<\/p>\n<p><a style=\"color: #0c2a6b; text-decoration: underline;\" href=\"https:\/\/distribucionarc.com\/sl\/garancija-distribucija-lok\/\" target=\"_blank\" rel=\"noopener\">Preverite garancijske pogoje<\/a><\/p>\n<\/div>\n<\/div>\n<\/div>\n<p>&nbsp;<\/p>","protected":false},"excerpt":{"rendered":"<p>Avtomatski pnevmatski pakirni stroj, idealen za pra\u0161ke, granule in celo vre\u010dke za ledene kocke. Zmo\u017een delovanja pri nizkih temperaturah, pakiranja od 60 g do 5 kg in prilagajanja \u0161iroki paleti \u017eivilskih in industrijskih izdelkov.<\/p>","protected":false},"featured_media":17648,"comment_status":"open","ping_status":"closed","template":"","meta":{"wds_primary_product_brand":0,"wds_primary_product_cat":0},"product_brand":[],"product_cat":[22,15,21],"product_tag":[],"class_list":{"0":"post-17659","1":"product","2":"type-product","3":"status-publish","4":"has-post-thumbnail","6":"product_cat-llenadora-de-bolsas-granos-y-polvo","7":"product_cat-llenadoras-y-selladoras-automaticas-flow-pack-sachet","8":"product_cat-maquinas-llenadoras","9":"product_shipping_class-express","11":"first","12":"instock","13":"taxable","14":"shipping-taxable","15":"purchasable","16":"product-type-simple"},"yoast_head":"<!-- This site is optimized with the Yoast SEO Premium plugin v24.9 (Yoast SEO v26.1) - https:\/\/yoast.com\/wordpress\/plugins\/seo\/ -->\n<title>M\u00e1quina Envasadora Autom\u00e1tica 5 kilos Para Hielo Polvos Granulado - distribuci\u00f3n ARC<\/title>\n<meta name=\"description\" content=\"Envasadora neum\u00e1tica DARZD-720BQ para hielo en cubitos, polvos, granulados y bolsas de hasta 5 kg. Trabaja a bajas temperaturas. Precisa, resistente y vers\u00e1til.\" \/>\n<meta name=\"robots\" content=\"index, follow, max-snippet:-1, max-image-preview:large, max-video-preview:-1\" \/>\n<link rel=\"canonical\" href=\"https:\/\/distribucionarc.com\/sl\/izdelek\/avtomatski-pakirni-stroj-za-5-kilogramov-granuliranega-ledu-v-prahu\/\" \/>\n<meta property=\"og:locale\" content=\"sl_SI\" \/>\n<meta property=\"og:type\" content=\"article\" \/>\n<meta property=\"og:title\" content=\"M\u00e1quina Envasadora Autom\u00e1tica 5 kilos Para Hielo Polvos Granulado\" \/>\n<meta property=\"og:description\" content=\"Envasadora neum\u00e1tica DARZD-720BQ para hielo en cubitos, polvos, granulados y bolsas de hasta 5 kg. Trabaja a bajas temperaturas. Precisa, resistente y vers\u00e1til.\" \/>\n<meta property=\"og:url\" content=\"https:\/\/distribucionarc.com\/sl\/izdelek\/avtomatski-pakirni-stroj-za-5-kilogramov-granuliranega-ledu-v-prahu\/\" \/>\n<meta property=\"og:site_name\" content=\"distribuci\u00f3n ARC\" \/>\n<meta property=\"og:image\" content=\"https:\/\/distribucionarc.com\/wp-content\/uploads\/2025\/07\/Maquina-envasadora-automatica-para-hielo-en-cubitos.jpg\" \/>\n\t<meta property=\"og:image:width\" content=\"800\" \/>\n\t<meta property=\"og:image:height\" content=\"800\" \/>\n\t<meta property=\"og:image:type\" content=\"image\/jpeg\" \/>\n<meta name=\"twitter:card\" content=\"summary_large_image\" \/>\n<meta name=\"twitter:label1\" content=\"Est. reading time\" \/>\n\t<meta name=\"twitter:data1\" content=\"3 minute\" \/>\n<script type=\"application\/ld+json\" class=\"yoast-schema-graph\">{\"@context\":\"https:\/\/schema.org\",\"@graph\":[{\"@type\":\"WebPage\",\"@id\":\"https:\/\/distribucionarc.com\/sl\/producto\/maquina-envasadora-automatica-5-kilos-para-hielo-polvos-granulado-2\/\",\"url\":\"https:\/\/distribucionarc.com\/sl\/producto\/maquina-envasadora-automatica-5-kilos-para-hielo-polvos-granulado-2\/\",\"name\":\"M\u00e1quina Envasadora Autom\u00e1tica 5 kilos Para Hielo Polvos Granulado - distribuci\u00f3n ARC\",\"isPartOf\":{\"@id\":\"https:\/\/distribucionarc.com\/de\/#website\"},\"primaryImageOfPage\":{\"@id\":\"https:\/\/distribucionarc.com\/sl\/producto\/maquina-envasadora-automatica-5-kilos-para-hielo-polvos-granulado-2\/#primaryimage\"},\"image\":{\"@id\":\"https:\/\/distribucionarc.com\/sl\/producto\/maquina-envasadora-automatica-5-kilos-para-hielo-polvos-granulado-2\/#primaryimage\"},\"thumbnailUrl\":\"https:\/\/distribucionarc.com\/wp-content\/uploads\/2025\/07\/Maquina-envasadora-automatica-para-hielo-en-cubitos.jpg\",\"datePublished\":\"2025-07-29T20:09:56+00:00\",\"description\":\"Envasadora neum\u00e1tica DARZD-720BQ para hielo en cubitos, polvos, granulados y bolsas de hasta 5 kg. Trabaja a bajas temperaturas. Precisa, resistente y vers\u00e1til.\",\"breadcrumb\":{\"@id\":\"https:\/\/distribucionarc.com\/sl\/producto\/maquina-envasadora-automatica-5-kilos-para-hielo-polvos-granulado-2\/#breadcrumb\"},\"inLanguage\":\"sl-SI\",\"potentialAction\":[{\"@type\":\"ReadAction\",\"target\":[\"https:\/\/distribucionarc.com\/sl\/producto\/maquina-envasadora-automatica-5-kilos-para-hielo-polvos-granulado-2\/\"]}]},{\"@type\":\"ImageObject\",\"inLanguage\":\"sl-SI\",\"@id\":\"https:\/\/distribucionarc.com\/sl\/producto\/maquina-envasadora-automatica-5-kilos-para-hielo-polvos-granulado-2\/#primaryimage\",\"url\":\"https:\/\/distribucionarc.com\/wp-content\/uploads\/2025\/07\/Maquina-envasadora-automatica-para-hielo-en-cubitos.jpg\",\"contentUrl\":\"https:\/\/distribucionarc.com\/wp-content\/uploads\/2025\/07\/Maquina-envasadora-automatica-para-hielo-en-cubitos.jpg\",\"width\":800,\"height\":800,\"caption\":\"M\u00e1quina envasadora DARZD-720BQ en proceso de empaquetado de bolsas de cubitos de hielo de 60 g\"},{\"@type\":\"BreadcrumbList\",\"@id\":\"https:\/\/distribucionarc.com\/sl\/producto\/maquina-envasadora-automatica-5-kilos-para-hielo-polvos-granulado-2\/#breadcrumb\",\"itemListElement\":[{\"@type\":\"ListItem\",\"position\":1,\"name\":\"Portada\",\"item\":\"https:\/\/distribucionarc.com\/pl\/\"},{\"@type\":\"ListItem\",\"position\":2,\"name\":\"Produkty\",\"item\":\"https:\/\/distribucionarc.com\/pl\/shop\/\"},{\"@type\":\"ListItem\",\"position\":3,\"name\":\"M\u00e1quina Envasadora Autom\u00e1tica 5 kilos Para Hielo Polvos Granulado\"}]},{\"@type\":\"WebSite\",\"@id\":\"https:\/\/distribucionarc.com\/de\/#website\",\"url\":\"https:\/\/distribucionarc.com\/de\/\",\"name\":\"distribuci\u00f3n ARC\",\"description\":\"Empresa especializada en la fabricaci\u00f3n y distribuci\u00f3n de maquinaria industrial, selladoras de latas, Maquinas de hacer pastillas, Maquinas de cortar carne...\",\"publisher\":{\"@id\":\"https:\/\/distribucionarc.com\/de\/#organization\"},\"potentialAction\":[{\"@type\":\"SearchAction\",\"target\":{\"@type\":\"EntryPoint\",\"urlTemplate\":\"https:\/\/distribucionarc.com\/de\/?s={search_term_string}\"},\"query-input\":{\"@type\":\"PropertyValueSpecification\",\"valueRequired\":true,\"valueName\":\"search_term_string\"}}],\"inLanguage\":\"sl-SI\"},{\"@type\":\"Organization\",\"@id\":\"https:\/\/distribucionarc.com\/de\/#organization\",\"name\":\"Distribuci\u00f3n ARC\",\"url\":\"https:\/\/distribucionarc.com\/de\/\",\"logo\":{\"@type\":\"ImageObject\",\"inLanguage\":\"sl-SI\",\"@id\":\"https:\/\/distribucionarc.com\/de\/#\/schema\/logo\/image\/\",\"url\":\"https:\/\/distribucionarc.com\/wp-content\/uploads\/2024\/10\/distribucion-ARC-COLOR-SIN-FONDO-e1732295305345.png\",\"contentUrl\":\"https:\/\/distribucionarc.com\/wp-content\/uploads\/2024\/10\/distribucion-ARC-COLOR-SIN-FONDO-e1732295305345.png\",\"width\":1164,\"height\":558,\"caption\":\"Distribuci\u00f3n ARC\"},\"image\":{\"@id\":\"https:\/\/distribucionarc.com\/de\/#\/schema\/logo\/image\/\"},\"description\":\"Empresa especializada en la fabricaci\u00f3n y distribuci\u00f3n de maquinaria industrial para los sectores alimentario y farmac\u00e9utico. Nos especializamos en: M\u00e1quinas de cortar carne Fabricaci\u00f3n de comprimidos Sistemas de transporte industrial L\u00edneas de embotellado Dosificadores Y mucho m\u00e1s... Ofrecemos soluciones innovadoras y personalizadas para optimizar los procesos productivos de tu empresa.\",\"email\":\"Admistracion@distribucionarc.com\",\"telephone\":\"+34 643496664\",\"legalName\":\"ARC TECH SOLUTIONS\",\"foundingDate\":\"2024-04-09\",\"vatID\":\"B55480172\",\"numberOfEmployees\":{\"@type\":\"QuantitativeValue\",\"minValue\":\"1\",\"maxValue\":\"10\"}}]}<\/script>\n<!-- \/ Yoast SEO Premium plugin. -->","yoast_head_json":{"title":"Avtomatski pakirni stroj 5 kilogramov za granulirani led v prahu - distribucija ARC","description":"Pnevmatski pakirni stroj DARZD-720BQ za ledene kocke, prah, granule in vre\u010dke do 5 kg. Deluje pri nizkih temperaturah. Natan\u010den, vzdr\u017eljiv in vsestranski.","robots":{"index":"index","follow":"follow","max-snippet":"max-snippet:-1","max-image-preview":"max-image-preview:large","max-video-preview":"max-video-preview:-1"},"canonical":"https:\/\/distribucionarc.com\/sl\/izdelek\/avtomatski-pakirni-stroj-za-5-kilogramov-granuliranega-ledu-v-prahu\/","og_locale":"sl_SI","og_type":"article","og_title":"M\u00e1quina Envasadora Autom\u00e1tica 5 kilos Para Hielo Polvos Granulado","og_description":"Envasadora neum\u00e1tica DARZD-720BQ para hielo en cubitos, polvos, granulados y bolsas de hasta 5 kg. Trabaja a bajas temperaturas. Precisa, resistente y vers\u00e1til.","og_url":"https:\/\/distribucionarc.com\/sl\/izdelek\/avtomatski-pakirni-stroj-za-5-kilogramov-granuliranega-ledu-v-prahu\/","og_site_name":"distribuci\u00f3n ARC","og_image":[{"width":800,"height":800,"url":"https:\/\/distribucionarc.com\/wp-content\/uploads\/2025\/07\/Maquina-envasadora-automatica-para-hielo-en-cubitos.jpg","type":"image\/jpeg"}],"twitter_card":"summary_large_image","twitter_misc":{"Est. reading time":"3 minute"},"schema":{"@context":"https:\/\/schema.org","@graph":[{"@type":"WebPage","@id":"https:\/\/distribucionarc.com\/sl\/producto\/maquina-envasadora-automatica-5-kilos-para-hielo-polvos-granulado-2\/","url":"https:\/\/distribucionarc.com\/sl\/producto\/maquina-envasadora-automatica-5-kilos-para-hielo-polvos-granulado-2\/","name":"Avtomatski pakirni stroj 5 kilogramov za granulirani led v prahu - distribucija ARC","isPartOf":{"@id":"https:\/\/distribucionarc.com\/de\/#website"},"primaryImageOfPage":{"@id":"https:\/\/distribucionarc.com\/sl\/producto\/maquina-envasadora-automatica-5-kilos-para-hielo-polvos-granulado-2\/#primaryimage"},"image":{"@id":"https:\/\/distribucionarc.com\/sl\/producto\/maquina-envasadora-automatica-5-kilos-para-hielo-polvos-granulado-2\/#primaryimage"},"thumbnailUrl":"https:\/\/distribucionarc.com\/wp-content\/uploads\/2025\/07\/Maquina-envasadora-automatica-para-hielo-en-cubitos.jpg","datePublished":"2025-07-29T20:09:56+00:00","description":"Pnevmatski pakirni stroj DARZD-720BQ za ledene kocke, prah, granule in vre\u010dke do 5 kg. Deluje pri nizkih temperaturah. Natan\u010den, vzdr\u017eljiv in vsestranski.","breadcrumb":{"@id":"https:\/\/distribucionarc.com\/sl\/producto\/maquina-envasadora-automatica-5-kilos-para-hielo-polvos-granulado-2\/#breadcrumb"},"inLanguage":"sl-SI","potentialAction":[{"@type":"ReadAction","target":["https:\/\/distribucionarc.com\/sl\/producto\/maquina-envasadora-automatica-5-kilos-para-hielo-polvos-granulado-2\/"]}]},{"@type":"ImageObject","inLanguage":"sl-SI","@id":"https:\/\/distribucionarc.com\/sl\/producto\/maquina-envasadora-automatica-5-kilos-para-hielo-polvos-granulado-2\/#primaryimage","url":"https:\/\/distribucionarc.com\/wp-content\/uploads\/2025\/07\/Maquina-envasadora-automatica-para-hielo-en-cubitos.jpg","contentUrl":"https:\/\/distribucionarc.com\/wp-content\/uploads\/2025\/07\/Maquina-envasadora-automatica-para-hielo-en-cubitos.jpg","width":800,"height":800,"caption":"M\u00e1quina envasadora DARZD-720BQ en proceso de empaquetado de bolsas de cubitos de hielo de 60 g"},{"@type":"BreadcrumbList","@id":"https:\/\/distribucionarc.com\/sl\/producto\/maquina-envasadora-automatica-5-kilos-para-hielo-polvos-granulado-2\/#breadcrumb","itemListElement":[{"@type":"ListItem","position":1,"name":"Portada","item":"https:\/\/distribucionarc.com\/pl\/"},{"@type":"ListItem","position":2,"name":"Produkty","item":"https:\/\/distribucionarc.com\/pl\/shop\/"},{"@type":"ListItem","position":3,"name":"M\u00e1quina Envasadora Autom\u00e1tica 5 kilos Para Hielo Polvos Granulado"}]},{"@type":"WebSite","@id":"https:\/\/distribucionarc.com\/de\/#website","url":"https:\/\/distribucionarc.com\/de\/","name":"ARC porazdelitev","description":"Podjetje je specializirano za proizvodnjo in distribucijo industrijskih strojev, strojev za zapiranje plo\u010devink, strojev za izdelavo tablet, strojev za rezanje mesa...","publisher":{"@id":"https:\/\/distribucionarc.com\/de\/#organization"},"potentialAction":[{"@type":"SearchAction","target":{"@type":"EntryPoint","urlTemplate":"https:\/\/distribucionarc.com\/de\/?s={search_term_string}"},"query-input":{"@type":"PropertyValueSpecification","valueRequired":true,"valueName":"search_term_string"}}],"inLanguage":"sl-SI"},{"@type":"Organization","@id":"https:\/\/distribucionarc.com\/de\/#organization","name":"Distribucija ARC","url":"https:\/\/distribucionarc.com\/de\/","logo":{"@type":"ImageObject","inLanguage":"sl-SI","@id":"https:\/\/distribucionarc.com\/de\/#\/schema\/logo\/image\/","url":"https:\/\/distribucionarc.com\/wp-content\/uploads\/2024\/10\/distribucion-ARC-COLOR-SIN-FONDO-e1732295305345.png","contentUrl":"https:\/\/distribucionarc.com\/wp-content\/uploads\/2024\/10\/distribucion-ARC-COLOR-SIN-FONDO-e1732295305345.png","width":1164,"height":558,"caption":"Distribuci\u00f3n ARC"},"image":{"@id":"https:\/\/distribucionarc.com\/de\/#\/schema\/logo\/image\/"},"description":"Podjetje, specializirano za proizvodnjo in distribucijo industrijskih strojev za \u017eivilski in farmacevtski sektor. Specializirani smo za: Stroji za rezanje mesa Proizvodnja tablet Industrijski transportni sistemi Stekleni\u010darske linije Dozirni stroji In \u0161e veliko ve\u010d... Ponujamo inovativne in prilagojene re\u0161itve za optimizacijo proizvodnih procesov va\u0161ega podjetja.","email":"Admistracion@distribucionarc.com","telephone":"+34 643496664","legalName":"ARC TECH SOLUTIONS","foundingDate":"2024-04-09","vatID":"B55480172","numberOfEmployees":{"@type":"QuantitativeValue","minValue":"1","maxValue":"10"}}]}},"_links":{"self":[{"href":"https:\/\/distribucionarc.com\/sl\/wp-json\/wp\/v2\/product\/17659","targetHints":{"allow":["GET"]}}],"collection":[{"href":"https:\/\/distribucionarc.com\/sl\/wp-json\/wp\/v2\/product"}],"about":[{"href":"https:\/\/distribucionarc.com\/sl\/wp-json\/wp\/v2\/types\/product"}],"replies":[{"embeddable":true,"href":"https:\/\/distribucionarc.com\/sl\/wp-json\/wp\/v2\/comments?post=17659"}],"version-history":[{"count":1,"href":"https:\/\/distribucionarc.com\/sl\/wp-json\/wp\/v2\/product\/17659\/revisions"}],"predecessor-version":[{"id":17660,"href":"https:\/\/distribucionarc.com\/sl\/wp-json\/wp\/v2\/product\/17659\/revisions\/17660"}],"wp:featuredmedia":[{"embeddable":true,"href":"https:\/\/distribucionarc.com\/sl\/wp-json\/wp\/v2\/media\/17648"}],"wp:attachment":[{"href":"https:\/\/distribucionarc.com\/sl\/wp-json\/wp\/v2\/media?parent=17659"}],"wp:term":[{"taxonomy":"product_brand","embeddable":true,"href":"https:\/\/distribucionarc.com\/sl\/wp-json\/wp\/v2\/product_brand?post=17659"},{"taxonomy":"product_cat","embeddable":true,"href":"https:\/\/distribucionarc.com\/sl\/wp-json\/wp\/v2\/product_cat?post=17659"},{"taxonomy":"product_tag","embeddable":true,"href":"https:\/\/distribucionarc.com\/sl\/wp-json\/wp\/v2\/product_tag?post=17659"}],"curies":[{"name":"delovni list","href":"https:\/\/api.w.org\/{rel}","templated":true}]}}