{"id":17778,"date":"2025-08-21T01:39:52","date_gmt":"2025-08-20T23:39:52","guid":{"rendered":"https:\/\/distribucionarc.com\/?post_type=product&#038;p=17778"},"modified":"2025-08-21T01:39:53","modified_gmt":"2025-08-20T23:39:53","slug":"oscilacijski-granulator-drobilnik-za-hladno-delo-in-izdelke-ki-so-nagnjeni-k-vlagi","status":"publish","type":"product","link":"https:\/\/distribucionarc.com\/sl\/producto\/triturador-granulador-oscilante-trabajo-en-frio-productos-humedad\/","title":{"rendered":"Oscilacijski granulator Drobilnik Izdelki za hladno obdelavo vlage"},"content":{"rendered":"<p data-start=\"790\" data-end=\"1407\">On <strong data-start=\"793\" data-end=\"805\">YARK-160<\/strong> to je <strong data-start=\"812\" data-end=\"854\">oscilacijski mlin\/drobilnik\/granulator<\/strong> visoka zmogljivost, zasnovana za <strong data-start=\"889\" data-end=\"922\">izdelki z visoko vla\u017enostjo<\/strong> bodisi <strong data-start=\"925\" data-end=\"947\">ob\u010dutljiv na toploto<\/strong>Njegovo nihanje <strong data-start=\"963\" data-end=\"971\">360\u00ba<\/strong> do <strong data-start=\"974\" data-end=\"992\">\u224860 ciklov\/min<\/strong> ustvarja <strong data-start=\"1000\" data-end=\"1017\">mehko stri\u017eenje<\/strong>, z <strong data-start=\"1023\" data-end=\"1040\">nizko trenje<\/strong> in <strong data-start=\"1043\" data-end=\"1071\">minimalni toplotni dvig<\/strong>, kar omogo\u010da <strong data-start=\"1088\" data-end=\"1133\">drobljenje, deaglomeriranje in hladno granuliranje<\/strong> brez materiala <strong data-start=\"1154\" data-end=\"1200\">se stopi, zgrudi ali izgubi lastnosti<\/strong>.<br data-start=\"1201\" data-end=\"1204\" \/>Zasnovano za linije <strong data-start=\"1224\" data-end=\"1237\">nadaljuje\u0161<\/strong> in intenzivne izmene, ponudbe <strong data-start=\"1266\" data-end=\"1294\">nadzorovana porazdelitev velikosti delcev<\/strong> (glede na mre\u017eo) za optimizacijo <strong data-start=\"1324\" data-end=\"1373\">me\u0161anje, doziranje, ekstruzija, tabletiranje<\/strong> in <strong data-start=\"1376\" data-end=\"1387\">teko\u010dnost<\/strong> kon\u010dnega izdelka.<\/p>\n<p data-start=\"1409\" data-end=\"1452\"><strong data-start=\"1409\" data-end=\"1450\">Uporaba in materiali (primeri):<\/strong><\/p>\n<ul data-start=\"1453\" data-end=\"2008\">\n<li data-start=\"1453\" data-end=\"1659\">\n<p data-start=\"1455\" data-end=\"1659\"><strong data-start=\"1455\" data-end=\"1471\">Hranjenje<\/strong>\u010cokolada\/kakav (nestopljen), koncentrirane ju\u0161ne osnove\/\u00bbAvecrem\u00ab, moker sladkor, mokra morska sol, za\u010dimbe z olji, dehidrirano sadje s preostalo vlago, premiksi in predelave.<\/p>\n<\/li>\n<li data-start=\"1660\" data-end=\"1804\">\n<p data-start=\"1662\" data-end=\"1804\"><strong data-start=\"1662\" data-end=\"1678\">Farmacevtski<\/strong>: <strong data-start=\"1680\" data-end=\"1702\">mokra granulacija<\/strong> pra\u0161kov za tablete, ponovno zdrobljene tablete, <strong data-start=\"1756\" data-end=\"1773\">deaglomeriran<\/strong> pred me\u0161anjem\/kapsulacijo.<\/p>\n<\/li>\n<li data-start=\"1805\" data-end=\"1906\">\n<p data-start=\"1807\" data-end=\"1906\"><strong data-start=\"1807\" data-end=\"1820\">Kozmetika<\/strong>: milne osnove, voski, balzami in paste; nadzor velikosti <strong data-start=\"1882\" data-end=\"1903\">brez pregrevanja<\/strong>.<\/p>\n<\/li>\n<li data-start=\"1907\" data-end=\"2008\">\n<p data-start=\"1909\" data-end=\"2008\"><strong data-start=\"1909\" data-end=\"1920\">Kemija<\/strong>: higroskopski\/reaktivni pra\u0161ki, predgranulirani za <strong data-start=\"1972\" data-end=\"1988\">odmerek<\/strong> in <strong data-start=\"1991\" data-end=\"2007\">zbijanje<\/strong>.<\/p>\n<\/li>\n<\/ul>\n<p data-start=\"2010\" data-end=\"2031\"><strong data-start=\"2010\" data-end=\"2029\">Klju\u010dne prednosti:<\/strong><\/p>\n<ul data-start=\"2032\" data-end=\"2494\">\n<li data-start=\"2032\" data-end=\"2117\">\n<p data-start=\"2034\" data-end=\"2117\"><strong data-start=\"2034\" data-end=\"2053\">Hladno delo<\/strong> \u2192 manj zatikanja, manj problemati\u010dnih glob, <strong data-start=\"2097\" data-end=\"2114\">stabilen pretok<\/strong>.<\/p>\n<\/li>\n<li data-start=\"2118\" data-end=\"2213\">\n<p data-start=\"2120\" data-end=\"2213\"><strong data-start=\"2120\" data-end=\"2146\">Zmogljivost 200\u2013300 kg\/h<\/strong> z <strong data-start=\"2151\" data-end=\"2167\">2,2 kW motor<\/strong> \u2192 <strong data-start=\"2170\" data-end=\"2195\">energetska u\u010dinkovitost<\/strong> in <strong data-start=\"2198\" data-end=\"2210\">trdnost<\/strong>.<\/p>\n<\/li>\n<li data-start=\"2214\" data-end=\"2314\">\n<p data-start=\"2216\" data-end=\"2314\"><strong data-start=\"2216\" data-end=\"2236\">Nerjave\u010de jeklo<\/strong>, kompaktna zasnova glede na svojo velikost, <strong data-start=\"2270\" data-end=\"2289\">sprememba mre\u017ee<\/strong> in <strong data-start=\"2292\" data-end=\"2311\">hitro \u010di\u0161\u010denje<\/strong>.<\/p>\n<\/li>\n<li data-start=\"2315\" data-end=\"2396\">\n<p data-start=\"2317\" data-end=\"2396\"><strong data-start=\"2317\" data-end=\"2341\">Spletna integracija<\/strong>Prilagodljiv zalogovnik, enakomeren izhod, varno delovanje.<\/p>\n<\/li>\n<li data-start=\"2397\" data-end=\"2494\">\n<p data-start=\"2399\" data-end=\"2494\"><strong data-start=\"2399\" data-end=\"2424\">Podpora ARC v \u0160paniji<\/strong>: svetovanje, opcijski zagon, rezervni deli in vzdr\u017eevanje.<\/p>\n<\/li>\n<\/ul>\n<blockquote data-start=\"2496\" data-end=\"2710\">\n<p data-start=\"2498\" data-end=\"2710\"><strong data-start=\"2498\" data-end=\"2542\">Na voljo tudi v vi\u0161jih modelih<\/strong> (ve\u010dja odprtina in pretok &gt;300 kg\/h). Ozna\u010duje <strong data-start=\"2583\" data-end=\"2595\">material<\/strong>, <strong data-start=\"2597\" data-end=\"2613\">% vla\u017enost<\/strong>, <strong data-start=\"2615\" data-end=\"2643\">velikost vhoda\/izhoda<\/strong> in <strong data-start=\"2646\" data-end=\"2665\">ciljni pretok<\/strong> da te priporo\u010dim <strong data-start=\"2684\" data-end=\"2693\">mre\u017ea<\/strong> in konfiguracijo.<\/p>\n<\/blockquote>\n<table class=\"tabla-especificaciones yark-160\">\n<thead>\n<tr>\n<th colspan=\"2\">Tehni\u010dne specifikacije \u2014 YARK-160<\/th>\n<\/tr>\n<\/thead>\n<tbody>\n<tr>\n<td>Model<\/td>\n<td>YARK-160<\/td>\n<\/tr>\n<tr>\n<td>Proizvodna zmogljivost<\/td>\n<td>200\u2013300 kg\/h (odvisno od materiala, vla\u017enosti in mre\u017eice)<\/td>\n<\/tr>\n<tr>\n<td>Premer nihajnega rotorja<\/td>\n<td>160 mm<\/td>\n<\/tr>\n<tr>\n<td>Kot hoda\/nihanja<\/td>\n<td>360\u00b0<\/td>\n<\/tr>\n<tr>\n<td>Frekvenca nihanja<\/td>\n<td>\u2248 60 ciklov\/min<\/td>\n<\/tr>\n<tr>\n<td>Mo\u010d motorja<\/td>\n<td>2,2 kW<\/td>\n<\/tr>\n<tr>\n<td>Te\u017ea<\/td>\n<td>330 kg<\/td>\n<\/tr>\n<tr>\n<td>Dimenzije (D \u00d7 \u0160 \u00d7 V)<\/td>\n<td>950 \u00d7 750 \u00d7 1240 mm<\/td>\n<\/tr>\n<tr>\n<td>Gradbeni material<\/td>\n<td>Nerjave\u010de jeklo (robustna konstrukcija, enostavno \u010di\u0161\u010denje)<\/td>\n<\/tr>\n<tr>\n<td>Operacije<\/td>\n<td>Drobljenje, hladna mokra granulacija, deaglomeracija, homogenizacija<\/td>\n<\/tr>\n<tr>\n<td>Preventivno vzdr\u017eevanje<\/td>\n<td><a href=\"https:\/\/distribucionarc.com\/sl\/arc-preventivno-vzdrzevanje\/\" target=\"_blank\" rel=\"noopener\">Na\u010drt preventivnega vzdr\u017eevanja ARC<\/a><\/td>\n<\/tr>\n<tr>\n<td>Tehni\u010dna storitev<\/td>\n<td><a href=\"https:\/\/distribucionarc.com\/sl\/tehnicna-sluzba\/\" target=\"_blank\" rel=\"noopener\">Specializirane tehni\u010dne storitve (iskanje po dr\u017eavi in lokaciji)<\/a><\/td>\n<\/tr>\n<tr>\n<td>Veljavna garancija<\/td>\n<td>Tip A \u2014 <a href=\"https:\/\/distribucionarc.com\/sl\/garancija-distribucija-lok\/\" target=\"_blank\" rel=\"noopener\">Garancija distribucije ARC<\/a><\/td>\n<\/tr>\n<\/tbody>\n<\/table>\n<p>&nbsp;<\/p>\n<p>&nbsp;<\/p>","protected":false},"excerpt":{"rendered":"<p>On <strong data-start=\"400\" data-end=\"412\">YARK-160<\/strong> to je <strong data-start=\"419\" data-end=\"454\">oscilacijski drobilnik-granulator<\/strong> od <strong data-start=\"458\" data-end=\"491\">visoka zmogljivost (200\u2013300 kg\/h)<\/strong> za <strong data-start=\"497\" data-end=\"527\">hladna mokra granulacija<\/strong>Idealno za hrano, farmacijo, kozmetiko in kemikalije: <strong data-start=\"582\" data-end=\"620\">prepre\u010duje taljenje, lepljenje in strjevanje<\/strong>, izbolj\u0161uje <strong data-start=\"632\" data-end=\"641\">pretok<\/strong> in <strong data-start=\"647\" data-end=\"663\">homogenost<\/strong> granulata. <strong data-start=\"679\" data-end=\"718\">Tehni\u010dna slu\u017eba ARC v Evropi in Zdru\u017eenih dr\u017eavah Amerike<\/strong>\u00a0in <strong data-start=\"721\" data-end=\"740\">garancija tipa A<\/strong>.<\/p>","protected":false},"featured_media":17784,"comment_status":"open","ping_status":"closed","template":"","meta":{"wds_primary_product_brand":0,"wds_primary_product_cat":0},"product_brand":[],"product_cat":[326],"product_tag":[],"class_list":{"0":"post-17778","1":"product","2":"type-product","3":"status-publish","4":"has-post-thumbnail","6":"product_cat-trituradoras-industriales","8":"first","9":"instock","10":"taxable","11":"shipping-taxable","12":"purchasable","13":"product-type-simple"},"yoast_head":"<!-- This site is optimized with the Yoast SEO Premium plugin v24.9 (Yoast SEO v26.1) - https:\/\/yoast.com\/wordpress\/plugins\/seo\/ -->\n<title>Triturador Granulador Oscilante Trabajo en fr\u00edo productos humedad - distribuci\u00f3n ARC<\/title>\n<meta name=\"description\" content=\"YARK-160: triturador oscilante 200\u2013300 kg\/h para granulaci\u00f3n h\u00fameda en fr\u00edo en alimentos, farmacia y cosm\u00e9tica. Garant\u00eda tipo A y SAT ARC en Europa y estados unidos\" \/>\n<meta name=\"robots\" content=\"index, follow, max-snippet:-1, max-image-preview:large, max-video-preview:-1\" \/>\n<link rel=\"canonical\" href=\"https:\/\/distribucionarc.com\/sl\/izdelek\/oscilacijski-granulator-drobilnik-za-hladno-delo-in-izdelke-ki-so-nagnjeni-k-vlagi\/\" \/>\n<meta property=\"og:locale\" content=\"sl_SI\" \/>\n<meta property=\"og:type\" content=\"article\" \/>\n<meta property=\"og:title\" content=\"Triturador Granulador Oscilante Trabajo en fr\u00edo productos humedad\" \/>\n<meta property=\"og:description\" content=\"YARK-160: triturador oscilante 200\u2013300 kg\/h para granulaci\u00f3n h\u00fameda en fr\u00edo en alimentos, farmacia y cosm\u00e9tica. Garant\u00eda tipo A y SAT ARC en Europa y estados unidos\" \/>\n<meta property=\"og:url\" content=\"https:\/\/distribucionarc.com\/sl\/izdelek\/oscilacijski-granulator-drobilnik-za-hladno-delo-in-izdelke-ki-so-nagnjeni-k-vlagi\/\" \/>\n<meta property=\"og:site_name\" content=\"distribuci\u00f3n ARC\" \/>\n<meta property=\"article:modified_time\" content=\"2025-08-20T23:39:53+00:00\" \/>\n<meta property=\"og:image\" content=\"https:\/\/distribucionarc.com\/wp-content\/uploads\/2025\/08\/Granulador-industrial-YARK-160-vista-lateral-derecha-completa.jpeg\" \/>\n\t<meta property=\"og:image:width\" content=\"800\" \/>\n\t<meta property=\"og:image:height\" content=\"800\" \/>\n\t<meta property=\"og:image:type\" content=\"image\/jpeg\" \/>\n<meta name=\"twitter:card\" content=\"summary_large_image\" \/>\n<meta name=\"twitter:label1\" content=\"Est. reading time\" \/>\n\t<meta name=\"twitter:data1\" content=\"2 minuti\" \/>\n<script type=\"application\/ld+json\" class=\"yoast-schema-graph\">{\"@context\":\"https:\/\/schema.org\",\"@graph\":[{\"@type\":\"WebPage\",\"@id\":\"https:\/\/distribucionarc.com\/pt\/producto\/triturador-granulador-oscilante-trabajo-en-frio-productos-humedad\/\",\"url\":\"https:\/\/distribucionarc.com\/pt\/producto\/triturador-granulador-oscilante-trabajo-en-frio-productos-humedad\/\",\"name\":\"Triturador Granulador Oscilante Trabajo en fr\u00edo productos humedad - distribuci\u00f3n ARC\",\"isPartOf\":{\"@id\":\"https:\/\/www.distribucionarc.com\/sl\/#website\"},\"primaryImageOfPage\":{\"@id\":\"https:\/\/distribucionarc.com\/pt\/producto\/triturador-granulador-oscilante-trabajo-en-frio-productos-humedad\/#primaryimage\"},\"image\":{\"@id\":\"https:\/\/distribucionarc.com\/pt\/producto\/triturador-granulador-oscilante-trabajo-en-frio-productos-humedad\/#primaryimage\"},\"thumbnailUrl\":\"https:\/\/distribucionarc.com\/wp-content\/uploads\/2025\/08\/Granulador-industrial-YARK-160-vista-lateral-derecha-completa.jpeg\",\"datePublished\":\"2025-08-20T23:39:52+00:00\",\"dateModified\":\"2025-08-20T23:39:53+00:00\",\"description\":\"YARK-160: triturador oscilante 200\u2013300 kg\/h para granulaci\u00f3n h\u00fameda en fr\u00edo en alimentos, farmacia y cosm\u00e9tica. Garant\u00eda tipo A y SAT ARC en Europa y estados unidos\",\"breadcrumb\":{\"@id\":\"https:\/\/distribucionarc.com\/pt\/producto\/triturador-granulador-oscilante-trabajo-en-frio-productos-humedad\/#breadcrumb\"},\"inLanguage\":\"sl-SI\",\"potentialAction\":[{\"@type\":\"ReadAction\",\"target\":[\"https:\/\/distribucionarc.com\/pt\/producto\/triturador-granulador-oscilante-trabajo-en-frio-productos-humedad\/\"]}]},{\"@type\":\"ImageObject\",\"inLanguage\":\"sl-SI\",\"@id\":\"https:\/\/distribucionarc.com\/pt\/producto\/triturador-granulador-oscilante-trabajo-en-frio-productos-humedad\/#primaryimage\",\"url\":\"https:\/\/distribucionarc.com\/wp-content\/uploads\/2025\/08\/Granulador-industrial-YARK-160-vista-lateral-derecha-completa.jpeg\",\"contentUrl\":\"https:\/\/distribucionarc.com\/wp-content\/uploads\/2025\/08\/Granulador-industrial-YARK-160-vista-lateral-derecha-completa.jpeg\",\"width\":800,\"height\":800,\"caption\":\"Vista lateral completa del YARK-160 en posici\u00f3n de trabajo\"},{\"@type\":\"BreadcrumbList\",\"@id\":\"https:\/\/distribucionarc.com\/pt\/producto\/triturador-granulador-oscilante-trabajo-en-frio-productos-humedad\/#breadcrumb\",\"itemListElement\":[{\"@type\":\"ListItem\",\"position\":1,\"name\":\"Portada\",\"item\":\"https:\/\/www.distribucionarc.com\/\"},{\"@type\":\"ListItem\",\"position\":2,\"name\":\"\u00dcr\u00fcnler\",\"item\":\"https:\/\/www.distribucionarc.com\/tr\/magaza\/\"},{\"@type\":\"ListItem\",\"position\":3,\"name\":\"Triturador Granulador Oscilante Trabajo en fr\u00edo productos humedad\"}]},{\"@type\":\"WebSite\",\"@id\":\"https:\/\/www.distribucionarc.com\/sl\/#website\",\"url\":\"https:\/\/www.distribucionarc.com\/sl\/\",\"name\":\"distribuci\u00f3n ARC\",\"description\":\"Empresa especializada en la fabricaci\u00f3n y distribuci\u00f3n de maquinaria industrial, selladoras de latas, Maquinas de hacer pastillas, Maquinas de cortar carne...\",\"publisher\":{\"@id\":\"https:\/\/www.distribucionarc.com\/sl\/#organization\"},\"potentialAction\":[{\"@type\":\"SearchAction\",\"target\":{\"@type\":\"EntryPoint\",\"urlTemplate\":\"https:\/\/www.distribucionarc.com\/sl\/?s={search_term_string}\"},\"query-input\":{\"@type\":\"PropertyValueSpecification\",\"valueRequired\":true,\"valueName\":\"search_term_string\"}}],\"inLanguage\":\"sl-SI\"},{\"@type\":\"Organization\",\"@id\":\"https:\/\/www.distribucionarc.com\/sl\/#organization\",\"name\":\"Distribuci\u00f3n ARC\",\"url\":\"https:\/\/www.distribucionarc.com\/sl\/\",\"logo\":{\"@type\":\"ImageObject\",\"inLanguage\":\"sl-SI\",\"@id\":\"https:\/\/www.distribucionarc.com\/sl\/#\/schema\/logo\/image\/\",\"url\":\"https:\/\/distribucionarc.com\/wp-content\/uploads\/2024\/10\/distribucion-ARC-COLOR-SIN-FONDO-e1732295305345.png\",\"contentUrl\":\"https:\/\/distribucionarc.com\/wp-content\/uploads\/2024\/10\/distribucion-ARC-COLOR-SIN-FONDO-e1732295305345.png\",\"width\":1164,\"height\":558,\"caption\":\"Distribuci\u00f3n ARC\"},\"image\":{\"@id\":\"https:\/\/www.distribucionarc.com\/sl\/#\/schema\/logo\/image\/\"},\"description\":\"Empresa especializada en la fabricaci\u00f3n y distribuci\u00f3n de maquinaria industrial para los sectores alimentario y farmac\u00e9utico. Nos especializamos en: M\u00e1quinas de cortar carne Fabricaci\u00f3n de comprimidos Sistemas de transporte industrial L\u00edneas de embotellado Dosificadores Y mucho m\u00e1s... Ofrecemos soluciones innovadoras y personalizadas para optimizar los procesos productivos de tu empresa.\",\"email\":\"Admistracion@distribucionarc.com\",\"telephone\":\"+34 643496664\",\"legalName\":\"ARC TECH SOLUTIONS\",\"foundingDate\":\"2024-04-09\",\"vatID\":\"B55480172\",\"numberOfEmployees\":{\"@type\":\"QuantitativeValue\",\"minValue\":\"1\",\"maxValue\":\"10\"}}]}<\/script>\n<!-- \/ Yoast SEO Premium plugin. -->","yoast_head_json":{"title":"Oscilacijski granulator in drobilnik Hladna obdelava izdelkov, ki so nagnjeni k vlagi - ARC distribucija","description":"YARK-160: Oscilacijski drobilnik z zmogljivostjo 200\u2013300 kg\/h za hladno mokro granulacijo v \u017eivilski, farmacevtski in kozmeti\u010dni industriji. Garancija tipa A in SAT ARC v Evropi in Zdru\u017eenih dr\u017eavah Amerike.","robots":{"index":"index","follow":"follow","max-snippet":"max-snippet:-1","max-image-preview":"max-image-preview:large","max-video-preview":"max-video-preview:-1"},"canonical":"https:\/\/distribucionarc.com\/sl\/izdelek\/oscilacijski-granulator-drobilnik-za-hladno-delo-in-izdelke-ki-so-nagnjeni-k-vlagi\/","og_locale":"sl_SI","og_type":"article","og_title":"Triturador Granulador Oscilante Trabajo en fr\u00edo productos humedad","og_description":"YARK-160: triturador oscilante 200\u2013300 kg\/h para granulaci\u00f3n h\u00fameda en fr\u00edo en alimentos, farmacia y cosm\u00e9tica. Garant\u00eda tipo A y SAT ARC en Europa y estados unidos","og_url":"https:\/\/distribucionarc.com\/sl\/izdelek\/oscilacijski-granulator-drobilnik-za-hladno-delo-in-izdelke-ki-so-nagnjeni-k-vlagi\/","og_site_name":"distribuci\u00f3n ARC","article_modified_time":"2025-08-20T23:39:53+00:00","og_image":[{"width":800,"height":800,"url":"https:\/\/distribucionarc.com\/wp-content\/uploads\/2025\/08\/Granulador-industrial-YARK-160-vista-lateral-derecha-completa.jpeg","type":"image\/jpeg"}],"twitter_card":"summary_large_image","twitter_misc":{"Est. reading time":"2 minuti"},"schema":{"@context":"https:\/\/schema.org","@graph":[{"@type":"WebPage","@id":"https:\/\/distribucionarc.com\/pt\/producto\/triturador-granulador-oscilante-trabajo-en-frio-productos-humedad\/","url":"https:\/\/distribucionarc.com\/pt\/producto\/triturador-granulador-oscilante-trabajo-en-frio-productos-humedad\/","name":"Oscilacijski granulator in drobilnik Hladna obdelava izdelkov, ki so nagnjeni k vlagi - ARC distribucija","isPartOf":{"@id":"https:\/\/www.distribucionarc.com\/sl\/#website"},"primaryImageOfPage":{"@id":"https:\/\/distribucionarc.com\/pt\/producto\/triturador-granulador-oscilante-trabajo-en-frio-productos-humedad\/#primaryimage"},"image":{"@id":"https:\/\/distribucionarc.com\/pt\/producto\/triturador-granulador-oscilante-trabajo-en-frio-productos-humedad\/#primaryimage"},"thumbnailUrl":"https:\/\/distribucionarc.com\/wp-content\/uploads\/2025\/08\/Granulador-industrial-YARK-160-vista-lateral-derecha-completa.jpeg","datePublished":"2025-08-20T23:39:52+00:00","dateModified":"2025-08-20T23:39:53+00:00","description":"YARK-160: Oscilacijski drobilnik z zmogljivostjo 200\u2013300 kg\/h za hladno mokro granulacijo v \u017eivilski, farmacevtski in kozmeti\u010dni industriji. Garancija tipa A in SAT ARC v Evropi in Zdru\u017eenih dr\u017eavah Amerike.","breadcrumb":{"@id":"https:\/\/distribucionarc.com\/pt\/producto\/triturador-granulador-oscilante-trabajo-en-frio-productos-humedad\/#breadcrumb"},"inLanguage":"sl-SI","potentialAction":[{"@type":"ReadAction","target":["https:\/\/distribucionarc.com\/pt\/producto\/triturador-granulador-oscilante-trabajo-en-frio-productos-humedad\/"]}]},{"@type":"ImageObject","inLanguage":"sl-SI","@id":"https:\/\/distribucionarc.com\/pt\/producto\/triturador-granulador-oscilante-trabajo-en-frio-productos-humedad\/#primaryimage","url":"https:\/\/distribucionarc.com\/wp-content\/uploads\/2025\/08\/Granulador-industrial-YARK-160-vista-lateral-derecha-completa.jpeg","contentUrl":"https:\/\/distribucionarc.com\/wp-content\/uploads\/2025\/08\/Granulador-industrial-YARK-160-vista-lateral-derecha-completa.jpeg","width":800,"height":800,"caption":"Vista lateral completa del YARK-160 en posici\u00f3n de trabajo"},{"@type":"BreadcrumbList","@id":"https:\/\/distribucionarc.com\/pt\/producto\/triturador-granulador-oscilante-trabajo-en-frio-productos-humedad\/#breadcrumb","itemListElement":[{"@type":"ListItem","position":1,"name":"Portada","item":"https:\/\/www.distribucionarc.com\/"},{"@type":"ListItem","position":2,"name":"\u00dcr\u00fcnler","item":"https:\/\/www.distribucionarc.com\/tr\/magaza\/"},{"@type":"ListItem","position":3,"name":"Triturador Granulador Oscilante Trabajo en fr\u00edo productos humedad"}]},{"@type":"WebSite","@id":"https:\/\/www.distribucionarc.com\/sl\/#website","url":"https:\/\/www.distribucionarc.com\/sl\/","name":"ARC porazdelitev","description":"Podjetje je specializirano za proizvodnjo in distribucijo industrijskih strojev, strojev za zapiranje plo\u010devink, strojev za izdelavo tablet, strojev za rezanje mesa...","publisher":{"@id":"https:\/\/www.distribucionarc.com\/sl\/#organization"},"potentialAction":[{"@type":"SearchAction","target":{"@type":"EntryPoint","urlTemplate":"https:\/\/www.distribucionarc.com\/sl\/?s={search_term_string}"},"query-input":{"@type":"PropertyValueSpecification","valueRequired":true,"valueName":"search_term_string"}}],"inLanguage":"sl-SI"},{"@type":"Organization","@id":"https:\/\/www.distribucionarc.com\/sl\/#organization","name":"Distribucija ARC","url":"https:\/\/www.distribucionarc.com\/sl\/","logo":{"@type":"ImageObject","inLanguage":"sl-SI","@id":"https:\/\/www.distribucionarc.com\/sl\/#\/schema\/logo\/image\/","url":"https:\/\/distribucionarc.com\/wp-content\/uploads\/2024\/10\/distribucion-ARC-COLOR-SIN-FONDO-e1732295305345.png","contentUrl":"https:\/\/distribucionarc.com\/wp-content\/uploads\/2024\/10\/distribucion-ARC-COLOR-SIN-FONDO-e1732295305345.png","width":1164,"height":558,"caption":"Distribuci\u00f3n ARC"},"image":{"@id":"https:\/\/www.distribucionarc.com\/sl\/#\/schema\/logo\/image\/"},"description":"Podjetje, specializirano za proizvodnjo in distribucijo industrijskih strojev za \u017eivilski in farmacevtski sektor. Specializirani smo za: Stroji za rezanje mesa Proizvodnja tablet Industrijski transportni sistemi Stekleni\u010darske linije Dozirni stroji In \u0161e veliko ve\u010d... Ponujamo inovativne in prilagojene re\u0161itve za optimizacijo proizvodnih procesov va\u0161ega podjetja.","email":"Admistracion@distribucionarc.com","telephone":"+34 643496664","legalName":"ARC TECH SOLUTIONS","foundingDate":"2024-04-09","vatID":"B55480172","numberOfEmployees":{"@type":"QuantitativeValue","minValue":"1","maxValue":"10"}}]}},"_links":{"self":[{"href":"https:\/\/distribucionarc.com\/sl\/wp-json\/wp\/v2\/product\/17778","targetHints":{"allow":["GET"]}}],"collection":[{"href":"https:\/\/distribucionarc.com\/sl\/wp-json\/wp\/v2\/product"}],"about":[{"href":"https:\/\/distribucionarc.com\/sl\/wp-json\/wp\/v2\/types\/product"}],"replies":[{"embeddable":true,"href":"https:\/\/distribucionarc.com\/sl\/wp-json\/wp\/v2\/comments?post=17778"}],"version-history":[{"count":1,"href":"https:\/\/distribucionarc.com\/sl\/wp-json\/wp\/v2\/product\/17778\/revisions"}],"predecessor-version":[{"id":17785,"href":"https:\/\/distribucionarc.com\/sl\/wp-json\/wp\/v2\/product\/17778\/revisions\/17785"}],"wp:featuredmedia":[{"embeddable":true,"href":"https:\/\/distribucionarc.com\/sl\/wp-json\/wp\/v2\/media\/17784"}],"wp:attachment":[{"href":"https:\/\/distribucionarc.com\/sl\/wp-json\/wp\/v2\/media?parent=17778"}],"wp:term":[{"taxonomy":"product_brand","embeddable":true,"href":"https:\/\/distribucionarc.com\/sl\/wp-json\/wp\/v2\/product_brand?post=17778"},{"taxonomy":"product_cat","embeddable":true,"href":"https:\/\/distribucionarc.com\/sl\/wp-json\/wp\/v2\/product_cat?post=17778"},{"taxonomy":"product_tag","embeddable":true,"href":"https:\/\/distribucionarc.com\/sl\/wp-json\/wp\/v2\/product_tag?post=17778"}],"curies":[{"name":"delovni list","href":"https:\/\/api.w.org\/{rel}","templated":true}]}}