{"id":1815,"date":"2020-07-31T11:24:52","date_gmt":"2020-07-31T11:24:52","guid":{"rendered":"https:\/\/distribucionarc.com\/?post_type=product&#038;p=1815"},"modified":"2022-10-15T21:48:50","modified_gmt":"2022-10-15T21:48:50","slug":"avtomatski-dozirni-stroj-zapiranje-2","status":"publish","type":"product","link":"https:\/\/distribucionarc.com\/sl\/producto\/dosificadora-selladora-automatica-de-granos-2\/","title":{"rendered":"200 g avtomatski dozirnik za tesnjenje zrn"},"content":{"rendered":"<h3>Avtomatski zapiralni dozator za \u017eita, moko in prah<\/h3>\n<p>The\u00a0<strong>dozirno tesnilo<\/strong>\u00a0od\u00a0<strong><span style=\"color: #ff0000;\">TO<\/span><span style=\"color: #0000ff;\">R<\/span>c<\/strong>\u00a0Je popolnoma samodejen, tehtanje, rezanje, ovijanje in rezanje se izvajajo skozi celoten proces. The\u00a0<strong>stroj za pakiranje in tehtanje<\/strong>\u00a0Ima dvojni sistem vibriranja, ki deluje gladko in brez hrupa<\/p>\n<p>Velik lijak za\u00a0<strong><span style=\"color: #ff0000;\">TO<\/span><span style=\"color: #0000ff;\">R<\/span>CMSAG200<\/strong> omogo\u010da u\u010dinkovito polnjenje. To je 3-stranski tip tesnila. \u0160irina papirja: 18 cm (to je \u0161irina vre\u010dke kon\u010dnega izdelka 8 cm). Dol\u017eina papirja: 1-16 cm. Obseg pakiranja: Kapaciteta 1-200g. to <strong>avtomatska tehtnica<\/strong>\u00a0Primeren je za fin prah, kemi\u010dni prah, jedilni prah, kavni prah in druge suhe in mobilne materiale.<\/p>\n<p>Mikrora\u010dunalni\u0161ki nadzorni sistem <strong>visoka natan\u010dnost<\/strong>\u00a0naredi postopek tehtanja in polnjenja to\u010den in zmanj\u0161a napake. Dvojni nadzorni zasloni so enostavni za uporabo.<\/p>\n<p>Celoten trup vozila <strong>stroj za pe\u010datenje in tehtanje<\/strong> Izdelana je iz nerjave\u010dega jekla, primernega za \u017eivila, je \u010dvrsta in vzdr\u017eljiva dolgo \u010dasa. Enostavno odpiranje in zapiranje s trdnimi kodri. Ventilator za odvajanje toplote je zasnovan za neprekinjeno uporabo.<\/p>\n<p>Ker je stroj sestavljen iz dveh delov (snemljiv), so \u0161tiri kolesa zasnovana za enostavno premikanje in enostavno delo.<\/p>\n<h6><strong>Garancija\u00a0<span style=\"color: #ff0000;\">TO<\/span><span style=\"color: #0000ff;\">R<\/span>C 2 LETI<\/strong><\/h6>\n<h6><span style=\"color: #008000;\">U\u010dinkovit samodejni dozator tesnila, nizka poraba 100 W<\/span><\/h6>\n<h6><strong>vklju\u010dena tehni\u010dna podpora<\/strong><\/h6>\n<p>&nbsp;<\/p>\n<table role=\"presentation\" width=\"100%\" cellspacing=\"0\" cellpadding=\"0\">\n<tbody>\n<tr>\n<td class=\"attrLabels\">Znamka:<\/td>\n<td width=\"50.0%\">ARC<\/td>\n<\/tr>\n<tr>\n<td class=\"attrLabels\">Dr\u017eava distribucije:<\/td>\n<td width=\"50.0%\">\u0160panija, Nem\u010dija, ZDA<\/td>\n<td class=\"attrLabels\">Te\u017ea:<\/td>\n<td width=\"50.0%\">66 kg<\/td>\n<\/tr>\n<tr>\n<td class=\"attrLabels\">Znamka:<\/td>\n<td width=\"50.0%\">ARC<\/td>\n<td class=\"attrLabels\">Vi\u0161ina:<\/td>\n<td width=\"50.0%\">141 cm<\/td>\n<\/tr>\n<tr>\n<td class=\"attrLabels\">barva:<\/td>\n<td width=\"50.0%\">Srebrna<\/td>\n<td class=\"attrLabels\">dolgo:<\/td>\n<td width=\"50.0%\">52 cm<\/td>\n<\/tr>\n<tr>\n<td class=\"attrLabels\">Vrsta izdelka:<\/td>\n<td width=\"50.0%\">Avtomatski dozator za tesnjenje<\/td>\n<td class=\"attrLabels\">\u0160iroko:<\/td>\n<td width=\"50.0%\">62 cm<\/td>\n<\/tr>\n<tr>\n<td class=\"attrLabels\">\u0160tevilka proizvajalca:<\/td>\n<td width=\"50.0%\">ARCMSAG200<\/td>\n<td class=\"attrLabels\">mo\u010d:<\/td>\n<td width=\"50.0%\">100 W<\/td>\n<\/tr>\n<tr>\n<td class=\"attrLabels\">Material:<\/td>\n<td width=\"50.0%\">nerjavno jeklo, mikrora\u010dunalniki, avtomatski nadzor<\/td>\n<td class=\"attrLabels\">vhodna napetost<\/td>\n<td width=\"50.0%\">220V \u2013 60Hz<\/td>\n<\/tr>\n<tr>\n<td class=\"attrLabels\">Garancija:<\/td>\n<td width=\"50.0%\">\u00a0 2 leti<\/td>\n<td class=\"attrLabels\">Hitrost pakiranja:<\/td>\n<td width=\"50.0%\">8 \u2013 12 vre\u010dk na minuto<\/td>\n<\/tr>\n<tr>\n<td class=\"attrLabels\">Orodja za namestitev:<\/td>\n<td width=\"50.0%\">ja<\/td>\n<td class=\"attrLabels\">Kapaciteta pakiranja:<\/td>\n<td width=\"50.0%\">\u00a00-200 gramov<\/td>\n<\/tr>\n<\/tbody>\n<\/table>","protected":false},"excerpt":{"rendered":"<h2>Avtomatski zapiralni dozator za \u017eita, moko in prah<\/h2>\n<p><strong><span style=\"color: #ff0000;\">TO<\/span><span style=\"color: #0000ff;\">R<\/span>c<\/strong>\u00a0ponuja ve\u010d vrst re\u0161itev za industrije, ki delajo s pra\u0161ki, zrni in moko. Imamo standardne sisteme, ki omogo\u010dajo zapiranje vre\u010dk in tudi sisteme, ki ustvarjajo vakuum za embala\u017eo.<\/p>\n<p>The\u00a0<strong>avtomatski stroj za tesnjenje <span style=\"color: #ff0000;\">TO<\/span><span style=\"color: #0000ff;\">R<\/span>CMSAG200<\/strong>\u00a0Tristranska vre\u010dka za prah je stabilna in zanesljiva. Zdru\u017eite vse <strong>funkcije tehtanja in pakiranja<\/strong>, za pospe\u0161evanje proizvodnje. Posvojiti <strong>dvojni vibracijski sistemi za maskiranje<\/strong> <strong>zelo u\u010dinkovito<\/strong>. Popoln je za prah, delce in druge suhe in mobilne materiale, primeren za filtrirni papir, kompozitni film, vre\u010dke iz aluminijaste folije, netkani, oljni papir, toplotno zavarjene plasti\u010dne vre\u010dke in druge toplotno zatesnjene embala\u017ene materiale.<\/p>\n<h6><strong>Garancija\u00a0<span style=\"color: #ff0000;\">TO<\/span><span style=\"color: #0000ff;\">R<\/span>C 2 LETI<\/strong><\/h6>\n<h6><span style=\"color: #008000;\">U\u010dinkovit samodejni dozator tesnila, nizka poraba 100 W<\/span><\/h6>\n<h6><strong>vklju\u010dena tehni\u010dna podpora<\/strong><\/h6>","protected":false},"featured_media":1822,"comment_status":"open","ping_status":"closed","template":"","meta":{"wds_primary_product_brand":0,"wds_primary_product_cat":0},"product_brand":[],"product_cat":[18,22,15,21,27],"product_tag":[],"class_list":{"0":"post-1815","1":"product","2":"type-product","3":"status-publish","4":"has-post-thumbnail","6":"product_cat-dosificadoras","7":"product_cat-llenadora-de-bolsas-granos-y-polvo","8":"product_cat-llenadoras-y-selladoras-automaticas-flow-pack-sachet","9":"product_cat-maquinas-llenadoras","10":"product_cat-selladoras-de-bolsas","11":"product_shipping_class-express","13":"first","14":"instock","15":"taxable","16":"shipping-taxable","17":"purchasable","18":"product-type-simple"},"yoast_head":"<!-- This site is optimized with the Yoast SEO Premium plugin v24.9 (Yoast SEO v26.1) - https:\/\/yoast.com\/wordpress\/plugins\/seo\/ -->\n<title>Dosificadora selladora autom\u00e1tica de granos 200g - distribuci\u00f3n ARC<\/title>\n<meta name=\"robots\" content=\"index, follow, max-snippet:-1, max-image-preview:large, max-video-preview:-1\" \/>\n<link rel=\"canonical\" href=\"https:\/\/www.distribucionarc.com\/lt\/producto\/dosificadora-selladora-automatica-de-granos-2\/\" \/>\n<meta property=\"og:locale\" content=\"sl_SI\" \/>\n<meta property=\"og:type\" content=\"article\" \/>\n<meta property=\"og:title\" content=\"Dosificadora selladora autom\u00e1tica de granos 200g\" \/>\n<meta property=\"og:description\" content=\"Dosificadora selladora autom\u00e1tica de granos, harinas polvos ARC\u00a0ofrece varios tipos de soluciones para las industrias que trabajan con polvos, granos y harinas. Tenemos sistemas est\u00e1ndar que permiten sellar las bolsas y tambi\u00e9n sistemas que generan vac\u00edo a los empaques.  La\u00a0m\u00e1quina de sellado autom\u00e1tico ARCMSAG200\u00a0de tres caras para bolsas de polvo es estable y confiable. Combina todas las funciones de pesaje y embalaje, para favorecer la producci\u00f3n. Adopta sistemas de doble vibraci\u00f3n para un enmascaramiento muy eficiente. Es perfecto para polvo, part\u00edculas y otros materiales secos y m\u00f3viles, adecuado para papel de filtro, pel\u00edcula compuesta, bolsas de papel de aluminio, no tejido, papel engrasado, bolsas de pl\u00e1stico termosellados y otros materiales de embalaje termosellable. Garant\u00eda\u00a0ARC 2 A\u00d1OS Dosificadora selladora autom\u00e1tica eficiente, bajo consumo 100w soporte t\u00e9cnico incluido\" \/>\n<meta property=\"og:url\" content=\"https:\/\/www.distribucionarc.com\/lt\/producto\/dosificadora-selladora-automatica-de-granos-2\/\" \/>\n<meta property=\"og:site_name\" content=\"distribuci\u00f3n ARC\" \/>\n<meta property=\"article:modified_time\" content=\"2022-10-15T21:48:50+00:00\" \/>\n<meta property=\"og:image\" content=\"https:\/\/distribucionarc.com\/wp-content\/uploads\/2020\/07\/Dosificadora-selladora-autom\u00e1tica-de-granos-200-0.jpg\" \/>\n\t<meta property=\"og:image:width\" content=\"1600\" \/>\n\t<meta property=\"og:image:height\" content=\"1600\" \/>\n\t<meta property=\"og:image:type\" content=\"image\/jpeg\" \/>\n<meta name=\"twitter:card\" content=\"summary_large_image\" \/>\n<meta name=\"twitter:label1\" content=\"Est. reading time\" \/>\n\t<meta name=\"twitter:data1\" content=\"2 minuti\" \/>\n<script type=\"application\/ld+json\" class=\"yoast-schema-graph\">{\"@context\":\"https:\/\/schema.org\",\"@graph\":[{\"@type\":\"WebPage\",\"@id\":\"https:\/\/www.distribucionarc.com\/lt\/producto\/dosificadora-selladora-automatica-de-granos-2\/\",\"url\":\"https:\/\/www.distribucionarc.com\/lt\/producto\/dosificadora-selladora-automatica-de-granos-2\/\",\"name\":\"Dosificadora selladora autom\u00e1tica de granos 200g - distribuci\u00f3n ARC\",\"isPartOf\":{\"@id\":\"https:\/\/distribucionarc.com\/de\/#website\"},\"primaryImageOfPage\":{\"@id\":\"https:\/\/www.distribucionarc.com\/lt\/producto\/dosificadora-selladora-automatica-de-granos-2\/#primaryimage\"},\"image\":{\"@id\":\"https:\/\/www.distribucionarc.com\/lt\/producto\/dosificadora-selladora-automatica-de-granos-2\/#primaryimage\"},\"thumbnailUrl\":\"https:\/\/distribucionarc.com\/wp-content\/uploads\/2020\/07\/Dosificadora-selladora-autom\u00e1tica-de-granos-200-0.jpg\",\"datePublished\":\"2020-07-31T11:24:52+00:00\",\"dateModified\":\"2022-10-15T21:48:50+00:00\",\"breadcrumb\":{\"@id\":\"https:\/\/www.distribucionarc.com\/lt\/producto\/dosificadora-selladora-automatica-de-granos-2\/#breadcrumb\"},\"inLanguage\":\"sl-SI\",\"potentialAction\":[{\"@type\":\"ReadAction\",\"target\":[\"https:\/\/www.distribucionarc.com\/lt\/producto\/dosificadora-selladora-automatica-de-granos-2\/\"]}]},{\"@type\":\"ImageObject\",\"inLanguage\":\"sl-SI\",\"@id\":\"https:\/\/www.distribucionarc.com\/lt\/producto\/dosificadora-selladora-automatica-de-granos-2\/#primaryimage\",\"url\":\"https:\/\/distribucionarc.com\/wp-content\/uploads\/2020\/07\/Dosificadora-selladora-autom\u00e1tica-de-granos-200-0.jpg\",\"contentUrl\":\"https:\/\/distribucionarc.com\/wp-content\/uploads\/2020\/07\/Dosificadora-selladora-autom\u00e1tica-de-granos-200-0.jpg\",\"width\":1600,\"height\":1600,\"caption\":\"Dosificadora selladora autom\u00e1tica de granos 200\"},{\"@type\":\"BreadcrumbList\",\"@id\":\"https:\/\/www.distribucionarc.com\/lt\/producto\/dosificadora-selladora-automatica-de-granos-2\/#breadcrumb\",\"itemListElement\":[{\"@type\":\"ListItem\",\"position\":1,\"name\":\"Portada\",\"item\":\"https:\/\/distribucionarc.com\/pl\/\"},{\"@type\":\"ListItem\",\"position\":2,\"name\":\"Produkty\",\"item\":\"https:\/\/distribucionarc.com\/pl\/shop\/\"},{\"@type\":\"ListItem\",\"position\":3,\"name\":\"Dosificadora selladora autom\u00e1tica de granos 200g\"}]},{\"@type\":\"WebSite\",\"@id\":\"https:\/\/distribucionarc.com\/de\/#website\",\"url\":\"https:\/\/distribucionarc.com\/de\/\",\"name\":\"distribuci\u00f3n ARC\",\"description\":\"Empresa especializada en la fabricaci\u00f3n y distribuci\u00f3n de maquinaria industrial, selladoras de latas, Maquinas de hacer pastillas, Maquinas de cortar carne...\",\"publisher\":{\"@id\":\"https:\/\/distribucionarc.com\/de\/#organization\"},\"potentialAction\":[{\"@type\":\"SearchAction\",\"target\":{\"@type\":\"EntryPoint\",\"urlTemplate\":\"https:\/\/distribucionarc.com\/de\/?s={search_term_string}\"},\"query-input\":{\"@type\":\"PropertyValueSpecification\",\"valueRequired\":true,\"valueName\":\"search_term_string\"}}],\"inLanguage\":\"sl-SI\"},{\"@type\":\"Organization\",\"@id\":\"https:\/\/distribucionarc.com\/de\/#organization\",\"name\":\"Distribuci\u00f3n ARC\",\"url\":\"https:\/\/distribucionarc.com\/de\/\",\"logo\":{\"@type\":\"ImageObject\",\"inLanguage\":\"sl-SI\",\"@id\":\"https:\/\/distribucionarc.com\/de\/#\/schema\/logo\/image\/\",\"url\":\"https:\/\/distribucionarc.com\/wp-content\/uploads\/2024\/10\/distribucion-ARC-COLOR-SIN-FONDO-e1732295305345.png\",\"contentUrl\":\"https:\/\/distribucionarc.com\/wp-content\/uploads\/2024\/10\/distribucion-ARC-COLOR-SIN-FONDO-e1732295305345.png\",\"width\":1164,\"height\":558,\"caption\":\"Distribuci\u00f3n ARC\"},\"image\":{\"@id\":\"https:\/\/distribucionarc.com\/de\/#\/schema\/logo\/image\/\"},\"description\":\"Empresa especializada en la fabricaci\u00f3n y distribuci\u00f3n de maquinaria industrial para los sectores alimentario y farmac\u00e9utico. Nos especializamos en: M\u00e1quinas de cortar carne Fabricaci\u00f3n de comprimidos Sistemas de transporte industrial L\u00edneas de embotellado Dosificadores Y mucho m\u00e1s... Ofrecemos soluciones innovadoras y personalizadas para optimizar los procesos productivos de tu empresa.\",\"email\":\"Admistracion@distribucionarc.com\",\"telephone\":\"+34 643496664\",\"legalName\":\"ARC TECH SOLUTIONS\",\"foundingDate\":\"2024-04-09\",\"vatID\":\"B55480172\",\"numberOfEmployees\":{\"@type\":\"QuantitativeValue\",\"minValue\":\"1\",\"maxValue\":\"10\"}}]}<\/script>\n<!-- \/ Yoast SEO Premium plugin. -->","yoast_head_json":{"title":"Avtomatski dozator za tesnjenje zrn 200g - distribucija ARC","robots":{"index":"index","follow":"follow","max-snippet":"max-snippet:-1","max-image-preview":"max-image-preview:large","max-video-preview":"max-video-preview:-1"},"canonical":"https:\/\/www.distribucionarc.com\/lt\/producto\/dosificadora-selladora-automatica-de-granos-2\/","og_locale":"sl_SI","og_type":"article","og_title":"Dosificadora selladora autom\u00e1tica de granos 200g","og_description":"Dosificadora selladora autom\u00e1tica de granos, harinas polvos ARC\u00a0ofrece varios tipos de soluciones para las industrias que trabajan con polvos, granos y harinas. Tenemos sistemas est\u00e1ndar que permiten sellar las bolsas y tambi\u00e9n sistemas que generan vac\u00edo a los empaques.  La\u00a0m\u00e1quina de sellado autom\u00e1tico ARCMSAG200\u00a0de tres caras para bolsas de polvo es estable y confiable. Combina todas las funciones de pesaje y embalaje, para favorecer la producci\u00f3n. Adopta sistemas de doble vibraci\u00f3n para un enmascaramiento muy eficiente. Es perfecto para polvo, part\u00edculas y otros materiales secos y m\u00f3viles, adecuado para papel de filtro, pel\u00edcula compuesta, bolsas de papel de aluminio, no tejido, papel engrasado, bolsas de pl\u00e1stico termosellados y otros materiales de embalaje termosellable. Garant\u00eda\u00a0ARC 2 A\u00d1OS Dosificadora selladora autom\u00e1tica eficiente, bajo consumo 100w soporte t\u00e9cnico incluido","og_url":"https:\/\/www.distribucionarc.com\/lt\/producto\/dosificadora-selladora-automatica-de-granos-2\/","og_site_name":"distribuci\u00f3n ARC","article_modified_time":"2022-10-15T21:48:50+00:00","og_image":[{"width":1600,"height":1600,"url":"https:\/\/distribucionarc.com\/wp-content\/uploads\/2020\/07\/Dosificadora-selladora-autom\u00e1tica-de-granos-200-0.jpg","type":"image\/jpeg"}],"twitter_card":"summary_large_image","twitter_misc":{"Est. reading time":"2 minuti"},"schema":{"@context":"https:\/\/schema.org","@graph":[{"@type":"WebPage","@id":"https:\/\/www.distribucionarc.com\/lt\/producto\/dosificadora-selladora-automatica-de-granos-2\/","url":"https:\/\/www.distribucionarc.com\/lt\/producto\/dosificadora-selladora-automatica-de-granos-2\/","name":"Avtomatski dozator za tesnjenje zrn 200g - distribucija ARC","isPartOf":{"@id":"https:\/\/distribucionarc.com\/de\/#website"},"primaryImageOfPage":{"@id":"https:\/\/www.distribucionarc.com\/lt\/producto\/dosificadora-selladora-automatica-de-granos-2\/#primaryimage"},"image":{"@id":"https:\/\/www.distribucionarc.com\/lt\/producto\/dosificadora-selladora-automatica-de-granos-2\/#primaryimage"},"thumbnailUrl":"https:\/\/distribucionarc.com\/wp-content\/uploads\/2020\/07\/Dosificadora-selladora-autom\u00e1tica-de-granos-200-0.jpg","datePublished":"2020-07-31T11:24:52+00:00","dateModified":"2022-10-15T21:48:50+00:00","breadcrumb":{"@id":"https:\/\/www.distribucionarc.com\/lt\/producto\/dosificadora-selladora-automatica-de-granos-2\/#breadcrumb"},"inLanguage":"sl-SI","potentialAction":[{"@type":"ReadAction","target":["https:\/\/www.distribucionarc.com\/lt\/producto\/dosificadora-selladora-automatica-de-granos-2\/"]}]},{"@type":"ImageObject","inLanguage":"sl-SI","@id":"https:\/\/www.distribucionarc.com\/lt\/producto\/dosificadora-selladora-automatica-de-granos-2\/#primaryimage","url":"https:\/\/distribucionarc.com\/wp-content\/uploads\/2020\/07\/Dosificadora-selladora-autom\u00e1tica-de-granos-200-0.jpg","contentUrl":"https:\/\/distribucionarc.com\/wp-content\/uploads\/2020\/07\/Dosificadora-selladora-autom\u00e1tica-de-granos-200-0.jpg","width":1600,"height":1600,"caption":"Dosificadora selladora autom\u00e1tica de granos 200"},{"@type":"BreadcrumbList","@id":"https:\/\/www.distribucionarc.com\/lt\/producto\/dosificadora-selladora-automatica-de-granos-2\/#breadcrumb","itemListElement":[{"@type":"ListItem","position":1,"name":"Portada","item":"https:\/\/distribucionarc.com\/pl\/"},{"@type":"ListItem","position":2,"name":"Produkty","item":"https:\/\/distribucionarc.com\/pl\/shop\/"},{"@type":"ListItem","position":3,"name":"Dosificadora selladora autom\u00e1tica de granos 200g"}]},{"@type":"WebSite","@id":"https:\/\/distribucionarc.com\/de\/#website","url":"https:\/\/distribucionarc.com\/de\/","name":"ARC porazdelitev","description":"Podjetje je specializirano za proizvodnjo in distribucijo industrijskih strojev, strojev za zapiranje plo\u010devink, strojev za izdelavo tablet, strojev za rezanje mesa...","publisher":{"@id":"https:\/\/distribucionarc.com\/de\/#organization"},"potentialAction":[{"@type":"SearchAction","target":{"@type":"EntryPoint","urlTemplate":"https:\/\/distribucionarc.com\/de\/?s={search_term_string}"},"query-input":{"@type":"PropertyValueSpecification","valueRequired":true,"valueName":"search_term_string"}}],"inLanguage":"sl-SI"},{"@type":"Organization","@id":"https:\/\/distribucionarc.com\/de\/#organization","name":"Distribucija ARC","url":"https:\/\/distribucionarc.com\/de\/","logo":{"@type":"ImageObject","inLanguage":"sl-SI","@id":"https:\/\/distribucionarc.com\/de\/#\/schema\/logo\/image\/","url":"https:\/\/distribucionarc.com\/wp-content\/uploads\/2024\/10\/distribucion-ARC-COLOR-SIN-FONDO-e1732295305345.png","contentUrl":"https:\/\/distribucionarc.com\/wp-content\/uploads\/2024\/10\/distribucion-ARC-COLOR-SIN-FONDO-e1732295305345.png","width":1164,"height":558,"caption":"Distribuci\u00f3n ARC"},"image":{"@id":"https:\/\/distribucionarc.com\/de\/#\/schema\/logo\/image\/"},"description":"Podjetje, specializirano za proizvodnjo in distribucijo industrijskih strojev za \u017eivilski in farmacevtski sektor. Specializirani smo za: Stroji za rezanje mesa Proizvodnja tablet Industrijski transportni sistemi Stekleni\u010darske linije Dozirni stroji In \u0161e veliko ve\u010d... Ponujamo inovativne in prilagojene re\u0161itve za optimizacijo proizvodnih procesov va\u0161ega podjetja.","email":"Admistracion@distribucionarc.com","telephone":"+34 643496664","legalName":"ARC TECH SOLUTIONS","foundingDate":"2024-04-09","vatID":"B55480172","numberOfEmployees":{"@type":"QuantitativeValue","minValue":"1","maxValue":"10"}}]}},"_links":{"self":[{"href":"https:\/\/distribucionarc.com\/sl\/wp-json\/wp\/v2\/product\/1815","targetHints":{"allow":["GET"]}}],"collection":[{"href":"https:\/\/distribucionarc.com\/sl\/wp-json\/wp\/v2\/product"}],"about":[{"href":"https:\/\/distribucionarc.com\/sl\/wp-json\/wp\/v2\/types\/product"}],"replies":[{"embeddable":true,"href":"https:\/\/distribucionarc.com\/sl\/wp-json\/wp\/v2\/comments?post=1815"}],"version-history":[{"count":0,"href":"https:\/\/distribucionarc.com\/sl\/wp-json\/wp\/v2\/product\/1815\/revisions"}],"wp:featuredmedia":[{"embeddable":true,"href":"https:\/\/distribucionarc.com\/sl\/wp-json\/wp\/v2\/media\/1822"}],"wp:attachment":[{"href":"https:\/\/distribucionarc.com\/sl\/wp-json\/wp\/v2\/media?parent=1815"}],"wp:term":[{"taxonomy":"product_brand","embeddable":true,"href":"https:\/\/distribucionarc.com\/sl\/wp-json\/wp\/v2\/product_brand?post=1815"},{"taxonomy":"product_cat","embeddable":true,"href":"https:\/\/distribucionarc.com\/sl\/wp-json\/wp\/v2\/product_cat?post=1815"},{"taxonomy":"product_tag","embeddable":true,"href":"https:\/\/distribucionarc.com\/sl\/wp-json\/wp\/v2\/product_tag?post=1815"}],"curies":[{"name":"delovni list","href":"https:\/\/api.w.org\/{rel}","templated":true}]}}