{"id":1829,"date":"2020-07-31T11:57:58","date_gmt":"2020-07-31T11:57:58","guid":{"rendered":"https:\/\/distribucionarc.com\/?post_type=product&#038;p=1829"},"modified":"2022-02-03T13:17:21","modified_gmt":"2022-02-03T13:17:21","slug":"polnilo-dozator-praskov-zrna-moke-2kg","status":"publish","type":"product","link":"https:\/\/distribucionarc.com\/sl\/producto\/llenadora-dosificadora-de-polvos-granos-harinas-2kg\/","title":{"rendered":"Dozirno polnilo za pra\u0161ke, \u017eitarice, moke 2Kg"},"content":{"rendered":"<h3>Dozirno polnilo za pra\u0161ke, zrna, moke<\/h3>\n<p>Ohi\u0161je in lijak za\u00a0<strong>polnilo<\/strong>\u00a0od<span style=\"color: #ff0000;\">\u00a0<\/span><strong><span style=\"color: #ff0000;\">TO<\/span><span style=\"color: #0000ff;\">R<\/span>c<\/strong>\u00a0Izdelane so iz nerjave\u010dega jekla, primernega za \u017eivila, in so odporne na dolgotrajno uporabo. Enostavno odpiranje in zapiranje zahvaljujo\u010d mo\u010dnim zaponkam. Prostornina zalogovnika: 25\u201350 kg.<\/p>\n<p>S prozornim okencem<strong> razpr\u0161ilnik <span style=\"color: #ff0000;\">TO<\/span><span style=\"color: #0000ff;\">R<\/span>CDLE2<\/strong>\u00a0viden, uporabnikom omogo\u010da opazovanje notranjega delovanja. Pri polnjenju lahko sodelujejo z no\u017enim stikalom za doziranje. 4 univerzalna kolesa so priro\u010dna za premikanje<\/p>\n<p>Visoko natan\u010den mikrora\u010dunalni\u0161ki nadzorni sistem naredi postopek tehtanja in polnjenja znanstven in zmanj\u0161a napake. Enostaven za uporabo. The\u00a0<strong>polnilni stroj<\/strong> Ima visoko zmogljiv vibrator, ki pospe\u0161i hitrost polnjenja in omogo\u010di nemoten pretok polnilnega materiala. Te\u017ea polnila: 10-2000g.<\/p>\n<p>Vhodna glasnost je nastavljiva s tehtnico in tudi izhodna glasnost. Opremljen z infrarde\u010do indukcijsko napravo za samodejno maskiranje.<\/p>\n<p>to<strong>\u00a0avtomatska tehtnica<\/strong>\u00a0Primeren je za fin prah, kemi\u010dni prah, jedilni prah, kavni prah in druge suhe in mobilne materiale.<\/p>\n<h6><strong>Garancija\u00a0<span style=\"color: #ff0000;\">TO<\/span><span style=\"color: #0000ff;\">R<\/span>C 2 LETI<\/strong><\/h6>\n<h6><span style=\"color: #008000;\">U\u010dinkovit avtomatski dozirnik, nizka poraba 250w<\/span><\/h6>\n<h6><strong>vklju\u010dena tehni\u010dna podpora<\/strong><\/h6>\n<p>&nbsp;<\/p>\n<p>&nbsp;<\/p>\n<table role=\"presentation\" width=\"100%\" cellspacing=\"0\" cellpadding=\"0\">\n<tbody>\n<tr>\n<td class=\"attrLabels\">Znamka:<\/td>\n<td width=\"50.0%\">ARC<\/td>\n<\/tr>\n<tr>\n<td class=\"attrLabels\">Dr\u017eava distribucije:<\/td>\n<td width=\"50.0%\">\u0160panija, Nem\u010dija, ZDA<\/td>\n<td class=\"attrLabels\">Te\u017ea:<\/td>\n<td width=\"50.0%\">50 kg<\/td>\n<\/tr>\n<tr>\n<td class=\"attrLabels\">Znamka:<\/td>\n<td width=\"50.0%\">ARC<\/td>\n<td class=\"attrLabels\">Vi\u0161ina:<\/td>\n<td width=\"50.0%\">130 cm<\/td>\n<\/tr>\n<tr>\n<td class=\"attrLabels\">barva:<\/td>\n<td width=\"50.0%\">Srebrna<\/td>\n<td class=\"attrLabels\">dolgo:<\/td>\n<td width=\"50.0%\">36 cm<\/td>\n<\/tr>\n<tr>\n<td class=\"attrLabels\">Vrsta izdelka:<\/td>\n<td width=\"50.0%\">Avtomatski dozirnik za polnjenje<\/td>\n<td class=\"attrLabels\">\u0160iroko:<\/td>\n<td width=\"50.0%\">57 cm<\/td>\n<\/tr>\n<tr>\n<td class=\"attrLabels\">\u0160tevilka proizvajalca:<\/td>\n<td width=\"50.0%\">ARCDLE2<\/td>\n<td class=\"attrLabels\">mo\u010d:<\/td>\n<td width=\"50.0%\">250 W<\/td>\n<\/tr>\n<tr>\n<td class=\"attrLabels\">Material:<\/td>\n<td width=\"50.0%\">nerjavno jeklo, mikrora\u010dunalniki, avtomatski nadzor<\/td>\n<td class=\"attrLabels\">vhodna napetost<\/td>\n<td width=\"50.0%\">220V \u2013 60Hz<\/td>\n<\/tr>\n<tr>\n<td class=\"attrLabels\">Garancija:<\/td>\n<td width=\"50.0%\">\u00a0 2 leti<\/td>\n<td class=\"attrLabels\">Hitrost pakiranja:<\/td>\n<td width=\"50.0%\">6 \u2013 12 vre\u010dk na minuto<\/td>\n<\/tr>\n<tr>\n<td class=\"attrLabels\">Orodja za namestitev:<\/td>\n<td width=\"50.0%\">ja<\/td>\n<td class=\"attrLabels\">Kapaciteta pakiranja:<\/td>\n<td width=\"50.0%\">\u00a010-2000 gramov<\/td>\n<\/tr>\n<\/tbody>\n<\/table>","protected":false},"excerpt":{"rendered":"<h2>Dozirno polnilo za pra\u0161ke, zrna, moke<\/h2>\n<p><span style=\"color: #ff0000;\"><strong>TO<\/strong><\/span><span style=\"color: #0000ff;\"><strong>R<\/strong><\/span><strong>c<\/strong>\u00a0ponuja razli\u010dne vrste re\u0161itev za industrije, ki delajo s pra\u0161ki, zrni in moko. S tem\u00a0<strong>razpr\u0161ilnik<\/strong> od <strong>2 kg<\/strong>, bo va\u0161a proizvodnja takoj\u0161nja.<\/p>\n<p>to\u00a0<strong>stroj za polnjenje prahu<\/strong>\u00a0Slu\u017ei kot dober pomo\u010dnik pri varovanju vseh vrst delcev, prahu in komponent. to\u00a0<strong>polnilo<\/strong>\u00a0od<strong>\u00a0<span style=\"color: #ff0000;\">TO<\/span><span style=\"color: #0000ff;\">R<\/span>c<\/strong>\u00a0Filter delcev ima samodejni mikrora\u010dunalni\u0161ki nadzorni sistem, ki v celoti zagotavlja visoko hitrost in natan\u010dnost procesa polnjenja. Je \u010dudovita naprava, ki lahko zadovolji razli\u010dne potrebe. Popoln za industrijsko uporabo.<\/p>\n<h6><strong>Garancija\u00a0<span style=\"color: #ff0000;\">TO<\/span><span style=\"color: #0000ff;\">R<\/span>C 2 LETI<\/strong><\/h6>\n<h6><span style=\"color: #008000;\">U\u010dinkovit avtomatski dozirnik, nizka poraba 250w<\/span><\/h6>\n<h6><strong>vklju\u010dena tehni\u010dna podpora<\/strong><\/h6>","protected":false},"featured_media":1836,"comment_status":"open","ping_status":"closed","template":"","meta":{"wds_primary_product_brand":0,"wds_primary_product_cat":0},"product_brand":[],"product_cat":[22,21],"product_tag":[],"class_list":{"0":"post-1829","1":"product","2":"type-product","3":"status-publish","4":"has-post-thumbnail","6":"product_cat-llenadora-de-bolsas-granos-y-polvo","7":"product_cat-maquinas-llenadoras","8":"product_shipping_class-hosteleria","10":"first","11":"outofstock","12":"sale","13":"taxable","14":"shipping-taxable","15":"purchasable","16":"product-type-simple"},"yoast_head":"<!-- This site is optimized with the Yoast SEO Premium plugin v24.9 (Yoast SEO v26.1) - https:\/\/yoast.com\/wordpress\/plugins\/seo\/ -->\n<title>Llenadora dosificadora de polvos, granos, harinas 2Kg - distribuci\u00f3n ARC<\/title>\n<meta name=\"robots\" content=\"index, follow, max-snippet:-1, max-image-preview:large, max-video-preview:-1\" \/>\n<link rel=\"canonical\" href=\"https:\/\/distribucionarc.com\/sl\/izdelek\/polnilo-dozator-praskov-zrna-moke-2kg\/\" \/>\n<meta property=\"og:locale\" content=\"sl_SI\" \/>\n<meta property=\"og:type\" content=\"article\" \/>\n<meta property=\"og:title\" content=\"Llenadora dosificadora de polvos, granos, harinas 2Kg\" \/>\n<meta property=\"og:description\" content=\"Llenadora dosificadora de polvos, granos, harinas ARC\u00a0ofrece varios tipos de soluciones para las industrias que trabajan con polvos, granos y harinas. Con esta\u00a0dosificadora de 2\u00a0Kg, su producci\u00f3n ser\u00e1 instant\u00e1nea.  Esta\u00a0m\u00e1quina de llenado de polvo\u00a0sirve como un buen asistente en el asegurador de todo tipo de part\u00edculas, polvo y componentes. Esta\u00a0llenadora\u00a0de\u00a0ARC\u00a0de part\u00edculas dispone de un sistema autom\u00e1tico de control con microordenador, garantizando plenamente la alta velocidad y precisi\u00f3n del proceso de llenado. Es un dispositivo maravilloso que puede satisfacer diferentes necesidades. Perfecto para uso industrial. Garant\u00eda\u00a0ARC 2 A\u00d1OS Dosificadora autom\u00e1tica eficiente, bajo consumo 250w soporte t\u00e9cnico incluido\" \/>\n<meta property=\"og:url\" content=\"https:\/\/distribucionarc.com\/sl\/izdelek\/polnilo-dozator-praskov-zrna-moke-2kg\/\" \/>\n<meta property=\"og:site_name\" content=\"distribuci\u00f3n ARC\" \/>\n<meta property=\"article:modified_time\" content=\"2022-02-03T13:17:21+00:00\" \/>\n<meta property=\"og:image\" content=\"https:\/\/distribucionarc.com\/wp-content\/uploads\/2020\/07\/Llenadora-dosificadora-de-polvos-granos-harinas-2Kg-0.jpg\" \/>\n\t<meta property=\"og:image:width\" content=\"1600\" \/>\n\t<meta property=\"og:image:height\" content=\"1600\" \/>\n\t<meta property=\"og:image:type\" content=\"image\/jpeg\" \/>\n<meta name=\"twitter:card\" content=\"summary_large_image\" \/>\n<meta name=\"twitter:label1\" content=\"Est. reading time\" \/>\n\t<meta name=\"twitter:data1\" content=\"1 minuta\" \/>\n<script type=\"application\/ld+json\" class=\"yoast-schema-graph\">{\"@context\":\"https:\/\/schema.org\",\"@graph\":[{\"@type\":\"WebPage\",\"@id\":\"https:\/\/distribucionarc.com\/fr\/producto\/llenadora-dosificadora-de-polvos-granos-harinas-2kg\/\",\"url\":\"https:\/\/distribucionarc.com\/fr\/producto\/llenadora-dosificadora-de-polvos-granos-harinas-2kg\/\",\"name\":\"Llenadora dosificadora de polvos, granos, harinas 2Kg - distribuci\u00f3n ARC\",\"isPartOf\":{\"@id\":\"https:\/\/distribucionarc.com\/de\/#website\"},\"primaryImageOfPage\":{\"@id\":\"https:\/\/distribucionarc.com\/fr\/producto\/llenadora-dosificadora-de-polvos-granos-harinas-2kg\/#primaryimage\"},\"image\":{\"@id\":\"https:\/\/distribucionarc.com\/fr\/producto\/llenadora-dosificadora-de-polvos-granos-harinas-2kg\/#primaryimage\"},\"thumbnailUrl\":\"https:\/\/distribucionarc.com\/wp-content\/uploads\/2020\/07\/Llenadora-dosificadora-de-polvos-granos-harinas-2Kg-0.jpg\",\"datePublished\":\"2020-07-31T11:57:58+00:00\",\"dateModified\":\"2022-02-03T13:17:21+00:00\",\"breadcrumb\":{\"@id\":\"https:\/\/distribucionarc.com\/fr\/producto\/llenadora-dosificadora-de-polvos-granos-harinas-2kg\/#breadcrumb\"},\"inLanguage\":\"sl-SI\",\"potentialAction\":[{\"@type\":\"ReadAction\",\"target\":[\"https:\/\/distribucionarc.com\/fr\/producto\/llenadora-dosificadora-de-polvos-granos-harinas-2kg\/\"]}]},{\"@type\":\"ImageObject\",\"inLanguage\":\"sl-SI\",\"@id\":\"https:\/\/distribucionarc.com\/fr\/producto\/llenadora-dosificadora-de-polvos-granos-harinas-2kg\/#primaryimage\",\"url\":\"https:\/\/distribucionarc.com\/wp-content\/uploads\/2020\/07\/Llenadora-dosificadora-de-polvos-granos-harinas-2Kg-0.jpg\",\"contentUrl\":\"https:\/\/distribucionarc.com\/wp-content\/uploads\/2020\/07\/Llenadora-dosificadora-de-polvos-granos-harinas-2Kg-0.jpg\",\"width\":1600,\"height\":1600,\"caption\":\"Llenadora dosificadora de polvos granos harinas 2Kg\"},{\"@type\":\"BreadcrumbList\",\"@id\":\"https:\/\/distribucionarc.com\/fr\/producto\/llenadora-dosificadora-de-polvos-granos-harinas-2kg\/#breadcrumb\",\"itemListElement\":[{\"@type\":\"ListItem\",\"position\":1,\"name\":\"Portada\",\"item\":\"https:\/\/distribucionarc.com\/pl\/\"},{\"@type\":\"ListItem\",\"position\":2,\"name\":\"Produkty\",\"item\":\"https:\/\/distribucionarc.com\/pl\/shop\/\"},{\"@type\":\"ListItem\",\"position\":3,\"name\":\"Llenadora dosificadora de polvos, granos, harinas 2Kg\"}]},{\"@type\":\"WebSite\",\"@id\":\"https:\/\/distribucionarc.com\/de\/#website\",\"url\":\"https:\/\/distribucionarc.com\/de\/\",\"name\":\"distribuci\u00f3n ARC\",\"description\":\"Empresa especializada en la fabricaci\u00f3n y distribuci\u00f3n de maquinaria industrial, selladoras de latas, Maquinas de hacer pastillas, Maquinas de cortar carne...\",\"publisher\":{\"@id\":\"https:\/\/distribucionarc.com\/de\/#organization\"},\"potentialAction\":[{\"@type\":\"SearchAction\",\"target\":{\"@type\":\"EntryPoint\",\"urlTemplate\":\"https:\/\/distribucionarc.com\/de\/?s={search_term_string}\"},\"query-input\":{\"@type\":\"PropertyValueSpecification\",\"valueRequired\":true,\"valueName\":\"search_term_string\"}}],\"inLanguage\":\"sl-SI\"},{\"@type\":\"Organization\",\"@id\":\"https:\/\/distribucionarc.com\/de\/#organization\",\"name\":\"Distribuci\u00f3n ARC\",\"url\":\"https:\/\/distribucionarc.com\/de\/\",\"logo\":{\"@type\":\"ImageObject\",\"inLanguage\":\"sl-SI\",\"@id\":\"https:\/\/distribucionarc.com\/de\/#\/schema\/logo\/image\/\",\"url\":\"https:\/\/distribucionarc.com\/wp-content\/uploads\/2024\/10\/distribucion-ARC-COLOR-SIN-FONDO-e1732295305345.png\",\"contentUrl\":\"https:\/\/distribucionarc.com\/wp-content\/uploads\/2024\/10\/distribucion-ARC-COLOR-SIN-FONDO-e1732295305345.png\",\"width\":1164,\"height\":558,\"caption\":\"Distribuci\u00f3n ARC\"},\"image\":{\"@id\":\"https:\/\/distribucionarc.com\/de\/#\/schema\/logo\/image\/\"},\"description\":\"Empresa especializada en la fabricaci\u00f3n y distribuci\u00f3n de maquinaria industrial para los sectores alimentario y farmac\u00e9utico. Nos especializamos en: M\u00e1quinas de cortar carne Fabricaci\u00f3n de comprimidos Sistemas de transporte industrial L\u00edneas de embotellado Dosificadores Y mucho m\u00e1s... Ofrecemos soluciones innovadoras y personalizadas para optimizar los procesos productivos de tu empresa.\",\"email\":\"Admistracion@distribucionarc.com\",\"telephone\":\"+34 643496664\",\"legalName\":\"ARC TECH SOLUTIONS\",\"foundingDate\":\"2024-04-09\",\"vatID\":\"B55480172\",\"numberOfEmployees\":{\"@type\":\"QuantitativeValue\",\"minValue\":\"1\",\"maxValue\":\"10\"}}]}<\/script>\n<!-- \/ Yoast SEO Premium plugin. -->","yoast_head_json":{"title":"Dozirno polnilo za pra\u0161ke, zrna, moke 2Kg - ARC distribucija","robots":{"index":"index","follow":"follow","max-snippet":"max-snippet:-1","max-image-preview":"max-image-preview:large","max-video-preview":"max-video-preview:-1"},"canonical":"https:\/\/distribucionarc.com\/sl\/izdelek\/polnilo-dozator-praskov-zrna-moke-2kg\/","og_locale":"sl_SI","og_type":"article","og_title":"Llenadora dosificadora de polvos, granos, harinas 2Kg","og_description":"Llenadora dosificadora de polvos, granos, harinas ARC\u00a0ofrece varios tipos de soluciones para las industrias que trabajan con polvos, granos y harinas. Con esta\u00a0dosificadora de 2\u00a0Kg, su producci\u00f3n ser\u00e1 instant\u00e1nea.  Esta\u00a0m\u00e1quina de llenado de polvo\u00a0sirve como un buen asistente en el asegurador de todo tipo de part\u00edculas, polvo y componentes. Esta\u00a0llenadora\u00a0de\u00a0ARC\u00a0de part\u00edculas dispone de un sistema autom\u00e1tico de control con microordenador, garantizando plenamente la alta velocidad y precisi\u00f3n del proceso de llenado. Es un dispositivo maravilloso que puede satisfacer diferentes necesidades. Perfecto para uso industrial. Garant\u00eda\u00a0ARC 2 A\u00d1OS Dosificadora autom\u00e1tica eficiente, bajo consumo 250w soporte t\u00e9cnico incluido","og_url":"https:\/\/distribucionarc.com\/sl\/izdelek\/polnilo-dozator-praskov-zrna-moke-2kg\/","og_site_name":"distribuci\u00f3n ARC","article_modified_time":"2022-02-03T13:17:21+00:00","og_image":[{"width":1600,"height":1600,"url":"https:\/\/distribucionarc.com\/wp-content\/uploads\/2020\/07\/Llenadora-dosificadora-de-polvos-granos-harinas-2Kg-0.jpg","type":"image\/jpeg"}],"twitter_card":"summary_large_image","twitter_misc":{"Est. reading time":"1 minuta"},"schema":{"@context":"https:\/\/schema.org","@graph":[{"@type":"WebPage","@id":"https:\/\/distribucionarc.com\/fr\/producto\/llenadora-dosificadora-de-polvos-granos-harinas-2kg\/","url":"https:\/\/distribucionarc.com\/fr\/producto\/llenadora-dosificadora-de-polvos-granos-harinas-2kg\/","name":"Dozirno polnilo za pra\u0161ke, zrna, moke 2Kg - ARC distribucija","isPartOf":{"@id":"https:\/\/distribucionarc.com\/de\/#website"},"primaryImageOfPage":{"@id":"https:\/\/distribucionarc.com\/fr\/producto\/llenadora-dosificadora-de-polvos-granos-harinas-2kg\/#primaryimage"},"image":{"@id":"https:\/\/distribucionarc.com\/fr\/producto\/llenadora-dosificadora-de-polvos-granos-harinas-2kg\/#primaryimage"},"thumbnailUrl":"https:\/\/distribucionarc.com\/wp-content\/uploads\/2020\/07\/Llenadora-dosificadora-de-polvos-granos-harinas-2Kg-0.jpg","datePublished":"2020-07-31T11:57:58+00:00","dateModified":"2022-02-03T13:17:21+00:00","breadcrumb":{"@id":"https:\/\/distribucionarc.com\/fr\/producto\/llenadora-dosificadora-de-polvos-granos-harinas-2kg\/#breadcrumb"},"inLanguage":"sl-SI","potentialAction":[{"@type":"ReadAction","target":["https:\/\/distribucionarc.com\/fr\/producto\/llenadora-dosificadora-de-polvos-granos-harinas-2kg\/"]}]},{"@type":"ImageObject","inLanguage":"sl-SI","@id":"https:\/\/distribucionarc.com\/fr\/producto\/llenadora-dosificadora-de-polvos-granos-harinas-2kg\/#primaryimage","url":"https:\/\/distribucionarc.com\/wp-content\/uploads\/2020\/07\/Llenadora-dosificadora-de-polvos-granos-harinas-2Kg-0.jpg","contentUrl":"https:\/\/distribucionarc.com\/wp-content\/uploads\/2020\/07\/Llenadora-dosificadora-de-polvos-granos-harinas-2Kg-0.jpg","width":1600,"height":1600,"caption":"Llenadora dosificadora de polvos granos harinas 2Kg"},{"@type":"BreadcrumbList","@id":"https:\/\/distribucionarc.com\/fr\/producto\/llenadora-dosificadora-de-polvos-granos-harinas-2kg\/#breadcrumb","itemListElement":[{"@type":"ListItem","position":1,"name":"Portada","item":"https:\/\/distribucionarc.com\/pl\/"},{"@type":"ListItem","position":2,"name":"Produkty","item":"https:\/\/distribucionarc.com\/pl\/shop\/"},{"@type":"ListItem","position":3,"name":"Llenadora dosificadora de polvos, granos, harinas 2Kg"}]},{"@type":"WebSite","@id":"https:\/\/distribucionarc.com\/de\/#website","url":"https:\/\/distribucionarc.com\/de\/","name":"ARC porazdelitev","description":"Podjetje je specializirano za proizvodnjo in distribucijo industrijskih strojev, strojev za zapiranje plo\u010devink, strojev za izdelavo tablet, strojev za rezanje mesa...","publisher":{"@id":"https:\/\/distribucionarc.com\/de\/#organization"},"potentialAction":[{"@type":"SearchAction","target":{"@type":"EntryPoint","urlTemplate":"https:\/\/distribucionarc.com\/de\/?s={search_term_string}"},"query-input":{"@type":"PropertyValueSpecification","valueRequired":true,"valueName":"search_term_string"}}],"inLanguage":"sl-SI"},{"@type":"Organization","@id":"https:\/\/distribucionarc.com\/de\/#organization","name":"Distribucija ARC","url":"https:\/\/distribucionarc.com\/de\/","logo":{"@type":"ImageObject","inLanguage":"sl-SI","@id":"https:\/\/distribucionarc.com\/de\/#\/schema\/logo\/image\/","url":"https:\/\/distribucionarc.com\/wp-content\/uploads\/2024\/10\/distribucion-ARC-COLOR-SIN-FONDO-e1732295305345.png","contentUrl":"https:\/\/distribucionarc.com\/wp-content\/uploads\/2024\/10\/distribucion-ARC-COLOR-SIN-FONDO-e1732295305345.png","width":1164,"height":558,"caption":"Distribuci\u00f3n ARC"},"image":{"@id":"https:\/\/distribucionarc.com\/de\/#\/schema\/logo\/image\/"},"description":"Podjetje, specializirano za proizvodnjo in distribucijo industrijskih strojev za \u017eivilski in farmacevtski sektor. Specializirani smo za: Stroji za rezanje mesa Proizvodnja tablet Industrijski transportni sistemi Stekleni\u010darske linije Dozirni stroji In \u0161e veliko ve\u010d... Ponujamo inovativne in prilagojene re\u0161itve za optimizacijo proizvodnih procesov va\u0161ega podjetja.","email":"Admistracion@distribucionarc.com","telephone":"+34 643496664","legalName":"ARC TECH SOLUTIONS","foundingDate":"2024-04-09","vatID":"B55480172","numberOfEmployees":{"@type":"QuantitativeValue","minValue":"1","maxValue":"10"}}]}},"_links":{"self":[{"href":"https:\/\/distribucionarc.com\/sl\/wp-json\/wp\/v2\/product\/1829","targetHints":{"allow":["GET"]}}],"collection":[{"href":"https:\/\/distribucionarc.com\/sl\/wp-json\/wp\/v2\/product"}],"about":[{"href":"https:\/\/distribucionarc.com\/sl\/wp-json\/wp\/v2\/types\/product"}],"replies":[{"embeddable":true,"href":"https:\/\/distribucionarc.com\/sl\/wp-json\/wp\/v2\/comments?post=1829"}],"version-history":[{"count":0,"href":"https:\/\/distribucionarc.com\/sl\/wp-json\/wp\/v2\/product\/1829\/revisions"}],"wp:featuredmedia":[{"embeddable":true,"href":"https:\/\/distribucionarc.com\/sl\/wp-json\/wp\/v2\/media\/1836"}],"wp:attachment":[{"href":"https:\/\/distribucionarc.com\/sl\/wp-json\/wp\/v2\/media?parent=1829"}],"wp:term":[{"taxonomy":"product_brand","embeddable":true,"href":"https:\/\/distribucionarc.com\/sl\/wp-json\/wp\/v2\/product_brand?post=1829"},{"taxonomy":"product_cat","embeddable":true,"href":"https:\/\/distribucionarc.com\/sl\/wp-json\/wp\/v2\/product_cat?post=1829"},{"taxonomy":"product_tag","embeddable":true,"href":"https:\/\/distribucionarc.com\/sl\/wp-json\/wp\/v2\/product_tag?post=1829"}],"curies":[{"name":"delovni list","href":"https:\/\/api.w.org\/{rel}","templated":true}]}}