{"id":1866,"date":"2020-07-31T18:53:32","date_gmt":"2020-07-31T18:53:32","guid":{"rendered":"https:\/\/distribucionarc.com\/?post_type=product&#038;p=1866"},"modified":"2022-11-30T15:45:49","modified_gmt":"2022-11-30T15:45:49","slug":"1866","status":"publish","type":"product","link":"https:\/\/distribucionarc.com\/sl\/producto\/1866\/","title":{"rendered":"Profesionalni peka\u010d za vaflje"},"content":{"rendered":"<h3>Profesionalni peka\u010d za vaflje<\/h3>\n<p>The\u00a0<strong>Profesionalni peka\u010d za vaflje <\/strong>\u00a0od\u00a0<strong><span style=\"color: #ff0000;\">TO<span style=\"color: #0000ff;\">R<\/span><\/span>c<\/strong>, ima zasnovo z dvojno glavo, zaradi \u010desar je postopek kuhanja\u00a0<strong>vaflji<\/strong> biti u\u010dinkovitej\u0161i in donosnej\u0161i. Zadostna mo\u010d 950 W na vsak kalup zagotavlja 360-stopinjsko neprekinjeno segrevanje in bolj\u0161o izku\u0161njo peke. Prav tako \u0161e vedno prispevajo <span style=\"color: #008000;\">r<strong>u\u010dinkovito energetsko u\u010dinkovitost<\/strong><\/span>.<\/p>\n<p>Vsaka glava se krmili neodvisno z gladkimi gumbi. Temperatura se giblje med 50 in 300\u00baC z LED lu\u010dko, ki prikazuje stanje delovanja. The <strong>Profesionalni peka\u010d za vaflje <span style=\"color: #ff0000;\">TO<\/span><span style=\"color: #0000ff;\">R<\/span>CMGE02<\/strong>\u00a0Ima natan\u010den \u010dasovnik za najve\u010d 5 minut, z jasnim in melodi\u010dnim alarmom, ko so vaflji pripravljeni.<\/p>\n<p>Vsak vodja\u00a0 <strong>Stroj za vaflje<\/strong> Uporablja dva kalupa (zgornji in spodnji). Skupaj tvorijo slastne vaflje. Oba kalupa vam zagotavljata enakomerno segrevanje. Kuhalna povr\u0161ina s teflonsko prevleko je proti prijemanju in omogo\u010da enostavno \u010di\u0161\u010denje aparata. <strong>vaflji<\/strong>. Set debelih ro\u010dajev iz nerjave\u010dega jekla za enostaven oprijem in enostavno uporabo. Uporaba materiala, ki dobro odvaja toploto, zagotavlja, da njegova temperatura ni previsoka. \u0160\u010diti uporabnika pred opeklinami.<\/p>\n<p>z\u00a0<strong>Profesionalni peka\u010d za vaflje<\/strong>\u00a0od\u00a0<strong><span style=\"color: #ff0000;\">TO<\/span><span style=\"color: #0000ff;\">R<\/span>c<\/strong>\u00a0nekaj jih bo\u0161 dobil\u00a0<strong>Vaflji<\/strong>\u00a0okrogel, z mehko notranjostjo in hrustljavo zunanjostjo z neskon\u010dnim priokusom. \u010cokolado, sladkarije in druge okraske lahko poljubno dodate, da dodate okus.<\/p>\n<h6><strong>Garancija\u00a0<span style=\"color: #ff0000;\">TO<\/span><span style=\"color: #0000ff;\">R<\/span>C 2 LETI<\/strong><\/h6>\n<h6><span style=\"color: #008000;\">Profesionalni peka\u010d vafljev, nizka poraba 950w<\/span><\/h6>\n<h6><strong>vklju\u010dena tehni\u010dna podpora.<\/strong><\/h6>\n<p>&nbsp;<\/p>\n<table role=\"presentation\" width=\"100%\" cellspacing=\"0\" cellpadding=\"0\">\n<tbody>\n<tr>\n<td class=\"attrLabels\">Temperatura:<\/td>\n<td width=\"50.0%\">50-300\u00baC<\/td>\n<\/tr>\n<tr>\n<td class=\"attrLabels\">Dr\u017eava distribucije:<\/td>\n<td width=\"50.0%\">\u0160panija, Nem\u010dija, ZDA<\/td>\n<td class=\"attrLabels\">Te\u017ea:<\/td>\n<td width=\"50.0%\">5,5 kg<\/td>\n<\/tr>\n<tr>\n<td class=\"attrLabels\">Znamka:<\/td>\n<td width=\"50.0%\">ARC<\/td>\n<td class=\"attrLabels\">Vi\u0161ina:<\/td>\n<td width=\"50.0%\">27 cm<\/td>\n<\/tr>\n<tr>\n<td class=\"attrLabels\">barva:<\/td>\n<td width=\"50.0%\">Srebrna<\/td>\n<td class=\"attrLabels\">dolgo:<\/td>\n<td width=\"50.0%\">25 cm<\/td>\n<\/tr>\n<tr>\n<td class=\"attrLabels\">Vrsta izdelka:<\/td>\n<td width=\"50.0%\">Dvojni profesionalni peka\u010d za vaflje<\/td>\n<td class=\"attrLabels\">\u0160iroko:<\/td>\n<td width=\"50.0%\">36 cm<\/td>\n<\/tr>\n<tr>\n<td class=\"attrLabels\">\u0160tevilka proizvajalca:<\/td>\n<td width=\"50.0%\">ARCMGE01<\/td>\n<td class=\"attrLabels\">mo\u010d:<\/td>\n<td width=\"50.0%\">950 W<\/td>\n<\/tr>\n<tr>\n<td class=\"attrLabels\">Material:<\/td>\n<td width=\"50.0%\">nerjave\u010de jeklo, teflonska plo\u0161\u010da, nadzor temperature<\/td>\n<td class=\"attrLabels\">vhodna napetost<\/td>\n<td width=\"50.0%\">220V \u2013 60Hz<\/td>\n<\/tr>\n<tr>\n<td class=\"attrLabels\">Velikost vaflja:<\/td>\n<td width=\"50.0%\">\u00a018,5 cm premera<\/td>\n<td class=\"attrLabels\">Garancija:<\/td>\n<td width=\"50.0%\">2 LETI<\/td>\n<\/tr>\n<tr>\n<td class=\"attrLabels\">Orodja za namestitev:<\/td>\n<td width=\"50.0%\">ja<\/td>\n<td class=\"attrLabels\">produkcija:<\/td>\n<td width=\"50.0%\">1 kos<\/td>\n<\/tr>\n<\/tbody>\n<\/table>\n<p>&nbsp;<\/p>","protected":false},"excerpt":{"rendered":"<h2>Tradicionalni profesionalni peka\u010d vafljev<\/h2>\n<p>Na\u0161\u00a0<strong>Tradicionalni peka\u010d za vaflje<\/strong>\u00a0od\u00a0<strong>\u00a0<span style=\"color: #ff0000;\">TO<\/span><span style=\"color: #0000ff;\">R<\/span>c<\/strong>\u00a0je najbolj\u0161a mo\u017enost\u00a0<strong>vaflji<\/strong>,\u00a0<strong>vaflji, napolitanke<\/strong>, sladoledne lu\u010dke ali pi\u0161kote, ker je ve\u010dnamensko. Idealen je za profesionalce in mala podjetja.<\/p>\n<p>The <strong>Elektri\u010dni peka\u010d za vaflje<\/strong>\u00a0od\u00a0<strong><span style=\"color: #ff0000;\">TO<\/span><span style=\"color: #0000ff;\">R<\/span>c<\/strong>\u00a0Izdelana je iz nerjave\u010dega jekla, ki je odporno na praske in trpe\u017eno. Plo\u0161\u010da iz litega \u017eeleza vam zagotavlja posebno tehnologijo proti prijemanju.\u00a0<strong>Stroj za vaflje\u00a0<span style=\"color: #ff0000;\">TO<\/span><span style=\"color: #0000ff;\">R<\/span>CMGE01<\/strong> je enostaven za uporabo. The <strong>stroj za izdelavo pala\u010dink<\/strong> Hitro se segreje zahvaljujo\u010d mo\u010di 950 vatov, kar ga dodatno pove\u010da <span style=\"color: #008000;\"><strong>u\u010dinkovit pri porabi elektri\u010dne energije<\/strong><\/span>. Pod plo\u0161\u010do ima pladenj za kapljanje za enostavno \u010di\u0161\u010denje.<\/p>\n<h6><strong>Garancija\u00a0<span style=\"color: #ff0000;\">TO<\/span><span style=\"color: #0000ff;\">R<\/span>C 2 LETI<\/strong><\/h6>\n<h6><span style=\"color: #008000;\">Profesionalni peka\u010d vafljev, nizka poraba 950w<\/span><\/h6>\n<h6><strong>vklju\u010dena tehni\u010dna podpora.<\/strong><\/h6>","protected":false},"featured_media":1868,"comment_status":"open","ping_status":"closed","template":"","meta":{"wds_primary_product_brand":0,"wds_primary_product_cat":0},"product_brand":[],"product_cat":[51],"product_tag":[],"class_list":{"0":"post-1866","1":"product","2":"type-product","3":"status-publish","4":"has-post-thumbnail","6":"product_cat-gofreras-profesionales","7":"product_shipping_class-hosteleria","9":"first","10":"instock","11":"taxable","12":"shipping-taxable","13":"purchasable","14":"product-type-simple"},"yoast_head":"<!-- This site is optimized with the Yoast SEO Premium plugin v24.9 (Yoast SEO v26.1) - https:\/\/yoast.com\/wordpress\/plugins\/seo\/ -->\n<title>Gofrera profesional - distribuci\u00f3n ARC<\/title>\n<meta name=\"robots\" content=\"index, follow, max-snippet:-1, max-image-preview:large, max-video-preview:-1\" \/>\n<link rel=\"canonical\" href=\"https:\/\/www.distribucionarc.com\/pt\/producto\/1866\/\" \/>\n<meta property=\"og:locale\" content=\"sl_SI\" \/>\n<meta property=\"og:type\" content=\"article\" \/>\n<meta property=\"og:title\" content=\"Gofrera profesional\" \/>\n<meta property=\"og:description\" content=\"Gofrera profesional tradicional Nuestra\u00a0Gofrera tradicional\u00a0de\u00a0\u00a0ARC\u00a0es la mejor opci\u00f3n para hacer\u00a0gofres,\u00a0waffles, barquillos, conos o galletas de helado porque es multifuncional. Es ideal para profesionales y peque\u00f1os comercios .  La Maquina de waffles el\u00e9ctrica\u00a0de\u00a0ARC\u00a0est\u00e1 hecha de acero inoxidable, que es resistente a los ara\u00f1azos y duradero. La placa de hierro fundido le proporciona una tecnolog\u00eda especial antiadherente.\u00a0La m\u00e1quina de gofres\u00a0ARCMGE01 es f\u00e1cil de usar. La m\u00e1quina para hacer tortitas se calienta r\u00e1pidamente gracias a su potencia de 950 vatios que la vuelven a su vez m\u00e1s eficiente por su consumo el\u00e9ctrico. Tiene una bandeja de goteo debajo de la placa para facilitar la limpieza. Garant\u00eda\u00a0ARC 2 A\u00d1OS Gofrera profesional , bajo consumo 950w soporte t\u00e9cnico incluido.\" \/>\n<meta property=\"og:url\" content=\"https:\/\/www.distribucionarc.com\/pt\/producto\/1866\/\" \/>\n<meta property=\"og:site_name\" content=\"distribuci\u00f3n ARC\" \/>\n<meta property=\"article:modified_time\" content=\"2022-11-30T15:45:49+00:00\" \/>\n<meta property=\"og:image\" content=\"https:\/\/www.distribucionarc.com\/wp-content\/uploads\/2020\/07\/Gofrera-profesional-doble-0-1.jpg\" \/>\n\t<meta property=\"og:image:width\" content=\"1500\" \/>\n\t<meta property=\"og:image:height\" content=\"1500\" \/>\n\t<meta property=\"og:image:type\" content=\"image\/jpeg\" \/>\n<meta name=\"twitter:card\" content=\"summary_large_image\" \/>\n<meta name=\"twitter:label1\" content=\"Est. reading time\" \/>\n\t<meta name=\"twitter:data1\" content=\"2 minuti\" \/>\n<script type=\"application\/ld+json\" class=\"yoast-schema-graph\">{\"@context\":\"https:\/\/schema.org\",\"@graph\":[{\"@type\":\"WebPage\",\"@id\":\"https:\/\/www.distribucionarc.com\/pt\/producto\/1866\/\",\"url\":\"https:\/\/www.distribucionarc.com\/pt\/producto\/1866\/\",\"name\":\"Gofrera profesional - distribuci\u00f3n ARC\",\"isPartOf\":{\"@id\":\"https:\/\/www.distribucionarc.com\/tr\/#website\"},\"primaryImageOfPage\":{\"@id\":\"https:\/\/www.distribucionarc.com\/pt\/producto\/1866\/#primaryimage\"},\"image\":{\"@id\":\"https:\/\/www.distribucionarc.com\/pt\/producto\/1866\/#primaryimage\"},\"thumbnailUrl\":\"https:\/\/distribucionarc.com\/wp-content\/uploads\/2020\/07\/Gofrera-profesional-doble-0-1.jpg\",\"datePublished\":\"2020-07-31T18:53:32+00:00\",\"dateModified\":\"2022-11-30T15:45:49+00:00\",\"breadcrumb\":{\"@id\":\"https:\/\/www.distribucionarc.com\/pt\/producto\/1866\/#breadcrumb\"},\"inLanguage\":\"sl-SI\",\"potentialAction\":[{\"@type\":\"ReadAction\",\"target\":[\"https:\/\/www.distribucionarc.com\/pt\/producto\/1866\/\"]}]},{\"@type\":\"ImageObject\",\"inLanguage\":\"sl-SI\",\"@id\":\"https:\/\/www.distribucionarc.com\/pt\/producto\/1866\/#primaryimage\",\"url\":\"https:\/\/distribucionarc.com\/wp-content\/uploads\/2020\/07\/Gofrera-profesional-doble-0-1.jpg\",\"contentUrl\":\"https:\/\/distribucionarc.com\/wp-content\/uploads\/2020\/07\/Gofrera-profesional-doble-0-1.jpg\",\"width\":1500,\"height\":1500,\"caption\":\"Gofrera profesional doble\"},{\"@type\":\"BreadcrumbList\",\"@id\":\"https:\/\/www.distribucionarc.com\/pt\/producto\/1866\/#breadcrumb\",\"itemListElement\":[{\"@type\":\"ListItem\",\"position\":1,\"name\":\"Portada\",\"item\":\"https:\/\/www.distribucionarc.com\/tr\/\"},{\"@type\":\"ListItem\",\"position\":2,\"name\":\"Produktai\",\"item\":\"https:\/\/distribucionarc.com\/lt\/parduotuve\/\"},{\"@type\":\"ListItem\",\"position\":3,\"name\":\"Gofrera profesional\"}]},{\"@type\":\"WebSite\",\"@id\":\"https:\/\/www.distribucionarc.com\/tr\/#website\",\"url\":\"https:\/\/www.distribucionarc.com\/tr\/\",\"name\":\"distribuci\u00f3n ARC\",\"description\":\"Empresa especializada en la fabricaci\u00f3n y distribuci\u00f3n de maquinaria industrial, selladoras de latas, Maquinas de hacer pastillas, Maquinas de cortar carne...\",\"publisher\":{\"@id\":\"https:\/\/www.distribucionarc.com\/tr\/#organization\"},\"potentialAction\":[{\"@type\":\"SearchAction\",\"target\":{\"@type\":\"EntryPoint\",\"urlTemplate\":\"https:\/\/www.distribucionarc.com\/tr\/?s={search_term_string}\"},\"query-input\":{\"@type\":\"PropertyValueSpecification\",\"valueRequired\":true,\"valueName\":\"search_term_string\"}}],\"inLanguage\":\"sl-SI\"},{\"@type\":\"Organization\",\"@id\":\"https:\/\/www.distribucionarc.com\/tr\/#organization\",\"name\":\"Distribuci\u00f3n ARC\",\"url\":\"https:\/\/www.distribucionarc.com\/tr\/\",\"logo\":{\"@type\":\"ImageObject\",\"inLanguage\":\"sl-SI\",\"@id\":\"https:\/\/www.distribucionarc.com\/tr\/#\/schema\/logo\/image\/\",\"url\":\"https:\/\/distribucionarc.com\/wp-content\/uploads\/2024\/10\/distribucion-ARC-COLOR-SIN-FONDO-e1732295305345.png\",\"contentUrl\":\"https:\/\/distribucionarc.com\/wp-content\/uploads\/2024\/10\/distribucion-ARC-COLOR-SIN-FONDO-e1732295305345.png\",\"width\":1164,\"height\":558,\"caption\":\"Distribuci\u00f3n ARC\"},\"image\":{\"@id\":\"https:\/\/www.distribucionarc.com\/tr\/#\/schema\/logo\/image\/\"},\"description\":\"Empresa especializada en la fabricaci\u00f3n y distribuci\u00f3n de maquinaria industrial para los sectores alimentario y farmac\u00e9utico. Nos especializamos en: M\u00e1quinas de cortar carne Fabricaci\u00f3n de comprimidos Sistemas de transporte industrial L\u00edneas de embotellado Dosificadores Y mucho m\u00e1s... Ofrecemos soluciones innovadoras y personalizadas para optimizar los procesos productivos de tu empresa.\",\"email\":\"Admistracion@distribucionarc.com\",\"telephone\":\"+34 643496664\",\"legalName\":\"ARC TECH SOLUTIONS\",\"foundingDate\":\"2024-04-09\",\"vatID\":\"B55480172\",\"numberOfEmployees\":{\"@type\":\"QuantitativeValue\",\"minValue\":\"1\",\"maxValue\":\"10\"}}]}<\/script>\n<!-- \/ Yoast SEO Premium plugin. -->","yoast_head_json":{"title":"Profesionalni peka\u010d vafljev - distribucija ARC","robots":{"index":"index","follow":"follow","max-snippet":"max-snippet:-1","max-image-preview":"max-image-preview:large","max-video-preview":"max-video-preview:-1"},"canonical":"https:\/\/www.distribucionarc.com\/pt\/producto\/1866\/","og_locale":"sl_SI","og_type":"article","og_title":"Gofrera profesional","og_description":"Gofrera profesional tradicional Nuestra\u00a0Gofrera tradicional\u00a0de\u00a0\u00a0ARC\u00a0es la mejor opci\u00f3n para hacer\u00a0gofres,\u00a0waffles, barquillos, conos o galletas de helado porque es multifuncional. Es ideal para profesionales y peque\u00f1os comercios .  La Maquina de waffles el\u00e9ctrica\u00a0de\u00a0ARC\u00a0est\u00e1 hecha de acero inoxidable, que es resistente a los ara\u00f1azos y duradero. La placa de hierro fundido le proporciona una tecnolog\u00eda especial antiadherente.\u00a0La m\u00e1quina de gofres\u00a0ARCMGE01 es f\u00e1cil de usar. La m\u00e1quina para hacer tortitas se calienta r\u00e1pidamente gracias a su potencia de 950 vatios que la vuelven a su vez m\u00e1s eficiente por su consumo el\u00e9ctrico. Tiene una bandeja de goteo debajo de la placa para facilitar la limpieza. Garant\u00eda\u00a0ARC 2 A\u00d1OS Gofrera profesional , bajo consumo 950w soporte t\u00e9cnico incluido.","og_url":"https:\/\/www.distribucionarc.com\/pt\/producto\/1866\/","og_site_name":"distribuci\u00f3n ARC","article_modified_time":"2022-11-30T15:45:49+00:00","og_image":[{"width":1500,"height":1500,"url":"https:\/\/www.distribucionarc.com\/wp-content\/uploads\/2020\/07\/Gofrera-profesional-doble-0-1.jpg","type":"image\/jpeg"}],"twitter_card":"summary_large_image","twitter_misc":{"Est. reading time":"2 minuti"},"schema":{"@context":"https:\/\/schema.org","@graph":[{"@type":"WebPage","@id":"https:\/\/www.distribucionarc.com\/pt\/producto\/1866\/","url":"https:\/\/www.distribucionarc.com\/pt\/producto\/1866\/","name":"Profesionalni peka\u010d vafljev - distribucija ARC","isPartOf":{"@id":"https:\/\/www.distribucionarc.com\/tr\/#website"},"primaryImageOfPage":{"@id":"https:\/\/www.distribucionarc.com\/pt\/producto\/1866\/#primaryimage"},"image":{"@id":"https:\/\/www.distribucionarc.com\/pt\/producto\/1866\/#primaryimage"},"thumbnailUrl":"https:\/\/distribucionarc.com\/wp-content\/uploads\/2020\/07\/Gofrera-profesional-doble-0-1.jpg","datePublished":"2020-07-31T18:53:32+00:00","dateModified":"2022-11-30T15:45:49+00:00","breadcrumb":{"@id":"https:\/\/www.distribucionarc.com\/pt\/producto\/1866\/#breadcrumb"},"inLanguage":"sl-SI","potentialAction":[{"@type":"ReadAction","target":["https:\/\/www.distribucionarc.com\/pt\/producto\/1866\/"]}]},{"@type":"ImageObject","inLanguage":"sl-SI","@id":"https:\/\/www.distribucionarc.com\/pt\/producto\/1866\/#primaryimage","url":"https:\/\/distribucionarc.com\/wp-content\/uploads\/2020\/07\/Gofrera-profesional-doble-0-1.jpg","contentUrl":"https:\/\/distribucionarc.com\/wp-content\/uploads\/2020\/07\/Gofrera-profesional-doble-0-1.jpg","width":1500,"height":1500,"caption":"Gofrera profesional doble"},{"@type":"BreadcrumbList","@id":"https:\/\/www.distribucionarc.com\/pt\/producto\/1866\/#breadcrumb","itemListElement":[{"@type":"ListItem","position":1,"name":"Portada","item":"https:\/\/www.distribucionarc.com\/tr\/"},{"@type":"ListItem","position":2,"name":"Produktai","item":"https:\/\/distribucionarc.com\/lt\/parduotuve\/"},{"@type":"ListItem","position":3,"name":"Gofrera profesional"}]},{"@type":"WebSite","@id":"https:\/\/www.distribucionarc.com\/tr\/#website","url":"https:\/\/www.distribucionarc.com\/tr\/","name":"ARC porazdelitev","description":"Podjetje je specializirano za proizvodnjo in distribucijo industrijskih strojev, strojev za zapiranje plo\u010devink, strojev za izdelavo tablet, strojev za rezanje mesa...","publisher":{"@id":"https:\/\/www.distribucionarc.com\/tr\/#organization"},"potentialAction":[{"@type":"SearchAction","target":{"@type":"EntryPoint","urlTemplate":"https:\/\/www.distribucionarc.com\/tr\/?s={search_term_string}"},"query-input":{"@type":"PropertyValueSpecification","valueRequired":true,"valueName":"search_term_string"}}],"inLanguage":"sl-SI"},{"@type":"Organization","@id":"https:\/\/www.distribucionarc.com\/tr\/#organization","name":"Distribucija ARC","url":"https:\/\/www.distribucionarc.com\/tr\/","logo":{"@type":"ImageObject","inLanguage":"sl-SI","@id":"https:\/\/www.distribucionarc.com\/tr\/#\/schema\/logo\/image\/","url":"https:\/\/distribucionarc.com\/wp-content\/uploads\/2024\/10\/distribucion-ARC-COLOR-SIN-FONDO-e1732295305345.png","contentUrl":"https:\/\/distribucionarc.com\/wp-content\/uploads\/2024\/10\/distribucion-ARC-COLOR-SIN-FONDO-e1732295305345.png","width":1164,"height":558,"caption":"Distribuci\u00f3n ARC"},"image":{"@id":"https:\/\/www.distribucionarc.com\/tr\/#\/schema\/logo\/image\/"},"description":"Podjetje, specializirano za proizvodnjo in distribucijo industrijskih strojev za \u017eivilski in farmacevtski sektor. Specializirani smo za: Stroji za rezanje mesa Proizvodnja tablet Industrijski transportni sistemi Stekleni\u010darske linije Dozirni stroji In \u0161e veliko ve\u010d... Ponujamo inovativne in prilagojene re\u0161itve za optimizacijo proizvodnih procesov va\u0161ega podjetja.","email":"Admistracion@distribucionarc.com","telephone":"+34 643496664","legalName":"ARC TECH SOLUTIONS","foundingDate":"2024-04-09","vatID":"B55480172","numberOfEmployees":{"@type":"QuantitativeValue","minValue":"1","maxValue":"10"}}]}},"_links":{"self":[{"href":"https:\/\/distribucionarc.com\/sl\/wp-json\/wp\/v2\/product\/1866","targetHints":{"allow":["GET"]}}],"collection":[{"href":"https:\/\/distribucionarc.com\/sl\/wp-json\/wp\/v2\/product"}],"about":[{"href":"https:\/\/distribucionarc.com\/sl\/wp-json\/wp\/v2\/types\/product"}],"replies":[{"embeddable":true,"href":"https:\/\/distribucionarc.com\/sl\/wp-json\/wp\/v2\/comments?post=1866"}],"version-history":[{"count":0,"href":"https:\/\/distribucionarc.com\/sl\/wp-json\/wp\/v2\/product\/1866\/revisions"}],"wp:featuredmedia":[{"embeddable":true,"href":"https:\/\/distribucionarc.com\/sl\/wp-json\/wp\/v2\/media\/1868"}],"wp:attachment":[{"href":"https:\/\/distribucionarc.com\/sl\/wp-json\/wp\/v2\/media?parent=1866"}],"wp:term":[{"taxonomy":"product_brand","embeddable":true,"href":"https:\/\/distribucionarc.com\/sl\/wp-json\/wp\/v2\/product_brand?post=1866"},{"taxonomy":"product_cat","embeddable":true,"href":"https:\/\/distribucionarc.com\/sl\/wp-json\/wp\/v2\/product_cat?post=1866"},{"taxonomy":"product_tag","embeddable":true,"href":"https:\/\/distribucionarc.com\/sl\/wp-json\/wp\/v2\/product_tag?post=1866"}],"curies":[{"name":"delovni list","href":"https:\/\/api.w.org\/{rel}","templated":true}]}}