{"id":2000,"date":"2020-08-05T13:58:02","date_gmt":"2020-08-05T13:58:02","guid":{"rendered":"https:\/\/distribucionarc.com\/?post_type=product&#038;p=2000"},"modified":"2023-10-19T12:46:02","modified_gmt":"2023-10-19T12:46:02","slug":"avtomat-za-krofe-ali-majhne-krofe","status":"publish","type":"product","link":"https:\/\/distribucionarc.com\/sl\/producto\/maquina-automatica-para-donuts-o-rosquillas-pequena\/","title":{"rendered":"Majhna avtomatska naprava za krofe ali krofe"},"content":{"rendered":"<h3>Profesionalni avtomatski aparat za krofe ali krofe<\/h3>\n<p>Pove\u010dajte svojo proizvodnjo, ne da bi pri tem izgubili okus va\u0161ega izdelka z<strong>\u00a0avtomatski aparat za krofe<\/strong>\u00a0od\u00a0<strong><span style=\"color: #ff0000;\">TO<\/span><span style=\"color: #0000ff;\">R<\/span>c<\/strong>. Ima potrebne lastnosti, da poudarite va\u0161 a<strong>visoka zmogljivost<\/strong>, vodljivost in\u00a0<strong>nizka poraba energije<\/strong>.<\/p>\n<p>to\u00a0<strong>komercialni stroj za krofe<\/strong>\u00a0od\u00a0<strong><span style=\"color: #ff0000;\">TO<\/span><span style=\"color: #0000ff;\">R<\/span>c<\/strong>\u00a0Izdelan je iz nerjave\u010dega jekla 304 za \u017eivila, trden in vzdr\u017eljiv. Odporen proti koroziji, odporen proti rji in enostaven za \u010di\u0161\u010denje.<\/p>\n<p>The\u00a0<strong>avtomatski aparat za krofe<\/strong>\u00a0<strong><span style=\"color: #ff0000;\">TO<\/span><span style=\"color: #0000ff;\">R<\/span>CMAD3<\/strong> Opremljen je z inteligentno nadzorno plo\u0161\u010do za priro\u010den in natan\u010den nadzor temperature olja in \u010dasa cvrtja. Z indikatorji, ki ves \u010das prikazujejo stanje kuhanja. to <strong>aparat za krofe<\/strong>\u00a0od\u00a0<strong><span style=\"color: #ff0000;\">TO<\/span><span style=\"color: #0000ff;\">R<\/span>c<\/strong>\u00a0Je popolnoma samodejen, s samodejnim oblikovanjem, samodejnim nadzorom temperature, samodejnim cvrtjem, samodejnim obra\u010danjem in izhodom, kar\u00a0<strong>mo\u010dno prihrani va\u0161o energijo<\/strong>\u00a0in njegov \u010das.<\/p>\n<p>The\u00a0<strong>mini avtomatski stroj za izdelavo krofov<\/strong>\u00a0Prilo\u017een je velik lijak za 7 litrov testa. Naredite lahko ve\u010d krofov hkrati, ne da bi vam bilo treba znova polniti posodo.<\/p>\n<p>Na voljo so tri velikosti modelov za krofe (4\u20135 cm\/6\u20137 cm\/8\u20139 cm), ki izdelujejo majhne krofe, srednje velike krofe in velike krofe, ki ustrezajo va\u0161im razli\u010dnim zahtevam. Sposobnost izdelave 850 krofov velikosti 4-5 cm na uro, 650 krofov velikosti 6-7 cm na uro ali 500 kosov krofov velikosti 8-9 cm na uro.<\/p>\n<p>Prilo\u017eeni so razli\u010dni pripomo\u010dki, vklju\u010dno z dvema prijemalkama za hrano, dvema 20L merilnima valjema in dvema pladnjema za shranjevanje ocvrtih krofov.<\/p>\n<p>&nbsp;<\/p>\n<h6><strong>Garancija <span style=\"color: #ff0000;\">TO<\/span><span style=\"color: #0000ff;\">R<\/span>c<\/strong><strong style=\"font-size: 1.1em;\">\u00a02 LETI<\/strong><\/h6>\n<h6><span style=\"color: #008000;\">Avtomatska naprava za krofe in krofe, u\u010dinkovita, nizka poraba 3000w<\/span><\/h6>\n<h6><strong>vklju\u010dena tehni\u010dna podpora<\/strong><\/h6>\n<p>&nbsp;<\/p>\n<table role=\"presentation\" width=\"100%\" cellspacing=\"0\" cellpadding=\"0\">\n<tbody>\n<tr>\n<td class=\"attrLabels\">Temperatura:<\/td>\n<td width=\"50.0%\">0-300\u00baC<\/td>\n<\/tr>\n<tr>\n<td class=\"attrLabels\">Dr\u017eava distribucije:<\/td>\n<td width=\"50.0%\">\u0160panija, Nem\u010dija, ZDA<\/td>\n<td class=\"attrLabels\">Te\u017ea:<\/td>\n<td width=\"50.0%\">45 kg<\/td>\n<\/tr>\n<tr>\n<td class=\"attrLabels\">Znamka:<\/td>\n<td width=\"50.0%\">ARC<\/td>\n<td class=\"attrLabels\">Vi\u0161ina:<\/td>\n<td width=\"50.0%\">65 cm<\/td>\n<\/tr>\n<tr>\n<td class=\"attrLabels\">barva:<\/td>\n<td width=\"50.0%\">Srebrna<\/td>\n<td class=\"attrLabels\">dolgo:<\/td>\n<td width=\"50.0%\">103 cm<\/td>\n<\/tr>\n<tr>\n<td class=\"attrLabels\">Vrsta izdelka:<\/td>\n<td width=\"50.0%\">Profesionalni avtomatski aparat za krofe<\/td>\n<td class=\"attrLabels\">\u0160iroko:<\/td>\n<td width=\"50.0%\">36 cm<\/td>\n<\/tr>\n<tr>\n<td class=\"attrLabels\">\u0160tevilka proizvajalca:<\/td>\n<td width=\"50.0%\">ARCMAD10<\/td>\n<td class=\"attrLabels\">mo\u010d:<\/td>\n<td width=\"50.0%\">3000 W<\/td>\n<\/tr>\n<tr>\n<td class=\"attrLabels\">Material:<\/td>\n<td width=\"50.0%\">nerjave\u010de jeklo, nadzor temperature, popolnoma avtomatsko<\/td>\n<td class=\"attrLabels\">vhodna napetost<\/td>\n<td width=\"50.0%\">220V \u2013 60Hz<\/td>\n<\/tr>\n<tr>\n<td class=\"attrLabels\">Velikost krofa:<\/td>\n<td width=\"50.0%\">4-5 cm 6-7 cm<\/p>\n<p>8-9 cm<\/td>\n<td class=\"attrLabels\">Garancija:<\/td>\n<td width=\"50.0%\">2 LETI<\/td>\n<\/tr>\n<tr>\n<td class=\"attrLabels\">Orodja za namestitev:<\/td>\n<td width=\"50.0%\">ja<\/td>\n<td class=\"attrLabels\">produkcija:<\/td>\n<td width=\"50.0%\">500 \u2013 850 na uro, odvisno od velikosti<\/td>\n<\/tr>\n<\/tbody>\n<\/table>","protected":false},"excerpt":{"rendered":"<h2>Profesionalni avtomatski aparat za krofe ali krofe<\/h2>\n<p>to\u00a0<strong>aparat za krofe<\/strong>\u00a0od\u00a0<strong><span style=\"color: #ff0000;\">TO<\/span><span style=\"color: #0000ff;\">R<\/span>c<\/strong>\u00a0Namenjen je za veri\u017eno proizvodnjo ali celo za izdelavo sve\u017eih krofov v velikih koli\u010dinah, da ohranijo vso svojo teksturo in okus.<\/p>\n<p>The\u00a0<strong>avtomatski aparat za krofe <span style=\"color: #ff0000;\">TO<\/span><span style=\"color: #0000ff;\">R<\/span>CMAD3<\/strong>\u00a0Izdelan je iz nerjave\u010dega jekla primernega za \u017eivila. Popolnoma avtomatska zasnova je priljubljena zaradi visoke u\u010dinkovitosti in natan\u010dnosti izdelave\u00a0<strong>krofi<\/strong>\u00a0z avtomatskim oblikovanjem: ima avtomatsko regulacijo temperature, krofi se samodejno vrtijo na traku\u00a0<strong>prihranek \u010dasa in energije<\/strong>. z\u00a0<strong>avtomatski aparat za krofe<\/strong>\u00a0lahko naredi veliko okusnega<strong>\u00a0krofi<\/strong> zlato in hrustljavo zahvaljujo\u010d 7-litrskem rezervoarju.<\/p>\n<h6><strong>Garancija\u00a0<span style=\"color: #ff0000;\">TO<\/span><span style=\"color: #0000ff;\">R<\/span>c<\/strong><strong>\u00a02 LETI<\/strong><\/h6>\n<h6><span style=\"color: #008000;\">Avtomatska naprava za krofe in krofe, u\u010dinkovita, nizka poraba 3000w<\/span><\/h6>\n<h6><strong>vklju\u010dena tehni\u010dna podpora<\/strong><\/h6>","protected":false},"featured_media":2011,"comment_status":"open","ping_status":"closed","template":"","meta":{"wds_primary_product_brand":0,"wds_primary_product_cat":0},"product_brand":[],"product_cat":[56,53],"product_tag":[],"class_list":{"0":"post-2000","1":"product","2":"type-product","3":"status-publish","4":"has-post-thumbnail","6":"product_cat-maquinaria-para-ferias","7":"product_cat-panaderia-y-pasteleria-industrial","8":"product_shipping_class-express","10":"first","11":"instock","12":"taxable","13":"shipping-taxable","14":"purchasable","15":"product-type-simple"},"yoast_head":"<!-- This site is optimized with the Yoast SEO Premium plugin v24.9 (Yoast SEO v26.1) - https:\/\/yoast.com\/wordpress\/plugins\/seo\/ -->\n<title>M\u00e1quina autom\u00e1tica para donuts o rosquillas peque\u00f1a - distribuci\u00f3n ARC<\/title>\n<meta name=\"robots\" content=\"index, follow, max-snippet:-1, max-image-preview:large, max-video-preview:-1\" \/>\n<link rel=\"canonical\" href=\"https:\/\/distribucionarc.com\/sl\/izdelek\/avtomat-za-krofe-ali-majhne-krofe\/\" \/>\n<meta property=\"og:locale\" content=\"sl_SI\" \/>\n<meta property=\"og:type\" content=\"article\" \/>\n<meta property=\"og:title\" content=\"M\u00e1quina autom\u00e1tica para donuts o rosquillas peque\u00f1a\" \/>\n<meta property=\"og:description\" content=\"M\u00e1quina autom\u00e1tica para donuts o rosquillas profesional Esta\u00a0m\u00e1quina de donuts\u00a0de\u00a0ARC\u00a0es la indicada para la producci\u00f3n en cadena o incluso para fabricar donuts frescos en gran cantidad para que conserven toda su textura y sabor.  La\u00a0m\u00e1quina autom\u00e1tica de rosquillas ARCMAD3\u00a0est\u00e1 hecha de acero inoxidable de calidad alimentaria. El dise\u00f1o totalmente autom\u00e1tico es popular por su alta eficiencia y precisi\u00f3n para producir\u00a0donuts\u00a0con formaci\u00f3n autom\u00e1tica: dispone de control autom\u00e1tico de temperatura, los donuts giran autom\u00e1ticamente por la cinta\u00a0ahorrando tiempo y energ\u00eda. Con la\u00a0m\u00e1quina autom\u00e1tica de rosquillas\u00a0puede hacer \u00a0una gran cantidad de deliciosos\u00a0donuts dorados y crujientes gracias a su tanque de 7L. Garant\u00eda\u00a0ARC\u00a02 A\u00d1OS Maquina automatica para donuts y rosquillas eficiente, bajo consumo 3000w soporte t\u00e9cnico incluido\" \/>\n<meta property=\"og:url\" content=\"https:\/\/distribucionarc.com\/sl\/izdelek\/avtomat-za-krofe-ali-majhne-krofe\/\" \/>\n<meta property=\"og:site_name\" content=\"distribuci\u00f3n ARC\" \/>\n<meta property=\"article:modified_time\" content=\"2023-10-19T12:46:02+00:00\" \/>\n<meta property=\"og:image\" content=\"https:\/\/distribucionarc.com\/wp-content\/uploads\/2020\/08\/M\u00e1quina-autom\u00e1tica-para-donuts-o-rosquillas-3-2.jpg\" \/>\n\t<meta property=\"og:image:width\" content=\"1001\" \/>\n\t<meta property=\"og:image:height\" content=\"1001\" \/>\n\t<meta property=\"og:image:type\" content=\"image\/jpeg\" \/>\n<meta name=\"twitter:card\" content=\"summary_large_image\" \/>\n<meta name=\"twitter:label1\" content=\"Est. reading time\" \/>\n\t<meta name=\"twitter:data1\" content=\"2 minuti\" \/>\n<script type=\"application\/ld+json\" class=\"yoast-schema-graph\">{\"@context\":\"https:\/\/schema.org\",\"@graph\":[{\"@type\":\"WebPage\",\"@id\":\"https:\/\/distribucionarc.com\/producto\/maquina-automatica-para-donuts-o-rosquillas-pequena\/\",\"url\":\"https:\/\/distribucionarc.com\/producto\/maquina-automatica-para-donuts-o-rosquillas-pequena\/\",\"name\":\"M\u00e1quina autom\u00e1tica para donuts o rosquillas peque\u00f1a - distribuci\u00f3n ARC\",\"isPartOf\":{\"@id\":\"https:\/\/www.distribucionarc.com\/tr\/#website\"},\"primaryImageOfPage\":{\"@id\":\"https:\/\/distribucionarc.com\/producto\/maquina-automatica-para-donuts-o-rosquillas-pequena\/#primaryimage\"},\"image\":{\"@id\":\"https:\/\/distribucionarc.com\/producto\/maquina-automatica-para-donuts-o-rosquillas-pequena\/#primaryimage\"},\"thumbnailUrl\":\"https:\/\/distribucionarc.com\/wp-content\/uploads\/2020\/08\/M\u00e1quina-autom\u00e1tica-para-donuts-o-rosquillas-3-2.jpg\",\"datePublished\":\"2020-08-05T13:58:02+00:00\",\"dateModified\":\"2023-10-19T12:46:02+00:00\",\"breadcrumb\":{\"@id\":\"https:\/\/distribucionarc.com\/producto\/maquina-automatica-para-donuts-o-rosquillas-pequena\/#breadcrumb\"},\"inLanguage\":\"sl-SI\",\"potentialAction\":[{\"@type\":\"ReadAction\",\"target\":[\"https:\/\/distribucionarc.com\/producto\/maquina-automatica-para-donuts-o-rosquillas-pequena\/\"]}]},{\"@type\":\"ImageObject\",\"inLanguage\":\"sl-SI\",\"@id\":\"https:\/\/distribucionarc.com\/producto\/maquina-automatica-para-donuts-o-rosquillas-pequena\/#primaryimage\",\"url\":\"https:\/\/distribucionarc.com\/wp-content\/uploads\/2020\/08\/M\u00e1quina-autom\u00e1tica-para-donuts-o-rosquillas-3-2.jpg\",\"contentUrl\":\"https:\/\/distribucionarc.com\/wp-content\/uploads\/2020\/08\/M\u00e1quina-autom\u00e1tica-para-donuts-o-rosquillas-3-2.jpg\",\"width\":1001,\"height\":1001,\"caption\":\"M\u00e1quina autom\u00e1tica para donuts o rosquillas peque\u00f1a\"},{\"@type\":\"BreadcrumbList\",\"@id\":\"https:\/\/distribucionarc.com\/producto\/maquina-automatica-para-donuts-o-rosquillas-pequena\/#breadcrumb\",\"itemListElement\":[{\"@type\":\"ListItem\",\"position\":1,\"name\":\"Portada\",\"item\":\"https:\/\/www.distribucionarc.com\/tr\/\"},{\"@type\":\"ListItem\",\"position\":2,\"name\":\"Produktai\",\"item\":\"https:\/\/distribucionarc.com\/lt\/parduotuve\/\"},{\"@type\":\"ListItem\",\"position\":3,\"name\":\"M\u00e1quina autom\u00e1tica para donuts o rosquillas peque\u00f1a\"}]},{\"@type\":\"WebSite\",\"@id\":\"https:\/\/www.distribucionarc.com\/tr\/#website\",\"url\":\"https:\/\/www.distribucionarc.com\/tr\/\",\"name\":\"distribuci\u00f3n ARC\",\"description\":\"Empresa especializada en la fabricaci\u00f3n y distribuci\u00f3n de maquinaria industrial, selladoras de latas, Maquinas de hacer pastillas, Maquinas de cortar carne...\",\"publisher\":{\"@id\":\"https:\/\/www.distribucionarc.com\/tr\/#organization\"},\"potentialAction\":[{\"@type\":\"SearchAction\",\"target\":{\"@type\":\"EntryPoint\",\"urlTemplate\":\"https:\/\/www.distribucionarc.com\/tr\/?s={search_term_string}\"},\"query-input\":{\"@type\":\"PropertyValueSpecification\",\"valueRequired\":true,\"valueName\":\"search_term_string\"}}],\"inLanguage\":\"sl-SI\"},{\"@type\":\"Organization\",\"@id\":\"https:\/\/www.distribucionarc.com\/tr\/#organization\",\"name\":\"Distribuci\u00f3n ARC\",\"url\":\"https:\/\/www.distribucionarc.com\/tr\/\",\"logo\":{\"@type\":\"ImageObject\",\"inLanguage\":\"sl-SI\",\"@id\":\"https:\/\/www.distribucionarc.com\/tr\/#\/schema\/logo\/image\/\",\"url\":\"https:\/\/distribucionarc.com\/wp-content\/uploads\/2024\/10\/distribucion-ARC-COLOR-SIN-FONDO-e1732295305345.png\",\"contentUrl\":\"https:\/\/distribucionarc.com\/wp-content\/uploads\/2024\/10\/distribucion-ARC-COLOR-SIN-FONDO-e1732295305345.png\",\"width\":1164,\"height\":558,\"caption\":\"Distribuci\u00f3n ARC\"},\"image\":{\"@id\":\"https:\/\/www.distribucionarc.com\/tr\/#\/schema\/logo\/image\/\"},\"description\":\"Empresa especializada en la fabricaci\u00f3n y distribuci\u00f3n de maquinaria industrial para los sectores alimentario y farmac\u00e9utico. Nos especializamos en: M\u00e1quinas de cortar carne Fabricaci\u00f3n de comprimidos Sistemas de transporte industrial L\u00edneas de embotellado Dosificadores Y mucho m\u00e1s... Ofrecemos soluciones innovadoras y personalizadas para optimizar los procesos productivos de tu empresa.\",\"email\":\"Admistracion@distribucionarc.com\",\"telephone\":\"+34 643496664\",\"legalName\":\"ARC TECH SOLUTIONS\",\"foundingDate\":\"2024-04-09\",\"vatID\":\"B55480172\",\"numberOfEmployees\":{\"@type\":\"QuantitativeValue\",\"minValue\":\"1\",\"maxValue\":\"10\"}}]}<\/script>\n<!-- \/ Yoast SEO Premium plugin. -->","yoast_head_json":{"title":"Avtomatski aparat za male krofe ali krofe - distribucija ARC","robots":{"index":"index","follow":"follow","max-snippet":"max-snippet:-1","max-image-preview":"max-image-preview:large","max-video-preview":"max-video-preview:-1"},"canonical":"https:\/\/distribucionarc.com\/sl\/izdelek\/avtomat-za-krofe-ali-majhne-krofe\/","og_locale":"sl_SI","og_type":"article","og_title":"M\u00e1quina autom\u00e1tica para donuts o rosquillas peque\u00f1a","og_description":"M\u00e1quina autom\u00e1tica para donuts o rosquillas profesional Esta\u00a0m\u00e1quina de donuts\u00a0de\u00a0ARC\u00a0es la indicada para la producci\u00f3n en cadena o incluso para fabricar donuts frescos en gran cantidad para que conserven toda su textura y sabor.  La\u00a0m\u00e1quina autom\u00e1tica de rosquillas ARCMAD3\u00a0est\u00e1 hecha de acero inoxidable de calidad alimentaria. El dise\u00f1o totalmente autom\u00e1tico es popular por su alta eficiencia y precisi\u00f3n para producir\u00a0donuts\u00a0con formaci\u00f3n autom\u00e1tica: dispone de control autom\u00e1tico de temperatura, los donuts giran autom\u00e1ticamente por la cinta\u00a0ahorrando tiempo y energ\u00eda. Con la\u00a0m\u00e1quina autom\u00e1tica de rosquillas\u00a0puede hacer \u00a0una gran cantidad de deliciosos\u00a0donuts dorados y crujientes gracias a su tanque de 7L. Garant\u00eda\u00a0ARC\u00a02 A\u00d1OS Maquina automatica para donuts y rosquillas eficiente, bajo consumo 3000w soporte t\u00e9cnico incluido","og_url":"https:\/\/distribucionarc.com\/sl\/izdelek\/avtomat-za-krofe-ali-majhne-krofe\/","og_site_name":"distribuci\u00f3n ARC","article_modified_time":"2023-10-19T12:46:02+00:00","og_image":[{"width":1001,"height":1001,"url":"https:\/\/distribucionarc.com\/wp-content\/uploads\/2020\/08\/M\u00e1quina-autom\u00e1tica-para-donuts-o-rosquillas-3-2.jpg","type":"image\/jpeg"}],"twitter_card":"summary_large_image","twitter_misc":{"Est. reading time":"2 minuti"},"schema":{"@context":"https:\/\/schema.org","@graph":[{"@type":"WebPage","@id":"https:\/\/distribucionarc.com\/producto\/maquina-automatica-para-donuts-o-rosquillas-pequena\/","url":"https:\/\/distribucionarc.com\/producto\/maquina-automatica-para-donuts-o-rosquillas-pequena\/","name":"Avtomatski aparat za male krofe ali krofe - distribucija ARC","isPartOf":{"@id":"https:\/\/www.distribucionarc.com\/tr\/#website"},"primaryImageOfPage":{"@id":"https:\/\/distribucionarc.com\/producto\/maquina-automatica-para-donuts-o-rosquillas-pequena\/#primaryimage"},"image":{"@id":"https:\/\/distribucionarc.com\/producto\/maquina-automatica-para-donuts-o-rosquillas-pequena\/#primaryimage"},"thumbnailUrl":"https:\/\/distribucionarc.com\/wp-content\/uploads\/2020\/08\/M\u00e1quina-autom\u00e1tica-para-donuts-o-rosquillas-3-2.jpg","datePublished":"2020-08-05T13:58:02+00:00","dateModified":"2023-10-19T12:46:02+00:00","breadcrumb":{"@id":"https:\/\/distribucionarc.com\/producto\/maquina-automatica-para-donuts-o-rosquillas-pequena\/#breadcrumb"},"inLanguage":"sl-SI","potentialAction":[{"@type":"ReadAction","target":["https:\/\/distribucionarc.com\/producto\/maquina-automatica-para-donuts-o-rosquillas-pequena\/"]}]},{"@type":"ImageObject","inLanguage":"sl-SI","@id":"https:\/\/distribucionarc.com\/producto\/maquina-automatica-para-donuts-o-rosquillas-pequena\/#primaryimage","url":"https:\/\/distribucionarc.com\/wp-content\/uploads\/2020\/08\/M\u00e1quina-autom\u00e1tica-para-donuts-o-rosquillas-3-2.jpg","contentUrl":"https:\/\/distribucionarc.com\/wp-content\/uploads\/2020\/08\/M\u00e1quina-autom\u00e1tica-para-donuts-o-rosquillas-3-2.jpg","width":1001,"height":1001,"caption":"M\u00e1quina autom\u00e1tica para donuts o rosquillas peque\u00f1a"},{"@type":"BreadcrumbList","@id":"https:\/\/distribucionarc.com\/producto\/maquina-automatica-para-donuts-o-rosquillas-pequena\/#breadcrumb","itemListElement":[{"@type":"ListItem","position":1,"name":"Portada","item":"https:\/\/www.distribucionarc.com\/tr\/"},{"@type":"ListItem","position":2,"name":"Produktai","item":"https:\/\/distribucionarc.com\/lt\/parduotuve\/"},{"@type":"ListItem","position":3,"name":"M\u00e1quina autom\u00e1tica para donuts o rosquillas peque\u00f1a"}]},{"@type":"WebSite","@id":"https:\/\/www.distribucionarc.com\/tr\/#website","url":"https:\/\/www.distribucionarc.com\/tr\/","name":"ARC porazdelitev","description":"Podjetje je specializirano za proizvodnjo in distribucijo industrijskih strojev, strojev za zapiranje plo\u010devink, strojev za izdelavo tablet, strojev za rezanje mesa...","publisher":{"@id":"https:\/\/www.distribucionarc.com\/tr\/#organization"},"potentialAction":[{"@type":"SearchAction","target":{"@type":"EntryPoint","urlTemplate":"https:\/\/www.distribucionarc.com\/tr\/?s={search_term_string}"},"query-input":{"@type":"PropertyValueSpecification","valueRequired":true,"valueName":"search_term_string"}}],"inLanguage":"sl-SI"},{"@type":"Organization","@id":"https:\/\/www.distribucionarc.com\/tr\/#organization","name":"Distribucija ARC","url":"https:\/\/www.distribucionarc.com\/tr\/","logo":{"@type":"ImageObject","inLanguage":"sl-SI","@id":"https:\/\/www.distribucionarc.com\/tr\/#\/schema\/logo\/image\/","url":"https:\/\/distribucionarc.com\/wp-content\/uploads\/2024\/10\/distribucion-ARC-COLOR-SIN-FONDO-e1732295305345.png","contentUrl":"https:\/\/distribucionarc.com\/wp-content\/uploads\/2024\/10\/distribucion-ARC-COLOR-SIN-FONDO-e1732295305345.png","width":1164,"height":558,"caption":"Distribuci\u00f3n ARC"},"image":{"@id":"https:\/\/www.distribucionarc.com\/tr\/#\/schema\/logo\/image\/"},"description":"Podjetje, specializirano za proizvodnjo in distribucijo industrijskih strojev za \u017eivilski in farmacevtski sektor. Specializirani smo za: Stroji za rezanje mesa Proizvodnja tablet Industrijski transportni sistemi Stekleni\u010darske linije Dozirni stroji In \u0161e veliko ve\u010d... Ponujamo inovativne in prilagojene re\u0161itve za optimizacijo proizvodnih procesov va\u0161ega podjetja.","email":"Admistracion@distribucionarc.com","telephone":"+34 643496664","legalName":"ARC TECH SOLUTIONS","foundingDate":"2024-04-09","vatID":"B55480172","numberOfEmployees":{"@type":"QuantitativeValue","minValue":"1","maxValue":"10"}}]}},"_links":{"self":[{"href":"https:\/\/distribucionarc.com\/sl\/wp-json\/wp\/v2\/product\/2000","targetHints":{"allow":["GET"]}}],"collection":[{"href":"https:\/\/distribucionarc.com\/sl\/wp-json\/wp\/v2\/product"}],"about":[{"href":"https:\/\/distribucionarc.com\/sl\/wp-json\/wp\/v2\/types\/product"}],"replies":[{"embeddable":true,"href":"https:\/\/distribucionarc.com\/sl\/wp-json\/wp\/v2\/comments?post=2000"}],"version-history":[{"count":0,"href":"https:\/\/distribucionarc.com\/sl\/wp-json\/wp\/v2\/product\/2000\/revisions"}],"wp:featuredmedia":[{"embeddable":true,"href":"https:\/\/distribucionarc.com\/sl\/wp-json\/wp\/v2\/media\/2011"}],"wp:attachment":[{"href":"https:\/\/distribucionarc.com\/sl\/wp-json\/wp\/v2\/media?parent=2000"}],"wp:term":[{"taxonomy":"product_brand","embeddable":true,"href":"https:\/\/distribucionarc.com\/sl\/wp-json\/wp\/v2\/product_brand?post=2000"},{"taxonomy":"product_cat","embeddable":true,"href":"https:\/\/distribucionarc.com\/sl\/wp-json\/wp\/v2\/product_cat?post=2000"},{"taxonomy":"product_tag","embeddable":true,"href":"https:\/\/distribucionarc.com\/sl\/wp-json\/wp\/v2\/product_tag?post=2000"}],"curies":[{"name":"delovni list","href":"https:\/\/api.w.org\/{rel}","templated":true}]}}