{"id":2159,"date":"2020-08-10T15:42:45","date_gmt":"2020-08-10T15:42:45","guid":{"rendered":"https:\/\/distribucionarc.com\/?post_type=product&#038;p=2159"},"modified":"2020-09-30T09:53:30","modified_gmt":"2020-09-30T09:53:30","slug":"vijacna-stiskalnica-sokovnik-mini-ozemalnik-sadja-nerjavece-jeklo-3l","status":"publish","type":"product","link":"https:\/\/distribucionarc.com\/sl\/producto\/prensa-de-tornillo-extractor-de-zumo-mini-exprimidor-de-frutas-acero-inox-3l\/","title":{"rendered":"Vija\u010dna stiskalnica, sokovnik, mini o\u017eemalnik sadja iz nerjave\u010dega jekla 3L"},"content":{"rendered":"<h3>Vija\u010dna stiskalnica, sokovnik, mini o\u017eemalnik sadja iz nerjave\u010dega jekla 3L<\/h3>\n<p>Stiskanje z\u00a0<strong>o\u017eemalnik sadja\u00a0<span style=\"color: #ff0000;\">TO<\/span><span style=\"color: #0000ff;\">R<\/span>c<\/strong>\u00a0Hitro in enostavno bo, odvisno od maceracije (zelo nasekljano sadje). Vsaka vrsta sadja zahteva svojo pripravo.<\/p>\n<p>Koli\u010dina pridobljenega soka je seveda odvisna od vsebnosti vode v sadju in ne od truda upravljavca. \u010ce je sadje dobro pripravljeno, ga zlahka stisnemo z eno roko. The\u00a0<strong>vija\u010dne stiskalnice<\/strong>\u00a0Temu niso namenjeni, za najbolj\u0161e rezultate je priporo\u010dljivo sadje dobro zme\u010dkati.<\/p>\n<p>The\u00a0<strong>stiskalnica za vino <span style=\"color: #ff0000;\">TO<\/span><span style=\"color: #0000ff;\">R<\/span>CPEFA3.1<\/strong>\u00a0 Ima vrtljivo gred z vrtljivim tiskalnim mehanizmom. to\u00a0<strong>vijak omogo\u010da enostavno stiskanje sadja<\/strong>, robusten zbirni lijak iz nerjave\u010dega jekla, Dvojna ko\u0161ara za sadje je iz nerjave\u010dega jekla, tla\u010dna plo\u0161\u010da in odcejalna posoda sta prav tako prevle\u010dena s premazom, ki je varen za hrano. Vse dodatke je mogo\u010de enostavno razstaviti in o\u010distiti<\/p>\n<h6><strong>Garancija\u00a0<\/strong><span style=\"color: #ff0000;\"><strong>TO<\/strong><\/span><span style=\"color: #0000ff;\"><strong>R<\/strong><\/span><strong>C 2 LETI<\/strong><\/h6>\n<h6><strong>vklju\u010dena tehni\u010dna podpora<\/strong><\/h6>\n<p>&nbsp;<\/p>\n<table width=\"100%\">\n<tbody>\n<tr>\n<td>fant:<\/td>\n<td width=\"50%\">Priro\u010dnik<\/td>\n<td colspan=\"2\" width=\"327\"><\/td>\n<\/tr>\n<tr>\n<td>Dr\u017eava distribucije:<\/td>\n<td width=\"50%\">\u0160panija, Nem\u010dija, ZDA<\/td>\n<td>Te\u017ea:<\/td>\n<td width=\"50%\">4 kg<\/td>\n<\/tr>\n<tr>\n<td>Znamka:<\/td>\n<td width=\"50%\">ARC<\/td>\n<td>Vi\u0161ina:<\/td>\n<td width=\"50%\">37 cm<\/td>\n<\/tr>\n<tr>\n<td>barva:<\/td>\n<td width=\"50%\">Srebrna<\/td>\n<td>dolgo:<\/td>\n<td width=\"50%\">\u00a032 cm<\/td>\n<\/tr>\n<tr>\n<td>Vrsta izdelka:<\/td>\n<td width=\"50%\">sokovnik za sadje, stiskalnica za vino<\/td>\n<td>\u0160iroko:<\/td>\n<td width=\"50%\">30 cm<\/td>\n<\/tr>\n<tr>\n<td>\u0160tevilka proizvajalca:<\/td>\n<td width=\"50%\">ARCPEFA5<\/td>\n<td>sposobnost:<\/td>\n<td width=\"50%\">2,5 L<\/td>\n<\/tr>\n<tr>\n<td>Material:<\/td>\n<td width=\"50%\">\u00a0\u017eivilsko nerjavno jeklo<\/td>\n<td>Velikost ko\u0161are:<\/td>\n<td width=\"50%\">18x13 cm<\/td>\n<\/tr>\n<tr>\n<td>Mere cevi:<\/td>\n<td width=\"50%\">Premer 16,5 cm<\/td>\n<td>Oprema:<\/td>\n<td width=\"50%\">Prilo\u017eena stiskalna krpa<\/td>\n<\/tr>\n<tr>\n<td>Vi\u0161ina cevi:<\/td>\n<td width=\"50%\">12,5 cm<\/td>\n<td>Garancija:<\/td>\n<td width=\"50%\">2 LETI<\/td>\n<\/tr>\n<\/tbody>\n<\/table>","protected":false},"excerpt":{"rendered":"<h2>Vija\u010dna stiskalnica, sokovnik, mini o\u017eemalnik sadja iz nerjave\u010dega jekla 3L<\/h2>\n<p>On<strong>\u00a0ekstraktor jagodi\u010dja\u00a0<span style=\"color: #ff0000;\">TO<\/span><span style=\"color: #0000ff;\">R<\/span>c<\/strong>\u00a0Je robusten z a\u00a0<strong>visok donos soka<\/strong>; Izvaja visok pritisk zaradi konstrukcije vrtljivega vijaka. Prakti\u010dno\u00a0<strong>sokovnik\u00a0<\/strong><b><strong>F<\/strong>poti<\/b>\u00a0se lahko hitro sestavi. Dvojna ko\u0161ara za sadje je izdelana iz nerjave\u010dega jekla. Pripravljen za uporabo takoj in kjerkoli, ne glede na elektri\u010dno mo\u010d.<\/p>\n<h6><strong>Garancija\u00a0<\/strong><span style=\"color: #ff0000;\"><strong>TO<\/strong><\/span><span style=\"color: #0000ff;\"><strong>R<\/strong><\/span><strong>C 2 LETI<\/strong><\/h6>\n<h6><strong>vklju\u010dena tehni\u010dna podpora<\/strong><\/h6>","protected":false},"featured_media":2164,"comment_status":"open","ping_status":"closed","template":"","meta":{"wds_primary_product_brand":0,"wds_primary_product_cat":0},"product_brand":[],"product_cat":[30,65,67],"product_tag":[],"class_list":{"0":"post-2159","1":"product","2":"type-product","3":"status-publish","4":"has-post-thumbnail","6":"product_cat-maquinaria-apicola","7":"product_cat-maquinaria-industrial-para-procesar-fruta-verdura-panales","8":"product_cat-prensas-de-frutas-trituradoras","9":"product_shipping_class-hosteleria","11":"first","12":"instock","13":"sale","14":"taxable","15":"shipping-taxable","16":"purchasable","17":"product-type-simple"},"yoast_head":"<!-- This site is optimized with the Yoast SEO Premium plugin v24.9 (Yoast SEO v26.1) - https:\/\/yoast.com\/wordpress\/plugins\/seo\/ -->\n<title>Prensa de tornillo, extractor de zumo,\u00a0 mini exprimidor de frutas acero inox 3L - distribuci\u00f3n ARC<\/title>\n<meta name=\"robots\" content=\"index, follow, max-snippet:-1, max-image-preview:large, max-video-preview:-1\" \/>\n<link rel=\"canonical\" href=\"https:\/\/www.distribucionarc.com\/producto\/prensa-de-tornillo-extractor-de-zumo-mini-exprimidor-de-frutas-acero-inox-3l\/\" \/>\n<meta property=\"og:locale\" content=\"sl_SI\" \/>\n<meta property=\"og:type\" content=\"article\" \/>\n<meta property=\"og:title\" content=\"Prensa de tornillo, extractor de zumo,\u00a0 mini exprimidor de frutas acero inox 3L\" \/>\n<meta property=\"og:description\" content=\"Prensa de tornillo, extractor de zumo,\u00a0 mini exprimidor de frutas acero inox 3L El\u00a0extractor de bayas\u00a0ARC\u00a0es robusto con un\u00a0alto rendimiento de zumo; ejerce una alta presi\u00f3n debido a la construcci\u00f3n del tornillo giratorio. El pr\u00e1ctico\u00a0exprimidor de\u00a0frutas\u00a0se puede montar r\u00e1pidamente.\u00a0La cesta de fruta doble est\u00e1 fabricada en acero inoxidable. Listos para usar de inmediato y en cualquier lugar, independientemente de la energ\u00eda el\u00e9ctrica. Garant\u00eda\u00a0ARC 2 A\u00d1OS soporte t\u00e9cnico\u00a0incluido\" \/>\n<meta property=\"og:url\" content=\"https:\/\/www.distribucionarc.com\/producto\/prensa-de-tornillo-extractor-de-zumo-mini-exprimidor-de-frutas-acero-inox-3l\/\" \/>\n<meta property=\"og:site_name\" content=\"distribuci\u00f3n ARC\" \/>\n<meta property=\"article:modified_time\" content=\"2020-09-30T09:53:30+00:00\" \/>\n<meta property=\"og:image\" content=\"https:\/\/www.distribucionarc.com\/wp-content\/uploads\/2020\/08\/Prensa-de-tornillo-extractor-de-zumo-mini-exprimidor-de-frutas-acero-inox-3L-0.jpg\" \/>\n\t<meta property=\"og:image:width\" content=\"1000\" \/>\n\t<meta property=\"og:image:height\" content=\"1000\" \/>\n\t<meta property=\"og:image:type\" content=\"image\/jpeg\" \/>\n<meta name=\"twitter:card\" content=\"summary_large_image\" \/>\n<meta name=\"twitter:label1\" content=\"Est. reading time\" \/>\n\t<meta name=\"twitter:data1\" content=\"1 minuta\" \/>\n<script type=\"application\/ld+json\" class=\"yoast-schema-graph\">{\"@context\":\"https:\/\/schema.org\",\"@graph\":[{\"@type\":\"WebPage\",\"@id\":\"https:\/\/www.distribucionarc.com\/producto\/prensa-de-tornillo-extractor-de-zumo-mini-exprimidor-de-frutas-acero-inox-3l\/\",\"url\":\"https:\/\/www.distribucionarc.com\/producto\/prensa-de-tornillo-extractor-de-zumo-mini-exprimidor-de-frutas-acero-inox-3l\/\",\"name\":\"Prensa de tornillo, extractor de zumo,\u00a0 mini exprimidor de frutas acero inox 3L - distribuci\u00f3n ARC\",\"isPartOf\":{\"@id\":\"https:\/\/www.distribucionarc.com\/sl\/#website\"},\"primaryImageOfPage\":{\"@id\":\"https:\/\/www.distribucionarc.com\/producto\/prensa-de-tornillo-extractor-de-zumo-mini-exprimidor-de-frutas-acero-inox-3l\/#primaryimage\"},\"image\":{\"@id\":\"https:\/\/www.distribucionarc.com\/producto\/prensa-de-tornillo-extractor-de-zumo-mini-exprimidor-de-frutas-acero-inox-3l\/#primaryimage\"},\"thumbnailUrl\":\"https:\/\/distribucionarc.com\/wp-content\/uploads\/2020\/08\/Prensa-de-tornillo-extractor-de-zumo-mini-exprimidor-de-frutas-acero-inox-3L-0.jpg\",\"datePublished\":\"2020-08-10T15:42:45+00:00\",\"dateModified\":\"2020-09-30T09:53:30+00:00\",\"breadcrumb\":{\"@id\":\"https:\/\/www.distribucionarc.com\/producto\/prensa-de-tornillo-extractor-de-zumo-mini-exprimidor-de-frutas-acero-inox-3l\/#breadcrumb\"},\"inLanguage\":\"sl-SI\",\"potentialAction\":[{\"@type\":\"ReadAction\",\"target\":[\"https:\/\/www.distribucionarc.com\/producto\/prensa-de-tornillo-extractor-de-zumo-mini-exprimidor-de-frutas-acero-inox-3l\/\"]}]},{\"@type\":\"ImageObject\",\"inLanguage\":\"sl-SI\",\"@id\":\"https:\/\/www.distribucionarc.com\/producto\/prensa-de-tornillo-extractor-de-zumo-mini-exprimidor-de-frutas-acero-inox-3l\/#primaryimage\",\"url\":\"https:\/\/distribucionarc.com\/wp-content\/uploads\/2020\/08\/Prensa-de-tornillo-extractor-de-zumo-mini-exprimidor-de-frutas-acero-inox-3L-0.jpg\",\"contentUrl\":\"https:\/\/distribucionarc.com\/wp-content\/uploads\/2020\/08\/Prensa-de-tornillo-extractor-de-zumo-mini-exprimidor-de-frutas-acero-inox-3L-0.jpg\",\"width\":1000,\"height\":1000,\"caption\":\"Prensa de tornillo extractor de zumo mini exprimidor de frutas acero inox 3L\"},{\"@type\":\"BreadcrumbList\",\"@id\":\"https:\/\/www.distribucionarc.com\/producto\/prensa-de-tornillo-extractor-de-zumo-mini-exprimidor-de-frutas-acero-inox-3l\/#breadcrumb\",\"itemListElement\":[{\"@type\":\"ListItem\",\"position\":1,\"name\":\"Portada\",\"item\":\"https:\/\/www.distribucionarc.com\/\"},{\"@type\":\"ListItem\",\"position\":2,\"name\":\"\u00dcr\u00fcnler\",\"item\":\"https:\/\/www.distribucionarc.com\/tr\/magaza\/\"},{\"@type\":\"ListItem\",\"position\":3,\"name\":\"Prensa de tornillo, extractor de zumo,\u00a0 mini exprimidor de frutas acero inox 3L\"}]},{\"@type\":\"WebSite\",\"@id\":\"https:\/\/www.distribucionarc.com\/sl\/#website\",\"url\":\"https:\/\/www.distribucionarc.com\/sl\/\",\"name\":\"distribuci\u00f3n ARC\",\"description\":\"Empresa especializada en la fabricaci\u00f3n y distribuci\u00f3n de maquinaria industrial, selladoras de latas, Maquinas de hacer pastillas, Maquinas de cortar carne...\",\"publisher\":{\"@id\":\"https:\/\/www.distribucionarc.com\/sl\/#organization\"},\"potentialAction\":[{\"@type\":\"SearchAction\",\"target\":{\"@type\":\"EntryPoint\",\"urlTemplate\":\"https:\/\/www.distribucionarc.com\/sl\/?s={search_term_string}\"},\"query-input\":{\"@type\":\"PropertyValueSpecification\",\"valueRequired\":true,\"valueName\":\"search_term_string\"}}],\"inLanguage\":\"sl-SI\"},{\"@type\":\"Organization\",\"@id\":\"https:\/\/www.distribucionarc.com\/sl\/#organization\",\"name\":\"Distribuci\u00f3n ARC\",\"url\":\"https:\/\/www.distribucionarc.com\/sl\/\",\"logo\":{\"@type\":\"ImageObject\",\"inLanguage\":\"sl-SI\",\"@id\":\"https:\/\/www.distribucionarc.com\/sl\/#\/schema\/logo\/image\/\",\"url\":\"https:\/\/distribucionarc.com\/wp-content\/uploads\/2024\/10\/distribucion-ARC-COLOR-SIN-FONDO-e1732295305345.png\",\"contentUrl\":\"https:\/\/distribucionarc.com\/wp-content\/uploads\/2024\/10\/distribucion-ARC-COLOR-SIN-FONDO-e1732295305345.png\",\"width\":1164,\"height\":558,\"caption\":\"Distribuci\u00f3n ARC\"},\"image\":{\"@id\":\"https:\/\/www.distribucionarc.com\/sl\/#\/schema\/logo\/image\/\"},\"description\":\"Empresa especializada en la fabricaci\u00f3n y distribuci\u00f3n de maquinaria industrial para los sectores alimentario y farmac\u00e9utico. Nos especializamos en: M\u00e1quinas de cortar carne Fabricaci\u00f3n de comprimidos Sistemas de transporte industrial L\u00edneas de embotellado Dosificadores Y mucho m\u00e1s... Ofrecemos soluciones innovadoras y personalizadas para optimizar los procesos productivos de tu empresa.\",\"email\":\"Admistracion@distribucionarc.com\",\"telephone\":\"+34 643496664\",\"legalName\":\"ARC TECH SOLUTIONS\",\"foundingDate\":\"2024-04-09\",\"vatID\":\"B55480172\",\"numberOfEmployees\":{\"@type\":\"QuantitativeValue\",\"minValue\":\"1\",\"maxValue\":\"10\"}}]}<\/script>\n<!-- \/ Yoast SEO Premium plugin. -->","yoast_head_json":{"title":"Vija\u010dna stiskalnica, sokovnik, mini o\u017eemalnik sadja iz nerjave\u010dega jekla 3L - distribucija ARC","robots":{"index":"index","follow":"follow","max-snippet":"max-snippet:-1","max-image-preview":"max-image-preview:large","max-video-preview":"max-video-preview:-1"},"canonical":"https:\/\/www.distribucionarc.com\/producto\/prensa-de-tornillo-extractor-de-zumo-mini-exprimidor-de-frutas-acero-inox-3l\/","og_locale":"sl_SI","og_type":"article","og_title":"Prensa de tornillo, extractor de zumo,\u00a0 mini exprimidor de frutas acero inox 3L","og_description":"Prensa de tornillo, extractor de zumo,\u00a0 mini exprimidor de frutas acero inox 3L El\u00a0extractor de bayas\u00a0ARC\u00a0es robusto con un\u00a0alto rendimiento de zumo; ejerce una alta presi\u00f3n debido a la construcci\u00f3n del tornillo giratorio. El pr\u00e1ctico\u00a0exprimidor de\u00a0frutas\u00a0se puede montar r\u00e1pidamente.\u00a0La cesta de fruta doble est\u00e1 fabricada en acero inoxidable. Listos para usar de inmediato y en cualquier lugar, independientemente de la energ\u00eda el\u00e9ctrica. Garant\u00eda\u00a0ARC 2 A\u00d1OS soporte t\u00e9cnico\u00a0incluido","og_url":"https:\/\/www.distribucionarc.com\/producto\/prensa-de-tornillo-extractor-de-zumo-mini-exprimidor-de-frutas-acero-inox-3l\/","og_site_name":"distribuci\u00f3n ARC","article_modified_time":"2020-09-30T09:53:30+00:00","og_image":[{"width":1000,"height":1000,"url":"https:\/\/www.distribucionarc.com\/wp-content\/uploads\/2020\/08\/Prensa-de-tornillo-extractor-de-zumo-mini-exprimidor-de-frutas-acero-inox-3L-0.jpg","type":"image\/jpeg"}],"twitter_card":"summary_large_image","twitter_misc":{"Est. reading time":"1 minuta"},"schema":{"@context":"https:\/\/schema.org","@graph":[{"@type":"WebPage","@id":"https:\/\/www.distribucionarc.com\/producto\/prensa-de-tornillo-extractor-de-zumo-mini-exprimidor-de-frutas-acero-inox-3l\/","url":"https:\/\/www.distribucionarc.com\/producto\/prensa-de-tornillo-extractor-de-zumo-mini-exprimidor-de-frutas-acero-inox-3l\/","name":"Vija\u010dna stiskalnica, sokovnik, mini o\u017eemalnik sadja iz nerjave\u010dega jekla 3L - distribucija ARC","isPartOf":{"@id":"https:\/\/www.distribucionarc.com\/sl\/#website"},"primaryImageOfPage":{"@id":"https:\/\/www.distribucionarc.com\/producto\/prensa-de-tornillo-extractor-de-zumo-mini-exprimidor-de-frutas-acero-inox-3l\/#primaryimage"},"image":{"@id":"https:\/\/www.distribucionarc.com\/producto\/prensa-de-tornillo-extractor-de-zumo-mini-exprimidor-de-frutas-acero-inox-3l\/#primaryimage"},"thumbnailUrl":"https:\/\/distribucionarc.com\/wp-content\/uploads\/2020\/08\/Prensa-de-tornillo-extractor-de-zumo-mini-exprimidor-de-frutas-acero-inox-3L-0.jpg","datePublished":"2020-08-10T15:42:45+00:00","dateModified":"2020-09-30T09:53:30+00:00","breadcrumb":{"@id":"https:\/\/www.distribucionarc.com\/producto\/prensa-de-tornillo-extractor-de-zumo-mini-exprimidor-de-frutas-acero-inox-3l\/#breadcrumb"},"inLanguage":"sl-SI","potentialAction":[{"@type":"ReadAction","target":["https:\/\/www.distribucionarc.com\/producto\/prensa-de-tornillo-extractor-de-zumo-mini-exprimidor-de-frutas-acero-inox-3l\/"]}]},{"@type":"ImageObject","inLanguage":"sl-SI","@id":"https:\/\/www.distribucionarc.com\/producto\/prensa-de-tornillo-extractor-de-zumo-mini-exprimidor-de-frutas-acero-inox-3l\/#primaryimage","url":"https:\/\/distribucionarc.com\/wp-content\/uploads\/2020\/08\/Prensa-de-tornillo-extractor-de-zumo-mini-exprimidor-de-frutas-acero-inox-3L-0.jpg","contentUrl":"https:\/\/distribucionarc.com\/wp-content\/uploads\/2020\/08\/Prensa-de-tornillo-extractor-de-zumo-mini-exprimidor-de-frutas-acero-inox-3L-0.jpg","width":1000,"height":1000,"caption":"Prensa de tornillo extractor de zumo mini exprimidor de frutas acero inox 3L"},{"@type":"BreadcrumbList","@id":"https:\/\/www.distribucionarc.com\/producto\/prensa-de-tornillo-extractor-de-zumo-mini-exprimidor-de-frutas-acero-inox-3l\/#breadcrumb","itemListElement":[{"@type":"ListItem","position":1,"name":"Portada","item":"https:\/\/www.distribucionarc.com\/"},{"@type":"ListItem","position":2,"name":"\u00dcr\u00fcnler","item":"https:\/\/www.distribucionarc.com\/tr\/magaza\/"},{"@type":"ListItem","position":3,"name":"Prensa de tornillo, extractor de zumo,\u00a0 mini exprimidor de frutas acero inox 3L"}]},{"@type":"WebSite","@id":"https:\/\/www.distribucionarc.com\/sl\/#website","url":"https:\/\/www.distribucionarc.com\/sl\/","name":"ARC porazdelitev","description":"Podjetje je specializirano za proizvodnjo in distribucijo industrijskih strojev, strojev za zapiranje plo\u010devink, strojev za izdelavo tablet, strojev za rezanje mesa...","publisher":{"@id":"https:\/\/www.distribucionarc.com\/sl\/#organization"},"potentialAction":[{"@type":"SearchAction","target":{"@type":"EntryPoint","urlTemplate":"https:\/\/www.distribucionarc.com\/sl\/?s={search_term_string}"},"query-input":{"@type":"PropertyValueSpecification","valueRequired":true,"valueName":"search_term_string"}}],"inLanguage":"sl-SI"},{"@type":"Organization","@id":"https:\/\/www.distribucionarc.com\/sl\/#organization","name":"Distribucija ARC","url":"https:\/\/www.distribucionarc.com\/sl\/","logo":{"@type":"ImageObject","inLanguage":"sl-SI","@id":"https:\/\/www.distribucionarc.com\/sl\/#\/schema\/logo\/image\/","url":"https:\/\/distribucionarc.com\/wp-content\/uploads\/2024\/10\/distribucion-ARC-COLOR-SIN-FONDO-e1732295305345.png","contentUrl":"https:\/\/distribucionarc.com\/wp-content\/uploads\/2024\/10\/distribucion-ARC-COLOR-SIN-FONDO-e1732295305345.png","width":1164,"height":558,"caption":"Distribuci\u00f3n ARC"},"image":{"@id":"https:\/\/www.distribucionarc.com\/sl\/#\/schema\/logo\/image\/"},"description":"Podjetje, specializirano za proizvodnjo in distribucijo industrijskih strojev za \u017eivilski in farmacevtski sektor. Specializirani smo za: Stroji za rezanje mesa Proizvodnja tablet Industrijski transportni sistemi Stekleni\u010darske linije Dozirni stroji In \u0161e veliko ve\u010d... Ponujamo inovativne in prilagojene re\u0161itve za optimizacijo proizvodnih procesov va\u0161ega podjetja.","email":"Admistracion@distribucionarc.com","telephone":"+34 643496664","legalName":"ARC TECH SOLUTIONS","foundingDate":"2024-04-09","vatID":"B55480172","numberOfEmployees":{"@type":"QuantitativeValue","minValue":"1","maxValue":"10"}}]}},"_links":{"self":[{"href":"https:\/\/distribucionarc.com\/sl\/wp-json\/wp\/v2\/product\/2159","targetHints":{"allow":["GET"]}}],"collection":[{"href":"https:\/\/distribucionarc.com\/sl\/wp-json\/wp\/v2\/product"}],"about":[{"href":"https:\/\/distribucionarc.com\/sl\/wp-json\/wp\/v2\/types\/product"}],"replies":[{"embeddable":true,"href":"https:\/\/distribucionarc.com\/sl\/wp-json\/wp\/v2\/comments?post=2159"}],"version-history":[{"count":0,"href":"https:\/\/distribucionarc.com\/sl\/wp-json\/wp\/v2\/product\/2159\/revisions"}],"wp:featuredmedia":[{"embeddable":true,"href":"https:\/\/distribucionarc.com\/sl\/wp-json\/wp\/v2\/media\/2164"}],"wp:attachment":[{"href":"https:\/\/distribucionarc.com\/sl\/wp-json\/wp\/v2\/media?parent=2159"}],"wp:term":[{"taxonomy":"product_brand","embeddable":true,"href":"https:\/\/distribucionarc.com\/sl\/wp-json\/wp\/v2\/product_brand?post=2159"},{"taxonomy":"product_cat","embeddable":true,"href":"https:\/\/distribucionarc.com\/sl\/wp-json\/wp\/v2\/product_cat?post=2159"},{"taxonomy":"product_tag","embeddable":true,"href":"https:\/\/distribucionarc.com\/sl\/wp-json\/wp\/v2\/product_tag?post=2159"}],"curies":[{"name":"delovni list","href":"https:\/\/api.w.org\/{rel}","templated":true}]}}