{"id":2186,"date":"2020-08-11T15:21:24","date_gmt":"2020-08-11T15:21:24","guid":{"rendered":"https:\/\/distribucionarc.com\/?post_type=product&#038;p=2186"},"modified":"2020-09-30T10:02:02","modified_gmt":"2020-09-30T10:02:02","slug":"vodna-presa-hidropresa-za-vino-sadje-med-40l","status":"publish","type":"product","link":"https:\/\/distribucionarc.com\/sl\/producto\/prensa-de-agua-hidroprensa-para-vino-frutas-miel-40l\/","title":{"rendered":"Stiskalnica za vodo, hidropresa za vino, sadje, med 40L"},"content":{"rendered":"<h2>Stiskalnica za vodo, hidropresa za vino, sadje, med 40L<\/h2>\n<p>Najhitrej\u0161i na\u010din predelave sve\u017eega soka, ki ohrani vse njegove lastnosti. Preprosto dodajte pretla\u010deno sadje<strong>\u00a0stiskalnica za vodo\u00a0<span style=\"color: #ff0000;\">TO<\/span><span style=\"color: #0000ff;\">R<\/span>c<\/strong>, odprite pipo in opazujte, kako pritisk dotekajo\u010de vode iz pipe pritiska zmlet material od znotraj navzven ob nosilec ko\u0161are.<\/p>\n<p>Genialno preprost pogon, ki<strong>\u00a0<span style=\"color: #008000;\">var\u010devanje z energijo<\/span><\/strong>: Priklju\u010dite cev na vodovodno cev in odprite pipo. Voda iz pipe raz\u0161iri vgrajeno gumijasto membrano navzven in pritisne re\u0161etko ob re\u0161etko ko\u0161are. Mo\u010d pritiska in \u010das lahko nastavite z odpiranjem ali zapiranjem pipe.<\/p>\n<p>On\u00a0<strong>hitro stiskanje<\/strong>\u00a0in\u00a0<strong>kratke preto\u010dne poti<\/strong>\u00a0za\u0161\u010dititi vitamine; Sok bo ohranil \u010dudovito sve\u017eo aromo. Zahvaljujo\u010d visokemu tlaku 3 barov, ki ga izvaja\u00a0<strong>o\u017eemalnik sadja\u00a0<span style=\"color: #ff0000;\">TO<\/span><span style=\"color: #0000ff;\">R<\/span>CPHA40<\/strong>\u00a0dobi\u0161 a\u00a0<strong>izkoristek soka<\/strong>\u00a0izjemoma\u00a0<strong>visoka<\/strong>, tudi \u010de je ko\u0161ara stiskalnice delno polna.<\/p>\n<h6><\/h6>\n<h6><strong>Garancija\u00a0<\/strong><span style=\"color: #ff0000;\"><strong>TO<\/strong><\/span><span style=\"color: #0000ff;\"><strong>R<\/strong><\/span><strong>C 2 LETI<\/strong><\/h6>\n<h6><span style=\"color: #0000ff;\">Stiskalnica brez elektrike, pritisk vode (3 bar)<\/span><\/h6>\n<h6><strong>vklju\u010dena tehni\u010dna podpora<\/strong><\/h6>\n<p>&nbsp;<\/p>\n<table width=\"100%\">\n<tbody>\n<tr>\n<td>fant:<\/td>\n<td width=\"50%\">Hydropress<\/td>\n<td colspan=\"2\" width=\"327\"><\/td>\n<\/tr>\n<tr>\n<td>Dr\u017eava distribucije:<\/td>\n<td width=\"50%\">\u0160panija, Nem\u010dija, ZDA<\/td>\n<td>Te\u017ea:<\/td>\n<td width=\"50%\">18 kg<\/td>\n<\/tr>\n<tr>\n<td>Znamka:<\/td>\n<td width=\"50%\">ARC<\/td>\n<td>Vi\u0161ina:<\/td>\n<td width=\"50%\">90 cm<\/td>\n<\/tr>\n<tr>\n<td>barva:<\/td>\n<td width=\"50%\">Srebrna<\/td>\n<td>dolgo:<\/td>\n<td width=\"50%\">60 cm<\/td>\n<\/tr>\n<tr>\n<td>Vrsta izdelka:<\/td>\n<td width=\"50%\">sokovnik za sadje, stiskalnica za vino<\/td>\n<td>\u0160iroko:<\/td>\n<td width=\"50%\">60 cm<\/td>\n<\/tr>\n<tr>\n<td>\u0160tevilka proizvajalca:<\/td>\n<td width=\"50%\">ARCPHA40<\/td>\n<td>sposobnost:<\/td>\n<td width=\"50%\">40L<\/td>\n<\/tr>\n<tr>\n<td>Material:<\/td>\n<td width=\"50%\">\u00a0nerjave\u010de jeklo za \u017eivila, gumijasta membrana za \u017eivila<\/td>\n<td>Velikost ko\u0161are:<\/td>\n<td width=\"50%\">48 x 41 cm<\/td>\n<\/tr>\n<tr>\n<td>Mere cevi:<\/td>\n<td width=\"50%\">41 cm premera<\/td>\n<td>Oprema:<\/td>\n<td width=\"50%\">Prilo\u017eena stiskalna krpa<\/td>\n<\/tr>\n<tr>\n<td>Vi\u0161ina cevi:<\/td>\n<td width=\"50%\">48 cm<\/td>\n<td>Garancija:<\/td>\n<td width=\"50%\">2 LETI<\/td>\n<\/tr>\n<\/tbody>\n<\/table>","protected":false},"excerpt":{"rendered":"<h2>Stiskalnica za vodo, hidropresa za vino, sadje, med 40L<\/h2>\n<p>The<strong>\u00a0hidravli\u010dni drobilniki\u00a0<span style=\"color: #ff0000;\">TO<\/span><span style=\"color: #0000ff;\">R<\/span>c<\/strong>\u00a0So najbolj\u0161a re\u0161itev za pripravo sokov, predelavo satja, mo\u0161ta, vina, jabol\u010dnika itd.<span style=\"color: #008000;\">\u00a0<\/span><strong><span style=\"color: #008000;\">brez<\/span>\u00a0<\/strong>the<strong>\u00a0<span style=\"color: #008000;\">potrebo po elektri\u010dni energiji<\/span><\/strong><span style=\"color: #008000;\">\u00a0<\/span>in brez fizi\u010dnega napora<\/p>\n<p>Hvala za\u00a0<strong>hidravli\u010dne stiskalnice\u00a0<span style=\"color: #ff0000;\">TO<\/span><span style=\"color: #0000ff;\">R<\/span>c<\/strong>\u00a0stiskanje bo<strong>\u00a0hitro<\/strong>\u00a0in z\u00a0<strong>kratke preto\u010dne poti\u00a0<\/strong>pomo\u010d pri za\u0161\u010diti vitaminov; Dobili boste izdelek \u010dudovitega sve\u017eega vonja. Zahvaljujo\u010d visokemu tlaku, a\u00a0<strong>uspe\u0161nosti\u00a0<\/strong>soka izjemoma\u00a0<strong>visoka<\/strong><\/p>\n<h6><strong>Garancija<span style=\"color: #ff0000;\">\u00a0<\/span><\/strong><span style=\"color: #ff0000;\"><strong>TO<\/strong><\/span><span style=\"color: #0000ff;\"><strong>R<\/strong><\/span><strong>C 2 LETI<\/strong><\/h6>\n<h6><span style=\"color: #0000ff;\">Stiskalnica brez elektrike, pritisk vode (3 bar)<\/span><\/h6>\n<h6><strong>vklju\u010dena tehni\u010dna podpora<\/strong><\/h6>","protected":false},"featured_media":2187,"comment_status":"open","ping_status":"closed","template":"","meta":{"wds_primary_product_brand":0,"wds_primary_product_cat":0},"product_brand":[],"product_cat":[30,65,67],"product_tag":[],"class_list":{"0":"post-2186","1":"product","2":"type-product","3":"status-publish","4":"has-post-thumbnail","6":"product_cat-maquinaria-apicola","7":"product_cat-maquinaria-industrial-para-procesar-fruta-verdura-panales","8":"product_cat-prensas-de-frutas-trituradoras","9":"product_shipping_class-hosteleria","11":"first","12":"instock","13":"sale","14":"taxable","15":"shipping-taxable","16":"purchasable","17":"product-type-simple"},"yoast_head":"<!-- This site is optimized with the Yoast SEO Premium plugin v24.9 (Yoast SEO v26.1) - https:\/\/yoast.com\/wordpress\/plugins\/seo\/ -->\n<title>Prensa de agua, Hidroprensa para vino, frutas, miel 40L - distribuci\u00f3n ARC<\/title>\n<meta name=\"robots\" content=\"index, follow, max-snippet:-1, max-image-preview:large, max-video-preview:-1\" \/>\n<link rel=\"canonical\" href=\"https:\/\/distribucionarc.com\/sl\/izdelek\/vodna-presa-hidropresa-za-vino-sadje-med-40l\/\" \/>\n<meta property=\"og:locale\" content=\"sl_SI\" \/>\n<meta property=\"og:type\" content=\"article\" \/>\n<meta property=\"og:title\" content=\"Prensa de agua, Hidroprensa para vino, frutas, miel 40L\" \/>\n<meta property=\"og:description\" content=\"Prensa de agua, Hidroprensa para vino, frutas, miel 40L Las\u00a0trituradoras hidr\u00e1ulicas\u00a0ARC\u00a0son la mejor soluci\u00f3n para realizar zumos, procesar panales de miel, mostos, vino, sidra, etc.\u00a0Sin\u00a0la\u00a0necesidad de energ\u00eda el\u00e9ctrica\u00a0y sin esfuerzo f\u00edsico  Gracias a las\u00a0Prensas hidr\u00e1ulicas\u00a0ARC\u00a0el\u00a0prensado ser\u00e1\u00a0r\u00e1pido\u00a0y con\u00a0recorridos cortos de flujo\u00a0ayudando a\u00a0proteger las vitaminas;\u00a0obtendr\u00e1 un producto con un aroma maravillosamente fresco.\u00a0Gracias a la alta presi\u00f3n se obtiene un\u00a0rendimiento\u00a0de zumo\u00a0excepcionalmente\u00a0alto Garant\u00eda\u00a0ARC 2 A\u00d1OS Prensa sin electricidad,\u00a0 presi\u00f3n de agua\u00a0(3 bar) soporte t\u00e9cnico\u00a0incluido\" \/>\n<meta property=\"og:url\" content=\"https:\/\/distribucionarc.com\/sl\/izdelek\/vodna-presa-hidropresa-za-vino-sadje-med-40l\/\" \/>\n<meta property=\"og:site_name\" content=\"distribuci\u00f3n ARC\" \/>\n<meta property=\"article:modified_time\" content=\"2020-09-30T10:02:02+00:00\" \/>\n<meta property=\"og:image\" content=\"https:\/\/distribucionarc.com\/wp-content\/uploads\/2020\/08\/Prensa-de-agua-Hidro-prensa-para-frutas-verduras-miel-40L-0.jpg\" \/>\n\t<meta property=\"og:image:width\" content=\"1000\" \/>\n\t<meta property=\"og:image:height\" content=\"1000\" \/>\n\t<meta property=\"og:image:type\" content=\"image\/jpeg\" \/>\n<meta name=\"twitter:card\" content=\"summary_large_image\" \/>\n<meta name=\"twitter:label1\" content=\"Est. reading time\" \/>\n\t<meta name=\"twitter:data1\" content=\"1 minuta\" \/>\n<script type=\"application\/ld+json\" class=\"yoast-schema-graph\">{\"@context\":\"https:\/\/schema.org\",\"@graph\":[{\"@type\":\"WebPage\",\"@id\":\"https:\/\/distribucionarc.com\/el\/producto\/prensa-de-agua-hidroprensa-para-vino-frutas-miel-40l\/\",\"url\":\"https:\/\/distribucionarc.com\/el\/producto\/prensa-de-agua-hidroprensa-para-vino-frutas-miel-40l\/\",\"name\":\"Prensa de agua, Hidroprensa para vino, frutas, miel 40L - distribuci\u00f3n ARC\",\"isPartOf\":{\"@id\":\"https:\/\/www.distribucionarc.com\/sl\/#website\"},\"primaryImageOfPage\":{\"@id\":\"https:\/\/distribucionarc.com\/el\/producto\/prensa-de-agua-hidroprensa-para-vino-frutas-miel-40l\/#primaryimage\"},\"image\":{\"@id\":\"https:\/\/distribucionarc.com\/el\/producto\/prensa-de-agua-hidroprensa-para-vino-frutas-miel-40l\/#primaryimage\"},\"thumbnailUrl\":\"https:\/\/distribucionarc.com\/wp-content\/uploads\/2020\/08\/Prensa-de-agua-Hidro-prensa-para-frutas-verduras-miel-40L-0.jpg\",\"datePublished\":\"2020-08-11T15:21:24+00:00\",\"dateModified\":\"2020-09-30T10:02:02+00:00\",\"breadcrumb\":{\"@id\":\"https:\/\/distribucionarc.com\/el\/producto\/prensa-de-agua-hidroprensa-para-vino-frutas-miel-40l\/#breadcrumb\"},\"inLanguage\":\"sl-SI\",\"potentialAction\":[{\"@type\":\"ReadAction\",\"target\":[\"https:\/\/distribucionarc.com\/el\/producto\/prensa-de-agua-hidroprensa-para-vino-frutas-miel-40l\/\"]}]},{\"@type\":\"ImageObject\",\"inLanguage\":\"sl-SI\",\"@id\":\"https:\/\/distribucionarc.com\/el\/producto\/prensa-de-agua-hidroprensa-para-vino-frutas-miel-40l\/#primaryimage\",\"url\":\"https:\/\/distribucionarc.com\/wp-content\/uploads\/2020\/08\/Prensa-de-agua-Hidro-prensa-para-frutas-verduras-miel-40L-0.jpg\",\"contentUrl\":\"https:\/\/distribucionarc.com\/wp-content\/uploads\/2020\/08\/Prensa-de-agua-Hidro-prensa-para-frutas-verduras-miel-40L-0.jpg\",\"width\":1000,\"height\":1000,\"caption\":\"Prensa de agua Hidro prensa para frutas verduras miel 40L\"},{\"@type\":\"BreadcrumbList\",\"@id\":\"https:\/\/distribucionarc.com\/el\/producto\/prensa-de-agua-hidroprensa-para-vino-frutas-miel-40l\/#breadcrumb\",\"itemListElement\":[{\"@type\":\"ListItem\",\"position\":1,\"name\":\"Portada\",\"item\":\"https:\/\/www.distribucionarc.com\/\"},{\"@type\":\"ListItem\",\"position\":2,\"name\":\"\u00dcr\u00fcnler\",\"item\":\"https:\/\/www.distribucionarc.com\/tr\/magaza\/\"},{\"@type\":\"ListItem\",\"position\":3,\"name\":\"Prensa de agua, Hidroprensa para vino, frutas, miel 40L\"}]},{\"@type\":\"WebSite\",\"@id\":\"https:\/\/www.distribucionarc.com\/sl\/#website\",\"url\":\"https:\/\/www.distribucionarc.com\/sl\/\",\"name\":\"distribuci\u00f3n ARC\",\"description\":\"Empresa especializada en la fabricaci\u00f3n y distribuci\u00f3n de maquinaria industrial, selladoras de latas, Maquinas de hacer pastillas, Maquinas de cortar carne...\",\"publisher\":{\"@id\":\"https:\/\/www.distribucionarc.com\/sl\/#organization\"},\"potentialAction\":[{\"@type\":\"SearchAction\",\"target\":{\"@type\":\"EntryPoint\",\"urlTemplate\":\"https:\/\/www.distribucionarc.com\/sl\/?s={search_term_string}\"},\"query-input\":{\"@type\":\"PropertyValueSpecification\",\"valueRequired\":true,\"valueName\":\"search_term_string\"}}],\"inLanguage\":\"sl-SI\"},{\"@type\":\"Organization\",\"@id\":\"https:\/\/www.distribucionarc.com\/sl\/#organization\",\"name\":\"Distribuci\u00f3n ARC\",\"url\":\"https:\/\/www.distribucionarc.com\/sl\/\",\"logo\":{\"@type\":\"ImageObject\",\"inLanguage\":\"sl-SI\",\"@id\":\"https:\/\/www.distribucionarc.com\/sl\/#\/schema\/logo\/image\/\",\"url\":\"https:\/\/distribucionarc.com\/wp-content\/uploads\/2024\/10\/distribucion-ARC-COLOR-SIN-FONDO-e1732295305345.png\",\"contentUrl\":\"https:\/\/distribucionarc.com\/wp-content\/uploads\/2024\/10\/distribucion-ARC-COLOR-SIN-FONDO-e1732295305345.png\",\"width\":1164,\"height\":558,\"caption\":\"Distribuci\u00f3n ARC\"},\"image\":{\"@id\":\"https:\/\/www.distribucionarc.com\/sl\/#\/schema\/logo\/image\/\"},\"description\":\"Empresa especializada en la fabricaci\u00f3n y distribuci\u00f3n de maquinaria industrial para los sectores alimentario y farmac\u00e9utico. Nos especializamos en: M\u00e1quinas de cortar carne Fabricaci\u00f3n de comprimidos Sistemas de transporte industrial L\u00edneas de embotellado Dosificadores Y mucho m\u00e1s... Ofrecemos soluciones innovadoras y personalizadas para optimizar los procesos productivos de tu empresa.\",\"email\":\"Admistracion@distribucionarc.com\",\"telephone\":\"+34 643496664\",\"legalName\":\"ARC TECH SOLUTIONS\",\"foundingDate\":\"2024-04-09\",\"vatID\":\"B55480172\",\"numberOfEmployees\":{\"@type\":\"QuantitativeValue\",\"minValue\":\"1\",\"maxValue\":\"10\"}}]}<\/script>\n<!-- \/ Yoast SEO Premium plugin. -->","yoast_head_json":{"title":"Vodna stiskalnica, Hydropress za vino, sadje, med 40L - distribucija ARC","robots":{"index":"index","follow":"follow","max-snippet":"max-snippet:-1","max-image-preview":"max-image-preview:large","max-video-preview":"max-video-preview:-1"},"canonical":"https:\/\/distribucionarc.com\/sl\/izdelek\/vodna-presa-hidropresa-za-vino-sadje-med-40l\/","og_locale":"sl_SI","og_type":"article","og_title":"Prensa de agua, Hidroprensa para vino, frutas, miel 40L","og_description":"Prensa de agua, Hidroprensa para vino, frutas, miel 40L Las\u00a0trituradoras hidr\u00e1ulicas\u00a0ARC\u00a0son la mejor soluci\u00f3n para realizar zumos, procesar panales de miel, mostos, vino, sidra, etc.\u00a0Sin\u00a0la\u00a0necesidad de energ\u00eda el\u00e9ctrica\u00a0y sin esfuerzo f\u00edsico  Gracias a las\u00a0Prensas hidr\u00e1ulicas\u00a0ARC\u00a0el\u00a0prensado ser\u00e1\u00a0r\u00e1pido\u00a0y con\u00a0recorridos cortos de flujo\u00a0ayudando a\u00a0proteger las vitaminas;\u00a0obtendr\u00e1 un producto con un aroma maravillosamente fresco.\u00a0Gracias a la alta presi\u00f3n se obtiene un\u00a0rendimiento\u00a0de zumo\u00a0excepcionalmente\u00a0alto Garant\u00eda\u00a0ARC 2 A\u00d1OS Prensa sin electricidad,\u00a0 presi\u00f3n de agua\u00a0(3 bar) soporte t\u00e9cnico\u00a0incluido","og_url":"https:\/\/distribucionarc.com\/sl\/izdelek\/vodna-presa-hidropresa-za-vino-sadje-med-40l\/","og_site_name":"distribuci\u00f3n ARC","article_modified_time":"2020-09-30T10:02:02+00:00","og_image":[{"width":1000,"height":1000,"url":"https:\/\/distribucionarc.com\/wp-content\/uploads\/2020\/08\/Prensa-de-agua-Hidro-prensa-para-frutas-verduras-miel-40L-0.jpg","type":"image\/jpeg"}],"twitter_card":"summary_large_image","twitter_misc":{"Est. reading time":"1 minuta"},"schema":{"@context":"https:\/\/schema.org","@graph":[{"@type":"WebPage","@id":"https:\/\/distribucionarc.com\/el\/producto\/prensa-de-agua-hidroprensa-para-vino-frutas-miel-40l\/","url":"https:\/\/distribucionarc.com\/el\/producto\/prensa-de-agua-hidroprensa-para-vino-frutas-miel-40l\/","name":"Vodna stiskalnica, Hydropress za vino, sadje, med 40L - distribucija ARC","isPartOf":{"@id":"https:\/\/www.distribucionarc.com\/sl\/#website"},"primaryImageOfPage":{"@id":"https:\/\/distribucionarc.com\/el\/producto\/prensa-de-agua-hidroprensa-para-vino-frutas-miel-40l\/#primaryimage"},"image":{"@id":"https:\/\/distribucionarc.com\/el\/producto\/prensa-de-agua-hidroprensa-para-vino-frutas-miel-40l\/#primaryimage"},"thumbnailUrl":"https:\/\/distribucionarc.com\/wp-content\/uploads\/2020\/08\/Prensa-de-agua-Hidro-prensa-para-frutas-verduras-miel-40L-0.jpg","datePublished":"2020-08-11T15:21:24+00:00","dateModified":"2020-09-30T10:02:02+00:00","breadcrumb":{"@id":"https:\/\/distribucionarc.com\/el\/producto\/prensa-de-agua-hidroprensa-para-vino-frutas-miel-40l\/#breadcrumb"},"inLanguage":"sl-SI","potentialAction":[{"@type":"ReadAction","target":["https:\/\/distribucionarc.com\/el\/producto\/prensa-de-agua-hidroprensa-para-vino-frutas-miel-40l\/"]}]},{"@type":"ImageObject","inLanguage":"sl-SI","@id":"https:\/\/distribucionarc.com\/el\/producto\/prensa-de-agua-hidroprensa-para-vino-frutas-miel-40l\/#primaryimage","url":"https:\/\/distribucionarc.com\/wp-content\/uploads\/2020\/08\/Prensa-de-agua-Hidro-prensa-para-frutas-verduras-miel-40L-0.jpg","contentUrl":"https:\/\/distribucionarc.com\/wp-content\/uploads\/2020\/08\/Prensa-de-agua-Hidro-prensa-para-frutas-verduras-miel-40L-0.jpg","width":1000,"height":1000,"caption":"Prensa de agua Hidro prensa para frutas verduras miel 40L"},{"@type":"BreadcrumbList","@id":"https:\/\/distribucionarc.com\/el\/producto\/prensa-de-agua-hidroprensa-para-vino-frutas-miel-40l\/#breadcrumb","itemListElement":[{"@type":"ListItem","position":1,"name":"Portada","item":"https:\/\/www.distribucionarc.com\/"},{"@type":"ListItem","position":2,"name":"\u00dcr\u00fcnler","item":"https:\/\/www.distribucionarc.com\/tr\/magaza\/"},{"@type":"ListItem","position":3,"name":"Prensa de agua, Hidroprensa para vino, frutas, miel 40L"}]},{"@type":"WebSite","@id":"https:\/\/www.distribucionarc.com\/sl\/#website","url":"https:\/\/www.distribucionarc.com\/sl\/","name":"ARC porazdelitev","description":"Podjetje je specializirano za proizvodnjo in distribucijo industrijskih strojev, strojev za zapiranje plo\u010devink, strojev za izdelavo tablet, strojev za rezanje mesa...","publisher":{"@id":"https:\/\/www.distribucionarc.com\/sl\/#organization"},"potentialAction":[{"@type":"SearchAction","target":{"@type":"EntryPoint","urlTemplate":"https:\/\/www.distribucionarc.com\/sl\/?s={search_term_string}"},"query-input":{"@type":"PropertyValueSpecification","valueRequired":true,"valueName":"search_term_string"}}],"inLanguage":"sl-SI"},{"@type":"Organization","@id":"https:\/\/www.distribucionarc.com\/sl\/#organization","name":"Distribucija ARC","url":"https:\/\/www.distribucionarc.com\/sl\/","logo":{"@type":"ImageObject","inLanguage":"sl-SI","@id":"https:\/\/www.distribucionarc.com\/sl\/#\/schema\/logo\/image\/","url":"https:\/\/distribucionarc.com\/wp-content\/uploads\/2024\/10\/distribucion-ARC-COLOR-SIN-FONDO-e1732295305345.png","contentUrl":"https:\/\/distribucionarc.com\/wp-content\/uploads\/2024\/10\/distribucion-ARC-COLOR-SIN-FONDO-e1732295305345.png","width":1164,"height":558,"caption":"Distribuci\u00f3n ARC"},"image":{"@id":"https:\/\/www.distribucionarc.com\/sl\/#\/schema\/logo\/image\/"},"description":"Podjetje, specializirano za proizvodnjo in distribucijo industrijskih strojev za \u017eivilski in farmacevtski sektor. Specializirani smo za: Stroji za rezanje mesa Proizvodnja tablet Industrijski transportni sistemi Stekleni\u010darske linije Dozirni stroji In \u0161e veliko ve\u010d... Ponujamo inovativne in prilagojene re\u0161itve za optimizacijo proizvodnih procesov va\u0161ega podjetja.","email":"Admistracion@distribucionarc.com","telephone":"+34 643496664","legalName":"ARC TECH SOLUTIONS","foundingDate":"2024-04-09","vatID":"B55480172","numberOfEmployees":{"@type":"QuantitativeValue","minValue":"1","maxValue":"10"}}]}},"_links":{"self":[{"href":"https:\/\/distribucionarc.com\/sl\/wp-json\/wp\/v2\/product\/2186","targetHints":{"allow":["GET"]}}],"collection":[{"href":"https:\/\/distribucionarc.com\/sl\/wp-json\/wp\/v2\/product"}],"about":[{"href":"https:\/\/distribucionarc.com\/sl\/wp-json\/wp\/v2\/types\/product"}],"replies":[{"embeddable":true,"href":"https:\/\/distribucionarc.com\/sl\/wp-json\/wp\/v2\/comments?post=2186"}],"version-history":[{"count":0,"href":"https:\/\/distribucionarc.com\/sl\/wp-json\/wp\/v2\/product\/2186\/revisions"}],"wp:featuredmedia":[{"embeddable":true,"href":"https:\/\/distribucionarc.com\/sl\/wp-json\/wp\/v2\/media\/2187"}],"wp:attachment":[{"href":"https:\/\/distribucionarc.com\/sl\/wp-json\/wp\/v2\/media?parent=2186"}],"wp:term":[{"taxonomy":"product_brand","embeddable":true,"href":"https:\/\/distribucionarc.com\/sl\/wp-json\/wp\/v2\/product_brand?post=2186"},{"taxonomy":"product_cat","embeddable":true,"href":"https:\/\/distribucionarc.com\/sl\/wp-json\/wp\/v2\/product_cat?post=2186"},{"taxonomy":"product_tag","embeddable":true,"href":"https:\/\/distribucionarc.com\/sl\/wp-json\/wp\/v2\/product_tag?post=2186"}],"curies":[{"name":"delovni list","href":"https:\/\/api.w.org\/{rel}","templated":true}]}}