{"id":2377,"date":"2020-08-17T11:24:54","date_gmt":"2020-08-17T11:24:54","guid":{"rendered":"https:\/\/distribucionarc.com\/?post_type=product&#038;p=2377"},"modified":"2023-01-12T07:14:03","modified_gmt":"2023-01-12T07:14:03","slug":"ozemalnik-sladkornega-trsa","status":"publish","type":"product","link":"https:\/\/distribucionarc.com\/sl\/producto\/exprimidor-de-cana-de-azucar\/","title":{"rendered":"sokovnik iz sladkornega trsa"},"content":{"rendered":"<h3>sokovnik iz sladkornega trsa<\/h3>\n<p>Osnova za <strong>ekstraktor sladkornega trsa<span style=\"color: #ff0000;\"> TO<\/span><span style=\"color: #0000ff;\">R<\/span>c<\/strong> Izdelan je iz litega \u017eeleza. Ima osupljivo obliko, je enostaven za uporabo in kar najbolje izkoristi napor pri iztiskanju soka. Stroj za ekstrakcijo je primeren za mestne in pode\u017eelske trgovine, kmetije in druge samostojne ali majhne storitvene industrije pija\u010d.<\/p>\n<p>Vsi kosi <strong>o\u017eemalnik <span style=\"color: #ff0000;\">TO<\/span><span style=\"color: #0000ff;\">R<\/span>CEMC1<\/strong> Izdelane so iz nerjave\u010dega jekla 304 za \u017eivila, ki ustrezajo vsem predpisom, njihov volan pa olaj\u0161a stiskanje.<\/p>\n<p>Zahvaljujo\u010d odli\u010dni zmogljivosti vas<strong> Predela lahko do 50 kg na uro.<\/strong>. Ima nastavljivo pipo za nadzor pretoka soka.<\/p>\n<h6><strong>Garancija\u00a0<\/strong><span style=\"color: #ff0000;\"><strong>TO<\/strong><\/span><span style=\"color: #0000ff;\"><strong>R<\/strong><\/span><strong>C 2 LETI<\/strong><\/h6>\n<h6><strong>vklju\u010dena tehni\u010dna podpora<\/strong><\/h6>\n<p>&nbsp;<\/p>\n<table width=\"100%\">\n<tbody>\n<tr>\n<td>fant:<\/td>\n<td width=\"50%\">Priro\u010dnik<\/td>\n<td colspan=\"2\" width=\"327\"><\/td>\n<\/tr>\n<tr>\n<td>Dr\u017eava distribucije:<\/td>\n<td width=\"50%\">\u0160panija, Nem\u010dija, ZDA<\/td>\n<td>Te\u017ea:<\/td>\n<td width=\"50%\">30 kg<\/td>\n<\/tr>\n<tr>\n<td>Znamka:<\/td>\n<td width=\"50%\">ARC<\/td>\n<td>Vi\u0161ina:<\/td>\n<td width=\"50%\">32 cm<\/td>\n<\/tr>\n<tr>\n<td>barva:<\/td>\n<td width=\"50%\">Srebrna<\/td>\n<td>dolgo:<\/td>\n<td width=\"50%\">\u00a042 cm<\/td>\n<\/tr>\n<tr>\n<td>Vrsta izdelka:<\/td>\n<td width=\"50%\">sokovnik iz sladkornega trsa<\/td>\n<td>\u0160iroko:<\/td>\n<td width=\"50%\">35 cm<\/td>\n<\/tr>\n<tr>\n<td>\u0160tevilka proizvajalca:<\/td>\n<td width=\"50%\">ARCEMC1<\/td>\n<td>Vrsta ekstrakcije:<\/td>\n<td width=\"50%\">roko<\/td>\n<\/tr>\n<tr>\n<td>Material:<\/td>\n<td width=\"50%\">\u00a0\u017eivilsko nerjave\u010de jeklo 304<\/td>\n<td>Nastavitev palice:<\/td>\n<td width=\"50%\">2,60 cm premera<\/td>\n<\/tr>\n<tr>\n<td>Garancija:<\/td>\n<td width=\"50%\">2 LETI<\/td>\n<td>Stopnja ekstrakcije soka:<\/td>\n<td width=\"50%\">(60-80)\/100<\/td>\n<\/tr>\n<tr>\n<td>Orodja za namestitev:<\/td>\n<td width=\"50%\">ja<\/td>\n<td>Izhod:<\/td>\n<td width=\"50%\">50 kg\/h<\/td>\n<\/tr>\n<\/tbody>\n<\/table>","protected":false},"excerpt":{"rendered":"<h2>sokovnik iz sladkornega trsa<\/h2>\n<p>to <strong>ekstraktor sladkornega trsa <span style=\"color: #ff0000;\">TO<\/span><span style=\"color: #0000ff;\">R<\/span>c<\/strong> Uporablja se za stiskanje sladkornega trsa, pa tudi ingverja, jabolk, sirkove plo\u0161\u010dice, koruznega stebla itd. Predstavlja najnovej\u0161o tehnologijo za pridobivanje najve\u010dje koli\u010dine soka. Ohi\u0161je in notranji valji so zaradi zahtev glede tlaka izdelani iz nerjave\u010dega jekla 304.<\/p>\n<h6><strong>Garancija\u00a0<\/strong><span style=\"color: #ff0000;\"><strong>TO<\/strong><\/span><span style=\"color: #0000ff;\"><strong>R<\/strong><\/span><strong>C 2 LETI<\/strong><\/h6>\n<h6><strong>vklju\u010dena tehni\u010dna podpora<\/strong><\/h6>","protected":false},"featured_media":2383,"comment_status":"open","ping_status":"closed","template":"","meta":{"wds_primary_product_brand":0,"wds_primary_product_cat":0},"product_brand":[],"product_cat":[65,67],"product_tag":[],"class_list":{"0":"post-2377","1":"product","2":"type-product","3":"status-publish","4":"has-post-thumbnail","6":"product_cat-maquinaria-industrial-para-procesar-fruta-verdura-panales","7":"product_cat-prensas-de-frutas-trituradoras","8":"product_shipping_class-hosteleria","10":"first","11":"instock","12":"taxable","13":"shipping-taxable","14":"purchasable","15":"product-type-simple"},"yoast_head":"<!-- This site is optimized with the Yoast SEO Premium plugin v24.9 (Yoast SEO v26.1) - https:\/\/yoast.com\/wordpress\/plugins\/seo\/ -->\n<title>Exprimidor de ca\u00f1a de az\u00facar - distribuci\u00f3n ARC<\/title>\n<meta name=\"robots\" content=\"index, follow, max-snippet:-1, max-image-preview:large, max-video-preview:-1\" \/>\n<link rel=\"canonical\" href=\"https:\/\/distribucionarc.com\/sl\/izdelek\/ozemalnik-sladkornega-trsa\/\" \/>\n<meta property=\"og:locale\" content=\"sl_SI\" \/>\n<meta property=\"og:type\" content=\"article\" \/>\n<meta property=\"og:title\" content=\"Exprimidor de ca\u00f1a de az\u00facar\" \/>\n<meta property=\"og:description\" content=\"Exprimidor de ca\u00f1a de az\u00facar Este extractor de ca\u00f1a de az\u00facar ARC se usa para exprimir ca\u00f1a de az\u00facar, as\u00ed como el jengibre, las manzanas, la barra de sorgo, el tallo de ma\u00edz, etc. Introduce la \u00faltima tecnolog\u00eda para obtener la m\u00e1xima cantidad de zumo. La carcasa y los rodillos interiores est\u00e1n dise\u00f1ados para ser de acero inoxidable 304 debido a los requisitos de presi\u00f3n. Garant\u00eda\u00a0ARC 2 A\u00d1OS soporte t\u00e9cnico\u00a0incluido\" \/>\n<meta property=\"og:url\" content=\"https:\/\/distribucionarc.com\/sl\/izdelek\/ozemalnik-sladkornega-trsa\/\" \/>\n<meta property=\"og:site_name\" content=\"distribuci\u00f3n ARC\" \/>\n<meta property=\"article:modified_time\" content=\"2023-01-12T07:14:03+00:00\" \/>\n<meta property=\"og:image\" content=\"https:\/\/distribucionarc.com\/wp-content\/uploads\/2020\/08\/Exprimidor-de-ca\u00f1a-de-az\u00facar-0.jpg\" \/>\n\t<meta property=\"og:image:width\" content=\"1600\" \/>\n\t<meta property=\"og:image:height\" content=\"1600\" \/>\n\t<meta property=\"og:image:type\" content=\"image\/jpeg\" \/>\n<meta name=\"twitter:card\" content=\"summary_large_image\" \/>\n<meta name=\"twitter:label1\" content=\"Est. reading time\" \/>\n\t<meta name=\"twitter:data1\" content=\"1 minuta\" \/>\n<script type=\"application\/ld+json\" class=\"yoast-schema-graph\">{\"@context\":\"https:\/\/schema.org\",\"@graph\":[{\"@type\":\"WebPage\",\"@id\":\"https:\/\/distribucionarc.com\/producto\/exprimidor-de-cana-de-azucar\/\",\"url\":\"https:\/\/distribucionarc.com\/producto\/exprimidor-de-cana-de-azucar\/\",\"name\":\"Exprimidor de ca\u00f1a de az\u00facar - distribuci\u00f3n ARC\",\"isPartOf\":{\"@id\":\"https:\/\/distribucionarc.com\/de\/#website\"},\"primaryImageOfPage\":{\"@id\":\"https:\/\/distribucionarc.com\/producto\/exprimidor-de-cana-de-azucar\/#primaryimage\"},\"image\":{\"@id\":\"https:\/\/distribucionarc.com\/producto\/exprimidor-de-cana-de-azucar\/#primaryimage\"},\"thumbnailUrl\":\"https:\/\/distribucionarc.com\/wp-content\/uploads\/2020\/08\/Exprimidor-de-ca\u00f1a-de-az\u00facar-0.jpg\",\"datePublished\":\"2020-08-17T11:24:54+00:00\",\"dateModified\":\"2023-01-12T07:14:03+00:00\",\"breadcrumb\":{\"@id\":\"https:\/\/distribucionarc.com\/producto\/exprimidor-de-cana-de-azucar\/#breadcrumb\"},\"inLanguage\":\"sl-SI\",\"potentialAction\":[{\"@type\":\"ReadAction\",\"target\":[\"https:\/\/distribucionarc.com\/producto\/exprimidor-de-cana-de-azucar\/\"]}]},{\"@type\":\"ImageObject\",\"inLanguage\":\"sl-SI\",\"@id\":\"https:\/\/distribucionarc.com\/producto\/exprimidor-de-cana-de-azucar\/#primaryimage\",\"url\":\"https:\/\/distribucionarc.com\/wp-content\/uploads\/2020\/08\/Exprimidor-de-ca\u00f1a-de-az\u00facar-0.jpg\",\"contentUrl\":\"https:\/\/distribucionarc.com\/wp-content\/uploads\/2020\/08\/Exprimidor-de-ca\u00f1a-de-az\u00facar-0.jpg\",\"width\":1600,\"height\":1600,\"caption\":\"Exprimidor de ca\u00f1a de az\u00facar\"},{\"@type\":\"BreadcrumbList\",\"@id\":\"https:\/\/distribucionarc.com\/producto\/exprimidor-de-cana-de-azucar\/#breadcrumb\",\"itemListElement\":[{\"@type\":\"ListItem\",\"position\":1,\"name\":\"Portada\",\"item\":\"https:\/\/distribucionarc.com\/pl\/\"},{\"@type\":\"ListItem\",\"position\":2,\"name\":\"Produkty\",\"item\":\"https:\/\/distribucionarc.com\/pl\/shop\/\"},{\"@type\":\"ListItem\",\"position\":3,\"name\":\"Exprimidor de ca\u00f1a de az\u00facar\"}]},{\"@type\":\"WebSite\",\"@id\":\"https:\/\/distribucionarc.com\/de\/#website\",\"url\":\"https:\/\/distribucionarc.com\/de\/\",\"name\":\"distribuci\u00f3n ARC\",\"description\":\"Empresa especializada en la fabricaci\u00f3n y distribuci\u00f3n de maquinaria industrial, selladoras de latas, Maquinas de hacer pastillas, Maquinas de cortar carne...\",\"publisher\":{\"@id\":\"https:\/\/distribucionarc.com\/de\/#organization\"},\"potentialAction\":[{\"@type\":\"SearchAction\",\"target\":{\"@type\":\"EntryPoint\",\"urlTemplate\":\"https:\/\/distribucionarc.com\/de\/?s={search_term_string}\"},\"query-input\":{\"@type\":\"PropertyValueSpecification\",\"valueRequired\":true,\"valueName\":\"search_term_string\"}}],\"inLanguage\":\"sl-SI\"},{\"@type\":\"Organization\",\"@id\":\"https:\/\/distribucionarc.com\/de\/#organization\",\"name\":\"Distribuci\u00f3n ARC\",\"url\":\"https:\/\/distribucionarc.com\/de\/\",\"logo\":{\"@type\":\"ImageObject\",\"inLanguage\":\"sl-SI\",\"@id\":\"https:\/\/distribucionarc.com\/de\/#\/schema\/logo\/image\/\",\"url\":\"https:\/\/distribucionarc.com\/wp-content\/uploads\/2024\/10\/distribucion-ARC-COLOR-SIN-FONDO-e1732295305345.png\",\"contentUrl\":\"https:\/\/distribucionarc.com\/wp-content\/uploads\/2024\/10\/distribucion-ARC-COLOR-SIN-FONDO-e1732295305345.png\",\"width\":1164,\"height\":558,\"caption\":\"Distribuci\u00f3n ARC\"},\"image\":{\"@id\":\"https:\/\/distribucionarc.com\/de\/#\/schema\/logo\/image\/\"},\"description\":\"Empresa especializada en la fabricaci\u00f3n y distribuci\u00f3n de maquinaria industrial para los sectores alimentario y farmac\u00e9utico. Nos especializamos en: M\u00e1quinas de cortar carne Fabricaci\u00f3n de comprimidos Sistemas de transporte industrial L\u00edneas de embotellado Dosificadores Y mucho m\u00e1s... Ofrecemos soluciones innovadoras y personalizadas para optimizar los procesos productivos de tu empresa.\",\"email\":\"Admistracion@distribucionarc.com\",\"telephone\":\"+34 643496664\",\"legalName\":\"ARC TECH SOLUTIONS\",\"foundingDate\":\"2024-04-09\",\"vatID\":\"B55480172\",\"numberOfEmployees\":{\"@type\":\"QuantitativeValue\",\"minValue\":\"1\",\"maxValue\":\"10\"}}]}<\/script>\n<!-- \/ Yoast SEO Premium plugin. -->","yoast_head_json":{"title":"Sokovnik za sladkorni trs - distribucija ARC","robots":{"index":"index","follow":"follow","max-snippet":"max-snippet:-1","max-image-preview":"max-image-preview:large","max-video-preview":"max-video-preview:-1"},"canonical":"https:\/\/distribucionarc.com\/sl\/izdelek\/ozemalnik-sladkornega-trsa\/","og_locale":"sl_SI","og_type":"article","og_title":"Exprimidor de ca\u00f1a de az\u00facar","og_description":"Exprimidor de ca\u00f1a de az\u00facar Este extractor de ca\u00f1a de az\u00facar ARC se usa para exprimir ca\u00f1a de az\u00facar, as\u00ed como el jengibre, las manzanas, la barra de sorgo, el tallo de ma\u00edz, etc. Introduce la \u00faltima tecnolog\u00eda para obtener la m\u00e1xima cantidad de zumo. La carcasa y los rodillos interiores est\u00e1n dise\u00f1ados para ser de acero inoxidable 304 debido a los requisitos de presi\u00f3n. Garant\u00eda\u00a0ARC 2 A\u00d1OS soporte t\u00e9cnico\u00a0incluido","og_url":"https:\/\/distribucionarc.com\/sl\/izdelek\/ozemalnik-sladkornega-trsa\/","og_site_name":"distribuci\u00f3n ARC","article_modified_time":"2023-01-12T07:14:03+00:00","og_image":[{"width":1600,"height":1600,"url":"https:\/\/distribucionarc.com\/wp-content\/uploads\/2020\/08\/Exprimidor-de-ca\u00f1a-de-az\u00facar-0.jpg","type":"image\/jpeg"}],"twitter_card":"summary_large_image","twitter_misc":{"Est. reading time":"1 minuta"},"schema":{"@context":"https:\/\/schema.org","@graph":[{"@type":"WebPage","@id":"https:\/\/distribucionarc.com\/producto\/exprimidor-de-cana-de-azucar\/","url":"https:\/\/distribucionarc.com\/producto\/exprimidor-de-cana-de-azucar\/","name":"Sokovnik za sladkorni trs - distribucija ARC","isPartOf":{"@id":"https:\/\/distribucionarc.com\/de\/#website"},"primaryImageOfPage":{"@id":"https:\/\/distribucionarc.com\/producto\/exprimidor-de-cana-de-azucar\/#primaryimage"},"image":{"@id":"https:\/\/distribucionarc.com\/producto\/exprimidor-de-cana-de-azucar\/#primaryimage"},"thumbnailUrl":"https:\/\/distribucionarc.com\/wp-content\/uploads\/2020\/08\/Exprimidor-de-ca\u00f1a-de-az\u00facar-0.jpg","datePublished":"2020-08-17T11:24:54+00:00","dateModified":"2023-01-12T07:14:03+00:00","breadcrumb":{"@id":"https:\/\/distribucionarc.com\/producto\/exprimidor-de-cana-de-azucar\/#breadcrumb"},"inLanguage":"sl-SI","potentialAction":[{"@type":"ReadAction","target":["https:\/\/distribucionarc.com\/producto\/exprimidor-de-cana-de-azucar\/"]}]},{"@type":"ImageObject","inLanguage":"sl-SI","@id":"https:\/\/distribucionarc.com\/producto\/exprimidor-de-cana-de-azucar\/#primaryimage","url":"https:\/\/distribucionarc.com\/wp-content\/uploads\/2020\/08\/Exprimidor-de-ca\u00f1a-de-az\u00facar-0.jpg","contentUrl":"https:\/\/distribucionarc.com\/wp-content\/uploads\/2020\/08\/Exprimidor-de-ca\u00f1a-de-az\u00facar-0.jpg","width":1600,"height":1600,"caption":"Exprimidor de ca\u00f1a de az\u00facar"},{"@type":"BreadcrumbList","@id":"https:\/\/distribucionarc.com\/producto\/exprimidor-de-cana-de-azucar\/#breadcrumb","itemListElement":[{"@type":"ListItem","position":1,"name":"Portada","item":"https:\/\/distribucionarc.com\/pl\/"},{"@type":"ListItem","position":2,"name":"Produkty","item":"https:\/\/distribucionarc.com\/pl\/shop\/"},{"@type":"ListItem","position":3,"name":"Exprimidor de ca\u00f1a de az\u00facar"}]},{"@type":"WebSite","@id":"https:\/\/distribucionarc.com\/de\/#website","url":"https:\/\/distribucionarc.com\/de\/","name":"ARC porazdelitev","description":"Podjetje je specializirano za proizvodnjo in distribucijo industrijskih strojev, strojev za zapiranje plo\u010devink, strojev za izdelavo tablet, strojev za rezanje mesa...","publisher":{"@id":"https:\/\/distribucionarc.com\/de\/#organization"},"potentialAction":[{"@type":"SearchAction","target":{"@type":"EntryPoint","urlTemplate":"https:\/\/distribucionarc.com\/de\/?s={search_term_string}"},"query-input":{"@type":"PropertyValueSpecification","valueRequired":true,"valueName":"search_term_string"}}],"inLanguage":"sl-SI"},{"@type":"Organization","@id":"https:\/\/distribucionarc.com\/de\/#organization","name":"Distribucija ARC","url":"https:\/\/distribucionarc.com\/de\/","logo":{"@type":"ImageObject","inLanguage":"sl-SI","@id":"https:\/\/distribucionarc.com\/de\/#\/schema\/logo\/image\/","url":"https:\/\/distribucionarc.com\/wp-content\/uploads\/2024\/10\/distribucion-ARC-COLOR-SIN-FONDO-e1732295305345.png","contentUrl":"https:\/\/distribucionarc.com\/wp-content\/uploads\/2024\/10\/distribucion-ARC-COLOR-SIN-FONDO-e1732295305345.png","width":1164,"height":558,"caption":"Distribuci\u00f3n ARC"},"image":{"@id":"https:\/\/distribucionarc.com\/de\/#\/schema\/logo\/image\/"},"description":"Podjetje, specializirano za proizvodnjo in distribucijo industrijskih strojev za \u017eivilski in farmacevtski sektor. Specializirani smo za: Stroji za rezanje mesa Proizvodnja tablet Industrijski transportni sistemi Stekleni\u010darske linije Dozirni stroji In \u0161e veliko ve\u010d... Ponujamo inovativne in prilagojene re\u0161itve za optimizacijo proizvodnih procesov va\u0161ega podjetja.","email":"Admistracion@distribucionarc.com","telephone":"+34 643496664","legalName":"ARC TECH SOLUTIONS","foundingDate":"2024-04-09","vatID":"B55480172","numberOfEmployees":{"@type":"QuantitativeValue","minValue":"1","maxValue":"10"}}]}},"_links":{"self":[{"href":"https:\/\/distribucionarc.com\/sl\/wp-json\/wp\/v2\/product\/2377","targetHints":{"allow":["GET"]}}],"collection":[{"href":"https:\/\/distribucionarc.com\/sl\/wp-json\/wp\/v2\/product"}],"about":[{"href":"https:\/\/distribucionarc.com\/sl\/wp-json\/wp\/v2\/types\/product"}],"replies":[{"embeddable":true,"href":"https:\/\/distribucionarc.com\/sl\/wp-json\/wp\/v2\/comments?post=2377"}],"version-history":[{"count":0,"href":"https:\/\/distribucionarc.com\/sl\/wp-json\/wp\/v2\/product\/2377\/revisions"}],"wp:featuredmedia":[{"embeddable":true,"href":"https:\/\/distribucionarc.com\/sl\/wp-json\/wp\/v2\/media\/2383"}],"wp:attachment":[{"href":"https:\/\/distribucionarc.com\/sl\/wp-json\/wp\/v2\/media?parent=2377"}],"wp:term":[{"taxonomy":"product_brand","embeddable":true,"href":"https:\/\/distribucionarc.com\/sl\/wp-json\/wp\/v2\/product_brand?post=2377"},{"taxonomy":"product_cat","embeddable":true,"href":"https:\/\/distribucionarc.com\/sl\/wp-json\/wp\/v2\/product_cat?post=2377"},{"taxonomy":"product_tag","embeddable":true,"href":"https:\/\/distribucionarc.com\/sl\/wp-json\/wp\/v2\/product_tag?post=2377"}],"curies":[{"name":"delovni list","href":"https:\/\/api.w.org\/{rel}","templated":true}]}}