{"id":2399,"date":"2020-08-17T15:30:58","date_gmt":"2020-08-17T15:30:58","guid":{"rendered":"https:\/\/distribucionarc.com\/?post_type=product&#038;p=2399"},"modified":"2024-01-26T14:18:18","modified_gmt":"2024-01-26T14:18:18","slug":"industrijski-mesalnik-za-pekarno-30-l","status":"publish","type":"product","link":"https:\/\/distribucionarc.com\/sl\/producto\/mezclador-industrial-para-panaderia-30-l\/","title":{"rendered":"Industrijski me\u0161alnik za pekarne 30 L"},"content":{"rendered":"<h2>Industrijski me\u0161alnik za pekarne 30 L<\/h2>\n<p>On <strong>industrijski me\u0161alnik <span style=\"color: #ff0000;\">TO<\/span><span style=\"color: #0000ff;\">R<\/span>c<\/strong> Opremljen je s 30-litrsko posodo iz nerjave\u010dega jekla 304 za hrano. Omogo\u010da preprosto me\u0161anje receptov do 22 kg v eni posodi.<\/p>\n<p><strong>Industrijski me\u0161alnik<span style=\"color: #ff0000;\"> TO<\/span><span style=\"color: #0000ff;\">R<\/span>CBMP30<\/strong> Opremljen je s tremi zamenljivimi nastavki, vklju\u010dno s spiralnim kavljem za testo, ravnim stepalnikom in \u017ei\u010dno metlico. Popolno zasnovan, tako da lahko pripravite vse vrste me\u0161anic hrane. Varnostna za\u0161\u010dita posode iz nerjave\u010dega jekla, pritrjena na me\u0161alnik, bo prepre\u010dila \u0161kropljenje sestavin ali padec ve\u010djih predmetov v posodo, medtem ko lahko opazujete postopek me\u0161anja.<\/p>\n<p>On <span style=\"color: #008000;\"><strong>1000 W u\u010dinkovit motor<\/strong><\/span> zagotavlja stabilno delovanje s tremi nastavljivimi hitrostmi me\u0161anja (105 RPM\/180 RPM\/408 RPM), ki vam pomagajo u\u010dinkovito me\u0161ati hrano.<\/p>\n<p>to<strong> me\u0161alnik za testo<\/strong> Sprejema vrtljivo kolo za spu\u0161\u010danje ali dvigovanje posode, ki dose\u017ee zadovoljivo vi\u0161ino in se lahko popolnoma prilagodi razli\u010dnim zahtevam me\u0161anja.<\/p>\n<h6>Garancija <span style=\"color: #ff0000;\"><strong style=\"font-size: 1.1em;\">TO<\/strong><\/span><strong style=\"font-style: normal; font-size: 17.6px; color: #0000ff;\">R<\/strong><strong style=\"font-size: 1.1em;\">C 2 LETI<\/strong><\/h6>\n<h6><span style=\"color: #008000;\">1000 W naju\u010dinkovitej\u0161i motor z nizko porabo<\/span><\/h6>\n<h6>vklju\u010dena tehni\u010dna podpora.<\/h6>\n<p>&nbsp;<\/p>\n<table role=\"presentation\" width=\"100%\" cellspacing=\"0\" cellpadding=\"0\">\n<tbody>\n<tr>\n<td class=\"attrLabels\">Garancija:<\/td>\n<td width=\"50.0%\">2 LETI<\/td>\n<\/tr>\n<tr>\n<td class=\"attrLabels\">barva:<\/td>\n<td width=\"50.0%\">Srebrna<\/td>\n<td class=\"attrLabels\">Vi\u0161ina:<\/td>\n<td width=\"50.0%\">83 cm<\/td>\n<\/tr>\n<tr>\n<td class=\"attrLabels\">Dr\u017eava distribucije:<\/td>\n<td width=\"50.0%\">\u0160panija, Nem\u010dija, ZDA<\/td>\n<td class=\"attrLabels\">dolgo:<\/td>\n<td width=\"50.0%\">44,50 cm<\/td>\n<\/tr>\n<tr>\n<td class=\"attrLabels\">Znamka:<\/td>\n<td width=\"50.0%\">ARC<\/td>\n<td class=\"attrLabels\">\u0160iroko:<\/td>\n<td width=\"50.0%\">\u00a0 54,50 cm<\/td>\n<\/tr>\n<tr>\n<td class=\"attrLabels\">Vrsta izdelka:<\/td>\n<td width=\"50.0%\">Profesionalni me\u0161alnik<\/td>\n<td class=\"attrLabels\">mo\u010d:<\/td>\n<td width=\"50.0%\">1000 W<\/td>\n<\/tr>\n<tr>\n<td class=\"attrLabels\">\u0160tevilka proizvajalca:<\/td>\n<td width=\"50.0%\">ARCBMP30<\/td>\n<td class=\"attrLabels\">Napetost:<\/td>\n<td width=\"50.0%\">110V 60Hz<\/td>\n<\/tr>\n<tr>\n<td class=\"attrLabels\">Material:<\/td>\n<td width=\"50.0%\">304 nerjave\u010de jeklo, u\u010dinkovit motor<\/td>\n<td class=\"attrLabels\">Prostornina posode:<\/td>\n<td width=\"50.0%\">30L<\/td>\n<\/tr>\n<tr>\n<td class=\"attrLabels\">Orodja za namestitev:<\/td>\n<td width=\"50.0%\">ja<\/td>\n<td class=\"attrLabels\">Zmogljivost gnetenja:<\/td>\n<td width=\"50.0%\">22 kg<\/td>\n<\/tr>\n<tr>\n<td class=\"attrLabels\">Te\u017ea:<\/td>\n<td width=\"50.0%\">86 kg<\/td>\n<td class=\"attrLabels\">Hitrost me\u0161anja:<\/td>\n<td width=\"50.0%\">105 vrt\/min 180 vrt\/min 408 vrt\/min<\/td>\n<\/tr>\n<\/tbody>\n<\/table>","protected":false},"excerpt":{"rendered":"<h2 style=\"font-style: normal;\">Industrijski me\u0161alnik za pekarne 30L<\/h2>\n<p>to <strong>me\u0161alnik hrane<\/strong> Namenjen je za me\u0161anje moke, testa, nadeva, stepenih jajc itd. Zahvaljujo\u010d zmogljivemu 1000 W motorju in robustni posodi iz nerjave\u010dega jekla se postopek gnetenja izvaja hitro in enostavno, to<strong> me\u0161alnik <span style=\"color: #ff0000;\">TO<\/span><span style=\"color: #0000ff;\">R<\/span>c<\/strong> Je robusten, vzdr\u017eljiv in zanesljiv stroj. Izberete lahko razli\u010dne hitrosti za proces, ki ga potrebujete <strong>gnetite, me\u0161ajte, stepajte<\/strong>. Vsi njegovi deli, ki so v stiku z \u017eivili, so skladni z zdravstvenimi standardi.<\/p>\n<h6>Garancija<strong>\u00a0<\/strong><span style=\"color: #ff0000;\"><strong>TO<\/strong><\/span><span style=\"color: #0000ff;\"><strong>R<\/strong><\/span><strong>C 2 LETI<\/strong><\/h6>\n<h6><span style=\"color: #008000;\">1000 W naju\u010dinkovitej\u0161i motor z nizko porabo<\/span><\/h6>\n<h6>vklju\u010dena tehni\u010dna podpora.<\/h6>","protected":false},"featured_media":2405,"comment_status":"open","ping_status":"closed","template":"","meta":{"wds_primary_product_brand":0,"wds_primary_product_cat":0},"product_brand":[],"product_cat":[53],"product_tag":[],"class_list":{"0":"post-2399","1":"product","2":"type-product","3":"status-publish","4":"has-post-thumbnail","6":"product_cat-panaderia-y-pasteleria-industrial","7":"product_shipping_class-express","9":"first","10":"instock","11":"sale","12":"taxable","13":"shipping-taxable","14":"purchasable","15":"product-type-simple"},"yoast_head":"<!-- This site is optimized with the Yoast SEO Premium plugin v24.9 (Yoast SEO v26.1) - https:\/\/yoast.com\/wordpress\/plugins\/seo\/ -->\n<title>Mezclador industrial para panader\u00eda 30 L - distribuci\u00f3n ARC<\/title>\n<meta name=\"robots\" content=\"index, follow, max-snippet:-1, max-image-preview:large, max-video-preview:-1\" \/>\n<link rel=\"canonical\" href=\"https:\/\/distribucionarc.com\/sl\/izdelek\/industrijski-mesalnik-za-pekarno-30-l\/\" \/>\n<meta property=\"og:locale\" content=\"sl_SI\" \/>\n<meta property=\"og:type\" content=\"article\" \/>\n<meta property=\"og:title\" content=\"Mezclador industrial para panader\u00eda 30 L\" \/>\n<meta property=\"og:description\" content=\"Mezclador industrial para panader\u00eda 30L Esta batidora de alimentos es la indicada para mezclar harinas, masa, relleno, huevos batidos, etc. Gracias a su potente motor de 1000W y su robusto bol de acero inoxidable el proceso de amasado se realiza r\u00e1pida y sencillamente, esta mezcladora ARC es una m\u00e1quina robusta, duradera y fiable. Puede elegir diferentes velocidades para el proceso que requiera ya sea amasar, mezclar, batir. Todas sus piezas de contacto con los alimentos cumplen con las normas sanitarias. Garant\u00eda\u00a0ARC 2 A\u00d1OS motor m\u00e1s eficiente bajo consumo 1000W soporte t\u00e9cnico\u00a0incluido.\" \/>\n<meta property=\"og:url\" content=\"https:\/\/distribucionarc.com\/sl\/izdelek\/industrijski-mesalnik-za-pekarno-30-l\/\" \/>\n<meta property=\"og:site_name\" content=\"distribuci\u00f3n ARC\" \/>\n<meta property=\"article:modified_time\" content=\"2024-01-26T14:18:18+00:00\" \/>\n<meta property=\"og:image\" content=\"https:\/\/distribucionarc.com\/wp-content\/uploads\/2020\/08\/Mezclador-industrial-para-panader\u00eda-30L-0.jpg\" \/>\n\t<meta property=\"og:image:width\" content=\"1600\" \/>\n\t<meta property=\"og:image:height\" content=\"1600\" \/>\n\t<meta property=\"og:image:type\" content=\"image\/jpeg\" \/>\n<meta name=\"twitter:card\" content=\"summary_large_image\" \/>\n<meta name=\"twitter:label1\" content=\"Est. reading time\" \/>\n\t<meta name=\"twitter:data1\" content=\"1 minuta\" \/>\n<script type=\"application\/ld+json\" class=\"yoast-schema-graph\">{\"@context\":\"https:\/\/schema.org\",\"@graph\":[{\"@type\":\"WebPage\",\"@id\":\"https:\/\/distribucionarc.com\/sk\/producto\/mezclador-industrial-para-panaderia-30-l\/\",\"url\":\"https:\/\/distribucionarc.com\/sk\/producto\/mezclador-industrial-para-panaderia-30-l\/\",\"name\":\"Mezclador industrial para panader\u00eda 30 L - distribuci\u00f3n ARC\",\"isPartOf\":{\"@id\":\"https:\/\/distribucionarc.com\/de\/#website\"},\"primaryImageOfPage\":{\"@id\":\"https:\/\/distribucionarc.com\/sk\/producto\/mezclador-industrial-para-panaderia-30-l\/#primaryimage\"},\"image\":{\"@id\":\"https:\/\/distribucionarc.com\/sk\/producto\/mezclador-industrial-para-panaderia-30-l\/#primaryimage\"},\"thumbnailUrl\":\"https:\/\/distribucionarc.com\/wp-content\/uploads\/2020\/08\/Mezclador-industrial-para-panader\u00eda-30L-0.jpg\",\"datePublished\":\"2020-08-17T15:30:58+00:00\",\"dateModified\":\"2024-01-26T14:18:18+00:00\",\"breadcrumb\":{\"@id\":\"https:\/\/distribucionarc.com\/sk\/producto\/mezclador-industrial-para-panaderia-30-l\/#breadcrumb\"},\"inLanguage\":\"sl-SI\",\"potentialAction\":[{\"@type\":\"ReadAction\",\"target\":[\"https:\/\/distribucionarc.com\/sk\/producto\/mezclador-industrial-para-panaderia-30-l\/\"]}]},{\"@type\":\"ImageObject\",\"inLanguage\":\"sl-SI\",\"@id\":\"https:\/\/distribucionarc.com\/sk\/producto\/mezclador-industrial-para-panaderia-30-l\/#primaryimage\",\"url\":\"https:\/\/distribucionarc.com\/wp-content\/uploads\/2020\/08\/Mezclador-industrial-para-panader\u00eda-30L-0.jpg\",\"contentUrl\":\"https:\/\/distribucionarc.com\/wp-content\/uploads\/2020\/08\/Mezclador-industrial-para-panader\u00eda-30L-0.jpg\",\"width\":1600,\"height\":1600,\"caption\":\"Mezclador industrial para panader\u00eda 30L\"},{\"@type\":\"BreadcrumbList\",\"@id\":\"https:\/\/distribucionarc.com\/sk\/producto\/mezclador-industrial-para-panaderia-30-l\/#breadcrumb\",\"itemListElement\":[{\"@type\":\"ListItem\",\"position\":1,\"name\":\"Portada\",\"item\":\"https:\/\/distribucionarc.com\/pl\/\"},{\"@type\":\"ListItem\",\"position\":2,\"name\":\"Produkty\",\"item\":\"https:\/\/distribucionarc.com\/pl\/shop\/\"},{\"@type\":\"ListItem\",\"position\":3,\"name\":\"Mezclador industrial para panader\u00eda 30 L\"}]},{\"@type\":\"WebSite\",\"@id\":\"https:\/\/distribucionarc.com\/de\/#website\",\"url\":\"https:\/\/distribucionarc.com\/de\/\",\"name\":\"distribuci\u00f3n ARC\",\"description\":\"Empresa especializada en la fabricaci\u00f3n y distribuci\u00f3n de maquinaria industrial, selladoras de latas, Maquinas de hacer pastillas, Maquinas de cortar carne...\",\"publisher\":{\"@id\":\"https:\/\/distribucionarc.com\/de\/#organization\"},\"potentialAction\":[{\"@type\":\"SearchAction\",\"target\":{\"@type\":\"EntryPoint\",\"urlTemplate\":\"https:\/\/distribucionarc.com\/de\/?s={search_term_string}\"},\"query-input\":{\"@type\":\"PropertyValueSpecification\",\"valueRequired\":true,\"valueName\":\"search_term_string\"}}],\"inLanguage\":\"sl-SI\"},{\"@type\":\"Organization\",\"@id\":\"https:\/\/distribucionarc.com\/de\/#organization\",\"name\":\"Distribuci\u00f3n ARC\",\"url\":\"https:\/\/distribucionarc.com\/de\/\",\"logo\":{\"@type\":\"ImageObject\",\"inLanguage\":\"sl-SI\",\"@id\":\"https:\/\/distribucionarc.com\/de\/#\/schema\/logo\/image\/\",\"url\":\"https:\/\/distribucionarc.com\/wp-content\/uploads\/2024\/10\/distribucion-ARC-COLOR-SIN-FONDO-e1732295305345.png\",\"contentUrl\":\"https:\/\/distribucionarc.com\/wp-content\/uploads\/2024\/10\/distribucion-ARC-COLOR-SIN-FONDO-e1732295305345.png\",\"width\":1164,\"height\":558,\"caption\":\"Distribuci\u00f3n ARC\"},\"image\":{\"@id\":\"https:\/\/distribucionarc.com\/de\/#\/schema\/logo\/image\/\"},\"description\":\"Empresa especializada en la fabricaci\u00f3n y distribuci\u00f3n de maquinaria industrial para los sectores alimentario y farmac\u00e9utico. Nos especializamos en: M\u00e1quinas de cortar carne Fabricaci\u00f3n de comprimidos Sistemas de transporte industrial L\u00edneas de embotellado Dosificadores Y mucho m\u00e1s... Ofrecemos soluciones innovadoras y personalizadas para optimizar los procesos productivos de tu empresa.\",\"email\":\"Admistracion@distribucionarc.com\",\"telephone\":\"+34 643496664\",\"legalName\":\"ARC TECH SOLUTIONS\",\"foundingDate\":\"2024-04-09\",\"vatID\":\"B55480172\",\"numberOfEmployees\":{\"@type\":\"QuantitativeValue\",\"minValue\":\"1\",\"maxValue\":\"10\"}}]}<\/script>\n<!-- \/ Yoast SEO Premium plugin. -->","yoast_head_json":{"title":"Industrijski me\u0161alnik za pekarno 30 L - ARC razvod","robots":{"index":"index","follow":"follow","max-snippet":"max-snippet:-1","max-image-preview":"max-image-preview:large","max-video-preview":"max-video-preview:-1"},"canonical":"https:\/\/distribucionarc.com\/sl\/izdelek\/industrijski-mesalnik-za-pekarno-30-l\/","og_locale":"sl_SI","og_type":"article","og_title":"Mezclador industrial para panader\u00eda 30 L","og_description":"Mezclador industrial para panader\u00eda 30L Esta batidora de alimentos es la indicada para mezclar harinas, masa, relleno, huevos batidos, etc. Gracias a su potente motor de 1000W y su robusto bol de acero inoxidable el proceso de amasado se realiza r\u00e1pida y sencillamente, esta mezcladora ARC es una m\u00e1quina robusta, duradera y fiable. Puede elegir diferentes velocidades para el proceso que requiera ya sea amasar, mezclar, batir. Todas sus piezas de contacto con los alimentos cumplen con las normas sanitarias. Garant\u00eda\u00a0ARC 2 A\u00d1OS motor m\u00e1s eficiente bajo consumo 1000W soporte t\u00e9cnico\u00a0incluido.","og_url":"https:\/\/distribucionarc.com\/sl\/izdelek\/industrijski-mesalnik-za-pekarno-30-l\/","og_site_name":"distribuci\u00f3n ARC","article_modified_time":"2024-01-26T14:18:18+00:00","og_image":[{"width":1600,"height":1600,"url":"https:\/\/distribucionarc.com\/wp-content\/uploads\/2020\/08\/Mezclador-industrial-para-panader\u00eda-30L-0.jpg","type":"image\/jpeg"}],"twitter_card":"summary_large_image","twitter_misc":{"Est. reading time":"1 minuta"},"schema":{"@context":"https:\/\/schema.org","@graph":[{"@type":"WebPage","@id":"https:\/\/distribucionarc.com\/sk\/producto\/mezclador-industrial-para-panaderia-30-l\/","url":"https:\/\/distribucionarc.com\/sk\/producto\/mezclador-industrial-para-panaderia-30-l\/","name":"Industrijski me\u0161alnik za pekarno 30 L - ARC razvod","isPartOf":{"@id":"https:\/\/distribucionarc.com\/de\/#website"},"primaryImageOfPage":{"@id":"https:\/\/distribucionarc.com\/sk\/producto\/mezclador-industrial-para-panaderia-30-l\/#primaryimage"},"image":{"@id":"https:\/\/distribucionarc.com\/sk\/producto\/mezclador-industrial-para-panaderia-30-l\/#primaryimage"},"thumbnailUrl":"https:\/\/distribucionarc.com\/wp-content\/uploads\/2020\/08\/Mezclador-industrial-para-panader\u00eda-30L-0.jpg","datePublished":"2020-08-17T15:30:58+00:00","dateModified":"2024-01-26T14:18:18+00:00","breadcrumb":{"@id":"https:\/\/distribucionarc.com\/sk\/producto\/mezclador-industrial-para-panaderia-30-l\/#breadcrumb"},"inLanguage":"sl-SI","potentialAction":[{"@type":"ReadAction","target":["https:\/\/distribucionarc.com\/sk\/producto\/mezclador-industrial-para-panaderia-30-l\/"]}]},{"@type":"ImageObject","inLanguage":"sl-SI","@id":"https:\/\/distribucionarc.com\/sk\/producto\/mezclador-industrial-para-panaderia-30-l\/#primaryimage","url":"https:\/\/distribucionarc.com\/wp-content\/uploads\/2020\/08\/Mezclador-industrial-para-panader\u00eda-30L-0.jpg","contentUrl":"https:\/\/distribucionarc.com\/wp-content\/uploads\/2020\/08\/Mezclador-industrial-para-panader\u00eda-30L-0.jpg","width":1600,"height":1600,"caption":"Mezclador industrial para panader\u00eda 30L"},{"@type":"BreadcrumbList","@id":"https:\/\/distribucionarc.com\/sk\/producto\/mezclador-industrial-para-panaderia-30-l\/#breadcrumb","itemListElement":[{"@type":"ListItem","position":1,"name":"Portada","item":"https:\/\/distribucionarc.com\/pl\/"},{"@type":"ListItem","position":2,"name":"Produkty","item":"https:\/\/distribucionarc.com\/pl\/shop\/"},{"@type":"ListItem","position":3,"name":"Mezclador industrial para panader\u00eda 30 L"}]},{"@type":"WebSite","@id":"https:\/\/distribucionarc.com\/de\/#website","url":"https:\/\/distribucionarc.com\/de\/","name":"ARC porazdelitev","description":"Podjetje je specializirano za proizvodnjo in distribucijo industrijskih strojev, strojev za zapiranje plo\u010devink, strojev za izdelavo tablet, strojev za rezanje mesa...","publisher":{"@id":"https:\/\/distribucionarc.com\/de\/#organization"},"potentialAction":[{"@type":"SearchAction","target":{"@type":"EntryPoint","urlTemplate":"https:\/\/distribucionarc.com\/de\/?s={search_term_string}"},"query-input":{"@type":"PropertyValueSpecification","valueRequired":true,"valueName":"search_term_string"}}],"inLanguage":"sl-SI"},{"@type":"Organization","@id":"https:\/\/distribucionarc.com\/de\/#organization","name":"Distribucija ARC","url":"https:\/\/distribucionarc.com\/de\/","logo":{"@type":"ImageObject","inLanguage":"sl-SI","@id":"https:\/\/distribucionarc.com\/de\/#\/schema\/logo\/image\/","url":"https:\/\/distribucionarc.com\/wp-content\/uploads\/2024\/10\/distribucion-ARC-COLOR-SIN-FONDO-e1732295305345.png","contentUrl":"https:\/\/distribucionarc.com\/wp-content\/uploads\/2024\/10\/distribucion-ARC-COLOR-SIN-FONDO-e1732295305345.png","width":1164,"height":558,"caption":"Distribuci\u00f3n ARC"},"image":{"@id":"https:\/\/distribucionarc.com\/de\/#\/schema\/logo\/image\/"},"description":"Podjetje, specializirano za proizvodnjo in distribucijo industrijskih strojev za \u017eivilski in farmacevtski sektor. Specializirani smo za: Stroji za rezanje mesa Proizvodnja tablet Industrijski transportni sistemi Stekleni\u010darske linije Dozirni stroji In \u0161e veliko ve\u010d... Ponujamo inovativne in prilagojene re\u0161itve za optimizacijo proizvodnih procesov va\u0161ega podjetja.","email":"Admistracion@distribucionarc.com","telephone":"+34 643496664","legalName":"ARC TECH SOLUTIONS","foundingDate":"2024-04-09","vatID":"B55480172","numberOfEmployees":{"@type":"QuantitativeValue","minValue":"1","maxValue":"10"}}]}},"_links":{"self":[{"href":"https:\/\/distribucionarc.com\/sl\/wp-json\/wp\/v2\/product\/2399","targetHints":{"allow":["GET"]}}],"collection":[{"href":"https:\/\/distribucionarc.com\/sl\/wp-json\/wp\/v2\/product"}],"about":[{"href":"https:\/\/distribucionarc.com\/sl\/wp-json\/wp\/v2\/types\/product"}],"replies":[{"embeddable":true,"href":"https:\/\/distribucionarc.com\/sl\/wp-json\/wp\/v2\/comments?post=2399"}],"version-history":[{"count":0,"href":"https:\/\/distribucionarc.com\/sl\/wp-json\/wp\/v2\/product\/2399\/revisions"}],"wp:featuredmedia":[{"embeddable":true,"href":"https:\/\/distribucionarc.com\/sl\/wp-json\/wp\/v2\/media\/2405"}],"wp:attachment":[{"href":"https:\/\/distribucionarc.com\/sl\/wp-json\/wp\/v2\/media?parent=2399"}],"wp:term":[{"taxonomy":"product_brand","embeddable":true,"href":"https:\/\/distribucionarc.com\/sl\/wp-json\/wp\/v2\/product_brand?post=2399"},{"taxonomy":"product_cat","embeddable":true,"href":"https:\/\/distribucionarc.com\/sl\/wp-json\/wp\/v2\/product_cat?post=2399"},{"taxonomy":"product_tag","embeddable":true,"href":"https:\/\/distribucionarc.com\/sl\/wp-json\/wp\/v2\/product_tag?post=2399"}],"curies":[{"name":"delovni list","href":"https:\/\/api.w.org\/{rel}","templated":true}]}}