{"id":2427,"date":"2020-08-18T10:29:11","date_gmt":"2020-08-18T10:29:11","guid":{"rendered":"https:\/\/distribucionarc.com\/?post_type=product&#038;p=2427"},"modified":"2023-07-05T16:12:33","modified_gmt":"2023-07-05T16:12:33","slug":"avtomatski-lupilec-krompirja-15-20-kg-2","status":"publish","type":"product","link":"https:\/\/distribucionarc.com\/sl\/producto\/pelador-automatico-de-patatas-15-20-kg\/","title":{"rendered":"Avtomatski lupilec krompirja 15-20 kg"},"content":{"rendered":"<h3>Avtomatski lupilec krompirja 15-20 kg<\/h3>\n<p>The<strong> lupilec zelenjave <span style=\"color: #ff0000;\">TO<\/span><span style=\"color: #0000ff;\">R<\/span>c<\/strong> Izdelan je iz visokokakovostnega nerjave\u010dega jekla 201, ki ne rjavi, ga ni enostavno deformirati in ga je enostavno \u010distiti ter ima privla\u010den videz. Opremljen z a <span style=\"color: #008000;\"><strong>motor visoke mo\u010di<\/strong><\/span> 1500W, kar je <span style=\"color: #008000;\"><strong>stabilen in u\u010dinkovit<\/strong><\/span>. <strong>Lahko<\/strong> kon\u010dati <strong>olupite 15-20 kg krompirja v 20 minutah<\/strong>.<\/p>\n<p>Notranja stena soda je izdelana iz matiranega materiala. Spodnji konveksni dizajn lahko u\u010dinkovito obrne krompir, da dose\u017ee 360-stopinjsko lupljenje krompirja.<\/p>\n<p>Prilo\u017eeno je natan\u010dno stikalo za dodatno varnost, udobje in preprosto uporabo. Prozoren zunanji zaslon u\u010dinkovito \u0161\u010diti stikalo. Z obra\u010danjem ventila lahko po potrebi uravnavate pretok vode.<\/p>\n<p>The <strong>stroj za lupljenje <span style=\"color: #ff0000;\">TO<\/span><span style=\"color: #0000ff;\">R<\/span>CPAP15<\/strong> Opremljen z veliko izhodno odprtino za hitro zbiranje olupljenega krompirja; odprtina za odpadke velikega premera za hitro odvajanje odpadkov, prihranek \u010dasa in truda; Humaniziran ro\u010daj in kolesca za udobno premikanje.<\/p>\n<h6><\/h6>\n<h6>Garancija<strong>\u00a0<\/strong><span style=\"color: #ff0000;\"><strong>TO<\/strong><\/span><span style=\"color: #0000ff;\"><strong>R<\/strong><\/span><strong>C 2 LETI<\/strong><\/h6>\n<h6><span style=\"color: #008000;\">1500 W naju\u010dinkovitej\u0161i motor z nizko porabo<\/span><\/h6>\n<h6>vklju\u010dena tehni\u010dna podpora<\/h6>\n<p>&nbsp;<\/p>\n<table role=\"presentation\" width=\"100%\" cellspacing=\"0\" cellpadding=\"0\">\n<tbody>\n<tr>\n<td class=\"attrLabels\">Garancija:<\/td>\n<td width=\"50.0%\">2 LETI<\/td>\n<\/tr>\n<tr>\n<td class=\"attrLabels\">barva:<\/td>\n<td width=\"50.0%\">Srebrna<\/td>\n<td class=\"attrLabels\">Vi\u0161ina:<\/td>\n<td width=\"50.0%\">85 cm<\/td>\n<\/tr>\n<tr>\n<td class=\"attrLabels\">Dr\u017eava distribucije:<\/td>\n<td width=\"50.0%\">\u0160panija, Nem\u010dija, ZDA<\/td>\n<td class=\"attrLabels\">dolgo:<\/td>\n<td width=\"50.0%\">55 cm<\/td>\n<\/tr>\n<tr>\n<td class=\"attrLabels\">Znamka:<\/td>\n<td width=\"50.0%\">ARC<\/td>\n<td class=\"attrLabels\">\u0160iroko:<\/td>\n<td width=\"50.0%\">\u00a0 60 cm<\/td>\n<\/tr>\n<tr>\n<td class=\"attrLabels\">Vrsta izdelka:<\/td>\n<td width=\"50.0%\">Avtomatski lupilec krompirja<\/td>\n<td class=\"attrLabels\">mo\u010d:<\/td>\n<td width=\"50.0%\">1500 W<\/td>\n<\/tr>\n<tr>\n<td class=\"attrLabels\">\u0160tevilka proizvajalca:<\/td>\n<td width=\"50.0%\">ARCPAP15<\/td>\n<td class=\"attrLabels\">Napetost:<\/td>\n<td width=\"50.0%\">220V 60Hz<\/td>\n<\/tr>\n<tr>\n<td class=\"attrLabels\">Material:<\/td>\n<td width=\"50.0%\">201 nerjave\u010de jeklo, u\u010dinkovit motor<\/td>\n<td class=\"attrLabels\">Proizvodna zmogljivost:<\/td>\n<td width=\"50.0%\">15-20 kg<\/td>\n<\/tr>\n<tr>\n<td class=\"attrLabels\">Orodja za namestitev:<\/td>\n<td width=\"50.0%\">ja<\/td>\n<td class=\"attrLabels\">\u010dakalna doba:<\/td>\n<td width=\"50.0%\">20 minut<\/td>\n<\/tr>\n<tr>\n<td class=\"attrLabels\">Te\u017ea:<\/td>\n<td width=\"50.0%\">56 kg<\/td>\n<td class=\"attrLabels\">Delovanje:<\/td>\n<td width=\"50.0%\">elektri\u010dni in vodni<\/td>\n<\/tr>\n<\/tbody>\n<\/table>","protected":false},"excerpt":{"rendered":"<h2>Avtomatski lupilec krompirja 15-20 kg<\/h2>\n<p>to <strong>avtomatski stroj za lupljenje <span style=\"color: #ff0000;\">TO<span style=\"color: #0000ff;\">R<\/span><\/span>c<\/strong> Sposoben je olupiti in oprati razli\u010dno zelenjavo, kot so krompir, sladki krompir, ingver, taros itd., ne da bi po\u0161kodoval njihovo pulpo. U\u010dinkovito lu\u0161\u010denje je dose\u017eeno s centrifugalno rotacijo in trenjem lu\u0161\u010denje tehnologije, lahko dose\u017ee<strong> Olupite 15 do 20 kg v 20 minutah.<\/strong> Celoten stroj je izdelan iz nerjave\u010dega jekla 201 za enostavno \u010di\u0161\u010denje, z vrtljivimi kolesi in ro\u010dajem za udobno premikanje.<\/p>\n<h6>Garancija<strong>\u00a0<\/strong><span style=\"color: #ff0000;\"><strong>TO<\/strong><\/span><span style=\"color: #0000ff;\"><strong>R<\/strong><\/span><strong>C 2 LETI<\/strong><\/h6>\n<h6><span style=\"color: #008000;\">1500 W naju\u010dinkovitej\u0161i motor z nizko porabo<\/span><\/h6>\n<h6>vklju\u010dena tehni\u010dna podpora<\/h6>","protected":false},"featured_media":2434,"comment_status":"open","ping_status":"closed","template":"","meta":{"wds_primary_product_brand":0,"wds_primary_product_cat":0},"product_brand":[],"product_cat":[43,61],"product_tag":[],"class_list":{"0":"post-2427","1":"product","2":"type-product","3":"status-publish","4":"has-post-thumbnail","6":"product_cat-cortadoras-de-alimentos","7":"product_cat-peladoras-de-alimentos","8":"product_shipping_class-express","10":"first","11":"instock","12":"taxable","13":"shipping-taxable","14":"purchasable","15":"product-type-simple"},"yoast_head":"<!-- This site is optimized with the Yoast SEO Premium plugin v24.9 (Yoast SEO v26.1) - https:\/\/yoast.com\/wordpress\/plugins\/seo\/ -->\n<title>Pelador autom\u00e1tico de patatas 15-20 Kg - distribuci\u00f3n ARC<\/title>\n<meta name=\"robots\" content=\"index, follow, max-snippet:-1, max-image-preview:large, max-video-preview:-1\" \/>\n<link rel=\"canonical\" href=\"https:\/\/www.distribucionarc.com\/bg\/producto\/pelador-automatico-de-patatas-15-20-kg\/\" \/>\n<meta property=\"og:locale\" content=\"sl_SI\" \/>\n<meta property=\"og:type\" content=\"article\" \/>\n<meta property=\"og:title\" content=\"Pelador autom\u00e1tico de patatas 15-20 Kg\" \/>\n<meta property=\"og:description\" content=\"Pelador autom\u00e1tico de patatas 15-20 Kg Esta m\u00e1quina peladora autom\u00e1tica ARC es capaz de pelar y lavar varios vegetales, como papas, batatas, jengibres, taros, etc., sin da\u00f1ar su pulpa. El pelado efectivo se consigue mediante tecnolog\u00edas de rotaci\u00f3n centr\u00edfuga y de pelado por fricci\u00f3n, puede llegar a pelar de 15 a 20 kg en 20 minutos. Toda la m\u00e1quina est\u00e1 fabricada en acero inoxidable 201 para una limpieza sin esfuerzo, con ruedas giratorias y mango para un c\u00f3modo desplazamiento. Garant\u00eda\u00a0ARC 2 A\u00d1OS motor m\u00e1s eficiente bajo consumo 1500W soporte t\u00e9cnico\u00a0incluido\" \/>\n<meta property=\"og:url\" content=\"https:\/\/www.distribucionarc.com\/bg\/producto\/pelador-automatico-de-patatas-15-20-kg\/\" \/>\n<meta property=\"og:site_name\" content=\"distribuci\u00f3n ARC\" \/>\n<meta property=\"article:modified_time\" content=\"2023-07-05T16:12:33+00:00\" \/>\n<meta property=\"og:image\" content=\"https:\/\/distribucionarc.com\/wp-content\/uploads\/2020\/08\/Pelador-autom\u00e1tico-de-patatas-15-20-Kg-0.jpg\" \/>\n\t<meta property=\"og:image:width\" content=\"1600\" \/>\n\t<meta property=\"og:image:height\" content=\"1600\" \/>\n\t<meta property=\"og:image:type\" content=\"image\/jpeg\" \/>\n<meta name=\"twitter:card\" content=\"summary_large_image\" \/>\n<meta name=\"twitter:label1\" content=\"Est. reading time\" \/>\n\t<meta name=\"twitter:data1\" content=\"1 minuta\" \/>\n<script type=\"application\/ld+json\" class=\"yoast-schema-graph\">{\"@context\":\"https:\/\/schema.org\",\"@graph\":[{\"@type\":\"WebPage\",\"@id\":\"https:\/\/www.distribucionarc.com\/bg\/producto\/pelador-automatico-de-patatas-15-20-kg\/\",\"url\":\"https:\/\/www.distribucionarc.com\/bg\/producto\/pelador-automatico-de-patatas-15-20-kg\/\",\"name\":\"Pelador autom\u00e1tico de patatas 15-20 Kg - distribuci\u00f3n ARC\",\"isPartOf\":{\"@id\":\"https:\/\/distribucionarc.com\/ro\/#website\"},\"primaryImageOfPage\":{\"@id\":\"https:\/\/www.distribucionarc.com\/bg\/producto\/pelador-automatico-de-patatas-15-20-kg\/#primaryimage\"},\"image\":{\"@id\":\"https:\/\/www.distribucionarc.com\/bg\/producto\/pelador-automatico-de-patatas-15-20-kg\/#primaryimage\"},\"thumbnailUrl\":\"https:\/\/distribucionarc.com\/wp-content\/uploads\/2020\/08\/Pelador-autom\u00e1tico-de-patatas-15-20-Kg-0.jpg\",\"datePublished\":\"2020-08-18T10:29:11+00:00\",\"dateModified\":\"2023-07-05T16:12:33+00:00\",\"breadcrumb\":{\"@id\":\"https:\/\/www.distribucionarc.com\/bg\/producto\/pelador-automatico-de-patatas-15-20-kg\/#breadcrumb\"},\"inLanguage\":\"sl-SI\",\"potentialAction\":[{\"@type\":\"ReadAction\",\"target\":[\"https:\/\/www.distribucionarc.com\/bg\/producto\/pelador-automatico-de-patatas-15-20-kg\/\"]}]},{\"@type\":\"ImageObject\",\"inLanguage\":\"sl-SI\",\"@id\":\"https:\/\/www.distribucionarc.com\/bg\/producto\/pelador-automatico-de-patatas-15-20-kg\/#primaryimage\",\"url\":\"https:\/\/distribucionarc.com\/wp-content\/uploads\/2020\/08\/Pelador-autom\u00e1tico-de-patatas-15-20-Kg-0.jpg\",\"contentUrl\":\"https:\/\/distribucionarc.com\/wp-content\/uploads\/2020\/08\/Pelador-autom\u00e1tico-de-patatas-15-20-Kg-0.jpg\",\"width\":1600,\"height\":1600,\"caption\":\"Pelador autom\u00e1tico de patatas 15-20 Kg\"},{\"@type\":\"BreadcrumbList\",\"@id\":\"https:\/\/www.distribucionarc.com\/bg\/producto\/pelador-automatico-de-patatas-15-20-kg\/#breadcrumb\",\"itemListElement\":[{\"@type\":\"ListItem\",\"position\":1,\"name\":\"Portada\",\"item\":\"https:\/\/distribucionarc.com\/ar\/\"},{\"@type\":\"ListItem\",\"position\":2,\"name\":\"Proizvodi\",\"item\":\"https:\/\/www.distribucionarc.com\/hr\/ducan\/\"},{\"@type\":\"ListItem\",\"position\":3,\"name\":\"Pelador autom\u00e1tico de patatas 15-20 Kg\"}]},{\"@type\":\"WebSite\",\"@id\":\"https:\/\/distribucionarc.com\/ro\/#website\",\"url\":\"https:\/\/distribucionarc.com\/ro\/\",\"name\":\"distribuci\u00f3n ARC\",\"description\":\"Empresa especializada en la fabricaci\u00f3n y distribuci\u00f3n de maquinaria industrial, selladoras de latas, Maquinas de hacer pastillas, Maquinas de cortar carne...\",\"publisher\":{\"@id\":\"https:\/\/distribucionarc.com\/ro\/#organization\"},\"potentialAction\":[{\"@type\":\"SearchAction\",\"target\":{\"@type\":\"EntryPoint\",\"urlTemplate\":\"https:\/\/distribucionarc.com\/ro\/?s={search_term_string}\"},\"query-input\":{\"@type\":\"PropertyValueSpecification\",\"valueRequired\":true,\"valueName\":\"search_term_string\"}}],\"inLanguage\":\"sl-SI\"},{\"@type\":\"Organization\",\"@id\":\"https:\/\/distribucionarc.com\/ro\/#organization\",\"name\":\"Distribuci\u00f3n ARC\",\"url\":\"https:\/\/distribucionarc.com\/ro\/\",\"logo\":{\"@type\":\"ImageObject\",\"inLanguage\":\"sl-SI\",\"@id\":\"https:\/\/distribucionarc.com\/ro\/#\/schema\/logo\/image\/\",\"url\":\"https:\/\/distribucionarc.com\/wp-content\/uploads\/2024\/10\/distribucion-ARC-COLOR-SIN-FONDO-e1732295305345.png\",\"contentUrl\":\"https:\/\/distribucionarc.com\/wp-content\/uploads\/2024\/10\/distribucion-ARC-COLOR-SIN-FONDO-e1732295305345.png\",\"width\":1164,\"height\":558,\"caption\":\"Distribuci\u00f3n ARC\"},\"image\":{\"@id\":\"https:\/\/distribucionarc.com\/ro\/#\/schema\/logo\/image\/\"},\"description\":\"Empresa especializada en la fabricaci\u00f3n y distribuci\u00f3n de maquinaria industrial para los sectores alimentario y farmac\u00e9utico. Nos especializamos en: M\u00e1quinas de cortar carne Fabricaci\u00f3n de comprimidos Sistemas de transporte industrial L\u00edneas de embotellado Dosificadores Y mucho m\u00e1s... Ofrecemos soluciones innovadoras y personalizadas para optimizar los procesos productivos de tu empresa.\",\"email\":\"Admistracion@distribucionarc.com\",\"telephone\":\"+34 643496664\",\"legalName\":\"ARC TECH SOLUTIONS\",\"foundingDate\":\"2024-04-09\",\"vatID\":\"B55480172\",\"numberOfEmployees\":{\"@type\":\"QuantitativeValue\",\"minValue\":\"1\",\"maxValue\":\"10\"}}]}<\/script>\n<!-- \/ Yoast SEO Premium plugin. -->","yoast_head_json":{"title":"Avtomatski lupilec krompirja 15-20 kg - distribucija ARC","robots":{"index":"index","follow":"follow","max-snippet":"max-snippet:-1","max-image-preview":"max-image-preview:large","max-video-preview":"max-video-preview:-1"},"canonical":"https:\/\/www.distribucionarc.com\/bg\/producto\/pelador-automatico-de-patatas-15-20-kg\/","og_locale":"sl_SI","og_type":"article","og_title":"Pelador autom\u00e1tico de patatas 15-20 Kg","og_description":"Pelador autom\u00e1tico de patatas 15-20 Kg Esta m\u00e1quina peladora autom\u00e1tica ARC es capaz de pelar y lavar varios vegetales, como papas, batatas, jengibres, taros, etc., sin da\u00f1ar su pulpa. El pelado efectivo se consigue mediante tecnolog\u00edas de rotaci\u00f3n centr\u00edfuga y de pelado por fricci\u00f3n, puede llegar a pelar de 15 a 20 kg en 20 minutos. Toda la m\u00e1quina est\u00e1 fabricada en acero inoxidable 201 para una limpieza sin esfuerzo, con ruedas giratorias y mango para un c\u00f3modo desplazamiento. Garant\u00eda\u00a0ARC 2 A\u00d1OS motor m\u00e1s eficiente bajo consumo 1500W soporte t\u00e9cnico\u00a0incluido","og_url":"https:\/\/www.distribucionarc.com\/bg\/producto\/pelador-automatico-de-patatas-15-20-kg\/","og_site_name":"distribuci\u00f3n ARC","article_modified_time":"2023-07-05T16:12:33+00:00","og_image":[{"width":1600,"height":1600,"url":"https:\/\/distribucionarc.com\/wp-content\/uploads\/2020\/08\/Pelador-autom\u00e1tico-de-patatas-15-20-Kg-0.jpg","type":"image\/jpeg"}],"twitter_card":"summary_large_image","twitter_misc":{"Est. reading time":"1 minuta"},"schema":{"@context":"https:\/\/schema.org","@graph":[{"@type":"WebPage","@id":"https:\/\/www.distribucionarc.com\/bg\/producto\/pelador-automatico-de-patatas-15-20-kg\/","url":"https:\/\/www.distribucionarc.com\/bg\/producto\/pelador-automatico-de-patatas-15-20-kg\/","name":"Avtomatski lupilec krompirja 15-20 kg - distribucija ARC","isPartOf":{"@id":"https:\/\/distribucionarc.com\/ro\/#website"},"primaryImageOfPage":{"@id":"https:\/\/www.distribucionarc.com\/bg\/producto\/pelador-automatico-de-patatas-15-20-kg\/#primaryimage"},"image":{"@id":"https:\/\/www.distribucionarc.com\/bg\/producto\/pelador-automatico-de-patatas-15-20-kg\/#primaryimage"},"thumbnailUrl":"https:\/\/distribucionarc.com\/wp-content\/uploads\/2020\/08\/Pelador-autom\u00e1tico-de-patatas-15-20-Kg-0.jpg","datePublished":"2020-08-18T10:29:11+00:00","dateModified":"2023-07-05T16:12:33+00:00","breadcrumb":{"@id":"https:\/\/www.distribucionarc.com\/bg\/producto\/pelador-automatico-de-patatas-15-20-kg\/#breadcrumb"},"inLanguage":"sl-SI","potentialAction":[{"@type":"ReadAction","target":["https:\/\/www.distribucionarc.com\/bg\/producto\/pelador-automatico-de-patatas-15-20-kg\/"]}]},{"@type":"ImageObject","inLanguage":"sl-SI","@id":"https:\/\/www.distribucionarc.com\/bg\/producto\/pelador-automatico-de-patatas-15-20-kg\/#primaryimage","url":"https:\/\/distribucionarc.com\/wp-content\/uploads\/2020\/08\/Pelador-autom\u00e1tico-de-patatas-15-20-Kg-0.jpg","contentUrl":"https:\/\/distribucionarc.com\/wp-content\/uploads\/2020\/08\/Pelador-autom\u00e1tico-de-patatas-15-20-Kg-0.jpg","width":1600,"height":1600,"caption":"Pelador autom\u00e1tico de patatas 15-20 Kg"},{"@type":"BreadcrumbList","@id":"https:\/\/www.distribucionarc.com\/bg\/producto\/pelador-automatico-de-patatas-15-20-kg\/#breadcrumb","itemListElement":[{"@type":"ListItem","position":1,"name":"Portada","item":"https:\/\/distribucionarc.com\/ar\/"},{"@type":"ListItem","position":2,"name":"Proizvodi","item":"https:\/\/www.distribucionarc.com\/hr\/ducan\/"},{"@type":"ListItem","position":3,"name":"Pelador autom\u00e1tico de patatas 15-20 Kg"}]},{"@type":"WebSite","@id":"https:\/\/distribucionarc.com\/ro\/#website","url":"https:\/\/distribucionarc.com\/ro\/","name":"ARC porazdelitev","description":"Podjetje je specializirano za proizvodnjo in distribucijo industrijskih strojev, strojev za zapiranje plo\u010devink, strojev za izdelavo tablet, strojev za rezanje mesa...","publisher":{"@id":"https:\/\/distribucionarc.com\/ro\/#organization"},"potentialAction":[{"@type":"SearchAction","target":{"@type":"EntryPoint","urlTemplate":"https:\/\/distribucionarc.com\/ro\/?s={search_term_string}"},"query-input":{"@type":"PropertyValueSpecification","valueRequired":true,"valueName":"search_term_string"}}],"inLanguage":"sl-SI"},{"@type":"Organization","@id":"https:\/\/distribucionarc.com\/ro\/#organization","name":"Distribucija ARC","url":"https:\/\/distribucionarc.com\/ro\/","logo":{"@type":"ImageObject","inLanguage":"sl-SI","@id":"https:\/\/distribucionarc.com\/ro\/#\/schema\/logo\/image\/","url":"https:\/\/distribucionarc.com\/wp-content\/uploads\/2024\/10\/distribucion-ARC-COLOR-SIN-FONDO-e1732295305345.png","contentUrl":"https:\/\/distribucionarc.com\/wp-content\/uploads\/2024\/10\/distribucion-ARC-COLOR-SIN-FONDO-e1732295305345.png","width":1164,"height":558,"caption":"Distribuci\u00f3n ARC"},"image":{"@id":"https:\/\/distribucionarc.com\/ro\/#\/schema\/logo\/image\/"},"description":"Podjetje, specializirano za proizvodnjo in distribucijo industrijskih strojev za \u017eivilski in farmacevtski sektor. Specializirani smo za: Stroji za rezanje mesa Proizvodnja tablet Industrijski transportni sistemi Stekleni\u010darske linije Dozirni stroji In \u0161e veliko ve\u010d... Ponujamo inovativne in prilagojene re\u0161itve za optimizacijo proizvodnih procesov va\u0161ega podjetja.","email":"Admistracion@distribucionarc.com","telephone":"+34 643496664","legalName":"ARC TECH SOLUTIONS","foundingDate":"2024-04-09","vatID":"B55480172","numberOfEmployees":{"@type":"QuantitativeValue","minValue":"1","maxValue":"10"}}]}},"_links":{"self":[{"href":"https:\/\/distribucionarc.com\/sl\/wp-json\/wp\/v2\/product\/2427","targetHints":{"allow":["GET"]}}],"collection":[{"href":"https:\/\/distribucionarc.com\/sl\/wp-json\/wp\/v2\/product"}],"about":[{"href":"https:\/\/distribucionarc.com\/sl\/wp-json\/wp\/v2\/types\/product"}],"replies":[{"embeddable":true,"href":"https:\/\/distribucionarc.com\/sl\/wp-json\/wp\/v2\/comments?post=2427"}],"version-history":[{"count":0,"href":"https:\/\/distribucionarc.com\/sl\/wp-json\/wp\/v2\/product\/2427\/revisions"}],"wp:featuredmedia":[{"embeddable":true,"href":"https:\/\/distribucionarc.com\/sl\/wp-json\/wp\/v2\/media\/2434"}],"wp:attachment":[{"href":"https:\/\/distribucionarc.com\/sl\/wp-json\/wp\/v2\/media?parent=2427"}],"wp:term":[{"taxonomy":"product_brand","embeddable":true,"href":"https:\/\/distribucionarc.com\/sl\/wp-json\/wp\/v2\/product_brand?post=2427"},{"taxonomy":"product_cat","embeddable":true,"href":"https:\/\/distribucionarc.com\/sl\/wp-json\/wp\/v2\/product_cat?post=2427"},{"taxonomy":"product_tag","embeddable":true,"href":"https:\/\/distribucionarc.com\/sl\/wp-json\/wp\/v2\/product_tag?post=2427"}],"curies":[{"name":"delovni list","href":"https:\/\/api.w.org\/{rel}","templated":true}]}}