{"id":2440,"date":"2020-08-18T11:37:11","date_gmt":"2020-08-18T11:37:11","guid":{"rendered":"https:\/\/distribucionarc.com\/?post_type=product&#038;p=2440"},"modified":"2020-09-30T15:18:08","modified_gmt":"2020-09-30T15:18:08","slug":"avtomatski-pomarancni-sokovnik-stroj","status":"publish","type":"product","link":"https:\/\/distribucionarc.com\/sl\/producto\/maquina-exprimidor-automatico-de-naranjas\/","title":{"rendered":"Avtomatski stroj za o\u017eemanje pomaran\u010d"},"content":{"rendered":"<h2>Avtomatski stroj za o\u017eemanje pomaran\u010d<\/h2>\n<p>The <strong>aparat za pomaran\u010dni sok <span style=\"color: #ff0000;\">TO<\/span><span style=\"color: #0000ff;\">R<\/span>c<\/strong> Izdelan je z zunanjim ohi\u0161jem iz nerjave\u010dega jekla, primernega za \u017eivila, in pokrovom iz nerjave\u010dega jekla. Ni ga lahko opraskati ali zarjaveti. Opremljen je z veliko prostorninsko ko\u0161aro za shranjevanje sadja, ki izbolj\u0161a delovno u\u010dinkovitost. Primerno za pomaran\u010de s premerom 4-8 cm<\/p>\n<p>Izkoristek soka je <strong>pove\u010da za 5% v primerjavi z drugimi stroji<\/strong> zahvaljujo\u010d sistemu rezanja in pritiska. Lahko <strong><span style=\"color: #ff9900;\">sok do 22-30 pomaran\u010d na minuto<\/span>.<\/strong><\/p>\n<p>to <strong>avtomatski o\u017eemalnik pomaran\u010d <span style=\"color: #ff0000;\">TO<\/span><span style=\"color: #0000ff;\">R<\/span>CEAN22<\/strong> Nadgrajena vgrajena odstranljiva filtrirna \u0161katla (lahko jo odstranite skupaj z vodno \u0161katlo). Poleg dveh pritrjenih veder za zbiranje olupkov za zbiranje olupkov in ostankov po so\u010denju se pladenj za zbiranje teko\u010dine uporablja za dr\u017eanje skodelic za sok. Vse jih je enostavno sestaviti in razstaviti za enostavno \u010di\u0161\u010denje.<\/p>\n<p>Okoli stikala za VKLOP\/IZKLOP je za\u0161\u010ditni pokrov, ki zagotavlja vodoodpornost in za\u0161\u010dito proti pu\u0161\u010danju; Stroj bo prenehal delovati brez pokrova iz nerjave\u010dega jekla, da se zagotovi varnost operaterja.<\/p>\n<h6><\/h6>\n<h6>Garancija<strong>\u00a0<\/strong><span style=\"color: #ff0000;\"><strong>TO<\/strong><\/span><span style=\"color: #0000ff;\"><strong>R<\/strong><\/span><strong>C 2 LETI<\/strong><\/h6>\n<h6><span style=\"color: #008000;\">100 W naju\u010dinkovitej\u0161i motor z nizko porabo<\/span><\/h6>\n<h6>vklju\u010dena tehni\u010dna podpora<\/h6>\n<p>&nbsp;<\/p>\n<table role=\"presentation\" width=\"100%\" cellspacing=\"0\" cellpadding=\"0\">\n<tbody>\n<tr>\n<td class=\"attrLabels\">Garancija:<\/td>\n<td width=\"50.0%\">2 LETI<\/td>\n<\/tr>\n<tr>\n<td class=\"attrLabels\">barva:<\/td>\n<td width=\"50.0%\">Srebrna<\/td>\n<td class=\"attrLabels\">Vi\u0161ina:<\/td>\n<td width=\"50.0%\">78,5 cm<\/td>\n<\/tr>\n<tr>\n<td class=\"attrLabels\">Dr\u017eava distribucije:<\/td>\n<td width=\"50.0%\">\u0160panija, Nem\u010dija, ZDA<\/td>\n<td class=\"attrLabels\">dolgo:<\/td>\n<td width=\"50.0%\">54 cm<\/td>\n<\/tr>\n<tr>\n<td class=\"attrLabels\">Znamka:<\/td>\n<td width=\"50.0%\">ARC<\/td>\n<td class=\"attrLabels\">\u0160iroko:<\/td>\n<td width=\"50.0%\">\u00a0 34 cm<\/td>\n<\/tr>\n<tr>\n<td class=\"attrLabels\">Vrsta izdelka:<\/td>\n<td width=\"50.0%\">Profesionalni me\u0161alnik<\/td>\n<td class=\"attrLabels\">mo\u010d:<\/td>\n<td width=\"50.0%\">100 W<\/td>\n<\/tr>\n<tr>\n<td class=\"attrLabels\">\u0160tevilka proizvajalca:<\/td>\n<td width=\"50.0%\">ARCEAN22<\/td>\n<td class=\"attrLabels\">Napetost:<\/td>\n<td width=\"50.0%\">110V 60Hz<\/p>\n<p>220V 50Hz<\/td>\n<\/tr>\n<tr>\n<td class=\"attrLabels\">Material:<\/td>\n<td width=\"50.0%\">304 nerjave\u010de jeklo, u\u010dinkovit motor<\/td>\n<td class=\"attrLabels\">\u010cas so\u010denja:<\/td>\n<td width=\"50.0%\">22-30 kosov na minuto<\/td>\n<\/tr>\n<tr>\n<td class=\"attrLabels\">Orodja za namestitev:<\/td>\n<td width=\"50.0%\">ja<\/td>\n<td class=\"attrLabels\">Oran\u017eni premer:<\/td>\n<td width=\"50.0%\">4-8 cm<\/td>\n<\/tr>\n<tr>\n<td class=\"attrLabels\">Te\u017ea:<\/td>\n<td width=\"50.0%\">44,8 kg<\/td>\n<td class=\"attrLabels\">Kapaciteta ko\u0161are:<\/td>\n<td width=\"50.0%\">4 do 8 kg, odvisno od velikosti<\/td>\n<\/tr>\n<\/tbody>\n<\/table>","protected":false},"excerpt":{"rendered":"<h2>Avtomatski stroj za o\u017eemanje pomaran\u010d<\/h2>\n<p>The<strong> sokovnik <span style=\"color: #ff0000;\">TO<\/span><span style=\"color: #0000ff;\">R<\/span>c<\/strong> Ima privla\u010den dizajn in je izdelan iz visokokakovostnega nerjave\u010dega jekla za \u017eivila. U\u010dinkovito lahko iztisne sok iz pomaran\u010d, limon, limet itd. Stroj samodejno olupi ko\u017eo, proizvede sve\u017ee sokove in filtrira. Okusne sve\u017ee sokove brez dodatkov boste dobili tako, da napolnite ko\u0161arico <strong>avtomatski sokovnik<\/strong> in pritisnete gumb za zagon.<\/p>\n<h6>Garancija<strong>\u00a0<\/strong><span style=\"color: #ff0000;\"><strong>TO<\/strong><\/span><span style=\"color: #0000ff;\"><strong>R<\/strong><\/span><strong>C 2 LETI<\/strong><\/h6>\n<h6><span style=\"color: #008000;\">100 W naju\u010dinkovitej\u0161i motor z nizko porabo<\/span><\/h6>\n<h6>vklju\u010dena tehni\u010dna podpora<\/h6>","protected":false},"featured_media":2447,"comment_status":"open","ping_status":"closed","template":"","meta":{"wds_primary_product_brand":0,"wds_primary_product_cat":0},"product_brand":[],"product_cat":[65],"product_tag":[],"class_list":{"0":"post-2440","1":"product","2":"type-product","3":"status-publish","4":"has-post-thumbnail","6":"product_cat-maquinaria-industrial-para-procesar-fruta-verdura-panales","7":"product_shipping_class-express","9":"first","10":"instock","11":"sale","12":"taxable","13":"shipping-taxable","14":"purchasable","15":"product-type-simple"},"yoast_head":"<!-- This site is optimized with the Yoast SEO Premium plugin v24.9 (Yoast SEO v26.1) - https:\/\/yoast.com\/wordpress\/plugins\/seo\/ -->\n<title>M\u00e1quina exprimidor autom\u00e1tico de naranjas - distribuci\u00f3n ARC<\/title>\n<meta name=\"robots\" content=\"index, follow, max-snippet:-1, max-image-preview:large, max-video-preview:-1\" \/>\n<link rel=\"canonical\" href=\"https:\/\/distribucionarc.com\/sl\/izdelek\/avtomatski-pomarancni-sokovnik-stroj\/\" \/>\n<meta property=\"og:locale\" content=\"sl_SI\" \/>\n<meta property=\"og:type\" content=\"article\" \/>\n<meta property=\"og:title\" content=\"M\u00e1quina exprimidor autom\u00e1tico de naranjas\" \/>\n<meta property=\"og:description\" content=\"M\u00e1quina exprimidor autom\u00e1tico de naranjas La m\u00e1quina de exprimidora ARC tiene un dise\u00f1o atractivo y est\u00e1 hecha de acero inoxidable de calidad alimentaria de alta calidad. Puede extraer eficazmente el zumo de naranjas, limones, limas, etc. La m\u00e1quina pela la piel, produce zumos frescos y se filtra autom\u00e1ticamente. Obtendr\u00e1 deliciosos jugos frescos sin aditivos llenando la cesta del exprimidor autom\u00e1tico y accionando el bot\u00f3n de inicio. Garant\u00eda\u00a0ARC 2 A\u00d1OS motor m\u00e1s eficiente bajo consumo 100W soporte t\u00e9cnico\u00a0incluido\" \/>\n<meta property=\"og:url\" content=\"https:\/\/distribucionarc.com\/sl\/izdelek\/avtomatski-pomarancni-sokovnik-stroj\/\" \/>\n<meta property=\"og:site_name\" content=\"distribuci\u00f3n ARC\" \/>\n<meta property=\"article:modified_time\" content=\"2020-09-30T15:18:08+00:00\" \/>\n<meta property=\"og:image\" content=\"https:\/\/distribucionarc.com\/wp-content\/uploads\/2020\/08\/M\u00e1quina-exprimidor-autom\u00e1tico-de-naranjas-0.jpg\" \/>\n\t<meta property=\"og:image:width\" content=\"1600\" \/>\n\t<meta property=\"og:image:height\" content=\"1600\" \/>\n\t<meta property=\"og:image:type\" content=\"image\/jpeg\" \/>\n<meta name=\"twitter:card\" content=\"summary_large_image\" \/>\n<meta name=\"twitter:label1\" content=\"Est. reading time\" \/>\n\t<meta name=\"twitter:data1\" content=\"1 minuta\" \/>\n<script type=\"application\/ld+json\" class=\"yoast-schema-graph\">{\"@context\":\"https:\/\/schema.org\",\"@graph\":[{\"@type\":\"WebPage\",\"@id\":\"https:\/\/distribucionarc.com\/ro\/producto\/maquina-exprimidor-automatico-de-naranjas\/\",\"url\":\"https:\/\/distribucionarc.com\/ro\/producto\/maquina-exprimidor-automatico-de-naranjas\/\",\"name\":\"M\u00e1quina exprimidor autom\u00e1tico de naranjas - distribuci\u00f3n ARC\",\"isPartOf\":{\"@id\":\"https:\/\/distribucionarc.com\/de\/#website\"},\"primaryImageOfPage\":{\"@id\":\"https:\/\/distribucionarc.com\/ro\/producto\/maquina-exprimidor-automatico-de-naranjas\/#primaryimage\"},\"image\":{\"@id\":\"https:\/\/distribucionarc.com\/ro\/producto\/maquina-exprimidor-automatico-de-naranjas\/#primaryimage\"},\"thumbnailUrl\":\"https:\/\/distribucionarc.com\/wp-content\/uploads\/2020\/08\/M\u00e1quina-exprimidor-autom\u00e1tico-de-naranjas-0.jpg\",\"datePublished\":\"2020-08-18T11:37:11+00:00\",\"dateModified\":\"2020-09-30T15:18:08+00:00\",\"breadcrumb\":{\"@id\":\"https:\/\/distribucionarc.com\/ro\/producto\/maquina-exprimidor-automatico-de-naranjas\/#breadcrumb\"},\"inLanguage\":\"sl-SI\",\"potentialAction\":[{\"@type\":\"ReadAction\",\"target\":[\"https:\/\/distribucionarc.com\/ro\/producto\/maquina-exprimidor-automatico-de-naranjas\/\"]}]},{\"@type\":\"ImageObject\",\"inLanguage\":\"sl-SI\",\"@id\":\"https:\/\/distribucionarc.com\/ro\/producto\/maquina-exprimidor-automatico-de-naranjas\/#primaryimage\",\"url\":\"https:\/\/distribucionarc.com\/wp-content\/uploads\/2020\/08\/M\u00e1quina-exprimidor-autom\u00e1tico-de-naranjas-0.jpg\",\"contentUrl\":\"https:\/\/distribucionarc.com\/wp-content\/uploads\/2020\/08\/M\u00e1quina-exprimidor-autom\u00e1tico-de-naranjas-0.jpg\",\"width\":1600,\"height\":1600,\"caption\":\"M\u00e1quina exprimidor autom\u00e1tico de naranjas\"},{\"@type\":\"BreadcrumbList\",\"@id\":\"https:\/\/distribucionarc.com\/ro\/producto\/maquina-exprimidor-automatico-de-naranjas\/#breadcrumb\",\"itemListElement\":[{\"@type\":\"ListItem\",\"position\":1,\"name\":\"Portada\",\"item\":\"https:\/\/distribucionarc.com\/pl\/\"},{\"@type\":\"ListItem\",\"position\":2,\"name\":\"Produkty\",\"item\":\"https:\/\/distribucionarc.com\/pl\/shop\/\"},{\"@type\":\"ListItem\",\"position\":3,\"name\":\"M\u00e1quina exprimidor autom\u00e1tico de naranjas\"}]},{\"@type\":\"WebSite\",\"@id\":\"https:\/\/distribucionarc.com\/de\/#website\",\"url\":\"https:\/\/distribucionarc.com\/de\/\",\"name\":\"distribuci\u00f3n ARC\",\"description\":\"Empresa especializada en la fabricaci\u00f3n y distribuci\u00f3n de maquinaria industrial, selladoras de latas, Maquinas de hacer pastillas, Maquinas de cortar carne...\",\"publisher\":{\"@id\":\"https:\/\/distribucionarc.com\/de\/#organization\"},\"potentialAction\":[{\"@type\":\"SearchAction\",\"target\":{\"@type\":\"EntryPoint\",\"urlTemplate\":\"https:\/\/distribucionarc.com\/de\/?s={search_term_string}\"},\"query-input\":{\"@type\":\"PropertyValueSpecification\",\"valueRequired\":true,\"valueName\":\"search_term_string\"}}],\"inLanguage\":\"sl-SI\"},{\"@type\":\"Organization\",\"@id\":\"https:\/\/distribucionarc.com\/de\/#organization\",\"name\":\"Distribuci\u00f3n ARC\",\"url\":\"https:\/\/distribucionarc.com\/de\/\",\"logo\":{\"@type\":\"ImageObject\",\"inLanguage\":\"sl-SI\",\"@id\":\"https:\/\/distribucionarc.com\/de\/#\/schema\/logo\/image\/\",\"url\":\"https:\/\/distribucionarc.com\/wp-content\/uploads\/2024\/10\/distribucion-ARC-COLOR-SIN-FONDO-e1732295305345.png\",\"contentUrl\":\"https:\/\/distribucionarc.com\/wp-content\/uploads\/2024\/10\/distribucion-ARC-COLOR-SIN-FONDO-e1732295305345.png\",\"width\":1164,\"height\":558,\"caption\":\"Distribuci\u00f3n ARC\"},\"image\":{\"@id\":\"https:\/\/distribucionarc.com\/de\/#\/schema\/logo\/image\/\"},\"description\":\"Empresa especializada en la fabricaci\u00f3n y distribuci\u00f3n de maquinaria industrial para los sectores alimentario y farmac\u00e9utico. Nos especializamos en: M\u00e1quinas de cortar carne Fabricaci\u00f3n de comprimidos Sistemas de transporte industrial L\u00edneas de embotellado Dosificadores Y mucho m\u00e1s... Ofrecemos soluciones innovadoras y personalizadas para optimizar los procesos productivos de tu empresa.\",\"email\":\"Admistracion@distribucionarc.com\",\"telephone\":\"+34 643496664\",\"legalName\":\"ARC TECH SOLUTIONS\",\"foundingDate\":\"2024-04-09\",\"vatID\":\"B55480172\",\"numberOfEmployees\":{\"@type\":\"QuantitativeValue\",\"minValue\":\"1\",\"maxValue\":\"10\"}}]}<\/script>\n<!-- \/ Yoast SEO Premium plugin. -->","yoast_head_json":{"title":"Avtomatski o\u017eemalnik pomaran\u010d - distribucija ARC","robots":{"index":"index","follow":"follow","max-snippet":"max-snippet:-1","max-image-preview":"max-image-preview:large","max-video-preview":"max-video-preview:-1"},"canonical":"https:\/\/distribucionarc.com\/sl\/izdelek\/avtomatski-pomarancni-sokovnik-stroj\/","og_locale":"sl_SI","og_type":"article","og_title":"M\u00e1quina exprimidor autom\u00e1tico de naranjas","og_description":"M\u00e1quina exprimidor autom\u00e1tico de naranjas La m\u00e1quina de exprimidora ARC tiene un dise\u00f1o atractivo y est\u00e1 hecha de acero inoxidable de calidad alimentaria de alta calidad. Puede extraer eficazmente el zumo de naranjas, limones, limas, etc. La m\u00e1quina pela la piel, produce zumos frescos y se filtra autom\u00e1ticamente. Obtendr\u00e1 deliciosos jugos frescos sin aditivos llenando la cesta del exprimidor autom\u00e1tico y accionando el bot\u00f3n de inicio. Garant\u00eda\u00a0ARC 2 A\u00d1OS motor m\u00e1s eficiente bajo consumo 100W soporte t\u00e9cnico\u00a0incluido","og_url":"https:\/\/distribucionarc.com\/sl\/izdelek\/avtomatski-pomarancni-sokovnik-stroj\/","og_site_name":"distribuci\u00f3n ARC","article_modified_time":"2020-09-30T15:18:08+00:00","og_image":[{"width":1600,"height":1600,"url":"https:\/\/distribucionarc.com\/wp-content\/uploads\/2020\/08\/M\u00e1quina-exprimidor-autom\u00e1tico-de-naranjas-0.jpg","type":"image\/jpeg"}],"twitter_card":"summary_large_image","twitter_misc":{"Est. reading time":"1 minuta"},"schema":{"@context":"https:\/\/schema.org","@graph":[{"@type":"WebPage","@id":"https:\/\/distribucionarc.com\/ro\/producto\/maquina-exprimidor-automatico-de-naranjas\/","url":"https:\/\/distribucionarc.com\/ro\/producto\/maquina-exprimidor-automatico-de-naranjas\/","name":"Avtomatski o\u017eemalnik pomaran\u010d - distribucija ARC","isPartOf":{"@id":"https:\/\/distribucionarc.com\/de\/#website"},"primaryImageOfPage":{"@id":"https:\/\/distribucionarc.com\/ro\/producto\/maquina-exprimidor-automatico-de-naranjas\/#primaryimage"},"image":{"@id":"https:\/\/distribucionarc.com\/ro\/producto\/maquina-exprimidor-automatico-de-naranjas\/#primaryimage"},"thumbnailUrl":"https:\/\/distribucionarc.com\/wp-content\/uploads\/2020\/08\/M\u00e1quina-exprimidor-autom\u00e1tico-de-naranjas-0.jpg","datePublished":"2020-08-18T11:37:11+00:00","dateModified":"2020-09-30T15:18:08+00:00","breadcrumb":{"@id":"https:\/\/distribucionarc.com\/ro\/producto\/maquina-exprimidor-automatico-de-naranjas\/#breadcrumb"},"inLanguage":"sl-SI","potentialAction":[{"@type":"ReadAction","target":["https:\/\/distribucionarc.com\/ro\/producto\/maquina-exprimidor-automatico-de-naranjas\/"]}]},{"@type":"ImageObject","inLanguage":"sl-SI","@id":"https:\/\/distribucionarc.com\/ro\/producto\/maquina-exprimidor-automatico-de-naranjas\/#primaryimage","url":"https:\/\/distribucionarc.com\/wp-content\/uploads\/2020\/08\/M\u00e1quina-exprimidor-autom\u00e1tico-de-naranjas-0.jpg","contentUrl":"https:\/\/distribucionarc.com\/wp-content\/uploads\/2020\/08\/M\u00e1quina-exprimidor-autom\u00e1tico-de-naranjas-0.jpg","width":1600,"height":1600,"caption":"M\u00e1quina exprimidor autom\u00e1tico de naranjas"},{"@type":"BreadcrumbList","@id":"https:\/\/distribucionarc.com\/ro\/producto\/maquina-exprimidor-automatico-de-naranjas\/#breadcrumb","itemListElement":[{"@type":"ListItem","position":1,"name":"Portada","item":"https:\/\/distribucionarc.com\/pl\/"},{"@type":"ListItem","position":2,"name":"Produkty","item":"https:\/\/distribucionarc.com\/pl\/shop\/"},{"@type":"ListItem","position":3,"name":"M\u00e1quina exprimidor autom\u00e1tico de naranjas"}]},{"@type":"WebSite","@id":"https:\/\/distribucionarc.com\/de\/#website","url":"https:\/\/distribucionarc.com\/de\/","name":"ARC porazdelitev","description":"Podjetje je specializirano za proizvodnjo in distribucijo industrijskih strojev, strojev za zapiranje plo\u010devink, strojev za izdelavo tablet, strojev za rezanje mesa...","publisher":{"@id":"https:\/\/distribucionarc.com\/de\/#organization"},"potentialAction":[{"@type":"SearchAction","target":{"@type":"EntryPoint","urlTemplate":"https:\/\/distribucionarc.com\/de\/?s={search_term_string}"},"query-input":{"@type":"PropertyValueSpecification","valueRequired":true,"valueName":"search_term_string"}}],"inLanguage":"sl-SI"},{"@type":"Organization","@id":"https:\/\/distribucionarc.com\/de\/#organization","name":"Distribucija ARC","url":"https:\/\/distribucionarc.com\/de\/","logo":{"@type":"ImageObject","inLanguage":"sl-SI","@id":"https:\/\/distribucionarc.com\/de\/#\/schema\/logo\/image\/","url":"https:\/\/distribucionarc.com\/wp-content\/uploads\/2024\/10\/distribucion-ARC-COLOR-SIN-FONDO-e1732295305345.png","contentUrl":"https:\/\/distribucionarc.com\/wp-content\/uploads\/2024\/10\/distribucion-ARC-COLOR-SIN-FONDO-e1732295305345.png","width":1164,"height":558,"caption":"Distribuci\u00f3n ARC"},"image":{"@id":"https:\/\/distribucionarc.com\/de\/#\/schema\/logo\/image\/"},"description":"Podjetje, specializirano za proizvodnjo in distribucijo industrijskih strojev za \u017eivilski in farmacevtski sektor. Specializirani smo za: Stroji za rezanje mesa Proizvodnja tablet Industrijski transportni sistemi Stekleni\u010darske linije Dozirni stroji In \u0161e veliko ve\u010d... Ponujamo inovativne in prilagojene re\u0161itve za optimizacijo proizvodnih procesov va\u0161ega podjetja.","email":"Admistracion@distribucionarc.com","telephone":"+34 643496664","legalName":"ARC TECH SOLUTIONS","foundingDate":"2024-04-09","vatID":"B55480172","numberOfEmployees":{"@type":"QuantitativeValue","minValue":"1","maxValue":"10"}}]}},"_links":{"self":[{"href":"https:\/\/distribucionarc.com\/sl\/wp-json\/wp\/v2\/product\/2440","targetHints":{"allow":["GET"]}}],"collection":[{"href":"https:\/\/distribucionarc.com\/sl\/wp-json\/wp\/v2\/product"}],"about":[{"href":"https:\/\/distribucionarc.com\/sl\/wp-json\/wp\/v2\/types\/product"}],"replies":[{"embeddable":true,"href":"https:\/\/distribucionarc.com\/sl\/wp-json\/wp\/v2\/comments?post=2440"}],"version-history":[{"count":0,"href":"https:\/\/distribucionarc.com\/sl\/wp-json\/wp\/v2\/product\/2440\/revisions"}],"wp:featuredmedia":[{"embeddable":true,"href":"https:\/\/distribucionarc.com\/sl\/wp-json\/wp\/v2\/media\/2447"}],"wp:attachment":[{"href":"https:\/\/distribucionarc.com\/sl\/wp-json\/wp\/v2\/media?parent=2440"}],"wp:term":[{"taxonomy":"product_brand","embeddable":true,"href":"https:\/\/distribucionarc.com\/sl\/wp-json\/wp\/v2\/product_brand?post=2440"},{"taxonomy":"product_cat","embeddable":true,"href":"https:\/\/distribucionarc.com\/sl\/wp-json\/wp\/v2\/product_cat?post=2440"},{"taxonomy":"product_tag","embeddable":true,"href":"https:\/\/distribucionarc.com\/sl\/wp-json\/wp\/v2\/product_tag?post=2440"}],"curies":[{"name":"delovni list","href":"https:\/\/api.w.org\/{rel}","templated":true}]}}