{"id":2493,"date":"2020-08-19T12:13:29","date_gmt":"2020-08-19T12:13:29","guid":{"rendered":"https:\/\/distribucionarc.com\/?post_type=product&#038;p=2493"},"modified":"2020-10-01T07:59:01","modified_gmt":"2020-10-01T07:59:01","slug":"dozator-za-polnjenje-z-metlico-50-ml-%f0%9f%94%9b-500-ml","status":"publish","type":"product","link":"https:\/\/distribucionarc.com\/sl\/producto\/dosificadora-embotelladora-llenadora-con-batidor-50-ml-%f0%9f%94%9b-500-ml\/","title":{"rendered":"Dozirnik, stekleni\u010denje, polnilo z metlico 50 ml? 500 ml"},"content":{"rendered":"<h3><strong>Dozirnik, stekleni\u010denje, polnilo z metlico 50 ml? 500 ml<\/strong><\/h3>\n<p>&nbsp;<\/p>\n<p>Ta stroj je kot nala\u0161\u010d za <strong>merite izdelke, kot so marmelade ali omake, za katere je potrebna metlica<\/strong> \/ me\u0161alo, tako da je izdelek v neprekinjenem gibanju, ima motor z nastavljivo hitrostjo ?\ufe0f pomembno je, da regulirate hitrost, da jo prilagodite svojemu izdelku, ta stroj je izdelan iz nerjave\u010dega jekla 316, uporabljeni so vrhunski materiali, tako da dozator izpolnjuje na\u0161e visoke zahteve glede kakovosti.<\/p>\n<p>Polnilnica je zasnovana po modulih. V primeru okvare ali okvare vam zagotovimo kompleten modul za zamenjavo, nudimo tehni\u010dno podporo in imamo 2 leti garancije.<\/p>\n<p>Ima CE certifikat<\/p>\n<p>V tem videu vam prikazujemo delovanje stroja<\/p>\n<ul>\n<li>Robustna zasnova sistema rotacijskih ventilov.<\/li>\n<li>Polnjenje s pnevmatskim batom.<\/li>\n<li>Hitrost podajanja bata je nastavljiva.<\/li>\n<li>Nastavljiva glava s sistemom proti kapljanju.<\/li>\n<li>Natan\u010dnost polnjenja (+\/- 1%)<\/li>\n<li>Enostavno vzdr\u017eevanje in \u010di\u0161\u010denje.<\/li>\n<li>Nerjave\u010de jeklo za \u017eivila.<\/li>\n<li>Zelo enostaven za uporabo.<\/li>\n<li>Pnevmatski deli se enostavno sestavljajo in razstavljajo.<\/li>\n<li>Avtomatsko in polavtomatsko stikalo za polnjenje.<\/li>\n<li>Merilnik zra\u010dnega tlaka.<\/li>\n<li>Nastavljiva koli\u010dina in hitrost polnjenja.<\/li>\n<\/ul>\n<ul>\n<li>\n<ul>\n<li>Obseg polnjenja: 50 \u2796 500 ml.<\/li>\n<li>Prostornina zalogovnika: 30 L.<\/li>\n<li>Hitrost do: 30 steklenic\/min.<\/li>\n<li>Polnilna glava: enojna \u0161oba.<\/li>\n<li>Material stroja: nerjave\u010de jeklo 304\/316.<\/li>\n<li>2\ufe0f\u20e3 LETI GARANCIJE<\/li>\n<li>Tehni\u010dna podpora<\/li>\n<\/ul>\n<\/li>\n<\/ul>","protected":false},"excerpt":{"rendered":"<h2 class=\"product_title entry-title\"><strong>Dozirnik, stekleni\u010denje, polnilo z metlico 50 ml? 500 ml<\/strong><\/h2>\n<p><strong>Stroj za polnjenje teko\u010din<\/strong> zelo viskozen polavtomat, gnan s pnevmatskim batom, izdelan iz vrhunskih materialov. Opremljen s petimi ventili, ki nadzorujejo pretok izdelkov. Struktura z vrhunskim dizajnom in vsi modeli so enostavni za upravljanje. Uporabljene pnevmatske komponente so izdelane v Nem\u010diji in Tajvanu. Vsi uporabljeni kontaktni materiali so iz nerjave\u010dega jekla 316 v skladu z zahtevami GMP. Koli\u010dino in hitrost polnjenja je mogo\u010de regulirati z veliko natan\u010dnostjo.<\/p>","protected":false},"featured_media":2500,"comment_status":"open","ping_status":"closed","template":"","meta":{"wds_primary_product_brand":0,"wds_primary_product_cat":0},"product_brand":[],"product_cat":[18,19],"product_tag":[],"class_list":{"0":"post-2493","1":"product","2":"type-product","3":"status-publish","4":"has-post-thumbnail","6":"product_cat-dosificadoras","7":"product_cat-dosificadoras-de-liquidos","8":"product_shipping_class-express","10":"first","11":"instock","12":"sale","13":"taxable","14":"shipping-taxable","15":"purchasable","16":"product-type-simple"},"yoast_head":"<!-- This site is optimized with the Yoast SEO Premium plugin v24.9 (Yoast SEO v26.1) - https:\/\/yoast.com\/wordpress\/plugins\/seo\/ -->\n<title>Dosificadora, Embotelladora, Llenadora con Batidor 50 ml ? 500 ml - distribuci\u00f3n ARC<\/title>\n<meta name=\"robots\" content=\"index, follow, max-snippet:-1, max-image-preview:large, max-video-preview:-1\" \/>\n<link rel=\"canonical\" href=\"https:\/\/distribucionarc.com\/sl\/izdelek\/dozator-za-polnjenje-z-metlico-50-ml-\ud83d\udd1b-500-ml\/\" \/>\n<meta property=\"og:locale\" content=\"sl_SI\" \/>\n<meta property=\"og:type\" content=\"article\" \/>\n<meta property=\"og:title\" content=\"Dosificadora, Embotelladora, Llenadora con Batidor 50 ml ? 500 ml\" \/>\n<meta property=\"og:description\" content=\"Dosificadora, Embotelladora, Llenadora con Batidor 50 ml ? 500 ml M\u00e1quina para llenado de l\u00edquidos muy viscosos semiautom\u00e1tica, impulsada por un pist\u00f3n neum\u00e1tico, fabricada con materiales de primera calidad. Equipada con cinco v\u00e1lvulas que controlan el flujo de los productos. Estructura con dise\u00f1o superior y todos los modelos son f\u00e1ciles de operar. Los componentes neum\u00e1ticos utilizados son hechos en Alemania y Taiwan. Todos los materiales de contacto utilizados, son de acero inoxidable 316 de acuerdo con los requisitos de GMP. La cantidad de volumen y la velocidad de llenado pueden ser regulados con una gran precisi\u00f3n.\" \/>\n<meta property=\"og:url\" content=\"https:\/\/distribucionarc.com\/sl\/izdelek\/dozator-za-polnjenje-z-metlico-50-ml-\ud83d\udd1b-500-ml\/\" \/>\n<meta property=\"og:site_name\" content=\"distribuci\u00f3n ARC\" \/>\n<meta property=\"article:modified_time\" content=\"2020-10-01T07:59:01+00:00\" \/>\n<meta property=\"og:image\" content=\"https:\/\/distribucionarc.com\/wp-content\/uploads\/2020\/08\/Dosificadora-Embotelladora-Llenadora-con-Batidor-50-ml-500-ml-0.jpg\" \/>\n\t<meta property=\"og:image:width\" content=\"1600\" \/>\n\t<meta property=\"og:image:height\" content=\"1600\" \/>\n\t<meta property=\"og:image:type\" content=\"image\/jpeg\" \/>\n<meta name=\"twitter:card\" content=\"summary_large_image\" \/>\n<meta name=\"twitter:label1\" content=\"Est. reading time\" \/>\n\t<meta name=\"twitter:data1\" content=\"1 minuta\" \/>\n<script type=\"application\/ld+json\" class=\"yoast-schema-graph\">{\"@context\":\"https:\/\/schema.org\",\"@graph\":[{\"@type\":\"WebPage\",\"@id\":\"https:\/\/distribucionarc.com\/tr\/producto\/dosificadora-embotelladora-llenadora-con-batidor-50-ml-%f0%9f%94%9b-500-ml\/\",\"url\":\"https:\/\/distribucionarc.com\/tr\/producto\/dosificadora-embotelladora-llenadora-con-batidor-50-ml-%f0%9f%94%9b-500-ml\/\",\"name\":\"Dosificadora, Embotelladora, Llenadora con Batidor 50 ml ? 500 ml - distribuci\u00f3n ARC\",\"isPartOf\":{\"@id\":\"https:\/\/distribucionarc.com\/de\/#website\"},\"primaryImageOfPage\":{\"@id\":\"https:\/\/distribucionarc.com\/tr\/producto\/dosificadora-embotelladora-llenadora-con-batidor-50-ml-%f0%9f%94%9b-500-ml\/#primaryimage\"},\"image\":{\"@id\":\"https:\/\/distribucionarc.com\/tr\/producto\/dosificadora-embotelladora-llenadora-con-batidor-50-ml-%f0%9f%94%9b-500-ml\/#primaryimage\"},\"thumbnailUrl\":\"https:\/\/distribucionarc.com\/wp-content\/uploads\/2020\/08\/Dosificadora-Embotelladora-Llenadora-con-Batidor-50-ml-500-ml-0.jpg\",\"datePublished\":\"2020-08-19T12:13:29+00:00\",\"dateModified\":\"2020-10-01T07:59:01+00:00\",\"breadcrumb\":{\"@id\":\"https:\/\/distribucionarc.com\/tr\/producto\/dosificadora-embotelladora-llenadora-con-batidor-50-ml-%f0%9f%94%9b-500-ml\/#breadcrumb\"},\"inLanguage\":\"sl-SI\",\"potentialAction\":[{\"@type\":\"ReadAction\",\"target\":[\"https:\/\/distribucionarc.com\/tr\/producto\/dosificadora-embotelladora-llenadora-con-batidor-50-ml-%f0%9f%94%9b-500-ml\/\"]}]},{\"@type\":\"ImageObject\",\"inLanguage\":\"sl-SI\",\"@id\":\"https:\/\/distribucionarc.com\/tr\/producto\/dosificadora-embotelladora-llenadora-con-batidor-50-ml-%f0%9f%94%9b-500-ml\/#primaryimage\",\"url\":\"https:\/\/distribucionarc.com\/wp-content\/uploads\/2020\/08\/Dosificadora-Embotelladora-Llenadora-con-Batidor-50-ml-500-ml-0.jpg\",\"contentUrl\":\"https:\/\/distribucionarc.com\/wp-content\/uploads\/2020\/08\/Dosificadora-Embotelladora-Llenadora-con-Batidor-50-ml-500-ml-0.jpg\",\"width\":1600,\"height\":1600,\"caption\":\"Dosificadora, Embotelladora, Llenadora con Batidor 50 ml 500 ml\"},{\"@type\":\"BreadcrumbList\",\"@id\":\"https:\/\/distribucionarc.com\/tr\/producto\/dosificadora-embotelladora-llenadora-con-batidor-50-ml-%f0%9f%94%9b-500-ml\/#breadcrumb\",\"itemListElement\":[{\"@type\":\"ListItem\",\"position\":1,\"name\":\"Portada\",\"item\":\"https:\/\/distribucionarc.com\/pl\/\"},{\"@type\":\"ListItem\",\"position\":2,\"name\":\"Produkty\",\"item\":\"https:\/\/distribucionarc.com\/pl\/shop\/\"},{\"@type\":\"ListItem\",\"position\":3,\"name\":\"Dosificadora, Embotelladora, Llenadora con Batidor 50 ml ? 500 ml\"}]},{\"@type\":\"WebSite\",\"@id\":\"https:\/\/distribucionarc.com\/de\/#website\",\"url\":\"https:\/\/distribucionarc.com\/de\/\",\"name\":\"distribuci\u00f3n ARC\",\"description\":\"Empresa especializada en la fabricaci\u00f3n y distribuci\u00f3n de maquinaria industrial, selladoras de latas, Maquinas de hacer pastillas, Maquinas de cortar carne...\",\"publisher\":{\"@id\":\"https:\/\/distribucionarc.com\/de\/#organization\"},\"potentialAction\":[{\"@type\":\"SearchAction\",\"target\":{\"@type\":\"EntryPoint\",\"urlTemplate\":\"https:\/\/distribucionarc.com\/de\/?s={search_term_string}\"},\"query-input\":{\"@type\":\"PropertyValueSpecification\",\"valueRequired\":true,\"valueName\":\"search_term_string\"}}],\"inLanguage\":\"sl-SI\"},{\"@type\":\"Organization\",\"@id\":\"https:\/\/distribucionarc.com\/de\/#organization\",\"name\":\"Distribuci\u00f3n ARC\",\"url\":\"https:\/\/distribucionarc.com\/de\/\",\"logo\":{\"@type\":\"ImageObject\",\"inLanguage\":\"sl-SI\",\"@id\":\"https:\/\/distribucionarc.com\/de\/#\/schema\/logo\/image\/\",\"url\":\"https:\/\/distribucionarc.com\/wp-content\/uploads\/2024\/10\/distribucion-ARC-COLOR-SIN-FONDO-e1732295305345.png\",\"contentUrl\":\"https:\/\/distribucionarc.com\/wp-content\/uploads\/2024\/10\/distribucion-ARC-COLOR-SIN-FONDO-e1732295305345.png\",\"width\":1164,\"height\":558,\"caption\":\"Distribuci\u00f3n ARC\"},\"image\":{\"@id\":\"https:\/\/distribucionarc.com\/de\/#\/schema\/logo\/image\/\"},\"description\":\"Empresa especializada en la fabricaci\u00f3n y distribuci\u00f3n de maquinaria industrial para los sectores alimentario y farmac\u00e9utico. Nos especializamos en: M\u00e1quinas de cortar carne Fabricaci\u00f3n de comprimidos Sistemas de transporte industrial L\u00edneas de embotellado Dosificadores Y mucho m\u00e1s... Ofrecemos soluciones innovadoras y personalizadas para optimizar los procesos productivos de tu empresa.\",\"email\":\"Admistracion@distribucionarc.com\",\"telephone\":\"+34 643496664\",\"legalName\":\"ARC TECH SOLUTIONS\",\"foundingDate\":\"2024-04-09\",\"vatID\":\"B55480172\",\"numberOfEmployees\":{\"@type\":\"QuantitativeValue\",\"minValue\":\"1\",\"maxValue\":\"10\"}}]}<\/script>\n<!-- \/ Yoast SEO Premium plugin. -->","yoast_head_json":{"title":"Dozirnik, stekleni\u010denje, polnilo z metlico 50 ml? 500 ml - distribucija ARC","robots":{"index":"index","follow":"follow","max-snippet":"max-snippet:-1","max-image-preview":"max-image-preview:large","max-video-preview":"max-video-preview:-1"},"canonical":"https:\/\/distribucionarc.com\/sl\/izdelek\/dozator-za-polnjenje-z-metlico-50-ml-\ud83d\udd1b-500-ml\/","og_locale":"sl_SI","og_type":"article","og_title":"Dosificadora, Embotelladora, Llenadora con Batidor 50 ml ? 500 ml","og_description":"Dosificadora, Embotelladora, Llenadora con Batidor 50 ml ? 500 ml M\u00e1quina para llenado de l\u00edquidos muy viscosos semiautom\u00e1tica, impulsada por un pist\u00f3n neum\u00e1tico, fabricada con materiales de primera calidad. Equipada con cinco v\u00e1lvulas que controlan el flujo de los productos. Estructura con dise\u00f1o superior y todos los modelos son f\u00e1ciles de operar. Los componentes neum\u00e1ticos utilizados son hechos en Alemania y Taiwan. Todos los materiales de contacto utilizados, son de acero inoxidable 316 de acuerdo con los requisitos de GMP. La cantidad de volumen y la velocidad de llenado pueden ser regulados con una gran precisi\u00f3n.","og_url":"https:\/\/distribucionarc.com\/sl\/izdelek\/dozator-za-polnjenje-z-metlico-50-ml-\ud83d\udd1b-500-ml\/","og_site_name":"distribuci\u00f3n ARC","article_modified_time":"2020-10-01T07:59:01+00:00","og_image":[{"width":1600,"height":1600,"url":"https:\/\/distribucionarc.com\/wp-content\/uploads\/2020\/08\/Dosificadora-Embotelladora-Llenadora-con-Batidor-50-ml-500-ml-0.jpg","type":"image\/jpeg"}],"twitter_card":"summary_large_image","twitter_misc":{"Est. reading time":"1 minuta"},"schema":{"@context":"https:\/\/schema.org","@graph":[{"@type":"WebPage","@id":"https:\/\/distribucionarc.com\/tr\/producto\/dosificadora-embotelladora-llenadora-con-batidor-50-ml-%f0%9f%94%9b-500-ml\/","url":"https:\/\/distribucionarc.com\/tr\/producto\/dosificadora-embotelladora-llenadora-con-batidor-50-ml-%f0%9f%94%9b-500-ml\/","name":"Dozirnik, stekleni\u010denje, polnilo z metlico 50 ml? 500 ml - distribucija ARC","isPartOf":{"@id":"https:\/\/distribucionarc.com\/de\/#website"},"primaryImageOfPage":{"@id":"https:\/\/distribucionarc.com\/tr\/producto\/dosificadora-embotelladora-llenadora-con-batidor-50-ml-%f0%9f%94%9b-500-ml\/#primaryimage"},"image":{"@id":"https:\/\/distribucionarc.com\/tr\/producto\/dosificadora-embotelladora-llenadora-con-batidor-50-ml-%f0%9f%94%9b-500-ml\/#primaryimage"},"thumbnailUrl":"https:\/\/distribucionarc.com\/wp-content\/uploads\/2020\/08\/Dosificadora-Embotelladora-Llenadora-con-Batidor-50-ml-500-ml-0.jpg","datePublished":"2020-08-19T12:13:29+00:00","dateModified":"2020-10-01T07:59:01+00:00","breadcrumb":{"@id":"https:\/\/distribucionarc.com\/tr\/producto\/dosificadora-embotelladora-llenadora-con-batidor-50-ml-%f0%9f%94%9b-500-ml\/#breadcrumb"},"inLanguage":"sl-SI","potentialAction":[{"@type":"ReadAction","target":["https:\/\/distribucionarc.com\/tr\/producto\/dosificadora-embotelladora-llenadora-con-batidor-50-ml-%f0%9f%94%9b-500-ml\/"]}]},{"@type":"ImageObject","inLanguage":"sl-SI","@id":"https:\/\/distribucionarc.com\/tr\/producto\/dosificadora-embotelladora-llenadora-con-batidor-50-ml-%f0%9f%94%9b-500-ml\/#primaryimage","url":"https:\/\/distribucionarc.com\/wp-content\/uploads\/2020\/08\/Dosificadora-Embotelladora-Llenadora-con-Batidor-50-ml-500-ml-0.jpg","contentUrl":"https:\/\/distribucionarc.com\/wp-content\/uploads\/2020\/08\/Dosificadora-Embotelladora-Llenadora-con-Batidor-50-ml-500-ml-0.jpg","width":1600,"height":1600,"caption":"Dosificadora, Embotelladora, Llenadora con Batidor 50 ml 500 ml"},{"@type":"BreadcrumbList","@id":"https:\/\/distribucionarc.com\/tr\/producto\/dosificadora-embotelladora-llenadora-con-batidor-50-ml-%f0%9f%94%9b-500-ml\/#breadcrumb","itemListElement":[{"@type":"ListItem","position":1,"name":"Portada","item":"https:\/\/distribucionarc.com\/pl\/"},{"@type":"ListItem","position":2,"name":"Produkty","item":"https:\/\/distribucionarc.com\/pl\/shop\/"},{"@type":"ListItem","position":3,"name":"Dosificadora, Embotelladora, Llenadora con Batidor 50 ml ? 500 ml"}]},{"@type":"WebSite","@id":"https:\/\/distribucionarc.com\/de\/#website","url":"https:\/\/distribucionarc.com\/de\/","name":"ARC porazdelitev","description":"Podjetje je specializirano za proizvodnjo in distribucijo industrijskih strojev, strojev za zapiranje plo\u010devink, strojev za izdelavo tablet, strojev za rezanje mesa...","publisher":{"@id":"https:\/\/distribucionarc.com\/de\/#organization"},"potentialAction":[{"@type":"SearchAction","target":{"@type":"EntryPoint","urlTemplate":"https:\/\/distribucionarc.com\/de\/?s={search_term_string}"},"query-input":{"@type":"PropertyValueSpecification","valueRequired":true,"valueName":"search_term_string"}}],"inLanguage":"sl-SI"},{"@type":"Organization","@id":"https:\/\/distribucionarc.com\/de\/#organization","name":"Distribucija ARC","url":"https:\/\/distribucionarc.com\/de\/","logo":{"@type":"ImageObject","inLanguage":"sl-SI","@id":"https:\/\/distribucionarc.com\/de\/#\/schema\/logo\/image\/","url":"https:\/\/distribucionarc.com\/wp-content\/uploads\/2024\/10\/distribucion-ARC-COLOR-SIN-FONDO-e1732295305345.png","contentUrl":"https:\/\/distribucionarc.com\/wp-content\/uploads\/2024\/10\/distribucion-ARC-COLOR-SIN-FONDO-e1732295305345.png","width":1164,"height":558,"caption":"Distribuci\u00f3n ARC"},"image":{"@id":"https:\/\/distribucionarc.com\/de\/#\/schema\/logo\/image\/"},"description":"Podjetje, specializirano za proizvodnjo in distribucijo industrijskih strojev za \u017eivilski in farmacevtski sektor. Specializirani smo za: Stroji za rezanje mesa Proizvodnja tablet Industrijski transportni sistemi Stekleni\u010darske linije Dozirni stroji In \u0161e veliko ve\u010d... Ponujamo inovativne in prilagojene re\u0161itve za optimizacijo proizvodnih procesov va\u0161ega podjetja.","email":"Admistracion@distribucionarc.com","telephone":"+34 643496664","legalName":"ARC TECH SOLUTIONS","foundingDate":"2024-04-09","vatID":"B55480172","numberOfEmployees":{"@type":"QuantitativeValue","minValue":"1","maxValue":"10"}}]}},"_links":{"self":[{"href":"https:\/\/distribucionarc.com\/sl\/wp-json\/wp\/v2\/product\/2493","targetHints":{"allow":["GET"]}}],"collection":[{"href":"https:\/\/distribucionarc.com\/sl\/wp-json\/wp\/v2\/product"}],"about":[{"href":"https:\/\/distribucionarc.com\/sl\/wp-json\/wp\/v2\/types\/product"}],"replies":[{"embeddable":true,"href":"https:\/\/distribucionarc.com\/sl\/wp-json\/wp\/v2\/comments?post=2493"}],"version-history":[{"count":0,"href":"https:\/\/distribucionarc.com\/sl\/wp-json\/wp\/v2\/product\/2493\/revisions"}],"wp:featuredmedia":[{"embeddable":true,"href":"https:\/\/distribucionarc.com\/sl\/wp-json\/wp\/v2\/media\/2500"}],"wp:attachment":[{"href":"https:\/\/distribucionarc.com\/sl\/wp-json\/wp\/v2\/media?parent=2493"}],"wp:term":[{"taxonomy":"product_brand","embeddable":true,"href":"https:\/\/distribucionarc.com\/sl\/wp-json\/wp\/v2\/product_brand?post=2493"},{"taxonomy":"product_cat","embeddable":true,"href":"https:\/\/distribucionarc.com\/sl\/wp-json\/wp\/v2\/product_cat?post=2493"},{"taxonomy":"product_tag","embeddable":true,"href":"https:\/\/distribucionarc.com\/sl\/wp-json\/wp\/v2\/product_tag?post=2493"}],"curies":[{"name":"delovni list","href":"https:\/\/api.w.org\/{rel}","templated":true}]}}