{"id":2708,"date":"2020-08-20T16:39:22","date_gmt":"2020-08-20T16:39:22","guid":{"rendered":"https:\/\/distribucionarc.com\/?post_type=product&#038;p=2708"},"modified":"2020-10-01T09:49:43","modified_gmt":"2020-10-01T09:49:43","slug":"stroj-za-napise-na-prstane","status":"publish","type":"product","link":"https:\/\/distribucionarc.com\/sl\/producto\/maquina-para-inscripciones-en-anillos\/","title":{"rendered":"Stroj za vpisovanje prstanov"},"content":{"rendered":"<h3>Stroj za vpisovanje prstanov<\/h3>\n<p><strong>Profesionalni graver za notranje prstane <span style=\"color: #ff0000;\">TO<\/span><span style=\"color: #0000ff;\">R<\/span>c<\/strong>, s standardno oznako velikih \u010drk. Vgravirajte ble\u0161\u010de\u010de za\u010detnice, datume ali besedne zveze na notranjo stran skoraj katerega koli prstana. Primeren je za razli\u010dne oblike prstanov razli\u010dnih premerov in debelin.<\/p>\n<p>Krogla meri pribli\u017eno (12,5 cm) v premeru. Ima dvostransko \u0161tevil\u010dnico z velikimi \u010drkami in \u0161tevilkami. Zahvaljujo\u010d diamantni konici ne boste imeli te\u017eav pri izdelavi napisov. Plus samodejno centriranje \u010drk, enoten razmik znakov in enotna globina graviranja.<\/p>\n<p>S tem prakti\u010dnim <strong>prstan graver<span style=\"color: #ff0000;\"> TO<\/span><span style=\"color: #0000ff;\">R<\/span>CGPA1<\/strong> V notranjosti lahko svoje stranke presenetite s takoj\u0161njim zadovoljstvom in vsak prstan spremenite v personaliziran spominek z graviranjem imen, za\u010detnic, spominskih datumov, kratkega sporo\u010dila itd.<\/p>\n<h6><\/h6>\n<h6><strong>Garancija<span style=\"color: #ff0000;\">\u00a0<\/span><\/strong><span style=\"color: #ff0000;\"><strong>TO<\/strong><\/span><span style=\"color: #0000ff;\"><strong>R<\/strong><\/span><strong>C 2 LETI<\/strong><\/h6>\n<h6><strong>vklju\u010dena tehni\u010dna podpora<\/strong><\/h6>\n<p>&nbsp;<\/p>\n<table width=\"100%\">\n<tbody>\n<tr>\n<td>fant:<\/td>\n<td width=\"50%\">Priro\u010dnik<\/td>\n<td colspan=\"2\" width=\"327\"><\/td>\n<\/tr>\n<tr>\n<td>Dr\u017eava distribucije:<\/td>\n<td width=\"50%\">\u0160panija, Nem\u010dija, ZDA<\/td>\n<td>Te\u017ea:<\/td>\n<td width=\"50%\">6,5 kg<\/td>\n<\/tr>\n<tr>\n<td>Znamka:<\/td>\n<td width=\"50%\">ARC<\/td>\n<td>Vi\u0161ina:<\/td>\n<td width=\"50%\">45 cm<\/td>\n<\/tr>\n<tr>\n<td>barva:<\/td>\n<td width=\"50%\">Srebrna<\/td>\n<td>dolgo:<\/td>\n<td width=\"50%\">\u00a025 cm<\/td>\n<\/tr>\n<tr>\n<td>Vrsta izdelka:<\/td>\n<td width=\"50%\">prstan graver<\/td>\n<td>\u0160iroko:<\/td>\n<td width=\"50%\">23 cm<\/td>\n<\/tr>\n<tr>\n<td>\u0160tevilka proizvajalca:<\/td>\n<td width=\"50%\">ARCGPA1<\/td>\n<td>Vrtilni kot:<\/td>\n<td width=\"50%\">360\u00ba<\/td>\n<\/tr>\n<tr>\n<td>Material:<\/td>\n<td width=\"50%\">\u00a0nerjave\u010de jeklo, diamantna konica<\/td>\n<td>Velikost vnosa:<\/td>\n<td width=\"50%\">8,6 x 8,6 cm<\/td>\n<\/tr>\n<tr>\n<td>Garancija:<\/td>\n<td width=\"50%\">2 LETI<\/td>\n<td>Premer krogle:<\/td>\n<td width=\"50%\">12,5 cm<\/td>\n<\/tr>\n<tr>\n<td>Orodja za namestitev:<\/td>\n<td width=\"50%\">ja<\/td>\n<td>Paket vklju\u010duje:<\/td>\n<td width=\"50%\">1 x stroj za graviranje notranjih prstanov<br \/>\n1 x dvostranska \u0161tevil\u010dnica<\/td>\n<\/tr>\n<\/tbody>\n<\/table>","protected":false},"excerpt":{"rendered":"<h2>Stroj za vpisovanje prstanov<\/h2>\n<p>to <strong>stroj za graviranje <span style=\"color: #ff0000;\">TO<\/span><span style=\"color: #0000ff;\">R<\/span>c<\/strong> Profesionalno gravira zlato, srebro in druge materiale ter se prilega ozkim, \u0161irokim in nastavljenim prstanom. Z a <strong>diamantna konica svin\u010dnika<\/strong> ki zagotavlja jasno graviranje in samodejno centriranje<\/p>\n<p>Zasnovan je za a <strong>hitro in enostavno graviranje<\/strong> na notranji strani ve\u010d prstanov, ki se prakti\u010dno ne razlikujejo od ro\u010dne gravure. Samodejni menjalnik zobnikov omogo\u010da, da se vpenjalna glava \u0161e naprej vrti po vsakem vgraviranem znaku. Obojestranska gravirna krogla omogo\u010da graviranje na skoraj vse vrste prstanov razli\u010dnih vi\u0161in in debelin.<\/p>\n<h6><strong>Garancija<span style=\"color: #ff0000;\">\u00a0<\/span><\/strong><span style=\"color: #ff0000;\"><strong>TO<\/strong><\/span><span style=\"color: #0000ff;\"><strong>R<\/strong><\/span><strong>C 2 LETI<\/strong><\/h6>\n<h6><strong>vklju\u010dena tehni\u010dna podpora<\/strong><\/h6>","protected":false},"featured_media":2715,"comment_status":"open","ping_status":"closed","template":"","meta":{"wds_primary_product_brand":0,"wds_primary_product_cat":0},"product_brand":[],"product_cat":[69,70],"product_tag":[],"class_list":{"0":"post-2708","1":"product","2":"type-product","3":"status-publish","4":"has-post-thumbnail","6":"product_cat-maquinas-variadas","7":"product_cat-talladoras-marcadoras-de-metal-grabadoras-laser","8":"product_shipping_class-express","10":"first","11":"instock","12":"sale","13":"taxable","14":"shipping-taxable","15":"purchasable","16":"product-type-simple"},"yoast_head":"<!-- This site is optimized with the Yoast SEO Premium plugin v24.9 (Yoast SEO v26.1) - https:\/\/yoast.com\/wordpress\/plugins\/seo\/ -->\n<title>Maquina para inscripciones en anillos - distribuci\u00f3n ARC<\/title>\n<meta name=\"robots\" content=\"index, follow, max-snippet:-1, max-image-preview:large, max-video-preview:-1\" \/>\n<link rel=\"canonical\" href=\"https:\/\/www.distribucionarc.com\/sl\/producto\/maquina-para-inscripciones-en-anillos\/\" \/>\n<meta property=\"og:locale\" content=\"sl_SI\" \/>\n<meta property=\"og:type\" content=\"article\" \/>\n<meta property=\"og:title\" content=\"Maquina para inscripciones en anillos\" \/>\n<meta property=\"og:description\" content=\"Maquina para inscripciones en anillos Esta m\u00e1quina de grabado ARC graba profesionalmente oro, plata y otros materiales y se adapta con anillos estrechos, anchos y de conjunto. Con una punta de l\u00e1piz de diamante que asegura el grabado claro y el centrado autom\u00e1tico  Est\u00e1 dise\u00f1ado para un grabado r\u00e1pido y sencillo en el interior de varios anillos, pr\u00e1cticamente indistinguible del grabado a mano. La transmisi\u00f3n autom\u00e1tica de engranajes permite que el portabrocas siga girando despu\u00e9s de grabar cada car\u00e1cter. La esfera de grabado de doble cara permite grabar en casi todo tipo de anillos con diferentes alturas y espesores. Garant\u00eda\u00a0ARC 2 A\u00d1OS soporte t\u00e9cnico\u00a0incluido\" \/>\n<meta property=\"og:url\" content=\"https:\/\/www.distribucionarc.com\/sl\/producto\/maquina-para-inscripciones-en-anillos\/\" \/>\n<meta property=\"og:site_name\" content=\"distribuci\u00f3n ARC\" \/>\n<meta property=\"article:modified_time\" content=\"2020-10-01T09:49:43+00:00\" \/>\n<meta property=\"og:image\" content=\"https:\/\/distribucionarc.com\/wp-content\/uploads\/2020\/08\/M\u00e1quina-para-inscripciones-en-anillos-0.jpg\" \/>\n\t<meta property=\"og:image:width\" content=\"1001\" \/>\n\t<meta property=\"og:image:height\" content=\"1001\" \/>\n\t<meta property=\"og:image:type\" content=\"image\/jpeg\" \/>\n<meta name=\"twitter:card\" content=\"summary_large_image\" \/>\n<meta name=\"twitter:label1\" content=\"Est. reading time\" \/>\n\t<meta name=\"twitter:data1\" content=\"1 minuta\" \/>\n<script type=\"application\/ld+json\" class=\"yoast-schema-graph\">{\"@context\":\"https:\/\/schema.org\",\"@graph\":[{\"@type\":\"WebPage\",\"@id\":\"https:\/\/www.distribucionarc.com\/sl\/producto\/maquina-para-inscripciones-en-anillos\/\",\"url\":\"https:\/\/www.distribucionarc.com\/sl\/producto\/maquina-para-inscripciones-en-anillos\/\",\"name\":\"Maquina para inscripciones en anillos - distribuci\u00f3n ARC\",\"isPartOf\":{\"@id\":\"https:\/\/distribucionarc.com\/ro\/#website\"},\"primaryImageOfPage\":{\"@id\":\"https:\/\/www.distribucionarc.com\/sl\/producto\/maquina-para-inscripciones-en-anillos\/#primaryimage\"},\"image\":{\"@id\":\"https:\/\/www.distribucionarc.com\/sl\/producto\/maquina-para-inscripciones-en-anillos\/#primaryimage\"},\"thumbnailUrl\":\"https:\/\/distribucionarc.com\/wp-content\/uploads\/2020\/08\/M\u00e1quina-para-inscripciones-en-anillos-0.jpg\",\"datePublished\":\"2020-08-20T16:39:22+00:00\",\"dateModified\":\"2020-10-01T09:49:43+00:00\",\"breadcrumb\":{\"@id\":\"https:\/\/www.distribucionarc.com\/sl\/producto\/maquina-para-inscripciones-en-anillos\/#breadcrumb\"},\"inLanguage\":\"sl-SI\",\"potentialAction\":[{\"@type\":\"ReadAction\",\"target\":[\"https:\/\/www.distribucionarc.com\/sl\/producto\/maquina-para-inscripciones-en-anillos\/\"]}]},{\"@type\":\"ImageObject\",\"inLanguage\":\"sl-SI\",\"@id\":\"https:\/\/www.distribucionarc.com\/sl\/producto\/maquina-para-inscripciones-en-anillos\/#primaryimage\",\"url\":\"https:\/\/distribucionarc.com\/wp-content\/uploads\/2020\/08\/M\u00e1quina-para-inscripciones-en-anillos-0.jpg\",\"contentUrl\":\"https:\/\/distribucionarc.com\/wp-content\/uploads\/2020\/08\/M\u00e1quina-para-inscripciones-en-anillos-0.jpg\",\"width\":1001,\"height\":1001,\"caption\":\"Maquina para inscripciones en anillos\"},{\"@type\":\"BreadcrumbList\",\"@id\":\"https:\/\/www.distribucionarc.com\/sl\/producto\/maquina-para-inscripciones-en-anillos\/#breadcrumb\",\"itemListElement\":[{\"@type\":\"ListItem\",\"position\":1,\"name\":\"Portada\",\"item\":\"https:\/\/distribucionarc.com\/ar\/\"},{\"@type\":\"ListItem\",\"position\":2,\"name\":\"Proizvodi\",\"item\":\"https:\/\/www.distribucionarc.com\/hr\/ducan\/\"},{\"@type\":\"ListItem\",\"position\":3,\"name\":\"Maquina para inscripciones en anillos\"}]},{\"@type\":\"WebSite\",\"@id\":\"https:\/\/distribucionarc.com\/ro\/#website\",\"url\":\"https:\/\/distribucionarc.com\/ro\/\",\"name\":\"distribuci\u00f3n ARC\",\"description\":\"Empresa especializada en la fabricaci\u00f3n y distribuci\u00f3n de maquinaria industrial, selladoras de latas, Maquinas de hacer pastillas, Maquinas de cortar carne...\",\"publisher\":{\"@id\":\"https:\/\/distribucionarc.com\/ro\/#organization\"},\"potentialAction\":[{\"@type\":\"SearchAction\",\"target\":{\"@type\":\"EntryPoint\",\"urlTemplate\":\"https:\/\/distribucionarc.com\/ro\/?s={search_term_string}\"},\"query-input\":{\"@type\":\"PropertyValueSpecification\",\"valueRequired\":true,\"valueName\":\"search_term_string\"}}],\"inLanguage\":\"sl-SI\"},{\"@type\":\"Organization\",\"@id\":\"https:\/\/distribucionarc.com\/ro\/#organization\",\"name\":\"Distribuci\u00f3n ARC\",\"url\":\"https:\/\/distribucionarc.com\/ro\/\",\"logo\":{\"@type\":\"ImageObject\",\"inLanguage\":\"sl-SI\",\"@id\":\"https:\/\/distribucionarc.com\/ro\/#\/schema\/logo\/image\/\",\"url\":\"https:\/\/distribucionarc.com\/wp-content\/uploads\/2024\/10\/distribucion-ARC-COLOR-SIN-FONDO-e1732295305345.png\",\"contentUrl\":\"https:\/\/distribucionarc.com\/wp-content\/uploads\/2024\/10\/distribucion-ARC-COLOR-SIN-FONDO-e1732295305345.png\",\"width\":1164,\"height\":558,\"caption\":\"Distribuci\u00f3n ARC\"},\"image\":{\"@id\":\"https:\/\/distribucionarc.com\/ro\/#\/schema\/logo\/image\/\"},\"description\":\"Empresa especializada en la fabricaci\u00f3n y distribuci\u00f3n de maquinaria industrial para los sectores alimentario y farmac\u00e9utico. Nos especializamos en: M\u00e1quinas de cortar carne Fabricaci\u00f3n de comprimidos Sistemas de transporte industrial L\u00edneas de embotellado Dosificadores Y mucho m\u00e1s... Ofrecemos soluciones innovadoras y personalizadas para optimizar los procesos productivos de tu empresa.\",\"email\":\"Admistracion@distribucionarc.com\",\"telephone\":\"+34 643496664\",\"legalName\":\"ARC TECH SOLUTIONS\",\"foundingDate\":\"2024-04-09\",\"vatID\":\"B55480172\",\"numberOfEmployees\":{\"@type\":\"QuantitativeValue\",\"minValue\":\"1\",\"maxValue\":\"10\"}}]}<\/script>\n<!-- \/ Yoast SEO Premium plugin. -->","yoast_head_json":{"title":"Stroj za vpisovanje prstanov - distribucija ARC","robots":{"index":"index","follow":"follow","max-snippet":"max-snippet:-1","max-image-preview":"max-image-preview:large","max-video-preview":"max-video-preview:-1"},"canonical":"https:\/\/www.distribucionarc.com\/sl\/producto\/maquina-para-inscripciones-en-anillos\/","og_locale":"sl_SI","og_type":"article","og_title":"Maquina para inscripciones en anillos","og_description":"Maquina para inscripciones en anillos Esta m\u00e1quina de grabado ARC graba profesionalmente oro, plata y otros materiales y se adapta con anillos estrechos, anchos y de conjunto. Con una punta de l\u00e1piz de diamante que asegura el grabado claro y el centrado autom\u00e1tico  Est\u00e1 dise\u00f1ado para un grabado r\u00e1pido y sencillo en el interior de varios anillos, pr\u00e1cticamente indistinguible del grabado a mano. La transmisi\u00f3n autom\u00e1tica de engranajes permite que el portabrocas siga girando despu\u00e9s de grabar cada car\u00e1cter. La esfera de grabado de doble cara permite grabar en casi todo tipo de anillos con diferentes alturas y espesores. Garant\u00eda\u00a0ARC 2 A\u00d1OS soporte t\u00e9cnico\u00a0incluido","og_url":"https:\/\/www.distribucionarc.com\/sl\/producto\/maquina-para-inscripciones-en-anillos\/","og_site_name":"distribuci\u00f3n ARC","article_modified_time":"2020-10-01T09:49:43+00:00","og_image":[{"width":1001,"height":1001,"url":"https:\/\/distribucionarc.com\/wp-content\/uploads\/2020\/08\/M\u00e1quina-para-inscripciones-en-anillos-0.jpg","type":"image\/jpeg"}],"twitter_card":"summary_large_image","twitter_misc":{"Est. reading time":"1 minuta"},"schema":{"@context":"https:\/\/schema.org","@graph":[{"@type":"WebPage","@id":"https:\/\/www.distribucionarc.com\/sl\/producto\/maquina-para-inscripciones-en-anillos\/","url":"https:\/\/www.distribucionarc.com\/sl\/producto\/maquina-para-inscripciones-en-anillos\/","name":"Stroj za vpisovanje prstanov - distribucija ARC","isPartOf":{"@id":"https:\/\/distribucionarc.com\/ro\/#website"},"primaryImageOfPage":{"@id":"https:\/\/www.distribucionarc.com\/sl\/producto\/maquina-para-inscripciones-en-anillos\/#primaryimage"},"image":{"@id":"https:\/\/www.distribucionarc.com\/sl\/producto\/maquina-para-inscripciones-en-anillos\/#primaryimage"},"thumbnailUrl":"https:\/\/distribucionarc.com\/wp-content\/uploads\/2020\/08\/M\u00e1quina-para-inscripciones-en-anillos-0.jpg","datePublished":"2020-08-20T16:39:22+00:00","dateModified":"2020-10-01T09:49:43+00:00","breadcrumb":{"@id":"https:\/\/www.distribucionarc.com\/sl\/producto\/maquina-para-inscripciones-en-anillos\/#breadcrumb"},"inLanguage":"sl-SI","potentialAction":[{"@type":"ReadAction","target":["https:\/\/www.distribucionarc.com\/sl\/producto\/maquina-para-inscripciones-en-anillos\/"]}]},{"@type":"ImageObject","inLanguage":"sl-SI","@id":"https:\/\/www.distribucionarc.com\/sl\/producto\/maquina-para-inscripciones-en-anillos\/#primaryimage","url":"https:\/\/distribucionarc.com\/wp-content\/uploads\/2020\/08\/M\u00e1quina-para-inscripciones-en-anillos-0.jpg","contentUrl":"https:\/\/distribucionarc.com\/wp-content\/uploads\/2020\/08\/M\u00e1quina-para-inscripciones-en-anillos-0.jpg","width":1001,"height":1001,"caption":"Maquina para inscripciones en anillos"},{"@type":"BreadcrumbList","@id":"https:\/\/www.distribucionarc.com\/sl\/producto\/maquina-para-inscripciones-en-anillos\/#breadcrumb","itemListElement":[{"@type":"ListItem","position":1,"name":"Portada","item":"https:\/\/distribucionarc.com\/ar\/"},{"@type":"ListItem","position":2,"name":"Proizvodi","item":"https:\/\/www.distribucionarc.com\/hr\/ducan\/"},{"@type":"ListItem","position":3,"name":"Maquina para inscripciones en anillos"}]},{"@type":"WebSite","@id":"https:\/\/distribucionarc.com\/ro\/#website","url":"https:\/\/distribucionarc.com\/ro\/","name":"ARC porazdelitev","description":"Podjetje je specializirano za proizvodnjo in distribucijo industrijskih strojev, strojev za zapiranje plo\u010devink, strojev za izdelavo tablet, strojev za rezanje mesa...","publisher":{"@id":"https:\/\/distribucionarc.com\/ro\/#organization"},"potentialAction":[{"@type":"SearchAction","target":{"@type":"EntryPoint","urlTemplate":"https:\/\/distribucionarc.com\/ro\/?s={search_term_string}"},"query-input":{"@type":"PropertyValueSpecification","valueRequired":true,"valueName":"search_term_string"}}],"inLanguage":"sl-SI"},{"@type":"Organization","@id":"https:\/\/distribucionarc.com\/ro\/#organization","name":"Distribucija ARC","url":"https:\/\/distribucionarc.com\/ro\/","logo":{"@type":"ImageObject","inLanguage":"sl-SI","@id":"https:\/\/distribucionarc.com\/ro\/#\/schema\/logo\/image\/","url":"https:\/\/distribucionarc.com\/wp-content\/uploads\/2024\/10\/distribucion-ARC-COLOR-SIN-FONDO-e1732295305345.png","contentUrl":"https:\/\/distribucionarc.com\/wp-content\/uploads\/2024\/10\/distribucion-ARC-COLOR-SIN-FONDO-e1732295305345.png","width":1164,"height":558,"caption":"Distribuci\u00f3n ARC"},"image":{"@id":"https:\/\/distribucionarc.com\/ro\/#\/schema\/logo\/image\/"},"description":"Podjetje, specializirano za proizvodnjo in distribucijo industrijskih strojev za \u017eivilski in farmacevtski sektor. Specializirani smo za: Stroji za rezanje mesa Proizvodnja tablet Industrijski transportni sistemi Stekleni\u010darske linije Dozirni stroji In \u0161e veliko ve\u010d... Ponujamo inovativne in prilagojene re\u0161itve za optimizacijo proizvodnih procesov va\u0161ega podjetja.","email":"Admistracion@distribucionarc.com","telephone":"+34 643496664","legalName":"ARC TECH SOLUTIONS","foundingDate":"2024-04-09","vatID":"B55480172","numberOfEmployees":{"@type":"QuantitativeValue","minValue":"1","maxValue":"10"}}]}},"_links":{"self":[{"href":"https:\/\/distribucionarc.com\/sl\/wp-json\/wp\/v2\/product\/2708","targetHints":{"allow":["GET"]}}],"collection":[{"href":"https:\/\/distribucionarc.com\/sl\/wp-json\/wp\/v2\/product"}],"about":[{"href":"https:\/\/distribucionarc.com\/sl\/wp-json\/wp\/v2\/types\/product"}],"replies":[{"embeddable":true,"href":"https:\/\/distribucionarc.com\/sl\/wp-json\/wp\/v2\/comments?post=2708"}],"version-history":[{"count":0,"href":"https:\/\/distribucionarc.com\/sl\/wp-json\/wp\/v2\/product\/2708\/revisions"}],"wp:featuredmedia":[{"embeddable":true,"href":"https:\/\/distribucionarc.com\/sl\/wp-json\/wp\/v2\/media\/2715"}],"wp:attachment":[{"href":"https:\/\/distribucionarc.com\/sl\/wp-json\/wp\/v2\/media?parent=2708"}],"wp:term":[{"taxonomy":"product_brand","embeddable":true,"href":"https:\/\/distribucionarc.com\/sl\/wp-json\/wp\/v2\/product_brand?post=2708"},{"taxonomy":"product_cat","embeddable":true,"href":"https:\/\/distribucionarc.com\/sl\/wp-json\/wp\/v2\/product_cat?post=2708"},{"taxonomy":"product_tag","embeddable":true,"href":"https:\/\/distribucionarc.com\/sl\/wp-json\/wp\/v2\/product_tag?post=2708"}],"curies":[{"name":"delovni list","href":"https:\/\/api.w.org\/{rel}","templated":true}]}}