{"id":2747,"date":"2020-08-21T11:23:47","date_gmt":"2020-08-21T11:23:47","guid":{"rendered":"https:\/\/distribucionarc.com\/?post_type=product&#038;p=2747"},"modified":"2020-10-09T10:45:53","modified_gmt":"2020-10-09T10:45:53","slug":"co2-laserski-gravirni-in-rezalni-stroj","status":"publish","type":"product","link":"https:\/\/distribucionarc.com\/sl\/producto\/maquina-de-grabado-y-cortado-laser-de-co2\/","title":{"rendered":"CO2 laserski gravirni in rezalni stroj za mizarstvo 30 x 20"},"content":{"rendered":"<h3><strong>CO2 laserski gravirni in rezalni stroj za mizarstvo<\/strong><\/h3>\n<p>Visoko precizna laserska glava\u00a0<strong>stroj za ozna\u010devanje<span style=\"color: #ff0000;\">\u00a0TO<\/span><span style=\"color: #0000ff;\">R<\/span>c<\/strong>, z visoko kakovostjo, zanesljivim delovanjem in vzdr\u017eljivostjo, izbolj\u0161a natan\u010dnost in u\u010dinkovitost graviranja. Visoko natan\u010dni le\u017eaji in bla\u017eilni pasovi naredijo graviranje natan\u010dnej\u0161e, prav tako <strong>vzdr\u017eljivost stroja<\/strong> biti <strong>dvakrat ali trikrat dalj\u0161i kot pri obi\u010dajnem CO2 laserskem graverju<\/strong><\/p>\n<p>Ima stikalo za vklop\/izklop, lasersko stikalo, testno stikalo, regulacijo toka in prikaz toka na nadzorni plo\u0161\u010di za bolj intuitiven in priro\u010den nadzor nad graviranjem. Prilo\u017eeni so odvod cevi, zra\u010dnik in ventilator, ki u\u010dinkovito zni\u017eajo temperaturo vseh elektronskih komponent in tako podalj\u0161ajo njihovo \u017eivljenjsko dobo.<\/p>\n<p>Uporablja vrata USB za priro\u010dno povezavo z osebnim ali prenosnim ra\u010dunalnikom za natan\u010dnej\u0161i in bolj\u0161i nadzor graviranja. Ta stroj je zdru\u017eljiv z vsemi modeli tiskalnikov in skenerjev. Podpira mednarodne standardne pisave TIF in BMP\/JPG\/JPEG\/WMF\/EMF\/PLT. Poleg tega je <strong>laserski graver\u00a0<span style=\"color: #ff0000;\">TO<\/span><span style=\"color: #0000ff;\">R<\/span>CGCLP40 <\/strong>je opremljen z a\u00a0<strong>kora\u010dni motor<\/strong>\u00a0Visoka natan\u010dnost, u\u010dinkovitost in stabilnost, doseganje natan\u010dnej\u0161ega graviranja.<\/p>\n<h6><strong>Garancija\u00a0<span style=\"color: #ff0000;\">TO<\/span><span style=\"color: #0000ff;\">R<\/span>C 2 LETI<\/strong><\/h6>\n<h6><span style=\"color: #008000;\">U\u010dinkovit laserski graver, poraba \u2264280W<\/span><\/h6>\n<h6><strong>vklju\u010dena tehni\u010dna podpora<\/strong><\/h6>\n<p>&nbsp;<\/p>\n<hr \/>\n<ul>\n<li><strong>Mo\u010d laserja: 40W<\/strong><\/li>\n<li><strong>Vrsta laserja: plin CO2<\/strong><\/li>\n<li><strong>Tok: 0 ~ 22 mA<\/strong><\/li>\n<li><strong>Spro\u017eilna napetost cevi: 20 kV<\/strong><\/li>\n<li><strong>Delovna napetost cevi: 15 kV<\/strong><\/li>\n<li><strong>Povr\u0161ina graviranja: 300 x 200 mm<\/strong><\/li>\n<li><strong>Certifikati: CE<\/strong><\/li>\n<li><strong>Tip motorja: kora\u010dni motor<\/strong><\/li>\n<li><strong>Poraba energije: \u2264250W<\/strong><\/li>\n<li><strong>Vmesnik z ra\u010dunalnikom: USB priklju\u010dek<\/strong><\/li>\n<li><strong>Na\u010din hlajenja: vodno hlajenje (vklju\u010dena vodna \u010drpalka)<\/strong><\/li>\n<li><strong>Laserska cev (\u017eivljenjska doba): 1000-1300 ur<\/strong><\/li>\n<li><strong>Hitrost graviranja: 0 \u2013 500 mm\/s (0-19,68 in\/s)<\/strong><\/li>\n<li><strong>Hitrost rezanja: 0-400 mm\/s (0-15,74 in\/s)<\/strong><\/li>\n<li><strong>Razmerje lo\u010dljivosti: (0,026 mm)<\/strong><\/li>\n<li><strong>Ponastavitev pozicioniranja: \u22640,01 mm<\/strong><\/li>\n<li><strong>Podprti grafi\u010dni formati: BMP \/ JPG \/ JPEG \/ WMF \/ EMF \/ PLT<\/strong><\/li>\n<li><strong>Dimenzije izdelka: 850x500x300 mm<\/strong><\/li>\n<li><strong>Te\u017ea izdelka: 30 kg (po\u0161iljanje 38 kg)<\/strong><\/li>\n<\/ul>","protected":false},"excerpt":{"rendered":"<h2><strong>CO2 laserski gravirni in rezalni stroj za mizarstvo\u00a0<\/strong><\/h2>\n<p>to\u00a0<strong>stroj za ozna\u010devanje<\/strong>\u00a0vklju\u010duje najnovej\u0161i lahki mehanski mehanizem na trgu, modalni snemalnik treh generacij, ki vam bo zagotovil\u00a0<strong>visoka natan\u010dnost in hitrost<\/strong>. Novo\u00a0<strong>laserski graver<\/strong>\u00a0<strong><span style=\"color: #ff0000;\">TO<\/span><span style=\"color: #0000ff;\">R<\/span>CGCLP40 <\/strong>Ima le\u017eaje in oblazinjene trakove <strong>visoka natan\u010dnost<\/strong><span style=\"font-size: 16px;\">\u00a0naredijo graviranje natan\u010dnej\u0161e, izdelajo tudi<\/span><strong style=\"font-size: 16px;\"> vzdr\u017eljivost stroja je dvakrat ali trikrat dalj\u0161a<\/strong><span style=\"font-size: 16px;\"> kot pri obi\u010dajnem CO2 laserskem graverju.<\/span><span style=\"font-size: 16px;\">Visokokakovostna nadzorna plo\u0161\u010da. Za povezavo z va\u0161im prenosnikom ali ra\u010dunalnikom uporablja vrata USB. Podpora za <strong>programsko opremo<\/strong> to <strong>vklju\u010den, CorelDraw<\/strong>.<\/span><\/p>\n<h6><strong>Garancija\u00a0<span style=\"color: #ff0000;\">TO<\/span><span style=\"color: #0000ff;\">R<\/span>C 2 LETI<\/strong><\/h6>\n<h6><span style=\"color: #008000;\">U\u010dinkovit laserski graver, poraba \u2264280W<\/span><\/h6>\n<h6><strong>vklju\u010dena tehni\u010dna podpora<\/strong><\/h6>","protected":false},"featured_media":2759,"comment_status":"open","ping_status":"closed","template":"","meta":{"wds_primary_product_brand":0,"wds_primary_product_cat":0},"product_brand":[],"product_cat":[69,70],"product_tag":[],"class_list":{"0":"post-2747","1":"product","2":"type-product","3":"status-publish","4":"has-post-thumbnail","6":"product_cat-maquinas-variadas","7":"product_cat-talladoras-marcadoras-de-metal-grabadoras-laser","8":"product_shipping_class-express","10":"first","11":"instock","12":"sale","13":"taxable","14":"shipping-taxable","15":"purchasable","16":"product-type-simple"},"yoast_head":"<!-- This site is optimized with the Yoast SEO Premium plugin v24.9 (Yoast SEO v26.1) - https:\/\/yoast.com\/wordpress\/plugins\/seo\/ -->\n<title>M\u00e1quina de Grabado y Cortado L\u00e1ser\u00a0de CO2 carpinteria 30 x 20 - distribuci\u00f3n ARC<\/title>\n<meta name=\"robots\" content=\"index, follow, max-snippet:-1, max-image-preview:large, max-video-preview:-1\" \/>\n<link rel=\"canonical\" href=\"https:\/\/www.distribucionarc.com\/producto\/maquina-de-grabado-y-cortado-laser-de-co2\/\" \/>\n<meta property=\"og:locale\" content=\"sl_SI\" \/>\n<meta property=\"og:type\" content=\"article\" \/>\n<meta property=\"og:title\" content=\"M\u00e1quina de Grabado y Cortado L\u00e1ser\u00a0de CO2 carpinteria 30 x 20\" \/>\n<meta property=\"og:description\" content=\"M\u00e1quina de Grabado y Cortado L\u00e1ser de CO2 carpinteria\u00a0 Esta\u00a0m\u00e1quina de marcado\u00a0integra el movimiento mec\u00e1nico de luz m\u00e1s nuevo del mercado, grabador modal de tres generaciones que le asegurara\u00a0alta precisi\u00f3n y velocidad. El nuevo\u00a0grabador l\u00e1ser\u00a0ARCGCLP40 cuenta con rodamientos y correas de acolchado de alta precisi\u00f3n\u00a0hacen que el grabado sea m\u00e1s preciso, tambi\u00e9n consiguen que la durabilidad de la m\u00e1quina sea dos o tres veces m\u00e1s larga que la de un grabador l\u00e1ser de CO2 convencional.panel de control de alta calidad. Emplea un puerto USB para conectarse a su port\u00e1til o PC. El soporte del software est\u00e1 incluido, CorelDraw. Garant\u00eda\u00a0ARC 2 A\u00d1OS Grabador l\u00e1ser eficiente, consumo \u2264280W soporte t\u00e9cnico incluido\" \/>\n<meta property=\"og:url\" content=\"https:\/\/www.distribucionarc.com\/producto\/maquina-de-grabado-y-cortado-laser-de-co2\/\" \/>\n<meta property=\"og:site_name\" content=\"distribuci\u00f3n ARC\" \/>\n<meta property=\"article:modified_time\" content=\"2020-10-09T10:45:53+00:00\" \/>\n<meta property=\"og:image\" content=\"https:\/\/www.distribucionarc.com\/wp-content\/uploads\/2020\/08\/Maquina-de-Grabado-y-Cortado-Laser-de-CO2-5.jpg\" \/>\n\t<meta property=\"og:image:width\" content=\"1600\" \/>\n\t<meta property=\"og:image:height\" content=\"1600\" \/>\n\t<meta property=\"og:image:type\" content=\"image\/jpeg\" \/>\n<meta name=\"twitter:card\" content=\"summary_large_image\" \/>\n<meta name=\"twitter:label1\" content=\"Est. reading time\" \/>\n\t<meta name=\"twitter:data1\" content=\"2 minuti\" \/>\n<script type=\"application\/ld+json\" class=\"yoast-schema-graph\">{\"@context\":\"https:\/\/schema.org\",\"@graph\":[{\"@type\":\"WebPage\",\"@id\":\"https:\/\/www.distribucionarc.com\/producto\/maquina-de-grabado-y-cortado-laser-de-co2\/\",\"url\":\"https:\/\/www.distribucionarc.com\/producto\/maquina-de-grabado-y-cortado-laser-de-co2\/\",\"name\":\"M\u00e1quina de Grabado y Cortado L\u00e1ser\u00a0de CO2 carpinteria 30 x 20 - distribuci\u00f3n ARC\",\"isPartOf\":{\"@id\":\"https:\/\/distribucionarc.com\/ro\/#website\"},\"primaryImageOfPage\":{\"@id\":\"https:\/\/www.distribucionarc.com\/producto\/maquina-de-grabado-y-cortado-laser-de-co2\/#primaryimage\"},\"image\":{\"@id\":\"https:\/\/www.distribucionarc.com\/producto\/maquina-de-grabado-y-cortado-laser-de-co2\/#primaryimage\"},\"thumbnailUrl\":\"https:\/\/distribucionarc.com\/wp-content\/uploads\/2020\/08\/Maquina-de-Grabado-y-Cortado-Laser-de-CO2-5.jpg\",\"datePublished\":\"2020-08-21T11:23:47+00:00\",\"dateModified\":\"2020-10-09T10:45:53+00:00\",\"breadcrumb\":{\"@id\":\"https:\/\/www.distribucionarc.com\/producto\/maquina-de-grabado-y-cortado-laser-de-co2\/#breadcrumb\"},\"inLanguage\":\"sl-SI\",\"potentialAction\":[{\"@type\":\"ReadAction\",\"target\":[\"https:\/\/www.distribucionarc.com\/producto\/maquina-de-grabado-y-cortado-laser-de-co2\/\"]}]},{\"@type\":\"ImageObject\",\"inLanguage\":\"sl-SI\",\"@id\":\"https:\/\/www.distribucionarc.com\/producto\/maquina-de-grabado-y-cortado-laser-de-co2\/#primaryimage\",\"url\":\"https:\/\/distribucionarc.com\/wp-content\/uploads\/2020\/08\/Maquina-de-Grabado-y-Cortado-Laser-de-CO2-5.jpg\",\"contentUrl\":\"https:\/\/distribucionarc.com\/wp-content\/uploads\/2020\/08\/Maquina-de-Grabado-y-Cortado-Laser-de-CO2-5.jpg\",\"width\":1600,\"height\":1600,\"caption\":\"M\u00e1quina de Grabado y Cortado L\u00e1ser\u00a0de CO2\"},{\"@type\":\"BreadcrumbList\",\"@id\":\"https:\/\/www.distribucionarc.com\/producto\/maquina-de-grabado-y-cortado-laser-de-co2\/#breadcrumb\",\"itemListElement\":[{\"@type\":\"ListItem\",\"position\":1,\"name\":\"Portada\",\"item\":\"https:\/\/distribucionarc.com\/ar\/\"},{\"@type\":\"ListItem\",\"position\":2,\"name\":\"Proizvodi\",\"item\":\"https:\/\/www.distribucionarc.com\/hr\/ducan\/\"},{\"@type\":\"ListItem\",\"position\":3,\"name\":\"M\u00e1quina de Grabado y Cortado L\u00e1ser\u00a0de CO2 carpinteria 30 x 20\"}]},{\"@type\":\"WebSite\",\"@id\":\"https:\/\/distribucionarc.com\/ro\/#website\",\"url\":\"https:\/\/distribucionarc.com\/ro\/\",\"name\":\"distribuci\u00f3n ARC\",\"description\":\"Empresa especializada en la fabricaci\u00f3n y distribuci\u00f3n de maquinaria industrial, selladoras de latas, Maquinas de hacer pastillas, Maquinas de cortar carne...\",\"publisher\":{\"@id\":\"https:\/\/distribucionarc.com\/ro\/#organization\"},\"potentialAction\":[{\"@type\":\"SearchAction\",\"target\":{\"@type\":\"EntryPoint\",\"urlTemplate\":\"https:\/\/distribucionarc.com\/ro\/?s={search_term_string}\"},\"query-input\":{\"@type\":\"PropertyValueSpecification\",\"valueRequired\":true,\"valueName\":\"search_term_string\"}}],\"inLanguage\":\"sl-SI\"},{\"@type\":\"Organization\",\"@id\":\"https:\/\/distribucionarc.com\/ro\/#organization\",\"name\":\"Distribuci\u00f3n ARC\",\"url\":\"https:\/\/distribucionarc.com\/ro\/\",\"logo\":{\"@type\":\"ImageObject\",\"inLanguage\":\"sl-SI\",\"@id\":\"https:\/\/distribucionarc.com\/ro\/#\/schema\/logo\/image\/\",\"url\":\"https:\/\/distribucionarc.com\/wp-content\/uploads\/2024\/10\/distribucion-ARC-COLOR-SIN-FONDO-e1732295305345.png\",\"contentUrl\":\"https:\/\/distribucionarc.com\/wp-content\/uploads\/2024\/10\/distribucion-ARC-COLOR-SIN-FONDO-e1732295305345.png\",\"width\":1164,\"height\":558,\"caption\":\"Distribuci\u00f3n ARC\"},\"image\":{\"@id\":\"https:\/\/distribucionarc.com\/ro\/#\/schema\/logo\/image\/\"},\"description\":\"Empresa especializada en la fabricaci\u00f3n y distribuci\u00f3n de maquinaria industrial para los sectores alimentario y farmac\u00e9utico. Nos especializamos en: M\u00e1quinas de cortar carne Fabricaci\u00f3n de comprimidos Sistemas de transporte industrial L\u00edneas de embotellado Dosificadores Y mucho m\u00e1s... Ofrecemos soluciones innovadoras y personalizadas para optimizar los procesos productivos de tu empresa.\",\"email\":\"Admistracion@distribucionarc.com\",\"telephone\":\"+34 643496664\",\"legalName\":\"ARC TECH SOLUTIONS\",\"foundingDate\":\"2024-04-09\",\"vatID\":\"B55480172\",\"numberOfEmployees\":{\"@type\":\"QuantitativeValue\",\"minValue\":\"1\",\"maxValue\":\"10\"}}]}<\/script>\n<!-- \/ Yoast SEO Premium plugin. -->","yoast_head_json":{"title":"CO2 Laserski stroj za graviranje in rezanje mizarstvo 30 x 20 - ARC distribucija","robots":{"index":"index","follow":"follow","max-snippet":"max-snippet:-1","max-image-preview":"max-image-preview:large","max-video-preview":"max-video-preview:-1"},"canonical":"https:\/\/www.distribucionarc.com\/producto\/maquina-de-grabado-y-cortado-laser-de-co2\/","og_locale":"sl_SI","og_type":"article","og_title":"M\u00e1quina de Grabado y Cortado L\u00e1ser\u00a0de CO2 carpinteria 30 x 20","og_description":"M\u00e1quina de Grabado y Cortado L\u00e1ser de CO2 carpinteria\u00a0 Esta\u00a0m\u00e1quina de marcado\u00a0integra el movimiento mec\u00e1nico de luz m\u00e1s nuevo del mercado, grabador modal de tres generaciones que le asegurara\u00a0alta precisi\u00f3n y velocidad. El nuevo\u00a0grabador l\u00e1ser\u00a0ARCGCLP40 cuenta con rodamientos y correas de acolchado de alta precisi\u00f3n\u00a0hacen que el grabado sea m\u00e1s preciso, tambi\u00e9n consiguen que la durabilidad de la m\u00e1quina sea dos o tres veces m\u00e1s larga que la de un grabador l\u00e1ser de CO2 convencional.panel de control de alta calidad. Emplea un puerto USB para conectarse a su port\u00e1til o PC. El soporte del software est\u00e1 incluido, CorelDraw. Garant\u00eda\u00a0ARC 2 A\u00d1OS Grabador l\u00e1ser eficiente, consumo \u2264280W soporte t\u00e9cnico incluido","og_url":"https:\/\/www.distribucionarc.com\/producto\/maquina-de-grabado-y-cortado-laser-de-co2\/","og_site_name":"distribuci\u00f3n ARC","article_modified_time":"2020-10-09T10:45:53+00:00","og_image":[{"width":1600,"height":1600,"url":"https:\/\/www.distribucionarc.com\/wp-content\/uploads\/2020\/08\/Maquina-de-Grabado-y-Cortado-Laser-de-CO2-5.jpg","type":"image\/jpeg"}],"twitter_card":"summary_large_image","twitter_misc":{"Est. reading time":"2 minuti"},"schema":{"@context":"https:\/\/schema.org","@graph":[{"@type":"WebPage","@id":"https:\/\/www.distribucionarc.com\/producto\/maquina-de-grabado-y-cortado-laser-de-co2\/","url":"https:\/\/www.distribucionarc.com\/producto\/maquina-de-grabado-y-cortado-laser-de-co2\/","name":"CO2 Laserski stroj za graviranje in rezanje mizarstvo 30 x 20 - ARC distribucija","isPartOf":{"@id":"https:\/\/distribucionarc.com\/ro\/#website"},"primaryImageOfPage":{"@id":"https:\/\/www.distribucionarc.com\/producto\/maquina-de-grabado-y-cortado-laser-de-co2\/#primaryimage"},"image":{"@id":"https:\/\/www.distribucionarc.com\/producto\/maquina-de-grabado-y-cortado-laser-de-co2\/#primaryimage"},"thumbnailUrl":"https:\/\/distribucionarc.com\/wp-content\/uploads\/2020\/08\/Maquina-de-Grabado-y-Cortado-Laser-de-CO2-5.jpg","datePublished":"2020-08-21T11:23:47+00:00","dateModified":"2020-10-09T10:45:53+00:00","breadcrumb":{"@id":"https:\/\/www.distribucionarc.com\/producto\/maquina-de-grabado-y-cortado-laser-de-co2\/#breadcrumb"},"inLanguage":"sl-SI","potentialAction":[{"@type":"ReadAction","target":["https:\/\/www.distribucionarc.com\/producto\/maquina-de-grabado-y-cortado-laser-de-co2\/"]}]},{"@type":"ImageObject","inLanguage":"sl-SI","@id":"https:\/\/www.distribucionarc.com\/producto\/maquina-de-grabado-y-cortado-laser-de-co2\/#primaryimage","url":"https:\/\/distribucionarc.com\/wp-content\/uploads\/2020\/08\/Maquina-de-Grabado-y-Cortado-Laser-de-CO2-5.jpg","contentUrl":"https:\/\/distribucionarc.com\/wp-content\/uploads\/2020\/08\/Maquina-de-Grabado-y-Cortado-Laser-de-CO2-5.jpg","width":1600,"height":1600,"caption":"M\u00e1quina de Grabado y Cortado L\u00e1ser\u00a0de CO2"},{"@type":"BreadcrumbList","@id":"https:\/\/www.distribucionarc.com\/producto\/maquina-de-grabado-y-cortado-laser-de-co2\/#breadcrumb","itemListElement":[{"@type":"ListItem","position":1,"name":"Portada","item":"https:\/\/distribucionarc.com\/ar\/"},{"@type":"ListItem","position":2,"name":"Proizvodi","item":"https:\/\/www.distribucionarc.com\/hr\/ducan\/"},{"@type":"ListItem","position":3,"name":"M\u00e1quina de Grabado y Cortado L\u00e1ser\u00a0de CO2 carpinteria 30 x 20"}]},{"@type":"WebSite","@id":"https:\/\/distribucionarc.com\/ro\/#website","url":"https:\/\/distribucionarc.com\/ro\/","name":"ARC porazdelitev","description":"Podjetje je specializirano za proizvodnjo in distribucijo industrijskih strojev, strojev za zapiranje plo\u010devink, strojev za izdelavo tablet, strojev za rezanje mesa...","publisher":{"@id":"https:\/\/distribucionarc.com\/ro\/#organization"},"potentialAction":[{"@type":"SearchAction","target":{"@type":"EntryPoint","urlTemplate":"https:\/\/distribucionarc.com\/ro\/?s={search_term_string}"},"query-input":{"@type":"PropertyValueSpecification","valueRequired":true,"valueName":"search_term_string"}}],"inLanguage":"sl-SI"},{"@type":"Organization","@id":"https:\/\/distribucionarc.com\/ro\/#organization","name":"Distribucija ARC","url":"https:\/\/distribucionarc.com\/ro\/","logo":{"@type":"ImageObject","inLanguage":"sl-SI","@id":"https:\/\/distribucionarc.com\/ro\/#\/schema\/logo\/image\/","url":"https:\/\/distribucionarc.com\/wp-content\/uploads\/2024\/10\/distribucion-ARC-COLOR-SIN-FONDO-e1732295305345.png","contentUrl":"https:\/\/distribucionarc.com\/wp-content\/uploads\/2024\/10\/distribucion-ARC-COLOR-SIN-FONDO-e1732295305345.png","width":1164,"height":558,"caption":"Distribuci\u00f3n ARC"},"image":{"@id":"https:\/\/distribucionarc.com\/ro\/#\/schema\/logo\/image\/"},"description":"Podjetje, specializirano za proizvodnjo in distribucijo industrijskih strojev za \u017eivilski in farmacevtski sektor. Specializirani smo za: Stroji za rezanje mesa Proizvodnja tablet Industrijski transportni sistemi Stekleni\u010darske linije Dozirni stroji In \u0161e veliko ve\u010d... Ponujamo inovativne in prilagojene re\u0161itve za optimizacijo proizvodnih procesov va\u0161ega podjetja.","email":"Admistracion@distribucionarc.com","telephone":"+34 643496664","legalName":"ARC TECH SOLUTIONS","foundingDate":"2024-04-09","vatID":"B55480172","numberOfEmployees":{"@type":"QuantitativeValue","minValue":"1","maxValue":"10"}}]}},"_links":{"self":[{"href":"https:\/\/distribucionarc.com\/sl\/wp-json\/wp\/v2\/product\/2747","targetHints":{"allow":["GET"]}}],"collection":[{"href":"https:\/\/distribucionarc.com\/sl\/wp-json\/wp\/v2\/product"}],"about":[{"href":"https:\/\/distribucionarc.com\/sl\/wp-json\/wp\/v2\/types\/product"}],"replies":[{"embeddable":true,"href":"https:\/\/distribucionarc.com\/sl\/wp-json\/wp\/v2\/comments?post=2747"}],"version-history":[{"count":0,"href":"https:\/\/distribucionarc.com\/sl\/wp-json\/wp\/v2\/product\/2747\/revisions"}],"wp:featuredmedia":[{"embeddable":true,"href":"https:\/\/distribucionarc.com\/sl\/wp-json\/wp\/v2\/media\/2759"}],"wp:attachment":[{"href":"https:\/\/distribucionarc.com\/sl\/wp-json\/wp\/v2\/media?parent=2747"}],"wp:term":[{"taxonomy":"product_brand","embeddable":true,"href":"https:\/\/distribucionarc.com\/sl\/wp-json\/wp\/v2\/product_brand?post=2747"},{"taxonomy":"product_cat","embeddable":true,"href":"https:\/\/distribucionarc.com\/sl\/wp-json\/wp\/v2\/product_cat?post=2747"},{"taxonomy":"product_tag","embeddable":true,"href":"https:\/\/distribucionarc.com\/sl\/wp-json\/wp\/v2\/product_tag?post=2747"}],"curies":[{"name":"delovni list","href":"https:\/\/api.w.org\/{rel}","templated":true}]}}