{"id":2830,"date":"2020-08-24T14:40:16","date_gmt":"2020-08-24T14:40:16","guid":{"rendered":"https:\/\/distribucionarc.com\/?post_type=product&#038;p=2830"},"modified":"2022-03-02T10:04:22","modified_gmt":"2022-03-02T10:04:22","slug":"tekoci-trak-z-ograjo-industrijski-tekoci-trak-60w","status":"publish","type":"product","link":"https:\/\/distribucionarc.com\/sl\/producto\/cinta-transportadora-con-barandilla-banda-transportadora-industrial-60w\/","title":{"rendered":"Transportni trak z za\u0161\u010ditno ograjo, Industrijski transportni trak 60W"},"content":{"rendered":"<h3>Transportni trak z za\u0161\u010ditno ograjo, Industrijski transportni trak 60W<\/h3>\n<p>The <strong>teko\u010di trak <span style=\"color: #ff0000;\">TO<\/span><span style=\"color: #0000ff;\">R<\/span>c<\/strong> V celoti je izdelan iz trpe\u017enega nerjave\u010dega jekla, ki je odporen proti koroziji in rji. Zasnovan za dolgo \u017eivljenjsko dobo. On <span style=\"color: #008000;\"><strong>kakovosten motor var\u010duje z energijo<\/strong><\/span>, zmanj\u0161uje porabo, zagotavlja visoko zanesljivost in stabilnost.<\/p>\n<p>The <strong>transportna miza <span style=\"color: #ff0000;\">TO<\/span><span style=\"color: #0000ff;\">R<\/span>CCTA60<\/strong> Opremljen je z visoko antistati\u010dnim PVC trakom, ki \u0161\u010diti izdelek pred po\u0161kodbami zaradi trenja med transportom. Prepri\u010dajte se, da se vi\u0161ina oprijemala popolnoma ujema z vi\u0161ino izdelka, kar prispeva k stabilnosti prenosa in ne bo povzro\u010dilo padca izdelka.<\/p>\n<p>Vezje elektronskega regulatorja konstantne hitrosti zagotavlja ve\u010djo stabilnost. Pravilno nastavite hitrost teko\u010dega traku za prenos izdelkov.<\/p>\n<h6><strong>Garancija\u00a0<span style=\"color: #ff0000;\">TO<\/span><span style=\"color: #0000ff;\">R<\/span>C 2 LETI<\/strong><\/h6>\n<h6><span style=\"color: #008000;\">U\u010dinkovit teko\u010di trak, nizka poraba 60W<\/span><\/h6>\n<h6><strong>vklju\u010dena tehni\u010dna podpora<\/strong><\/h6>\n<p>&nbsp;<\/p>\n<table role=\"presentation\" width=\"100%\" cellspacing=\"0\" cellpadding=\"0\">\n<tbody>\n<tr>\n<td class=\"attrLabels\">Garancija:<\/td>\n<td width=\"50.0%\">2 LETI<\/td>\n<\/tr>\n<tr>\n<td class=\"attrLabels\">barva:<\/td>\n<td width=\"50.0%\">Srebrna<\/td>\n<td class=\"attrLabels\">Vi\u0161ina:<\/td>\n<td width=\"50.0%\">74,9 cm<\/td>\n<\/tr>\n<tr>\n<td class=\"attrLabels\">Dr\u017eava distribucije:<\/td>\n<td width=\"50.0%\">\u0160panija, Nem\u010dija, ZDA<\/td>\n<td class=\"attrLabels\">dolgo:<\/td>\n<td width=\"50.0%\">150 cm<\/td>\n<\/tr>\n<tr>\n<td class=\"attrLabels\">Znamka:<\/td>\n<td width=\"50.0%\">ARC<\/td>\n<td class=\"attrLabels\">\u0160iroko:<\/td>\n<td width=\"50.0%\">\u00a025 cm<\/td>\n<\/tr>\n<tr>\n<td class=\"attrLabels\">Vrsta izdelka:<\/td>\n<td width=\"50.0%\">teko\u010di trak<\/td>\n<td class=\"attrLabels\">mo\u010d:<\/td>\n<td width=\"50.0%\">60 W<\/td>\n<\/tr>\n<tr>\n<td class=\"attrLabels\">\u0160tevilka proizvajalca:<\/td>\n<td width=\"50.0%\">ARCCTA60<\/td>\n<td class=\"attrLabels\">Napetost:<\/td>\n<td width=\"50.0%\">220V 50Hz<\/td>\n<\/tr>\n<tr>\n<td class=\"attrLabels\">Material:<\/td>\n<td width=\"50.0%\">Nerjave\u010de jeklo 304, motor iz bakra<\/td>\n<td class=\"attrLabels\">Hitrost delovanja:<\/td>\n<td width=\"50.0%\">0 \u2013 82 min<\/td>\n<\/tr>\n<tr>\n<td class=\"attrLabels\">Orodja za namestitev:<\/td>\n<td width=\"50.0%\">ja<\/td>\n<td class=\"attrLabels\">\u0160irina traku:<\/td>\n<td width=\"50.0%\">20 cm<\/td>\n<\/tr>\n<tr>\n<td class=\"attrLabels\">Te\u017ea:<\/td>\n<td width=\"50.0%\">22 kg<\/td>\n<td class=\"attrLabels\">Band s tal:<\/td>\n<td width=\"50.0%\">75 cm<\/td>\n<\/tr>\n<\/tbody>\n<\/table>","protected":false},"excerpt":{"rendered":"<h2>Transportni trak z za\u0161\u010ditno ograjo, Industrijski transportni trak 60W<\/h2>\n<p><strong>PVC transportni trak<\/strong> od <strong>iz nerjave\u010dega jekla z enojno ograjo<\/strong> od <strong><span style=\"color: #ff0000;\">TO<\/span><span style=\"color: #0000ff;\">R<\/span>c<\/strong>. Uporablja se lahko za jet code stroje ali samostojno. Z uporabo tega zanesljivega stroja je<strong> u\u010dinkovitost in hitrost dela<\/strong> Mo\u010dno bodo izbolj\u0161ani v ne\u0161tetih sektorjih uporabe, vklju\u010dno s hrano, pija\u010do, farmacevtskimi deli, elektronskimi deli, kemi\u010dnimi in avtomobilskimi deli, prihranili bodo \u010das in delo ter proizvodne stro\u0161ke.<\/p>\n<h6><strong>Garancija\u00a0<span style=\"color: #ff0000;\">TO<\/span><span style=\"color: #0000ff;\">R<\/span>C 2 LETI<\/strong><\/h6>\n<h6><span style=\"color: #008000;\">U\u010dinkovit teko\u010di trak, nizka poraba 60W<\/span><\/h6>\n<h6><strong>vklju\u010dena tehni\u010dna podpora<\/strong><\/h6>\n<p>&nbsp;<\/p>","protected":false},"featured_media":2831,"comment_status":"open","ping_status":"closed","template":"","meta":{"wds_primary_product_brand":0,"wds_primary_product_cat":0},"product_brand":[],"product_cat":[29,69],"product_tag":[],"class_list":{"0":"post-2830","1":"product","2":"type-product","3":"status-publish","4":"has-post-thumbnail","6":"product_cat-maquinas-industria-quimica","7":"product_cat-maquinas-variadas","8":"product_shipping_class-express","10":"first","11":"instock","12":"taxable","13":"shipping-taxable","14":"purchasable","15":"product-type-simple"},"yoast_head":"<!-- This site is optimized with the Yoast SEO Premium plugin v24.9 (Yoast SEO v26.1) - https:\/\/yoast.com\/wordpress\/plugins\/seo\/ -->\n<title>Cinta transportadora con barandilla, Banda transportadora industrial 60W - distribuci\u00f3n ARC<\/title>\n<meta name=\"robots\" content=\"index, follow, max-snippet:-1, max-image-preview:large, max-video-preview:-1\" \/>\n<link rel=\"canonical\" href=\"https:\/\/jagdesd.tempurl.host\/sk\/producto\/cinta-transportadora-con-barandilla-banda-transportadora-industrial-60w\/\" \/>\n<meta property=\"og:locale\" content=\"sl_SI\" \/>\n<meta property=\"og:type\" content=\"article\" \/>\n<meta property=\"og:title\" content=\"Cinta transportadora con barandilla, Banda transportadora industrial 60W\" \/>\n<meta property=\"og:description\" content=\"Cinta transportadora con barandilla, Banda transportadora industrial 60W Transportador de banda de PVC de acero inoxidable con barandilla simple de ARC. Se puede usar para m\u00e1quinas de c\u00f3digo de chorro o se puede usar de forma independiente. Al utilizar esta m\u00e1quina confiable, la eficiencia y la velocidad de trabajo mejorar\u00e1n enormemente en innumerables sectores de aplicaci\u00f3n, incluida la industria alimentaria, bebidas, farmac\u00e9utica, piezas electr\u00f3nicas, qu\u00edmicas y autopartes, lo que ahorrar\u00e1 tiempo y mano de obra, as\u00ed como costos de producci\u00f3n. Garant\u00eda\u00a0ARC 2 A\u00d1OS Cinta transportadora eficiente, bajo consumo\u00a0 60W soporte t\u00e9cnico incluido &nbsp;\" \/>\n<meta property=\"og:url\" content=\"https:\/\/jagdesd.tempurl.host\/sk\/producto\/cinta-transportadora-con-barandilla-banda-transportadora-industrial-60w\/\" \/>\n<meta property=\"og:site_name\" content=\"distribuci\u00f3n ARC\" \/>\n<meta property=\"article:modified_time\" content=\"2022-03-02T10:04:22+00:00\" \/>\n<meta property=\"og:image\" content=\"https:\/\/jagdesd.tempurl.host\/wp-content\/uploads\/2020\/08\/Cinta-transportadora-con-barandilla-Banda-transportadora-industrial-60W-0.jpg\" \/>\n\t<meta property=\"og:image:width\" content=\"1600\" \/>\n\t<meta property=\"og:image:height\" content=\"1600\" \/>\n\t<meta property=\"og:image:type\" content=\"image\/jpeg\" \/>\n<meta name=\"twitter:card\" content=\"summary_large_image\" \/>\n<meta name=\"twitter:label1\" content=\"Est. reading time\" \/>\n\t<meta name=\"twitter:data1\" content=\"1 minuta\" \/>\n<script type=\"application\/ld+json\" class=\"yoast-schema-graph\">{\"@context\":\"https:\/\/schema.org\",\"@graph\":[{\"@type\":\"WebPage\",\"@id\":\"https:\/\/jagdesd.tempurl.host\/sk\/producto\/cinta-transportadora-con-barandilla-banda-transportadora-industrial-60w\/\",\"url\":\"https:\/\/jagdesd.tempurl.host\/sk\/producto\/cinta-transportadora-con-barandilla-banda-transportadora-industrial-60w\/\",\"name\":\"Cinta transportadora con barandilla, Banda transportadora industrial 60W - distribuci\u00f3n ARC\",\"isPartOf\":{\"@id\":\"https:\/\/distribucionarc.com\/ar\/#website\"},\"primaryImageOfPage\":{\"@id\":\"https:\/\/jagdesd.tempurl.host\/sk\/producto\/cinta-transportadora-con-barandilla-banda-transportadora-industrial-60w\/#primaryimage\"},\"image\":{\"@id\":\"https:\/\/jagdesd.tempurl.host\/sk\/producto\/cinta-transportadora-con-barandilla-banda-transportadora-industrial-60w\/#primaryimage\"},\"thumbnailUrl\":\"https:\/\/distribucionarc.com\/wp-content\/uploads\/2020\/08\/Cinta-transportadora-con-barandilla-Banda-transportadora-industrial-60W-0.jpg\",\"datePublished\":\"2020-08-24T14:40:16+00:00\",\"dateModified\":\"2022-03-02T10:04:22+00:00\",\"breadcrumb\":{\"@id\":\"https:\/\/jagdesd.tempurl.host\/sk\/producto\/cinta-transportadora-con-barandilla-banda-transportadora-industrial-60w\/#breadcrumb\"},\"inLanguage\":\"sl-SI\",\"potentialAction\":[{\"@type\":\"ReadAction\",\"target\":[\"https:\/\/jagdesd.tempurl.host\/sk\/producto\/cinta-transportadora-con-barandilla-banda-transportadora-industrial-60w\/\"]}]},{\"@type\":\"ImageObject\",\"inLanguage\":\"sl-SI\",\"@id\":\"https:\/\/jagdesd.tempurl.host\/sk\/producto\/cinta-transportadora-con-barandilla-banda-transportadora-industrial-60w\/#primaryimage\",\"url\":\"https:\/\/distribucionarc.com\/wp-content\/uploads\/2020\/08\/Cinta-transportadora-con-barandilla-Banda-transportadora-industrial-60W-0.jpg\",\"contentUrl\":\"https:\/\/distribucionarc.com\/wp-content\/uploads\/2020\/08\/Cinta-transportadora-con-barandilla-Banda-transportadora-industrial-60W-0.jpg\",\"width\":1600,\"height\":1600,\"caption\":\"Cinta transportadora con barandilla, Banda transportadora industrial 60W\"},{\"@type\":\"BreadcrumbList\",\"@id\":\"https:\/\/jagdesd.tempurl.host\/sk\/producto\/cinta-transportadora-con-barandilla-banda-transportadora-industrial-60w\/#breadcrumb\",\"itemListElement\":[{\"@type\":\"ListItem\",\"position\":1,\"name\":\"Portada\",\"item\":\"https:\/\/www.distribucionarc.com\/pt\/\"},{\"@type\":\"ListItem\",\"position\":2,\"name\":\"Produtos\",\"item\":\"https:\/\/www.distribucionarc.com\/pt\/shop\/\"},{\"@type\":\"ListItem\",\"position\":3,\"name\":\"Cinta transportadora con barandilla, Banda transportadora industrial 60W\"}]},{\"@type\":\"WebSite\",\"@id\":\"https:\/\/distribucionarc.com\/ar\/#website\",\"url\":\"https:\/\/distribucionarc.com\/ar\/\",\"name\":\"distribuci\u00f3n ARC\",\"description\":\"Empresa especializada en la fabricaci\u00f3n y distribuci\u00f3n de maquinaria industrial, selladoras de latas, Maquinas de hacer pastillas, Maquinas de cortar carne...\",\"publisher\":{\"@id\":\"https:\/\/distribucionarc.com\/ar\/#organization\"},\"potentialAction\":[{\"@type\":\"SearchAction\",\"target\":{\"@type\":\"EntryPoint\",\"urlTemplate\":\"https:\/\/distribucionarc.com\/ar\/?s={search_term_string}\"},\"query-input\":{\"@type\":\"PropertyValueSpecification\",\"valueRequired\":true,\"valueName\":\"search_term_string\"}}],\"inLanguage\":\"sl-SI\"},{\"@type\":\"Organization\",\"@id\":\"https:\/\/distribucionarc.com\/ar\/#organization\",\"name\":\"Distribuci\u00f3n ARC\",\"url\":\"https:\/\/distribucionarc.com\/ar\/\",\"logo\":{\"@type\":\"ImageObject\",\"inLanguage\":\"sl-SI\",\"@id\":\"https:\/\/distribucionarc.com\/ar\/#\/schema\/logo\/image\/\",\"url\":\"https:\/\/distribucionarc.com\/wp-content\/uploads\/2024\/10\/distribucion-ARC-COLOR-SIN-FONDO-e1732295305345.png\",\"contentUrl\":\"https:\/\/distribucionarc.com\/wp-content\/uploads\/2024\/10\/distribucion-ARC-COLOR-SIN-FONDO-e1732295305345.png\",\"width\":1164,\"height\":558,\"caption\":\"Distribuci\u00f3n ARC\"},\"image\":{\"@id\":\"https:\/\/distribucionarc.com\/ar\/#\/schema\/logo\/image\/\"},\"description\":\"Empresa especializada en la fabricaci\u00f3n y distribuci\u00f3n de maquinaria industrial para los sectores alimentario y farmac\u00e9utico. Nos especializamos en: M\u00e1quinas de cortar carne Fabricaci\u00f3n de comprimidos Sistemas de transporte industrial L\u00edneas de embotellado Dosificadores Y mucho m\u00e1s... Ofrecemos soluciones innovadoras y personalizadas para optimizar los procesos productivos de tu empresa.\",\"email\":\"Admistracion@distribucionarc.com\",\"telephone\":\"+34 643496664\",\"legalName\":\"ARC TECH SOLUTIONS\",\"foundingDate\":\"2024-04-09\",\"vatID\":\"B55480172\",\"numberOfEmployees\":{\"@type\":\"QuantitativeValue\",\"minValue\":\"1\",\"maxValue\":\"10\"}}]}<\/script>\n<!-- \/ Yoast SEO Premium plugin. -->","yoast_head_json":{"title":"Transportni trak z dr\u017ealom, Industrijski transportni trak 60W - ARC distribucija","robots":{"index":"index","follow":"follow","max-snippet":"max-snippet:-1","max-image-preview":"max-image-preview:large","max-video-preview":"max-video-preview:-1"},"canonical":"https:\/\/jagdesd.tempurl.host\/sk\/producto\/cinta-transportadora-con-barandilla-banda-transportadora-industrial-60w\/","og_locale":"sl_SI","og_type":"article","og_title":"Cinta transportadora con barandilla, Banda transportadora industrial 60W","og_description":"Cinta transportadora con barandilla, Banda transportadora industrial 60W Transportador de banda de PVC de acero inoxidable con barandilla simple de ARC. Se puede usar para m\u00e1quinas de c\u00f3digo de chorro o se puede usar de forma independiente. Al utilizar esta m\u00e1quina confiable, la eficiencia y la velocidad de trabajo mejorar\u00e1n enormemente en innumerables sectores de aplicaci\u00f3n, incluida la industria alimentaria, bebidas, farmac\u00e9utica, piezas electr\u00f3nicas, qu\u00edmicas y autopartes, lo que ahorrar\u00e1 tiempo y mano de obra, as\u00ed como costos de producci\u00f3n. Garant\u00eda\u00a0ARC 2 A\u00d1OS Cinta transportadora eficiente, bajo consumo\u00a0 60W soporte t\u00e9cnico incluido &nbsp;","og_url":"https:\/\/jagdesd.tempurl.host\/sk\/producto\/cinta-transportadora-con-barandilla-banda-transportadora-industrial-60w\/","og_site_name":"distribuci\u00f3n ARC","article_modified_time":"2022-03-02T10:04:22+00:00","og_image":[{"width":1600,"height":1600,"url":"https:\/\/jagdesd.tempurl.host\/wp-content\/uploads\/2020\/08\/Cinta-transportadora-con-barandilla-Banda-transportadora-industrial-60W-0.jpg","type":"image\/jpeg"}],"twitter_card":"summary_large_image","twitter_misc":{"Est. reading time":"1 minuta"},"schema":{"@context":"https:\/\/schema.org","@graph":[{"@type":"WebPage","@id":"https:\/\/jagdesd.tempurl.host\/sk\/producto\/cinta-transportadora-con-barandilla-banda-transportadora-industrial-60w\/","url":"https:\/\/jagdesd.tempurl.host\/sk\/producto\/cinta-transportadora-con-barandilla-banda-transportadora-industrial-60w\/","name":"Transportni trak z dr\u017ealom, Industrijski transportni trak 60W - ARC distribucija","isPartOf":{"@id":"https:\/\/distribucionarc.com\/ar\/#website"},"primaryImageOfPage":{"@id":"https:\/\/jagdesd.tempurl.host\/sk\/producto\/cinta-transportadora-con-barandilla-banda-transportadora-industrial-60w\/#primaryimage"},"image":{"@id":"https:\/\/jagdesd.tempurl.host\/sk\/producto\/cinta-transportadora-con-barandilla-banda-transportadora-industrial-60w\/#primaryimage"},"thumbnailUrl":"https:\/\/distribucionarc.com\/wp-content\/uploads\/2020\/08\/Cinta-transportadora-con-barandilla-Banda-transportadora-industrial-60W-0.jpg","datePublished":"2020-08-24T14:40:16+00:00","dateModified":"2022-03-02T10:04:22+00:00","breadcrumb":{"@id":"https:\/\/jagdesd.tempurl.host\/sk\/producto\/cinta-transportadora-con-barandilla-banda-transportadora-industrial-60w\/#breadcrumb"},"inLanguage":"sl-SI","potentialAction":[{"@type":"ReadAction","target":["https:\/\/jagdesd.tempurl.host\/sk\/producto\/cinta-transportadora-con-barandilla-banda-transportadora-industrial-60w\/"]}]},{"@type":"ImageObject","inLanguage":"sl-SI","@id":"https:\/\/jagdesd.tempurl.host\/sk\/producto\/cinta-transportadora-con-barandilla-banda-transportadora-industrial-60w\/#primaryimage","url":"https:\/\/distribucionarc.com\/wp-content\/uploads\/2020\/08\/Cinta-transportadora-con-barandilla-Banda-transportadora-industrial-60W-0.jpg","contentUrl":"https:\/\/distribucionarc.com\/wp-content\/uploads\/2020\/08\/Cinta-transportadora-con-barandilla-Banda-transportadora-industrial-60W-0.jpg","width":1600,"height":1600,"caption":"Cinta transportadora con barandilla, Banda transportadora industrial 60W"},{"@type":"BreadcrumbList","@id":"https:\/\/jagdesd.tempurl.host\/sk\/producto\/cinta-transportadora-con-barandilla-banda-transportadora-industrial-60w\/#breadcrumb","itemListElement":[{"@type":"ListItem","position":1,"name":"Portada","item":"https:\/\/www.distribucionarc.com\/pt\/"},{"@type":"ListItem","position":2,"name":"Produtos","item":"https:\/\/www.distribucionarc.com\/pt\/shop\/"},{"@type":"ListItem","position":3,"name":"Cinta transportadora con barandilla, Banda transportadora industrial 60W"}]},{"@type":"WebSite","@id":"https:\/\/distribucionarc.com\/ar\/#website","url":"https:\/\/distribucionarc.com\/ar\/","name":"ARC porazdelitev","description":"Podjetje je specializirano za proizvodnjo in distribucijo industrijskih strojev, strojev za zapiranje plo\u010devink, strojev za izdelavo tablet, strojev za rezanje mesa...","publisher":{"@id":"https:\/\/distribucionarc.com\/ar\/#organization"},"potentialAction":[{"@type":"SearchAction","target":{"@type":"EntryPoint","urlTemplate":"https:\/\/distribucionarc.com\/ar\/?s={search_term_string}"},"query-input":{"@type":"PropertyValueSpecification","valueRequired":true,"valueName":"search_term_string"}}],"inLanguage":"sl-SI"},{"@type":"Organization","@id":"https:\/\/distribucionarc.com\/ar\/#organization","name":"Distribucija ARC","url":"https:\/\/distribucionarc.com\/ar\/","logo":{"@type":"ImageObject","inLanguage":"sl-SI","@id":"https:\/\/distribucionarc.com\/ar\/#\/schema\/logo\/image\/","url":"https:\/\/distribucionarc.com\/wp-content\/uploads\/2024\/10\/distribucion-ARC-COLOR-SIN-FONDO-e1732295305345.png","contentUrl":"https:\/\/distribucionarc.com\/wp-content\/uploads\/2024\/10\/distribucion-ARC-COLOR-SIN-FONDO-e1732295305345.png","width":1164,"height":558,"caption":"Distribuci\u00f3n ARC"},"image":{"@id":"https:\/\/distribucionarc.com\/ar\/#\/schema\/logo\/image\/"},"description":"Podjetje, specializirano za proizvodnjo in distribucijo industrijskih strojev za \u017eivilski in farmacevtski sektor. Specializirani smo za: Stroji za rezanje mesa Proizvodnja tablet Industrijski transportni sistemi Stekleni\u010darske linije Dozirni stroji In \u0161e veliko ve\u010d... Ponujamo inovativne in prilagojene re\u0161itve za optimizacijo proizvodnih procesov va\u0161ega podjetja.","email":"Admistracion@distribucionarc.com","telephone":"+34 643496664","legalName":"ARC TECH SOLUTIONS","foundingDate":"2024-04-09","vatID":"B55480172","numberOfEmployees":{"@type":"QuantitativeValue","minValue":"1","maxValue":"10"}}]}},"_links":{"self":[{"href":"https:\/\/distribucionarc.com\/sl\/wp-json\/wp\/v2\/product\/2830","targetHints":{"allow":["GET"]}}],"collection":[{"href":"https:\/\/distribucionarc.com\/sl\/wp-json\/wp\/v2\/product"}],"about":[{"href":"https:\/\/distribucionarc.com\/sl\/wp-json\/wp\/v2\/types\/product"}],"replies":[{"embeddable":true,"href":"https:\/\/distribucionarc.com\/sl\/wp-json\/wp\/v2\/comments?post=2830"}],"version-history":[{"count":0,"href":"https:\/\/distribucionarc.com\/sl\/wp-json\/wp\/v2\/product\/2830\/revisions"}],"wp:featuredmedia":[{"embeddable":true,"href":"https:\/\/distribucionarc.com\/sl\/wp-json\/wp\/v2\/media\/2831"}],"wp:attachment":[{"href":"https:\/\/distribucionarc.com\/sl\/wp-json\/wp\/v2\/media?parent=2830"}],"wp:term":[{"taxonomy":"product_brand","embeddable":true,"href":"https:\/\/distribucionarc.com\/sl\/wp-json\/wp\/v2\/product_brand?post=2830"},{"taxonomy":"product_cat","embeddable":true,"href":"https:\/\/distribucionarc.com\/sl\/wp-json\/wp\/v2\/product_cat?post=2830"},{"taxonomy":"product_tag","embeddable":true,"href":"https:\/\/distribucionarc.com\/sl\/wp-json\/wp\/v2\/product_tag?post=2830"}],"curies":[{"name":"delovni list","href":"https:\/\/api.w.org\/{rel}","templated":true}]}}