{"id":288,"date":"2020-04-16T17:00:25","date_gmt":"2020-04-16T17:00:25","guid":{"rendered":"https:\/\/distribucionarc.com\/?post_type=product&#038;p=288"},"modified":"2025-05-09T14:33:02","modified_gmt":"2025-05-09T12:33:02","slug":"polnilnik-za-goste-in-pastozne-izdelke-50-ml-%f0%9f%a7%b4-pnevmat","status":"publish","type":"product","link":"https:\/\/distribucionarc.com\/sl\/producto\/dosificadora-embotelladora-productos-densos-y-pastosos-50ml-%f0%9f%a7%b4-neumatica\/","title":{"rendered":"Doziranje, polnjenje gostih in viskoznih izdelkov 50 ml pnevmatsko"},"content":{"rendered":"<h2 data-start=\"430\" data-end=\"499\">\ud83c\udfaf Kompaktni pnevmatski polnilec za viskozne teko\u010dine \u2013 5 do 50 ml<\/h2>\n<p data-start=\"501\" data-end=\"810\">The <strong data-start=\"504\" data-end=\"535\">pnevmatsko polnilo 5\u201350 ml<\/strong> Je najbolj kompakten, najla\u017eji in najpreprostej\u0161i za uporabo od celotne ponudbe. Posebej zasnovano za polnjenje <strong data-start=\"641\" data-end=\"678\">teko\u010dine srednje visoke viskoznosti<\/strong>, omogo\u010da <strong data-start=\"692\" data-end=\"745\">natan\u010dno, hitro in brezskrbno doziranje<\/strong>, zahvaljujo\u010d pnevmatskemu batnemu sistemu z ro\u010dno regulacijo.<\/p>\n<p data-start=\"812\" data-end=\"1132\">Idealen je za delavnice, laboratorije in proizvajalce, ki delajo z majhnimi odmerki in potrebujejo <strong data-start=\"907\" data-end=\"941\">prilagodljivost in hitro \u010di\u0161\u010denje<\/strong> med enim izdelkom in drugim. Skozi <strong data-start=\"983\" data-end=\"1018\">ro\u010dno nastavljiv vrtljiv kri\u017e<\/strong>, lahko uporabnik natan\u010dno prilagodi koli\u010dino, ki jo je treba izro\u010diti, in ohrani popoln nadzor nad polnjenjem.<\/p>\n<p data-start=\"1134\" data-end=\"1408\">Ena njegovih najve\u010djih prednosti je njegova <strong data-start=\"1168\" data-end=\"1193\">enostavnost \u010di\u0161\u010denja<\/strong>. Z enostavno in dostopno zasnovo, <strong data-start=\"1239\" data-end=\"1319\">Dele, ki so v stiku z izdelkom, je mogo\u010de razstaviti in oprati v samo nekaj minutah.<\/strong>, kar omogo\u010da <strong data-start=\"1336\" data-end=\"1407\">hitro menjajte izdelke brez tveganja navzkri\u017ene kontaminacije<\/strong>.<\/p>\n<h3 data-start=\"1410\" data-end=\"1446\">\u2705 Primeri idealnih izdelkov:<\/h3>\n<ul data-start=\"1448\" data-end=\"1700\">\n<li data-start=\"1448\" data-end=\"1485\">\n<p data-start=\"1450\" data-end=\"1485\">\ud83d\udc84 <strong data-start=\"1453\" data-end=\"1485\">Teko\u010de podlage za li\u010dila<\/strong><\/p>\n<\/li>\n<li data-start=\"1486\" data-end=\"1511\">\n<p data-start=\"1488\" data-end=\"1511\">\ud83d\udc85 <strong data-start=\"1491\" data-end=\"1511\">Laki za nohte<\/strong><\/p>\n<\/li>\n<li data-start=\"1512\" data-end=\"1560\">\n<p data-start=\"1514\" data-end=\"1560\">\ud83d\udd8b\ufe0f <strong data-start=\"1518\" data-end=\"1560\">\u010crnila, barvila, teko\u010di pigmenti<\/strong><\/p>\n<\/li>\n<li data-start=\"1561\" data-end=\"1601\">\n<p data-start=\"1563\" data-end=\"1601\">\ud83e\uddf4 <strong data-start=\"1566\" data-end=\"1601\">Lahki geli, serumi, losjoni<\/strong><\/p>\n<\/li>\n<li data-start=\"1602\" data-end=\"1645\">\n<p data-start=\"1604\" data-end=\"1645\">\ud83e\uddec <strong data-start=\"1607\" data-end=\"1645\">Kemi\u010dni ali farmacevtski reagenti<\/strong><\/p>\n<\/li>\n<li data-start=\"1646\" data-end=\"1700\">\n<p data-start=\"1648\" data-end=\"1700\">\ud83c\udf6f <strong data-start=\"1651\" data-end=\"1700\">Vzorci teko\u010dega medu ali sirupov brez grudic<\/strong><\/p>\n<\/li>\n<\/ul>\n<h3 data-start=\"1702\" data-end=\"1749\">\ud83d\udd01 Primeri hitrih sprememb izdelkov:<\/h3>\n<ul data-start=\"1751\" data-end=\"1967\">\n<li data-start=\"1751\" data-end=\"1809\">\n<p data-start=\"1753\" data-end=\"1809\">Od <strong data-start=\"1756\" data-end=\"1780\">prozorna emajlirana<\/strong> do <strong data-start=\"1783\" data-end=\"1807\">emajl s pigmentom<\/strong><\/p>\n<\/li>\n<li data-start=\"1810\" data-end=\"1849\">\n<p data-start=\"1812\" data-end=\"1849\">Od <strong data-start=\"1815\" data-end=\"1830\">\u010drno \u010drnilo<\/strong> do <strong data-start=\"1833\" data-end=\"1847\">rde\u010de \u010drnilo<\/strong><\/p>\n<\/li>\n<li data-start=\"1850\" data-end=\"1905\">\n<p data-start=\"1852\" data-end=\"1905\">Od <strong data-start=\"1855\" data-end=\"1879\">nevtralni kozmeti\u010dni gel<\/strong> do <strong data-start=\"1882\" data-end=\"1903\">di\u0161avnega gela<\/strong><\/p>\n<\/li>\n<li data-start=\"1906\" data-end=\"1967\">\n<p data-start=\"1908\" data-end=\"1967\">Od <strong data-start=\"1911\" data-end=\"1944\">vzorci sirupov brez sladkorja<\/strong> do <strong data-start=\"1947\" data-end=\"1967\">aromatiziran sirup<\/strong><\/p>\n<\/li>\n<\/ul>\n<p data-start=\"1969\" data-end=\"2161\">Hvala za va\u0161e <strong data-start=\"1982\" data-end=\"2000\">10 kg zalogovnik<\/strong>Zaradi kompaktne zasnove in konstrukcije iz nerjave\u010dega jekla 304 je ta stroj idealen za proizvodnjo majhnih serij, vzor\u010denje ali izdelke z veliko fluktuacijo.<\/p>\n<hr data-start=\"2163\" data-end=\"2166\" \/>\n<h3 data-start=\"2168\" data-end=\"2197\">Tehni\u010dne specifikacije<\/h3>\n<div class=\"_tableContainer_16hzy_1\">\n<div class=\"_tableWrapper_16hzy_14 group flex w-fit flex-col-reverse\" tabindex=\"-1\">\n<table class=\"w-fit min-w-(--thread-content-width)\" data-start=\"2199\" data-end=\"3626\">\n<thead data-start=\"2199\" data-end=\"2274\">\n<tr data-start=\"2199\" data-end=\"2274\">\n<th data-start=\"2199\" data-end=\"2233\" data-col-size=\"sm\">Funkcija<\/th>\n<th data-start=\"2233\" data-end=\"2274\" data-col-size=\"md\">Podrobnost<\/th>\n<\/tr>\n<\/thead>\n<tbody data-start=\"2351\" data-end=\"3626\">\n<tr data-start=\"2351\" data-end=\"2439\">\n<td data-start=\"2351\" data-end=\"2385\" data-col-size=\"sm\">Vrsta stroja<\/td>\n<td data-col-size=\"md\" data-start=\"2385\" data-end=\"2439\">Ro\u010dno pnevmatsko polnilo za majhne koli\u010dine<\/td>\n<\/tr>\n<tr data-start=\"2440\" data-end=\"2516\">\n<td data-start=\"2440\" data-end=\"2474\" data-col-size=\"sm\">Vrsta izdelkov<\/td>\n<td data-col-size=\"md\" data-start=\"2474\" data-end=\"2516\">Viskozne teko\u010dine brez delcev<\/td>\n<\/tr>\n<tr data-start=\"2517\" data-end=\"2601\">\n<td data-start=\"2517\" data-end=\"2551\" data-col-size=\"sm\">Aplikacije<\/td>\n<td data-col-size=\"md\" data-start=\"2551\" data-end=\"2601\">Kozmetika, laboratorij, farmacija, hrana<\/td>\n<\/tr>\n<tr data-start=\"2602\" data-end=\"2691\">\n<td data-start=\"2602\" data-end=\"2636\" data-col-size=\"sm\">Zdru\u017eljivi izdelki<\/td>\n<td data-col-size=\"md\" data-start=\"2636\" data-end=\"2691\">Teko\u010da li\u010dila, laki za nohte, \u010drnila, serumi, geli<\/td>\n<\/tr>\n<tr data-start=\"2692\" data-end=\"2767\">\n<td data-start=\"2692\" data-end=\"2726\" data-col-size=\"sm\">Polnilni sistem<\/td>\n<td data-col-size=\"md\" data-start=\"2726\" data-end=\"2767\">Ro\u010dno reguliran pnevmatski bat<\/td>\n<\/tr>\n<tr data-start=\"2768\" data-end=\"2844\">\n<td data-start=\"2768\" data-end=\"2802\" data-col-size=\"sm\">Razpon polnjenja<\/td>\n<td data-col-size=\"md\" data-start=\"2802\" data-end=\"2844\">5 ml \u2013 50 ml<\/td>\n<\/tr>\n<tr data-start=\"2845\" data-end=\"2921\">\n<td data-start=\"2845\" data-end=\"2879\" data-col-size=\"sm\">Natan\u010dnost polnjenja<\/td>\n<td data-col-size=\"md\" data-start=\"2879\" data-end=\"2921\">\u00b1 0,2 \u2013 1 ml<\/td>\n<\/tr>\n<tr data-start=\"2922\" data-end=\"2997\">\n<td data-start=\"2922\" data-end=\"2956\" data-col-size=\"sm\">Hitrost proizvodnje<\/td>\n<td data-col-size=\"md\" data-start=\"2956\" data-end=\"2997\">Do 40 krogov na minuto<\/td>\n<\/tr>\n<tr data-start=\"2998\" data-end=\"3074\">\n<td data-start=\"2998\" data-end=\"3032\" data-col-size=\"sm\">Delovni tlak<\/td>\n<td data-col-size=\"md\" data-start=\"3032\" data-end=\"3074\">0,4\u20130,6 MPa (58\u201387 PSI)<\/td>\n<\/tr>\n<tr data-start=\"3075\" data-end=\"3150\">\n<td data-start=\"3075\" data-end=\"3109\" data-col-size=\"sm\">Na\u010din delovanja<\/td>\n<td data-col-size=\"md\" data-start=\"3109\" data-end=\"3150\">Ro\u010dno s pnevmatskim pogonom<\/td>\n<\/tr>\n<tr data-start=\"3151\" data-end=\"3227\">\n<td data-start=\"3151\" data-end=\"3185\" data-col-size=\"sm\">Prostornina zalogovnika<\/td>\n<td data-col-size=\"md\" data-start=\"3185\" data-end=\"3227\">10 kg<\/td>\n<\/tr>\n<tr data-start=\"3228\" data-end=\"3303\">\n<td data-start=\"3228\" data-end=\"3262\" data-col-size=\"sm\">Material v stiku<\/td>\n<td data-col-size=\"md\" data-start=\"3262\" data-end=\"3303\">304 nerjavno jeklo<\/td>\n<\/tr>\n<tr data-start=\"3304\" data-end=\"3395\">\n<td data-start=\"3304\" data-end=\"3338\" data-col-size=\"sm\">\u010ci\u0161\u010denje<\/td>\n<td data-col-size=\"md\" data-start=\"3338\" data-end=\"3395\">Zelo enostavna in hitra demonta\u017ea za menjavo izdelkov<\/td>\n<\/tr>\n<tr data-start=\"3396\" data-end=\"3472\">\n<td data-start=\"3396\" data-end=\"3430\" data-col-size=\"sm\">Velikost in prenosljivost<\/td>\n<td data-col-size=\"md\" data-start=\"3430\" data-end=\"3472\">Kompakten in lahek<\/td>\n<\/tr>\n<tr data-start=\"3473\" data-end=\"3549\">\n<td data-start=\"3473\" data-end=\"3507\" data-col-size=\"sm\">Certificiranje<\/td>\n<td data-col-size=\"md\" data-start=\"3507\" data-end=\"3549\">CE (odvisno od modela)<\/td>\n<\/tr>\n<tr data-start=\"3550\" data-end=\"3626\">\n<td data-start=\"3550\" data-end=\"3584\" data-col-size=\"sm\">Tehni\u010dna podpora<\/td>\n<td data-col-size=\"md\" data-start=\"3584\" data-end=\"3626\">Vklju\u010dno z<\/td>\n<\/tr>\n<\/tbody>\n<\/table>\n<div class=\"sticky end-(--thread-content-margin) h-0 self-end select-none\">\n<div class=\"absolute end-0 flex items-end\"><\/div>\n<\/div>\n<\/div>\n<\/div>\n<p><iframe loading=\"lazy\" src=\"https:\/\/www.youtube.com\/embed\/Y7kk4IGd9fQ\" width=\"560\" height=\"315\" frameborder=\"0\" allowfullscreen=\"allowfullscreen\"><\/iframe><\/p>","protected":false},"excerpt":{"rendered":"<p>Nov pnevmatski polnilni stroj s strukturo bata, poseben za viskozne teko\u010dine, obseg polnjenja 5 \u27a1\ufe0f 50 ml. Pogosto se uporablja pri polnjenju teko\u010din, kot so: teko\u010da hrana, olja, \u0161amponi, kreme in druge teko\u010de in viskozne snovi. Uporablja se za farmacevtske izdelke, kozmetiko, hrano, pesticide, pa tudi za posebno industrijo, brez dvoma je to idealna polavtomatska oprema za polnjenje viskoznih teko\u010din za podjetja.<\/p>","protected":false},"featured_media":289,"comment_status":"open","ping_status":"closed","template":"","meta":{"wds_primary_product_brand":0,"wds_primary_product_cat":0},"product_brand":[],"product_cat":[18,20,74,73,75,320,321,29,21],"product_tag":[],"class_list":{"0":"post-288","1":"product","2":"type-product","3":"status-publish","4":"has-post-thumbnail","6":"product_cat-dosificadoras","7":"product_cat-dosificadoras-de-pastosos","8":"product_cat-llenadoras-de-botellas","9":"product_cat-llenadoras-de-liquidos","10":"product_cat-llenadoras-de-masas-y-salsas","11":"product_cat-llenadoras-de-liquidos-por-gravedad","12":"product_cat-llenadoras-de-piston","13":"product_cat-maquinas-industria-quimica","14":"product_cat-maquinas-llenadoras","15":"product_shipping_class-express","17":"first","18":"instock","19":"sale","20":"taxable","21":"shipping-taxable","22":"purchasable","23":"product-type-simple"},"yoast_head":"<!-- This site is optimized with the Yoast SEO Premium plugin v24.9 (Yoast SEO v26.1) - https:\/\/yoast.com\/wordpress\/plugins\/seo\/ -->\n<title>Dosificadora, Embotelladora Productos Densos y Viscosos 50 ml Neum\u00e1tica - distribuci\u00f3n ARC<\/title>\n<meta name=\"robots\" content=\"index, follow, max-snippet:-1, max-image-preview:large, max-video-preview:-1\" \/>\n<link rel=\"canonical\" href=\"https:\/\/distribucionarc.com\/sl\/izdelek\/polnilnik-za-goste-in-pastozne-izdelke-50-ml-\ud83e\uddf4-pnevmat\/\" \/>\n<meta property=\"og:locale\" content=\"sl_SI\" \/>\n<meta property=\"og:type\" content=\"article\" \/>\n<meta property=\"og:title\" content=\"Dosificadora, Embotelladora Productos Densos y Viscosos 50 ml Neum\u00e1tica\" \/>\n<meta property=\"og:description\" content=\"Nueva m\u00e1quina de llenado neum\u00e1tico que adopta una estructura con pist\u00f3n, especial para l\u00edquidos viscosos, rango de llenado de 5 \u27a1\ufe0f 50 ml. Ampliamente utilizada en el llenado de l\u00edquidos, como: alimentos l\u00edquidos, aceites, champ\u00fa, cremas y otras sustancia l\u00edquidas y viscosas. Es aplicable a los productos farmac\u00e9uticos, cosm\u00e9ticos, alimentos, plaguicidas, as\u00ed como la industria especial, sin dudas este es el equipo semiautom\u00e1tico ideal para el llenado de l\u00edquidos viscosos para los negocios.\" \/>\n<meta property=\"og:url\" content=\"https:\/\/distribucionarc.com\/sl\/izdelek\/polnilnik-za-goste-in-pastozne-izdelke-50-ml-\ud83e\uddf4-pnevmat\/\" \/>\n<meta property=\"og:site_name\" content=\"distribuci\u00f3n ARC\" \/>\n<meta property=\"article:modified_time\" content=\"2025-05-09T12:33:02+00:00\" \/>\n<meta property=\"og:image\" content=\"https:\/\/distribucionarc.com\/wp-content\/uploads\/2020\/04\/dosificadora_embotelladora_productos_densos_y_pastosos_50ml_neumatica_0.jpg\" \/>\n\t<meta property=\"og:image:width\" content=\"1001\" \/>\n\t<meta property=\"og:image:height\" content=\"1001\" \/>\n\t<meta property=\"og:image:type\" content=\"image\/jpeg\" \/>\n<meta name=\"twitter:card\" content=\"summary_large_image\" \/>\n<meta name=\"twitter:label1\" content=\"Est. reading time\" \/>\n\t<meta name=\"twitter:data1\" content=\"2 minuti\" \/>\n<script type=\"application\/ld+json\" class=\"yoast-schema-graph\">{\"@context\":\"https:\/\/schema.org\",\"@graph\":[{\"@type\":\"WebPage\",\"@id\":\"https:\/\/distribucionarc.com\/lt\/producto\/dosificadora-embotelladora-productos-densos-y-pastosos-50ml-%f0%9f%a7%b4-neumatica\/\",\"url\":\"https:\/\/distribucionarc.com\/lt\/producto\/dosificadora-embotelladora-productos-densos-y-pastosos-50ml-%f0%9f%a7%b4-neumatica\/\",\"name\":\"Dosificadora, Embotelladora Productos Densos y Viscosos 50 ml Neum\u00e1tica - distribuci\u00f3n ARC\",\"isPartOf\":{\"@id\":\"https:\/\/distribucionarc.com\/de\/#website\"},\"primaryImageOfPage\":{\"@id\":\"https:\/\/distribucionarc.com\/lt\/producto\/dosificadora-embotelladora-productos-densos-y-pastosos-50ml-%f0%9f%a7%b4-neumatica\/#primaryimage\"},\"image\":{\"@id\":\"https:\/\/distribucionarc.com\/lt\/producto\/dosificadora-embotelladora-productos-densos-y-pastosos-50ml-%f0%9f%a7%b4-neumatica\/#primaryimage\"},\"thumbnailUrl\":\"https:\/\/distribucionarc.com\/wp-content\/uploads\/2020\/04\/dosificadora_embotelladora_productos_densos_y_pastosos_50ml_neumatica_0.jpg\",\"datePublished\":\"2020-04-16T17:00:25+00:00\",\"dateModified\":\"2025-05-09T12:33:02+00:00\",\"breadcrumb\":{\"@id\":\"https:\/\/distribucionarc.com\/lt\/producto\/dosificadora-embotelladora-productos-densos-y-pastosos-50ml-%f0%9f%a7%b4-neumatica\/#breadcrumb\"},\"inLanguage\":\"sl-SI\",\"potentialAction\":[{\"@type\":\"ReadAction\",\"target\":[\"https:\/\/distribucionarc.com\/lt\/producto\/dosificadora-embotelladora-productos-densos-y-pastosos-50ml-%f0%9f%a7%b4-neumatica\/\"]}]},{\"@type\":\"ImageObject\",\"inLanguage\":\"sl-SI\",\"@id\":\"https:\/\/distribucionarc.com\/lt\/producto\/dosificadora-embotelladora-productos-densos-y-pastosos-50ml-%f0%9f%a7%b4-neumatica\/#primaryimage\",\"url\":\"https:\/\/distribucionarc.com\/wp-content\/uploads\/2020\/04\/dosificadora_embotelladora_productos_densos_y_pastosos_50ml_neumatica_0.jpg\",\"contentUrl\":\"https:\/\/distribucionarc.com\/wp-content\/uploads\/2020\/04\/dosificadora_embotelladora_productos_densos_y_pastosos_50ml_neumatica_0.jpg\",\"width\":1001,\"height\":1001,\"caption\":\"dosificadora_embotelladora_productos_densos_y_pastosos_50ml_neumatica\"},{\"@type\":\"BreadcrumbList\",\"@id\":\"https:\/\/distribucionarc.com\/lt\/producto\/dosificadora-embotelladora-productos-densos-y-pastosos-50ml-%f0%9f%a7%b4-neumatica\/#breadcrumb\",\"itemListElement\":[{\"@type\":\"ListItem\",\"position\":1,\"name\":\"Portada\",\"item\":\"https:\/\/distribucionarc.com\/pl\/\"},{\"@type\":\"ListItem\",\"position\":2,\"name\":\"Produkty\",\"item\":\"https:\/\/distribucionarc.com\/pl\/shop\/\"},{\"@type\":\"ListItem\",\"position\":3,\"name\":\"Dosificadora, Embotelladora Productos Densos y Viscosos 50 ml Neum\u00e1tica\"}]},{\"@type\":\"WebSite\",\"@id\":\"https:\/\/distribucionarc.com\/de\/#website\",\"url\":\"https:\/\/distribucionarc.com\/de\/\",\"name\":\"distribuci\u00f3n ARC\",\"description\":\"Empresa especializada en la fabricaci\u00f3n y distribuci\u00f3n de maquinaria industrial, selladoras de latas, Maquinas de hacer pastillas, Maquinas de cortar carne...\",\"publisher\":{\"@id\":\"https:\/\/distribucionarc.com\/de\/#organization\"},\"potentialAction\":[{\"@type\":\"SearchAction\",\"target\":{\"@type\":\"EntryPoint\",\"urlTemplate\":\"https:\/\/distribucionarc.com\/de\/?s={search_term_string}\"},\"query-input\":{\"@type\":\"PropertyValueSpecification\",\"valueRequired\":true,\"valueName\":\"search_term_string\"}}],\"inLanguage\":\"sl-SI\"},{\"@type\":\"Organization\",\"@id\":\"https:\/\/distribucionarc.com\/de\/#organization\",\"name\":\"Distribuci\u00f3n ARC\",\"url\":\"https:\/\/distribucionarc.com\/de\/\",\"logo\":{\"@type\":\"ImageObject\",\"inLanguage\":\"sl-SI\",\"@id\":\"https:\/\/distribucionarc.com\/de\/#\/schema\/logo\/image\/\",\"url\":\"https:\/\/distribucionarc.com\/wp-content\/uploads\/2024\/10\/distribucion-ARC-COLOR-SIN-FONDO-e1732295305345.png\",\"contentUrl\":\"https:\/\/distribucionarc.com\/wp-content\/uploads\/2024\/10\/distribucion-ARC-COLOR-SIN-FONDO-e1732295305345.png\",\"width\":1164,\"height\":558,\"caption\":\"Distribuci\u00f3n ARC\"},\"image\":{\"@id\":\"https:\/\/distribucionarc.com\/de\/#\/schema\/logo\/image\/\"},\"description\":\"Empresa especializada en la fabricaci\u00f3n y distribuci\u00f3n de maquinaria industrial para los sectores alimentario y farmac\u00e9utico. Nos especializamos en: M\u00e1quinas de cortar carne Fabricaci\u00f3n de comprimidos Sistemas de transporte industrial L\u00edneas de embotellado Dosificadores Y mucho m\u00e1s... Ofrecemos soluciones innovadoras y personalizadas para optimizar los procesos productivos de tu empresa.\",\"email\":\"Admistracion@distribucionarc.com\",\"telephone\":\"+34 643496664\",\"legalName\":\"ARC TECH SOLUTIONS\",\"foundingDate\":\"2024-04-09\",\"vatID\":\"B55480172\",\"numberOfEmployees\":{\"@type\":\"QuantitativeValue\",\"minValue\":\"1\",\"maxValue\":\"10\"}}]}<\/script>\n<!-- \/ Yoast SEO Premium plugin. -->","yoast_head_json":{"title":"Doziranje, polnjenje gostih in viskoznih izdelkov 50 ml Pnevmatska distribucija ARC","robots":{"index":"index","follow":"follow","max-snippet":"max-snippet:-1","max-image-preview":"max-image-preview:large","max-video-preview":"max-video-preview:-1"},"canonical":"https:\/\/distribucionarc.com\/sl\/izdelek\/polnilnik-za-goste-in-pastozne-izdelke-50-ml-\ud83e\uddf4-pnevmat\/","og_locale":"sl_SI","og_type":"article","og_title":"Dosificadora, Embotelladora Productos Densos y Viscosos 50 ml Neum\u00e1tica","og_description":"Nueva m\u00e1quina de llenado neum\u00e1tico que adopta una estructura con pist\u00f3n, especial para l\u00edquidos viscosos, rango de llenado de 5 \u27a1\ufe0f 50 ml. Ampliamente utilizada en el llenado de l\u00edquidos, como: alimentos l\u00edquidos, aceites, champ\u00fa, cremas y otras sustancia l\u00edquidas y viscosas. Es aplicable a los productos farmac\u00e9uticos, cosm\u00e9ticos, alimentos, plaguicidas, as\u00ed como la industria especial, sin dudas este es el equipo semiautom\u00e1tico ideal para el llenado de l\u00edquidos viscosos para los negocios.","og_url":"https:\/\/distribucionarc.com\/sl\/izdelek\/polnilnik-za-goste-in-pastozne-izdelke-50-ml-\ud83e\uddf4-pnevmat\/","og_site_name":"distribuci\u00f3n ARC","article_modified_time":"2025-05-09T12:33:02+00:00","og_image":[{"width":1001,"height":1001,"url":"https:\/\/distribucionarc.com\/wp-content\/uploads\/2020\/04\/dosificadora_embotelladora_productos_densos_y_pastosos_50ml_neumatica_0.jpg","type":"image\/jpeg"}],"twitter_card":"summary_large_image","twitter_misc":{"Est. reading time":"2 minuti"},"schema":{"@context":"https:\/\/schema.org","@graph":[{"@type":"WebPage","@id":"https:\/\/distribucionarc.com\/lt\/producto\/dosificadora-embotelladora-productos-densos-y-pastosos-50ml-%f0%9f%a7%b4-neumatica\/","url":"https:\/\/distribucionarc.com\/lt\/producto\/dosificadora-embotelladora-productos-densos-y-pastosos-50ml-%f0%9f%a7%b4-neumatica\/","name":"Doziranje, polnjenje gostih in viskoznih izdelkov 50 ml Pnevmatska distribucija ARC","isPartOf":{"@id":"https:\/\/distribucionarc.com\/de\/#website"},"primaryImageOfPage":{"@id":"https:\/\/distribucionarc.com\/lt\/producto\/dosificadora-embotelladora-productos-densos-y-pastosos-50ml-%f0%9f%a7%b4-neumatica\/#primaryimage"},"image":{"@id":"https:\/\/distribucionarc.com\/lt\/producto\/dosificadora-embotelladora-productos-densos-y-pastosos-50ml-%f0%9f%a7%b4-neumatica\/#primaryimage"},"thumbnailUrl":"https:\/\/distribucionarc.com\/wp-content\/uploads\/2020\/04\/dosificadora_embotelladora_productos_densos_y_pastosos_50ml_neumatica_0.jpg","datePublished":"2020-04-16T17:00:25+00:00","dateModified":"2025-05-09T12:33:02+00:00","breadcrumb":{"@id":"https:\/\/distribucionarc.com\/lt\/producto\/dosificadora-embotelladora-productos-densos-y-pastosos-50ml-%f0%9f%a7%b4-neumatica\/#breadcrumb"},"inLanguage":"sl-SI","potentialAction":[{"@type":"ReadAction","target":["https:\/\/distribucionarc.com\/lt\/producto\/dosificadora-embotelladora-productos-densos-y-pastosos-50ml-%f0%9f%a7%b4-neumatica\/"]}]},{"@type":"ImageObject","inLanguage":"sl-SI","@id":"https:\/\/distribucionarc.com\/lt\/producto\/dosificadora-embotelladora-productos-densos-y-pastosos-50ml-%f0%9f%a7%b4-neumatica\/#primaryimage","url":"https:\/\/distribucionarc.com\/wp-content\/uploads\/2020\/04\/dosificadora_embotelladora_productos_densos_y_pastosos_50ml_neumatica_0.jpg","contentUrl":"https:\/\/distribucionarc.com\/wp-content\/uploads\/2020\/04\/dosificadora_embotelladora_productos_densos_y_pastosos_50ml_neumatica_0.jpg","width":1001,"height":1001,"caption":"dosificadora_embotelladora_productos_densos_y_pastosos_50ml_neumatica"},{"@type":"BreadcrumbList","@id":"https:\/\/distribucionarc.com\/lt\/producto\/dosificadora-embotelladora-productos-densos-y-pastosos-50ml-%f0%9f%a7%b4-neumatica\/#breadcrumb","itemListElement":[{"@type":"ListItem","position":1,"name":"Portada","item":"https:\/\/distribucionarc.com\/pl\/"},{"@type":"ListItem","position":2,"name":"Produkty","item":"https:\/\/distribucionarc.com\/pl\/shop\/"},{"@type":"ListItem","position":3,"name":"Dosificadora, Embotelladora Productos Densos y Viscosos 50 ml Neum\u00e1tica"}]},{"@type":"WebSite","@id":"https:\/\/distribucionarc.com\/de\/#website","url":"https:\/\/distribucionarc.com\/de\/","name":"ARC porazdelitev","description":"Podjetje je specializirano za proizvodnjo in distribucijo industrijskih strojev, strojev za zapiranje plo\u010devink, strojev za izdelavo tablet, strojev za rezanje mesa...","publisher":{"@id":"https:\/\/distribucionarc.com\/de\/#organization"},"potentialAction":[{"@type":"SearchAction","target":{"@type":"EntryPoint","urlTemplate":"https:\/\/distribucionarc.com\/de\/?s={search_term_string}"},"query-input":{"@type":"PropertyValueSpecification","valueRequired":true,"valueName":"search_term_string"}}],"inLanguage":"sl-SI"},{"@type":"Organization","@id":"https:\/\/distribucionarc.com\/de\/#organization","name":"Distribucija ARC","url":"https:\/\/distribucionarc.com\/de\/","logo":{"@type":"ImageObject","inLanguage":"sl-SI","@id":"https:\/\/distribucionarc.com\/de\/#\/schema\/logo\/image\/","url":"https:\/\/distribucionarc.com\/wp-content\/uploads\/2024\/10\/distribucion-ARC-COLOR-SIN-FONDO-e1732295305345.png","contentUrl":"https:\/\/distribucionarc.com\/wp-content\/uploads\/2024\/10\/distribucion-ARC-COLOR-SIN-FONDO-e1732295305345.png","width":1164,"height":558,"caption":"Distribuci\u00f3n ARC"},"image":{"@id":"https:\/\/distribucionarc.com\/de\/#\/schema\/logo\/image\/"},"description":"Podjetje, specializirano za proizvodnjo in distribucijo industrijskih strojev za \u017eivilski in farmacevtski sektor. Specializirani smo za: Stroji za rezanje mesa Proizvodnja tablet Industrijski transportni sistemi Stekleni\u010darske linije Dozirni stroji In \u0161e veliko ve\u010d... Ponujamo inovativne in prilagojene re\u0161itve za optimizacijo proizvodnih procesov va\u0161ega podjetja.","email":"Admistracion@distribucionarc.com","telephone":"+34 643496664","legalName":"ARC TECH SOLUTIONS","foundingDate":"2024-04-09","vatID":"B55480172","numberOfEmployees":{"@type":"QuantitativeValue","minValue":"1","maxValue":"10"}}]}},"_links":{"self":[{"href":"https:\/\/distribucionarc.com\/sl\/wp-json\/wp\/v2\/product\/288","targetHints":{"allow":["GET"]}}],"collection":[{"href":"https:\/\/distribucionarc.com\/sl\/wp-json\/wp\/v2\/product"}],"about":[{"href":"https:\/\/distribucionarc.com\/sl\/wp-json\/wp\/v2\/types\/product"}],"replies":[{"embeddable":true,"href":"https:\/\/distribucionarc.com\/sl\/wp-json\/wp\/v2\/comments?post=288"}],"version-history":[{"count":3,"href":"https:\/\/distribucionarc.com\/sl\/wp-json\/wp\/v2\/product\/288\/revisions"}],"predecessor-version":[{"id":17473,"href":"https:\/\/distribucionarc.com\/sl\/wp-json\/wp\/v2\/product\/288\/revisions\/17473"}],"wp:featuredmedia":[{"embeddable":true,"href":"https:\/\/distribucionarc.com\/sl\/wp-json\/wp\/v2\/media\/289"}],"wp:attachment":[{"href":"https:\/\/distribucionarc.com\/sl\/wp-json\/wp\/v2\/media?parent=288"}],"wp:term":[{"taxonomy":"product_brand","embeddable":true,"href":"https:\/\/distribucionarc.com\/sl\/wp-json\/wp\/v2\/product_brand?post=288"},{"taxonomy":"product_cat","embeddable":true,"href":"https:\/\/distribucionarc.com\/sl\/wp-json\/wp\/v2\/product_cat?post=288"},{"taxonomy":"product_tag","embeddable":true,"href":"https:\/\/distribucionarc.com\/sl\/wp-json\/wp\/v2\/product_tag?post=288"}],"curies":[{"name":"delovni list","href":"https:\/\/api.w.org\/{rel}","templated":true}]}}