{"id":2907,"date":"2020-08-25T14:48:58","date_gmt":"2020-08-25T14:48:58","guid":{"rendered":"https:\/\/distribucionarc.com\/?post_type=product&#038;p=2907"},"modified":"2020-10-01T11:24:27","modified_gmt":"2020-10-01T11:24:27","slug":"tiskalnik-za-embalazo-elektricni-tiskalnik-etiketirjev","status":"publish","type":"product","link":"https:\/\/distribucionarc.com\/sl\/producto\/impresora-para-envases-electrica-etiquetadora-de-impresion\/","title":{"rendered":"Elektri\u010dni tiskalnik embala\u017ee, tiskanje etiket"},"content":{"rendered":"<h3>Elektri\u010dni tiskalnik embala\u017ee, tiskanje etiket<\/h3>\n<p>Zahvaljujo\u010d dejstvu, da<strong> paketni tiskalnik<\/strong> Ohranja \u010drnilo v posodi, njegova prednost je prihranek in ohranjanje \u010distega \u010drnila ter prepre\u010devanje izsu\u0161itve \u010drnila v modelu s strgalom z rezili. Jekleni strgalni obro\u010d ima izjemno dolgo \u017eivljenjsko dobo.<\/p>\n<p>Datum ali znak je izklesan s kemi\u010dno reakcijo na jekleni tiskarski plo\u0161\u010di, magnetna absorpcija med skodelico in jekleno tiskalno plo\u0161\u010do pa lahko popolnoma zapre \u010drnilo v skodelici. Neverjetna delovna hitrost <strong>tiskalnik embala\u017ee <span style=\"color: #ff0000;\">TO<\/span><span style=\"color: #0000ff;\">R<\/span>CILA32M<\/strong> omogo\u010da tiskanje na <strong>3200 kontejnerjev na uro<\/strong> na najbolj natan\u010den na\u010din.<\/p>\n<h6><strong>Garancija<span style=\"color: #ff0000;\">\u00a0TO<\/span><\/strong><span style=\"color: #0000ff;\"><strong>R<\/strong><\/span><strong>C 2 LETI<\/strong><\/h6>\n<h6><strong>vklju\u010dena tehni\u010dna podpora<\/strong><\/h6>\n<p>&nbsp;<\/p>\n<table role=\"presentation\" width=\"100%\" cellspacing=\"0\" cellpadding=\"0\">\n<tbody>\n<tr>\n<td class=\"attrLabels\">Znamka:<\/td>\n<td width=\"50.0%\">ARC<\/td>\n<\/tr>\n<tr>\n<td class=\"attrLabels\">Dr\u017eava distribucije:<\/td>\n<td width=\"50.0%\">\u0160panija, Nem\u010dija, ZDA<\/td>\n<td class=\"attrLabels\">Delovna hitrost:<\/td>\n<td width=\"50.0%\">3200-krat na uro<\/td>\n<\/tr>\n<tr>\n<td class=\"attrLabels\">\u0160tevilka proizvajalca:<\/td>\n<td width=\"50.0%\">ARCILA32M<\/td>\n<td class=\"attrLabels\">Vi\u0161ina tiskanja:<\/td>\n<td width=\"50.0%\">38 cm<\/td>\n<\/tr>\n<tr>\n<td class=\"attrLabels\">barva:<\/td>\n<td width=\"50.0%\">Modra<\/td>\n<td class=\"attrLabels\">Najmanj\u0161a najve\u010dja vi\u0161ina tiskanja:<\/td>\n<td width=\"50.0%\">50 mm \u2013 1,5 mm<\/td>\n<\/tr>\n<tr>\n<td class=\"attrLabels\">Vrsta izdelka:<\/td>\n<td width=\"50.0%\">Tiskalnik etiket<\/td>\n<td class=\"attrLabels\">mo\u010d:<\/td>\n<td width=\"50.0%\">100 W<\/td>\n<\/tr>\n<tr>\n<td class=\"attrLabels\">Te\u017ea:<\/td>\n<td width=\"50.0%\">21 kg<\/td>\n<td class=\"attrLabels\">Napetost:<\/td>\n<td width=\"50.0%\">220V\/60Hz<\/td>\n<\/tr>\n<tr>\n<td class=\"attrLabels\">Vi\u0161ina:<\/td>\n<td width=\"50.0%\">56<\/td>\n<td class=\"attrLabels\">Premer skodelice za \u010drnilo:<\/td>\n<td width=\"50.0%\">60 mm<\/td>\n<\/tr>\n<tr>\n<td class=\"attrLabels\">dolgo:<\/td>\n<td width=\"50.0%\">\u00a0 40,5<\/td>\n<td class=\"attrLabels\">\u010cas neprekinjene uporabe:<\/td>\n<td width=\"50.0%\">10 \u2013 30h<\/td>\n<\/tr>\n<tr>\n<td class=\"attrLabels\">\u0160iroko:<\/td>\n<td width=\"50.0%\">43,5<\/td>\n<td class=\"attrLabels\">Garancija:<\/td>\n<td width=\"50.0%\">2 leti<\/td>\n<\/tr>\n<\/tbody>\n<\/table>","protected":false},"excerpt":{"rendered":"<h2>Elektri\u010dni tiskalnik embala\u017ee, tiskanje etiket<\/h2>\n<p>The<strong> elektri\u010dni tamponski tiskalnik <span style=\"color: #ff0000;\">TO<\/span><span style=\"color: #0000ff;\">R<\/span>c<\/strong> Uporablja se za tiskanje blagovnih znamk ali datumov poteka, \u0161tevilke serije, znaka ali logotipa na steklenice, papir, skodelice ali \u0161katle iz ve\u010dine vrst materialov, kot sta plastika ali kovina. Poleg tega je ta serija strojev za tiskanje kod primerna za tiskanje datuma izvoza, veljavnega datuma, edinstvenih \u0161tevilk in fotografij, z visoko hitrostjo tiskanja, privla\u010dno in \u010disto obliko \u010drk.<\/p>\n<h6><strong>Garancija<span style=\"color: #ff0000;\">\u00a0TO<\/span><\/strong><span style=\"color: #0000ff;\"><strong>R<\/strong><\/span><strong>C 2 LETI<\/strong><\/h6>\n<h6><strong>vklju\u010dena tehni\u010dna podpora<\/strong><\/h6>","protected":false},"featured_media":2908,"comment_status":"open","ping_status":"closed","template":"","meta":{"wds_primary_product_brand":0,"wds_primary_product_cat":0},"product_brand":[],"product_cat":[69],"product_tag":[],"class_list":{"0":"post-2907","1":"product","2":"type-product","3":"status-publish","4":"has-post-thumbnail","6":"product_cat-maquinas-variadas","7":"product_shipping_class-express","9":"first","10":"instock","11":"sale","12":"taxable","13":"shipping-taxable","14":"purchasable","15":"product-type-simple"},"yoast_head":"<!-- This site is optimized with the Yoast SEO Premium plugin v24.9 (Yoast SEO v26.1) - https:\/\/yoast.com\/wordpress\/plugins\/seo\/ -->\n<title>Impresora para envases el\u00e9ctrica, etiquetadora de impresi\u00f3n - distribuci\u00f3n ARC<\/title>\n<meta name=\"robots\" content=\"index, follow, max-snippet:-1, max-image-preview:large, max-video-preview:-1\" \/>\n<link rel=\"canonical\" href=\"https:\/\/www.distribucionarc.com\/producto\/impresora-para-envases-electrica-etiquetadora-de-impresion\/\" \/>\n<meta property=\"og:locale\" content=\"sl_SI\" \/>\n<meta property=\"og:type\" content=\"article\" \/>\n<meta property=\"og:title\" content=\"Impresora para envases el\u00e9ctrica, etiquetadora de impresi\u00f3n\" \/>\n<meta property=\"og:description\" content=\"Impresora para envases el\u00e9ctrica, etiquetadora de impresi\u00f3n La impresora de almohadilla el\u00e9ctrica ARC se utiliza para imprimir las marcas comerciales o fechas de vencimiento, n\u00famero de lote, letrero o logotipo en botellas, papeles, vasos o cajas de la mayor\u00eda de los tipos de materiales, como pl\u00e1stico o metal. Adem\u00e1s, esta serie de m\u00e1quinas de impresi\u00f3n de c\u00f3digos es adecuada para imprimir la fecha de exportaci\u00f3n, la fecha v\u00e1lida, n\u00fameros \u00fanicos y fotos, con alta velocidad de impresi\u00f3n, forma de letra atractiva y limpia. Garant\u00eda\u00a0ARC 2 A\u00d1OS soporte t\u00e9cnico incluido\" \/>\n<meta property=\"og:url\" content=\"https:\/\/www.distribucionarc.com\/producto\/impresora-para-envases-electrica-etiquetadora-de-impresion\/\" \/>\n<meta property=\"og:site_name\" content=\"distribuci\u00f3n ARC\" \/>\n<meta property=\"article:modified_time\" content=\"2020-10-01T11:24:27+00:00\" \/>\n<meta property=\"og:image\" content=\"https:\/\/distribucionarc.com\/wp-content\/uploads\/2020\/08\/Impresora-para-envases-el\u00e9ctrica-etiquetadora-de-impresi\u00f3n-0.jpg\" \/>\n\t<meta property=\"og:image:width\" content=\"1600\" \/>\n\t<meta property=\"og:image:height\" content=\"1600\" \/>\n\t<meta property=\"og:image:type\" content=\"image\/jpeg\" \/>\n<meta name=\"twitter:card\" content=\"summary_large_image\" \/>\n<meta name=\"twitter:label1\" content=\"Est. reading time\" \/>\n\t<meta name=\"twitter:data1\" content=\"1 minuta\" \/>\n<script type=\"application\/ld+json\" class=\"yoast-schema-graph\">{\"@context\":\"https:\/\/schema.org\",\"@graph\":[{\"@type\":\"WebPage\",\"@id\":\"https:\/\/www.distribucionarc.com\/producto\/impresora-para-envases-electrica-etiquetadora-de-impresion\/\",\"url\":\"https:\/\/www.distribucionarc.com\/producto\/impresora-para-envases-electrica-etiquetadora-de-impresion\/\",\"name\":\"Impresora para envases el\u00e9ctrica, etiquetadora de impresi\u00f3n - distribuci\u00f3n ARC\",\"isPartOf\":{\"@id\":\"https:\/\/www.distribucionarc.com\/de\/#website\"},\"primaryImageOfPage\":{\"@id\":\"https:\/\/www.distribucionarc.com\/producto\/impresora-para-envases-electrica-etiquetadora-de-impresion\/#primaryimage\"},\"image\":{\"@id\":\"https:\/\/www.distribucionarc.com\/producto\/impresora-para-envases-electrica-etiquetadora-de-impresion\/#primaryimage\"},\"thumbnailUrl\":\"https:\/\/distribucionarc.com\/wp-content\/uploads\/2020\/08\/Impresora-para-envases-el\u00e9ctrica-etiquetadora-de-impresi\u00f3n-0.jpg\",\"datePublished\":\"2020-08-25T14:48:58+00:00\",\"dateModified\":\"2020-10-01T11:24:27+00:00\",\"breadcrumb\":{\"@id\":\"https:\/\/www.distribucionarc.com\/producto\/impresora-para-envases-electrica-etiquetadora-de-impresion\/#breadcrumb\"},\"inLanguage\":\"sl-SI\",\"potentialAction\":[{\"@type\":\"ReadAction\",\"target\":[\"https:\/\/www.distribucionarc.com\/producto\/impresora-para-envases-electrica-etiquetadora-de-impresion\/\"]}]},{\"@type\":\"ImageObject\",\"inLanguage\":\"sl-SI\",\"@id\":\"https:\/\/www.distribucionarc.com\/producto\/impresora-para-envases-electrica-etiquetadora-de-impresion\/#primaryimage\",\"url\":\"https:\/\/distribucionarc.com\/wp-content\/uploads\/2020\/08\/Impresora-para-envases-el\u00e9ctrica-etiquetadora-de-impresi\u00f3n-0.jpg\",\"contentUrl\":\"https:\/\/distribucionarc.com\/wp-content\/uploads\/2020\/08\/Impresora-para-envases-el\u00e9ctrica-etiquetadora-de-impresi\u00f3n-0.jpg\",\"width\":1600,\"height\":1600,\"caption\":\"Impresora para envases el\u00e9ctrica, etiquetadora de impresi\u00f3n\"},{\"@type\":\"BreadcrumbList\",\"@id\":\"https:\/\/www.distribucionarc.com\/producto\/impresora-para-envases-electrica-etiquetadora-de-impresion\/#breadcrumb\",\"itemListElement\":[{\"@type\":\"ListItem\",\"position\":1,\"name\":\"Portada\",\"item\":\"https:\/\/www.distribucionarc.com\/en\/\"},{\"@type\":\"ListItem\",\"position\":2,\"name\":\"Products\",\"item\":\"https:\/\/www.distribucionarc.com\/en\/shop\/\"},{\"@type\":\"ListItem\",\"position\":3,\"name\":\"Impresora para envases el\u00e9ctrica, etiquetadora de impresi\u00f3n\"}]},{\"@type\":\"WebSite\",\"@id\":\"https:\/\/www.distribucionarc.com\/de\/#website\",\"url\":\"https:\/\/www.distribucionarc.com\/de\/\",\"name\":\"distribuci\u00f3n ARC\",\"description\":\"Empresa especializada en la fabricaci\u00f3n y distribuci\u00f3n de maquinaria industrial, selladoras de latas, Maquinas de hacer pastillas, Maquinas de cortar carne...\",\"publisher\":{\"@id\":\"https:\/\/www.distribucionarc.com\/de\/#organization\"},\"potentialAction\":[{\"@type\":\"SearchAction\",\"target\":{\"@type\":\"EntryPoint\",\"urlTemplate\":\"https:\/\/www.distribucionarc.com\/de\/?s={search_term_string}\"},\"query-input\":{\"@type\":\"PropertyValueSpecification\",\"valueRequired\":true,\"valueName\":\"search_term_string\"}}],\"inLanguage\":\"sl-SI\"},{\"@type\":\"Organization\",\"@id\":\"https:\/\/www.distribucionarc.com\/de\/#organization\",\"name\":\"Distribuci\u00f3n ARC\",\"url\":\"https:\/\/www.distribucionarc.com\/de\/\",\"logo\":{\"@type\":\"ImageObject\",\"inLanguage\":\"sl-SI\",\"@id\":\"https:\/\/www.distribucionarc.com\/de\/#\/schema\/logo\/image\/\",\"url\":\"https:\/\/distribucionarc.com\/wp-content\/uploads\/2024\/10\/distribucion-ARC-COLOR-SIN-FONDO-e1732295305345.png\",\"contentUrl\":\"https:\/\/distribucionarc.com\/wp-content\/uploads\/2024\/10\/distribucion-ARC-COLOR-SIN-FONDO-e1732295305345.png\",\"width\":1164,\"height\":558,\"caption\":\"Distribuci\u00f3n ARC\"},\"image\":{\"@id\":\"https:\/\/www.distribucionarc.com\/de\/#\/schema\/logo\/image\/\"},\"description\":\"Empresa especializada en la fabricaci\u00f3n y distribuci\u00f3n de maquinaria industrial para los sectores alimentario y farmac\u00e9utico. Nos especializamos en: M\u00e1quinas de cortar carne Fabricaci\u00f3n de comprimidos Sistemas de transporte industrial L\u00edneas de embotellado Dosificadores Y mucho m\u00e1s... Ofrecemos soluciones innovadoras y personalizadas para optimizar los procesos productivos de tu empresa.\",\"email\":\"Admistracion@distribucionarc.com\",\"telephone\":\"+34 643496664\",\"legalName\":\"ARC TECH SOLUTIONS\",\"foundingDate\":\"2024-04-09\",\"vatID\":\"B55480172\",\"numberOfEmployees\":{\"@type\":\"QuantitativeValue\",\"minValue\":\"1\",\"maxValue\":\"10\"}}]}<\/script>\n<!-- \/ Yoast SEO Premium plugin. -->","yoast_head_json":{"title":"Elektri\u010dni tiskalnik embala\u017ee, tiskanje etiket - ARC distribucija","robots":{"index":"index","follow":"follow","max-snippet":"max-snippet:-1","max-image-preview":"max-image-preview:large","max-video-preview":"max-video-preview:-1"},"canonical":"https:\/\/www.distribucionarc.com\/producto\/impresora-para-envases-electrica-etiquetadora-de-impresion\/","og_locale":"sl_SI","og_type":"article","og_title":"Impresora para envases el\u00e9ctrica, etiquetadora de impresi\u00f3n","og_description":"Impresora para envases el\u00e9ctrica, etiquetadora de impresi\u00f3n La impresora de almohadilla el\u00e9ctrica ARC se utiliza para imprimir las marcas comerciales o fechas de vencimiento, n\u00famero de lote, letrero o logotipo en botellas, papeles, vasos o cajas de la mayor\u00eda de los tipos de materiales, como pl\u00e1stico o metal. Adem\u00e1s, esta serie de m\u00e1quinas de impresi\u00f3n de c\u00f3digos es adecuada para imprimir la fecha de exportaci\u00f3n, la fecha v\u00e1lida, n\u00fameros \u00fanicos y fotos, con alta velocidad de impresi\u00f3n, forma de letra atractiva y limpia. Garant\u00eda\u00a0ARC 2 A\u00d1OS soporte t\u00e9cnico incluido","og_url":"https:\/\/www.distribucionarc.com\/producto\/impresora-para-envases-electrica-etiquetadora-de-impresion\/","og_site_name":"distribuci\u00f3n ARC","article_modified_time":"2020-10-01T11:24:27+00:00","og_image":[{"width":1600,"height":1600,"url":"https:\/\/distribucionarc.com\/wp-content\/uploads\/2020\/08\/Impresora-para-envases-el\u00e9ctrica-etiquetadora-de-impresi\u00f3n-0.jpg","type":"image\/jpeg"}],"twitter_card":"summary_large_image","twitter_misc":{"Est. reading time":"1 minuta"},"schema":{"@context":"https:\/\/schema.org","@graph":[{"@type":"WebPage","@id":"https:\/\/www.distribucionarc.com\/producto\/impresora-para-envases-electrica-etiquetadora-de-impresion\/","url":"https:\/\/www.distribucionarc.com\/producto\/impresora-para-envases-electrica-etiquetadora-de-impresion\/","name":"Elektri\u010dni tiskalnik embala\u017ee, tiskanje etiket - ARC distribucija","isPartOf":{"@id":"https:\/\/www.distribucionarc.com\/de\/#website"},"primaryImageOfPage":{"@id":"https:\/\/www.distribucionarc.com\/producto\/impresora-para-envases-electrica-etiquetadora-de-impresion\/#primaryimage"},"image":{"@id":"https:\/\/www.distribucionarc.com\/producto\/impresora-para-envases-electrica-etiquetadora-de-impresion\/#primaryimage"},"thumbnailUrl":"https:\/\/distribucionarc.com\/wp-content\/uploads\/2020\/08\/Impresora-para-envases-el\u00e9ctrica-etiquetadora-de-impresi\u00f3n-0.jpg","datePublished":"2020-08-25T14:48:58+00:00","dateModified":"2020-10-01T11:24:27+00:00","breadcrumb":{"@id":"https:\/\/www.distribucionarc.com\/producto\/impresora-para-envases-electrica-etiquetadora-de-impresion\/#breadcrumb"},"inLanguage":"sl-SI","potentialAction":[{"@type":"ReadAction","target":["https:\/\/www.distribucionarc.com\/producto\/impresora-para-envases-electrica-etiquetadora-de-impresion\/"]}]},{"@type":"ImageObject","inLanguage":"sl-SI","@id":"https:\/\/www.distribucionarc.com\/producto\/impresora-para-envases-electrica-etiquetadora-de-impresion\/#primaryimage","url":"https:\/\/distribucionarc.com\/wp-content\/uploads\/2020\/08\/Impresora-para-envases-el\u00e9ctrica-etiquetadora-de-impresi\u00f3n-0.jpg","contentUrl":"https:\/\/distribucionarc.com\/wp-content\/uploads\/2020\/08\/Impresora-para-envases-el\u00e9ctrica-etiquetadora-de-impresi\u00f3n-0.jpg","width":1600,"height":1600,"caption":"Impresora para envases el\u00e9ctrica, etiquetadora de impresi\u00f3n"},{"@type":"BreadcrumbList","@id":"https:\/\/www.distribucionarc.com\/producto\/impresora-para-envases-electrica-etiquetadora-de-impresion\/#breadcrumb","itemListElement":[{"@type":"ListItem","position":1,"name":"Portada","item":"https:\/\/www.distribucionarc.com\/en\/"},{"@type":"ListItem","position":2,"name":"Products","item":"https:\/\/www.distribucionarc.com\/en\/shop\/"},{"@type":"ListItem","position":3,"name":"Impresora para envases el\u00e9ctrica, etiquetadora de impresi\u00f3n"}]},{"@type":"WebSite","@id":"https:\/\/www.distribucionarc.com\/de\/#website","url":"https:\/\/www.distribucionarc.com\/de\/","name":"ARC porazdelitev","description":"Podjetje je specializirano za proizvodnjo in distribucijo industrijskih strojev, strojev za zapiranje plo\u010devink, strojev za izdelavo tablet, strojev za rezanje mesa...","publisher":{"@id":"https:\/\/www.distribucionarc.com\/de\/#organization"},"potentialAction":[{"@type":"SearchAction","target":{"@type":"EntryPoint","urlTemplate":"https:\/\/www.distribucionarc.com\/de\/?s={search_term_string}"},"query-input":{"@type":"PropertyValueSpecification","valueRequired":true,"valueName":"search_term_string"}}],"inLanguage":"sl-SI"},{"@type":"Organization","@id":"https:\/\/www.distribucionarc.com\/de\/#organization","name":"Distribucija ARC","url":"https:\/\/www.distribucionarc.com\/de\/","logo":{"@type":"ImageObject","inLanguage":"sl-SI","@id":"https:\/\/www.distribucionarc.com\/de\/#\/schema\/logo\/image\/","url":"https:\/\/distribucionarc.com\/wp-content\/uploads\/2024\/10\/distribucion-ARC-COLOR-SIN-FONDO-e1732295305345.png","contentUrl":"https:\/\/distribucionarc.com\/wp-content\/uploads\/2024\/10\/distribucion-ARC-COLOR-SIN-FONDO-e1732295305345.png","width":1164,"height":558,"caption":"Distribuci\u00f3n ARC"},"image":{"@id":"https:\/\/www.distribucionarc.com\/de\/#\/schema\/logo\/image\/"},"description":"Podjetje, specializirano za proizvodnjo in distribucijo industrijskih strojev za \u017eivilski in farmacevtski sektor. Specializirani smo za: Stroji za rezanje mesa Proizvodnja tablet Industrijski transportni sistemi Stekleni\u010darske linije Dozirni stroji In \u0161e veliko ve\u010d... Ponujamo inovativne in prilagojene re\u0161itve za optimizacijo proizvodnih procesov va\u0161ega podjetja.","email":"Admistracion@distribucionarc.com","telephone":"+34 643496664","legalName":"ARC TECH SOLUTIONS","foundingDate":"2024-04-09","vatID":"B55480172","numberOfEmployees":{"@type":"QuantitativeValue","minValue":"1","maxValue":"10"}}]}},"_links":{"self":[{"href":"https:\/\/distribucionarc.com\/sl\/wp-json\/wp\/v2\/product\/2907","targetHints":{"allow":["GET"]}}],"collection":[{"href":"https:\/\/distribucionarc.com\/sl\/wp-json\/wp\/v2\/product"}],"about":[{"href":"https:\/\/distribucionarc.com\/sl\/wp-json\/wp\/v2\/types\/product"}],"replies":[{"embeddable":true,"href":"https:\/\/distribucionarc.com\/sl\/wp-json\/wp\/v2\/comments?post=2907"}],"version-history":[{"count":0,"href":"https:\/\/distribucionarc.com\/sl\/wp-json\/wp\/v2\/product\/2907\/revisions"}],"wp:featuredmedia":[{"embeddable":true,"href":"https:\/\/distribucionarc.com\/sl\/wp-json\/wp\/v2\/media\/2908"}],"wp:attachment":[{"href":"https:\/\/distribucionarc.com\/sl\/wp-json\/wp\/v2\/media?parent=2907"}],"wp:term":[{"taxonomy":"product_brand","embeddable":true,"href":"https:\/\/distribucionarc.com\/sl\/wp-json\/wp\/v2\/product_brand?post=2907"},{"taxonomy":"product_cat","embeddable":true,"href":"https:\/\/distribucionarc.com\/sl\/wp-json\/wp\/v2\/product_cat?post=2907"},{"taxonomy":"product_tag","embeddable":true,"href":"https:\/\/distribucionarc.com\/sl\/wp-json\/wp\/v2\/product_tag?post=2907"}],"curies":[{"name":"delovni list","href":"https:\/\/api.w.org\/{rel}","templated":true}]}}