{"id":2933,"date":"2020-08-27T09:04:27","date_gmt":"2020-08-27T09:04:27","guid":{"rendered":"https:\/\/distribucionarc.com\/?post_type=product&#038;p=2933"},"modified":"2020-10-01T11:29:47","modified_gmt":"2020-10-01T11:29:47","slug":"stevec-racunov-detektor-laznih-racunov-1000x-min","status":"publish","type":"product","link":"https:\/\/distribucionarc.com\/sl\/producto\/contador-de-billetes-detector-de-billetes-falsos-1000x-min\/","title":{"rendered":"\u0160tevec ra\u010dunov, detektor ponarejenih bankovcev 1000x\/min"},"content":{"rendered":"<h3>\u0160tevec ra\u010dunov, detektor ponarejenih bankovcev 1000x\/min<\/h3>\n<p>On\u00a0<strong>sortirnik ra\u010dunov <span style=\"color: #ff0000;\">TO<\/span><span style=\"color: #0000ff;\">R<\/span>c<\/strong>\u00a0 Prihranili boste \u010das s \u0161tetjem vsakega bankovca iste vrednosti s prikazom skupnega \u0161tevila vsakega posebej na digitalnem zaslonu. Poleg svojih metod <strong>preverjanje ponarejenih bankovcev<\/strong> UV in MG.<\/p>\n<p>On <strong>avtomatski \u0161tevec <span style=\"color: #ff0000;\">TO<\/span><span style=\"color: #0000ff;\">R<\/span>CMCB1M<\/strong> zna pre\u0161teti <strong>1000 bankovcev na minuto<\/strong>, vam to zagotavlja hiter in u\u010dinkovit stroj. Funkcija paketa: \u0161tetje se ustavi, ko je dose\u017eeno \u017eeleno \u0161tevilo. Ima izbirni drugi zunanji zaslon, ki omogo\u010da tudi preverjanje s strani stranke<\/p>\n<h6><b>Garancija<\/b><strong>\u00a0<\/strong><span style=\"color: #ff0000;\"><strong>TO<\/strong><\/span><span style=\"color: #0000ff;\"><strong>R<\/strong><\/span><strong>C 2 LETI<\/strong><\/h6>\n<h6><span style=\"color: #008000;\">Stroj<b> U\u010dinkovito \u0161tetje, nizka poraba &lt;65 W<\/b><\/span><\/h6>\n<h6><b>vklju\u010dena tehni\u010dna podpora.<\/b><\/h6>\n<p>&nbsp;<\/p>\n<p>&nbsp;<\/p>\n<table width=\"100%\">\n<tbody>\n<tr>\n<td>Znamka:<\/td>\n<td width=\"32%\">ARC<\/td>\n<td>Te\u017ea:<\/td>\n<td width=\"30%\">7 kg<\/td>\n<\/tr>\n<tr>\n<td>Dr\u017eava distribucije:<\/td>\n<td width=\"32%\">\u0160panija, Nem\u010dija, ZDA<\/td>\n<td>Vi\u0161ina:<\/td>\n<td width=\"30%\">17 cm<\/td>\n<\/tr>\n<tr>\n<td>barva:<\/td>\n<td width=\"32%\">Bela<\/td>\n<td>dolgo:<\/td>\n<td width=\"30%\">23,5 cm<\/td>\n<\/tr>\n<tr>\n<td>Vrsta izdelka:<\/td>\n<td width=\"32%\">\u0160tevec ra\u010dunov<\/td>\n<td>\u0160iroko:<\/td>\n<td width=\"30%\">26 cm<\/td>\n<\/tr>\n<tr>\n<td>\u0160tevilka proizvajalca:<\/td>\n<td width=\"32%\">ARCMCB1M<\/td>\n<td>Hitrost \u0161tetja:<\/td>\n<td width=\"30%\">1000 na minuto<\/td>\n<\/tr>\n<tr>\n<td>\u00a0Garancija:<\/td>\n<td width=\"32%\">\u00a02 LETI<\/td>\n<td>Sistemi preverjanja:<\/td>\n<td width=\"30%\">UV in MG<\/td>\n<\/tr>\n<tr>\n<td>mo\u010d:<\/td>\n<td width=\"32%\">&lt;65 W<\/td>\n<td>Funkcija:<\/td>\n<td width=\"30%\">\u00a0Izdelate lahko pakete ra\u010dunov po vrednosti, ki jo \u017eelite<\/td>\n<\/tr>\n<\/tbody>\n<\/table>\n<h6><\/h6>","protected":false},"excerpt":{"rendered":"<h2>\u0160tevec ra\u010dunov, detektor ponarejenih bankovcev 1000x\/min<\/h2>\n<p>On<strong> \u0161tevec ra\u010dunov <span style=\"color: #ff0000;\">TO<\/span><span style=\"color: #0000ff;\">R<\/span>c<\/strong> Lahko samodejno pre\u0161teje bankovce, poleg tega pa prepozna ponarejene bankovce tako, da na digitalnem zaslonu prika\u017ee, kateri je. Enostavnost dela in varnost, ki jo ponuja ta <strong>detektor<\/strong> zahvaljujo\u010d va\u0161emu <span style=\"color: #333399;\"><strong>UV \u017earki<\/strong><\/span> Zagotavljajo vam hiter stroj, ki bo zlahka pre\u0161tel \u0161tevilo bankovcev.<\/p>\n<h6><b>Garancija<\/b><strong>\u00a0<\/strong><span style=\"color: #ff0000;\"><strong>TO<\/strong><\/span><span style=\"color: #0000ff;\"><strong>R<\/strong><\/span><strong>C 2 LETI<\/strong><\/h6>\n<h6><span style=\"color: #008000;\">Stroj<b> U\u010dinkovito \u0161tetje, nizka poraba &lt;65 W<\/b><\/span><\/h6>\n<h6><b>vklju\u010dena tehni\u010dna podpora.<\/b><\/h6>","protected":false},"featured_media":2937,"comment_status":"open","ping_status":"closed","template":"","meta":{"wds_primary_product_brand":0,"wds_primary_product_cat":0},"product_brand":[],"product_cat":[69],"product_tag":[],"class_list":{"0":"post-2933","1":"product","2":"type-product","3":"status-publish","4":"has-post-thumbnail","6":"product_cat-maquinas-variadas","7":"product_shipping_class-hosteleria","9":"first","10":"instock","11":"sale","12":"taxable","13":"shipping-taxable","14":"purchasable","15":"product-type-simple"},"yoast_head":"<!-- This site is optimized with the Yoast SEO Premium plugin v24.9 (Yoast SEO v26.1) - https:\/\/yoast.com\/wordpress\/plugins\/seo\/ -->\n<title>Contador de billetes, detector de billetes falsos 1000x\/min - distribuci\u00f3n ARC<\/title>\n<meta name=\"robots\" content=\"index, follow, max-snippet:-1, max-image-preview:large, max-video-preview:-1\" \/>\n<link rel=\"canonical\" href=\"https:\/\/www.distribucionarc.com\/ar\/producto\/contador-de-billetes-detector-de-billetes-falsos-1000x-min\/\" \/>\n<meta property=\"og:locale\" content=\"sl_SI\" \/>\n<meta property=\"og:type\" content=\"article\" \/>\n<meta property=\"og:title\" content=\"Contador de billetes, detector de billetes falsos 1000x\/min\" \/>\n<meta property=\"og:description\" content=\"Contador de billetes, detector de billetes falsos 1000x\/min El contador de billetes ARC puede contar autom\u00e1ticamente billetes, adem\u00e1s de identificar los billetes falsos indicando cual es en la pantalla digital. La simplicidad de trabajo y seguridad que ofrece este detector gracias a sus rayos UV le aseguran una m\u00e1quina r\u00e1pida que contar\u00e1 f\u00e1cilmente el n\u00famero de billetes. Garant\u00eda\u00a0ARC 2 A\u00d1OS M\u00e1quina de conteo eficiente, bajo consumo &lt;65 W soporte t\u00e9cnico incluido.\" \/>\n<meta property=\"og:url\" content=\"https:\/\/www.distribucionarc.com\/ar\/producto\/contador-de-billetes-detector-de-billetes-falsos-1000x-min\/\" \/>\n<meta property=\"og:site_name\" content=\"distribuci\u00f3n ARC\" \/>\n<meta property=\"article:modified_time\" content=\"2020-10-01T11:29:47+00:00\" \/>\n<meta property=\"og:image\" content=\"https:\/\/www.distribucionarc.com\/wp-content\/uploads\/2020\/08\/Contador-de-billetes-detector-de-billetes-falsos-1000xmin-2.jpg\" \/>\n\t<meta property=\"og:image:width\" content=\"1443\" \/>\n\t<meta property=\"og:image:height\" content=\"1011\" \/>\n\t<meta property=\"og:image:type\" content=\"image\/jpeg\" \/>\n<meta name=\"twitter:card\" content=\"summary_large_image\" \/>\n<meta name=\"twitter:label1\" content=\"Est. reading time\" \/>\n\t<meta name=\"twitter:data1\" content=\"1 minuta\" \/>\n<script type=\"application\/ld+json\" class=\"yoast-schema-graph\">{\"@context\":\"https:\/\/schema.org\",\"@graph\":[{\"@type\":\"WebPage\",\"@id\":\"https:\/\/www.distribucionarc.com\/ar\/producto\/contador-de-billetes-detector-de-billetes-falsos-1000x-min\/\",\"url\":\"https:\/\/www.distribucionarc.com\/ar\/producto\/contador-de-billetes-detector-de-billetes-falsos-1000x-min\/\",\"name\":\"Contador de billetes, detector de billetes falsos 1000x\/min - distribuci\u00f3n ARC\",\"isPartOf\":{\"@id\":\"https:\/\/distribucionarc.com\/sk\/#website\"},\"primaryImageOfPage\":{\"@id\":\"https:\/\/www.distribucionarc.com\/ar\/producto\/contador-de-billetes-detector-de-billetes-falsos-1000x-min\/#primaryimage\"},\"image\":{\"@id\":\"https:\/\/www.distribucionarc.com\/ar\/producto\/contador-de-billetes-detector-de-billetes-falsos-1000x-min\/#primaryimage\"},\"thumbnailUrl\":\"https:\/\/distribucionarc.com\/wp-content\/uploads\/2020\/08\/Contador-de-billetes-detector-de-billetes-falsos-1000xmin-2.jpg\",\"datePublished\":\"2020-08-27T09:04:27+00:00\",\"dateModified\":\"2020-10-01T11:29:47+00:00\",\"breadcrumb\":{\"@id\":\"https:\/\/www.distribucionarc.com\/ar\/producto\/contador-de-billetes-detector-de-billetes-falsos-1000x-min\/#breadcrumb\"},\"inLanguage\":\"sl-SI\",\"potentialAction\":[{\"@type\":\"ReadAction\",\"target\":[\"https:\/\/www.distribucionarc.com\/ar\/producto\/contador-de-billetes-detector-de-billetes-falsos-1000x-min\/\"]}]},{\"@type\":\"ImageObject\",\"inLanguage\":\"sl-SI\",\"@id\":\"https:\/\/www.distribucionarc.com\/ar\/producto\/contador-de-billetes-detector-de-billetes-falsos-1000x-min\/#primaryimage\",\"url\":\"https:\/\/distribucionarc.com\/wp-content\/uploads\/2020\/08\/Contador-de-billetes-detector-de-billetes-falsos-1000xmin-2.jpg\",\"contentUrl\":\"https:\/\/distribucionarc.com\/wp-content\/uploads\/2020\/08\/Contador-de-billetes-detector-de-billetes-falsos-1000xmin-2.jpg\",\"width\":1443,\"height\":1011,\"caption\":\"Contador de billetes, detector de billetes falsos 1000x\/min\"},{\"@type\":\"BreadcrumbList\",\"@id\":\"https:\/\/www.distribucionarc.com\/ar\/producto\/contador-de-billetes-detector-de-billetes-falsos-1000x-min\/#breadcrumb\",\"itemListElement\":[{\"@type\":\"ListItem\",\"position\":1,\"name\":\"Portada\",\"item\":\"https:\/\/distribucionarc.com\/ro\/\"},{\"@type\":\"ListItem\",\"position\":2,\"name\":\"Produse\",\"item\":\"https:\/\/distribucionarc.com\/ro\/magazin\/\"},{\"@type\":\"ListItem\",\"position\":3,\"name\":\"Contador de billetes, detector de billetes falsos 1000x\/min\"}]},{\"@type\":\"WebSite\",\"@id\":\"https:\/\/distribucionarc.com\/sk\/#website\",\"url\":\"https:\/\/distribucionarc.com\/sk\/\",\"name\":\"distribuci\u00f3n ARC\",\"description\":\"Empresa especializada en la fabricaci\u00f3n y distribuci\u00f3n de maquinaria industrial, selladoras de latas, Maquinas de hacer pastillas, Maquinas de cortar carne...\",\"publisher\":{\"@id\":\"https:\/\/distribucionarc.com\/sk\/#organization\"},\"potentialAction\":[{\"@type\":\"SearchAction\",\"target\":{\"@type\":\"EntryPoint\",\"urlTemplate\":\"https:\/\/distribucionarc.com\/sk\/?s={search_term_string}\"},\"query-input\":{\"@type\":\"PropertyValueSpecification\",\"valueRequired\":true,\"valueName\":\"search_term_string\"}}],\"inLanguage\":\"sl-SI\"},{\"@type\":\"Organization\",\"@id\":\"https:\/\/distribucionarc.com\/sk\/#organization\",\"name\":\"Distribuci\u00f3n ARC\",\"url\":\"https:\/\/distribucionarc.com\/sk\/\",\"logo\":{\"@type\":\"ImageObject\",\"inLanguage\":\"sl-SI\",\"@id\":\"https:\/\/distribucionarc.com\/sk\/#\/schema\/logo\/image\/\",\"url\":\"https:\/\/distribucionarc.com\/wp-content\/uploads\/2024\/10\/distribucion-ARC-COLOR-SIN-FONDO-e1732295305345.png\",\"contentUrl\":\"https:\/\/distribucionarc.com\/wp-content\/uploads\/2024\/10\/distribucion-ARC-COLOR-SIN-FONDO-e1732295305345.png\",\"width\":1164,\"height\":558,\"caption\":\"Distribuci\u00f3n ARC\"},\"image\":{\"@id\":\"https:\/\/distribucionarc.com\/sk\/#\/schema\/logo\/image\/\"},\"description\":\"Empresa especializada en la fabricaci\u00f3n y distribuci\u00f3n de maquinaria industrial para los sectores alimentario y farmac\u00e9utico. Nos especializamos en: M\u00e1quinas de cortar carne Fabricaci\u00f3n de comprimidos Sistemas de transporte industrial L\u00edneas de embotellado Dosificadores Y mucho m\u00e1s... Ofrecemos soluciones innovadoras y personalizadas para optimizar los procesos productivos de tu empresa.\",\"email\":\"Admistracion@distribucionarc.com\",\"telephone\":\"+34 643496664\",\"legalName\":\"ARC TECH SOLUTIONS\",\"foundingDate\":\"2024-04-09\",\"vatID\":\"B55480172\",\"numberOfEmployees\":{\"@type\":\"QuantitativeValue\",\"minValue\":\"1\",\"maxValue\":\"10\"}}]}<\/script>\n<!-- \/ Yoast SEO Premium plugin. -->","yoast_head_json":{"title":"\u0160tevec ra\u010dunov, detektor ponarejenih bankovcev 1000x\/min - distribucija ARC","robots":{"index":"index","follow":"follow","max-snippet":"max-snippet:-1","max-image-preview":"max-image-preview:large","max-video-preview":"max-video-preview:-1"},"canonical":"https:\/\/www.distribucionarc.com\/ar\/producto\/contador-de-billetes-detector-de-billetes-falsos-1000x-min\/","og_locale":"sl_SI","og_type":"article","og_title":"Contador de billetes, detector de billetes falsos 1000x\/min","og_description":"Contador de billetes, detector de billetes falsos 1000x\/min El contador de billetes ARC puede contar autom\u00e1ticamente billetes, adem\u00e1s de identificar los billetes falsos indicando cual es en la pantalla digital. La simplicidad de trabajo y seguridad que ofrece este detector gracias a sus rayos UV le aseguran una m\u00e1quina r\u00e1pida que contar\u00e1 f\u00e1cilmente el n\u00famero de billetes. Garant\u00eda\u00a0ARC 2 A\u00d1OS M\u00e1quina de conteo eficiente, bajo consumo &lt;65 W soporte t\u00e9cnico incluido.","og_url":"https:\/\/www.distribucionarc.com\/ar\/producto\/contador-de-billetes-detector-de-billetes-falsos-1000x-min\/","og_site_name":"distribuci\u00f3n ARC","article_modified_time":"2020-10-01T11:29:47+00:00","og_image":[{"width":1443,"height":1011,"url":"https:\/\/www.distribucionarc.com\/wp-content\/uploads\/2020\/08\/Contador-de-billetes-detector-de-billetes-falsos-1000xmin-2.jpg","type":"image\/jpeg"}],"twitter_card":"summary_large_image","twitter_misc":{"Est. reading time":"1 minuta"},"schema":{"@context":"https:\/\/schema.org","@graph":[{"@type":"WebPage","@id":"https:\/\/www.distribucionarc.com\/ar\/producto\/contador-de-billetes-detector-de-billetes-falsos-1000x-min\/","url":"https:\/\/www.distribucionarc.com\/ar\/producto\/contador-de-billetes-detector-de-billetes-falsos-1000x-min\/","name":"\u0160tevec ra\u010dunov, detektor ponarejenih bankovcev 1000x\/min - distribucija ARC","isPartOf":{"@id":"https:\/\/distribucionarc.com\/sk\/#website"},"primaryImageOfPage":{"@id":"https:\/\/www.distribucionarc.com\/ar\/producto\/contador-de-billetes-detector-de-billetes-falsos-1000x-min\/#primaryimage"},"image":{"@id":"https:\/\/www.distribucionarc.com\/ar\/producto\/contador-de-billetes-detector-de-billetes-falsos-1000x-min\/#primaryimage"},"thumbnailUrl":"https:\/\/distribucionarc.com\/wp-content\/uploads\/2020\/08\/Contador-de-billetes-detector-de-billetes-falsos-1000xmin-2.jpg","datePublished":"2020-08-27T09:04:27+00:00","dateModified":"2020-10-01T11:29:47+00:00","breadcrumb":{"@id":"https:\/\/www.distribucionarc.com\/ar\/producto\/contador-de-billetes-detector-de-billetes-falsos-1000x-min\/#breadcrumb"},"inLanguage":"sl-SI","potentialAction":[{"@type":"ReadAction","target":["https:\/\/www.distribucionarc.com\/ar\/producto\/contador-de-billetes-detector-de-billetes-falsos-1000x-min\/"]}]},{"@type":"ImageObject","inLanguage":"sl-SI","@id":"https:\/\/www.distribucionarc.com\/ar\/producto\/contador-de-billetes-detector-de-billetes-falsos-1000x-min\/#primaryimage","url":"https:\/\/distribucionarc.com\/wp-content\/uploads\/2020\/08\/Contador-de-billetes-detector-de-billetes-falsos-1000xmin-2.jpg","contentUrl":"https:\/\/distribucionarc.com\/wp-content\/uploads\/2020\/08\/Contador-de-billetes-detector-de-billetes-falsos-1000xmin-2.jpg","width":1443,"height":1011,"caption":"Contador de billetes, detector de billetes falsos 1000x\/min"},{"@type":"BreadcrumbList","@id":"https:\/\/www.distribucionarc.com\/ar\/producto\/contador-de-billetes-detector-de-billetes-falsos-1000x-min\/#breadcrumb","itemListElement":[{"@type":"ListItem","position":1,"name":"Portada","item":"https:\/\/distribucionarc.com\/ro\/"},{"@type":"ListItem","position":2,"name":"Produse","item":"https:\/\/distribucionarc.com\/ro\/magazin\/"},{"@type":"ListItem","position":3,"name":"Contador de billetes, detector de billetes falsos 1000x\/min"}]},{"@type":"WebSite","@id":"https:\/\/distribucionarc.com\/sk\/#website","url":"https:\/\/distribucionarc.com\/sk\/","name":"ARC porazdelitev","description":"Podjetje je specializirano za proizvodnjo in distribucijo industrijskih strojev, strojev za zapiranje plo\u010devink, strojev za izdelavo tablet, strojev za rezanje mesa...","publisher":{"@id":"https:\/\/distribucionarc.com\/sk\/#organization"},"potentialAction":[{"@type":"SearchAction","target":{"@type":"EntryPoint","urlTemplate":"https:\/\/distribucionarc.com\/sk\/?s={search_term_string}"},"query-input":{"@type":"PropertyValueSpecification","valueRequired":true,"valueName":"search_term_string"}}],"inLanguage":"sl-SI"},{"@type":"Organization","@id":"https:\/\/distribucionarc.com\/sk\/#organization","name":"Distribucija ARC","url":"https:\/\/distribucionarc.com\/sk\/","logo":{"@type":"ImageObject","inLanguage":"sl-SI","@id":"https:\/\/distribucionarc.com\/sk\/#\/schema\/logo\/image\/","url":"https:\/\/distribucionarc.com\/wp-content\/uploads\/2024\/10\/distribucion-ARC-COLOR-SIN-FONDO-e1732295305345.png","contentUrl":"https:\/\/distribucionarc.com\/wp-content\/uploads\/2024\/10\/distribucion-ARC-COLOR-SIN-FONDO-e1732295305345.png","width":1164,"height":558,"caption":"Distribuci\u00f3n ARC"},"image":{"@id":"https:\/\/distribucionarc.com\/sk\/#\/schema\/logo\/image\/"},"description":"Podjetje, specializirano za proizvodnjo in distribucijo industrijskih strojev za \u017eivilski in farmacevtski sektor. Specializirani smo za: Stroji za rezanje mesa Proizvodnja tablet Industrijski transportni sistemi Stekleni\u010darske linije Dozirni stroji In \u0161e veliko ve\u010d... Ponujamo inovativne in prilagojene re\u0161itve za optimizacijo proizvodnih procesov va\u0161ega podjetja.","email":"Admistracion@distribucionarc.com","telephone":"+34 643496664","legalName":"ARC TECH SOLUTIONS","foundingDate":"2024-04-09","vatID":"B55480172","numberOfEmployees":{"@type":"QuantitativeValue","minValue":"1","maxValue":"10"}}]}},"_links":{"self":[{"href":"https:\/\/distribucionarc.com\/sl\/wp-json\/wp\/v2\/product\/2933","targetHints":{"allow":["GET"]}}],"collection":[{"href":"https:\/\/distribucionarc.com\/sl\/wp-json\/wp\/v2\/product"}],"about":[{"href":"https:\/\/distribucionarc.com\/sl\/wp-json\/wp\/v2\/types\/product"}],"replies":[{"embeddable":true,"href":"https:\/\/distribucionarc.com\/sl\/wp-json\/wp\/v2\/comments?post=2933"}],"version-history":[{"count":0,"href":"https:\/\/distribucionarc.com\/sl\/wp-json\/wp\/v2\/product\/2933\/revisions"}],"wp:featuredmedia":[{"embeddable":true,"href":"https:\/\/distribucionarc.com\/sl\/wp-json\/wp\/v2\/media\/2937"}],"wp:attachment":[{"href":"https:\/\/distribucionarc.com\/sl\/wp-json\/wp\/v2\/media?parent=2933"}],"wp:term":[{"taxonomy":"product_brand","embeddable":true,"href":"https:\/\/distribucionarc.com\/sl\/wp-json\/wp\/v2\/product_brand?post=2933"},{"taxonomy":"product_cat","embeddable":true,"href":"https:\/\/distribucionarc.com\/sl\/wp-json\/wp\/v2\/product_cat?post=2933"},{"taxonomy":"product_tag","embeddable":true,"href":"https:\/\/distribucionarc.com\/sl\/wp-json\/wp\/v2\/product_tag?post=2933"}],"curies":[{"name":"delovni list","href":"https:\/\/api.w.org\/{rel}","templated":true}]}}