{"id":3105,"date":"2020-09-21T16:13:03","date_gmt":"2020-09-21T16:13:03","guid":{"rendered":"https:\/\/distribucionarc.com\/?post_type=product&#038;p=3105"},"modified":"2020-10-01T13:58:18","modified_gmt":"2020-10-01T13:58:18","slug":"profesionalni-mesalnik-mesalnik-z-visokimi-vrtljaji","status":"publish","type":"product","link":"https:\/\/distribucionarc.com\/sl\/producto\/batidora-licuadora-profesional-de-altas-revoluciones\/","title":{"rendered":"Blender, profesionalni me\u0161alnik visoke hitrosti\u00a0"},"content":{"rendered":"<h3>Blender, profesionalni me\u0161alnik visoke hitrosti<\/h3>\n<p>to <strong>tihi me\u0161alnik <span style=\"color: #ff0000;\">TO<\/span><span style=\"color: #0000ff;\">R<\/span>c<\/strong> ima poseben akusti\u010dni \u0161\u010dit, ki vam omogo\u010da upravljanje <strong>komercialni me\u0161alnik<\/strong> pri zelo nizki glasnosti med 75-95 dB. Ima varnostni sistem, ki deluje le, ko je zaprt.<\/p>\n<p>Kozarec za me\u0161anje <strong>tihi me\u0161alnik<\/strong> <strong><span style=\"color: #ff0000;\">TO<\/span><span style=\"color: #0000ff;\">R<\/span>CLBS15<\/strong> Ima veliko prostornino 1,5 L in je izdelan iz PC materiala primernega za hrano. Opremljen s \u0161tirimi tridimenzionalnimi rezili za hrano (notranje rezilo + zunanje rezilo). Z lahkoto zdrobi zamrznjeno ka\u0161o, led, trdo sadje, \u017eitarice. Prilo\u017een je dodaten par rezil.<\/p>\n<p>Preverite <strong>tihi me\u0161alnik<\/strong> s \u0161tirimi razli\u010dnimi \u010dasovnimi nastavitvami in prilagodljivo nastavitvijo hitrosti.  Lo\u010den pokrov posode je priro\u010den za hranjenje in prepre\u010duje prelivanje. Zmogljiv motor iz \u010distega bakra zagotavlja a <strong>visoka hitrost vrtenja<\/strong> 4400-20000 RPM, z malo hrupa. Poraba elektri\u010dne energije zna\u0161a samo 1350 vatov.<\/p>\n<h6><strong>Garancija\u00a0<span style=\"color: #ff0000;\">TO<\/span><span style=\"color: #0000ff;\">R<\/span>C 2 LETI<\/strong><\/h6>\n<h6><span style=\"color: #008000;\">U\u010dinkovit elektri\u010dni mlin\u010dek, nizka poraba 1350w<\/span><\/h6>\n<h6><strong>vklju\u010dena tehni\u010dna podpora<\/strong><\/h6>\n<p>&nbsp;<\/p>\n<p>&nbsp;<\/p>\n<table role=\"presentation\" width=\"100%\" cellspacing=\"0\" cellpadding=\"0\">\n<tbody>\n<tr>\n<td class=\"attrLabels\">Znamka:<\/td>\n<td width=\"50.0%\">ARC<\/td>\n<\/tr>\n<tr>\n<td class=\"attrLabels\">Dr\u017eava distribucije:<\/td>\n<td width=\"50.0%\">\u0160panija, Nem\u010dija, ZDA<\/td>\n<td class=\"attrLabels\">Te\u017ea:<\/td>\n<td width=\"50.0%\">8 kg<\/td>\n<\/tr>\n<tr>\n<td class=\"attrLabels\">Znamka:<\/td>\n<td width=\"50.0%\">ARC<\/td>\n<td class=\"attrLabels\">Vi\u0161ina:<\/td>\n<td width=\"50.0%\">48,2 cm<\/td>\n<\/tr>\n<tr>\n<td class=\"attrLabels\">barva:<\/td>\n<td width=\"50.0%\">srebrna, \u010drna<\/td>\n<td class=\"attrLabels\">dolgo:<\/td>\n<td width=\"50.0%\">22,8 cm<\/td>\n<\/tr>\n<tr>\n<td class=\"attrLabels\">Vrsta izdelka:<\/td>\n<td width=\"50.0%\">Profesionalni me\u0161alnik<\/td>\n<td class=\"attrLabels\">\u0160iroko:<\/td>\n<td width=\"50.0%\">25,4 cm<\/td>\n<\/tr>\n<tr>\n<td class=\"attrLabels\">\u0160tevilka proizvajalca:<\/td>\n<td width=\"50.0%\">ARCLSB15<\/td>\n<td class=\"attrLabels\">mo\u010d:<\/td>\n<td width=\"50.0%\">1350 W<\/td>\n<\/tr>\n<tr>\n<td class=\"attrLabels\">Material:<\/td>\n<td width=\"50.0%\">Nerjave\u010de jeklo, u\u010dinkovit bakren motor, PC me\u0161alna posoda, zapiralo z nizko vsebnostjo decibelov<\/td>\n<td class=\"attrLabels\">vhodna napetost<\/td>\n<td width=\"50.0%\">230V \u2013 50Hz<\/td>\n<\/tr>\n<tr>\n<td class=\"attrLabels\">Garancija:<\/td>\n<td width=\"50.0%\">2 leti<\/td>\n<td class=\"attrLabels\">Hitrost motorja:<\/td>\n<td width=\"50.0%\">\u00a0od 4400 do 20.000 vrt\/min<\/td>\n<\/tr>\n<tr>\n<td class=\"attrLabels\">Zmogljivost me\u0161alnega stekla:<\/td>\n<td width=\"50.0%\">1,5 litra<\/td>\n<td class=\"attrLabels\">Hitrosti<\/td>\n<td width=\"50.0%\">4 na\u010dini od manj do ve\u010d<\/td>\n<\/tr>\n<\/tbody>\n<\/table>","protected":false},"excerpt":{"rendered":"<h2>Blender, profesionalni me\u0161alnik visoke hitrosti<\/h2>\n<p>to <strong>profesionalni me\u0161alnik <span style=\"color: #ff0000;\">TO<\/span><span style=\"color: #0000ff;\">R<\/span>c<\/strong> Je multifunkcionalen in omogo\u010da pripravo preprostih smutijev in sokov ali celo smutijev z zamrznjeno pulpo ali veliko koli\u010dino ledu ne glede na trdoto izdelka. Prevzema najnovej\u0161o me\u0161alno tehnologijo, ki omogo\u010da enostavno drobljenje trdega sadja, zamrznjene ka\u0161e, ledu, \u017eitaric. <strong>Me\u0161alnik<\/strong> Ima digitalni zaslon za nadzor postopka in izbiro na\u010dina, ki najbolj ustreza va\u0161emu izdelku, je ti\u0161ji od a <strong>me\u0161alnik<\/strong> tradicionalno zaradi za\u0161\u010ditnega zaslona, ki zagotavlja varnost v primeru, da se me\u0161alno steklo razbije. Visoko zmogljiv bakren motor z mo\u010djo 1350 vatov zagotavlja visoko u\u010dinkovitost me\u0161anja.<\/p>\n<h6><strong>Garancija\u00a0<span style=\"color: #ff0000;\">TO<\/span><span style=\"color: #0000ff;\">R<\/span>C 2 LETI<\/strong><\/h6>\n<h6><span style=\"color: #008000;\">U\u010dinkovit elektri\u010dni mlin\u010dek, nizka poraba 1350w<\/span><\/h6>\n<h6><strong>vklju\u010dena tehni\u010dna podpora<\/strong><\/h6>","protected":false},"featured_media":3114,"comment_status":"open","ping_status":"closed","template":"","meta":{"wds_primary_product_brand":0,"wds_primary_product_cat":0},"product_brand":[],"product_cat":[43,65,59,68],"product_tag":[],"class_list":{"0":"post-3105","1":"product","2":"type-product","3":"status-publish","4":"has-post-thumbnail","6":"product_cat-cortadoras-de-alimentos","7":"product_cat-maquinaria-industrial-para-procesar-fruta-verdura-panales","8":"product_cat-hielo","9":"product_cat-trituradoras-picadoras-de-frutas-y-verduras","10":"product_shipping_class-hosteleria","12":"first","13":"instock","14":"sale","15":"taxable","16":"shipping-taxable","17":"purchasable","18":"product-type-simple"},"yoast_head":"<!-- This site is optimized with the Yoast SEO Premium plugin v24.9 (Yoast SEO v26.1) - https:\/\/yoast.com\/wordpress\/plugins\/seo\/ -->\n<title>Batidora, licuadora profesional de altas revoluciones\u00a0 - distribuci\u00f3n ARC<\/title>\n<meta name=\"robots\" content=\"index, follow, max-snippet:-1, max-image-preview:large, max-video-preview:-1\" \/>\n<link rel=\"canonical\" href=\"https:\/\/www.distribucionarc.com\/ar\/producto\/batidora-licuadora-profesional-de-altas-revoluciones\/\" \/>\n<meta property=\"og:locale\" content=\"sl_SI\" \/>\n<meta property=\"og:type\" content=\"article\" \/>\n<meta property=\"og:title\" content=\"Batidora, licuadora profesional de altas revoluciones\u00a0\" \/>\n<meta property=\"og:description\" content=\"Batidora, licuadora profesional de altas revoluciones Esta licuadora profesional ARC es multifuncional puede realizar batidos y zumos sencillos o incluso smoothies con pulpas congeladas o gran cantidad de hielo sin importar la dureza del producto. Adopta la tecnolog\u00eda m\u00e1s reciente de mezcla capaz de triturar con facilidad frutas duras, pulpas congeladas, hielo, cereales. La batidora cuenta con una pantalla digital para controlar el proceso y escoger la modalidad que m\u00e1s de adapte a su producto, es m\u00e1s silenciosa que una mezcladora tradicional gracias a una pantalla protectora que a su vez le asegura seguridad en caso de que el vaso mezclador seda. El motor de cobre de alta potencia de 1350 vatios garantiza una alta eficiencia de mezcla. Garant\u00eda\u00a0ARC 2 A\u00d1OS Molinillo el\u00e9ctrico eficiente, bajo consumo 1350w soporte t\u00e9cnico incluido\" \/>\n<meta property=\"og:url\" content=\"https:\/\/www.distribucionarc.com\/ar\/producto\/batidora-licuadora-profesional-de-altas-revoluciones\/\" \/>\n<meta property=\"og:site_name\" content=\"distribuci\u00f3n ARC\" \/>\n<meta property=\"article:modified_time\" content=\"2020-10-01T13:58:18+00:00\" \/>\n<meta property=\"og:image\" content=\"https:\/\/www.distribucionarc.com\/wp-content\/uploads\/2020\/09\/Batidora-licuadora-profesional-de-altas-revoluciones-0.jpg\" \/>\n\t<meta property=\"og:image:width\" content=\"1600\" \/>\n\t<meta property=\"og:image:height\" content=\"1600\" \/>\n\t<meta property=\"og:image:type\" content=\"image\/jpeg\" \/>\n<meta name=\"twitter:card\" content=\"summary_large_image\" \/>\n<meta name=\"twitter:label1\" content=\"Est. reading time\" \/>\n\t<meta name=\"twitter:data1\" content=\"1 minuta\" \/>\n<script type=\"application\/ld+json\" class=\"yoast-schema-graph\">{\"@context\":\"https:\/\/schema.org\",\"@graph\":[{\"@type\":\"WebPage\",\"@id\":\"https:\/\/www.distribucionarc.com\/ar\/producto\/batidora-licuadora-profesional-de-altas-revoluciones\/\",\"url\":\"https:\/\/www.distribucionarc.com\/ar\/producto\/batidora-licuadora-profesional-de-altas-revoluciones\/\",\"name\":\"Batidora, licuadora profesional de altas revoluciones\u00a0 - distribuci\u00f3n ARC\",\"isPartOf\":{\"@id\":\"https:\/\/www.distribucionarc.com\/sl\/#website\"},\"primaryImageOfPage\":{\"@id\":\"https:\/\/www.distribucionarc.com\/ar\/producto\/batidora-licuadora-profesional-de-altas-revoluciones\/#primaryimage\"},\"image\":{\"@id\":\"https:\/\/www.distribucionarc.com\/ar\/producto\/batidora-licuadora-profesional-de-altas-revoluciones\/#primaryimage\"},\"thumbnailUrl\":\"https:\/\/distribucionarc.com\/wp-content\/uploads\/2020\/09\/Batidora-licuadora-profesional-de-altas-revoluciones-0.jpg\",\"datePublished\":\"2020-09-21T16:13:03+00:00\",\"dateModified\":\"2020-10-01T13:58:18+00:00\",\"breadcrumb\":{\"@id\":\"https:\/\/www.distribucionarc.com\/ar\/producto\/batidora-licuadora-profesional-de-altas-revoluciones\/#breadcrumb\"},\"inLanguage\":\"sl-SI\",\"potentialAction\":[{\"@type\":\"ReadAction\",\"target\":[\"https:\/\/www.distribucionarc.com\/ar\/producto\/batidora-licuadora-profesional-de-altas-revoluciones\/\"]}]},{\"@type\":\"ImageObject\",\"inLanguage\":\"sl-SI\",\"@id\":\"https:\/\/www.distribucionarc.com\/ar\/producto\/batidora-licuadora-profesional-de-altas-revoluciones\/#primaryimage\",\"url\":\"https:\/\/distribucionarc.com\/wp-content\/uploads\/2020\/09\/Batidora-licuadora-profesional-de-altas-revoluciones-0.jpg\",\"contentUrl\":\"https:\/\/distribucionarc.com\/wp-content\/uploads\/2020\/09\/Batidora-licuadora-profesional-de-altas-revoluciones-0.jpg\",\"width\":1600,\"height\":1600,\"caption\":\"Batidora, licuadora profesional de altas revoluciones\u00a0\"},{\"@type\":\"BreadcrumbList\",\"@id\":\"https:\/\/www.distribucionarc.com\/ar\/producto\/batidora-licuadora-profesional-de-altas-revoluciones\/#breadcrumb\",\"itemListElement\":[{\"@type\":\"ListItem\",\"position\":1,\"name\":\"Portada\",\"item\":\"https:\/\/www.distribucionarc.com\/\"},{\"@type\":\"ListItem\",\"position\":2,\"name\":\"\u00dcr\u00fcnler\",\"item\":\"https:\/\/www.distribucionarc.com\/tr\/magaza\/\"},{\"@type\":\"ListItem\",\"position\":3,\"name\":\"Batidora, licuadora profesional de altas revoluciones\u00a0\"}]},{\"@type\":\"WebSite\",\"@id\":\"https:\/\/www.distribucionarc.com\/sl\/#website\",\"url\":\"https:\/\/www.distribucionarc.com\/sl\/\",\"name\":\"distribuci\u00f3n ARC\",\"description\":\"Empresa especializada en la fabricaci\u00f3n y distribuci\u00f3n de maquinaria industrial, selladoras de latas, Maquinas de hacer pastillas, Maquinas de cortar carne...\",\"publisher\":{\"@id\":\"https:\/\/www.distribucionarc.com\/sl\/#organization\"},\"potentialAction\":[{\"@type\":\"SearchAction\",\"target\":{\"@type\":\"EntryPoint\",\"urlTemplate\":\"https:\/\/www.distribucionarc.com\/sl\/?s={search_term_string}\"},\"query-input\":{\"@type\":\"PropertyValueSpecification\",\"valueRequired\":true,\"valueName\":\"search_term_string\"}}],\"inLanguage\":\"sl-SI\"},{\"@type\":\"Organization\",\"@id\":\"https:\/\/www.distribucionarc.com\/sl\/#organization\",\"name\":\"Distribuci\u00f3n ARC\",\"url\":\"https:\/\/www.distribucionarc.com\/sl\/\",\"logo\":{\"@type\":\"ImageObject\",\"inLanguage\":\"sl-SI\",\"@id\":\"https:\/\/www.distribucionarc.com\/sl\/#\/schema\/logo\/image\/\",\"url\":\"https:\/\/distribucionarc.com\/wp-content\/uploads\/2024\/10\/distribucion-ARC-COLOR-SIN-FONDO-e1732295305345.png\",\"contentUrl\":\"https:\/\/distribucionarc.com\/wp-content\/uploads\/2024\/10\/distribucion-ARC-COLOR-SIN-FONDO-e1732295305345.png\",\"width\":1164,\"height\":558,\"caption\":\"Distribuci\u00f3n ARC\"},\"image\":{\"@id\":\"https:\/\/www.distribucionarc.com\/sl\/#\/schema\/logo\/image\/\"},\"description\":\"Empresa especializada en la fabricaci\u00f3n y distribuci\u00f3n de maquinaria industrial para los sectores alimentario y farmac\u00e9utico. Nos especializamos en: M\u00e1quinas de cortar carne Fabricaci\u00f3n de comprimidos Sistemas de transporte industrial L\u00edneas de embotellado Dosificadores Y mucho m\u00e1s... Ofrecemos soluciones innovadoras y personalizadas para optimizar los procesos productivos de tu empresa.\",\"email\":\"Admistracion@distribucionarc.com\",\"telephone\":\"+34 643496664\",\"legalName\":\"ARC TECH SOLUTIONS\",\"foundingDate\":\"2024-04-09\",\"vatID\":\"B55480172\",\"numberOfEmployees\":{\"@type\":\"QuantitativeValue\",\"minValue\":\"1\",\"maxValue\":\"10\"}}]}<\/script>\n<!-- \/ Yoast SEO Premium plugin. -->","yoast_head_json":{"title":"Blender, profesionalni me\u0161alnik z visoko hitrostjo - distribucija ARC","robots":{"index":"index","follow":"follow","max-snippet":"max-snippet:-1","max-image-preview":"max-image-preview:large","max-video-preview":"max-video-preview:-1"},"canonical":"https:\/\/www.distribucionarc.com\/ar\/producto\/batidora-licuadora-profesional-de-altas-revoluciones\/","og_locale":"sl_SI","og_type":"article","og_title":"Batidora, licuadora profesional de altas revoluciones\u00a0","og_description":"Batidora, licuadora profesional de altas revoluciones Esta licuadora profesional ARC es multifuncional puede realizar batidos y zumos sencillos o incluso smoothies con pulpas congeladas o gran cantidad de hielo sin importar la dureza del producto. Adopta la tecnolog\u00eda m\u00e1s reciente de mezcla capaz de triturar con facilidad frutas duras, pulpas congeladas, hielo, cereales. La batidora cuenta con una pantalla digital para controlar el proceso y escoger la modalidad que m\u00e1s de adapte a su producto, es m\u00e1s silenciosa que una mezcladora tradicional gracias a una pantalla protectora que a su vez le asegura seguridad en caso de que el vaso mezclador seda. El motor de cobre de alta potencia de 1350 vatios garantiza una alta eficiencia de mezcla. Garant\u00eda\u00a0ARC 2 A\u00d1OS Molinillo el\u00e9ctrico eficiente, bajo consumo 1350w soporte t\u00e9cnico incluido","og_url":"https:\/\/www.distribucionarc.com\/ar\/producto\/batidora-licuadora-profesional-de-altas-revoluciones\/","og_site_name":"distribuci\u00f3n ARC","article_modified_time":"2020-10-01T13:58:18+00:00","og_image":[{"width":1600,"height":1600,"url":"https:\/\/www.distribucionarc.com\/wp-content\/uploads\/2020\/09\/Batidora-licuadora-profesional-de-altas-revoluciones-0.jpg","type":"image\/jpeg"}],"twitter_card":"summary_large_image","twitter_misc":{"Est. reading time":"1 minuta"},"schema":{"@context":"https:\/\/schema.org","@graph":[{"@type":"WebPage","@id":"https:\/\/www.distribucionarc.com\/ar\/producto\/batidora-licuadora-profesional-de-altas-revoluciones\/","url":"https:\/\/www.distribucionarc.com\/ar\/producto\/batidora-licuadora-profesional-de-altas-revoluciones\/","name":"Blender, profesionalni me\u0161alnik z visoko hitrostjo - distribucija ARC","isPartOf":{"@id":"https:\/\/www.distribucionarc.com\/sl\/#website"},"primaryImageOfPage":{"@id":"https:\/\/www.distribucionarc.com\/ar\/producto\/batidora-licuadora-profesional-de-altas-revoluciones\/#primaryimage"},"image":{"@id":"https:\/\/www.distribucionarc.com\/ar\/producto\/batidora-licuadora-profesional-de-altas-revoluciones\/#primaryimage"},"thumbnailUrl":"https:\/\/distribucionarc.com\/wp-content\/uploads\/2020\/09\/Batidora-licuadora-profesional-de-altas-revoluciones-0.jpg","datePublished":"2020-09-21T16:13:03+00:00","dateModified":"2020-10-01T13:58:18+00:00","breadcrumb":{"@id":"https:\/\/www.distribucionarc.com\/ar\/producto\/batidora-licuadora-profesional-de-altas-revoluciones\/#breadcrumb"},"inLanguage":"sl-SI","potentialAction":[{"@type":"ReadAction","target":["https:\/\/www.distribucionarc.com\/ar\/producto\/batidora-licuadora-profesional-de-altas-revoluciones\/"]}]},{"@type":"ImageObject","inLanguage":"sl-SI","@id":"https:\/\/www.distribucionarc.com\/ar\/producto\/batidora-licuadora-profesional-de-altas-revoluciones\/#primaryimage","url":"https:\/\/distribucionarc.com\/wp-content\/uploads\/2020\/09\/Batidora-licuadora-profesional-de-altas-revoluciones-0.jpg","contentUrl":"https:\/\/distribucionarc.com\/wp-content\/uploads\/2020\/09\/Batidora-licuadora-profesional-de-altas-revoluciones-0.jpg","width":1600,"height":1600,"caption":"Batidora, licuadora profesional de altas revoluciones\u00a0"},{"@type":"BreadcrumbList","@id":"https:\/\/www.distribucionarc.com\/ar\/producto\/batidora-licuadora-profesional-de-altas-revoluciones\/#breadcrumb","itemListElement":[{"@type":"ListItem","position":1,"name":"Portada","item":"https:\/\/www.distribucionarc.com\/"},{"@type":"ListItem","position":2,"name":"\u00dcr\u00fcnler","item":"https:\/\/www.distribucionarc.com\/tr\/magaza\/"},{"@type":"ListItem","position":3,"name":"Batidora, licuadora profesional de altas revoluciones\u00a0"}]},{"@type":"WebSite","@id":"https:\/\/www.distribucionarc.com\/sl\/#website","url":"https:\/\/www.distribucionarc.com\/sl\/","name":"ARC porazdelitev","description":"Podjetje je specializirano za proizvodnjo in distribucijo industrijskih strojev, strojev za zapiranje plo\u010devink, strojev za izdelavo tablet, strojev za rezanje mesa...","publisher":{"@id":"https:\/\/www.distribucionarc.com\/sl\/#organization"},"potentialAction":[{"@type":"SearchAction","target":{"@type":"EntryPoint","urlTemplate":"https:\/\/www.distribucionarc.com\/sl\/?s={search_term_string}"},"query-input":{"@type":"PropertyValueSpecification","valueRequired":true,"valueName":"search_term_string"}}],"inLanguage":"sl-SI"},{"@type":"Organization","@id":"https:\/\/www.distribucionarc.com\/sl\/#organization","name":"Distribucija ARC","url":"https:\/\/www.distribucionarc.com\/sl\/","logo":{"@type":"ImageObject","inLanguage":"sl-SI","@id":"https:\/\/www.distribucionarc.com\/sl\/#\/schema\/logo\/image\/","url":"https:\/\/distribucionarc.com\/wp-content\/uploads\/2024\/10\/distribucion-ARC-COLOR-SIN-FONDO-e1732295305345.png","contentUrl":"https:\/\/distribucionarc.com\/wp-content\/uploads\/2024\/10\/distribucion-ARC-COLOR-SIN-FONDO-e1732295305345.png","width":1164,"height":558,"caption":"Distribuci\u00f3n ARC"},"image":{"@id":"https:\/\/www.distribucionarc.com\/sl\/#\/schema\/logo\/image\/"},"description":"Podjetje, specializirano za proizvodnjo in distribucijo industrijskih strojev za \u017eivilski in farmacevtski sektor. Specializirani smo za: Stroji za rezanje mesa Proizvodnja tablet Industrijski transportni sistemi Stekleni\u010darske linije Dozirni stroji In \u0161e veliko ve\u010d... Ponujamo inovativne in prilagojene re\u0161itve za optimizacijo proizvodnih procesov va\u0161ega podjetja.","email":"Admistracion@distribucionarc.com","telephone":"+34 643496664","legalName":"ARC TECH SOLUTIONS","foundingDate":"2024-04-09","vatID":"B55480172","numberOfEmployees":{"@type":"QuantitativeValue","minValue":"1","maxValue":"10"}}]}},"_links":{"self":[{"href":"https:\/\/distribucionarc.com\/sl\/wp-json\/wp\/v2\/product\/3105","targetHints":{"allow":["GET"]}}],"collection":[{"href":"https:\/\/distribucionarc.com\/sl\/wp-json\/wp\/v2\/product"}],"about":[{"href":"https:\/\/distribucionarc.com\/sl\/wp-json\/wp\/v2\/types\/product"}],"replies":[{"embeddable":true,"href":"https:\/\/distribucionarc.com\/sl\/wp-json\/wp\/v2\/comments?post=3105"}],"version-history":[{"count":0,"href":"https:\/\/distribucionarc.com\/sl\/wp-json\/wp\/v2\/product\/3105\/revisions"}],"wp:featuredmedia":[{"embeddable":true,"href":"https:\/\/distribucionarc.com\/sl\/wp-json\/wp\/v2\/media\/3114"}],"wp:attachment":[{"href":"https:\/\/distribucionarc.com\/sl\/wp-json\/wp\/v2\/media?parent=3105"}],"wp:term":[{"taxonomy":"product_brand","embeddable":true,"href":"https:\/\/distribucionarc.com\/sl\/wp-json\/wp\/v2\/product_brand?post=3105"},{"taxonomy":"product_cat","embeddable":true,"href":"https:\/\/distribucionarc.com\/sl\/wp-json\/wp\/v2\/product_cat?post=3105"},{"taxonomy":"product_tag","embeddable":true,"href":"https:\/\/distribucionarc.com\/sl\/wp-json\/wp\/v2\/product_tag?post=3105"}],"curies":[{"name":"delovni list","href":"https:\/\/api.w.org\/{rel}","templated":true}]}}