{"id":3415,"date":"2020-10-02T08:27:22","date_gmt":"2020-10-02T08:27:22","guid":{"rendered":"https:\/\/distribucionarc.com\/?post_type=product&#038;p=3415"},"modified":"2020-10-02T08:27:23","modified_gmt":"2020-10-02T08:27:23","slug":"elektricni-rezalnik-papirja","status":"publish","type":"product","link":"https:\/\/distribucionarc.com\/sl\/producto\/cortadora-de-papel-electrica\/","title":{"rendered":"elektri\u010dni rezalnik papirja\u00a0"},"content":{"rendered":"<h2>elektri\u010dni rezalnik papirja<\/h2>\n<p>to<strong> elektri\u010dni rezalnik papirja <span style=\"color: #ff0000;\">TO<\/span><span style=\"color: #0000ff;\">R<\/span>c<\/strong> Kovan je iz visokokakovostnih jeklenih plo\u0161\u010d, s \u0161tirimi kolesi, ki jih je mogo\u010de hitro premakniti, da se po potrebi zaklenejo v poljubnem polo\u017eaju. Podajalnik tipa H lahko u\u010dinkovito re\u0161i problem premikanja papirja in neporavnanosti. Z ravnilom lahko prilagodite velikost reza, da zagotovite natan\u010dno rezanje.<\/p>\n<p>to<strong> papirna giljotina <span style=\"color: #ff0000;\">TO<\/span><span style=\"color: #0000ff;\">R<\/span>CCPE400<\/strong> Ima pozicioniranje z infrarde\u010do svetlobo, zaradi \u010desar je rezanje papirja bolj intuitivno in natan\u010dno. Fotoelektri\u010dna nadzorna za\u0161\u010dita, spremljanje operacijske mize v realnem \u010dasu,<\/p>\n<p>On <strong>avtomatski rezalnik papirja<\/strong> Zelo primeren je za rezanje trdih in mehkih predmetov, kot so usnje, PVC kartice, kartonske \u0161katle, debele knjige, plasti\u010dne folije, siva lepenka itd. Zahvaljujo\u010d ostrim in trpe\u017enim no\u017eem iz visokokakovostnega jekla zagotavlja bolj\u0161e rezultate rezanja.<\/p>\n<h6><strong>Garancija\u00a0<span style=\"color: #ff0000;\">TO<\/span><span style=\"color: #0000ff;\">R<\/span>C 2 LETI<\/strong><\/h6>\n<h6><span style=\"color: #008000;\">U\u010dinkovita elektri\u010dna giljotina, nizka poraba 150w<\/span><\/h6>\n<h6><strong>vklju\u010dena tehni\u010dna podpora<\/strong><\/h6>\n<p>&nbsp;<\/p>\n<table role=\"presentation\" width=\"100%\" cellspacing=\"0\" cellpadding=\"0\">\n<tbody>\n<tr>\n<td class=\"attrLabels\">Znamka:<\/td>\n<td width=\"50.0%\">ARC<\/td>\n<\/tr>\n<tr>\n<td class=\"attrLabels\">Dr\u017eava distribucije:<\/td>\n<td width=\"50.0%\">\u0160panija, Nem\u010dija, ZDA<\/td>\n<td class=\"attrLabels\">Te\u017ea:<\/td>\n<td width=\"50.0%\">65 kg<\/td>\n<\/tr>\n<tr>\n<td class=\"attrLabels\">Znamka:<\/td>\n<td width=\"50.0%\">ARC<\/td>\n<td class=\"attrLabels\">Vi\u0161ina:<\/td>\n<td width=\"50.0%\">40 cm<\/td>\n<\/tr>\n<tr>\n<td class=\"attrLabels\">barva:<\/td>\n<td width=\"50.0%\">Srebrna<\/td>\n<td class=\"attrLabels\">dolgo:<\/td>\n<td width=\"50.0%\">59 cm<\/td>\n<\/tr>\n<tr>\n<td class=\"attrLabels\">Vrsta izdelka:<\/td>\n<td width=\"50.0%\">rezalnik papirja<\/td>\n<td class=\"attrLabels\">\u0160iroko:<\/td>\n<td width=\"50.0%\">60 cm<\/td>\n<\/tr>\n<tr>\n<td class=\"attrLabels\">\u0160tevilka proizvajalca:<\/td>\n<td width=\"50.0%\">ARCCPE400<\/td>\n<td class=\"attrLabels\">mo\u010d:<\/td>\n<td width=\"50.0%\">150 W<\/td>\n<\/tr>\n<tr>\n<td class=\"attrLabels\">Material:<\/td>\n<td width=\"50.0%\">nerjave\u010de jeklo, infrarde\u010da svetloba, fotoelektri\u010dna za\u0161\u010dita<\/td>\n<td class=\"attrLabels\">Vhodna napetost:<\/td>\n<td width=\"50.0%\">220V \u2013 50Hz<\/td>\n<\/tr>\n<tr>\n<td class=\"attrLabels\">Garancija:<\/td>\n<td width=\"50.0%\">2 leti<\/td>\n<td class=\"attrLabels\">Najve\u010dja velikost reza:<\/td>\n<td width=\"50.0%\">\u00a0330 mm<\/td>\n<\/tr>\n<tr>\n<td class=\"attrLabels\">Zmogljivost rezanja:<\/td>\n<td width=\"50.0%\">400 kosov<\/td>\n<td class=\"attrLabels\">Najmanj\u0161a velikost reza:<\/td>\n<td width=\"50.0%\">50 mm<\/td>\n<\/tr>\n<\/tbody>\n<\/table>","protected":false},"excerpt":{"rendered":"<h2>elektri\u010dni rezalnik papirja<\/h2>\n<p>to <strong>elektri\u010dna giljotina za papir <span style=\"color: #ff0000;\">TO<\/span><span style=\"color: #0000ff;\">R<\/span>c<\/strong> Izdelan je iz visokokakovostne jeklene plo\u010devine, ki zagotavlja visoko u\u010dinkovitost in vzdr\u017eljivost. Ima podajalnik papirja tipa H za natan\u010dno rezanje: u\u010dinkovito re\u0161uje problem tradicionalnega papirja, s pritiskom na vzmet ga je enostavno premakniti in kompenzirati. Infrarde\u010da fotoelektri\u010dna za\u0161\u010dita, zagotavlja popolno za\u0161\u010dito delovnega okolja; Je idealna izbira za pisarne, \u0161ole, papirnice, cerkve, podjetja in tiskarne.<\/p>\n<h6><strong>Garancija\u00a0<span style=\"color: #ff0000;\">TO<\/span><span style=\"color: #0000ff;\">R<\/span>C 2 LETI<\/strong><\/h6>\n<h6><span style=\"color: #008000;\">U\u010dinkovita elektri\u010dna giljotina, nizka poraba 150w<\/span><\/h6>\n<h6><strong>vklju\u010dena tehni\u010dna podpora<\/strong><\/h6>","protected":false},"featured_media":3421,"comment_status":"open","ping_status":"closed","template":"","meta":{"wds_primary_product_brand":0,"wds_primary_product_cat":0},"product_brand":[],"product_cat":[69],"product_tag":[],"class_list":{"0":"post-3415","1":"product","2":"type-product","3":"status-publish","4":"has-post-thumbnail","6":"product_cat-maquinas-variadas","7":"product_shipping_class-express","9":"first","10":"instock","11":"sale","12":"taxable","13":"shipping-taxable","14":"purchasable","15":"product-type-simple"},"yoast_head":"<!-- This site is optimized with the Yoast SEO Premium plugin v24.9 (Yoast SEO v26.1) - https:\/\/yoast.com\/wordpress\/plugins\/seo\/ -->\n<title>Cortadora de papel el\u00e9ctrica\u00a0 - distribuci\u00f3n ARC<\/title>\n<meta name=\"robots\" content=\"index, follow, max-snippet:-1, max-image-preview:large, max-video-preview:-1\" \/>\n<link rel=\"canonical\" href=\"https:\/\/www.distribucionarc.com\/sl\/producto\/cortadora-de-papel-electrica\/\" \/>\n<meta property=\"og:locale\" content=\"sl_SI\" \/>\n<meta property=\"og:type\" content=\"article\" \/>\n<meta property=\"og:title\" content=\"Cortadora de papel el\u00e9ctrica\u00a0\" \/>\n<meta property=\"og:description\" content=\"Cortadora de papel el\u00e9ctrica Esta guillotina de papel el\u00e9ctrico ARC est\u00e1 fabricada de una placa de acero de alta calidad que asegura alta eficiencia y durabilidad. Cuenta con alimentador de papel tipo H, para un corte preciso: resuelve eficazmente el problema del papel tradicional, con el prensado de resorte es f\u00e1cil de mover y compensar. Protecci\u00f3n fotoel\u00e9ctrica infrarroja, proporciona una protecci\u00f3n completa del entorno de trabajo; es una opci\u00f3n ideal para oficinas, escuelas, papeler\u00edas, iglesias, negocios e imprentas. Garant\u00eda\u00a0ARC 2 A\u00d1OS Guillotina el\u00e9ctrica eficiente, bajo consumo 150w soporte t\u00e9cnico incluido\" \/>\n<meta property=\"og:url\" content=\"https:\/\/www.distribucionarc.com\/sl\/producto\/cortadora-de-papel-electrica\/\" \/>\n<meta property=\"og:site_name\" content=\"distribuci\u00f3n ARC\" \/>\n<meta property=\"article:modified_time\" content=\"2020-10-02T08:27:23+00:00\" \/>\n<meta property=\"og:image\" content=\"https:\/\/distribucionarc.com\/wp-content\/uploads\/2020\/10\/Cortadora-de-papel-el\u00e9ctrica-0.jpg\" \/>\n\t<meta property=\"og:image:width\" content=\"1600\" \/>\n\t<meta property=\"og:image:height\" content=\"1600\" \/>\n\t<meta property=\"og:image:type\" content=\"image\/jpeg\" \/>\n<meta name=\"twitter:card\" content=\"summary_large_image\" \/>\n<meta name=\"twitter:label1\" content=\"Est. reading time\" \/>\n\t<meta name=\"twitter:data1\" content=\"1 minuta\" \/>\n<script type=\"application\/ld+json\" class=\"yoast-schema-graph\">{\"@context\":\"https:\/\/schema.org\",\"@graph\":[{\"@type\":\"WebPage\",\"@id\":\"https:\/\/www.distribucionarc.com\/sl\/producto\/cortadora-de-papel-electrica\/\",\"url\":\"https:\/\/www.distribucionarc.com\/sl\/producto\/cortadora-de-papel-electrica\/\",\"name\":\"Cortadora de papel el\u00e9ctrica\u00a0 - distribuci\u00f3n ARC\",\"isPartOf\":{\"@id\":\"https:\/\/distribucionarc.com\/de\/#website\"},\"primaryImageOfPage\":{\"@id\":\"https:\/\/www.distribucionarc.com\/sl\/producto\/cortadora-de-papel-electrica\/#primaryimage\"},\"image\":{\"@id\":\"https:\/\/www.distribucionarc.com\/sl\/producto\/cortadora-de-papel-electrica\/#primaryimage\"},\"thumbnailUrl\":\"https:\/\/distribucionarc.com\/wp-content\/uploads\/2020\/10\/Cortadora-de-papel-el\u00e9ctrica-0.jpg\",\"datePublished\":\"2020-10-02T08:27:22+00:00\",\"dateModified\":\"2020-10-02T08:27:23+00:00\",\"breadcrumb\":{\"@id\":\"https:\/\/www.distribucionarc.com\/sl\/producto\/cortadora-de-papel-electrica\/#breadcrumb\"},\"inLanguage\":\"sl-SI\",\"potentialAction\":[{\"@type\":\"ReadAction\",\"target\":[\"https:\/\/www.distribucionarc.com\/sl\/producto\/cortadora-de-papel-electrica\/\"]}]},{\"@type\":\"ImageObject\",\"inLanguage\":\"sl-SI\",\"@id\":\"https:\/\/www.distribucionarc.com\/sl\/producto\/cortadora-de-papel-electrica\/#primaryimage\",\"url\":\"https:\/\/distribucionarc.com\/wp-content\/uploads\/2020\/10\/Cortadora-de-papel-el\u00e9ctrica-0.jpg\",\"contentUrl\":\"https:\/\/distribucionarc.com\/wp-content\/uploads\/2020\/10\/Cortadora-de-papel-el\u00e9ctrica-0.jpg\",\"width\":1600,\"height\":1600,\"caption\":\"Cortadora de papel el\u00e9ctrica\u00a0\"},{\"@type\":\"BreadcrumbList\",\"@id\":\"https:\/\/www.distribucionarc.com\/sl\/producto\/cortadora-de-papel-electrica\/#breadcrumb\",\"itemListElement\":[{\"@type\":\"ListItem\",\"position\":1,\"name\":\"Portada\",\"item\":\"https:\/\/distribucionarc.com\/pl\/\"},{\"@type\":\"ListItem\",\"position\":2,\"name\":\"Produkty\",\"item\":\"https:\/\/distribucionarc.com\/pl\/shop\/\"},{\"@type\":\"ListItem\",\"position\":3,\"name\":\"Cortadora de papel el\u00e9ctrica\u00a0\"}]},{\"@type\":\"WebSite\",\"@id\":\"https:\/\/distribucionarc.com\/de\/#website\",\"url\":\"https:\/\/distribucionarc.com\/de\/\",\"name\":\"distribuci\u00f3n ARC\",\"description\":\"Empresa especializada en la fabricaci\u00f3n y distribuci\u00f3n de maquinaria industrial, selladoras de latas, Maquinas de hacer pastillas, Maquinas de cortar carne...\",\"publisher\":{\"@id\":\"https:\/\/distribucionarc.com\/de\/#organization\"},\"potentialAction\":[{\"@type\":\"SearchAction\",\"target\":{\"@type\":\"EntryPoint\",\"urlTemplate\":\"https:\/\/distribucionarc.com\/de\/?s={search_term_string}\"},\"query-input\":{\"@type\":\"PropertyValueSpecification\",\"valueRequired\":true,\"valueName\":\"search_term_string\"}}],\"inLanguage\":\"sl-SI\"},{\"@type\":\"Organization\",\"@id\":\"https:\/\/distribucionarc.com\/de\/#organization\",\"name\":\"Distribuci\u00f3n ARC\",\"url\":\"https:\/\/distribucionarc.com\/de\/\",\"logo\":{\"@type\":\"ImageObject\",\"inLanguage\":\"sl-SI\",\"@id\":\"https:\/\/distribucionarc.com\/de\/#\/schema\/logo\/image\/\",\"url\":\"https:\/\/distribucionarc.com\/wp-content\/uploads\/2024\/10\/distribucion-ARC-COLOR-SIN-FONDO-e1732295305345.png\",\"contentUrl\":\"https:\/\/distribucionarc.com\/wp-content\/uploads\/2024\/10\/distribucion-ARC-COLOR-SIN-FONDO-e1732295305345.png\",\"width\":1164,\"height\":558,\"caption\":\"Distribuci\u00f3n ARC\"},\"image\":{\"@id\":\"https:\/\/distribucionarc.com\/de\/#\/schema\/logo\/image\/\"},\"description\":\"Empresa especializada en la fabricaci\u00f3n y distribuci\u00f3n de maquinaria industrial para los sectores alimentario y farmac\u00e9utico. Nos especializamos en: M\u00e1quinas de cortar carne Fabricaci\u00f3n de comprimidos Sistemas de transporte industrial L\u00edneas de embotellado Dosificadores Y mucho m\u00e1s... Ofrecemos soluciones innovadoras y personalizadas para optimizar los procesos productivos de tu empresa.\",\"email\":\"Admistracion@distribucionarc.com\",\"telephone\":\"+34 643496664\",\"legalName\":\"ARC TECH SOLUTIONS\",\"foundingDate\":\"2024-04-09\",\"vatID\":\"B55480172\",\"numberOfEmployees\":{\"@type\":\"QuantitativeValue\",\"minValue\":\"1\",\"maxValue\":\"10\"}}]}<\/script>\n<!-- \/ Yoast SEO Premium plugin. -->","yoast_head_json":{"title":"Elektri\u010dni rezalnik papirja - ARC distribucija","robots":{"index":"index","follow":"follow","max-snippet":"max-snippet:-1","max-image-preview":"max-image-preview:large","max-video-preview":"max-video-preview:-1"},"canonical":"https:\/\/www.distribucionarc.com\/sl\/producto\/cortadora-de-papel-electrica\/","og_locale":"sl_SI","og_type":"article","og_title":"Cortadora de papel el\u00e9ctrica\u00a0","og_description":"Cortadora de papel el\u00e9ctrica Esta guillotina de papel el\u00e9ctrico ARC est\u00e1 fabricada de una placa de acero de alta calidad que asegura alta eficiencia y durabilidad. Cuenta con alimentador de papel tipo H, para un corte preciso: resuelve eficazmente el problema del papel tradicional, con el prensado de resorte es f\u00e1cil de mover y compensar. Protecci\u00f3n fotoel\u00e9ctrica infrarroja, proporciona una protecci\u00f3n completa del entorno de trabajo; es una opci\u00f3n ideal para oficinas, escuelas, papeler\u00edas, iglesias, negocios e imprentas. Garant\u00eda\u00a0ARC 2 A\u00d1OS Guillotina el\u00e9ctrica eficiente, bajo consumo 150w soporte t\u00e9cnico incluido","og_url":"https:\/\/www.distribucionarc.com\/sl\/producto\/cortadora-de-papel-electrica\/","og_site_name":"distribuci\u00f3n ARC","article_modified_time":"2020-10-02T08:27:23+00:00","og_image":[{"width":1600,"height":1600,"url":"https:\/\/distribucionarc.com\/wp-content\/uploads\/2020\/10\/Cortadora-de-papel-el\u00e9ctrica-0.jpg","type":"image\/jpeg"}],"twitter_card":"summary_large_image","twitter_misc":{"Est. reading time":"1 minuta"},"schema":{"@context":"https:\/\/schema.org","@graph":[{"@type":"WebPage","@id":"https:\/\/www.distribucionarc.com\/sl\/producto\/cortadora-de-papel-electrica\/","url":"https:\/\/www.distribucionarc.com\/sl\/producto\/cortadora-de-papel-electrica\/","name":"Elektri\u010dni rezalnik papirja - ARC distribucija","isPartOf":{"@id":"https:\/\/distribucionarc.com\/de\/#website"},"primaryImageOfPage":{"@id":"https:\/\/www.distribucionarc.com\/sl\/producto\/cortadora-de-papel-electrica\/#primaryimage"},"image":{"@id":"https:\/\/www.distribucionarc.com\/sl\/producto\/cortadora-de-papel-electrica\/#primaryimage"},"thumbnailUrl":"https:\/\/distribucionarc.com\/wp-content\/uploads\/2020\/10\/Cortadora-de-papel-el\u00e9ctrica-0.jpg","datePublished":"2020-10-02T08:27:22+00:00","dateModified":"2020-10-02T08:27:23+00:00","breadcrumb":{"@id":"https:\/\/www.distribucionarc.com\/sl\/producto\/cortadora-de-papel-electrica\/#breadcrumb"},"inLanguage":"sl-SI","potentialAction":[{"@type":"ReadAction","target":["https:\/\/www.distribucionarc.com\/sl\/producto\/cortadora-de-papel-electrica\/"]}]},{"@type":"ImageObject","inLanguage":"sl-SI","@id":"https:\/\/www.distribucionarc.com\/sl\/producto\/cortadora-de-papel-electrica\/#primaryimage","url":"https:\/\/distribucionarc.com\/wp-content\/uploads\/2020\/10\/Cortadora-de-papel-el\u00e9ctrica-0.jpg","contentUrl":"https:\/\/distribucionarc.com\/wp-content\/uploads\/2020\/10\/Cortadora-de-papel-el\u00e9ctrica-0.jpg","width":1600,"height":1600,"caption":"Cortadora de papel el\u00e9ctrica\u00a0"},{"@type":"BreadcrumbList","@id":"https:\/\/www.distribucionarc.com\/sl\/producto\/cortadora-de-papel-electrica\/#breadcrumb","itemListElement":[{"@type":"ListItem","position":1,"name":"Portada","item":"https:\/\/distribucionarc.com\/pl\/"},{"@type":"ListItem","position":2,"name":"Produkty","item":"https:\/\/distribucionarc.com\/pl\/shop\/"},{"@type":"ListItem","position":3,"name":"Cortadora de papel el\u00e9ctrica\u00a0"}]},{"@type":"WebSite","@id":"https:\/\/distribucionarc.com\/de\/#website","url":"https:\/\/distribucionarc.com\/de\/","name":"ARC porazdelitev","description":"Podjetje je specializirano za proizvodnjo in distribucijo industrijskih strojev, strojev za zapiranje plo\u010devink, strojev za izdelavo tablet, strojev za rezanje mesa...","publisher":{"@id":"https:\/\/distribucionarc.com\/de\/#organization"},"potentialAction":[{"@type":"SearchAction","target":{"@type":"EntryPoint","urlTemplate":"https:\/\/distribucionarc.com\/de\/?s={search_term_string}"},"query-input":{"@type":"PropertyValueSpecification","valueRequired":true,"valueName":"search_term_string"}}],"inLanguage":"sl-SI"},{"@type":"Organization","@id":"https:\/\/distribucionarc.com\/de\/#organization","name":"Distribucija ARC","url":"https:\/\/distribucionarc.com\/de\/","logo":{"@type":"ImageObject","inLanguage":"sl-SI","@id":"https:\/\/distribucionarc.com\/de\/#\/schema\/logo\/image\/","url":"https:\/\/distribucionarc.com\/wp-content\/uploads\/2024\/10\/distribucion-ARC-COLOR-SIN-FONDO-e1732295305345.png","contentUrl":"https:\/\/distribucionarc.com\/wp-content\/uploads\/2024\/10\/distribucion-ARC-COLOR-SIN-FONDO-e1732295305345.png","width":1164,"height":558,"caption":"Distribuci\u00f3n ARC"},"image":{"@id":"https:\/\/distribucionarc.com\/de\/#\/schema\/logo\/image\/"},"description":"Podjetje, specializirano za proizvodnjo in distribucijo industrijskih strojev za \u017eivilski in farmacevtski sektor. Specializirani smo za: Stroji za rezanje mesa Proizvodnja tablet Industrijski transportni sistemi Stekleni\u010darske linije Dozirni stroji In \u0161e veliko ve\u010d... Ponujamo inovativne in prilagojene re\u0161itve za optimizacijo proizvodnih procesov va\u0161ega podjetja.","email":"Admistracion@distribucionarc.com","telephone":"+34 643496664","legalName":"ARC TECH SOLUTIONS","foundingDate":"2024-04-09","vatID":"B55480172","numberOfEmployees":{"@type":"QuantitativeValue","minValue":"1","maxValue":"10"}}]}},"_links":{"self":[{"href":"https:\/\/distribucionarc.com\/sl\/wp-json\/wp\/v2\/product\/3415","targetHints":{"allow":["GET"]}}],"collection":[{"href":"https:\/\/distribucionarc.com\/sl\/wp-json\/wp\/v2\/product"}],"about":[{"href":"https:\/\/distribucionarc.com\/sl\/wp-json\/wp\/v2\/types\/product"}],"replies":[{"embeddable":true,"href":"https:\/\/distribucionarc.com\/sl\/wp-json\/wp\/v2\/comments?post=3415"}],"version-history":[{"count":0,"href":"https:\/\/distribucionarc.com\/sl\/wp-json\/wp\/v2\/product\/3415\/revisions"}],"wp:featuredmedia":[{"embeddable":true,"href":"https:\/\/distribucionarc.com\/sl\/wp-json\/wp\/v2\/media\/3421"}],"wp:attachment":[{"href":"https:\/\/distribucionarc.com\/sl\/wp-json\/wp\/v2\/media?parent=3415"}],"wp:term":[{"taxonomy":"product_brand","embeddable":true,"href":"https:\/\/distribucionarc.com\/sl\/wp-json\/wp\/v2\/product_brand?post=3415"},{"taxonomy":"product_cat","embeddable":true,"href":"https:\/\/distribucionarc.com\/sl\/wp-json\/wp\/v2\/product_cat?post=3415"},{"taxonomy":"product_tag","embeddable":true,"href":"https:\/\/distribucionarc.com\/sl\/wp-json\/wp\/v2\/product_tag?post=3415"}],"curies":[{"name":"delovni list","href":"https:\/\/api.w.org\/{rel}","templated":true}]}}