{"id":3604,"date":"2020-10-05T14:10:27","date_gmt":"2020-10-05T14:10:27","guid":{"rendered":"https:\/\/distribucionarc.com\/?post_type=product&#038;p=3604"},"modified":"2025-05-08T22:19:18","modified_gmt":"2025-05-08T20:19:18","slug":"dozator-za-steklenicenje-z-mesalnikom-in-dvojnim-polnilom-100-ml-%f0%9f%94%9b-1000-ml","status":"publish","type":"product","link":"https:\/\/distribucionarc.com\/sl\/producto\/dosificadora-embotelladora-con-batidor-y-doble-llenador-100-ml-%f0%9f%94%9b-1000-ml\/","title":{"rendered":"Dozator, Stekleni\u010denje, z me\u0161alnikom in dvojnim polnilom 100 ml? 1000 ml"},"content":{"rendered":"<h2 data-start=\"460\" data-end=\"548\">\ud83c\udf6f Stroj za doziranje in polnjenje z visoko viskoznostjo in dvojno \u0161obo \u2013 100 do 1000 ml<\/h2>\n<p data-start=\"550\" data-end=\"936\">The <strong data-start=\"553\" data-end=\"619\">polavtomatski dozirni in polnilni stroj z dvojno \u0161obo<\/strong> Posebej je zasnovan za polnjenje izdelkov <strong data-start=\"680\" data-end=\"699\">visoka viskoznost<\/strong> brez potrebe po me\u0161alniku, kar zagotavlja natan\u010den, \u010dist in konstanten pretok. Idealen je za podjetja, ki potrebujejo robustno in u\u010dinkovito re\u0161itev za pakiranje gostih izdelkov, brez trdnih sledi, ki lahko povzro\u010dijo sedimentacijo.<\/p>\n<p data-start=\"938\" data-end=\"1304\">Hvala za va\u0161e <strong data-start=\"951\" data-end=\"982\">pnevmatski batni sistem<\/strong>, njegova zasnova z <strong data-start=\"998\" data-end=\"1040\">visokozmogljivi rotacijski ventili<\/strong> in njegov <strong data-start=\"1046\" data-end=\"1085\">dvojna glava s sistemom proti kapljanju<\/strong>Ta naprava omogo\u010da hitro, natan\u010dno in brez kapljanja doziranje. Njegova modularna struktura olaj\u0161a vzdr\u017eevanje, v primeru okvare pa je mogo\u010de celotne module zamenjati za hitra in stro\u0161kovno u\u010dinkovita popravila.<\/p>\n<p data-start=\"1306\" data-end=\"1352\">Idealen je za polnjenje izdelkov, kot so:<\/p>\n<ul data-start=\"1354\" data-end=\"1602\">\n<li data-start=\"1354\" data-end=\"1386\">\n<p data-start=\"1356\" data-end=\"1386\">\ud83e\udd5c <strong data-start=\"1359\" data-end=\"1386\">Gladko ara\u0161idovo maslo<\/strong><\/p>\n<\/li>\n<li data-start=\"1387\" data-end=\"1429\">\n<p data-start=\"1389\" data-end=\"1429\">\ud83c\udf53 <strong data-start=\"1392\" data-end=\"1429\">D\u017eemi brez ko\u0161\u010dkov ali semen<\/strong><\/p>\n<\/li>\n<li data-start=\"1430\" data-end=\"1450\">\n<p data-start=\"1432\" data-end=\"1450\">\ud83c\udf6f <strong data-start=\"1435\" data-end=\"1450\">Gost med<\/strong><\/p>\n<\/li>\n<li data-start=\"1451\" data-end=\"1497\">\n<p data-start=\"1453\" data-end=\"1497\">\ud83e\uddf4 <strong data-start=\"1456\" data-end=\"1497\">Goste kozmeti\u010dne kreme in emulzije<\/strong><\/p>\n<\/li>\n<li data-start=\"1498\" data-end=\"1535\">\n<p data-start=\"1500\" data-end=\"1535\">\ud83c\udf6b <strong data-start=\"1503\" data-end=\"1535\">Teko\u010da \u010dokolada brez grudic<\/strong><\/p>\n<\/li>\n<li data-start=\"1536\" data-end=\"1602\">\n<p data-start=\"1538\" data-end=\"1602\">\ud83c\udf45 <strong data-start=\"1541\" data-end=\"1602\">Goste, homogene omake (kot so blagi ke\u010dap ali sriracha)<\/strong><\/p>\n<\/li>\n<\/ul>\n<p data-start=\"1604\" data-end=\"1829\"><strong data-start=\"1604\" data-end=\"1618\">Pomembno<\/strong>Za izdelke s trdnimi sledi (kosi sadja, semena, mleti ore\u0161\u010dki ali podobno) je priporo\u010dljiva uporaba lijaka z me\u0161alnikom, da se zagotovi homogeno doziranje in prepre\u010dijo zama\u0161itve.<\/p>\n<p data-start=\"1831\" data-end=\"2178\">Ta model ima <strong data-start=\"1854\" data-end=\"1895\">dvojna \u0161oba za ve\u010djo zmogljivost<\/strong>, kar omogo\u010da hkratno polnjenje dveh posod in doseganje hitrosti do 60 steklenic na minuto. Vklju\u010duje indikator zra\u010dnega tlaka, regulacijo prostornine in hitrosti polnjenja ter lahko deluje v na\u010dinu <strong data-start=\"2116\" data-end=\"2147\">avtomatski ali polavtomatski<\/strong> kot zahteva operater.<\/p>\n<p data-start=\"2180\" data-end=\"2261\">Vklju\u010duje <strong data-start=\"2188\" data-end=\"2208\">CE-certifikat<\/strong>, 2-letna garancija in prilagojena tehni\u010dna podpora.<\/p>\n<hr data-start=\"2263\" data-end=\"2266\" \/>\n<h3 data-start=\"2268\" data-end=\"2297\">Tehni\u010dne specifikacije<\/h3>\n<div class=\"_tableContainer_16hzy_1\">\n<div class=\"_tableWrapper_16hzy_14 group flex w-fit flex-col-reverse\" tabindex=\"-1\">\n<table class=\"w-fit min-w-(--thread-content-width)\" data-start=\"2299\" data-end=\"3941\">\n<thead data-start=\"2299\" data-end=\"2374\">\n<tr data-start=\"2299\" data-end=\"2374\">\n<th data-start=\"2299\" data-end=\"2333\" data-col-size=\"sm\">Funkcija<\/th>\n<th data-start=\"2333\" data-end=\"2374\" data-col-size=\"md\">Podrobnost<\/th>\n<\/tr>\n<\/thead>\n<tbody data-start=\"2451\" data-end=\"3941\">\n<tr data-start=\"2451\" data-end=\"2536\">\n<td data-start=\"2451\" data-end=\"2485\" data-col-size=\"sm\">Vrsta stroja<\/td>\n<td data-col-size=\"md\" data-start=\"2485\" data-end=\"2536\">Stroj za polnjenje in doziranje z visoko viskoznostjo<\/td>\n<\/tr>\n<tr data-start=\"2537\" data-end=\"2636\">\n<td data-start=\"2537\" data-end=\"2571\" data-col-size=\"sm\">Vrsta izdelkov<\/td>\n<td data-col-size=\"md\" data-start=\"2571\" data-end=\"2636\">Goste kreme, marmelade brez ko\u0161\u010dkov, med, homogene omake<\/td>\n<\/tr>\n<tr data-start=\"2637\" data-end=\"2712\">\n<td data-start=\"2637\" data-end=\"2671\" data-col-size=\"sm\">Aplikacije<\/td>\n<td data-col-size=\"md\" data-start=\"2671\" data-end=\"2712\">Hrana, kozmetika, farmacevtski izdelki<\/td>\n<\/tr>\n<tr data-start=\"2713\" data-end=\"2789\">\n<td data-start=\"2713\" data-end=\"2747\" data-col-size=\"sm\">Polnilni sistem<\/td>\n<td data-col-size=\"md\" data-start=\"2747\" data-end=\"2789\">Pnevmatski bat z rotacijskim ventilom<\/td>\n<\/tr>\n<tr data-start=\"2790\" data-end=\"2865\">\n<td data-start=\"2790\" data-end=\"2824\" data-col-size=\"sm\">Natan\u010dnost polnjenja<\/td>\n<td data-col-size=\"md\" data-start=\"2824\" data-end=\"2865\">\u00b11%<\/td>\n<\/tr>\n<tr data-start=\"2866\" data-end=\"2942\">\n<td data-start=\"2866\" data-end=\"2900\" data-col-size=\"sm\">Razpon polnjenja<\/td>\n<td data-col-size=\"md\" data-start=\"2900\" data-end=\"2942\">100 ml \u2013 1000 ml<\/td>\n<\/tr>\n<tr data-start=\"2943\" data-end=\"3017\">\n<td data-start=\"2943\" data-end=\"2976\" data-col-size=\"sm\">Prostornina zalogovnika<\/td>\n<td data-col-size=\"md\" data-start=\"2976\" data-end=\"3017\">50 litrov<\/td>\n<\/tr>\n<tr data-start=\"3018\" data-end=\"3093\">\n<td data-start=\"3018\" data-end=\"3052\" data-col-size=\"sm\">Hitrost proizvodnje<\/td>\n<td data-col-size=\"md\" data-start=\"3052\" data-end=\"3093\">20 \u2013 60 steklenic na minuto<\/td>\n<\/tr>\n<tr data-start=\"3094\" data-end=\"3169\">\n<td data-start=\"3094\" data-end=\"3128\" data-col-size=\"sm\">Polnilna glava<\/td>\n<td data-col-size=\"md\" data-start=\"3128\" data-end=\"3169\">Dvojna \u0161oba s sistemom proti kapljanju<\/td>\n<\/tr>\n<tr data-start=\"3170\" data-end=\"3246\">\n<td data-start=\"3170\" data-end=\"3204\" data-col-size=\"sm\">Napajalnik<\/td>\n<td data-col-size=\"md\" data-start=\"3204\" data-end=\"3246\">220 V<\/td>\n<\/tr>\n<tr data-start=\"3247\" data-end=\"3323\">\n<td data-start=\"3247\" data-end=\"3281\" data-col-size=\"sm\">Delovni tlak<\/td>\n<td data-col-size=\"md\" data-start=\"3281\" data-end=\"3323\">0,4\u20130,9 MPa<\/td>\n<\/tr>\n<tr data-start=\"3324\" data-end=\"3399\">\n<td data-start=\"3324\" data-end=\"3358\" data-col-size=\"sm\">Material v stiku<\/td>\n<td data-col-size=\"md\" data-start=\"3358\" data-end=\"3399\">Nerjave\u010de jeklo \u017eivilske kakovosti<\/td>\n<\/tr>\n<tr data-start=\"3400\" data-end=\"3475\">\n<td data-start=\"3400\" data-end=\"3434\" data-col-size=\"sm\">Splo\u0161no gradivo<\/td>\n<td data-col-size=\"md\" data-start=\"3434\" data-end=\"3475\">Nerjave\u010de jeklo 304\/316<\/td>\n<\/tr>\n<tr data-start=\"3476\" data-end=\"3551\">\n<td data-start=\"3476\" data-end=\"3510\" data-col-size=\"sm\">Na\u010dini delovanja<\/td>\n<td data-col-size=\"md\" data-start=\"3510\" data-end=\"3551\">Polavtomatsko \/ avtomatsko<\/td>\n<\/tr>\n<tr data-start=\"3552\" data-end=\"3634\">\n<td data-start=\"3552\" data-end=\"3586\" data-col-size=\"sm\">Kazalniki in krmilniki<\/td>\n<td data-col-size=\"md\" data-start=\"3586\" data-end=\"3634\">Manometer, regulacija volumna in hitrosti<\/td>\n<\/tr>\n<tr data-start=\"3635\" data-end=\"3710\">\n<td data-start=\"3635\" data-end=\"3669\" data-col-size=\"sm\">\u010ci\u0161\u010denje in vzdr\u017eevanje<\/td>\n<td data-col-size=\"md\" data-start=\"3669\" data-end=\"3710\">Enostavna demonta\u017ea in \u010di\u0161\u010denje<\/td>\n<\/tr>\n<tr data-start=\"3711\" data-end=\"3787\">\n<td data-start=\"3711\" data-end=\"3745\" data-col-size=\"sm\">Certificiranje<\/td>\n<td data-col-size=\"md\" data-start=\"3745\" data-end=\"3787\">ES<\/td>\n<\/tr>\n<tr data-start=\"3788\" data-end=\"3864\">\n<td data-start=\"3788\" data-end=\"3822\" data-col-size=\"sm\">Garancija<\/td>\n<td data-col-size=\"md\" data-start=\"3822\" data-end=\"3864\">2 leti<\/td>\n<\/tr>\n<tr data-start=\"3865\" data-end=\"3941\">\n<td data-start=\"3865\" data-end=\"3899\" data-col-size=\"sm\">Tehni\u010dna podpora<\/td>\n<td data-col-size=\"md\" data-start=\"3899\" data-end=\"3941\">Vklju\u010dno z<\/td>\n<\/tr>\n<\/tbody>\n<\/table>\n<div class=\"sticky end-(--thread-content-margin) h-0 self-end select-none\">\n<div class=\"absolute end-0 flex items-end\"><\/div>\n<\/div>\n<\/div>\n<\/div>","protected":false},"excerpt":{"rendered":"<h2>Dozator, Stekleni\u010denje, z me\u0161alnikom in dvojnim polnilom 100 ml? 1000 ml<\/h2>\n<p><strong>Stroj za polnjenje teko\u010din<\/strong> visoko viskozen polavtomatski, gnan s pnevmatskim batom, izdelan iz vrhunskih materialov. Opremljen s petimi ventili, ki nadzorujejo pretok izdelkov, ima tudi dvojni dozirnik za hitrej\u0161e in u\u010dinkovitej\u0161e polnjenje. Vrhunsko oblikovana struktura in vsi modeli so enostavni za upravljanje. Uporabljene pnevmatske komponente so izdelane v Nem\u010diji in Tajvanu. Vsi uporabljeni kontaktni materiali so iz nerjave\u010dega jekla 316 v skladu z zahtevami GMP. Koli\u010dino in hitrost polnjenja je mogo\u010de regulirati z veliko natan\u010dnostjo.<\/p>\n<p>&nbsp;<\/p>","protected":false},"featured_media":3612,"comment_status":"open","ping_status":"closed","template":"","meta":{"wds_primary_product_brand":0,"wds_primary_product_cat":0},"product_brand":[],"product_cat":[18,20,321,21],"product_tag":[],"class_list":{"0":"post-3604","1":"product","2":"type-product","3":"status-publish","4":"has-post-thumbnail","6":"product_cat-dosificadoras","7":"product_cat-dosificadoras-de-pastosos","8":"product_cat-llenadoras-de-piston","9":"product_cat-maquinas-llenadoras","10":"product_shipping_class-express","12":"first","13":"instock","14":"sale","15":"taxable","16":"shipping-taxable","17":"purchasable","18":"product-type-simple"},"yoast_head":"<!-- This site is optimized with the Yoast SEO Premium plugin v24.9 (Yoast SEO v26.1) - https:\/\/yoast.com\/wordpress\/plugins\/seo\/ -->\n<title>Dosificadora, Embotelladora, con batidor y doble llenador 100 ml ? 1000 ml - distribuci\u00f3n ARC<\/title>\n<meta name=\"robots\" content=\"index, follow, max-snippet:-1, max-image-preview:large, max-video-preview:-1\" \/>\n<link rel=\"canonical\" href=\"https:\/\/www.distribucionarc.com\/producto\/dosificadora-embotelladora-con-batidor-y-doble-llenador-100-ml-\ud83d\udd1b-1000-ml\/\" \/>\n<meta property=\"og:locale\" content=\"sl_SI\" \/>\n<meta property=\"og:type\" content=\"article\" \/>\n<meta property=\"og:title\" content=\"Dosificadora, Embotelladora, con batidor y doble llenador 100 ml ? 1000 ml\" \/>\n<meta property=\"og:description\" content=\"Dosificadora, Embotelladora, con batidor y doble llenador 100 ml ? 1000 ml M\u00e1quina para llenado de l\u00edquidos muy viscosos semiautom\u00e1tica, impulsada por un pist\u00f3n neum\u00e1tico, fabricada con materiales de primera calidad. Equipada con cinco v\u00e1lvulas que controlan el flujo de los productos adem\u00e1s, cuenta con doble dosificador para un llenado m\u00e1s eficaz y r\u00e1pido. Estructura con dise\u00f1o superior y todos los modelos son f\u00e1ciles de operar. Los componentes neum\u00e1ticos utilizados son hechos en Alemania y Taiwan. Todos los materiales de contacto utilizados, son de acero inoxidable 316 de acuerdo con los requisitos de GMP. La cantidad de volumen y la velocidad de llenado pueden ser regulados con una gran precisi\u00f3n.  &nbsp;\" \/>\n<meta property=\"og:url\" content=\"https:\/\/www.distribucionarc.com\/producto\/dosificadora-embotelladora-con-batidor-y-doble-llenador-100-ml-\ud83d\udd1b-1000-ml\/\" \/>\n<meta property=\"og:site_name\" content=\"distribuci\u00f3n ARC\" \/>\n<meta property=\"article:modified_time\" content=\"2025-05-08T20:19:18+00:00\" \/>\n<meta property=\"og:image\" content=\"https:\/\/www.distribucionarc.com\/wp-content\/uploads\/2020\/10\/Dosificadora-Embotelladora-con-batidor-y-doble-llenador-100-ml-1000-ml-0.jpg\" \/>\n\t<meta property=\"og:image:width\" content=\"1600\" \/>\n\t<meta property=\"og:image:height\" content=\"1600\" \/>\n\t<meta property=\"og:image:type\" content=\"image\/jpeg\" \/>\n<meta name=\"twitter:card\" content=\"summary_large_image\" \/>\n<meta name=\"twitter:label1\" content=\"Est. reading time\" \/>\n\t<meta name=\"twitter:data1\" content=\"2 minuti\" \/>\n<script type=\"application\/ld+json\" class=\"yoast-schema-graph\">{\"@context\":\"https:\/\/schema.org\",\"@graph\":[{\"@type\":\"WebPage\",\"@id\":\"https:\/\/www.distribucionarc.com\/producto\/dosificadora-embotelladora-con-batidor-y-doble-llenador-100-ml-%f0%9f%94%9b-1000-ml\/\",\"url\":\"https:\/\/www.distribucionarc.com\/producto\/dosificadora-embotelladora-con-batidor-y-doble-llenador-100-ml-%f0%9f%94%9b-1000-ml\/\",\"name\":\"Dosificadora, Embotelladora, con batidor y doble llenador 100 ml ? 1000 ml - distribuci\u00f3n ARC\",\"isPartOf\":{\"@id\":\"https:\/\/www.distribucionarc.com\/sl\/#website\"},\"primaryImageOfPage\":{\"@id\":\"https:\/\/www.distribucionarc.com\/producto\/dosificadora-embotelladora-con-batidor-y-doble-llenador-100-ml-%f0%9f%94%9b-1000-ml\/#primaryimage\"},\"image\":{\"@id\":\"https:\/\/www.distribucionarc.com\/producto\/dosificadora-embotelladora-con-batidor-y-doble-llenador-100-ml-%f0%9f%94%9b-1000-ml\/#primaryimage\"},\"thumbnailUrl\":\"https:\/\/distribucionarc.com\/wp-content\/uploads\/2020\/10\/Dosificadora-Embotelladora-con-batidor-y-doble-llenador-100-ml-1000-ml-0.jpg\",\"datePublished\":\"2020-10-05T14:10:27+00:00\",\"dateModified\":\"2025-05-08T20:19:18+00:00\",\"breadcrumb\":{\"@id\":\"https:\/\/www.distribucionarc.com\/producto\/dosificadora-embotelladora-con-batidor-y-doble-llenador-100-ml-%f0%9f%94%9b-1000-ml\/#breadcrumb\"},\"inLanguage\":\"sl-SI\",\"potentialAction\":[{\"@type\":\"ReadAction\",\"target\":[\"https:\/\/www.distribucionarc.com\/producto\/dosificadora-embotelladora-con-batidor-y-doble-llenador-100-ml-%f0%9f%94%9b-1000-ml\/\"]}]},{\"@type\":\"ImageObject\",\"inLanguage\":\"sl-SI\",\"@id\":\"https:\/\/www.distribucionarc.com\/producto\/dosificadora-embotelladora-con-batidor-y-doble-llenador-100-ml-%f0%9f%94%9b-1000-ml\/#primaryimage\",\"url\":\"https:\/\/distribucionarc.com\/wp-content\/uploads\/2020\/10\/Dosificadora-Embotelladora-con-batidor-y-doble-llenador-100-ml-1000-ml-0.jpg\",\"contentUrl\":\"https:\/\/distribucionarc.com\/wp-content\/uploads\/2020\/10\/Dosificadora-Embotelladora-con-batidor-y-doble-llenador-100-ml-1000-ml-0.jpg\",\"width\":1600,\"height\":1600,\"caption\":\"Dosificadora, Embotelladora, con batidor y doble llenador 100 ml 1000 ml\"},{\"@type\":\"BreadcrumbList\",\"@id\":\"https:\/\/www.distribucionarc.com\/producto\/dosificadora-embotelladora-con-batidor-y-doble-llenador-100-ml-%f0%9f%94%9b-1000-ml\/#breadcrumb\",\"itemListElement\":[{\"@type\":\"ListItem\",\"position\":1,\"name\":\"Portada\",\"item\":\"https:\/\/www.distribucionarc.com\/\"},{\"@type\":\"ListItem\",\"position\":2,\"name\":\"\u00dcr\u00fcnler\",\"item\":\"https:\/\/www.distribucionarc.com\/tr\/magaza\/\"},{\"@type\":\"ListItem\",\"position\":3,\"name\":\"Dosificadora, Embotelladora, con batidor y doble llenador 100 ml ? 1000 ml\"}]},{\"@type\":\"WebSite\",\"@id\":\"https:\/\/www.distribucionarc.com\/sl\/#website\",\"url\":\"https:\/\/www.distribucionarc.com\/sl\/\",\"name\":\"distribuci\u00f3n ARC\",\"description\":\"Empresa especializada en la fabricaci\u00f3n y distribuci\u00f3n de maquinaria industrial, selladoras de latas, Maquinas de hacer pastillas, Maquinas de cortar carne...\",\"publisher\":{\"@id\":\"https:\/\/www.distribucionarc.com\/sl\/#organization\"},\"potentialAction\":[{\"@type\":\"SearchAction\",\"target\":{\"@type\":\"EntryPoint\",\"urlTemplate\":\"https:\/\/www.distribucionarc.com\/sl\/?s={search_term_string}\"},\"query-input\":{\"@type\":\"PropertyValueSpecification\",\"valueRequired\":true,\"valueName\":\"search_term_string\"}}],\"inLanguage\":\"sl-SI\"},{\"@type\":\"Organization\",\"@id\":\"https:\/\/www.distribucionarc.com\/sl\/#organization\",\"name\":\"Distribuci\u00f3n ARC\",\"url\":\"https:\/\/www.distribucionarc.com\/sl\/\",\"logo\":{\"@type\":\"ImageObject\",\"inLanguage\":\"sl-SI\",\"@id\":\"https:\/\/www.distribucionarc.com\/sl\/#\/schema\/logo\/image\/\",\"url\":\"https:\/\/distribucionarc.com\/wp-content\/uploads\/2024\/10\/distribucion-ARC-COLOR-SIN-FONDO-e1732295305345.png\",\"contentUrl\":\"https:\/\/distribucionarc.com\/wp-content\/uploads\/2024\/10\/distribucion-ARC-COLOR-SIN-FONDO-e1732295305345.png\",\"width\":1164,\"height\":558,\"caption\":\"Distribuci\u00f3n ARC\"},\"image\":{\"@id\":\"https:\/\/www.distribucionarc.com\/sl\/#\/schema\/logo\/image\/\"},\"description\":\"Empresa especializada en la fabricaci\u00f3n y distribuci\u00f3n de maquinaria industrial para los sectores alimentario y farmac\u00e9utico. Nos especializamos en: M\u00e1quinas de cortar carne Fabricaci\u00f3n de comprimidos Sistemas de transporte industrial L\u00edneas de embotellado Dosificadores Y mucho m\u00e1s... Ofrecemos soluciones innovadoras y personalizadas para optimizar los procesos productivos de tu empresa.\",\"email\":\"Admistracion@distribucionarc.com\",\"telephone\":\"+34 643496664\",\"legalName\":\"ARC TECH SOLUTIONS\",\"foundingDate\":\"2024-04-09\",\"vatID\":\"B55480172\",\"numberOfEmployees\":{\"@type\":\"QuantitativeValue\",\"minValue\":\"1\",\"maxValue\":\"10\"}}]}<\/script>\n<!-- \/ Yoast SEO Premium plugin. -->","yoast_head_json":{"title":"Doziranje, polnjenje, z me\u0161alnikom in dvojnim polnilom 100 ml? 1000 ml - distribucija ARC","robots":{"index":"index","follow":"follow","max-snippet":"max-snippet:-1","max-image-preview":"max-image-preview:large","max-video-preview":"max-video-preview:-1"},"canonical":"https:\/\/www.distribucionarc.com\/producto\/dosificadora-embotelladora-con-batidor-y-doble-llenador-100-ml-\ud83d\udd1b-1000-ml\/","og_locale":"sl_SI","og_type":"article","og_title":"Dosificadora, Embotelladora, con batidor y doble llenador 100 ml ? 1000 ml","og_description":"Dosificadora, Embotelladora, con batidor y doble llenador 100 ml ? 1000 ml M\u00e1quina para llenado de l\u00edquidos muy viscosos semiautom\u00e1tica, impulsada por un pist\u00f3n neum\u00e1tico, fabricada con materiales de primera calidad. Equipada con cinco v\u00e1lvulas que controlan el flujo de los productos adem\u00e1s, cuenta con doble dosificador para un llenado m\u00e1s eficaz y r\u00e1pido. Estructura con dise\u00f1o superior y todos los modelos son f\u00e1ciles de operar. Los componentes neum\u00e1ticos utilizados son hechos en Alemania y Taiwan. Todos los materiales de contacto utilizados, son de acero inoxidable 316 de acuerdo con los requisitos de GMP. La cantidad de volumen y la velocidad de llenado pueden ser regulados con una gran precisi\u00f3n.  &nbsp;","og_url":"https:\/\/www.distribucionarc.com\/producto\/dosificadora-embotelladora-con-batidor-y-doble-llenador-100-ml-\ud83d\udd1b-1000-ml\/","og_site_name":"distribuci\u00f3n ARC","article_modified_time":"2025-05-08T20:19:18+00:00","og_image":[{"width":1600,"height":1600,"url":"https:\/\/www.distribucionarc.com\/wp-content\/uploads\/2020\/10\/Dosificadora-Embotelladora-con-batidor-y-doble-llenador-100-ml-1000-ml-0.jpg","type":"image\/jpeg"}],"twitter_card":"summary_large_image","twitter_misc":{"Est. reading time":"2 minuti"},"schema":{"@context":"https:\/\/schema.org","@graph":[{"@type":"WebPage","@id":"https:\/\/www.distribucionarc.com\/producto\/dosificadora-embotelladora-con-batidor-y-doble-llenador-100-ml-%f0%9f%94%9b-1000-ml\/","url":"https:\/\/www.distribucionarc.com\/producto\/dosificadora-embotelladora-con-batidor-y-doble-llenador-100-ml-%f0%9f%94%9b-1000-ml\/","name":"Doziranje, polnjenje, z me\u0161alnikom in dvojnim polnilom 100 ml? 1000 ml - distribucija ARC","isPartOf":{"@id":"https:\/\/www.distribucionarc.com\/sl\/#website"},"primaryImageOfPage":{"@id":"https:\/\/www.distribucionarc.com\/producto\/dosificadora-embotelladora-con-batidor-y-doble-llenador-100-ml-%f0%9f%94%9b-1000-ml\/#primaryimage"},"image":{"@id":"https:\/\/www.distribucionarc.com\/producto\/dosificadora-embotelladora-con-batidor-y-doble-llenador-100-ml-%f0%9f%94%9b-1000-ml\/#primaryimage"},"thumbnailUrl":"https:\/\/distribucionarc.com\/wp-content\/uploads\/2020\/10\/Dosificadora-Embotelladora-con-batidor-y-doble-llenador-100-ml-1000-ml-0.jpg","datePublished":"2020-10-05T14:10:27+00:00","dateModified":"2025-05-08T20:19:18+00:00","breadcrumb":{"@id":"https:\/\/www.distribucionarc.com\/producto\/dosificadora-embotelladora-con-batidor-y-doble-llenador-100-ml-%f0%9f%94%9b-1000-ml\/#breadcrumb"},"inLanguage":"sl-SI","potentialAction":[{"@type":"ReadAction","target":["https:\/\/www.distribucionarc.com\/producto\/dosificadora-embotelladora-con-batidor-y-doble-llenador-100-ml-%f0%9f%94%9b-1000-ml\/"]}]},{"@type":"ImageObject","inLanguage":"sl-SI","@id":"https:\/\/www.distribucionarc.com\/producto\/dosificadora-embotelladora-con-batidor-y-doble-llenador-100-ml-%f0%9f%94%9b-1000-ml\/#primaryimage","url":"https:\/\/distribucionarc.com\/wp-content\/uploads\/2020\/10\/Dosificadora-Embotelladora-con-batidor-y-doble-llenador-100-ml-1000-ml-0.jpg","contentUrl":"https:\/\/distribucionarc.com\/wp-content\/uploads\/2020\/10\/Dosificadora-Embotelladora-con-batidor-y-doble-llenador-100-ml-1000-ml-0.jpg","width":1600,"height":1600,"caption":"Dosificadora, Embotelladora, con batidor y doble llenador 100 ml 1000 ml"},{"@type":"BreadcrumbList","@id":"https:\/\/www.distribucionarc.com\/producto\/dosificadora-embotelladora-con-batidor-y-doble-llenador-100-ml-%f0%9f%94%9b-1000-ml\/#breadcrumb","itemListElement":[{"@type":"ListItem","position":1,"name":"Portada","item":"https:\/\/www.distribucionarc.com\/"},{"@type":"ListItem","position":2,"name":"\u00dcr\u00fcnler","item":"https:\/\/www.distribucionarc.com\/tr\/magaza\/"},{"@type":"ListItem","position":3,"name":"Dosificadora, Embotelladora, con batidor y doble llenador 100 ml ? 1000 ml"}]},{"@type":"WebSite","@id":"https:\/\/www.distribucionarc.com\/sl\/#website","url":"https:\/\/www.distribucionarc.com\/sl\/","name":"ARC porazdelitev","description":"Podjetje je specializirano za proizvodnjo in distribucijo industrijskih strojev, strojev za zapiranje plo\u010devink, strojev za izdelavo tablet, strojev za rezanje mesa...","publisher":{"@id":"https:\/\/www.distribucionarc.com\/sl\/#organization"},"potentialAction":[{"@type":"SearchAction","target":{"@type":"EntryPoint","urlTemplate":"https:\/\/www.distribucionarc.com\/sl\/?s={search_term_string}"},"query-input":{"@type":"PropertyValueSpecification","valueRequired":true,"valueName":"search_term_string"}}],"inLanguage":"sl-SI"},{"@type":"Organization","@id":"https:\/\/www.distribucionarc.com\/sl\/#organization","name":"Distribucija ARC","url":"https:\/\/www.distribucionarc.com\/sl\/","logo":{"@type":"ImageObject","inLanguage":"sl-SI","@id":"https:\/\/www.distribucionarc.com\/sl\/#\/schema\/logo\/image\/","url":"https:\/\/distribucionarc.com\/wp-content\/uploads\/2024\/10\/distribucion-ARC-COLOR-SIN-FONDO-e1732295305345.png","contentUrl":"https:\/\/distribucionarc.com\/wp-content\/uploads\/2024\/10\/distribucion-ARC-COLOR-SIN-FONDO-e1732295305345.png","width":1164,"height":558,"caption":"Distribuci\u00f3n ARC"},"image":{"@id":"https:\/\/www.distribucionarc.com\/sl\/#\/schema\/logo\/image\/"},"description":"Podjetje, specializirano za proizvodnjo in distribucijo industrijskih strojev za \u017eivilski in farmacevtski sektor. Specializirani smo za: Stroji za rezanje mesa Proizvodnja tablet Industrijski transportni sistemi Stekleni\u010darske linije Dozirni stroji In \u0161e veliko ve\u010d... Ponujamo inovativne in prilagojene re\u0161itve za optimizacijo proizvodnih procesov va\u0161ega podjetja.","email":"Admistracion@distribucionarc.com","telephone":"+34 643496664","legalName":"ARC TECH SOLUTIONS","foundingDate":"2024-04-09","vatID":"B55480172","numberOfEmployees":{"@type":"QuantitativeValue","minValue":"1","maxValue":"10"}}]}},"_links":{"self":[{"href":"https:\/\/distribucionarc.com\/sl\/wp-json\/wp\/v2\/product\/3604","targetHints":{"allow":["GET"]}}],"collection":[{"href":"https:\/\/distribucionarc.com\/sl\/wp-json\/wp\/v2\/product"}],"about":[{"href":"https:\/\/distribucionarc.com\/sl\/wp-json\/wp\/v2\/types\/product"}],"replies":[{"embeddable":true,"href":"https:\/\/distribucionarc.com\/sl\/wp-json\/wp\/v2\/comments?post=3604"}],"version-history":[{"count":3,"href":"https:\/\/distribucionarc.com\/sl\/wp-json\/wp\/v2\/product\/3604\/revisions"}],"predecessor-version":[{"id":17467,"href":"https:\/\/distribucionarc.com\/sl\/wp-json\/wp\/v2\/product\/3604\/revisions\/17467"}],"wp:featuredmedia":[{"embeddable":true,"href":"https:\/\/distribucionarc.com\/sl\/wp-json\/wp\/v2\/media\/3612"}],"wp:attachment":[{"href":"https:\/\/distribucionarc.com\/sl\/wp-json\/wp\/v2\/media?parent=3604"}],"wp:term":[{"taxonomy":"product_brand","embeddable":true,"href":"https:\/\/distribucionarc.com\/sl\/wp-json\/wp\/v2\/product_brand?post=3604"},{"taxonomy":"product_cat","embeddable":true,"href":"https:\/\/distribucionarc.com\/sl\/wp-json\/wp\/v2\/product_cat?post=3604"},{"taxonomy":"product_tag","embeddable":true,"href":"https:\/\/distribucionarc.com\/sl\/wp-json\/wp\/v2\/product_tag?post=3604"}],"curies":[{"name":"delovni list","href":"https:\/\/api.w.org\/{rel}","templated":true}]}}